{"id":6432,"date":"2025-11-21T11:05:21","date_gmt":"2025-11-21T11:05:21","guid":{"rendered":"https:\/\/chemgramx.com\/?post_type=product&#038;p=6432"},"modified":"2025-11-21T11:06:32","modified_gmt":"2025-11-21T11:06:32","slug":"comprar-4-pellets-ho-met-21mg","status":"publish","type":"product","link":"https:\/\/chemgramx.com\/es\/product\/4-ho-met-21mg-pellets-kaufen\/","title":{"rendered":"Comprar 4-HO-MET 21mg pellets"},"content":{"rendered":"<p>La validez de los experimentos cient\u00edficos depende en gran medida de la dosificaci\u00f3n precisa del material utilizado. Nuestro sitio <b>4-HO-MET 21mg gr\u00e1nulos<\/b> se han dise\u00f1ado como una forma de dosificaci\u00f3n especializada para satisfacer los m\u00e1s altos requisitos de estandarizaci\u00f3n y consistencia en entornos de laboratorio exigentes. Esta formulaci\u00f3n proporciona una cantidad exactamente dosificada y f\u00e1cil de manejar del derivado triptamina <b>4-Hidroxi-N-metil-N-etiltriptamina<\/b> (Metocin).<\/p>\n<p>La forma de microgranulado est\u00e1 dise\u00f1ada para minimizar las imprecisiones inherentes al pesaje manual de peque\u00f1as cantidades de polvo. Cada gr\u00e1nulo garantiza una dosis precisa de <b>21 miligramos (mg)<\/b> con una tolerancia de medici\u00f3n de <b><span class=\"math-inline\" data-math=\"mathbf{pm 1mg}\">1mg<\/span><\/b>, que es un requisito previo fundamental para la reproducibilidad de los experimentos cuantitativos.<\/p>\n<p><b>Restricci\u00f3n estricta:<\/b> Este material es <b>exclusivamente<\/b> destinado a ser utilizado por personal cualificado en laboratorios de investigaci\u00f3n autorizados. Cualquier uso fuera de este marco cient\u00edfico, en particular el consumo por seres humanos, est\u00e1 estrictamente prohibido y contradice nuestras condiciones de entrega.<\/p>\n<h2>Especificaciones anal\u00edticas y garant\u00eda de calidad de los gr\u00e1nulos<\/h2>\n<p>La pureza qu\u00edmica y la consistencia de los gr\u00e1nulos de 4-HO-MET est\u00e1n aseguradas por rigurosos procedimientos de prueba para garantizar la integridad de su investigaci\u00f3n.<\/p>\n<h3>Especificaciones detalladas del material de investigaci\u00f3n<\/h3>\n<p>Los gr\u00e1nulos se caracterizan por las siguientes propiedades clave, que los convierten en un reactivo ideal para estudios cient\u00edficos:<\/p>\n<ul>\n<li><b>Sustancia:<\/b> La conexi\u00f3n activa es <b>4-Hidroxi-N-metil-N-etiltriptamina<\/b> (Metocin). Este derivado de la triptamina se utiliza en investigaci\u00f3n para estudiar los sistemas de serotonina.<\/li>\n<li><b>Forma farmac\u00e9utica:<\/b> <b>Pellets microtableted<\/b>. Esta forma s\u00f3lida ofrece una mejor manipulaci\u00f3n y estabilidad qu\u00edmica en comparaci\u00f3n con la forma en polvo puro.<\/li>\n<li><b>Dosificaci\u00f3n:<\/b> Exacto <b>21 mg<\/b> por gr\u00e1nulo, con una tolerancia m\u00ednima de <b><span class=\"math-inline\" data-math=\"mathbf{pm 1mg}\">pm 1mg<\/span><\/b>. La alta precisi\u00f3n de la dosis es esencial para los estudios de dosificaci\u00f3n.<\/li>\n<li><b>Pureza:<\/b> La pureza qu\u00edmica de la sustancia activa es <b><span class=\"math-inline\" data-math=\"ge 97%\">\u00a097%<\/span><\/b>, que se consigui\u00f3 mediante <a href=\"\/product\/1d-lsd-150mcg-blotters-kaufen\/\"><b>An\u00e1lisis por HPLC<\/b><\/a> (cromatograf\u00eda l\u00edquida de alto rendimiento).<\/li>\n<li><b>Estabilidad:<\/b> Si se respetan las condiciones de almacenamiento recomendadas, la formulaci\u00f3n es <b>Estabilidad a largo plazo<\/b>.<\/li>\n<\/ul>\n<h3>Funciones integrales de calidad y control de lotes<\/h3>\n<p>La garant\u00eda de calidad es un proceso de varias etapas que va m\u00e1s all\u00e1 de la pura medici\u00f3n de la pureza:<\/p>\n<ul>\n<li><b>Dosificaci\u00f3n precisa:<\/b> El proceso de fabricaci\u00f3n garantiza <b>Distribuci\u00f3n uniforme de los principios activos<\/b> (homogeneidad) dentro de la matriz de pellets, lo que minimiza la varianza entre muestras individuales.<\/li>\n<li><b>Documentaci\u00f3n anal\u00edtica:<\/b> Cada lote se etiqueta con un <b>certificado de an\u00e1lisis (CdA) completo<\/b> lo que confirma los datos anal\u00edticos de identidad y pureza.<\/li>\n<li><b>Consistencia de los lotes:<\/b> Gracias a protocolos de producci\u00f3n estandarizados, garantizamos <b>Calidad reproducible<\/b> que es esencial para comparar datos de series de pruebas m\u00e1s largas.<\/li>\n<li><b>Datos de estabilidad:<\/b> Habr\u00e1 <b>Fechas de caducidad documentadas<\/b> que se utilizan para optimizar la estabilidad del material para <b>al menos 18 meses<\/b> cuando se almacena correctamente.<\/li>\n<\/ul>\n<h2>Aplicaciones de la investigaci\u00f3n en neurofarmacolog\u00eda<\/h2>\n<p>La forma de pellets estandarizados de 4-HO-MET es especialmente \u00fatil para an\u00e1lisis cuantitativos y estudios farmacol\u00f3gicos que requieren una dosificaci\u00f3n exacta y predefinida.<\/p>\n<h3>Posibles \u00e1mbitos de aplicaci\u00f3n en la investigaci\u00f3n de laboratorio<\/h3>\n<p>El material se utiliza como reactivo en diversas disciplinas cient\u00edficas, sobre todo en la investigaci\u00f3n precl\u00ednica y anal\u00edtica:<\/p>\n<ul>\n<li><b>Estudios de dosificaci\u00f3n:<\/b> La aplicaci\u00f3n precisa de principios activos permite comparar con exactitud <b>Relaciones dosis-respuesta<\/b> en <b>Sistemas in vitro<\/b> o en modelos precl\u00ednicos, lo que elimina la tasa de error causada por la dosificaci\u00f3n manual.<\/li>\n<li><b>Investigaci\u00f3n sobre la estabilidad:<\/b> Los gr\u00e1nulos son adecuados para realizar <b>Pruebas de caducidad<\/b> en diversas condiciones clim\u00e1ticas controladas. Estos estudios son importantes para el desarrollo de protocolos \u00f3ptimos de almacenamiento de derivados de la hidroxitriptamina.<\/li>\n<li><b>An\u00e1lisis comparativos:<\/b> 4-HO-MET sirve como <b>patr\u00f3n de referencia anal\u00edtico<\/b> para la validaci\u00f3n de nuevos m\u00e9todos de detecci\u00f3n en cromatograf\u00eda (por ejemplo, LC-MS\/MS) y espectrometr\u00eda, especialmente en comparaci\u00f3n con otros derivados de la triptamina.<\/li>\n<li><b>Propiedades del material:<\/b> Los gr\u00e1nulos pueden utilizarse para analizar la <b>caracterizaci\u00f3n f\u00edsica<\/b> de la propia formulaci\u00f3n, incluido el comportamiento de la matriz y los mecanismos de liberaci\u00f3n del principio activo.<\/li>\n<\/ul>\n<h2>Estrictos protocolos de seguridad y cumplimiento de la normativa<\/h2>\n<p>La manipulaci\u00f3n de este potente material de investigaci\u00f3n exige protocolos de seguridad inflexibles y el estricto cumplimiento de todas las leyes.<\/p>\n<h3>Precauciones importantes en el laboratorio<\/h3>\n<p>Las siguientes medidas son obligatorias para proteger al personal del laboratorio y garantizar la integridad experimental:<\/p>\n<ul>\n<li><b>Exclusivamente con fines de investigaci\u00f3n:<\/b> El material puede <b>Ning\u00fan otro uso<\/b> que las que tienen lugar en la investigaci\u00f3n.<\/li>\n<li><b>Condiciones de laboratorio:<\/b> La manipulaci\u00f3n debe ser <b>exclusivamente<\/b> en centros debidamente equipados y <b>Conforme a las BPL<\/b> (Buenas Pr\u00e1cticas de Laboratorio).<\/li>\n<li><b>Equipo de protecci\u00f3n individual (EPI):<\/b> El personal debe llevar en todo momento ropa de protecci\u00f3n adecuada, consistente en <b>Bata de laboratorio, gafas de seguridad y guantes<\/b>, para llevar.<\/li>\n<li><b>Cumplimiento legal:<\/b> El comprador est\u00e1 obligado a cumplir todas <b>leyes locales, estatales y nacionales<\/b> sobre la posesi\u00f3n y el uso de este producto qu\u00edmico de investigaci\u00f3n.<\/li>\n<\/ul>\n<h2>Recomendaciones para el almacenamiento y la manipulaci\u00f3n \u00f3ptimos<\/h2>\n<p>La estabilidad de la 4-HO-MET requiere condiciones controladas y fr\u00edas para garantizar su pureza durante toda su vida \u00fatil.<\/p>\n<h3>Condiciones \u00f3ptimas de almacenamiento a largo plazo<\/h3>\n<ul>\n<li><b>Control de temperatura:<\/b> La temperatura \u00f3ptima de almacenamiento es <b><span class=\"math-inline\" data-math=\"mathbf{2-8^circ C}\">2-8 C<\/span>\u00a0(Frigor\u00edfico)<\/b>, para ralentizar las reacciones qu\u00edmicas de descomposici\u00f3n.<\/li>\n<li><b>Protecci\u00f3n contra la humedad:<\/b> El entorno debe <b>seco<\/b> ser (idealmente <b>&lt;60% humedad relativa<\/b>) para garantizar la estabilidad qu\u00edmica.<\/li>\n<li><b>Protecci\u00f3n contra la luz:<\/b> Los gr\u00e1nulos deben <b>de la luz solar directa<\/b> protegido y a oscuras, <b>recipientes opacos<\/b> almacenarse.<\/li>\n<li><b>Embalaje:<\/b> En <b>Embalaje original<\/b> debe permanecer bien cerrado e intacto.<\/li>\n<\/ul>\n<h2>Requisitos reglamentarios e informaci\u00f3n para pedidos<\/h2>\n<p>La distribuci\u00f3n de estos materiales especializados de investigaci\u00f3n est\u00e1 restringida a instituciones cient\u00edficas verificadas que cumplan requisitos estrictos.<\/p>\n<h3>Cantidades disponibles para instituciones de investigaci\u00f3n<\/h3>\n<p>Las cantidades se escalonan para cumplir los distintos requisitos anal\u00edticos y experimentales:<\/p>\n<ul>\n<li>Envase peque\u00f1o: 10 gr\u00e1nulos<\/li>\n<li>Envase est\u00e1ndar: 25 gr\u00e1nulos<\/li>\n<li>Envase a granel: 100 gr\u00e1nulos<\/li>\n<li>Investigaci\u00f3n a granel: 250 gr\u00e1nulos<\/li>\n<\/ul>\n<h3>Requisitos obligatorios de las \u00f3rdenes<\/h3>\n<p>Las siguientes pruebas son obligatorias antes de realizar el pedido:<\/p>\n<ol start=\"1\">\n<li><b>Instituci\u00f3n de investigaci\u00f3n:<\/b> Presentaci\u00f3n de un justificante oficial de la instituci\u00f3n.<\/li>\n<li><b>Uso previsto:<\/b> Una descripci\u00f3n cient\u00edfica del proyecto de investigaci\u00f3n.<\/li>\n<li><b>Conocimientos de seguridad:<\/b> Una confirmaci\u00f3n de conocimiento y cumplimiento de la Hoja de Datos de Seguridad del Material (MSDS).<\/li>\n<\/ol>\n<h2>Informaci\u00f3n importante y preguntas frecuentes para investigadores<\/h2>\n<p>Aqu\u00ed encontrar\u00e1 respuestas a las preguntas m\u00e1s frecuentes sobre el manejo del producto:<\/p>\n<ul>\n<li><strong>P: \u00bfLos gr\u00e1nulos son aptos para el consumo humano?<\/strong>R: No, exclusivamente con fines de investigaci\u00f3n en entornos de laboratorio.<\/li>\n<li><strong>P: \u00bfQu\u00e9 datos de an\u00e1lisis se facilitan?<\/strong>R: An\u00e1lisis completos por HPLC y documentaci\u00f3n de lotes.<\/li>\n<li><strong>P: \u00bfCu\u00e1l es la vida \u00fatil de los gr\u00e1nulos?<\/strong>R: Al menos 18 meses si se conserva correctamente (2-8\u00b0C).<\/li>\n<li><strong>P: \u00bfNecesito autorizaciones especiales?<\/strong>R: Las organizaciones de investigaci\u00f3n deben cumplir la normativa local.<\/li>\n<li><strong>P: \u00bfEs discreto el env\u00edo?<\/strong>R: S\u00ed, en envase neutro de laboratorio sin instrucciones.<\/li>\n<\/ul>\n<h2>Aviso jur\u00eddico - Cumplimiento estricto<\/h2>\n<p>Este producto es <b>exclusivamente con fines de investigaci\u00f3n cient\u00edfica<\/b> determinado. Al realizar la compra, el comprador confirma irrevocablemente el uso s\u00f3lo en <b>entornos de investigaci\u00f3n jur\u00eddica<\/b>que <b>Cumplimiento de todas las leyes y reglamentos aplicables<\/b>que <b>Aplicaci\u00f3n de medidas de seguridad adecuadas<\/b> y el <b>Prohibici\u00f3n de uso no autorizado<\/b>.<\/p>","protected":false},"excerpt":{"rendered":"<p>Comprar 4-HO-MET 21mg pellets: Producto qu\u00edmico de investigaci\u00f3n en gr\u00e1nulos uniformemente dosificados para trabajos cient\u00edficos precisos. Exclusivamente para fines de investigaci\u00f3n en entornos de laboratorio.<\/p>","protected":false},"featured_media":6471,"comment_status":"open","ping_status":"closed","template":"","meta":{"_joinchat":[]},"product_brand":[],"product_cat":[54],"product_tag":[],"class_list":{"0":"post-6432","1":"product","2":"type-product","3":"status-publish","4":"has-post-thumbnail","6":"product_cat-tryptamines","8":"first","9":"instock","10":"shipping-taxable","11":"purchasable","12":"product-type-variable"},"yoast_head":"<!-- This site is optimized with the Yoast SEO plugin v27.5 - https:\/\/yoast.com\/product\/yoast-seo-wordpress\/ -->\n<title>4-HO-MET Pellets Kaufen | 21mg | Research Chemical Chemgramx<\/title>\n<meta name=\"description\" content=\"4-HO-MET 21mg Pellets kaufen - Forschungschemikalie in pelletierter Form. F\u00fcr wissenschaftliche Analysen. Laborgepr\u00fcft &amp; diskret.\" \/>\n<meta name=\"robots\" content=\"index, follow, max-snippet:-1, max-image-preview:large, max-video-preview:-1\" \/>\n<link rel=\"canonical\" href=\"https:\/\/chemgramx.com\/es\/producto-1\/comprar-4-pellets-ho-met-21mg\/\" \/>\n<meta property=\"og:locale\" content=\"es_ES\" \/>\n<meta property=\"og:type\" content=\"article\" \/>\n<meta property=\"og:title\" content=\"4-HO-MET Pellets Kaufen | 21mg | Research Chemical Chemgramx\" \/>\n<meta property=\"og:description\" content=\"4-HO-MET 21mg Pellets kaufen - Forschungschemikalie in pelletierter Form. F\u00fcr wissenschaftliche Analysen. Laborgepr\u00fcft &amp; diskret.\" \/>\n<meta property=\"og:url\" content=\"https:\/\/chemgramx.com\/es\/producto-1\/comprar-4-pellets-ho-met-21mg\/\" \/>\n<meta property=\"og:site_name\" content=\"Chemgramx\" \/>\n<meta property=\"article:modified_time\" content=\"2025-11-21T11:06:32+00:00\" \/>\n<meta property=\"og:image\" content=\"https:\/\/chemgramx.com\/wp-content\/uploads\/2025\/11\/buy-metocin-4-ho-met-21-mg-pellets-chem-store-online.png\" \/>\n\t<meta property=\"og:image:width\" content=\"723\" \/>\n\t<meta property=\"og:image:height\" content=\"517\" \/>\n\t<meta property=\"og:image:type\" content=\"image\/png\" \/>\n<meta name=\"twitter:card\" content=\"summary_large_image\" \/>\n<meta name=\"twitter:label1\" content=\"Tiempo de lectura\" \/>\n\t<meta name=\"twitter:data1\" content=\"5 minutos\" \/>\n<script type=\"application\/ld+json\" class=\"yoast-schema-graph\">{\"@context\":\"https:\\\/\\\/schema.org\",\"@graph\":[{\"@type\":\"WebPage\",\"@id\":\"https:\\\/\\\/chemgramx.com\\\/product\\\/4-ho-met-21mg-pellets-kaufen\\\/\",\"url\":\"https:\\\/\\\/chemgramx.com\\\/product\\\/4-ho-met-21mg-pellets-kaufen\\\/\",\"name\":\"4-HO-MET Pellets Kaufen | 21mg | Research Chemical Chemgramx\",\"isPartOf\":{\"@id\":\"https:\\\/\\\/chemgramx.com\\\/#website\"},\"primaryImageOfPage\":{\"@id\":\"https:\\\/\\\/chemgramx.com\\\/product\\\/4-ho-met-21mg-pellets-kaufen\\\/#primaryimage\"},\"image\":{\"@id\":\"https:\\\/\\\/chemgramx.com\\\/product\\\/4-ho-met-21mg-pellets-kaufen\\\/#primaryimage\"},\"thumbnailUrl\":\"https:\\\/\\\/chemgramx.com\\\/wp-content\\\/uploads\\\/2025\\\/11\\\/buy-metocin-4-ho-met-21-mg-pellets-chem-store-online.png\",\"datePublished\":\"2025-11-21T11:05:21+00:00\",\"dateModified\":\"2025-11-21T11:06:32+00:00\",\"description\":\"4-HO-MET 21mg Pellets kaufen - Forschungschemikalie in pelletierter Form. F\u00fcr wissenschaftliche Analysen. Laborgepr\u00fcft &amp; diskret.\",\"breadcrumb\":{\"@id\":\"https:\\\/\\\/chemgramx.com\\\/product\\\/4-ho-met-21mg-pellets-kaufen\\\/#breadcrumb\"},\"inLanguage\":\"es\",\"potentialAction\":[{\"@type\":\"ReadAction\",\"target\":[\"https:\\\/\\\/chemgramx.com\\\/product\\\/4-ho-met-21mg-pellets-kaufen\\\/\"]}]},{\"@type\":\"ImageObject\",\"inLanguage\":\"es\",\"@id\":\"https:\\\/\\\/chemgramx.com\\\/product\\\/4-ho-met-21mg-pellets-kaufen\\\/#primaryimage\",\"url\":\"https:\\\/\\\/chemgramx.com\\\/wp-content\\\/uploads\\\/2025\\\/11\\\/buy-metocin-4-ho-met-21-mg-pellets-chem-store-online.png\",\"contentUrl\":\"https:\\\/\\\/chemgramx.com\\\/wp-content\\\/uploads\\\/2025\\\/11\\\/buy-metocin-4-ho-met-21-mg-pellets-chem-store-online.png\",\"width\":723,\"height\":517},{\"@type\":\"BreadcrumbList\",\"@id\":\"https:\\\/\\\/chemgramx.com\\\/product\\\/4-ho-met-21mg-pellets-kaufen\\\/#breadcrumb\",\"itemListElement\":[{\"@type\":\"ListItem\",\"position\":1,\"name\":\"Home\",\"item\":\"https:\\\/\\\/chemgramx.com\\\/\"},{\"@type\":\"ListItem\",\"position\":2,\"name\":\"Shop\",\"item\":\"https:\\\/\\\/chemgramx.com\\\/shop\\\/\"},{\"@type\":\"ListItem\",\"position\":3,\"name\":\"4-HO-MET 21mg Pellets kaufen\"}]},{\"@type\":\"WebSite\",\"@id\":\"https:\\\/\\\/chemgramx.com\\\/#website\",\"url\":\"https:\\\/\\\/chemgramx.com\\\/\",\"name\":\"Chemgramx\",\"description\":\"\",\"publisher\":{\"@id\":\"https:\\\/\\\/chemgramx.com\\\/#organization\"},\"potentialAction\":[{\"@type\":\"SearchAction\",\"target\":{\"@type\":\"EntryPoint\",\"urlTemplate\":\"https:\\\/\\\/chemgramx.com\\\/?s={search_term_string}\"},\"query-input\":{\"@type\":\"PropertyValueSpecification\",\"valueRequired\":true,\"valueName\":\"search_term_string\"}}],\"inLanguage\":\"es\"},{\"@type\":\"Organization\",\"@id\":\"https:\\\/\\\/chemgramx.com\\\/#organization\",\"name\":\"Chemgramx\",\"url\":\"https:\\\/\\\/chemgramx.com\\\/\",\"logo\":{\"@type\":\"ImageObject\",\"inLanguage\":\"es\",\"@id\":\"https:\\\/\\\/chemgramx.com\\\/#\\\/schema\\\/logo\\\/image\\\/\",\"url\":\"https:\\\/\\\/chemgramx.com\\\/wp-content\\\/uploads\\\/2024\\\/10\\\/final-logo.png\",\"contentUrl\":\"https:\\\/\\\/chemgramx.com\\\/wp-content\\\/uploads\\\/2024\\\/10\\\/final-logo.png\",\"width\":250,\"height\":48,\"caption\":\"Chemgramx\"},\"image\":{\"@id\":\"https:\\\/\\\/chemgramx.com\\\/#\\\/schema\\\/logo\\\/image\\\/\"}}]}<\/script>\n<!-- \/ Yoast SEO plugin. -->","yoast_head_json":{"title":"Comprar 4-HO-MET Pellets | 21mg | Investigaci\u00f3n Qu\u00edmica Chemgramx","description":"Comprar 4-HO-MET 21mg Pellets - Producto qu\u00edmico de investigaci\u00f3n en forma de pellets. Para an\u00e1lisis cient\u00edficos. Probado en laboratorio y discreto.","robots":{"index":"index","follow":"follow","max-snippet":"max-snippet:-1","max-image-preview":"max-image-preview:large","max-video-preview":"max-video-preview:-1"},"canonical":"https:\/\/chemgramx.com\/es\/producto-1\/comprar-4-pellets-ho-met-21mg\/","og_locale":"es_ES","og_type":"article","og_title":"4-HO-MET Pellets Kaufen | 21mg | Research Chemical Chemgramx","og_description":"4-HO-MET 21mg Pellets kaufen - Forschungschemikalie in pelletierter Form. F\u00fcr wissenschaftliche Analysen. Laborgepr\u00fcft &amp; diskret.","og_url":"https:\/\/chemgramx.com\/es\/producto-1\/comprar-4-pellets-ho-met-21mg\/","og_site_name":"Chemgramx","article_modified_time":"2025-11-21T11:06:32+00:00","og_image":[{"width":723,"height":517,"url":"https:\/\/chemgramx.com\/wp-content\/uploads\/2025\/11\/buy-metocin-4-ho-met-21-mg-pellets-chem-store-online.png","type":"image\/png"}],"twitter_card":"summary_large_image","twitter_misc":{"Tiempo de lectura":"5 minutos"},"schema":{"@context":"https:\/\/schema.org","@graph":[{"@type":"WebPage","@id":"https:\/\/chemgramx.com\/product\/4-ho-met-21mg-pellets-kaufen\/","url":"https:\/\/chemgramx.com\/product\/4-ho-met-21mg-pellets-kaufen\/","name":"Comprar 4-HO-MET Pellets | 21mg | Investigaci\u00f3n Qu\u00edmica Chemgramx","isPartOf":{"@id":"https:\/\/chemgramx.com\/#website"},"primaryImageOfPage":{"@id":"https:\/\/chemgramx.com\/product\/4-ho-met-21mg-pellets-kaufen\/#primaryimage"},"image":{"@id":"https:\/\/chemgramx.com\/product\/4-ho-met-21mg-pellets-kaufen\/#primaryimage"},"thumbnailUrl":"https:\/\/chemgramx.com\/wp-content\/uploads\/2025\/11\/buy-metocin-4-ho-met-21-mg-pellets-chem-store-online.png","datePublished":"2025-11-21T11:05:21+00:00","dateModified":"2025-11-21T11:06:32+00:00","description":"Comprar 4-HO-MET 21mg Pellets - Producto qu\u00edmico de investigaci\u00f3n en forma de pellets. Para an\u00e1lisis cient\u00edficos. Probado en laboratorio y discreto.","breadcrumb":{"@id":"https:\/\/chemgramx.com\/product\/4-ho-met-21mg-pellets-kaufen\/#breadcrumb"},"inLanguage":"es","potentialAction":[{"@type":"ReadAction","target":["https:\/\/chemgramx.com\/product\/4-ho-met-21mg-pellets-kaufen\/"]}]},{"@type":"ImageObject","inLanguage":"es","@id":"https:\/\/chemgramx.com\/product\/4-ho-met-21mg-pellets-kaufen\/#primaryimage","url":"https:\/\/chemgramx.com\/wp-content\/uploads\/2025\/11\/buy-metocin-4-ho-met-21-mg-pellets-chem-store-online.png","contentUrl":"https:\/\/chemgramx.com\/wp-content\/uploads\/2025\/11\/buy-metocin-4-ho-met-21-mg-pellets-chem-store-online.png","width":723,"height":517},{"@type":"BreadcrumbList","@id":"https:\/\/chemgramx.com\/product\/4-ho-met-21mg-pellets-kaufen\/#breadcrumb","itemListElement":[{"@type":"ListItem","position":1,"name":"Home","item":"https:\/\/chemgramx.com\/"},{"@type":"ListItem","position":2,"name":"Shop","item":"https:\/\/chemgramx.com\/shop\/"},{"@type":"ListItem","position":3,"name":"4-HO-MET 21mg Pellets kaufen"}]},{"@type":"WebSite","@id":"https:\/\/chemgramx.com\/#website","url":"https:\/\/chemgramx.com\/","name":"Chemgramx","description":"","publisher":{"@id":"https:\/\/chemgramx.com\/#organization"},"potentialAction":[{"@type":"SearchAction","target":{"@type":"EntryPoint","urlTemplate":"https:\/\/chemgramx.com\/?s={search_term_string}"},"query-input":{"@type":"PropertyValueSpecification","valueRequired":true,"valueName":"search_term_string"}}],"inLanguage":"es"},{"@type":"Organization","@id":"https:\/\/chemgramx.com\/#organization","name":"Chemgramx","url":"https:\/\/chemgramx.com\/","logo":{"@type":"ImageObject","inLanguage":"es","@id":"https:\/\/chemgramx.com\/#\/schema\/logo\/image\/","url":"https:\/\/chemgramx.com\/wp-content\/uploads\/2024\/10\/final-logo.png","contentUrl":"https:\/\/chemgramx.com\/wp-content\/uploads\/2024\/10\/final-logo.png","width":250,"height":48,"caption":"Chemgramx"},"image":{"@id":"https:\/\/chemgramx.com\/#\/schema\/logo\/image\/"}}]}},"_links":{"self":[{"href":"https:\/\/chemgramx.com\/es\/wp-json\/wp\/v2\/product\/6432","targetHints":{"allow":["GET"]}}],"collection":[{"href":"https:\/\/chemgramx.com\/es\/wp-json\/wp\/v2\/product"}],"about":[{"href":"https:\/\/chemgramx.com\/es\/wp-json\/wp\/v2\/types\/product"}],"replies":[{"embeddable":true,"href":"https:\/\/chemgramx.com\/es\/wp-json\/wp\/v2\/comments?post=6432"}],"wp:featuredmedia":[{"embeddable":true,"href":"https:\/\/chemgramx.com\/es\/wp-json\/wp\/v2\/media\/6471"}],"wp:attachment":[{"href":"https:\/\/chemgramx.com\/es\/wp-json\/wp\/v2\/media?parent=6432"}],"wp:term":[{"taxonomy":"product_brand","embeddable":true,"href":"https:\/\/chemgramx.com\/es\/wp-json\/wp\/v2\/product_brand?post=6432"},{"taxonomy":"product_cat","embeddable":true,"href":"https:\/\/chemgramx.com\/es\/wp-json\/wp\/v2\/product_cat?post=6432"},{"taxonomy":"product_tag","embeddable":true,"href":"https:\/\/chemgramx.com\/es\/wp-json\/wp\/v2\/product_tag?post=6432"}],"curies":[{"name":"wp","href":"https:\/\/api.w.org\/{rel}","templated":true}]}}