{"id":6555,"date":"2025-11-21T11:06:35","date_gmt":"2025-11-21T11:06:35","guid":{"rendered":"https:\/\/chemgramx.com\/?post_type=product&#038;p=6555"},"modified":"2025-11-21T11:07:56","modified_gmt":"2025-11-21T11:07:56","slug":"4-meo-pv8-pedido-online","status":"publish","type":"product","link":"https:\/\/chemgramx.com\/es\/product\/4-meo-pv8-online-bestellung\/","title":{"rendered":"4-MEO-PV8 Pedido en l\u00ednea"},"content":{"rendered":"<p>4-MEO-PV8, tambi\u00e9n conocido como <strong>4-Metoxi-PV8<\/strong> o 4-metoxi-\u03b1-pirrolidina valerofenona, es una sustancia qu\u00edmica sint\u00e9tica de investigaci\u00f3n del grupo de las catinonas.<br \/>\nEstructuralmente, pertenece al llamado <strong>\u03b1-Pirrolidinofenonas<\/strong>, subgrupo de estimulantes sint\u00e9ticos caracterizados por una estructura pirrolid\u00ednica en la mol\u00e9cula.<br \/>\nEn comparaci\u00f3n con compuestos relacionados como el \u03b1-PVP, el 4-MEO-PV8 tiene un grupo metoxi en la cuarta posici\u00f3n del anillo arom\u00e1tico, una modificaci\u00f3n que altera sus propiedades fisicoqu\u00edmicas y farmacol\u00f3gicas.<\/p>\n<p>En la moderna <strong>investigaci\u00f3n neuroqu\u00edmica y farmacol\u00f3gica<\/strong> 4-MEO-PV8 se utiliza para analizar el comportamiento de los derivados de la catinona y su efecto sobre los sistemas neurotransmisores.<br \/>\nLos cient\u00edficos est\u00e1n investigando la sustancia para comprender mejor las relaciones estructura-actividad dentro de la clase de las \u03b1-pirrolidinofenonas y obtener nuevos conocimientos sobre las posibles aplicaciones farmacol\u00f3gicas de los estimulantes sint\u00e9ticos.<\/p>\n<h2>Estructura qu\u00edmica y clasificaci\u00f3n<\/h2>\n<p>4-MEO-PV8 es un <strong>sint\u00e9tico <a href=\"\/product\/2-cmc-2-chlormethcathinon-online-kaufen\/\">Catinona<\/a>-Derivada<\/strong> con un grupo \u03b1-pirrolidina caracter\u00edstico y una sustituci\u00f3n metoxi en el n\u00facleo arom\u00e1tico.<br \/>\nEsta peculiaridad estructural distingue al compuesto de otras catinonas e influye tanto en la lipofilia como en las propiedades de uni\u00f3n al receptor.<br \/>\nEsta modificaci\u00f3n molecular convierte al 4-MEO-PV8 en un compuesto de referencia interesante para estudios experimentales sobre la modificaci\u00f3n qu\u00edmica y su influencia en los perfiles farmacol\u00f3gicos.<\/p>\n<h3>Par\u00e1metros qu\u00edmicos importantes<\/h3>\n<ul>\n<li><strong>Nombre qu\u00edmico:<\/strong> 4-Metoxi-\u03b1-pirrolidina valerofenona<\/li>\n<li><strong>F\u00f3rmula qu\u00edmica:<\/strong> C<sub>16<\/sub>H<sub>23<\/sub>NO<sub>2<\/sub><\/li>\n<li><strong>Peso molecular:<\/strong> 261,36 g\/mol<\/li>\n<li><strong>Forma de aparici\u00f3n:<\/strong> Polvo cristalino entre blanco y beige claro<\/li>\n<li><strong>Pureza:<\/strong> \u2265 98 % (confirmado por HPLC o GC-MS)<\/li>\n<li><strong>Solubilidad:<\/strong> Soluble en etanol, metanol, acetona y DMSO<\/li>\n<li><strong>Estabilidad:<\/strong> Sensible a la luz y la humedad; almacenar a bajas temperaturas<\/li>\n<\/ul>\n<p>En <strong>An\u00e1lisis de 4-MEO-PV8<\/strong> suele realizarse mediante m\u00e9todos cromatogr\u00e1ficos y espectrosc\u00f3picos.<br \/>\nEn los laboratorios, la sustancia suele analizarse en sistemas GC-MS o LC-MS\/MS para determinar su pureza, integridad estructural y posibles subproductos.<br \/>\nEstos m\u00e9todos precisos garantizan una caracterizaci\u00f3n reproducible y la comparabilidad de la sustancia en distintos proyectos de investigaci\u00f3n.<\/p>\n<h2>Propiedades farmacol\u00f3gicas<\/h2>\n<p>Debido a su similitud estructural con la \u03b1-PVP y otros estimulantes afines, la 4-MEO-PV8 se utiliza en investigaci\u00f3n para <strong>procesos neuroqu\u00edmicos<\/strong> que intervienen en la liberaci\u00f3n y recaptaci\u00f3n de neurotransmisores.<br \/>\nDe especial inter\u00e9s es su posible efecto sobre la <a href=\"\/product\/4f-pentedrone-online-bestellung\/\">Dopamina<\/a>-sistemas transportadores de noradrenalina y serotonina (DAT, NET, SERT).<br \/>\nLa sustituci\u00f3n metoxi en la posici\u00f3n del anillo arom\u00e1tico podr\u00eda alterar la afinidad de uni\u00f3n y los perfiles de actividad hacia estos transportadores, lo que dar\u00eda lugar a diferencias en la potencia y la duraci\u00f3n de la acci\u00f3n.<\/p>\n<h3>Aspectos importantes de la investigaci\u00f3n farmacol\u00f3gica<\/h3>\n<ul>\n<li>Investigaci\u00f3n de la afinidad a los transportadores monoamin\u00e9rgicos<\/li>\n<li>An\u00e1lisis de las relaciones estructura-actividad dentro de la clase \u03b1-pirrolidinofenona<\/li>\n<li>Estudios sobre la liberaci\u00f3n y la inhibici\u00f3n de la recaptaci\u00f3n de neurotransmisores<\/li>\n<li>Evaluaci\u00f3n de las propiedades toxicol\u00f3gicas y metab\u00f3licas<\/li>\n<li>Simulaci\u00f3n de par\u00e1metros farmacocin\u00e9ticos en modelos in vitro<\/li>\n<\/ul>\n<p>Estos an\u00e1lisis proporcionan informaci\u00f3n crucial sobre la <strong>Efectos neurofarmacol\u00f3gicos de las catinonas sint\u00e9ticas<\/strong> y contribuir a una mejor comprensi\u00f3n del perfil de riesgo de dichas sustancias.<br \/>\nEn la investigaci\u00f3n experimental, la 4-MEO-PV8 se investiga exclusivamente en entornos de laboratorio controlados para registrar la din\u00e1mica bioqu\u00edmica sin la influencia de sistemas biol\u00f3gicos.<\/p>\n<h2>Aplicaciones de la investigaci\u00f3n<\/h2>\n<p>4-MEO-PV8 se utiliza en diversos campos cient\u00edficos, en particular en la <strong>qu\u00edmica anal\u00edtica, farmacolog\u00eda<\/strong> y <strong>Neuroinvestigaci\u00f3n<\/strong>.<br \/>\nDebido a su estabilidad qu\u00edmica y a su estructura definida, es adecuado como compuesto modelo para la investigaci\u00f3n de mecanismos de estimulaci\u00f3n y para el desarrollo de nuevos m\u00e9todos anal\u00edticos.<\/p>\n<h3>Aplicaciones t\u00edpicas de investigaci\u00f3n<\/h3>\n<ul>\n<li><strong>Estudios farmacol\u00f3gicos:<\/strong> Investigaci\u00f3n de la uni\u00f3n de receptores y modulaci\u00f3n de transmisores<\/li>\n<li><strong>An\u00e1lisis neuroqu\u00edmicos:<\/strong> Investigaci\u00f3n de los procesos de se\u00f1alizaci\u00f3n sin\u00e1ptica<\/li>\n<li><strong>Validaci\u00f3n anal\u00edtica:<\/strong> Desarrollo de m\u00e9todos de detecci\u00f3n de pirrolidinofenonas<\/li>\n<li><strong>Estudios comparativos:<\/strong> An\u00e1lisis de las diferencias qu\u00edmicas y farmacol\u00f3gicas con \u03b1-PVP y sustancias afines<\/li>\n<li><strong>Pruebas toxicol\u00f3gicas:<\/strong> Investigaci\u00f3n de metabolitos potenciales y su actividad biol\u00f3gica<\/li>\n<\/ul>\n<p>En an\u00e1lisis forenses, la 4-MEO-PV8 tambi\u00e9n puede utilizarse como patr\u00f3n de referencia para identificar catinonas sint\u00e9ticas en muestras de laboratorio.<br \/>\nEsta aplicaci\u00f3n es especialmente importante en el contexto del desarrollo de m\u00e9todos modernos de detecci\u00f3n de sustancias psicoactivas emergentes.<\/p>\n<h2>Normas de calidad y pruebas anal\u00edticas<\/h2>\n<p>Cada lote de 4-MEO-PV8 se fabrica y prueba bajo estrictos controles de calidad.<br \/>\nPara confirmar la identidad qu\u00edmica, se utilizan m\u00e9todos como <strong>HPLC, GC-MS y RMN<\/strong> usado.<br \/>\nEstos procedimientos garantizan que la sustancia cumple las normas cient\u00edficas exigidas y es apta para la investigaci\u00f3n reproducible.<\/p>\n<p>Documentos de acompa\u00f1amiento como <strong>Certificados de an\u00e1lisis (COA)<\/strong> proporcionan informaci\u00f3n detallada sobre la pureza, la estructura, el punto de fusi\u00f3n y las propiedades cromatogr\u00e1ficas.<br \/>\nEsta prueba de calidad es esencial para que los resultados de la investigaci\u00f3n sean v\u00e1lidos y comparables.<\/p>\n<h2>Instrucciones de seguridad y manipulaci\u00f3n<\/h2>\n<p>4-MEO-PV8 est\u00e1 dise\u00f1ado exclusivamente para su uso en <strong>Instalaciones de investigaci\u00f3n<\/strong> determinado.<br \/>\nLa manipulaci\u00f3n s\u00f3lo debe ser llevada a cabo por personal de laboratorio cualificado de conformidad con la <strong>Buenas pr\u00e1cticas de laboratorio (BPL)<\/strong> tener lugar.<br \/>\nEs importante evitar cualquier contacto con la piel, las mucosas y las v\u00edas respiratorias, ya que los efectos fisiol\u00f3gicos de este compuesto a\u00fan no se han investigado completamente.<\/p>\n<h3>Medidas de protecci\u00f3n recomendadas<\/h3>\n<ul>\n<li>Llevar bata de laboratorio, gafas de seguridad y guantes<\/li>\n<li>Trabajar exclusivamente bajo una campana extractora de humos qu\u00edmicos<\/li>\n<li>Utilizaci\u00f3n de recipientes resistentes a los productos qu\u00edmicos<\/li>\n<li>Ninguna manipulaci\u00f3n abierta fuera de las zonas controladas<\/li>\n<li>Eliminaci\u00f3n adecuada de los materiales contaminados<\/li>\n<\/ul>\n<p>En caso de derrame, las superficies contaminadas deben limpiarse inmediatamente con agentes neutralizantes adecuados y eliminarse como corresponda.<br \/>\nTodos los laboratorios deben disponer de duchas de emergencia, lavaojos y extintores.<\/p>\n<h2>Almacenamiento y estabilidad<\/h2>\n<p>Para garantizar la estabilidad de 4-MEO-PV8, la sustancia debe ser <strong>fresco, seco y protegido de la luz<\/strong> almacenarse.<br \/>\nLa temperatura \u00f3ptima de almacenamiento oscila entre 2 \u00b0C y 8 \u00b0C.<br \/>\nUtilizar recipientes herm\u00e9ticos y evitar el contacto prolongado con el ox\u00edgeno o la humedad.<br \/>\nEn estas condiciones, la integridad qu\u00edmica se mantiene a largo plazo.<\/p>\n<h2>Estatus legal<\/h2>\n<p>La situaci\u00f3n jur\u00eddica de la 4-MEO-PV8 var\u00eda en todo el mundo.<br class=\"yoast-text-mark\" \/>En algunos pa\u00edses, la sustancia no est\u00e1 regulada expl\u00edcitamente en la actualidad, pero puede utilizarse bajo <strong>Discos anal\u00f3gicos<\/strong> o leyes sobre <strong>nuevas sustancias psicotr\u00f3picas (NSP)<\/strong> caer.<br class=\"yoast-text-mark\" \/>&gt;En Alemania, podr\u00eda entrar en el \u00e1mbito de la Ley de Nuevas Sustancias Psicoactivas (NpSG).<br class=\"yoast-text-mark\" \/>&gt;En EE.UU. y Canad\u00e1, puede estar cubierto por la <strong>Ley Federal An\u00e1loga<\/strong> grabado.<\/p>\n<p>Por lo tanto, los investigadores deben comprobar si el 4-MEO-PV8 puede utilizarse legalmente con fines de investigaci\u00f3n en el pa\u00eds respectivo antes de comprarlo o utilizarlo.<br \/>\nSe proh\u00edbe su uso fuera de las instalaciones de investigaci\u00f3n autorizadas.<\/p>\n<h2>Importancia cient\u00edfica<\/h2>\n<p>La 4-MEO-PV8 ofrece a los investigadores la oportunidad de adquirir nuevos conocimientos sobre las interacciones de las catinonas sint\u00e9ticas con el sistema nervioso central.<br \/>\nEstos estudios contribuyen al desarrollo de modelos farmacol\u00f3gicos m\u00e1s seguros y favorecen la comprensi\u00f3n de las bases qu\u00edmicas de los agentes estimulantes.<br \/>\nAdem\u00e1s, el 4-MEO-PV8 desempe\u00f1a un papel importante en la investigaci\u00f3n anal\u00edtica, ya que se utiliza para calibrar y validar m\u00e9todos de detecci\u00f3n modernos.<\/p>\n<p>La investigaci\u00f3n en curso sobre estas sustancias es crucial para comprender la base de la actividad neuroqu\u00edmica y evaluar mejor los riesgos potenciales para la salud p\u00fablica.<\/p>\n<h2>Conclusi\u00f3n<\/h2>\n<p>La 4-MEO-PV8 es una sustancia qu\u00edmica de investigaci\u00f3n compleja y estructuralmente interesante de la familia de las \u03b1-pirrolidinofenonas.<br \/>\nSe utiliza para investigar procesos neuroqu\u00edmicos, mecanismos farmacol\u00f3gicos y m\u00e9todos anal\u00edticos de detecci\u00f3n.<br \/>\nSu estructura estable, su gran pureza y su versatilidad las convierten en una herramienta importante en la investigaci\u00f3n b\u00e1sica.<br \/>\nDado que la sustancia s\u00f3lo est\u00e1 autorizada para fines cient\u00edficos, debe manipularse siempre de forma segura, controlada y conforme a la ley.<\/p>\n<p>La investigaci\u00f3n cient\u00edfica sobre el 4-MEO-PV8 aporta valiosos conocimientos para la qu\u00edmica, la farmacolog\u00eda y la neurociencia, una contribuci\u00f3n decisiva a la comprensi\u00f3n de los compuestos sint\u00e9ticos modernos y su interacci\u00f3n con los sistemas biol\u00f3gicos.<\/p>","protected":false},"excerpt":{"rendered":"<p>Nuestra <strong>Pirrolidina y pirrolidinofenonas<\/strong>-productos proporcionan a los investigadores potentes sustancias qu\u00edmicas que se utilizan para estudiar el sistema nervioso central y los procesos bioqu\u00edmicos. Estas sustancias est\u00e1n destinadas exclusivamente a la investigaci\u00f3n cient\u00edfica y no son aptas para el consumo humano.<\/p>","protected":false},"featured_media":6592,"comment_status":"open","ping_status":"closed","template":"","meta":{"_joinchat":[]},"product_brand":[],"product_cat":[1806],"product_tag":[1981,1987,1982,1985,1986,1984,1983,188,1814,248],"class_list":{"0":"post-6555","1":"product","2":"type-product","3":"status-publish","4":"has-post-thumbnail","6":"product_cat-pyrrolidin-und-pyrrolidinophena","7":"product_tag-4-meo-pv8","8":"product_tag-4-meo-pv8-chemikalien","9":"product_tag-4-meo-pv8-kaufen","10":"product_tag-4-meo-pv8-kristalle","11":"product_tag-4-meo-pv8-online","12":"product_tag-4-meo-pv8-pulver","13":"product_tag-4-meo-pv8-zum-verkauf","14":"product_tag-forschungschemikalien","15":"product_tag-forschungsstoffe-kaufen","16":"product_tag-synthetische-stimulanzien","18":"first","19":"instock","20":"shipping-taxable","21":"purchasable","22":"product-type-variable"},"yoast_head":"<!-- This site is optimized with the Yoast SEO plugin v27.5 - https:\/\/yoast.com\/product\/yoast-seo-wordpress\/ -->\n<title>4-MEO-PV8 online kaufen \u2013 4-MEO-PV8 zu verkaufen<\/title>\n<meta name=\"description\" content=\"4-meo-pv8 zu verkaufen ist jetzt ganz einfach in unserem Chemgramx-Onlineshop erh\u00e4ltlich. Sie k\u00f6nnen sich direkt mit unserem Chemgramx-Shop verbinden und 4-meo-pv8 online zu den besten Preisen kaufen.\" \/>\n<meta name=\"robots\" content=\"index, follow, max-snippet:-1, max-image-preview:large, max-video-preview:-1\" \/>\n<link rel=\"canonical\" href=\"https:\/\/chemgramx.com\/es\/producto-1\/4-meo-pv8-pedido-online\/\" \/>\n<meta property=\"og:locale\" content=\"es_ES\" \/>\n<meta property=\"og:type\" content=\"article\" \/>\n<meta property=\"og:title\" content=\"4-MEO-PV8 online kaufen \u2013 4-MEO-PV8 zu verkaufen\" \/>\n<meta property=\"og:description\" content=\"4-meo-pv8 zu verkaufen ist jetzt ganz einfach in unserem Chemgramx-Onlineshop erh\u00e4ltlich. Sie k\u00f6nnen sich direkt mit unserem Chemgramx-Shop verbinden und 4-meo-pv8 online zu den besten Preisen kaufen.\" \/>\n<meta property=\"og:url\" content=\"https:\/\/chemgramx.com\/es\/producto-1\/4-meo-pv8-pedido-online\/\" \/>\n<meta property=\"og:site_name\" content=\"Chemgramx\" \/>\n<meta property=\"article:modified_time\" content=\"2025-11-21T11:07:56+00:00\" \/>\n<meta property=\"og:image\" content=\"https:\/\/chemgramx.com\/wp-content\/uploads\/2025\/11\/pv8.png\" \/>\n\t<meta property=\"og:image:width\" content=\"600\" \/>\n\t<meta property=\"og:image:height\" content=\"400\" \/>\n\t<meta property=\"og:image:type\" content=\"image\/png\" \/>\n<meta name=\"twitter:card\" content=\"summary_large_image\" \/>\n<meta name=\"twitter:label1\" content=\"Tiempo de lectura\" \/>\n\t<meta name=\"twitter:data1\" content=\"5 minutos\" \/>\n<script type=\"application\/ld+json\" class=\"yoast-schema-graph\">{\"@context\":\"https:\\\/\\\/schema.org\",\"@graph\":[{\"@type\":\"WebPage\",\"@id\":\"https:\\\/\\\/chemgramx.com\\\/product\\\/4-meo-pv8-online-bestellung\\\/\",\"url\":\"https:\\\/\\\/chemgramx.com\\\/product\\\/4-meo-pv8-online-bestellung\\\/\",\"name\":\"4-MEO-PV8 online kaufen \u2013 4-MEO-PV8 zu verkaufen\",\"isPartOf\":{\"@id\":\"https:\\\/\\\/chemgramx.com\\\/#website\"},\"primaryImageOfPage\":{\"@id\":\"https:\\\/\\\/chemgramx.com\\\/product\\\/4-meo-pv8-online-bestellung\\\/#primaryimage\"},\"image\":{\"@id\":\"https:\\\/\\\/chemgramx.com\\\/product\\\/4-meo-pv8-online-bestellung\\\/#primaryimage\"},\"thumbnailUrl\":\"https:\\\/\\\/chemgramx.com\\\/wp-content\\\/uploads\\\/2025\\\/11\\\/pv8.png\",\"datePublished\":\"2025-11-21T11:06:35+00:00\",\"dateModified\":\"2025-11-21T11:07:56+00:00\",\"description\":\"4-meo-pv8 zu verkaufen ist jetzt ganz einfach in unserem Chemgramx-Onlineshop erh\u00e4ltlich. Sie k\u00f6nnen sich direkt mit unserem Chemgramx-Shop verbinden und 4-meo-pv8 online zu den besten Preisen kaufen.\",\"breadcrumb\":{\"@id\":\"https:\\\/\\\/chemgramx.com\\\/product\\\/4-meo-pv8-online-bestellung\\\/#breadcrumb\"},\"inLanguage\":\"es\",\"potentialAction\":[{\"@type\":\"ReadAction\",\"target\":[\"https:\\\/\\\/chemgramx.com\\\/product\\\/4-meo-pv8-online-bestellung\\\/\"]}]},{\"@type\":\"ImageObject\",\"inLanguage\":\"es\",\"@id\":\"https:\\\/\\\/chemgramx.com\\\/product\\\/4-meo-pv8-online-bestellung\\\/#primaryimage\",\"url\":\"https:\\\/\\\/chemgramx.com\\\/wp-content\\\/uploads\\\/2025\\\/11\\\/pv8.png\",\"contentUrl\":\"https:\\\/\\\/chemgramx.com\\\/wp-content\\\/uploads\\\/2025\\\/11\\\/pv8.png\",\"width\":600,\"height\":400},{\"@type\":\"BreadcrumbList\",\"@id\":\"https:\\\/\\\/chemgramx.com\\\/product\\\/4-meo-pv8-online-bestellung\\\/#breadcrumb\",\"itemListElement\":[{\"@type\":\"ListItem\",\"position\":1,\"name\":\"Home\",\"item\":\"https:\\\/\\\/chemgramx.com\\\/\"},{\"@type\":\"ListItem\",\"position\":2,\"name\":\"Shop\",\"item\":\"https:\\\/\\\/chemgramx.com\\\/shop\\\/\"},{\"@type\":\"ListItem\",\"position\":3,\"name\":\"4-MEO-PV8 Online Bestellung\"}]},{\"@type\":\"WebSite\",\"@id\":\"https:\\\/\\\/chemgramx.com\\\/#website\",\"url\":\"https:\\\/\\\/chemgramx.com\\\/\",\"name\":\"Chemgramx\",\"description\":\"\",\"publisher\":{\"@id\":\"https:\\\/\\\/chemgramx.com\\\/#organization\"},\"potentialAction\":[{\"@type\":\"SearchAction\",\"target\":{\"@type\":\"EntryPoint\",\"urlTemplate\":\"https:\\\/\\\/chemgramx.com\\\/?s={search_term_string}\"},\"query-input\":{\"@type\":\"PropertyValueSpecification\",\"valueRequired\":true,\"valueName\":\"search_term_string\"}}],\"inLanguage\":\"es\"},{\"@type\":\"Organization\",\"@id\":\"https:\\\/\\\/chemgramx.com\\\/#organization\",\"name\":\"Chemgramx\",\"url\":\"https:\\\/\\\/chemgramx.com\\\/\",\"logo\":{\"@type\":\"ImageObject\",\"inLanguage\":\"es\",\"@id\":\"https:\\\/\\\/chemgramx.com\\\/#\\\/schema\\\/logo\\\/image\\\/\",\"url\":\"https:\\\/\\\/chemgramx.com\\\/wp-content\\\/uploads\\\/2024\\\/10\\\/final-logo.png\",\"contentUrl\":\"https:\\\/\\\/chemgramx.com\\\/wp-content\\\/uploads\\\/2024\\\/10\\\/final-logo.png\",\"width\":250,\"height\":48,\"caption\":\"Chemgramx\"},\"image\":{\"@id\":\"https:\\\/\\\/chemgramx.com\\\/#\\\/schema\\\/logo\\\/image\\\/\"}}]}<\/script>\n<!-- \/ Yoast SEO plugin. -->","yoast_head_json":{"title":"Compre 4-MEO-PV8 en l\u00ednea \u2013 4-MEO-PV8 en venta","description":"4-meo-pv8 zu verkaufen ist jetzt ganz einfach in unserem Chemgramx-Onlineshop erh\u00e4ltlich. Sie k\u00f6nnen sich direkt mit unserem Chemgramx-Shop verbinden und 4-meo-pv8 online zu den besten Preisen kaufen.","robots":{"index":"index","follow":"follow","max-snippet":"max-snippet:-1","max-image-preview":"max-image-preview:large","max-video-preview":"max-video-preview:-1"},"canonical":"https:\/\/chemgramx.com\/es\/producto-1\/4-meo-pv8-pedido-online\/","og_locale":"es_ES","og_type":"article","og_title":"4-MEO-PV8 online kaufen \u2013 4-MEO-PV8 zu verkaufen","og_description":"4-meo-pv8 zu verkaufen ist jetzt ganz einfach in unserem Chemgramx-Onlineshop erh\u00e4ltlich. Sie k\u00f6nnen sich direkt mit unserem Chemgramx-Shop verbinden und 4-meo-pv8 online zu den besten Preisen kaufen.","og_url":"https:\/\/chemgramx.com\/es\/producto-1\/4-meo-pv8-pedido-online\/","og_site_name":"Chemgramx","article_modified_time":"2025-11-21T11:07:56+00:00","og_image":[{"width":600,"height":400,"url":"https:\/\/chemgramx.com\/wp-content\/uploads\/2025\/11\/pv8.png","type":"image\/png"}],"twitter_card":"summary_large_image","twitter_misc":{"Tiempo de lectura":"5 minutos"},"schema":{"@context":"https:\/\/schema.org","@graph":[{"@type":"WebPage","@id":"https:\/\/chemgramx.com\/product\/4-meo-pv8-online-bestellung\/","url":"https:\/\/chemgramx.com\/product\/4-meo-pv8-online-bestellung\/","name":"Compre 4-MEO-PV8 en l\u00ednea \u2013 4-MEO-PV8 en venta","isPartOf":{"@id":"https:\/\/chemgramx.com\/#website"},"primaryImageOfPage":{"@id":"https:\/\/chemgramx.com\/product\/4-meo-pv8-online-bestellung\/#primaryimage"},"image":{"@id":"https:\/\/chemgramx.com\/product\/4-meo-pv8-online-bestellung\/#primaryimage"},"thumbnailUrl":"https:\/\/chemgramx.com\/wp-content\/uploads\/2025\/11\/pv8.png","datePublished":"2025-11-21T11:06:35+00:00","dateModified":"2025-11-21T11:07:56+00:00","description":"4-meo-pv8 zu verkaufen ist jetzt ganz einfach in unserem Chemgramx-Onlineshop erh\u00e4ltlich. Sie k\u00f6nnen sich direkt mit unserem Chemgramx-Shop verbinden und 4-meo-pv8 online zu den besten Preisen kaufen.","breadcrumb":{"@id":"https:\/\/chemgramx.com\/product\/4-meo-pv8-online-bestellung\/#breadcrumb"},"inLanguage":"es","potentialAction":[{"@type":"ReadAction","target":["https:\/\/chemgramx.com\/product\/4-meo-pv8-online-bestellung\/"]}]},{"@type":"ImageObject","inLanguage":"es","@id":"https:\/\/chemgramx.com\/product\/4-meo-pv8-online-bestellung\/#primaryimage","url":"https:\/\/chemgramx.com\/wp-content\/uploads\/2025\/11\/pv8.png","contentUrl":"https:\/\/chemgramx.com\/wp-content\/uploads\/2025\/11\/pv8.png","width":600,"height":400},{"@type":"BreadcrumbList","@id":"https:\/\/chemgramx.com\/product\/4-meo-pv8-online-bestellung\/#breadcrumb","itemListElement":[{"@type":"ListItem","position":1,"name":"Home","item":"https:\/\/chemgramx.com\/"},{"@type":"ListItem","position":2,"name":"Shop","item":"https:\/\/chemgramx.com\/shop\/"},{"@type":"ListItem","position":3,"name":"4-MEO-PV8 Online Bestellung"}]},{"@type":"WebSite","@id":"https:\/\/chemgramx.com\/#website","url":"https:\/\/chemgramx.com\/","name":"Chemgramx","description":"","publisher":{"@id":"https:\/\/chemgramx.com\/#organization"},"potentialAction":[{"@type":"SearchAction","target":{"@type":"EntryPoint","urlTemplate":"https:\/\/chemgramx.com\/?s={search_term_string}"},"query-input":{"@type":"PropertyValueSpecification","valueRequired":true,"valueName":"search_term_string"}}],"inLanguage":"es"},{"@type":"Organization","@id":"https:\/\/chemgramx.com\/#organization","name":"Chemgramx","url":"https:\/\/chemgramx.com\/","logo":{"@type":"ImageObject","inLanguage":"es","@id":"https:\/\/chemgramx.com\/#\/schema\/logo\/image\/","url":"https:\/\/chemgramx.com\/wp-content\/uploads\/2024\/10\/final-logo.png","contentUrl":"https:\/\/chemgramx.com\/wp-content\/uploads\/2024\/10\/final-logo.png","width":250,"height":48,"caption":"Chemgramx"},"image":{"@id":"https:\/\/chemgramx.com\/#\/schema\/logo\/image\/"}}]}},"_links":{"self":[{"href":"https:\/\/chemgramx.com\/es\/wp-json\/wp\/v2\/product\/6555","targetHints":{"allow":["GET"]}}],"collection":[{"href":"https:\/\/chemgramx.com\/es\/wp-json\/wp\/v2\/product"}],"about":[{"href":"https:\/\/chemgramx.com\/es\/wp-json\/wp\/v2\/types\/product"}],"replies":[{"embeddable":true,"href":"https:\/\/chemgramx.com\/es\/wp-json\/wp\/v2\/comments?post=6555"}],"wp:featuredmedia":[{"embeddable":true,"href":"https:\/\/chemgramx.com\/es\/wp-json\/wp\/v2\/media\/6592"}],"wp:attachment":[{"href":"https:\/\/chemgramx.com\/es\/wp-json\/wp\/v2\/media?parent=6555"}],"wp:term":[{"taxonomy":"product_brand","embeddable":true,"href":"https:\/\/chemgramx.com\/es\/wp-json\/wp\/v2\/product_brand?post=6555"},{"taxonomy":"product_cat","embeddable":true,"href":"https:\/\/chemgramx.com\/es\/wp-json\/wp\/v2\/product_cat?post=6555"},{"taxonomy":"product_tag","embeddable":true,"href":"https:\/\/chemgramx.com\/es\/wp-json\/wp\/v2\/product_tag?post=6555"}],"curies":[{"name":"wp","href":"https:\/\/api.w.org\/{rel}","templated":true}]}}