{"id":6664,"date":"2025-11-21T11:07:59","date_gmt":"2025-11-21T11:07:59","guid":{"rendered":"https:\/\/chemgramx.com\/?post_type=product&#038;p=6664"},"modified":"2025-11-21T11:09:14","modified_gmt":"2025-11-21T11:09:14","slug":"comprar-metoxfenidina-mxp-online","status":"publish","type":"product","link":"https:\/\/chemgramx.com\/es\/producto-2\/comprar-metoxfenidina-mxp-online\/","title":{"rendered":"Comprar Metoxfenidina (MXP) online"},"content":{"rendered":"<p data-path-to-node=\"6\">La metoxfenidina (MXP) es un compuesto qu\u00edmico sint\u00e9tico de gran importancia en la investigaci\u00f3n neurofarmacol\u00f3gica. <b>Lo primero<\/b> Cabe destacar que MXP es un potente <b>Antagonista NMDA<\/b> es. <b>De modo que<\/b> Es una herramienta importante para estudiar en detalle los complejos efectos fisiol\u00f3gicos y neurol\u00f3gicos de los disociativos.<\/p>\n<p data-path-to-node=\"7\">Los centros de investigaci\u00f3n cient\u00edfica y los laboratorios de todo el mundo buscan espec\u00edficamente productos de alta calidad. <b>Metoxfenidina (MXP) en venta<\/b>. <b>En el proceso<\/b> Compare cuidadosamente el <b>Precio de la metoxfenidina (MXP)<\/b>. <b>Adem\u00e1s<\/b> Dan mucha importancia a elegir solo fuentes serias y certificadas. <b>Esto es imprescindible.<\/b>, cuando eval\u00faen la posibilidad de, <b>Comprar metoxfenidato (MXP) aut\u00e9ntico o falsificado<\/b>.<\/p>\n<h2>La importancia cient\u00edfica de la metoxfenidina (MXP)<\/h2>\n<p data-path-to-node=\"9\">El MXP pertenece a la clase qu\u00edmica de las arilciclohexilaminas. <b>M\u00e1s concretamente<\/b>, act\u00faa bloqueando los receptores NMDA en el sistema nervioso central. <b>Estos receptores<\/b> Son fundamentales para la plasticidad sin\u00e1ptica, el aprendizaje y la memoria. <b>En consecuencia<\/b> permite a los investigadores de MXP simular y analizar los mecanismos que se producen en los estados disociativos.<\/p>\n<p data-path-to-node=\"10\"><b>Esto es especialmente relevante<\/b> para estudios en los siguientes \u00e1mbitos:<\/p>\n<ul data-path-to-node=\"11\">\n<li>\n<p data-path-to-node=\"11,0,0\"><b>Investigaci\u00f3n de los sistemas neurotransmisores:<\/b> Los cient\u00edficos utilizan MXP para realizar estudios detallados. <b>Aqu\u00ed<\/b> Investigan los efectos del bloqueo del receptor NMDA en otros sistemas, como la dopamina y la serotonina. <b>En consecuencia<\/b> obtendr\u00e1 informaci\u00f3n valiosa sobre los procesos neuroqu\u00edmicos.<\/p>\n<\/li>\n<li>\n<p data-path-to-node=\"11,1,0\"><b>Desarrollo de enfoques terap\u00e9uticos:<\/b> Las investigaciones han demostrado un considerable potencial terap\u00e9utico en el tratamiento de la depresi\u00f3n grave. <a href=\"\/es\/producto-2\/3-comprar-fpm-en-linea\/\"><b>En consecuencia<\/b> <\/a>El MXP sirve como sustancia modelo. Ayuda a descifrar las rutas moleculares. <b>Por este motivo<\/b> Los laboratorios realizan estudios comparativos. Eval\u00faan derivados para desarrollar nuevas formas de tratamiento m\u00e1s seguras.<\/p>\n<\/li>\n<li>\n<p data-path-to-node=\"11,2,0\"><b>Comprensi\u00f3n de los trastornos neurol\u00f3gicos:<\/b> <b>Por ejemplo<\/b> los investigadores pueden comprender mejor determinados aspectos de las enfermedades neurol\u00f3gicas o psiqui\u00e1tricas. Esto se consigue mediante la inducci\u00f3n controlada de estados disociativos.<\/p>\n<\/li>\n<\/ul>\n<p data-path-to-node=\"12\">Muchos laboratorios aprovechan la flexibilidad, <b>(MXP) comprar online<\/b> poder. <b>As\u00ed,<\/b> Realizan su investigaci\u00f3n de manera eficiente. <b>En particular<\/b> Los laboratorios que necesitan grandes cantidades buscan activamente formas de, <b>Comprar metoxfenidina (MXP) online al mejor precio<\/b> poder. <b>As\u00ed que<\/b> pueden gestionar los costes de investigaci\u00f3n de forma responsable.<\/p>\n<h2>Adquisici\u00f3n y control de calidad para laboratorios de investigaci\u00f3n<\/h2>\n<p data-path-to-node=\"15\">La integridad de los resultados cient\u00edficos depende directamente de la pureza de los productos qu\u00edmicos utilizados en la investigaci\u00f3n. <b>Por lo tanto<\/b> El proceso de adquisici\u00f3n de metoxfenidina est\u00e1 estrictamente regulado.<\/p>\n<h3>1. La elecci\u00f3n de la fuente de suministro<\/h3>\n<p data-path-to-node=\"17\">La pregunta, <b>\u00bfD\u00f3nde se puede comprar metoxfenidato (MXP)?<\/b>, siempre conduce a proveedores de laboratorio especializados. <b>De hecho<\/b> \u00bfSon estos proveedores los <b>El mejor lugar para comprar metoxfenidato (MXP)<\/b>. <b>Usted<\/b> Cumplen requisitos cr\u00edticos:<\/p>\n<ul data-path-to-node=\"18\">\n<li>\n<p data-path-to-node=\"18,0,0\"><b>Pureza certificada:<\/b> Los proveedores de confianza proporcionan certificados de an\u00e1lisis. <b>Estos demuestran<\/b> la pureza del producto. <b>Solo estas<\/b> La calidad garantizada permite obtener resultados reproducibles.<\/p>\n<\/li>\n<li>\n<p data-path-to-node=\"18,1,0\"><b>Comparaci\u00f3n transparente de precios:<\/b> En <b>Precio comparable (MXP)<\/b> es un factor importante. <b>Por lo tanto<\/b> Los proveedores B2B suelen ofrecer precios escalonados. <b>Este<\/b> permite a los laboratorios, en el caso de pedidos grandes, <b>Comprar metoxfenidina (MXP) online al mejor precio<\/b> poder.<\/p>\n<\/li>\n<li>\n<p data-path-to-node=\"18,2,0\"><b>Entrega segura y discreta:<\/b> Para los proyectos cient\u00edficos es necesario un <b>Comprar seguro (MXP) online<\/b> esencial. <b>Este<\/b> garantiza la continuidad ininterrumpida de los experimentos.<\/p>\n<\/li>\n<\/ul>\n<h3>2. Gesti\u00f3n de riesgos y autenticidad<\/h3>\n<p data-path-to-node=\"20\"><b>Debido a<\/b> La existencia de sustancias no reguladas requiere la realizaci\u00f3n de pruebas para detectar <b>aut\u00e9ntico o falso (MXP) a la venta<\/b> una medida de precauci\u00f3n importante. <b>Se recomienda precauci\u00f3n.<\/b>, ya que los productos contaminados pueden dar lugar a resultados de investigaci\u00f3n err\u00f3neos. La comunidad cient\u00edfica debe protegerse.<\/p>\n<p data-path-to-node=\"21\"><b>Atenci\u00f3n:<\/b> La decisi\u00f3n de, <b>Pida metoxfenidato (MXP) aut\u00e9ntico o falsificado<\/b>, no es una opci\u00f3n para la investigaci\u00f3n. <b>Exclusivamente<\/b> Se puede utilizar MXP puro y qu\u00edmicamente certificado. Los proveedores serios garantizan la calidad del <b>(MXP) en venta<\/b>.<\/p>\n<h3 data-start=\"2412\" data-end=\"2422\">Conclusi\u00f3n<\/h3>\n<p data-start=\"2424\" data-end=\"2936\">Los investigadores que desean comprar Metoxfenidina (MXP) en l\u00ednea a menudo se preguntan d\u00f3nde comprar Metoxfenidina (MXP) de calidad comprobada. El mejor lugar para comprar Metoxfenidina (MXP) ofrece precios transparentes, pureza y fiabilidad. Tanto si necesita encargar Metoxfenidina (MXP) aut\u00e9ntica como falsificada para estudios o comprar Metoxfenidina (MXP) barata online para proyectos de investigaci\u00f3n de mayor envergadura, elegir una fuente de confianza es crucial para garantizar resultados reputados y seguros.<\/p>","protected":false},"excerpt":{"rendered":"<p><strong>Metoxfenidina (MXP)<\/strong> es un disociativo sint\u00e9tico que act\u00faa como antagonista del NMDA. Se utiliza exclusivamente en estudios cient\u00edficos para investigar sus efectos sobre el sistema nervioso central. Esta sustancia se utiliza para estudiar los efectos neurocient\u00edficos y las posibles aplicaciones terap\u00e9uticas y no es apta para el consumo humano.<\/p>","protected":false},"featured_media":6701,"comment_status":"open","ping_status":"closed","template":"","meta":{"_joinchat":[]},"product_brand":[],"product_cat":[1804],"product_tag":[188,1814,2040,2042,2047,2044,2041,2045,2043,2046],"class_list":{"0":"post-6664","1":"product","2":"type-product","3":"status-publish","4":"has-post-thumbnail","6":"product_cat-amphetam","7":"product_tag-forschungschemikalien","8":"product_tag-forschungsstoffe-kaufen","9":"product_tag-methoxphenidine","10":"product_tag-methoxphenidine-kaufen","11":"product_tag-methoxphenidine-online","12":"product_tag-methoxphenidine-pulver","13":"product_tag-mxp-kaufen","14":"product_tag-mxp-kristalle","15":"product_tag-mxp-zum-verkauf","16":"product_tag-synthetische-dissoziativa","18":"first","19":"instock","20":"shipping-taxable","21":"purchasable","22":"product-type-variable"},"yoast_head":"<!-- This site is optimized with the Yoast SEO plugin v26.3 - https:\/\/yoast.com\/wordpress\/plugins\/seo\/ -->\n<title>Methoxphenidin (MXP) | Dissoziativum f\u00fcr wissenschaftliche<\/title>\n<meta name=\"description\" content=\"Erforschen Sie Methoxphenidin (MXP), ein leistungsstarker NMDA-Antagonist f\u00fcr wissenschaftliche Studien zur Untersuchung der neurochemischen\" \/>\n<meta name=\"robots\" content=\"noindex, follow, max-snippet:-1, max-image-preview:large, max-video-preview:-1\" \/>\n<meta property=\"og:locale\" content=\"es_ES\" \/>\n<meta property=\"og:type\" content=\"article\" \/>\n<meta property=\"og:title\" content=\"Methoxphenidin (MXP) | Dissoziativum f\u00fcr wissenschaftliche\" \/>\n<meta property=\"og:description\" content=\"Erforschen Sie Methoxphenidin (MXP), ein leistungsstarker NMDA-Antagonist f\u00fcr wissenschaftliche Studien zur Untersuchung der neurochemischen\" \/>\n<meta property=\"og:url\" content=\"https:\/\/chemgramx.com\/es\/producto-2\/comprar-metoxfenidina-mxp-online\/\" \/>\n<meta property=\"og:site_name\" content=\"Chemgramx\" \/>\n<meta property=\"article:modified_time\" content=\"2025-11-21T11:09:14+00:00\" \/>\n<meta property=\"og:image\" content=\"https:\/\/chemgramx.com\/wp-content\/uploads\/2025\/11\/MethoxphenidineMXP.png\" \/>\n\t<meta property=\"og:image:width\" content=\"600\" \/>\n\t<meta property=\"og:image:height\" content=\"400\" \/>\n\t<meta property=\"og:image:type\" content=\"image\/png\" \/>\n<meta name=\"twitter:card\" content=\"summary_large_image\" \/>\n<meta name=\"twitter:label1\" content=\"Tiempo de lectura\" \/>\n\t<meta name=\"twitter:data1\" content=\"3 minutos\" \/>\n<script type=\"application\/ld+json\" class=\"yoast-schema-graph\">{\"@context\":\"https:\/\/schema.org\",\"@graph\":[{\"@type\":\"WebPage\",\"@id\":\"https:\/\/chemgramx.com\/product\/methoxphenidin-mxp-online-kaufen\/\",\"url\":\"https:\/\/chemgramx.com\/product\/methoxphenidin-mxp-online-kaufen\/\",\"name\":\"Methoxphenidin (MXP) | Dissoziativum f\u00fcr wissenschaftliche\",\"isPartOf\":{\"@id\":\"https:\/\/chemgramx.com\/#website\"},\"primaryImageOfPage\":{\"@id\":\"https:\/\/chemgramx.com\/product\/methoxphenidin-mxp-online-kaufen\/#primaryimage\"},\"image\":{\"@id\":\"https:\/\/chemgramx.com\/product\/methoxphenidin-mxp-online-kaufen\/#primaryimage\"},\"thumbnailUrl\":\"https:\/\/chemgramx.com\/wp-content\/uploads\/2025\/11\/MethoxphenidineMXP.png\",\"datePublished\":\"2025-11-21T11:07:59+00:00\",\"dateModified\":\"2025-11-21T11:09:14+00:00\",\"description\":\"Erforschen Sie Methoxphenidin (MXP), ein leistungsstarker NMDA-Antagonist f\u00fcr wissenschaftliche Studien zur Untersuchung der neurochemischen\",\"breadcrumb\":{\"@id\":\"https:\/\/chemgramx.com\/product\/methoxphenidin-mxp-online-kaufen\/#breadcrumb\"},\"inLanguage\":\"es\",\"potentialAction\":[{\"@type\":\"ReadAction\",\"target\":[\"https:\/\/chemgramx.com\/product\/methoxphenidin-mxp-online-kaufen\/\"]}]},{\"@type\":\"ImageObject\",\"inLanguage\":\"es\",\"@id\":\"https:\/\/chemgramx.com\/product\/methoxphenidin-mxp-online-kaufen\/#primaryimage\",\"url\":\"https:\/\/chemgramx.com\/wp-content\/uploads\/2025\/11\/MethoxphenidineMXP.png\",\"contentUrl\":\"https:\/\/chemgramx.com\/wp-content\/uploads\/2025\/11\/MethoxphenidineMXP.png\",\"width\":600,\"height\":400},{\"@type\":\"BreadcrumbList\",\"@id\":\"https:\/\/chemgramx.com\/product\/methoxphenidin-mxp-online-kaufen\/#breadcrumb\",\"itemListElement\":[{\"@type\":\"ListItem\",\"position\":1,\"name\":\"Home\",\"item\":\"https:\/\/chemgramx.com\/\"},{\"@type\":\"ListItem\",\"position\":2,\"name\":\"Shop\",\"item\":\"https:\/\/chemgramx.com\/shop\/\"},{\"@type\":\"ListItem\",\"position\":3,\"name\":\"Methoxphenidin (MXP) online kaufen\"}]},{\"@type\":\"WebSite\",\"@id\":\"https:\/\/chemgramx.com\/#website\",\"url\":\"https:\/\/chemgramx.com\/\",\"name\":\"Chemgramx\",\"description\":\"\",\"publisher\":{\"@id\":\"https:\/\/chemgramx.com\/#organization\"},\"potentialAction\":[{\"@type\":\"SearchAction\",\"target\":{\"@type\":\"EntryPoint\",\"urlTemplate\":\"https:\/\/chemgramx.com\/?s={search_term_string}\"},\"query-input\":{\"@type\":\"PropertyValueSpecification\",\"valueRequired\":true,\"valueName\":\"search_term_string\"}}],\"inLanguage\":\"es\"},{\"@type\":\"Organization\",\"@id\":\"https:\/\/chemgramx.com\/#organization\",\"name\":\"Chemgramx\",\"url\":\"https:\/\/chemgramx.com\/\",\"logo\":{\"@type\":\"ImageObject\",\"inLanguage\":\"es\",\"@id\":\"https:\/\/chemgramx.com\/#\/schema\/logo\/image\/\",\"url\":\"https:\/\/chemgramx.com\/wp-content\/uploads\/2024\/10\/final-logo.png\",\"contentUrl\":\"https:\/\/chemgramx.com\/wp-content\/uploads\/2024\/10\/final-logo.png\",\"width\":250,\"height\":48,\"caption\":\"Chemgramx\"},\"image\":{\"@id\":\"https:\/\/chemgramx.com\/#\/schema\/logo\/image\/\"}}]}<\/script>\n<!-- \/ Yoast SEO plugin. -->","yoast_head_json":{"title":"Metoxfenidina (MXP) | Disociativo para fines cient\u00edficos","description":"Investigue la metoxfenidina (MXP), un potente antagonista NMDA para estudios cient\u00edficos destinados a investigar la neuroqu\u00edmica.","robots":{"index":"noindex","follow":"follow","max-snippet":"max-snippet:-1","max-image-preview":"max-image-preview:large","max-video-preview":"max-video-preview:-1"},"og_locale":"es_ES","og_type":"article","og_title":"Methoxphenidin (MXP) | Dissoziativum f\u00fcr wissenschaftliche","og_description":"Erforschen Sie Methoxphenidin (MXP), ein leistungsstarker NMDA-Antagonist f\u00fcr wissenschaftliche Studien zur Untersuchung der neurochemischen","og_url":"https:\/\/chemgramx.com\/es\/producto-2\/comprar-metoxfenidina-mxp-online\/","og_site_name":"Chemgramx","article_modified_time":"2025-11-21T11:09:14+00:00","og_image":[{"width":600,"height":400,"url":"https:\/\/chemgramx.com\/wp-content\/uploads\/2025\/11\/MethoxphenidineMXP.png","type":"image\/png"}],"twitter_card":"summary_large_image","twitter_misc":{"Tiempo de lectura":"3 minutos"},"schema":{"@context":"https:\/\/schema.org","@graph":[{"@type":"WebPage","@id":"https:\/\/chemgramx.com\/product\/methoxphenidin-mxp-online-kaufen\/","url":"https:\/\/chemgramx.com\/product\/methoxphenidin-mxp-online-kaufen\/","name":"Metoxfenidina (MXP) | Disociativo para fines cient\u00edficos","isPartOf":{"@id":"https:\/\/chemgramx.com\/#website"},"primaryImageOfPage":{"@id":"https:\/\/chemgramx.com\/product\/methoxphenidin-mxp-online-kaufen\/#primaryimage"},"image":{"@id":"https:\/\/chemgramx.com\/product\/methoxphenidin-mxp-online-kaufen\/#primaryimage"},"thumbnailUrl":"https:\/\/chemgramx.com\/wp-content\/uploads\/2025\/11\/MethoxphenidineMXP.png","datePublished":"2025-11-21T11:07:59+00:00","dateModified":"2025-11-21T11:09:14+00:00","description":"Investigue la metoxfenidina (MXP), un potente antagonista NMDA para estudios cient\u00edficos destinados a investigar la neuroqu\u00edmica.","breadcrumb":{"@id":"https:\/\/chemgramx.com\/product\/methoxphenidin-mxp-online-kaufen\/#breadcrumb"},"inLanguage":"es","potentialAction":[{"@type":"ReadAction","target":["https:\/\/chemgramx.com\/product\/methoxphenidin-mxp-online-kaufen\/"]}]},{"@type":"ImageObject","inLanguage":"es","@id":"https:\/\/chemgramx.com\/product\/methoxphenidin-mxp-online-kaufen\/#primaryimage","url":"https:\/\/chemgramx.com\/wp-content\/uploads\/2025\/11\/MethoxphenidineMXP.png","contentUrl":"https:\/\/chemgramx.com\/wp-content\/uploads\/2025\/11\/MethoxphenidineMXP.png","width":600,"height":400},{"@type":"BreadcrumbList","@id":"https:\/\/chemgramx.com\/product\/methoxphenidin-mxp-online-kaufen\/#breadcrumb","itemListElement":[{"@type":"ListItem","position":1,"name":"Home","item":"https:\/\/chemgramx.com\/"},{"@type":"ListItem","position":2,"name":"Shop","item":"https:\/\/chemgramx.com\/shop\/"},{"@type":"ListItem","position":3,"name":"Methoxphenidin (MXP) online kaufen"}]},{"@type":"WebSite","@id":"https:\/\/chemgramx.com\/#website","url":"https:\/\/chemgramx.com\/","name":"Chemgramx","description":"","publisher":{"@id":"https:\/\/chemgramx.com\/#organization"},"potentialAction":[{"@type":"SearchAction","target":{"@type":"EntryPoint","urlTemplate":"https:\/\/chemgramx.com\/?s={search_term_string}"},"query-input":{"@type":"PropertyValueSpecification","valueRequired":true,"valueName":"search_term_string"}}],"inLanguage":"es"},{"@type":"Organization","@id":"https:\/\/chemgramx.com\/#organization","name":"Chemgramx","url":"https:\/\/chemgramx.com\/","logo":{"@type":"ImageObject","inLanguage":"es","@id":"https:\/\/chemgramx.com\/#\/schema\/logo\/image\/","url":"https:\/\/chemgramx.com\/wp-content\/uploads\/2024\/10\/final-logo.png","contentUrl":"https:\/\/chemgramx.com\/wp-content\/uploads\/2024\/10\/final-logo.png","width":250,"height":48,"caption":"Chemgramx"},"image":{"@id":"https:\/\/chemgramx.com\/#\/schema\/logo\/image\/"}}]}},"_links":{"self":[{"href":"https:\/\/chemgramx.com\/es\/wp-json\/wp\/v2\/product\/6664","targetHints":{"allow":["GET"]}}],"collection":[{"href":"https:\/\/chemgramx.com\/es\/wp-json\/wp\/v2\/product"}],"about":[{"href":"https:\/\/chemgramx.com\/es\/wp-json\/wp\/v2\/types\/product"}],"replies":[{"embeddable":true,"href":"https:\/\/chemgramx.com\/es\/wp-json\/wp\/v2\/comments?post=6664"}],"wp:featuredmedia":[{"embeddable":true,"href":"https:\/\/chemgramx.com\/es\/wp-json\/wp\/v2\/media\/6701"}],"wp:attachment":[{"href":"https:\/\/chemgramx.com\/es\/wp-json\/wp\/v2\/media?parent=6664"}],"wp:term":[{"taxonomy":"product_brand","embeddable":true,"href":"https:\/\/chemgramx.com\/es\/wp-json\/wp\/v2\/product_brand?post=6664"},{"taxonomy":"product_cat","embeddable":true,"href":"https:\/\/chemgramx.com\/es\/wp-json\/wp\/v2\/product_cat?post=6664"},{"taxonomy":"product_tag","embeddable":true,"href":"https:\/\/chemgramx.com\/es\/wp-json\/wp\/v2\/product_tag?post=6664"}],"curies":[{"name":"wp","href":"https:\/\/api.w.org\/{rel}","templated":true}]}}