{"id":6736,"date":"2025-11-21T11:08:50","date_gmt":"2025-11-21T11:08:50","guid":{"rendered":"https:\/\/chemgramx.com\/?post_type=product&#038;p=6736"},"modified":"2025-11-21T11:09:14","modified_gmt":"2025-11-21T11:09:14","slug":"comprar-2c-b-online","status":"publish","type":"product","link":"https:\/\/chemgramx.com\/es\/product\/2c-b-online-kaufen\/","title":{"rendered":"Comprar 2C-B en l\u00ednea"},"content":{"rendered":"<p>La clase de <b>2C-Fenetilamina<\/b>, desarrollado por el qu\u00edmico Alexander Shulgin, representa un campo fundamental en la <b>Neurofarmacolog\u00eda<\/b>. <b>2C-B<\/b> es un producto qu\u00edmico sint\u00e9tico de investigaci\u00f3n que <b>exclusivamente<\/b> est\u00e1 dise\u00f1ado para investigaciones cient\u00edficas y an\u00e1lisis farmacol\u00f3gicos en entornos de laboratorio estrictamente controlados. Debido a su estructura molecular equilibrada y a su afinidad espec\u00edfica por los receptores centrales, el 2C-B sirve como sistema modelo esencial en la <b>investigaci\u00f3n serotonin\u00e9rgica<\/b> y la investigaci\u00f3n de los fen\u00f3menos de la conciencia.<\/p>\n<p>La sustancia es <b>exclusivamente para estudios anal\u00edticos y cient\u00edficos<\/b> ofrecido. Hacemos hincapi\u00e9 en que 2C-B, debido a su actividad farmacol\u00f3gica <b>los protocolos legales y de seguridad m\u00e1s estrictos<\/b> est\u00e1 sujeta a y <b>no destinados al consumo humano<\/b> es.<\/p>\n<h2>Estructura qu\u00edmica, farmacolog\u00eda y propiedades<\/h2>\n<p>La claridad estructural de la 2C-B es la clave de su relevancia en la investigaci\u00f3n anal\u00edtica y farmacol\u00f3gica. Su configuraci\u00f3n exacta permite realizar estudios precisos sobre la correlaci\u00f3n entre estructura qu\u00edmica y efecto biol\u00f3gico.<\/p>\n<h3>\u00bfQu\u00e9 es 2C-B?<\/h3>\n<p><b>2C-B<\/b> (Nombre qu\u00edmico completo: <b>4-bromo-2,5-dimetoxifenetilamina<\/b>) pertenece a la clase de <b>Fenetilaminas<\/b>. La estructura molecular se define por:<\/p>\n<ul>\n<li><b>Espina dorsal de fenetilamina:<\/b> La columna vertebral de muchos neurotransmisores monoam\u00ednicos.<\/li>\n<li><b>Sustituci\u00f3n dimetoxi:<\/b> En <span class=\"math-inline\" data-math=\"mathbf{2,5}\">{2,5}<\/span>&#8211;<b>Grupos dimetoxi<\/b> en el anillo fenilo son caracter\u00edsticos de la familia 2C e influyen en la afinidad del receptor.<\/li>\n<li><b>Sustituci\u00f3n por bromo:<\/b> En <span class=\"math-inline\" data-math=\"mathbf{4}\">{4}<\/span>&#8211;<b>Grupo del bromo<\/b> en el anillo fenilo es decisivo para la nomenclatura y la selectividad farmacol\u00f3gica. Influye en la lipofilia y, por tanto, en la estabilidad metab\u00f3lica.<\/li>\n<\/ul>\n<p>Esta configuraci\u00f3n qu\u00edmica hace que el 2C-B se describa a menudo en los informes de investigaci\u00f3n como un compuesto con un <b>mezcla equilibrada de efectos visuales e intensidad emocional<\/b> se describe, lo que lo convierte en un material codiciado para la <b>Investigaci\u00f3n b\u00e1sica<\/b> en el campo de la psicofarmacolog\u00eda.<\/p>\n<p>&nbsp;<\/p>\n<h3>Modo de acci\u00f3n molecular y relevancia para la investigaci\u00f3n<\/h3>\n<p>La principal relevancia investigadora de la 2C-B radica en su gran afinidad por el <b><span class=\"math-inline\" data-math=\"mathbf{5-HT_{2A}}\">$mathbf{5-HT_{2A}}$<\/span>-receptor<\/b>, un objetivo central de la neuroqu\u00edmica.<\/p>\n<ol start=\"1\">\n<li><b>Investigaci\u00f3n anal\u00edtica en psicofarmacolog\u00eda:<\/b> El material se utiliza como <b>Norma de referencia<\/b> utilizado para <span class=\"math-inline\" data-math=\"mathbf{K_i}\">f{K_i}$<\/span>-(constantes de inhibici\u00f3n de la uni\u00f3n) y <span class=\"math-inline\" data-math=\"mathbf{EC_{50}}\">50<\/span>-(potencia funcional) en varios receptores serotonin\u00e9rgicos.<\/li>\n<li><b>Estudios sobre la interacci\u00f3n con los receptores serotonin\u00e9rgicos:<\/b> Investigaci\u00f3n de los mecanismos moleculares por los que 2C-B regula la transducci\u00f3n de se\u00f1alizaci\u00f3n de la <span class=\"math-inline\" data-math=\"mathbf{5-HT_{2A}}\">{5-HT_{2A}}$<\/span>-se modula el receptor.<\/li>\n<li><b>Investigaci\u00f3n metab\u00f3lica:<\/b> An\u00e1lisis de las v\u00edas de degradaci\u00f3n bioqu\u00edmica y del papel de las enzimas de desintoxicaci\u00f3n (por ejemplo, CYP450) para identificar la semivida y los metabolitos potencialmente activos.<\/li>\n<\/ol>\n<h2>Garant\u00eda de calidad anal\u00edtica y requisitos de laboratorio<\/h2>\n<p>La integridad de la investigaci\u00f3n exige la m\u00e1xima pureza y una documentaci\u00f3n completa del material utilizado, cuya calidad est\u00e1 garantizada por modernos m\u00e9todos anal\u00edticos.<\/p>\n<h3>Garant\u00eda de calidad y coherencia de los lotes<\/h3>\n<p>El material de investigaci\u00f3n debe tener una pureza qu\u00edmica de <span class=\"math-inline\" data-math=\"mathbf{ge 98%}\">$mathbf{ge 98%}$<\/span> tienen. La garant\u00eda de calidad incluye<\/p>\n<ul>\n<li><b>Documentaci\u00f3n anal\u00edtica:<\/b> Entrega con <b>certificados de an\u00e1lisis completos (CoA)<\/b>, que demuestran la pureza y la identidad (HPLC, GC\/MS).<\/li>\n<li><b>Consistencia de los lotes:<\/b> Garantizar una <b>calidad constante<\/b> en diferentes lotes de producci\u00f3n, lo que es crucial para la reproducibilidad de los estudios a largo plazo.<\/li>\n<\/ul>\n<h3>Requisitos de almacenamiento y seguridad<\/h3>\n<p>Debido a la inestabilidad qu\u00edmica de las fenetilaminas a la luz y al ox\u00edgeno, es necesario un almacenamiento cuidadoso:<\/p>\n<ul>\n<li><b>Almacenamiento:<\/b> El material debe <b>Protegido de la luz<\/b>, <b>genial<\/b> (idealmente <span class=\"math-inline\" data-math=\"mathbf{-20^circ C}\">$mathbf{-20^circ C}$<\/span>) y <b>seco<\/b> almacenarse.<\/li>\n<li><b>Protocolos de seguridad:<\/b> El trabajo debe realizarse de forma <b>Conforme a las BPL<\/b> establecimiento. <b>Equipos de protecci\u00f3n individual<\/b> (bata de laboratorio, guantes, gafas de seguridad) es obligatorio. La manipulaci\u00f3n del polvo requiere trabajar bajo <b>Vitrina de gases qu\u00edmicos<\/b>.<\/li>\n<\/ul>\n<h2>Marco reglamentario y responsabilidad \u00e9tica<\/h2>\n<p>Los requisitos legales y reglamentarios de la 2C-B son muy complejos y exigen un cumplimiento estricto por parte de las instituciones de investigaci\u00f3n.<\/p>\n<h3>Estatuto jur\u00eddico (depende de la jurisdicci\u00f3n)<\/h3>\n<p>La situaci\u00f3n jur\u00eddica de la 2C-B es muy variable a escala internacional:<\/p>\n<ul>\n<li>En muchos pa\u00edses se incluye en <b>sustancias controladas<\/b> (por ejemplo, las leyes sobre estupefacientes).<\/li>\n<li>En otras regiones es <b>legalmente disponible como producto qu\u00edmico de investigaci\u00f3n<\/b>, siempre que el uso previsto se limite estrictamente al laboratorio.<\/li>\n<\/ul>\n<p><b>Obligaci\u00f3n imperativa:<\/b> Las instituciones de investigaci\u00f3n deben <b>cumpla siempre la normativa local<\/b> y las leyes aplicables antes de comprar material. El comprador es el \u00fanico responsable del cumplimiento de las leyes de su jurisdicci\u00f3n.<\/p>\n<h3>Control de adquisiciones e informaci\u00f3n sobre pedidos<\/h3>\n<p>La adquisici\u00f3n de 2C-B est\u00e1 restringida a la investigaci\u00f3n cient\u00edfica documentada.<\/p>\n<ul>\n<li><b>Certificado del Instituto:<\/b> La documentaci\u00f3n de la instituci\u00f3n o laboratorio de investigaci\u00f3n es obligatoria.<\/li>\n<li><b>Uso previsto:<\/b> Deber\u00e1 presentarse una descripci\u00f3n cient\u00edfica del proyecto de investigaci\u00f3n.<\/li>\n<\/ul>\n<h3 data-start=\"3313\" data-end=\"3323\">Conclusi\u00f3n<\/h3>\n<p data-start=\"3325\" data-end=\"3627\">Si desea comprar 2C-B, se beneficiar\u00e1 de precios atractivos, una gran selecci\u00f3n y un env\u00edo seguro y discreto. Con un proveedor de confianza, todo el proceso de pedido se organiza de forma profesional y segura. Pida 2C-B s\u00f3lo de fuentes verificadas para garantizar la mejor calidad y pureza.<\/p>","protected":false},"excerpt":{"rendered":"<p style=\"text-align: left;\">El 2C-B es un producto qu\u00edmico sint\u00e9tico destinado a la investigaci\u00f3n en laboratorios. Este producto es conocido por su excelente pureza y estabilidad y es ideal para estudios farmacol\u00f3gicos y an\u00e1lisis qu\u00edmicos. Cada lote se prueba cuidadosamente para garantizar resultados fiables y consistentes. Destinado exclusivamente a uso cient\u00edfico y de laboratorio.<\/p>","protected":false},"featured_media":6764,"comment_status":"open","ping_status":"closed","template":"","meta":{"_joinchat":[]},"product_brand":[],"product_cat":[1795],"product_tag":[1884,1888,1218,1887,1237,1886,1885,188,1814,1841],"class_list":{"0":"post-6736","1":"product","2":"type-product","3":"status-publish","4":"has-post-thumbnail","6":"product_cat-2c-serie","7":"product_tag-2c-b","8":"product_tag-2c-b-chemikalien","9":"product_tag-2c-b-kaufen","10":"product_tag-2c-b-kristalle","11":"product_tag-2c-b-online","12":"product_tag-2c-b-pulver","13":"product_tag-2c-b-zum-verkauf","14":"product_tag-forschungschemikalien","15":"product_tag-forschungsstoffe-kaufen","16":"product_tag-synthetische-phenethylamine","18":"first","19":"instock","20":"shipping-taxable","21":"purchasable","22":"product-type-variable"},"yoast_head":"<!-- This site is optimized with the Yoast SEO plugin v27.5 - https:\/\/yoast.com\/product\/yoast-seo-wordpress\/ -->\n<title>2C-B online kaufen \u2013 2C-B zu verkaufen | chemgramx<\/title>\n<meta name=\"description\" content=\"Wenn Sie 2c-b online kaufen m\u00f6chten, besuchen Sie unseren Chemgramx-Onlineshop. Wir haben hochwertige Produkte wie 2c-b zu verkaufen. Bestellen Sie jetzt!\" \/>\n<meta name=\"robots\" content=\"index, follow, max-snippet:-1, max-image-preview:large, max-video-preview:-1\" \/>\n<link rel=\"canonical\" href=\"https:\/\/chemgramx.com\/es\/producto-1\/comprar-2c-b-online\/\" \/>\n<meta property=\"og:locale\" content=\"es_ES\" \/>\n<meta property=\"og:type\" content=\"article\" \/>\n<meta property=\"og:title\" content=\"2C-B online kaufen \u2013 2C-B zu verkaufen | chemgramx\" \/>\n<meta property=\"og:description\" content=\"Wenn Sie 2c-b online kaufen m\u00f6chten, besuchen Sie unseren Chemgramx-Onlineshop. Wir haben hochwertige Produkte wie 2c-b zu verkaufen. Bestellen Sie jetzt!\" \/>\n<meta property=\"og:url\" content=\"https:\/\/chemgramx.com\/es\/producto-1\/comprar-2c-b-online\/\" \/>\n<meta property=\"og:site_name\" content=\"Chemgramx\" \/>\n<meta property=\"article:modified_time\" content=\"2025-11-21T11:09:14+00:00\" \/>\n<meta property=\"og:image\" content=\"https:\/\/chemgramx.com\/wp-content\/uploads\/2025\/11\/2cb.jpg\" \/>\n\t<meta property=\"og:image:width\" content=\"600\" \/>\n\t<meta property=\"og:image:height\" content=\"400\" \/>\n\t<meta property=\"og:image:type\" content=\"image\/jpeg\" \/>\n<meta name=\"twitter:card\" content=\"summary_large_image\" \/>\n<meta name=\"twitter:label1\" content=\"Tiempo de lectura\" \/>\n\t<meta name=\"twitter:data1\" content=\"3 minutos\" \/>\n<script type=\"application\/ld+json\" class=\"yoast-schema-graph\">{\"@context\":\"https:\\\/\\\/schema.org\",\"@graph\":[{\"@type\":\"WebPage\",\"@id\":\"https:\\\/\\\/chemgramx.com\\\/product\\\/2c-b-online-kaufen\\\/\",\"url\":\"https:\\\/\\\/chemgramx.com\\\/product\\\/2c-b-online-kaufen\\\/\",\"name\":\"2C-B online kaufen \u2013 2C-B zu verkaufen | chemgramx\",\"isPartOf\":{\"@id\":\"https:\\\/\\\/chemgramx.com\\\/#website\"},\"primaryImageOfPage\":{\"@id\":\"https:\\\/\\\/chemgramx.com\\\/product\\\/2c-b-online-kaufen\\\/#primaryimage\"},\"image\":{\"@id\":\"https:\\\/\\\/chemgramx.com\\\/product\\\/2c-b-online-kaufen\\\/#primaryimage\"},\"thumbnailUrl\":\"https:\\\/\\\/chemgramx.com\\\/wp-content\\\/uploads\\\/2025\\\/11\\\/2cb.jpg\",\"datePublished\":\"2025-11-21T11:08:50+00:00\",\"dateModified\":\"2025-11-21T11:09:14+00:00\",\"description\":\"Wenn Sie 2c-b online kaufen m\u00f6chten, besuchen Sie unseren Chemgramx-Onlineshop. Wir haben hochwertige Produkte wie 2c-b zu verkaufen. Bestellen Sie jetzt!\",\"breadcrumb\":{\"@id\":\"https:\\\/\\\/chemgramx.com\\\/product\\\/2c-b-online-kaufen\\\/#breadcrumb\"},\"inLanguage\":\"es\",\"potentialAction\":[{\"@type\":\"ReadAction\",\"target\":[\"https:\\\/\\\/chemgramx.com\\\/product\\\/2c-b-online-kaufen\\\/\"]}]},{\"@type\":\"ImageObject\",\"inLanguage\":\"es\",\"@id\":\"https:\\\/\\\/chemgramx.com\\\/product\\\/2c-b-online-kaufen\\\/#primaryimage\",\"url\":\"https:\\\/\\\/chemgramx.com\\\/wp-content\\\/uploads\\\/2025\\\/11\\\/2cb.jpg\",\"contentUrl\":\"https:\\\/\\\/chemgramx.com\\\/wp-content\\\/uploads\\\/2025\\\/11\\\/2cb.jpg\",\"width\":600,\"height\":400},{\"@type\":\"BreadcrumbList\",\"@id\":\"https:\\\/\\\/chemgramx.com\\\/product\\\/2c-b-online-kaufen\\\/#breadcrumb\",\"itemListElement\":[{\"@type\":\"ListItem\",\"position\":1,\"name\":\"Home\",\"item\":\"https:\\\/\\\/chemgramx.com\\\/\"},{\"@type\":\"ListItem\",\"position\":2,\"name\":\"Shop\",\"item\":\"https:\\\/\\\/chemgramx.com\\\/shop\\\/\"},{\"@type\":\"ListItem\",\"position\":3,\"name\":\"2C-B online kaufen\"}]},{\"@type\":\"WebSite\",\"@id\":\"https:\\\/\\\/chemgramx.com\\\/#website\",\"url\":\"https:\\\/\\\/chemgramx.com\\\/\",\"name\":\"Chemgramx\",\"description\":\"\",\"publisher\":{\"@id\":\"https:\\\/\\\/chemgramx.com\\\/#organization\"},\"potentialAction\":[{\"@type\":\"SearchAction\",\"target\":{\"@type\":\"EntryPoint\",\"urlTemplate\":\"https:\\\/\\\/chemgramx.com\\\/?s={search_term_string}\"},\"query-input\":{\"@type\":\"PropertyValueSpecification\",\"valueRequired\":true,\"valueName\":\"search_term_string\"}}],\"inLanguage\":\"es\"},{\"@type\":\"Organization\",\"@id\":\"https:\\\/\\\/chemgramx.com\\\/#organization\",\"name\":\"Chemgramx\",\"url\":\"https:\\\/\\\/chemgramx.com\\\/\",\"logo\":{\"@type\":\"ImageObject\",\"inLanguage\":\"es\",\"@id\":\"https:\\\/\\\/chemgramx.com\\\/#\\\/schema\\\/logo\\\/image\\\/\",\"url\":\"https:\\\/\\\/chemgramx.com\\\/wp-content\\\/uploads\\\/2024\\\/10\\\/final-logo.png\",\"contentUrl\":\"https:\\\/\\\/chemgramx.com\\\/wp-content\\\/uploads\\\/2024\\\/10\\\/final-logo.png\",\"width\":250,\"height\":48,\"caption\":\"Chemgramx\"},\"image\":{\"@id\":\"https:\\\/\\\/chemgramx.com\\\/#\\\/schema\\\/logo\\\/image\\\/\"}}]}<\/script>\n<!-- \/ Yoast SEO plugin. -->","yoast_head_json":{"title":"Comprar 2C-B en l\u00ednea \u2013 2C-B a la venta | chemgramx","description":"Si desea comprar 2c-b en l\u00ednea, visite nuestra tienda en l\u00ednea Chemgramx. Tenemos productos de alta calidad como 2c-b a la venta. \u00a1Compre ahora!","robots":{"index":"index","follow":"follow","max-snippet":"max-snippet:-1","max-image-preview":"max-image-preview:large","max-video-preview":"max-video-preview:-1"},"canonical":"https:\/\/chemgramx.com\/es\/producto-1\/comprar-2c-b-online\/","og_locale":"es_ES","og_type":"article","og_title":"2C-B online kaufen \u2013 2C-B zu verkaufen | chemgramx","og_description":"Wenn Sie 2c-b online kaufen m\u00f6chten, besuchen Sie unseren Chemgramx-Onlineshop. Wir haben hochwertige Produkte wie 2c-b zu verkaufen. Bestellen Sie jetzt!","og_url":"https:\/\/chemgramx.com\/es\/producto-1\/comprar-2c-b-online\/","og_site_name":"Chemgramx","article_modified_time":"2025-11-21T11:09:14+00:00","og_image":[{"width":600,"height":400,"url":"https:\/\/chemgramx.com\/wp-content\/uploads\/2025\/11\/2cb.jpg","type":"image\/jpeg"}],"twitter_card":"summary_large_image","twitter_misc":{"Tiempo de lectura":"3 minutos"},"schema":{"@context":"https:\/\/schema.org","@graph":[{"@type":"WebPage","@id":"https:\/\/chemgramx.com\/product\/2c-b-online-kaufen\/","url":"https:\/\/chemgramx.com\/product\/2c-b-online-kaufen\/","name":"Comprar 2C-B en l\u00ednea \u2013 2C-B a la venta | chemgramx","isPartOf":{"@id":"https:\/\/chemgramx.com\/#website"},"primaryImageOfPage":{"@id":"https:\/\/chemgramx.com\/product\/2c-b-online-kaufen\/#primaryimage"},"image":{"@id":"https:\/\/chemgramx.com\/product\/2c-b-online-kaufen\/#primaryimage"},"thumbnailUrl":"https:\/\/chemgramx.com\/wp-content\/uploads\/2025\/11\/2cb.jpg","datePublished":"2025-11-21T11:08:50+00:00","dateModified":"2025-11-21T11:09:14+00:00","description":"Si desea comprar 2c-b en l\u00ednea, visite nuestra tienda en l\u00ednea Chemgramx. Tenemos productos de alta calidad como 2c-b a la venta. \u00a1Compre ahora!","breadcrumb":{"@id":"https:\/\/chemgramx.com\/product\/2c-b-online-kaufen\/#breadcrumb"},"inLanguage":"es","potentialAction":[{"@type":"ReadAction","target":["https:\/\/chemgramx.com\/product\/2c-b-online-kaufen\/"]}]},{"@type":"ImageObject","inLanguage":"es","@id":"https:\/\/chemgramx.com\/product\/2c-b-online-kaufen\/#primaryimage","url":"https:\/\/chemgramx.com\/wp-content\/uploads\/2025\/11\/2cb.jpg","contentUrl":"https:\/\/chemgramx.com\/wp-content\/uploads\/2025\/11\/2cb.jpg","width":600,"height":400},{"@type":"BreadcrumbList","@id":"https:\/\/chemgramx.com\/product\/2c-b-online-kaufen\/#breadcrumb","itemListElement":[{"@type":"ListItem","position":1,"name":"Home","item":"https:\/\/chemgramx.com\/"},{"@type":"ListItem","position":2,"name":"Shop","item":"https:\/\/chemgramx.com\/shop\/"},{"@type":"ListItem","position":3,"name":"2C-B online kaufen"}]},{"@type":"WebSite","@id":"https:\/\/chemgramx.com\/#website","url":"https:\/\/chemgramx.com\/","name":"Chemgramx","description":"","publisher":{"@id":"https:\/\/chemgramx.com\/#organization"},"potentialAction":[{"@type":"SearchAction","target":{"@type":"EntryPoint","urlTemplate":"https:\/\/chemgramx.com\/?s={search_term_string}"},"query-input":{"@type":"PropertyValueSpecification","valueRequired":true,"valueName":"search_term_string"}}],"inLanguage":"es"},{"@type":"Organization","@id":"https:\/\/chemgramx.com\/#organization","name":"Chemgramx","url":"https:\/\/chemgramx.com\/","logo":{"@type":"ImageObject","inLanguage":"es","@id":"https:\/\/chemgramx.com\/#\/schema\/logo\/image\/","url":"https:\/\/chemgramx.com\/wp-content\/uploads\/2024\/10\/final-logo.png","contentUrl":"https:\/\/chemgramx.com\/wp-content\/uploads\/2024\/10\/final-logo.png","width":250,"height":48,"caption":"Chemgramx"},"image":{"@id":"https:\/\/chemgramx.com\/#\/schema\/logo\/image\/"}}]}},"_links":{"self":[{"href":"https:\/\/chemgramx.com\/es\/wp-json\/wp\/v2\/product\/6736","targetHints":{"allow":["GET"]}}],"collection":[{"href":"https:\/\/chemgramx.com\/es\/wp-json\/wp\/v2\/product"}],"about":[{"href":"https:\/\/chemgramx.com\/es\/wp-json\/wp\/v2\/types\/product"}],"replies":[{"embeddable":true,"href":"https:\/\/chemgramx.com\/es\/wp-json\/wp\/v2\/comments?post=6736"}],"wp:featuredmedia":[{"embeddable":true,"href":"https:\/\/chemgramx.com\/es\/wp-json\/wp\/v2\/media\/6764"}],"wp:attachment":[{"href":"https:\/\/chemgramx.com\/es\/wp-json\/wp\/v2\/media?parent=6736"}],"wp:term":[{"taxonomy":"product_brand","embeddable":true,"href":"https:\/\/chemgramx.com\/es\/wp-json\/wp\/v2\/product_brand?post=6736"},{"taxonomy":"product_cat","embeddable":true,"href":"https:\/\/chemgramx.com\/es\/wp-json\/wp\/v2\/product_cat?post=6736"},{"taxonomy":"product_tag","embeddable":true,"href":"https:\/\/chemgramx.com\/es\/wp-json\/wp\/v2\/product_tag?post=6736"}],"curies":[{"name":"wp","href":"https:\/\/api.w.org\/{rel}","templated":true}]}}