{"id":6742,"date":"2025-11-21T11:08:51","date_gmt":"2025-11-21T11:08:51","guid":{"rendered":"https:\/\/chemgramx.com\/?post_type=product&#038;p=6742"},"modified":"2025-11-21T11:09:50","modified_gmt":"2025-11-21T11:09:50","slug":"comprar-2c-t-2-en-linea","status":"publish","type":"product","link":"https:\/\/chemgramx.com\/es\/product\/2c-t-2-online-kaufen\/","title":{"rendered":"Comprar 2C-T-2 en l\u00ednea"},"content":{"rendered":"<p>La clase de <b>2C-Fenetilamina<\/b> y sus <b>An\u00e1logos tio<\/b> representan un campo importante para la investigaci\u00f3n de <b>neurofarmacolog\u00eda serotonin\u00e9rgica<\/b> representar. <b>2C-T-2<\/b> es un producto qu\u00edmico sint\u00e9tico de investigaci\u00f3n que <b>exclusivamente<\/b> est\u00e1 dise\u00f1ado para investigaciones anal\u00edticas y cient\u00edficas en entornos de laboratorio estrictamente controlados. Debido a su <b>Sustituci\u00f3n etiltio<\/b> y las propiedades farmacol\u00f3gicas asociadas, la 2C-T-2 sirve como sistema modelo esencial en la <b>Investigaci\u00f3n de receptores<\/b>.<\/p>\n<p>Esta sustancia de gran pureza es <b>exclusivamente para estudios anal\u00edticos y cient\u00edficos<\/b> ofrecido. Destacamos que la 2C-T-2, debido a su conocida actividad farmacol\u00f3gica <b>los protocolos legales y de seguridad m\u00e1s estrictos<\/b> est\u00e1 sujeta a y <b>no destinados al consumo humano<\/b> es.<\/p>\n<h2>Perfil qu\u00edmico, origen y relevancia farmacol\u00f3gica<\/h2>\n<p>Comprender la estructura qu\u00edmica de la 2C-T-2 y sus efectos sobre el sistema nervioso central es el principal objetivo de la investigaci\u00f3n en la que se utiliza este material.<\/p>\n<h3>Origen y perfil qu\u00edmico<\/h3>\n<p><b>2C-T-2<\/b> (Nombre qu\u00edmico completo: <b>2,5-Dimetoxi-4-etiltio-fenetilamina<\/b>) pertenece a la clase de <b>Thio-<a href=\"\/product\/3me-fentanyl-online-kaufen\/\">An\u00e1logos<\/a><\/b> de fenetilaminas. Fue desarrollado por Alexander Shulgin y descrito y documentado por primera vez en su obra \u201ePiHKAL\u201c.<\/p>\n<p>La estructura molecular se define por<\/p>\n<ul>\n<li><b>An\u00e1logo del tio:<\/b> A diferencia de las fenetilaminas puras, esta mol\u00e9cula contiene un <b>Grupo etiltio<\/b> en el <span class=\"math-inline\" data-math=\"mathbf{4}\">4<\/span>-del anillo fenilo, que influye enormemente en su lipofilia y destino metab\u00f3lico.<\/li>\n<li><b>Sustituci\u00f3n dimetoxi:<\/b> En <span class=\"math-inline\" data-math=\"mathbf{2,5}\">2,5<\/span>&#8211;<b>Grupos dimetoxi<\/b> en el anillo fenilo son caracter\u00edsticos de la familia 2C e influyen en la afinidad a los receptores de serotonina.<\/li>\n<\/ul>\n<p><b>2C-T-2<\/b> es conocida por los informes de investigaci\u00f3n que describen <b>alucinaciones visuales<\/b>, <b>amplificaci\u00f3n sensorial<\/b> y <b>Propiedades ligeramente entact\u00f3genas<\/b>. En comparaci\u00f3n con otros representantes de la serie 2C, 2C-T-2 ofrece una relaci\u00f3n equilibrada entre intensidad psicod\u00e9lica y duraci\u00f3n. Afecta principalmente al <b>sistema serotonin\u00e9rgico<\/b>.<\/p>\n<h3>Modo de acci\u00f3n molecular y aplicaciones en investigaci\u00f3n<\/h3>\n<p>La principal relevancia investigadora de la 2C-T-2 radica en su afinidad con el <b>receptores serotonin\u00e9rgicos<\/b> y su firma qu\u00edmica espec\u00edfica.<\/p>\n<p><b>1. investigaci\u00f3n neurocient\u00edfica b\u00e1sica y psicofarmacolog\u00eda:<\/b><\/p>\n<ul>\n<li><b>Mecanismo de acci\u00f3n:<\/b> La sustancia se utiliza para analizar la <b>actividad funcional<\/b> y el <b>Cin\u00e9tica de uni\u00f3n<\/b> en los receptores de serotonina.<\/li>\n<li><b>Estudios sobre los cambios de conciencia:<\/b> An\u00e1lisis de los mecanismos moleculares que <b>efectos visuales<\/b> y el <b>elementos empat\u00f3genos<\/b> son la base.<\/li>\n<li><b>Estudios comparativos:<\/b> Importante para la <b>Investigaci\u00f3n estructura-actividad-relaci\u00f3n (SAR)<\/b>, para aclarar los efectos del residuo etiltio en comparaci\u00f3n con los sustituyentes metiltio o isopropiltio.<\/li>\n<\/ul>\n<p><b>2. qu\u00edmica anal\u00edtica e investigaci\u00f3n forense:<\/b><\/p>\n<ul>\n<li><b>Qu\u00edmica anal\u00edtica e investigaci\u00f3n forense:<\/b> El material sirve de <b>norma anal\u00edtica<\/b> para el desarrollo y la validaci\u00f3n de m\u00e9todos de detecci\u00f3n mediante <b>HPLC<\/b> o <b>GC\/MS<\/b>.<\/li>\n<li><b>Elucidaci\u00f3n de la estructura:<\/b> Se utiliza para establecer espectros de referencia para la identificaci\u00f3n de muestras desconocidas en aplicaciones forenses.<\/li>\n<\/ul>\n<h2>Garant\u00eda de calidad anal\u00edtica y requisitos de laboratorio<\/h2>\n<p>La integridad de la investigaci\u00f3n exige el m\u00e1ximo nivel de pureza <span class=\"math-inline\" data-math=\"mathbf{ge 98%}\">98%<\/span>\u00a0y documentaci\u00f3n completa del material.<\/p>\n<h3>Caracter\u00edsticas de calidad del material de investigaci\u00f3n<\/h3>\n<ul>\n<li><b>Garant\u00eda de pureza:<\/b> La pureza qu\u00edmica del polvo 2C-T-2 debe ser <b>Pruebas de laboratorio<\/b> que tienen una pureza de <span class=\"math-inline\" data-math=\"mathbf{ge 98%}\">98%<\/span>\u00a0confirmar.<\/li>\n<li><b>Documentaci\u00f3n:<\/b> Cada lote se etiqueta con <b>certificados de an\u00e1lisis completos (CoA)<\/b> entregado.<\/li>\n<li><b>Coherencia:<\/b> <b>Consistencia de los lotes<\/b> es obligatorio.<\/li>\n<\/ul>\n<h3>Requisitos de almacenamiento y seguridad<\/h3>\n<p>La manipulaci\u00f3n de este potente material exige el estricto cumplimiento de las normas BPL.<\/p>\n<p><b>1. medidas de seguridad necesarias:<\/b><\/p>\n<ul>\n<li><b>Equipo de protecci\u00f3n individual (EPI):<\/b> Es obligatorio el uso de batas de laboratorio, guantes desechables y gafas de seguridad.<\/li>\n<li><b>Ventilaci\u00f3n:<\/b> La manipulaci\u00f3n del polvo requiere trabajar bajo <b>Vitrina de gases qu\u00edmicos<\/b>.<\/li>\n<\/ul>\n<p><b>2. almacenamiento \u00f3ptimo:<\/b><\/p>\n<ul>\n<li><b>Temperatura:<\/b> El material debe <b>genial<\/b> (idealmente <span class=\"math-inline\" data-math=\"mathbf{-20^circ C}\">-20C)<\/span>\u00a0y <b>seco<\/b> almacenarse.<\/li>\n<li><b>Protecci\u00f3n contra la luz:<\/b> Almacenamiento en <b>recipientes oscuros y opacos<\/b>.<\/li>\n<\/ul>\n<h2>Marco reglamentario y responsabilidad \u00e9tica<\/h2>\n<p>Los requisitos legales y reglamentarios de la 2C-T-2 son muy complejos y exigen un cumplimiento estricto por parte de las instituciones de investigaci\u00f3n.<\/p>\n<h3>Estatuto jur\u00eddico (depende de la jurisdicci\u00f3n)<\/h3>\n<p>La situaci\u00f3n jur\u00eddica de la 2C-T-2 var\u00eda mucho de un pa\u00eds a otro:<\/p>\n<ul>\n<li>En muchas regiones es <b>Prohibido o regulado<\/b>.<\/li>\n<li><b>Obligaci\u00f3n imperativa:<\/b> Las instituciones de investigaci\u00f3n deben <b>compruebe la normativa aplicable de la jurisdicci\u00f3n respectiva antes de la compra<\/b>.<\/li>\n<\/ul>\n<h3>Control de las adquisiciones y requisitos de los pedidos<\/h3>\n<p>La adquisici\u00f3n de 2C-T-2 se limita estrictamente a la investigaci\u00f3n cient\u00edfica documentada.<\/p>\n<ul>\n<li><b>Certificado del Instituto:<\/b> La documentaci\u00f3n de la instituci\u00f3n o laboratorio de investigaci\u00f3n es obligatoria.<\/li>\n<li><b>Uso previsto:<\/b> Deber\u00e1 presentarse una descripci\u00f3n cient\u00edfica del proyecto de investigaci\u00f3n.<\/li>\n<\/ul>\n<p><b>Nota importante:<\/b> 2C-T-2 es <b>exclusivamente con fines de investigaci\u00f3n<\/b> y <b>no destinados al consumo humano<\/b>. Cualquier uso no autorizado constituye una infracci\u00f3n grave.<\/p>\n<h2>Conclusi\u00f3n<\/h2>\n<p>La 2C-T-2 constituye un valioso sistema modelo en neurofarmacolog\u00eda para descifrar los mecanismos de acci\u00f3n de los tioan\u00e1logos en los receptores serotonin\u00e9rgicos. Los laboratorios y las instituciones cient\u00edficas deben mantener la m\u00e1xima calidad y estricta <b>Cumplimiento de todas las leyes y protocolos de seguridad<\/b> garant\u00eda.<\/p>","protected":false},"excerpt":{"rendered":"<p style=\"text-align: center;\">2C-T-2<\/p>\n<hr \/>\n<p>El 2C-T-2 es un producto qu\u00edmico sint\u00e9tico de alta pureza para la investigaci\u00f3n cient\u00edfica. Este producto es ideal para estudios farmacol\u00f3gicos, an\u00e1lisis de receptores y experimentos qu\u00edmicos. Cada lote se somete a rigurosas pruebas para garantizar su fiabilidad y estabilidad. S\u00f3lo para uso en laboratorio.<\/p>","protected":false},"featured_media":6770,"comment_status":"open","ping_status":"closed","template":"","meta":{"_joinchat":[]},"product_brand":[],"product_cat":[1795],"product_tag":[1844,1850,1845,1848,1849,1847,1846,188,1814,1841],"class_list":{"0":"post-6742","1":"product","2":"type-product","3":"status-publish","4":"has-post-thumbnail","6":"product_cat-2c-serie","7":"product_tag-2c-t-2","8":"product_tag-2c-t-2-chemikalien","9":"product_tag-2c-t-2-kaufen","10":"product_tag-2c-t-2-kristalle","11":"product_tag-2c-t-2-online","12":"product_tag-2c-t-2-pulver","13":"product_tag-2c-t-2-zum-verkauf","14":"product_tag-forschungschemikalien","15":"product_tag-forschungsstoffe-kaufen","16":"product_tag-synthetische-phenethylamine","18":"first","19":"instock","20":"shipping-taxable","21":"purchasable","22":"product-type-variable"},"yoast_head":"<!-- This site is optimized with the Yoast SEO plugin v27.5 - https:\/\/yoast.com\/product\/yoast-seo-wordpress\/ -->\n<title>2C-T-2 online kaufen \u2013 2C-T-2 zu verkaufen | chemgramx<\/title>\n<meta name=\"description\" content=\"Wir sind der f\u00fchrende Shop mit 2c-t-2 zum Verkauf. Wenn Sie 2c-t-2 online kaufen m\u00f6chten, kontaktieren Sie uns sofort und lassen Sie sich die Bestellung liefern. Jetzt bestellen!\" \/>\n<meta name=\"robots\" content=\"index, follow, max-snippet:-1, max-image-preview:large, max-video-preview:-1\" \/>\n<link rel=\"canonical\" href=\"https:\/\/chemgramx.com\/es\/producto-1\/comprar-2c-t-2-en-linea\/\" \/>\n<meta property=\"og:locale\" content=\"es_ES\" \/>\n<meta property=\"og:type\" content=\"article\" \/>\n<meta property=\"og:title\" content=\"2C-T-2 online kaufen \u2013 2C-T-2 zu verkaufen | chemgramx\" \/>\n<meta property=\"og:description\" content=\"Wir sind der f\u00fchrende Shop mit 2c-t-2 zum Verkauf. Wenn Sie 2c-t-2 online kaufen m\u00f6chten, kontaktieren Sie uns sofort und lassen Sie sich die Bestellung liefern. Jetzt bestellen!\" \/>\n<meta property=\"og:url\" content=\"https:\/\/chemgramx.com\/es\/producto-1\/comprar-2c-t-2-en-linea\/\" \/>\n<meta property=\"og:site_name\" content=\"Chemgramx\" \/>\n<meta property=\"article:modified_time\" content=\"2025-11-21T11:09:50+00:00\" \/>\n<meta property=\"og:image\" content=\"https:\/\/chemgramx.com\/wp-content\/uploads\/2025\/11\/2ct2.jpg\" \/>\n\t<meta property=\"og:image:width\" content=\"600\" \/>\n\t<meta property=\"og:image:height\" content=\"400\" \/>\n\t<meta property=\"og:image:type\" content=\"image\/jpeg\" \/>\n<meta name=\"twitter:card\" content=\"summary_large_image\" \/>\n<meta name=\"twitter:label1\" content=\"Tiempo de lectura\" \/>\n\t<meta name=\"twitter:data1\" content=\"3 minutos\" \/>\n<script type=\"application\/ld+json\" class=\"yoast-schema-graph\">{\"@context\":\"https:\\\/\\\/schema.org\",\"@graph\":[{\"@type\":\"WebPage\",\"@id\":\"https:\\\/\\\/chemgramx.com\\\/product\\\/2c-t-2-online-kaufen\\\/\",\"url\":\"https:\\\/\\\/chemgramx.com\\\/product\\\/2c-t-2-online-kaufen\\\/\",\"name\":\"2C-T-2 online kaufen \u2013 2C-T-2 zu verkaufen | chemgramx\",\"isPartOf\":{\"@id\":\"https:\\\/\\\/chemgramx.com\\\/#website\"},\"primaryImageOfPage\":{\"@id\":\"https:\\\/\\\/chemgramx.com\\\/product\\\/2c-t-2-online-kaufen\\\/#primaryimage\"},\"image\":{\"@id\":\"https:\\\/\\\/chemgramx.com\\\/product\\\/2c-t-2-online-kaufen\\\/#primaryimage\"},\"thumbnailUrl\":\"https:\\\/\\\/chemgramx.com\\\/wp-content\\\/uploads\\\/2025\\\/11\\\/2ct2.jpg\",\"datePublished\":\"2025-11-21T11:08:51+00:00\",\"dateModified\":\"2025-11-21T11:09:50+00:00\",\"description\":\"Wir sind der f\u00fchrende Shop mit 2c-t-2 zum Verkauf. Wenn Sie 2c-t-2 online kaufen m\u00f6chten, kontaktieren Sie uns sofort und lassen Sie sich die Bestellung liefern. Jetzt bestellen!\",\"breadcrumb\":{\"@id\":\"https:\\\/\\\/chemgramx.com\\\/product\\\/2c-t-2-online-kaufen\\\/#breadcrumb\"},\"inLanguage\":\"es\",\"potentialAction\":[{\"@type\":\"ReadAction\",\"target\":[\"https:\\\/\\\/chemgramx.com\\\/product\\\/2c-t-2-online-kaufen\\\/\"]}]},{\"@type\":\"ImageObject\",\"inLanguage\":\"es\",\"@id\":\"https:\\\/\\\/chemgramx.com\\\/product\\\/2c-t-2-online-kaufen\\\/#primaryimage\",\"url\":\"https:\\\/\\\/chemgramx.com\\\/wp-content\\\/uploads\\\/2025\\\/11\\\/2ct2.jpg\",\"contentUrl\":\"https:\\\/\\\/chemgramx.com\\\/wp-content\\\/uploads\\\/2025\\\/11\\\/2ct2.jpg\",\"width\":600,\"height\":400},{\"@type\":\"BreadcrumbList\",\"@id\":\"https:\\\/\\\/chemgramx.com\\\/product\\\/2c-t-2-online-kaufen\\\/#breadcrumb\",\"itemListElement\":[{\"@type\":\"ListItem\",\"position\":1,\"name\":\"Home\",\"item\":\"https:\\\/\\\/chemgramx.com\\\/\"},{\"@type\":\"ListItem\",\"position\":2,\"name\":\"Shop\",\"item\":\"https:\\\/\\\/chemgramx.com\\\/shop\\\/\"},{\"@type\":\"ListItem\",\"position\":3,\"name\":\"2C-T-2 Online kaufen\"}]},{\"@type\":\"WebSite\",\"@id\":\"https:\\\/\\\/chemgramx.com\\\/#website\",\"url\":\"https:\\\/\\\/chemgramx.com\\\/\",\"name\":\"Chemgramx\",\"description\":\"\",\"publisher\":{\"@id\":\"https:\\\/\\\/chemgramx.com\\\/#organization\"},\"potentialAction\":[{\"@type\":\"SearchAction\",\"target\":{\"@type\":\"EntryPoint\",\"urlTemplate\":\"https:\\\/\\\/chemgramx.com\\\/?s={search_term_string}\"},\"query-input\":{\"@type\":\"PropertyValueSpecification\",\"valueRequired\":true,\"valueName\":\"search_term_string\"}}],\"inLanguage\":\"es\"},{\"@type\":\"Organization\",\"@id\":\"https:\\\/\\\/chemgramx.com\\\/#organization\",\"name\":\"Chemgramx\",\"url\":\"https:\\\/\\\/chemgramx.com\\\/\",\"logo\":{\"@type\":\"ImageObject\",\"inLanguage\":\"es\",\"@id\":\"https:\\\/\\\/chemgramx.com\\\/#\\\/schema\\\/logo\\\/image\\\/\",\"url\":\"https:\\\/\\\/chemgramx.com\\\/wp-content\\\/uploads\\\/2024\\\/10\\\/final-logo.png\",\"contentUrl\":\"https:\\\/\\\/chemgramx.com\\\/wp-content\\\/uploads\\\/2024\\\/10\\\/final-logo.png\",\"width\":250,\"height\":48,\"caption\":\"Chemgramx\"},\"image\":{\"@id\":\"https:\\\/\\\/chemgramx.com\\\/#\\\/schema\\\/logo\\\/image\\\/\"}}]}<\/script>\n<!-- \/ Yoast SEO plugin. -->","yoast_head_json":{"title":"Compre 2C-T-2 en l\u00ednea \u2013 2C-T-2 a la venta | chemgramx","description":"Somos la tienda l\u00edder en venta de 2c-t-2. Si desea comprar 2c-t-2 en l\u00ednea, cont\u00e1ctenos de inmediato y le enviaremos su pedido. \u00a1Compre ahora!","robots":{"index":"index","follow":"follow","max-snippet":"max-snippet:-1","max-image-preview":"max-image-preview:large","max-video-preview":"max-video-preview:-1"},"canonical":"https:\/\/chemgramx.com\/es\/producto-1\/comprar-2c-t-2-en-linea\/","og_locale":"es_ES","og_type":"article","og_title":"2C-T-2 online kaufen \u2013 2C-T-2 zu verkaufen | chemgramx","og_description":"Wir sind der f\u00fchrende Shop mit 2c-t-2 zum Verkauf. Wenn Sie 2c-t-2 online kaufen m\u00f6chten, kontaktieren Sie uns sofort und lassen Sie sich die Bestellung liefern. Jetzt bestellen!","og_url":"https:\/\/chemgramx.com\/es\/producto-1\/comprar-2c-t-2-en-linea\/","og_site_name":"Chemgramx","article_modified_time":"2025-11-21T11:09:50+00:00","og_image":[{"width":600,"height":400,"url":"https:\/\/chemgramx.com\/wp-content\/uploads\/2025\/11\/2ct2.jpg","type":"image\/jpeg"}],"twitter_card":"summary_large_image","twitter_misc":{"Tiempo de lectura":"3 minutos"},"schema":{"@context":"https:\/\/schema.org","@graph":[{"@type":"WebPage","@id":"https:\/\/chemgramx.com\/product\/2c-t-2-online-kaufen\/","url":"https:\/\/chemgramx.com\/product\/2c-t-2-online-kaufen\/","name":"Compre 2C-T-2 en l\u00ednea \u2013 2C-T-2 a la venta | chemgramx","isPartOf":{"@id":"https:\/\/chemgramx.com\/#website"},"primaryImageOfPage":{"@id":"https:\/\/chemgramx.com\/product\/2c-t-2-online-kaufen\/#primaryimage"},"image":{"@id":"https:\/\/chemgramx.com\/product\/2c-t-2-online-kaufen\/#primaryimage"},"thumbnailUrl":"https:\/\/chemgramx.com\/wp-content\/uploads\/2025\/11\/2ct2.jpg","datePublished":"2025-11-21T11:08:51+00:00","dateModified":"2025-11-21T11:09:50+00:00","description":"Somos la tienda l\u00edder en venta de 2c-t-2. Si desea comprar 2c-t-2 en l\u00ednea, cont\u00e1ctenos de inmediato y le enviaremos su pedido. \u00a1Compre ahora!","breadcrumb":{"@id":"https:\/\/chemgramx.com\/product\/2c-t-2-online-kaufen\/#breadcrumb"},"inLanguage":"es","potentialAction":[{"@type":"ReadAction","target":["https:\/\/chemgramx.com\/product\/2c-t-2-online-kaufen\/"]}]},{"@type":"ImageObject","inLanguage":"es","@id":"https:\/\/chemgramx.com\/product\/2c-t-2-online-kaufen\/#primaryimage","url":"https:\/\/chemgramx.com\/wp-content\/uploads\/2025\/11\/2ct2.jpg","contentUrl":"https:\/\/chemgramx.com\/wp-content\/uploads\/2025\/11\/2ct2.jpg","width":600,"height":400},{"@type":"BreadcrumbList","@id":"https:\/\/chemgramx.com\/product\/2c-t-2-online-kaufen\/#breadcrumb","itemListElement":[{"@type":"ListItem","position":1,"name":"Home","item":"https:\/\/chemgramx.com\/"},{"@type":"ListItem","position":2,"name":"Shop","item":"https:\/\/chemgramx.com\/shop\/"},{"@type":"ListItem","position":3,"name":"2C-T-2 Online kaufen"}]},{"@type":"WebSite","@id":"https:\/\/chemgramx.com\/#website","url":"https:\/\/chemgramx.com\/","name":"Chemgramx","description":"","publisher":{"@id":"https:\/\/chemgramx.com\/#organization"},"potentialAction":[{"@type":"SearchAction","target":{"@type":"EntryPoint","urlTemplate":"https:\/\/chemgramx.com\/?s={search_term_string}"},"query-input":{"@type":"PropertyValueSpecification","valueRequired":true,"valueName":"search_term_string"}}],"inLanguage":"es"},{"@type":"Organization","@id":"https:\/\/chemgramx.com\/#organization","name":"Chemgramx","url":"https:\/\/chemgramx.com\/","logo":{"@type":"ImageObject","inLanguage":"es","@id":"https:\/\/chemgramx.com\/#\/schema\/logo\/image\/","url":"https:\/\/chemgramx.com\/wp-content\/uploads\/2024\/10\/final-logo.png","contentUrl":"https:\/\/chemgramx.com\/wp-content\/uploads\/2024\/10\/final-logo.png","width":250,"height":48,"caption":"Chemgramx"},"image":{"@id":"https:\/\/chemgramx.com\/#\/schema\/logo\/image\/"}}]}},"_links":{"self":[{"href":"https:\/\/chemgramx.com\/es\/wp-json\/wp\/v2\/product\/6742","targetHints":{"allow":["GET"]}}],"collection":[{"href":"https:\/\/chemgramx.com\/es\/wp-json\/wp\/v2\/product"}],"about":[{"href":"https:\/\/chemgramx.com\/es\/wp-json\/wp\/v2\/types\/product"}],"replies":[{"embeddable":true,"href":"https:\/\/chemgramx.com\/es\/wp-json\/wp\/v2\/comments?post=6742"}],"wp:featuredmedia":[{"embeddable":true,"href":"https:\/\/chemgramx.com\/es\/wp-json\/wp\/v2\/media\/6770"}],"wp:attachment":[{"href":"https:\/\/chemgramx.com\/es\/wp-json\/wp\/v2\/media?parent=6742"}],"wp:term":[{"taxonomy":"product_brand","embeddable":true,"href":"https:\/\/chemgramx.com\/es\/wp-json\/wp\/v2\/product_brand?post=6742"},{"taxonomy":"product_cat","embeddable":true,"href":"https:\/\/chemgramx.com\/es\/wp-json\/wp\/v2\/product_cat?post=6742"},{"taxonomy":"product_tag","embeddable":true,"href":"https:\/\/chemgramx.com\/es\/wp-json\/wp\/v2\/product_tag?post=6742"}],"curies":[{"name":"wp","href":"https:\/\/api.w.org\/{rel}","templated":true}]}}