{"id":6743,"date":"2025-11-21T11:08:52","date_gmt":"2025-11-21T11:08:52","guid":{"rendered":"https:\/\/chemgramx.com\/?post_type=product&#038;p=6743"},"modified":"2025-11-21T11:09:50","modified_gmt":"2025-11-21T11:09:50","slug":"comprar-2c-t-4-en-linea","status":"publish","type":"product","link":"https:\/\/chemgramx.com\/es\/product\/2c-t-4-online-kaufen\/","title":{"rendered":"Comprar 2C-T-4 en l\u00ednea"},"content":{"rendered":"<p>La clase de <b>2C-Fenetilamina<\/b> y sus tioan\u00e1logos representan un campo importante para la investigaci\u00f3n de la <b>neurofarmacolog\u00eda serotonin\u00e9rgica<\/b> representar. <b>2C-T-4<\/b> es un producto qu\u00edmico sint\u00e9tico de investigaci\u00f3n que <b>exclusivamente<\/b> est\u00e1 dise\u00f1ado para investigaciones anal\u00edticas y cient\u00edficas en entornos de laboratorio estrictamente controlados. Debido a su <b>Estructura de la tiofenetilamina<\/b> y las propiedades farmacol\u00f3gicas asociadas, 2C-T-4 sirve como sistema modelo esencial en la <b>Investigaci\u00f3n de receptores<\/b>.<\/p>\n<p>Esta sustancia de gran pureza es <b>exclusivamente para estudios anal\u00edticos y cient\u00edficos<\/b> ofrecido. Destacamos que la 2C-T-4, debido a su conocida actividad farmacol\u00f3gica <b>los protocolos legales y de seguridad m\u00e1s estrictos<\/b> est\u00e1 sujeta a y <b>no destinados al consumo humano<\/b> es.<\/p>\n<h2>Perfil qu\u00edmico, origen y relevancia farmacol\u00f3gica<\/h2>\n<p>Comprender la estructura qu\u00edmica de la 2C-T-4 y sus efectos en la neurobiolog\u00eda es el objetivo central de la investigaci\u00f3n en la que se utiliza este material.<\/p>\n<h3>Origen y perfil qu\u00edmico<\/h3>\n<p><b>2C-T-4<\/b> (Nombre qu\u00edmico completo: <b>2,5-Dimetoxi-4-isopropiltiofenetilamina<\/b>) pertenece a la clase de <b>An\u00e1logos tio<\/b> de las fenetilaminas. Fue sintetizada por Alexander Shulgin y documentada detalladamente en su obra \u201ePiHKAL\u201c.<\/p>\n<p>La estructura molecular se define por<\/p>\n<ul>\n<li><b>Espina dorsal de tiofenetilamina:<\/b> A diferencia de las fenetilaminas puras, esta mol\u00e9cula contiene un \u00e1tomo de azufre en la cadena lateral del anillo fenilo, lo que la convierte en una <b>Thio an\u00e1logo<\/b> e influye en su lipofilia y destino metab\u00f3lico.<\/li>\n<li><b>Sustituci\u00f3n dimetoxi:<\/b> En <span class=\"math-inline\" data-math=\"mathbf{2,5}\">2,5<\/span>&#8211;<b>Grupos dimetoxi<\/b> en el anillo fenilo son caracter\u00edsticos de la familia 2C e influyen en la afinidad a los receptores de serotonina.<\/li>\n<li><b>Sustituci\u00f3n isopropiltio:<\/b> En <span class=\"math-inline\" data-math=\"mathbf{4}\">4<\/span>&#8211;<b>Grupo isopropiltio<\/b> en el anillo fenilo es la modificaci\u00f3n espec\u00edfica que confiere a la 2C-T-4 sus propiedades \u00fanicas.<\/li>\n<\/ul>\n<p>Esta configuraci\u00f3n qu\u00edmica hace que el 2C-T-4 sea reconocido en los informes de investigaci\u00f3n por su <b>efectos visuales distintivos<\/b> y <b>amplificaci\u00f3n sensorial<\/b> conocido, que ofrece interesantes oportunidades para <b>estudios neuroqu\u00edmicos y psicol\u00f3gicos<\/b> ofertas.<\/p>\n<h3>Modo de acci\u00f3n molecular y aplicaciones en investigaci\u00f3n<\/h3>\n<p>La principal relevancia investigadora de la 2C-T-4 radica en su afinidad con el <b>receptores serotonin\u00e9rgicos<\/b>.<\/p>\n<p><b>1. investigaci\u00f3n en neuroqu\u00edmica y psicolog\u00eda:<\/b><\/p>\n<ul>\n<li><b>Uni\u00f3n a receptores:<\/b> La sustancia se utiliza para analizar la <b>actividad funcional<\/b> y el <b>Cin\u00e9tica de uni\u00f3n<\/b> en los receptores de serotonina.<\/li>\n<li><b>Estudios sobre cambios en la percepci\u00f3n:<\/b> An\u00e1lisis de la <a href=\"\/product\/2-fluoroamphetamine-2-fa-online-kaufen\/\">molecular<\/a> Mecanismos subyacentes a los pronunciados efectos sensoriales.<\/li>\n<\/ul>\n<p><b>2. qu\u00edmica forense y anal\u00edtica:<\/b><\/p>\n<ul>\n<li><b>Experimentos anal\u00edticos y qu\u00edmicos:<\/b> El material sirve de <b>norma anal\u00edtica<\/b> para el desarrollo y la validaci\u00f3n de m\u00e9todos de detecci\u00f3n mediante <b>HPLC<\/b> o <b>GC\/MS<\/b>.<\/li>\n<li><b>Aplicaciones forenses:<\/b> Utilizaci\u00f3n del tioan\u00e1logo caracter\u00edstico como sustancia de referencia para la identificaci\u00f3n de muestras desconocidas.<\/li>\n<\/ul>\n<h2>Garant\u00eda de calidad anal\u00edtica y requisitos de laboratorio<\/h2>\n<p>La integridad de la investigaci\u00f3n exige el m\u00e1ximo nivel de pureza <span class=\"math-inline\" data-math=\"mathbf{ge 98%}\">98%<\/span>\u00a0y documentaci\u00f3n completa del material.<\/p>\n<h3>Caracter\u00edsticas de calidad del material de investigaci\u00f3n<\/h3>\n<ul>\n<li><b>Garant\u00eda de pureza:<\/b> La pureza qu\u00edmica del polvo 2C-T-4 debe ser <span class=\"math-inline\" data-math=\"mathbf{ge 98%}\">\u00a098%<\/span>\u00a0y por <b>An\u00e1lisis HPLC<\/b> confirmarse.<\/li>\n<li><b>Documentaci\u00f3n:<\/b> Cada lote se etiqueta con <b>certificados de an\u00e1lisis completos (CoA)<\/b> entregado.<\/li>\n<li><b>Coherencia:<\/b> <b>Consistencia de los lotes<\/b> es absolutamente necesario para garantizar la reproducibilidad.<\/li>\n<\/ul>\n<h3>Requisitos de almacenamiento y seguridad<\/h3>\n<p>La manipulaci\u00f3n de este potente material exige el estricto cumplimiento de las normas BPL.<\/p>\n<p><b>1. medidas de seguridad necesarias:<\/b><\/p>\n<ul>\n<li><b>Equipo de protecci\u00f3n individual (EPI):<\/b> Es obligatorio el uso de batas de laboratorio, guantes desechables y gafas de seguridad.<\/li>\n<li><b>Ventilaci\u00f3n:<\/b> La manipulaci\u00f3n del polvo requiere trabajar bajo <b>Vitrina de gases qu\u00edmicos<\/b>.<\/li>\n<\/ul>\n<p><b>2. almacenamiento \u00f3ptimo:<\/b><\/p>\n<ul>\n<li><b>Temperatura:<\/b> El material debe <b>genial<\/b> idealmente <span class=\"math-inline\" data-math=\"mathbf{-20^circ C}\">-20 C<\/span>\u00a0y <b>seco<\/b> almacenarse.<\/li>\n<li><b>Protecci\u00f3n contra la luz:<\/b> Almacenamiento en <b>recipientes oscuros y opacos<\/b>, para evitar la descomposici\u00f3n por la luz.<\/li>\n<\/ul>\n<h2>Marco reglamentario y responsabilidad \u00e9tica<\/h2>\n<p>Los requisitos legales y reglamentarios de la 2C-T-4 son muy complejos y exigen un cumplimiento estricto por parte de las instituciones de investigaci\u00f3n.<\/p>\n<h3>Estatuto jur\u00eddico (depende de la jurisdicci\u00f3n)<\/h3>\n<p>La situaci\u00f3n jur\u00eddica de la 2C-T-4 var\u00eda mucho de un pa\u00eds a otro:<\/p>\n<ul>\n<li>En muchas regiones se incluye en <b>sustancias controladas<\/b> (por ejemplo, leyes sobre estupefacientes o NpSG).<\/li>\n<li><b>Obligaci\u00f3n imperativa:<\/b> Las instituciones de investigaci\u00f3n deben <b>compruebe la normativa aplicable de la jurisdicci\u00f3n respectiva antes de la compra<\/b>. El comprador es el \u00fanico responsable del cumplimiento de la ley.<\/li>\n<\/ul>\n<h3>Control de adquisici\u00f3n y uso previsto<\/h3>\n<p>La adquisici\u00f3n de 2C-T-4 se limita estrictamente a la investigaci\u00f3n cient\u00edfica documentada.<\/p>\n<ul>\n<li><b>Certificado del Instituto:<\/b> La documentaci\u00f3n de la instituci\u00f3n o laboratorio de investigaci\u00f3n es obligatoria.<\/li>\n<li><b>Uso previsto:<\/b> Deber\u00e1 presentarse una descripci\u00f3n cient\u00edfica del proyecto de investigaci\u00f3n.<\/li>\n<\/ul>\n<p><b>Nota importante:<\/b> 2C-T-4 es <b>exclusivamente con fines de investigaci\u00f3n<\/b> y <b>no destinados al consumo humano<\/b>. Cualquier uso no autorizado constituye una infracci\u00f3n grave.<\/p>\n<h2>Conclusi\u00f3n<\/h2>\n<p>La 2C-T-4 sirve como sistema modelo \u00fanico en neurofarmacolog\u00eda para descifrar los mecanismos de acci\u00f3n de las tiofenetilaminas en los receptores serotonin\u00e9rgicos. Los laboratorios e instituciones cient\u00edficas que requieren este material de alta calidad para an\u00e1lisis y experimentos deben garantizar la m\u00e1xima calidad y un estricto control de calidad. <b>Cumplimiento de todas las leyes y protocolos de seguridad<\/b> garant\u00eda.<\/p>","protected":false},"excerpt":{"rendered":"<p>Breve descripci\u00f3n (55 palabras) El 2C-T-4 es un producto qu\u00edmico sint\u00e9tico para la investigaci\u00f3n cient\u00edfica conocido por su gran pureza y estabilidad. Este producto es ideal para experimentos farmacol\u00f3gicos, pruebas de receptores y pruebas qu\u00edmicas. Cada lote se somete a rigurosas pruebas para garantizar su calidad y fiabilidad. S\u00f3lo para uso en laboratorio.<\/p>","protected":false},"featured_media":6771,"comment_status":"open","ping_status":"closed","template":"","meta":{"_joinchat":[]},"product_brand":[],"product_cat":[1795],"product_tag":[1836,1843,1837,1840,1842,1839,1838,188,1814,1841],"class_list":{"0":"post-6743","1":"product","2":"type-product","3":"status-publish","4":"has-post-thumbnail","6":"product_cat-2c-serie","7":"product_tag-2c-t-4","8":"product_tag-2c-t-4-chemikalien","9":"product_tag-2c-t-4-kaufen","10":"product_tag-2c-t-4-kristalle","11":"product_tag-2c-t-4-online","12":"product_tag-2c-t-4-pulver","13":"product_tag-2c-t-4-zum-verkauf","14":"product_tag-forschungschemikalien","15":"product_tag-forschungsstoffe-kaufen","16":"product_tag-synthetische-phenethylamine","18":"first","19":"instock","20":"shipping-taxable","21":"purchasable","22":"product-type-variable"},"yoast_head":"<!-- This site is optimized with the Yoast SEO plugin v27.5 - https:\/\/yoast.com\/product\/yoast-seo-wordpress\/ -->\n<title>2C-T-4 online kaufen \u2013 2C-T-4 zu verkaufen | chemgramx<\/title>\n<meta name=\"description\" content=\"Jetzt ist die beste Zeit, unseren Online-Shop zu besuchen und 2c-t-4 online zu kaufen. Wir haben hier hochwertiges 2c-t-4 zum g\u00fcnstigsten Preis zu verkaufen. Treffen Sie uns online und geben Sie noch heute Ihre Bestellung auf.\" \/>\n<meta name=\"robots\" content=\"index, follow, max-snippet:-1, max-image-preview:large, max-video-preview:-1\" \/>\n<link rel=\"canonical\" href=\"https:\/\/chemgramx.com\/es\/producto-1\/comprar-2c-t-4-en-linea\/\" \/>\n<meta property=\"og:locale\" content=\"es_ES\" \/>\n<meta property=\"og:type\" content=\"article\" \/>\n<meta property=\"og:title\" content=\"2C-T-4 online kaufen \u2013 2C-T-4 zu verkaufen | chemgramx\" \/>\n<meta property=\"og:description\" content=\"Jetzt ist die beste Zeit, unseren Online-Shop zu besuchen und 2c-t-4 online zu kaufen. Wir haben hier hochwertiges 2c-t-4 zum g\u00fcnstigsten Preis zu verkaufen. Treffen Sie uns online und geben Sie noch heute Ihre Bestellung auf.\" \/>\n<meta property=\"og:url\" content=\"https:\/\/chemgramx.com\/es\/producto-1\/comprar-2c-t-4-en-linea\/\" \/>\n<meta property=\"og:site_name\" content=\"Chemgramx\" \/>\n<meta property=\"article:modified_time\" content=\"2025-11-21T11:09:50+00:00\" \/>\n<meta property=\"og:image\" content=\"https:\/\/chemgramx.com\/wp-content\/uploads\/2025\/11\/2ct4.jpg\" \/>\n\t<meta property=\"og:image:width\" content=\"600\" \/>\n\t<meta property=\"og:image:height\" content=\"400\" \/>\n\t<meta property=\"og:image:type\" content=\"image\/jpeg\" \/>\n<meta name=\"twitter:card\" content=\"summary_large_image\" \/>\n<meta name=\"twitter:label1\" content=\"Tiempo de lectura\" \/>\n\t<meta name=\"twitter:data1\" content=\"3 minutos\" \/>\n<script type=\"application\/ld+json\" class=\"yoast-schema-graph\">{\"@context\":\"https:\\\/\\\/schema.org\",\"@graph\":[{\"@type\":\"WebPage\",\"@id\":\"https:\\\/\\\/chemgramx.com\\\/product\\\/2c-t-4-online-kaufen\\\/\",\"url\":\"https:\\\/\\\/chemgramx.com\\\/product\\\/2c-t-4-online-kaufen\\\/\",\"name\":\"2C-T-4 online kaufen \u2013 2C-T-4 zu verkaufen | chemgramx\",\"isPartOf\":{\"@id\":\"https:\\\/\\\/chemgramx.com\\\/#website\"},\"primaryImageOfPage\":{\"@id\":\"https:\\\/\\\/chemgramx.com\\\/product\\\/2c-t-4-online-kaufen\\\/#primaryimage\"},\"image\":{\"@id\":\"https:\\\/\\\/chemgramx.com\\\/product\\\/2c-t-4-online-kaufen\\\/#primaryimage\"},\"thumbnailUrl\":\"https:\\\/\\\/chemgramx.com\\\/wp-content\\\/uploads\\\/2025\\\/11\\\/2ct4.jpg\",\"datePublished\":\"2025-11-21T11:08:52+00:00\",\"dateModified\":\"2025-11-21T11:09:50+00:00\",\"description\":\"Jetzt ist die beste Zeit, unseren Online-Shop zu besuchen und 2c-t-4 online zu kaufen. Wir haben hier hochwertiges 2c-t-4 zum g\u00fcnstigsten Preis zu verkaufen. Treffen Sie uns online und geben Sie noch heute Ihre Bestellung auf.\",\"breadcrumb\":{\"@id\":\"https:\\\/\\\/chemgramx.com\\\/product\\\/2c-t-4-online-kaufen\\\/#breadcrumb\"},\"inLanguage\":\"es\",\"potentialAction\":[{\"@type\":\"ReadAction\",\"target\":[\"https:\\\/\\\/chemgramx.com\\\/product\\\/2c-t-4-online-kaufen\\\/\"]}]},{\"@type\":\"ImageObject\",\"inLanguage\":\"es\",\"@id\":\"https:\\\/\\\/chemgramx.com\\\/product\\\/2c-t-4-online-kaufen\\\/#primaryimage\",\"url\":\"https:\\\/\\\/chemgramx.com\\\/wp-content\\\/uploads\\\/2025\\\/11\\\/2ct4.jpg\",\"contentUrl\":\"https:\\\/\\\/chemgramx.com\\\/wp-content\\\/uploads\\\/2025\\\/11\\\/2ct4.jpg\",\"width\":600,\"height\":400},{\"@type\":\"BreadcrumbList\",\"@id\":\"https:\\\/\\\/chemgramx.com\\\/product\\\/2c-t-4-online-kaufen\\\/#breadcrumb\",\"itemListElement\":[{\"@type\":\"ListItem\",\"position\":1,\"name\":\"Home\",\"item\":\"https:\\\/\\\/chemgramx.com\\\/\"},{\"@type\":\"ListItem\",\"position\":2,\"name\":\"Shop\",\"item\":\"https:\\\/\\\/chemgramx.com\\\/shop\\\/\"},{\"@type\":\"ListItem\",\"position\":3,\"name\":\"2C-T-4 Online kaufen\"}]},{\"@type\":\"WebSite\",\"@id\":\"https:\\\/\\\/chemgramx.com\\\/#website\",\"url\":\"https:\\\/\\\/chemgramx.com\\\/\",\"name\":\"Chemgramx\",\"description\":\"\",\"publisher\":{\"@id\":\"https:\\\/\\\/chemgramx.com\\\/#organization\"},\"potentialAction\":[{\"@type\":\"SearchAction\",\"target\":{\"@type\":\"EntryPoint\",\"urlTemplate\":\"https:\\\/\\\/chemgramx.com\\\/?s={search_term_string}\"},\"query-input\":{\"@type\":\"PropertyValueSpecification\",\"valueRequired\":true,\"valueName\":\"search_term_string\"}}],\"inLanguage\":\"es\"},{\"@type\":\"Organization\",\"@id\":\"https:\\\/\\\/chemgramx.com\\\/#organization\",\"name\":\"Chemgramx\",\"url\":\"https:\\\/\\\/chemgramx.com\\\/\",\"logo\":{\"@type\":\"ImageObject\",\"inLanguage\":\"es\",\"@id\":\"https:\\\/\\\/chemgramx.com\\\/#\\\/schema\\\/logo\\\/image\\\/\",\"url\":\"https:\\\/\\\/chemgramx.com\\\/wp-content\\\/uploads\\\/2024\\\/10\\\/final-logo.png\",\"contentUrl\":\"https:\\\/\\\/chemgramx.com\\\/wp-content\\\/uploads\\\/2024\\\/10\\\/final-logo.png\",\"width\":250,\"height\":48,\"caption\":\"Chemgramx\"},\"image\":{\"@id\":\"https:\\\/\\\/chemgramx.com\\\/#\\\/schema\\\/logo\\\/image\\\/\"}}]}<\/script>\n<!-- \/ Yoast SEO plugin. -->","yoast_head_json":{"title":"Compre 2C-T-4 en l\u00ednea \u2013 2C-T-4 a la venta | chemgramx","description":"Ahora es el mejor momento para visitar nuestra tienda en l\u00ednea y comprar 2c-t-4. Tenemos 2c-t-4 de alta calidad a la venta al precio m\u00e1s asequible. Vis\u00edtenos en l\u00ednea y haga su pedido hoy mismo.","robots":{"index":"index","follow":"follow","max-snippet":"max-snippet:-1","max-image-preview":"max-image-preview:large","max-video-preview":"max-video-preview:-1"},"canonical":"https:\/\/chemgramx.com\/es\/producto-1\/comprar-2c-t-4-en-linea\/","og_locale":"es_ES","og_type":"article","og_title":"2C-T-4 online kaufen \u2013 2C-T-4 zu verkaufen | chemgramx","og_description":"Jetzt ist die beste Zeit, unseren Online-Shop zu besuchen und 2c-t-4 online zu kaufen. Wir haben hier hochwertiges 2c-t-4 zum g\u00fcnstigsten Preis zu verkaufen. Treffen Sie uns online und geben Sie noch heute Ihre Bestellung auf.","og_url":"https:\/\/chemgramx.com\/es\/producto-1\/comprar-2c-t-4-en-linea\/","og_site_name":"Chemgramx","article_modified_time":"2025-11-21T11:09:50+00:00","og_image":[{"width":600,"height":400,"url":"https:\/\/chemgramx.com\/wp-content\/uploads\/2025\/11\/2ct4.jpg","type":"image\/jpeg"}],"twitter_card":"summary_large_image","twitter_misc":{"Tiempo de lectura":"3 minutos"},"schema":{"@context":"https:\/\/schema.org","@graph":[{"@type":"WebPage","@id":"https:\/\/chemgramx.com\/product\/2c-t-4-online-kaufen\/","url":"https:\/\/chemgramx.com\/product\/2c-t-4-online-kaufen\/","name":"Compre 2C-T-4 en l\u00ednea \u2013 2C-T-4 a la venta | chemgramx","isPartOf":{"@id":"https:\/\/chemgramx.com\/#website"},"primaryImageOfPage":{"@id":"https:\/\/chemgramx.com\/product\/2c-t-4-online-kaufen\/#primaryimage"},"image":{"@id":"https:\/\/chemgramx.com\/product\/2c-t-4-online-kaufen\/#primaryimage"},"thumbnailUrl":"https:\/\/chemgramx.com\/wp-content\/uploads\/2025\/11\/2ct4.jpg","datePublished":"2025-11-21T11:08:52+00:00","dateModified":"2025-11-21T11:09:50+00:00","description":"Ahora es el mejor momento para visitar nuestra tienda en l\u00ednea y comprar 2c-t-4. Tenemos 2c-t-4 de alta calidad a la venta al precio m\u00e1s asequible. Vis\u00edtenos en l\u00ednea y haga su pedido hoy mismo.","breadcrumb":{"@id":"https:\/\/chemgramx.com\/product\/2c-t-4-online-kaufen\/#breadcrumb"},"inLanguage":"es","potentialAction":[{"@type":"ReadAction","target":["https:\/\/chemgramx.com\/product\/2c-t-4-online-kaufen\/"]}]},{"@type":"ImageObject","inLanguage":"es","@id":"https:\/\/chemgramx.com\/product\/2c-t-4-online-kaufen\/#primaryimage","url":"https:\/\/chemgramx.com\/wp-content\/uploads\/2025\/11\/2ct4.jpg","contentUrl":"https:\/\/chemgramx.com\/wp-content\/uploads\/2025\/11\/2ct4.jpg","width":600,"height":400},{"@type":"BreadcrumbList","@id":"https:\/\/chemgramx.com\/product\/2c-t-4-online-kaufen\/#breadcrumb","itemListElement":[{"@type":"ListItem","position":1,"name":"Home","item":"https:\/\/chemgramx.com\/"},{"@type":"ListItem","position":2,"name":"Shop","item":"https:\/\/chemgramx.com\/shop\/"},{"@type":"ListItem","position":3,"name":"2C-T-4 Online kaufen"}]},{"@type":"WebSite","@id":"https:\/\/chemgramx.com\/#website","url":"https:\/\/chemgramx.com\/","name":"Chemgramx","description":"","publisher":{"@id":"https:\/\/chemgramx.com\/#organization"},"potentialAction":[{"@type":"SearchAction","target":{"@type":"EntryPoint","urlTemplate":"https:\/\/chemgramx.com\/?s={search_term_string}"},"query-input":{"@type":"PropertyValueSpecification","valueRequired":true,"valueName":"search_term_string"}}],"inLanguage":"es"},{"@type":"Organization","@id":"https:\/\/chemgramx.com\/#organization","name":"Chemgramx","url":"https:\/\/chemgramx.com\/","logo":{"@type":"ImageObject","inLanguage":"es","@id":"https:\/\/chemgramx.com\/#\/schema\/logo\/image\/","url":"https:\/\/chemgramx.com\/wp-content\/uploads\/2024\/10\/final-logo.png","contentUrl":"https:\/\/chemgramx.com\/wp-content\/uploads\/2024\/10\/final-logo.png","width":250,"height":48,"caption":"Chemgramx"},"image":{"@id":"https:\/\/chemgramx.com\/#\/schema\/logo\/image\/"}}]}},"_links":{"self":[{"href":"https:\/\/chemgramx.com\/es\/wp-json\/wp\/v2\/product\/6743","targetHints":{"allow":["GET"]}}],"collection":[{"href":"https:\/\/chemgramx.com\/es\/wp-json\/wp\/v2\/product"}],"about":[{"href":"https:\/\/chemgramx.com\/es\/wp-json\/wp\/v2\/types\/product"}],"replies":[{"embeddable":true,"href":"https:\/\/chemgramx.com\/es\/wp-json\/wp\/v2\/comments?post=6743"}],"wp:featuredmedia":[{"embeddable":true,"href":"https:\/\/chemgramx.com\/es\/wp-json\/wp\/v2\/media\/6771"}],"wp:attachment":[{"href":"https:\/\/chemgramx.com\/es\/wp-json\/wp\/v2\/media?parent=6743"}],"wp:term":[{"taxonomy":"product_brand","embeddable":true,"href":"https:\/\/chemgramx.com\/es\/wp-json\/wp\/v2\/product_brand?post=6743"},{"taxonomy":"product_cat","embeddable":true,"href":"https:\/\/chemgramx.com\/es\/wp-json\/wp\/v2\/product_cat?post=6743"},{"taxonomy":"product_tag","embeddable":true,"href":"https:\/\/chemgramx.com\/es\/wp-json\/wp\/v2\/product_tag?post=6743"}],"curies":[{"name":"wp","href":"https:\/\/api.w.org\/{rel}","templated":true}]}}