{"id":6817,"date":"2025-11-21T11:09:30","date_gmt":"2025-11-21T11:09:30","guid":{"rendered":"https:\/\/chemgramx.com\/?post_type=product&#038;p=6817"},"modified":"2025-11-21T11:10:13","modified_gmt":"2025-11-21T11:10:13","slug":"5-comprar-meo-bf-online","status":"publish","type":"product","link":"https:\/\/chemgramx.com\/es\/product\/5-meo-bf-online-kaufen\/","title":{"rendered":"Comprar 5-MeO-BF en l\u00ednea"},"content":{"rendered":"<p><b>Comprar 5-MeO-BF en l\u00ednea<\/b> significa el acceso a un <b>qu\u00edmica de investigaci\u00f3n de alta calidad<\/b> que est\u00e1n especialmente dise\u00f1ados para <b>fines de investigaci\u00f3n cient\u00edfica<\/b> fue desarrollado. Este material, conocido formalmente como <b>5-metoxibenzofurano<\/b>, se encuentra principalmente en <b>estudios neuroqu\u00edmicos y farmacol\u00f3gicos<\/b> amplio uso. Muchos cient\u00edficos buscan espec\u00edficamente oportunidades, <b>Comprar 5-MeO-BF<\/b> o <b>Comprar 5-MeO-BF en l\u00ednea<\/b>, realizar proyectos en el <b>Fijaci\u00f3n de receptores<\/b> y <b>Interacciones neurotransmisoras<\/b> actuar. Gracias a su estructura molecular \u00fanica, el compuesto es un <b>Herramienta valiosa<\/b> para laboratorios. <b>En particular<\/b> laboratorios que analizan las relaciones estructura-actividad dentro de la <b>Clase benzofurano<\/b> inmensamente de esto. Los investigadores que <b>Pedir 5-MeO-BF online<\/b> beneficiarse de una sustancia que despierta gran inter\u00e9s en la investigaci\u00f3n qu\u00edmica y biol\u00f3gica de todo el mundo. <b>Por este motivo<\/b> es esencial que la adquisici\u00f3n de un <b>fuente de investigaci\u00f3n fiable<\/b> que garantiza los m\u00e1s altos niveles de pureza y documentaci\u00f3n. Subrayamos expresamente que esta conexi\u00f3n es <b>exclusivamente con fines cient\u00edficos<\/b> determinado y <b>no apto para el consumo humano<\/b> adecuado.<\/p>\n<h2>Importancia cient\u00edfica del 5-MeO-BF: estructura y \u00e1mbitos de aplicaci\u00f3n<\/h2>\n<p>La estructura qu\u00edmica del 5-MeO-BF lo convierte en un ligando e intermediario ideal. Sus propiedades espec\u00edficas permiten realizar experimentos precisos y sirven de base para el desarrollo de nuevas mol\u00e9culas bioactivas.<\/p>\n<ul>\n<li><b>N\u00facleo de benzofurano:<\/b> Este n\u00facleo es biol\u00f3gicamente relevante. <b>Adem\u00e1s<\/b> es un bloque de construcci\u00f3n popular en la <b>s\u00edntesis farmac\u00e9utica<\/b>.<\/li>\n<li><b>Sustituci\u00f3n metoxi :<\/b> Este grupo suele ser decisivo. <b>Porque<\/b> influye en la <b>propiedades lip\u00f3filas<\/b> de la mol\u00e9cula y su interacci\u00f3n con determinadas <b>Receptores de neurotransmisores<\/b>.<\/li>\n<li><b>Intermedio de s\u00edntesis:<\/b> <b>Adem\u00e1s<\/b> La propia 5-MeO-BF suele denominarse <b>Intermedio de s\u00edntesis<\/b> utilizado. <b>Aqu\u00ed<\/b> se utiliza para introducir el esqueleto metoxibenzofurano en compuestos m\u00e1s complejos.<\/li>\n<\/ul>\n<h3>Estudios neuroqu\u00edmicos y farmacol\u00f3gicos<\/h3>\n<p>La principal aplicaci\u00f3n del 5-MeO-BF es en la <b>Investigaci\u00f3n b\u00e1sica<\/b>. Esto incluye, en particular, la investigaci\u00f3n de la serotonina y otros sistemas neurotransmisores. Los investigadores utilizan el compuesto para experimentos precisos. <b>Por ejemplo<\/b> examinar la <b>Afinidad de uni\u00f3n al receptor<\/b> y el <b>mecanismos moleculares<\/b> de esta clase de conexi\u00f3n. <b>De este modo<\/b> pueden comprender mejor la <b>Relaciones estructura-actividad<\/b> de estos compuestos heteroc\u00edclicos. <b>En el proceso<\/b> es la elevada pureza de la sustancia (pureza garantizada de<b><span class=\"math-inline\" data-math=\"mathbf{ge 98%}\">\u00a098%<\/span><\/b>) es indispensable. Garantiza <b>Resultados fiables<\/b> y la reproducibilidad de los datos cient\u00edficos.<\/p>\n<h2>Garant\u00eda de calidad y log\u00edstica: el proceso de compra a una fuente fiable<\/h2>\n<p>La elecci\u00f3n del proveedor es <b>Comprar 5-MeO-BF en l\u00ednea<\/b> un factor decisivo. Los investigadores deben poder confiar en la calidad y el cumplimiento de las normas legales.<\/p>\n<h3>Especificaciones de producto para los requisitos de investigaci\u00f3n m\u00e1s exigentes<\/h3>\n<p>Nos aseguramos de que todas las especificaciones cumplan los requisitos de la comunidad cient\u00edfica.<\/p>\n<ul>\n<li><b>Forma y consistencia:<\/b> El material est\u00e1 disponible como <b>En polvo o en forma de cristal<\/b>. <b>Esto ofrece<\/b> Flexibilidad para diversas aplicaciones de laboratorio, como la producci\u00f3n de disolventes o la s\u00edntesis en fase s\u00f3lida.<\/li>\n<li><b>Opciones de cantidad:<\/b> Ofrecemos <b>Tama\u00f1os de envases flexibles<\/b>. Las cantidades van desde peque\u00f1as cantidades para proyectos piloto hasta unidades m\u00e1s grandes para proyectos de investigaci\u00f3n extensivos y a largo plazo.<\/li>\n<li><b>Documentaci\u00f3n:<\/b> Cada entrega contiene <b><a href=\"\/product\/5-methoxymethylone-online-kaufen\/\">Certificados de an\u00e1lisis<\/a> (COA)<\/b>. <b>As\u00ed,<\/b> confirma la identidad y pureza del lote.<\/li>\n<\/ul>\n<h3>\u00bfPor qu\u00e9 comprarnos 5-MeO-BF? Centrados en la integridad y el servicio<\/h3>\n<p>Si se lo est\u00e1 preguntando, <b>d\u00f3nde comprar 5-MeO-BF<\/b>, entonces nuestra tienda es la <b>mejor lugar para comprar 5-MeO-BF online<\/b>. <b>Porque<\/b> Ofrecemos seguridad, profesionalidad y confianza.<\/p>\n<ul>\n<li><b>Calidad probada en laboratorios independientes:<\/b> Cada lote se somete a pruebas exhaustivas. <b>As\u00ed<\/b> garantizamos la m\u00e1xima calidad necesaria para <b>Investigaci\u00f3n pionera<\/b> es necesario.<\/li>\n<li><b>Env\u00edo r\u00e1pido y discreto:<\/b> Garantizamos un <b>Entrega segura y fiable<\/b>. <b>Adem\u00e1s<\/b> el env\u00edo es siempre <b>Discreto<\/b> en envases neutros.<\/li>\n<li><b>Apoyo competente a la investigaci\u00f3n:<\/b> Nuestra <b>Servicio al cliente<\/b> se especializa en <b>Productos qu\u00edmicos de investigaci\u00f3n<\/b>. <b>Por lo tanto<\/b> ofrecemos asistencia competente para cuestiones relacionadas con la manipulaci\u00f3n, el almacenamiento y la documentaci\u00f3n anal\u00edtica.<\/li>\n<\/ul>\n<h2>\u00a0Cumplimiento de la legislaci\u00f3n y seguridad en el laboratorio de 5-MeO-BF<\/h2>\n<p>La responsabilidad del cumplimiento de todos los requisitos legales recae siempre en el comprador. La manipulaci\u00f3n de productos qu\u00edmicos de investigaci\u00f3n requiere protocolos de seguridad estrictos.<\/p>\n<h3>Aviso legal importante y cumplimiento de las leyes<\/h3>\n<p>La venta de <b>Venta de 5-MeO-BF<\/b> tiene lugar <b>exclusivamente con fines de investigaci\u00f3n<\/b>. <b>Se aplica la norma estricta:<\/b> La sustancia no est\u00e1 destinada al consumo humano ni a la reventa. Los compradores deben <b>todas las leyes y reglamentos aplicables<\/b> cumplir. <b>Esto incluye<\/b> legislaci\u00f3n local y nacional sobre productos qu\u00edmicos, especialmente en lo que se refiere a la normativa de importaci\u00f3n. El sitio <b>Cumplimiento de las normas BPL (Buenas Pr\u00e1cticas de Laboratorio)<\/b> es obligatorio cuando se manipula este producto qu\u00edmico.<\/p>\n<h3>Protocolos para una manipulaci\u00f3n segura en el laboratorio<\/h3>\n<p>La manipulaci\u00f3n de 5-MeO-BF requiere el cumplimiento de protocolos de seguridad espec\u00edficos para proteger al personal.<\/p>\n<ol start=\"1\">\n<li><b>El EPI es obligatorio:<\/b> Utilice siempre <b>Equipos de protecci\u00f3n individual<\/b> (bata de laboratorio, guantes protectores y protecci\u00f3n ocular).<\/li>\n<li><b>Ventilaci\u00f3n:<\/b> El pesaje y la manipulaci\u00f3n deben realizarse bajo un <b>Vitrina de gases qu\u00edmicos<\/b> tener lugar. <b>De este modo<\/b> se evite la inhalaci\u00f3n de polvos o vapores.<\/li>\n<li><b>Almacenamiento:<\/b> El material debe <b>fresco, seco y protegido de la luz<\/b> almacenarse. <b>As\u00ed,<\/b> garantiza la integridad qu\u00edmica y la estabilidad del material.<\/li>\n<\/ol>\n<h3>Pida 5-MeO-BF en l\u00ednea ahora y comience su investigaci\u00f3n<\/h3>\n<p>No renuncie a la calidad cuando se trate de la fiabilidad de los resultados de su investigaci\u00f3n. <b>Por lo tanto<\/b> debe elegir el mejor proveedor para <b>Comprar 5-MeO-BF en l\u00ednea<\/b> para poder hacerlo. Le ofrecemos una <b>Precio del 5-MeO-BF<\/b>, una entrega discreta y una calidad probada reconocida por los principales laboratorios de todo el mundo. <b>Comprar 5-MeO-BF en l\u00ednea de una fuente de investigaci\u00f3n fiable<\/b> - segura, r\u00e1pida y fiable.<\/p>","protected":false},"excerpt":{"rendered":"<p>5-MeO-BF online kaufen bedeutet, Zugang zu einer hochwertigen Forschungschemikalie zu erhalten, die speziell f\u00fcr anspruchsvolle wissenschaftliche Forschungszwecke entwickelt&hellip;<\/p>","protected":false},"featured_media":6835,"comment_status":"open","ping_status":"closed","template":"","meta":{"_joinchat":[]},"product_brand":[],"product_cat":[52],"product_tag":[2626,2620,2627,2623,2621,2622,2625,2624,2533,2015],"class_list":{"0":"post-6817","1":"product","2":"type-product","3":"status-publish","4":"has-post-thumbnail","6":"product_cat-benzofurans","7":"product_tag-5-meo-bf-chemikalien","8":"product_tag-5-meo-bf-kaufen","9":"product_tag-5-meo-bf-kaufen-deutschland","10":"product_tag-5-meo-bf-kaufen-online","11":"product_tag-5-meo-bf-kristalle","12":"product_tag-5-meo-bf-online-kaufen","13":"product_tag-5-meo-bf-preis","14":"product_tag-5-meo-bf-prodej","15":"product_tag-chemikalien-kaufen","16":"product_tag-synthetische-drogen","18":"first","19":"instock","20":"shipping-taxable","21":"purchasable","22":"product-type-variable"},"yoast_head":"<!-- This site is optimized with the Yoast SEO plugin v27.5 - https:\/\/yoast.com\/product\/yoast-seo-wordpress\/ -->\n<title>5-MeO-BF online kaufen \u2013 5-MeO-BF zum Verkauf | chemgramx<\/title>\n<meta name=\"description\" content=\"Sie m\u00f6chten 5-meo-bf online kaufen? Entdecken Sie eine nahtlose Plattform in unserem Online-Shop, auf der Sie 5-meo-bf online kaufen k\u00f6nnen und so erstklassige Qualit\u00e4t f\u00fcr Ihre Forschungsanforderungen sicherstellen.\" \/>\n<meta name=\"robots\" content=\"index, follow, max-snippet:-1, max-image-preview:large, max-video-preview:-1\" \/>\n<link rel=\"canonical\" href=\"https:\/\/chemgramx.com\/es\/producto-1\/5-comprar-meo-bf-online\/\" \/>\n<meta property=\"og:locale\" content=\"es_ES\" \/>\n<meta property=\"og:type\" content=\"article\" \/>\n<meta property=\"og:title\" content=\"5-MeO-BF online kaufen \u2013 5-MeO-BF zum Verkauf | chemgramx\" \/>\n<meta property=\"og:description\" content=\"Sie m\u00f6chten 5-meo-bf online kaufen? Entdecken Sie eine nahtlose Plattform in unserem Online-Shop, auf der Sie 5-meo-bf online kaufen k\u00f6nnen und so erstklassige Qualit\u00e4t f\u00fcr Ihre Forschungsanforderungen sicherstellen.\" \/>\n<meta property=\"og:url\" content=\"https:\/\/chemgramx.com\/es\/producto-1\/5-comprar-meo-bf-online\/\" \/>\n<meta property=\"og:site_name\" content=\"Chemgramx\" \/>\n<meta property=\"article:modified_time\" content=\"2025-11-21T11:10:13+00:00\" \/>\n<meta property=\"og:image\" content=\"https:\/\/chemgramx.com\/wp-content\/uploads\/2025\/11\/5-MeO-BF-kaufen.jpg\" \/>\n\t<meta property=\"og:image:width\" content=\"225\" \/>\n\t<meta property=\"og:image:height\" content=\"225\" \/>\n\t<meta property=\"og:image:type\" content=\"image\/jpeg\" \/>\n<meta name=\"twitter:card\" content=\"summary_large_image\" \/>\n<meta name=\"twitter:label1\" content=\"Tiempo de lectura\" \/>\n\t<meta name=\"twitter:data1\" content=\"4 minutos\" \/>\n<script type=\"application\/ld+json\" class=\"yoast-schema-graph\">{\"@context\":\"https:\\\/\\\/schema.org\",\"@graph\":[{\"@type\":\"WebPage\",\"@id\":\"https:\\\/\\\/chemgramx.com\\\/product\\\/5-meo-bf-online-kaufen\\\/\",\"url\":\"https:\\\/\\\/chemgramx.com\\\/product\\\/5-meo-bf-online-kaufen\\\/\",\"name\":\"5-MeO-BF online kaufen \u2013 5-MeO-BF zum Verkauf | chemgramx\",\"isPartOf\":{\"@id\":\"https:\\\/\\\/chemgramx.com\\\/#website\"},\"primaryImageOfPage\":{\"@id\":\"https:\\\/\\\/chemgramx.com\\\/product\\\/5-meo-bf-online-kaufen\\\/#primaryimage\"},\"image\":{\"@id\":\"https:\\\/\\\/chemgramx.com\\\/product\\\/5-meo-bf-online-kaufen\\\/#primaryimage\"},\"thumbnailUrl\":\"https:\\\/\\\/chemgramx.com\\\/wp-content\\\/uploads\\\/2025\\\/11\\\/5-MeO-BF-kaufen.jpg\",\"datePublished\":\"2025-11-21T11:09:30+00:00\",\"dateModified\":\"2025-11-21T11:10:13+00:00\",\"description\":\"Sie m\u00f6chten 5-meo-bf online kaufen? Entdecken Sie eine nahtlose Plattform in unserem Online-Shop, auf der Sie 5-meo-bf online kaufen k\u00f6nnen und so erstklassige Qualit\u00e4t f\u00fcr Ihre Forschungsanforderungen sicherstellen.\",\"breadcrumb\":{\"@id\":\"https:\\\/\\\/chemgramx.com\\\/product\\\/5-meo-bf-online-kaufen\\\/#breadcrumb\"},\"inLanguage\":\"es\",\"potentialAction\":[{\"@type\":\"ReadAction\",\"target\":[\"https:\\\/\\\/chemgramx.com\\\/product\\\/5-meo-bf-online-kaufen\\\/\"]}]},{\"@type\":\"ImageObject\",\"inLanguage\":\"es\",\"@id\":\"https:\\\/\\\/chemgramx.com\\\/product\\\/5-meo-bf-online-kaufen\\\/#primaryimage\",\"url\":\"https:\\\/\\\/chemgramx.com\\\/wp-content\\\/uploads\\\/2025\\\/11\\\/5-MeO-BF-kaufen.jpg\",\"contentUrl\":\"https:\\\/\\\/chemgramx.com\\\/wp-content\\\/uploads\\\/2025\\\/11\\\/5-MeO-BF-kaufen.jpg\",\"width\":225,\"height\":225},{\"@type\":\"BreadcrumbList\",\"@id\":\"https:\\\/\\\/chemgramx.com\\\/product\\\/5-meo-bf-online-kaufen\\\/#breadcrumb\",\"itemListElement\":[{\"@type\":\"ListItem\",\"position\":1,\"name\":\"Home\",\"item\":\"https:\\\/\\\/chemgramx.com\\\/\"},{\"@type\":\"ListItem\",\"position\":2,\"name\":\"Shop\",\"item\":\"https:\\\/\\\/chemgramx.com\\\/shop\\\/\"},{\"@type\":\"ListItem\",\"position\":3,\"name\":\"5-MeO-BF online kaufen\"}]},{\"@type\":\"WebSite\",\"@id\":\"https:\\\/\\\/chemgramx.com\\\/#website\",\"url\":\"https:\\\/\\\/chemgramx.com\\\/\",\"name\":\"Chemgramx\",\"description\":\"\",\"publisher\":{\"@id\":\"https:\\\/\\\/chemgramx.com\\\/#organization\"},\"potentialAction\":[{\"@type\":\"SearchAction\",\"target\":{\"@type\":\"EntryPoint\",\"urlTemplate\":\"https:\\\/\\\/chemgramx.com\\\/?s={search_term_string}\"},\"query-input\":{\"@type\":\"PropertyValueSpecification\",\"valueRequired\":true,\"valueName\":\"search_term_string\"}}],\"inLanguage\":\"es\"},{\"@type\":\"Organization\",\"@id\":\"https:\\\/\\\/chemgramx.com\\\/#organization\",\"name\":\"Chemgramx\",\"url\":\"https:\\\/\\\/chemgramx.com\\\/\",\"logo\":{\"@type\":\"ImageObject\",\"inLanguage\":\"es\",\"@id\":\"https:\\\/\\\/chemgramx.com\\\/#\\\/schema\\\/logo\\\/image\\\/\",\"url\":\"https:\\\/\\\/chemgramx.com\\\/wp-content\\\/uploads\\\/2024\\\/10\\\/final-logo.png\",\"contentUrl\":\"https:\\\/\\\/chemgramx.com\\\/wp-content\\\/uploads\\\/2024\\\/10\\\/final-logo.png\",\"width\":250,\"height\":48,\"caption\":\"Chemgramx\"},\"image\":{\"@id\":\"https:\\\/\\\/chemgramx.com\\\/#\\\/schema\\\/logo\\\/image\\\/\"}}]}<\/script>\n<!-- \/ Yoast SEO plugin. -->","yoast_head_json":{"title":"Comprar 5-MeO-BF en l\u00ednea \u2013 5-MeO-BF a la venta | Chemgramx","description":"\u00bfBuscas comprar 5-meo-bf en l\u00ednea? Descubre nuestra plataforma en l\u00ednea donde puedes comprar 5-meo-bf en l\u00ednea, con la garant\u00eda de la mejor calidad para tus necesidades de investigaci\u00f3n.","robots":{"index":"index","follow":"follow","max-snippet":"max-snippet:-1","max-image-preview":"max-image-preview:large","max-video-preview":"max-video-preview:-1"},"canonical":"https:\/\/chemgramx.com\/es\/producto-1\/5-comprar-meo-bf-online\/","og_locale":"es_ES","og_type":"article","og_title":"5-MeO-BF online kaufen \u2013 5-MeO-BF zum Verkauf | chemgramx","og_description":"Sie m\u00f6chten 5-meo-bf online kaufen? Entdecken Sie eine nahtlose Plattform in unserem Online-Shop, auf der Sie 5-meo-bf online kaufen k\u00f6nnen und so erstklassige Qualit\u00e4t f\u00fcr Ihre Forschungsanforderungen sicherstellen.","og_url":"https:\/\/chemgramx.com\/es\/producto-1\/5-comprar-meo-bf-online\/","og_site_name":"Chemgramx","article_modified_time":"2025-11-21T11:10:13+00:00","og_image":[{"width":225,"height":225,"url":"https:\/\/chemgramx.com\/wp-content\/uploads\/2025\/11\/5-MeO-BF-kaufen.jpg","type":"image\/jpeg"}],"twitter_card":"summary_large_image","twitter_misc":{"Tiempo de lectura":"4 minutos"},"schema":{"@context":"https:\/\/schema.org","@graph":[{"@type":"WebPage","@id":"https:\/\/chemgramx.com\/product\/5-meo-bf-online-kaufen\/","url":"https:\/\/chemgramx.com\/product\/5-meo-bf-online-kaufen\/","name":"Comprar 5-MeO-BF en l\u00ednea \u2013 5-MeO-BF a la venta | Chemgramx","isPartOf":{"@id":"https:\/\/chemgramx.com\/#website"},"primaryImageOfPage":{"@id":"https:\/\/chemgramx.com\/product\/5-meo-bf-online-kaufen\/#primaryimage"},"image":{"@id":"https:\/\/chemgramx.com\/product\/5-meo-bf-online-kaufen\/#primaryimage"},"thumbnailUrl":"https:\/\/chemgramx.com\/wp-content\/uploads\/2025\/11\/5-MeO-BF-kaufen.jpg","datePublished":"2025-11-21T11:09:30+00:00","dateModified":"2025-11-21T11:10:13+00:00","description":"\u00bfBuscas comprar 5-meo-bf en l\u00ednea? Descubre nuestra plataforma en l\u00ednea donde puedes comprar 5-meo-bf en l\u00ednea, con la garant\u00eda de la mejor calidad para tus necesidades de investigaci\u00f3n.","breadcrumb":{"@id":"https:\/\/chemgramx.com\/product\/5-meo-bf-online-kaufen\/#breadcrumb"},"inLanguage":"es","potentialAction":[{"@type":"ReadAction","target":["https:\/\/chemgramx.com\/product\/5-meo-bf-online-kaufen\/"]}]},{"@type":"ImageObject","inLanguage":"es","@id":"https:\/\/chemgramx.com\/product\/5-meo-bf-online-kaufen\/#primaryimage","url":"https:\/\/chemgramx.com\/wp-content\/uploads\/2025\/11\/5-MeO-BF-kaufen.jpg","contentUrl":"https:\/\/chemgramx.com\/wp-content\/uploads\/2025\/11\/5-MeO-BF-kaufen.jpg","width":225,"height":225},{"@type":"BreadcrumbList","@id":"https:\/\/chemgramx.com\/product\/5-meo-bf-online-kaufen\/#breadcrumb","itemListElement":[{"@type":"ListItem","position":1,"name":"Home","item":"https:\/\/chemgramx.com\/"},{"@type":"ListItem","position":2,"name":"Shop","item":"https:\/\/chemgramx.com\/shop\/"},{"@type":"ListItem","position":3,"name":"5-MeO-BF online kaufen"}]},{"@type":"WebSite","@id":"https:\/\/chemgramx.com\/#website","url":"https:\/\/chemgramx.com\/","name":"Chemgramx","description":"","publisher":{"@id":"https:\/\/chemgramx.com\/#organization"},"potentialAction":[{"@type":"SearchAction","target":{"@type":"EntryPoint","urlTemplate":"https:\/\/chemgramx.com\/?s={search_term_string}"},"query-input":{"@type":"PropertyValueSpecification","valueRequired":true,"valueName":"search_term_string"}}],"inLanguage":"es"},{"@type":"Organization","@id":"https:\/\/chemgramx.com\/#organization","name":"Chemgramx","url":"https:\/\/chemgramx.com\/","logo":{"@type":"ImageObject","inLanguage":"es","@id":"https:\/\/chemgramx.com\/#\/schema\/logo\/image\/","url":"https:\/\/chemgramx.com\/wp-content\/uploads\/2024\/10\/final-logo.png","contentUrl":"https:\/\/chemgramx.com\/wp-content\/uploads\/2024\/10\/final-logo.png","width":250,"height":48,"caption":"Chemgramx"},"image":{"@id":"https:\/\/chemgramx.com\/#\/schema\/logo\/image\/"}}]}},"_links":{"self":[{"href":"https:\/\/chemgramx.com\/es\/wp-json\/wp\/v2\/product\/6817","targetHints":{"allow":["GET"]}}],"collection":[{"href":"https:\/\/chemgramx.com\/es\/wp-json\/wp\/v2\/product"}],"about":[{"href":"https:\/\/chemgramx.com\/es\/wp-json\/wp\/v2\/types\/product"}],"replies":[{"embeddable":true,"href":"https:\/\/chemgramx.com\/es\/wp-json\/wp\/v2\/comments?post=6817"}],"wp:featuredmedia":[{"embeddable":true,"href":"https:\/\/chemgramx.com\/es\/wp-json\/wp\/v2\/media\/6835"}],"wp:attachment":[{"href":"https:\/\/chemgramx.com\/es\/wp-json\/wp\/v2\/media?parent=6817"}],"wp:term":[{"taxonomy":"product_brand","embeddable":true,"href":"https:\/\/chemgramx.com\/es\/wp-json\/wp\/v2\/product_brand?post=6817"},{"taxonomy":"product_cat","embeddable":true,"href":"https:\/\/chemgramx.com\/es\/wp-json\/wp\/v2\/product_cat?post=6817"},{"taxonomy":"product_tag","embeddable":true,"href":"https:\/\/chemgramx.com\/es\/wp-json\/wp\/v2\/product_tag?post=6817"}],"curies":[{"name":"wp","href":"https:\/\/api.w.org\/{rel}","templated":true}]}}