{"id":6818,"date":"2025-11-21T11:09:31","date_gmt":"2025-11-21T11:09:31","guid":{"rendered":"https:\/\/chemgramx.com\/?post_type=product&#038;p=6818"},"modified":"2025-11-21T11:10:13","modified_gmt":"2025-11-21T11:10:13","slug":"comprar-benzofurano-2-carboxilico-online","status":"publish","type":"product","link":"https:\/\/chemgramx.com\/es\/product\/benzofuran-2-carboxylic-online-kaufen\/","title":{"rendered":"Comprar Benzofurano-2-carbox\u00edlico online"},"content":{"rendered":"<p><b>\u00bfPor qu\u00e9 es tan importante el \u00e1cido benzofurano-2-carbox\u00edlico en la s\u00edntesis org\u00e1nica?<\/b> El \u00e1cido benzofurano-2-carbox\u00edlico es un derivado esencial del \u00e1cido carbox\u00edlico. <b>Por lo tanto<\/b> Se utiliza en s\u00edntesis org\u00e1nica como agente altamente reactivo. <b>bloque de construcci\u00f3n heteroc\u00edclico<\/b>. La estructura del benzofurano est\u00e1 presente en muchos <b>mol\u00e9culas bioactivas<\/b> incluido. <b>En consecuencia<\/b> La sustancia se utiliza para crear nuevos andamiajes moleculares y <b>Medicamentos candidatos<\/b> producir. <b>Adem\u00e1s<\/b> el grupo \u00e1cido carbox\u00edlico puede convertirse f\u00e1cilmente en otros grupos funcionales, lo que lo hace muy vers\u00e1til para experimentos qu\u00edmicos complejos.<\/p>\n<p><b>\u00bfQu\u00e9 niveles de calidad existen al comprar benzofurano-2-carbox\u00edlico en l\u00ednea y cu\u00e1l debo elegir?<\/b> En general, hay dos niveles principales de calidad. En primer lugar, el <b>Calidad de la investigaci\u00f3n<\/b>, que tiene una pureza de <a href=\"http:\/\/product\/cocaine-powder-online-kaufen\/\"><b>como m\u00ednimo<\/b><\/a>\u00a0ofertas. <b>Este nivel<\/b> es absolutamente esencial para los experimentos m\u00e1s delicados. En segundo lugar, est\u00e1 la <b>Calidad industrial<\/b>. <b>Esto es<\/b> m\u00e1s rentable, <b>pero<\/b> s\u00f3lo apto para aplicaciones industriales o t\u00e9cnicas en las que las impurezas son aceptables. <b>Preste siempre atenci\u00f3n a<\/b> seleccionar la calidad de investigaci\u00f3n para aplicaciones de laboratorio.<\/p>\n<p><b>\u00bfEs el \u00e1cido benzofurano-2-carbox\u00edlico un reactivo regulado o controlado?<\/b> A diferencia de algunas sustancias psicoactivas, el \u00e1cido benzofurano-2-carbox\u00edlico es <b>normalmente no se controla NpS<\/b> (Nueva sustancia psicoactiva). <b>Sin embargo<\/b> est\u00e1 sujeta a la legislaci\u00f3n general nacional e internacional sobre sustancias qu\u00edmicas peligrosas. <b>Por lo tanto<\/b> es imperativo que el comprador cumpla siempre la normativa aplicable <b>Legislaci\u00f3n sobre productos qu\u00edmicos<\/b> y todos <b>Reglamentos de importaci\u00f3n y exportaci\u00f3n<\/b> en su jurisdicci\u00f3n. El cumplimiento de la ley es responsabilidad del comprador.<\/p>\n<h4>Preguntas sobre garant\u00eda de calidad y log\u00edstica<\/h4>\n<p><b>\u00bfC\u00f3mo puedo garantizar la pureza del material de \u00e1cido benzofurano-2-carbox\u00edlico?<\/b> La pureza est\u00e1 garantizada por el suministro de un <b>Certificado de an\u00e1lisis (COA)<\/b> garantizado. Un proveedor acreditado debe proporcionar este COA para cada lote. <b>El COA<\/b> documenta el grado de pureza, la <b>M\u00e9todos de ensayo<\/b> (como HPLC o RMN) y el n\u00famero de lote. <b>Adem\u00e1s<\/b> debe tener el <b>Ficha de datos de seguridad (SDS\/MSDS)<\/b> para obtener toda la informaci\u00f3n sobre manipulaci\u00f3n y seguridad.<\/p>\n<p><b>\u00bfQu\u00e9 medidas se toman para garantizar un transporte y almacenamiento seguros?<\/b> Se env\u00edan envasados profesionalmente de acuerdo con las normas internacionales para reactivos qu\u00edmicos. <b>Aqu\u00ed<\/b> Se debe velar por la integridad del embalaje para evitar da\u00f1os durante el transporte. Para el almacenamiento en el laboratorio se aplica lo siguiente: La sustancia debe <b>fresco, seco y bien cerrado<\/b> almacenarse. <b>De este modo<\/b> se mantiene la estabilidad qu\u00edmica y se descarta la degradaci\u00f3n debida a la humedad o al aire.<\/p>\n<p><b>\u00bfQu\u00e9 condiciones de pago y entrega ofrece Chemgramx para comprar \u00e1cido benzofurano-2-carbox\u00edlico?<\/b> Ofrecemos m\u00e9todos de pago seguros que cumplen los requisitos de las organizaciones de investigaci\u00f3n. <b>Se trata de<\/b> Tarjeta de cr\u00e9dito y transferencia bancaria. El env\u00edo se realiza <b>Discreto<\/b> con seguimiento del env\u00edo. <b>Adem\u00e1s<\/b> Usted se beneficia de precios transparentes, ya que tiene acceso directo a varios <b>Cantidades y grados de pureza<\/b> recibido.<\/p>","protected":false},"excerpt":{"rendered":"<div class=\"flex-shrink-0 flex flex-col relative items-end\">\n<div>\n<div class=\"pt-0\">\n<div class=\"gizmo-bot-avatar flex h-8 w-8 items-center justify-center overflow-hidden rounded-full\">\n<div class=\"relative p-1 rounded-sm flex items-center justify-center bg-token-main-surface-primary text-token-text-primary h-8 w-8\"><\/div>\n<\/div>\n<\/div>\n<\/div>\n<\/div>\n<div class=\"group\/conversation-turn relative flex w-full min-w-0 flex-col agent-turn\">\n<div class=\"flex-col gap-1 md:gap-3\">\n<div class=\"flex max-w-full flex-col flex-grow\">\n<div class=\"min-h-8 text-message flex w-full flex-col items-end gap-2 whitespace-normal break-words [.text-message+&amp;]:mt-5\" dir=\"auto\" data-message-author-role=\"assistant\" data-message-id=\"42c7ed22-510b-492b-8141-5cb0e68c07dc\" data-message-model-slug=\"gpt-4o-mini\">\n<div class=\"flex w-full flex-col gap-1 empty:hidden first:pt-[3px]\">\n<div class=\"result-streaming markdown prose w-full break-words dark:prose-invert light\">\n<p><strong>Benzofuran<\/strong> ist eine chemische Verbindung, die als Basiseinheit in verschiedenen organischen Verbindungen und Arzneimitteln dient. Die Struktur von Benzofuran besteht aus einem <strong>Furanring<\/strong> (ein f\u00fcnfgliedriger Ring, der ein Sauerstoffatom enth\u00e4lt) fusioniert mit einem <strong>Benzolring<\/strong> (ein sechsgliedriger Ring mit alternierenden Doppelbindungen). Diese Struktur ist eine der Gr\u00fcnde, warum Benzofuran und seine Derivate in der Chemie und Pharmakologie so relevant sind.<\/p>\n<ul>\n<li><strong>IUPAC-Name<\/strong>: Benzofuran<\/li>\n<li><strong>Summenformel<\/strong>: C8H6O<\/li>\n<li><strong>Struktur<\/strong>: Ein <strong>Benzolring<\/strong> (C6H5) ist an einen <strong>Furanring<\/strong> (C4H3O) gebunden. Der Furanring ist ein aromatischer Ring, der ein Sauerstoffatom enth\u00e4lt.<\/li>\n<\/ul>\n<\/div>\n<\/div>\n<\/div>\n<\/div>\n<\/div>\n<\/div>\n","protected":false},"featured_media":6836,"comment_status":"open","ping_status":"closed","template":"","meta":{"_joinchat":[]},"product_brand":[],"product_cat":[52],"product_tag":[2618,2613,2615,2612,2619,2614,2617,2616,2533,2015],"class_list":{"0":"post-6818","1":"product","2":"type-product","3":"status-publish","4":"has-post-thumbnail","6":"product_cat-benzofurans","7":"product_tag-benzofuran-chemikalien","8":"product_tag-benzofuran-kaufen","9":"product_tag-benzofuran-online-kaufen","10":"product_tag-benzofuran-2-carboxylat-kaufen","11":"product_tag-benzofuran-2-carboxylat-kaufen-online","12":"product_tag-benzofuran-2-carboxylat-kristalle","13":"product_tag-benzofuran-2-carboxylat-prodej","14":"product_tag-benzofuran-2-carboxylic-preis","15":"product_tag-chemikalien-kaufen","16":"product_tag-synthetische-drogen","18":"first","19":"instock","20":"shipping-taxable","21":"purchasable","22":"product-type-variable"},"yoast_head":"<!-- This site is optimized with the Yoast SEO plugin v27.5 - https:\/\/yoast.com\/product\/yoast-seo-wordpress\/ -->\n<title>Benzofuran-2-carbons\u00e4ure online kaufen | Chemgramx<\/title>\n<meta name=\"description\" content=\"Unser Gesch\u00e4ft hat Benzofuran-2-carbons\u00e4ure in Topqualit\u00e4t zum Verkauf. Wenn Sie Benzofuran-2-carbons\u00e4ure online in unserem Chemgramx-Gesch\u00e4ft kaufen.\" \/>\n<meta name=\"robots\" content=\"index, follow, max-snippet:-1, max-image-preview:large, max-video-preview:-1\" \/>\n<link rel=\"canonical\" href=\"https:\/\/chemgramx.com\/es\/producto-1\/comprar-benzofurano-2-carboxilico-online\/\" \/>\n<meta property=\"og:locale\" content=\"es_ES\" \/>\n<meta property=\"og:type\" content=\"article\" \/>\n<meta property=\"og:title\" content=\"Benzofuran-2-carbons\u00e4ure online kaufen | Chemgramx\" \/>\n<meta property=\"og:description\" content=\"Unser Gesch\u00e4ft hat Benzofuran-2-carbons\u00e4ure in Topqualit\u00e4t zum Verkauf. Wenn Sie Benzofuran-2-carbons\u00e4ure online in unserem Chemgramx-Gesch\u00e4ft kaufen.\" \/>\n<meta property=\"og:url\" content=\"https:\/\/chemgramx.com\/es\/producto-1\/comprar-benzofurano-2-carboxilico-online\/\" \/>\n<meta property=\"og:site_name\" content=\"Chemgramx\" \/>\n<meta property=\"article:modified_time\" content=\"2025-11-21T11:10:13+00:00\" \/>\n<meta property=\"og:image\" content=\"https:\/\/chemgramx.com\/wp-content\/uploads\/2025\/11\/Benzofuran-2-carboxylic.jpg\" \/>\n\t<meta property=\"og:image:width\" content=\"600\" \/>\n\t<meta property=\"og:image:height\" content=\"600\" \/>\n\t<meta property=\"og:image:type\" content=\"image\/jpeg\" \/>\n<meta name=\"twitter:card\" content=\"summary_large_image\" \/>\n<meta name=\"twitter:label1\" content=\"Tiempo de lectura\" \/>\n\t<meta name=\"twitter:data1\" content=\"2 minutos\" \/>\n<script type=\"application\/ld+json\" class=\"yoast-schema-graph\">{\"@context\":\"https:\\\/\\\/schema.org\",\"@graph\":[{\"@type\":\"WebPage\",\"@id\":\"https:\\\/\\\/chemgramx.com\\\/product\\\/benzofuran-2-carboxylic-online-kaufen\\\/\",\"url\":\"https:\\\/\\\/chemgramx.com\\\/product\\\/benzofuran-2-carboxylic-online-kaufen\\\/\",\"name\":\"Benzofuran-2-carbons\u00e4ure online kaufen | Chemgramx\",\"isPartOf\":{\"@id\":\"https:\\\/\\\/chemgramx.com\\\/#website\"},\"primaryImageOfPage\":{\"@id\":\"https:\\\/\\\/chemgramx.com\\\/product\\\/benzofuran-2-carboxylic-online-kaufen\\\/#primaryimage\"},\"image\":{\"@id\":\"https:\\\/\\\/chemgramx.com\\\/product\\\/benzofuran-2-carboxylic-online-kaufen\\\/#primaryimage\"},\"thumbnailUrl\":\"https:\\\/\\\/chemgramx.com\\\/wp-content\\\/uploads\\\/2025\\\/11\\\/Benzofuran-2-carboxylic.jpg\",\"datePublished\":\"2025-11-21T11:09:31+00:00\",\"dateModified\":\"2025-11-21T11:10:13+00:00\",\"description\":\"Unser Gesch\u00e4ft hat Benzofuran-2-carbons\u00e4ure in Topqualit\u00e4t zum Verkauf. Wenn Sie Benzofuran-2-carbons\u00e4ure online in unserem Chemgramx-Gesch\u00e4ft kaufen.\",\"breadcrumb\":{\"@id\":\"https:\\\/\\\/chemgramx.com\\\/product\\\/benzofuran-2-carboxylic-online-kaufen\\\/#breadcrumb\"},\"inLanguage\":\"es\",\"potentialAction\":[{\"@type\":\"ReadAction\",\"target\":[\"https:\\\/\\\/chemgramx.com\\\/product\\\/benzofuran-2-carboxylic-online-kaufen\\\/\"]}]},{\"@type\":\"ImageObject\",\"inLanguage\":\"es\",\"@id\":\"https:\\\/\\\/chemgramx.com\\\/product\\\/benzofuran-2-carboxylic-online-kaufen\\\/#primaryimage\",\"url\":\"https:\\\/\\\/chemgramx.com\\\/wp-content\\\/uploads\\\/2025\\\/11\\\/Benzofuran-2-carboxylic.jpg\",\"contentUrl\":\"https:\\\/\\\/chemgramx.com\\\/wp-content\\\/uploads\\\/2025\\\/11\\\/Benzofuran-2-carboxylic.jpg\",\"width\":600,\"height\":600},{\"@type\":\"BreadcrumbList\",\"@id\":\"https:\\\/\\\/chemgramx.com\\\/product\\\/benzofuran-2-carboxylic-online-kaufen\\\/#breadcrumb\",\"itemListElement\":[{\"@type\":\"ListItem\",\"position\":1,\"name\":\"Home\",\"item\":\"https:\\\/\\\/chemgramx.com\\\/\"},{\"@type\":\"ListItem\",\"position\":2,\"name\":\"Shop\",\"item\":\"https:\\\/\\\/chemgramx.com\\\/shop\\\/\"},{\"@type\":\"ListItem\",\"position\":3,\"name\":\"Benzofuran-2-carboxylic Online Kaufen\"}]},{\"@type\":\"WebSite\",\"@id\":\"https:\\\/\\\/chemgramx.com\\\/#website\",\"url\":\"https:\\\/\\\/chemgramx.com\\\/\",\"name\":\"Chemgramx\",\"description\":\"\",\"publisher\":{\"@id\":\"https:\\\/\\\/chemgramx.com\\\/#organization\"},\"potentialAction\":[{\"@type\":\"SearchAction\",\"target\":{\"@type\":\"EntryPoint\",\"urlTemplate\":\"https:\\\/\\\/chemgramx.com\\\/?s={search_term_string}\"},\"query-input\":{\"@type\":\"PropertyValueSpecification\",\"valueRequired\":true,\"valueName\":\"search_term_string\"}}],\"inLanguage\":\"es\"},{\"@type\":\"Organization\",\"@id\":\"https:\\\/\\\/chemgramx.com\\\/#organization\",\"name\":\"Chemgramx\",\"url\":\"https:\\\/\\\/chemgramx.com\\\/\",\"logo\":{\"@type\":\"ImageObject\",\"inLanguage\":\"es\",\"@id\":\"https:\\\/\\\/chemgramx.com\\\/#\\\/schema\\\/logo\\\/image\\\/\",\"url\":\"https:\\\/\\\/chemgramx.com\\\/wp-content\\\/uploads\\\/2024\\\/10\\\/final-logo.png\",\"contentUrl\":\"https:\\\/\\\/chemgramx.com\\\/wp-content\\\/uploads\\\/2024\\\/10\\\/final-logo.png\",\"width\":250,\"height\":48,\"caption\":\"Chemgramx\"},\"image\":{\"@id\":\"https:\\\/\\\/chemgramx.com\\\/#\\\/schema\\\/logo\\\/image\\\/\"}}]}<\/script>\n<!-- \/ Yoast SEO plugin. -->","yoast_head_json":{"title":"Comprar \u00e1cido benzofurano-2-carbox\u00edlico en l\u00ednea | Chemgramx","description":"Nuestra tienda tiene a la venta \u00e1cido benzofurano-2-carbox\u00edlico de primera calidad. Al comprar \u00e1cido benzofurano-2-carbox\u00edlico en l\u00ednea en nuestra tienda Chemgramx.","robots":{"index":"index","follow":"follow","max-snippet":"max-snippet:-1","max-image-preview":"max-image-preview:large","max-video-preview":"max-video-preview:-1"},"canonical":"https:\/\/chemgramx.com\/es\/producto-1\/comprar-benzofurano-2-carboxilico-online\/","og_locale":"es_ES","og_type":"article","og_title":"Benzofuran-2-carbons\u00e4ure online kaufen | Chemgramx","og_description":"Unser Gesch\u00e4ft hat Benzofuran-2-carbons\u00e4ure in Topqualit\u00e4t zum Verkauf. Wenn Sie Benzofuran-2-carbons\u00e4ure online in unserem Chemgramx-Gesch\u00e4ft kaufen.","og_url":"https:\/\/chemgramx.com\/es\/producto-1\/comprar-benzofurano-2-carboxilico-online\/","og_site_name":"Chemgramx","article_modified_time":"2025-11-21T11:10:13+00:00","og_image":[{"width":600,"height":600,"url":"https:\/\/chemgramx.com\/wp-content\/uploads\/2025\/11\/Benzofuran-2-carboxylic.jpg","type":"image\/jpeg"}],"twitter_card":"summary_large_image","twitter_misc":{"Tiempo de lectura":"2 minutos"},"schema":{"@context":"https:\/\/schema.org","@graph":[{"@type":"WebPage","@id":"https:\/\/chemgramx.com\/product\/benzofuran-2-carboxylic-online-kaufen\/","url":"https:\/\/chemgramx.com\/product\/benzofuran-2-carboxylic-online-kaufen\/","name":"Comprar \u00e1cido benzofurano-2-carbox\u00edlico en l\u00ednea | Chemgramx","isPartOf":{"@id":"https:\/\/chemgramx.com\/#website"},"primaryImageOfPage":{"@id":"https:\/\/chemgramx.com\/product\/benzofuran-2-carboxylic-online-kaufen\/#primaryimage"},"image":{"@id":"https:\/\/chemgramx.com\/product\/benzofuran-2-carboxylic-online-kaufen\/#primaryimage"},"thumbnailUrl":"https:\/\/chemgramx.com\/wp-content\/uploads\/2025\/11\/Benzofuran-2-carboxylic.jpg","datePublished":"2025-11-21T11:09:31+00:00","dateModified":"2025-11-21T11:10:13+00:00","description":"Nuestra tienda tiene a la venta \u00e1cido benzofurano-2-carbox\u00edlico de primera calidad. Al comprar \u00e1cido benzofurano-2-carbox\u00edlico en l\u00ednea en nuestra tienda Chemgramx.","breadcrumb":{"@id":"https:\/\/chemgramx.com\/product\/benzofuran-2-carboxylic-online-kaufen\/#breadcrumb"},"inLanguage":"es","potentialAction":[{"@type":"ReadAction","target":["https:\/\/chemgramx.com\/product\/benzofuran-2-carboxylic-online-kaufen\/"]}]},{"@type":"ImageObject","inLanguage":"es","@id":"https:\/\/chemgramx.com\/product\/benzofuran-2-carboxylic-online-kaufen\/#primaryimage","url":"https:\/\/chemgramx.com\/wp-content\/uploads\/2025\/11\/Benzofuran-2-carboxylic.jpg","contentUrl":"https:\/\/chemgramx.com\/wp-content\/uploads\/2025\/11\/Benzofuran-2-carboxylic.jpg","width":600,"height":600},{"@type":"BreadcrumbList","@id":"https:\/\/chemgramx.com\/product\/benzofuran-2-carboxylic-online-kaufen\/#breadcrumb","itemListElement":[{"@type":"ListItem","position":1,"name":"Home","item":"https:\/\/chemgramx.com\/"},{"@type":"ListItem","position":2,"name":"Shop","item":"https:\/\/chemgramx.com\/shop\/"},{"@type":"ListItem","position":3,"name":"Benzofuran-2-carboxylic Online Kaufen"}]},{"@type":"WebSite","@id":"https:\/\/chemgramx.com\/#website","url":"https:\/\/chemgramx.com\/","name":"Chemgramx","description":"","publisher":{"@id":"https:\/\/chemgramx.com\/#organization"},"potentialAction":[{"@type":"SearchAction","target":{"@type":"EntryPoint","urlTemplate":"https:\/\/chemgramx.com\/?s={search_term_string}"},"query-input":{"@type":"PropertyValueSpecification","valueRequired":true,"valueName":"search_term_string"}}],"inLanguage":"es"},{"@type":"Organization","@id":"https:\/\/chemgramx.com\/#organization","name":"Chemgramx","url":"https:\/\/chemgramx.com\/","logo":{"@type":"ImageObject","inLanguage":"es","@id":"https:\/\/chemgramx.com\/#\/schema\/logo\/image\/","url":"https:\/\/chemgramx.com\/wp-content\/uploads\/2024\/10\/final-logo.png","contentUrl":"https:\/\/chemgramx.com\/wp-content\/uploads\/2024\/10\/final-logo.png","width":250,"height":48,"caption":"Chemgramx"},"image":{"@id":"https:\/\/chemgramx.com\/#\/schema\/logo\/image\/"}}]}},"_links":{"self":[{"href":"https:\/\/chemgramx.com\/es\/wp-json\/wp\/v2\/product\/6818","targetHints":{"allow":["GET"]}}],"collection":[{"href":"https:\/\/chemgramx.com\/es\/wp-json\/wp\/v2\/product"}],"about":[{"href":"https:\/\/chemgramx.com\/es\/wp-json\/wp\/v2\/types\/product"}],"replies":[{"embeddable":true,"href":"https:\/\/chemgramx.com\/es\/wp-json\/wp\/v2\/comments?post=6818"}],"wp:featuredmedia":[{"embeddable":true,"href":"https:\/\/chemgramx.com\/es\/wp-json\/wp\/v2\/media\/6836"}],"wp:attachment":[{"href":"https:\/\/chemgramx.com\/es\/wp-json\/wp\/v2\/media?parent=6818"}],"wp:term":[{"taxonomy":"product_brand","embeddable":true,"href":"https:\/\/chemgramx.com\/es\/wp-json\/wp\/v2\/product_brand?post=6818"},{"taxonomy":"product_cat","embeddable":true,"href":"https:\/\/chemgramx.com\/es\/wp-json\/wp\/v2\/product_cat?post=6818"},{"taxonomy":"product_tag","embeddable":true,"href":"https:\/\/chemgramx.com\/es\/wp-json\/wp\/v2\/product_tag?post=6818"}],"curies":[{"name":"wp","href":"https:\/\/api.w.org\/{rel}","templated":true}]}}