{"id":6866,"date":"2025-11-21T11:09:57","date_gmt":"2025-11-21T11:09:57","guid":{"rendered":"https:\/\/chemgramx.com\/?post_type=product&#038;p=6866"},"modified":"2025-12-10T07:21:33","modified_gmt":"2025-12-10T07:21:33","slug":"comprar-7-abf-en-linea","status":"publish","type":"product","link":"https:\/\/chemgramx.com\/es\/product\/7-abf-online-kaufen\/","title":{"rendered":"Comprar 7-ABF: pureza, investigaci\u00f3n"},"content":{"rendered":"<h2>7-ABF de alta calidad: su socio para la investigaci\u00f3n y el desarrollo<\/h2>\n<p>Si usted <b>Comprar 7-ABF<\/b> , ChemGramX es su primera opci\u00f3n para obtener 7-ABF de primera calidad y probado en laboratorio. Este compuesto qu\u00edmico esencial, tambi\u00e9n conocido como 7-azaindol, desempe\u00f1a un papel clave en aplicaciones avanzadas de investigaci\u00f3n qu\u00edmica y farmac\u00e9utica. Si usted <b>Comprar 7-ABF en l\u00ednea<\/b>, obtendr\u00e1 la pureza y calidad garantizadas que son esenciales para obtener resultados de investigaci\u00f3n precisos y fiables. Entendemos que su trabajo exige los m\u00e1s altos est\u00e1ndares, por lo que nos aseguramos de que nuestro 7-ABF cumpla con ellos. Nuestro compromiso con la excelencia comienza con la adquisici\u00f3n y termina con una cuidadosa preparaci\u00f3n para ofrecerle un producto que supere sus expectativas.<\/p>\n<p>La b\u00fasqueda de nuevos conocimientos cient\u00edficos requiere materiales de la m\u00e1xima integridad. Por lo tanto, la elecci\u00f3n del proveedor adecuado es fundamental. ChemGramX se ha propuesto facilitar a los investigadores el acceso a los mejores componentes qu\u00edmicos. Nuestro <b>Calidad superior 7-ABF<\/b> es el resultado de una cuidadosa selecci\u00f3n y estrictos controles de calidad. Le ofrecemos la certeza de que cada lote cumple con nuestros altos est\u00e1ndares. Conf\u00ede en ChemGramX para sus exigentes proyectos de investigaci\u00f3n, en los que la precisi\u00f3n y la fiabilidad son lo primero.<\/p>\n<h3>\u00bfQu\u00e9 es 7-ABF y cu\u00e1l es su significado?<\/h3>\n<p>El 7-ABF, conocido qu\u00edmicamente como 7-azaindol, pertenece a la familia de los derivados de azaindol. Esta estructura lo convierte en una herramienta valiosa en la s\u00edntesis org\u00e1nica y la investigaci\u00f3n farmac\u00e9utica. A menudo act\u00faa como componente fundamental para la producci\u00f3n de mol\u00e9culas m\u00e1s complejas y posibles principios activos farmac\u00e9uticos. Los investigadores que <b>Pedir 7-ABF<\/b>, aprovechan sus propiedades qu\u00edmicas \u00fanicas para investigar la reactividad y explorar nuevas v\u00edas de s\u00edntesis para prometedores candidatos a f\u00e1rmacos. La versatilidad de este compuesto abre constantemente nuevas posibilidades en la investigaci\u00f3n de principios activos y la ciencia de los materiales.<\/p>\n<p>La aplicaci\u00f3n del 7-ABF abarca diversos campos de investigaci\u00f3n. Su capacidad para formar enlaces de hidr\u00f3geno y actuar como ligando en complejos organomet\u00e1licos lo hace especialmente interesante para la qu\u00edmica supramolecular y la investigaci\u00f3n en cat\u00e1lisis. Adem\u00e1s, se est\u00e1 estudiando como materia prima para la s\u00edntesis de compuestos con potencial actividad biol\u00f3gica. La investigaci\u00f3n continua del 7-ABF impulsa la innovaci\u00f3n en campos como la oncolog\u00eda, las neurociencias y las enfermedades infecciosas. Por lo tanto, es fundamental que los cient\u00edficos tengan acceso a una fuente fiable de <b>7-ABF de alta pureza a la venta<\/b> tener.<\/p>\n<h3>Por qu\u00e9 deber\u00eda considerar 7-ABF en ChemGramX<\/h3>\n<p>La decisi\u00f3n de, <b>Comprar 7-ABF<\/b>, es un paso importante para cualquier laboratorio de investigaci\u00f3n. Con ChemGramX, obtendr\u00e1 un compuesto que resulta invaluable para el desarrollo de nuevos f\u00e1rmacos y productos qu\u00edmicos avanzados. Nuestra oferta de 7-ABF a la venta garantiza la m\u00e1xima pureza y consistencia, lo cual es esencial para obtener resultados precisos y reproducibles en aplicaciones farmac\u00e9uticas y bioqu\u00edmicas. Estamos orgullosos de ofrecer a los investigadores de todo el mundo materiales que cumplen con los m\u00e1s altos est\u00e1ndares de calidad.<\/p>\n<p>Si despu\u00e9s del <b>El mejor 7-ABF disponible<\/b> , ChemGramX es el lugar adecuado. Damos mucha importancia al control de calidad de nuestros productos. Cada lote de nuestro 7-ABF se somete a rigurosos controles de pureza e identidad en laboratorios independientes. Estos an\u00e1lisis detallados garantizan que usted reciba un producto adecuado para sus delicados experimentos. La transparencia de nuestros procesos le proporciona la seguridad que necesita para su valioso trabajo de investigaci\u00f3n. Descubra la diferencia que marca la calidad.<\/p>\n<h3>Las ventajas de adquirir 7-ABF de ChemGramX<\/h3>\n<p>En ChemGramX, la calidad es lo primero. Somos conscientes de que su investigaci\u00f3n depende de la pureza y fiabilidad de los productos qu\u00edmicos que utiliza. Por eso le ofrecemos <b>7-ABF de grado de laboratorio a la venta<\/b> que est\u00e1 sujeto a estrictos controles de calidad. Cada producto se analiza minuciosamente para garantizar los m\u00e1s altos est\u00e1ndares. Este compromiso con la excelencia significa que puede confiar en la consistencia y eficacia de 7-ABF para alcanzar sus objetivos cient\u00edficos.<\/p>\n<p>Nuestro objetivo es ofrecerle una experiencia perfecta. Si est\u00e1 pensando en pedir 7-ABF online, benef\u00edciese de nuestro sistema de pedidos f\u00e1cil de usar y de nuestro dedicado servicio de atenci\u00f3n al cliente. Nos esforzamos por ofrecerle no solo productos de alta calidad, sino tambi\u00e9n un servicio excelente. Explore nuestra gama de productos y descubra c\u00f3mo ChemGramX puede ayudarle en su investigaci\u00f3n. Sus avances cient\u00edficos son nuestra motivaci\u00f3n.<\/p>\n<ul>\n<li><b>Pureza probada en laboratorio:<\/b> Cada lote de nuestro 7-ABF se somete a rigurosas pruebas de laboratorio independientes. Esto le garantiza una calidad \u00f3ptima, indispensable para sus exigentes proyectos de investigaci\u00f3n.<\/li>\n<li><b>Ideal para investigaci\u00f3n y s\u00edntesis:<\/b> 7-ABF es perfecto para s\u00edntesis qu\u00edmicas, estudios farmac\u00e9uticos y diversas aplicaciones anal\u00edticas. Es un componente fiable para sus innovaciones.<\/li>\n<li><b>Precios transparentes:<\/b> Siempre le ofrecemos un precio justo por el 7-ABF, que refleja la calidad comprobada en laboratorio. Obtendr\u00e1 productos qu\u00edmicos de primera clase a un precio competitivo.<\/li>\n<li><b>Aut\u00e9ntico 7-ABF:<\/b> Garantizamos la autenticidad de nuestro 7-ABF. Conf\u00ede en su origen y calidad, factores decisivos para obtener resultados cient\u00edficos reproducibles.<\/li>\n<\/ul>\n<h3>Amplios campos de aplicaci\u00f3n del 7-ABF<\/h3>\n<p>El 7-ABF, como miembro de la familia de los azindoles, ofrece un amplio espectro de posibilidades de aplicaci\u00f3n en la investigaci\u00f3n y el desarrollo qu\u00edmicos modernos. Su estructura molecular permite m\u00faltiples reacciones qu\u00edmicas, lo que lo convierte en un reactivo muy codiciado para la s\u00edntesis de nuevos compuestos org\u00e1nicos. Los investigadores utilizan a menudo el 7-ABF como punto de partida para el desarrollo de mol\u00e9culas con propiedades terap\u00e9uticas potenciales. El estudio de sus derivados ha dado lugar, por ejemplo, a candidatos prometedores en la investigaci\u00f3n del c\u00e1ncer y en la lucha contra las infecciones virales. Si desea aprovechar este potencial, la <b>Adquisici\u00f3n de 7-ABF en l\u00ednea<\/b> a trav\u00e9s de una fuente fiable como ChemGramX es imprescindible.<\/p>\n<p>La importancia del 7-ABF en la qu\u00edmica m\u00e9dica no puede subestimarse. Sirve como motivo estructural en muchas mol\u00e9culas biol\u00f3gicamente activas. Su capacidad para unirse a diferentes objetivos biol\u00f3gicos lo convierte en un candidato atractivo para el desarrollo de medicamentos. Por ejemplo, se est\u00e1 investigando la derivaci\u00f3n del 7-ABF para desarrollar inhibidores m\u00e1s selectivos y eficaces para determinadas enzimas que intervienen en enfermedades como el Alzheimer o el Parkinson. La disponibilidad de <b>7-ABF de alta calidad<\/b> Por lo tanto, es un factor cr\u00edtico para el progreso en estas \u00e1reas.<\/p>\n<p>Adem\u00e1s, el 7-ABF se utiliza en la ciencia de los materiales, especialmente en el desarrollo de nuevos diodos org\u00e1nicos emisores de luz (OLED) y otros materiales electr\u00f3nicos. Sus propiedades fotof\u00edsicas pueden adaptarse de forma espec\u00edfica mediante modificaciones qu\u00edmicas. Esto abre nuevas posibilidades para la fabricaci\u00f3n de componentes electr\u00f3nicos m\u00e1s eficientes y duraderos. Para los cient\u00edficos que trabajan en estos campos innovadores, el suministro fiable de <b>7-ABF de la m\u00e1s alta calidad<\/b> de suma importancia. El <b>El mejor 7-ABF disponible en l\u00ednea<\/b>, En ChemGramX, nos dedicamos a apoyar su investigaci\u00f3n. Explore tambi\u00e9n productos qu\u00edmicos alternativos para investigaci\u00f3n, como <a href=\"https:\/\/chemgramx.com\/product\/1cp-lsd-l-tartrate-kaufen\/\">1cP-LSD L-tartrato<\/a> o <a href=\"https:\/\/chemgramx.com\/product\/anonymous-180mg-mdma-online-kaufen\/\">MDMA an\u00f3nimo<\/a> para sus necesidades espec\u00edficas de investigaci\u00f3n.<\/p>\n<h3>Seguridad y consideraciones normativas<\/h3>\n<p>El manejo de productos qu\u00edmicos de investigaci\u00f3n requiere siempre cuidado y el cumplimiento de las normas pertinentes. La legalidad del 7-ABF puede variar seg\u00fan la regi\u00f3n. Por lo tanto, es imprescindible que, antes de <b>Pedido de 7-ABF en l\u00ednea<\/b> Inf\u00f3rmese sobre las leyes y normativas espec\u00edficas de su pa\u00eds o regi\u00f3n. ChemGramX se compromete a vender sus productos exclusivamente con fines de investigaci\u00f3n leg\u00edtimos y apoya el cumplimiento de todas las disposiciones legales vigentes. Damos gran importancia a la pr\u00e1ctica cient\u00edfica responsable.<\/p>\n<p>Nuestro compromiso con la seguridad va m\u00e1s all\u00e1 de la mera calidad del producto. Nos aseguramos de que todos los procesos relacionados con la manipulaci\u00f3n y preparaci\u00f3n de nuestros productos qu\u00edmicos se lleven a cabo con el m\u00e1ximo cuidado. Esto garantiza no solo la integridad del producto, sino tambi\u00e9n la seguridad de nuestros clientes. Si se decide por <b>Comprar 7-ABF para fines de investigaci\u00f3n<\/b> decidir, puede confiar en nuestros exhaustivos est\u00e1ndares de calidad y seguridad. La cuidadosa elaboraci\u00f3n de nuestros productos es uno de los pilares fundamentales de nuestra promesa de servicio.<\/p>\n<h3>Conclusi\u00f3n: su fuente fiable para 7-ABF<\/h3>\n<p>\u00bfEst\u00e1 listo para llevar su investigaci\u00f3n al siguiente nivel? Si usted <b>Comprar 7-ABF en l\u00ednea<\/b> ChemGramX es la elecci\u00f3n ideal. No solo le ofrecemos <b>aut\u00e9ntico 7-ABF<\/b>, sino tambi\u00e9n la garant\u00eda de la m\u00e1xima pureza y calidad, indispensables para sus proyectos cient\u00edficos. Nuestro compromiso con la excelencia le asegura que obtendr\u00e1 los mejores materiales posibles para su trabajo. D\u00e9 el siguiente paso en su investigaci\u00f3n con la confianza que le ofrece ChemGramX.<\/p>\n<p>Aproveche la oportunidad de adquirir productos qu\u00edmicos de primera calidad para investigaci\u00f3n. Con ChemGramX, elige un socio que comprende y apoya tus aspiraciones cient\u00edficas. Nos esforzamos por ofrecerte productos impecables y un servicio fiable. Descubra la amplia gama de productos de ChemGramX y aseg\u00farese de que sus proyectos de investigaci\u00f3n se lleven a cabo con los mejores materiales disponibles. Apueste por la calidad, la precisi\u00f3n y la fiabilidad: apueste por ChemGramX.<\/p>","protected":false},"excerpt":{"rendered":"<p>El 7-ABF es un cannabinoide sint\u00e9tico conocido por sus potentes efectos psicoactivos. Se desarroll\u00f3 para imitar los efectos del THC.<\/p>","protected":false},"featured_media":6873,"comment_status":"open","ping_status":"closed","template":"","meta":{"_joinchat":[]},"product_brand":[],"product_cat":[47],"product_tag":[2753,2746,2750,2748,2747,2752,2751,2749,2754,2015],"class_list":{"0":"post-6866","1":"product","2":"type-product","3":"status-publish","4":"has-post-thumbnail","6":"product_cat-cannabinoids","7":"product_tag-7-abf-chemikalien","8":"product_tag-7-abf-kaufen","9":"product_tag-7-abf-kaufen-deutschland","10":"product_tag-7-abf-kristalle","11":"product_tag-7-abf-online","12":"product_tag-7-abf-preis","13":"product_tag-7-abf-prodej","14":"product_tag-7-abf-pulver","15":"product_tag-7-abf-zum-verkauf","16":"product_tag-synthetische-drogen","18":"first","19":"instock","20":"shipping-taxable","21":"purchasable","22":"product-type-variable"},"yoast_head":"<!-- This site is optimized with the Yoast SEO plugin v27.5 - https:\/\/yoast.com\/product\/yoast-seo-wordpress\/ -->\n<title>7-ABF online kaufen \u2013 7-ABF zu verkaufen | chemgramx<\/title>\n<meta name=\"description\" content=\"Sie k\u00f6nnen mit unserem Chemgramx-Onlineshop Kontakt aufnehmen und 7-abf online kaufen. Sie k\u00f6nnen 7-abf zu g\u00fcnstigen Preisen kaufen. Jetzt bestellen!\" \/>\n<meta name=\"robots\" content=\"index, follow, max-snippet:-1, max-image-preview:large, max-video-preview:-1\" \/>\n<link rel=\"canonical\" href=\"https:\/\/chemgramx.com\/es\/producto-1\/comprar-7-abf-en-linea\/\" \/>\n<meta property=\"og:locale\" content=\"es_ES\" \/>\n<meta property=\"og:type\" content=\"article\" \/>\n<meta property=\"og:title\" content=\"7-ABF online kaufen \u2013 7-ABF zu verkaufen | chemgramx\" \/>\n<meta property=\"og:description\" content=\"Sie k\u00f6nnen mit unserem Chemgramx-Onlineshop Kontakt aufnehmen und 7-abf online kaufen. Sie k\u00f6nnen 7-abf zu g\u00fcnstigen Preisen kaufen. Jetzt bestellen!\" \/>\n<meta property=\"og:url\" content=\"https:\/\/chemgramx.com\/es\/producto-1\/comprar-7-abf-en-linea\/\" \/>\n<meta property=\"og:site_name\" content=\"Chemgramx\" \/>\n<meta property=\"article:modified_time\" content=\"2025-12-10T07:21:33+00:00\" \/>\n<meta property=\"og:image\" content=\"https:\/\/chemgramx.com\/wp-content\/uploads\/2025\/11\/7-ABF.png\" \/>\n\t<meta property=\"og:image:width\" content=\"414\" \/>\n\t<meta property=\"og:image:height\" content=\"369\" \/>\n\t<meta property=\"og:image:type\" content=\"image\/png\" \/>\n<meta name=\"twitter:card\" content=\"summary_large_image\" \/>\n<meta name=\"twitter:label1\" content=\"Tiempo de lectura\" \/>\n\t<meta name=\"twitter:data1\" content=\"2 minutos\" \/>\n<script type=\"application\/ld+json\" class=\"yoast-schema-graph\">{\"@context\":\"https:\\\/\\\/schema.org\",\"@graph\":[{\"@type\":\"WebPage\",\"@id\":\"https:\\\/\\\/chemgramx.com\\\/product\\\/7-abf-online-kaufen\\\/\",\"url\":\"https:\\\/\\\/chemgramx.com\\\/product\\\/7-abf-online-kaufen\\\/\",\"name\":\"7-ABF online kaufen \u2013 7-ABF zu verkaufen | chemgramx\",\"isPartOf\":{\"@id\":\"https:\\\/\\\/chemgramx.com\\\/#website\"},\"primaryImageOfPage\":{\"@id\":\"https:\\\/\\\/chemgramx.com\\\/product\\\/7-abf-online-kaufen\\\/#primaryimage\"},\"image\":{\"@id\":\"https:\\\/\\\/chemgramx.com\\\/product\\\/7-abf-online-kaufen\\\/#primaryimage\"},\"thumbnailUrl\":\"https:\\\/\\\/chemgramx.com\\\/wp-content\\\/uploads\\\/2025\\\/11\\\/7-ABF.png\",\"datePublished\":\"2025-11-21T11:09:57+00:00\",\"dateModified\":\"2025-12-10T07:21:33+00:00\",\"description\":\"Sie k\u00f6nnen mit unserem Chemgramx-Onlineshop Kontakt aufnehmen und 7-abf online kaufen. Sie k\u00f6nnen 7-abf zu g\u00fcnstigen Preisen kaufen. Jetzt bestellen!\",\"breadcrumb\":{\"@id\":\"https:\\\/\\\/chemgramx.com\\\/product\\\/7-abf-online-kaufen\\\/#breadcrumb\"},\"inLanguage\":\"es\",\"potentialAction\":[{\"@type\":\"ReadAction\",\"target\":[\"https:\\\/\\\/chemgramx.com\\\/product\\\/7-abf-online-kaufen\\\/\"]}]},{\"@type\":\"ImageObject\",\"inLanguage\":\"es\",\"@id\":\"https:\\\/\\\/chemgramx.com\\\/product\\\/7-abf-online-kaufen\\\/#primaryimage\",\"url\":\"https:\\\/\\\/chemgramx.com\\\/wp-content\\\/uploads\\\/2025\\\/11\\\/7-ABF.png\",\"contentUrl\":\"https:\\\/\\\/chemgramx.com\\\/wp-content\\\/uploads\\\/2025\\\/11\\\/7-ABF.png\",\"width\":414,\"height\":369},{\"@type\":\"BreadcrumbList\",\"@id\":\"https:\\\/\\\/chemgramx.com\\\/product\\\/7-abf-online-kaufen\\\/#breadcrumb\",\"itemListElement\":[{\"@type\":\"ListItem\",\"position\":1,\"name\":\"Home\",\"item\":\"https:\\\/\\\/chemgramx.com\\\/\"},{\"@type\":\"ListItem\",\"position\":2,\"name\":\"Shop\",\"item\":\"https:\\\/\\\/chemgramx.com\\\/shop\\\/\"},{\"@type\":\"ListItem\",\"position\":3,\"name\":\"7-ABF Kaufen &#8211; Reinheit, Forschung\"}]},{\"@type\":\"WebSite\",\"@id\":\"https:\\\/\\\/chemgramx.com\\\/#website\",\"url\":\"https:\\\/\\\/chemgramx.com\\\/\",\"name\":\"Chemgramx\",\"description\":\"\",\"publisher\":{\"@id\":\"https:\\\/\\\/chemgramx.com\\\/#organization\"},\"potentialAction\":[{\"@type\":\"SearchAction\",\"target\":{\"@type\":\"EntryPoint\",\"urlTemplate\":\"https:\\\/\\\/chemgramx.com\\\/?s={search_term_string}\"},\"query-input\":{\"@type\":\"PropertyValueSpecification\",\"valueRequired\":true,\"valueName\":\"search_term_string\"}}],\"inLanguage\":\"es\"},{\"@type\":\"Organization\",\"@id\":\"https:\\\/\\\/chemgramx.com\\\/#organization\",\"name\":\"Chemgramx\",\"url\":\"https:\\\/\\\/chemgramx.com\\\/\",\"logo\":{\"@type\":\"ImageObject\",\"inLanguage\":\"es\",\"@id\":\"https:\\\/\\\/chemgramx.com\\\/#\\\/schema\\\/logo\\\/image\\\/\",\"url\":\"https:\\\/\\\/chemgramx.com\\\/wp-content\\\/uploads\\\/2024\\\/10\\\/final-logo.png\",\"contentUrl\":\"https:\\\/\\\/chemgramx.com\\\/wp-content\\\/uploads\\\/2024\\\/10\\\/final-logo.png\",\"width\":250,\"height\":48,\"caption\":\"Chemgramx\"},\"image\":{\"@id\":\"https:\\\/\\\/chemgramx.com\\\/#\\\/schema\\\/logo\\\/image\\\/\"}}]}<\/script>\n<!-- \/ Yoast SEO plugin. -->","yoast_head_json":{"title":"Comprar 7-ABF en l\u00ednea \u2013 7-ABF a la venta | chemgramx","description":"Puedes contactar con nuestra tienda en l\u00ednea Chemgramx y comprar 7-abf en l\u00ednea. Puedes comprar 7-abf a precios asequibles. \u00a1P\u00eddelo ya!","robots":{"index":"index","follow":"follow","max-snippet":"max-snippet:-1","max-image-preview":"max-image-preview:large","max-video-preview":"max-video-preview:-1"},"canonical":"https:\/\/chemgramx.com\/es\/producto-1\/comprar-7-abf-en-linea\/","og_locale":"es_ES","og_type":"article","og_title":"7-ABF online kaufen \u2013 7-ABF zu verkaufen | chemgramx","og_description":"Sie k\u00f6nnen mit unserem Chemgramx-Onlineshop Kontakt aufnehmen und 7-abf online kaufen. Sie k\u00f6nnen 7-abf zu g\u00fcnstigen Preisen kaufen. Jetzt bestellen!","og_url":"https:\/\/chemgramx.com\/es\/producto-1\/comprar-7-abf-en-linea\/","og_site_name":"Chemgramx","article_modified_time":"2025-12-10T07:21:33+00:00","og_image":[{"width":414,"height":369,"url":"https:\/\/chemgramx.com\/wp-content\/uploads\/2025\/11\/7-ABF.png","type":"image\/png"}],"twitter_card":"summary_large_image","twitter_misc":{"Tiempo de lectura":"2 minutos"},"schema":{"@context":"https:\/\/schema.org","@graph":[{"@type":"WebPage","@id":"https:\/\/chemgramx.com\/product\/7-abf-online-kaufen\/","url":"https:\/\/chemgramx.com\/product\/7-abf-online-kaufen\/","name":"Comprar 7-ABF en l\u00ednea \u2013 7-ABF a la venta | chemgramx","isPartOf":{"@id":"https:\/\/chemgramx.com\/#website"},"primaryImageOfPage":{"@id":"https:\/\/chemgramx.com\/product\/7-abf-online-kaufen\/#primaryimage"},"image":{"@id":"https:\/\/chemgramx.com\/product\/7-abf-online-kaufen\/#primaryimage"},"thumbnailUrl":"https:\/\/chemgramx.com\/wp-content\/uploads\/2025\/11\/7-ABF.png","datePublished":"2025-11-21T11:09:57+00:00","dateModified":"2025-12-10T07:21:33+00:00","description":"Puedes contactar con nuestra tienda en l\u00ednea Chemgramx y comprar 7-abf en l\u00ednea. Puedes comprar 7-abf a precios asequibles. \u00a1P\u00eddelo ya!","breadcrumb":{"@id":"https:\/\/chemgramx.com\/product\/7-abf-online-kaufen\/#breadcrumb"},"inLanguage":"es","potentialAction":[{"@type":"ReadAction","target":["https:\/\/chemgramx.com\/product\/7-abf-online-kaufen\/"]}]},{"@type":"ImageObject","inLanguage":"es","@id":"https:\/\/chemgramx.com\/product\/7-abf-online-kaufen\/#primaryimage","url":"https:\/\/chemgramx.com\/wp-content\/uploads\/2025\/11\/7-ABF.png","contentUrl":"https:\/\/chemgramx.com\/wp-content\/uploads\/2025\/11\/7-ABF.png","width":414,"height":369},{"@type":"BreadcrumbList","@id":"https:\/\/chemgramx.com\/product\/7-abf-online-kaufen\/#breadcrumb","itemListElement":[{"@type":"ListItem","position":1,"name":"Home","item":"https:\/\/chemgramx.com\/"},{"@type":"ListItem","position":2,"name":"Shop","item":"https:\/\/chemgramx.com\/shop\/"},{"@type":"ListItem","position":3,"name":"7-ABF Kaufen &#8211; Reinheit, Forschung"}]},{"@type":"WebSite","@id":"https:\/\/chemgramx.com\/#website","url":"https:\/\/chemgramx.com\/","name":"Chemgramx","description":"","publisher":{"@id":"https:\/\/chemgramx.com\/#organization"},"potentialAction":[{"@type":"SearchAction","target":{"@type":"EntryPoint","urlTemplate":"https:\/\/chemgramx.com\/?s={search_term_string}"},"query-input":{"@type":"PropertyValueSpecification","valueRequired":true,"valueName":"search_term_string"}}],"inLanguage":"es"},{"@type":"Organization","@id":"https:\/\/chemgramx.com\/#organization","name":"Chemgramx","url":"https:\/\/chemgramx.com\/","logo":{"@type":"ImageObject","inLanguage":"es","@id":"https:\/\/chemgramx.com\/#\/schema\/logo\/image\/","url":"https:\/\/chemgramx.com\/wp-content\/uploads\/2024\/10\/final-logo.png","contentUrl":"https:\/\/chemgramx.com\/wp-content\/uploads\/2024\/10\/final-logo.png","width":250,"height":48,"caption":"Chemgramx"},"image":{"@id":"https:\/\/chemgramx.com\/#\/schema\/logo\/image\/"}}]}},"_links":{"self":[{"href":"https:\/\/chemgramx.com\/es\/wp-json\/wp\/v2\/product\/6866","targetHints":{"allow":["GET"]}}],"collection":[{"href":"https:\/\/chemgramx.com\/es\/wp-json\/wp\/v2\/product"}],"about":[{"href":"https:\/\/chemgramx.com\/es\/wp-json\/wp\/v2\/types\/product"}],"replies":[{"embeddable":true,"href":"https:\/\/chemgramx.com\/es\/wp-json\/wp\/v2\/comments?post=6866"}],"wp:featuredmedia":[{"embeddable":true,"href":"https:\/\/chemgramx.com\/es\/wp-json\/wp\/v2\/media\/6873"}],"wp:attachment":[{"href":"https:\/\/chemgramx.com\/es\/wp-json\/wp\/v2\/media?parent=6866"}],"wp:term":[{"taxonomy":"product_brand","embeddable":true,"href":"https:\/\/chemgramx.com\/es\/wp-json\/wp\/v2\/product_brand?post=6866"},{"taxonomy":"product_cat","embeddable":true,"href":"https:\/\/chemgramx.com\/es\/wp-json\/wp\/v2\/product_cat?post=6866"},{"taxonomy":"product_tag","embeddable":true,"href":"https:\/\/chemgramx.com\/es\/wp-json\/wp\/v2\/product_tag?post=6866"}],"curies":[{"name":"wp","href":"https:\/\/api.w.org\/{rel}","templated":true}]}}