{"id":6876,"date":"2025-11-21T11:10:14","date_gmt":"2025-11-21T11:10:14","guid":{"rendered":"https:\/\/chemgramx.com\/?post_type=product&#038;p=6876"},"modified":"2025-12-10T07:46:33","modified_gmt":"2025-12-10T07:46:33","slug":"thc-o-pedido-online","status":"publish","type":"product","link":"https:\/\/chemgramx.com\/es\/product\/thc-o-online-bestellung\/","title":{"rendered":"Comprar THC-O online"},"content":{"rendered":"<p>El THC-O-acetato, a menudo denominado simplemente THC-O en la comunidad cient\u00edfica, representa el siguiente paso en la evoluci\u00f3n de los cannabinoides sint\u00e9ticos. Esta mol\u00e9cula ha ganado una enorme popularidad en los \u00faltimos a\u00f1os debido a sus propiedades qu\u00edmicas \u00fanicas. Los laboratorios y los usuarios experimentados interesados en la investigaci\u00f3n avanzada sobre cannabinoides aprovechan cada vez m\u00e1s la oportunidad de, <b>Comprar THC-O para la venta<\/b> de resultados de estudios validados y nuevos hallazgos.<\/p>\n<p>Se valora especialmente por sus extraordinarias propiedades psicoactivas, ya que estas superan con creces la potencia de las formas convencionales de delta-9-THC. Por lo tanto, es la opci\u00f3n preferida por los expertos que desean investigar una experiencia m\u00e1s intensa y profunda. Debido a la creciente demanda de derivados especializados, los investigadores buscan espec\u00edficamente fuentes de suministro que <b>Calidad de la investigaci\u00f3n En venta<\/b> para garantizar la coherencia de los datos.<\/p>\n<p>Debido a su estructura qu\u00edmica especial y a su capacidad para distribuirse de manera m\u00e1s eficiente en el sistema, el THC-O produce efectos especiales. Estos pueden ser tanto relajantes para el cuerpo como estimulantes para la mente. Por ello, muchas instituciones deciden, <b>THC-O Pedido online<\/b> , ya que el mercado digital ofrece una forma sencilla, discreta y c\u00f3moda de adquirir reactivos de alta calidad.<\/p>\n<h2>La ciencia: \u00bfqu\u00e9 es realmente el THC-O?<\/h2>\n<p>El acetato de THC-O es un derivado semisint\u00e9tico del delta-9-THC, que se obtiene mediante un complejo proceso qu\u00edmico. T\u00e9cnicamente hablando, se trata del \u00e9ster del THC. Se fabrica mediante un proceso denominado acetilaci\u00f3n, que se lleva a cabo en laboratorios profesionales bajo estrictas medidas de seguridad. En este proceso, se a\u00f1ade un grupo acetilo a la estructura del THC.<\/p>\n<p>Esta adaptaci\u00f3n molecular tiene consecuencias decisivas: aumenta dr\u00e1sticamente la solubilidad en grasas (solubilidad lip\u00eddica) y, por lo tanto, la permeabilidad de la membrana de la sustancia. Los cient\u00edficos que <b>THC-O de m\u00e1xima calidad<\/b> analizan y concluyen que esta modificaci\u00f3n clasifica a la mol\u00e9cula como \u201eprof\u00e1rmaco\u201c. Esto significa que, en su forma original, es inactiva y solo se convierte en THC activo tras ser metabolizada por el organismo.<\/p>\n<p>Esta modificaci\u00f3n qu\u00edmica hace que el THC-O pueda tener un efecto hasta tres veces m\u00e1s potente que el THC convencional. Tras su ingesti\u00f3n, la mol\u00e9cula suele desarrollar todo su efecto psicoactivo con un cierto retraso. Los investigadores suelen informar de un efecto de inicio lento, pero extremadamente duradero. Por este motivo, el proceso se considera, <a href=\"\/kategorie\/synthetische-cannabinoide\">Cannabinoides sint\u00e9ticos<\/a> C\u00f3mo adquirir THC-O, especialmente interesante para aquellos que buscan nuevas experiencias potencialmente m\u00e1s intensas.<\/p>\n<h2>Por qu\u00e9 la gente busca THC-O en Internet<\/h2>\n<p>La creciente demanda de THC-O en Internet se debe a varias ventajas pr\u00e1cticas y cualitativas. Internet ofrece una gran variedad de proveedores y hace que el acceso a esta sustancia sea m\u00e1s f\u00e1cil que nunca. No obstante, hay que tener cuidado: solo los distribuidores certificados ofrecen <b>THC-O aut\u00e9ntico<\/b> que no contenga residuos nocivos.<\/p>\n<p>Las razones m\u00e1s comunes para comprar online son, entre otras:<\/p>\n<ul>\n<li><b>Mayor potencia:<\/b> El THC-O se considera significativamente m\u00e1s potente que el THC cl\u00e1sico, lo que lo hace atractivo para los estudios de eficacia.<\/li>\n<li><b>Comodidad:<\/b> Todo el proceso de adquisici\u00f3n se gestiona digitalmente, lo que ahorra tiempo y recursos.<\/li>\n<li><b>Disponibilidad:<\/b> Mientras que las fuentes locales suelen ser limitadas, <b>El mejor THC-O disponible<\/b> Casi siempre disponible en tiendas online.<\/li>\n<li><b>Discreci\u00f3n:<\/b> Los pedidos se procesan de forma neutral y se tratan de manera confidencial, lo que protege la privacidad.<\/li>\n<li><b>Ventajas de precio:<\/b> Muchos proveedores ofrecen descuentos para pedidos grandes o con fines de investigaci\u00f3n.<\/li>\n<\/ul>\n<p>Adem\u00e1s, el mercado online ofrece una mayor variedad de formas de productos, desde aceites viscosos hasta aislados y destilados. Esto permite una selecci\u00f3n individualizada para intereses espec\u00edficos de investigaci\u00f3n o industriales. \u00bfQui\u00e9n? <b>Alta pureza En venta<\/b> quien busca, encuentra m\u00e1s r\u00e1pido en Internet que en las tiendas f\u00edsicas.<\/p>\n<h2>Efectos y resultados de la investigaci\u00f3n sobre el THC-O<\/h2>\n<p>El efecto del THC-O difiere significativamente de los cannabinoides cl\u00e1sicos, lo que lo convierte en un objeto fascinante para la investigaci\u00f3n neuroqu\u00edmica. Los informes suelen hablar de una experiencia profunda, casi espiritual, acompa\u00f1ada de una fuerte euforia y cambios intensos en la percepci\u00f3n. Algunos expertos comparan los efectos m\u00e1s con los psicod\u00e9licos cl\u00e1sicos que con el cannabis convencional.<\/p>\n<p>Entre los efectos t\u00edpicos descritos en la literatura se incluyen:<\/p>\n<ul>\n<li>\u201eSubid\u00f3n\u201c intenso con una fuerte sensaci\u00f3n de euforia.<\/li>\n<li>Percepci\u00f3n visual y auditiva reforzada (sensibilidad sensorial aumentada).<\/li>\n<li>Mayor creatividad y pensamientos m\u00e1s profundos e introspectivos.<\/li>\n<li>Profunda relajaci\u00f3n f\u00edsica y posible reducci\u00f3n del estr\u00e9s.<\/li>\n<li>Mejora del estado de \u00e1nimo y la apertura social en entornos controlados.<\/li>\n<\/ul>\n<p>Sin embargo, el efecto tambi\u00e9n puede ser inesperadamente fuerte. La alta biodisponibilidad significa que el sistema endocannabinoide se estimula en gran medida. Por lo tanto, los nuevos usuarios en particular deben dosificar con precauci\u00f3n. Laboratorios que<a href=\"https:\/\/chemgramx.com\/product\/ghb-gamma-hydroxybutyrat-online-kaufen\/\"> <b>Calidad de laboratorio En venta<\/b><\/a> siempre se\u00f1alan la necesidad de realizar mediciones precisas para evitar resultados indeseados, como mareos o inquietud.<\/p>\n<h2>Duraci\u00f3n, dosificaci\u00f3n y aspectos de seguridad<\/h2>\n<p>A diferencia del THC convencional, el efecto del THC-O suele tardar en aparecer, normalmente entre 30 y 60 minutos despu\u00e9s de su ingesta. Esto se debe a la desacetilaci\u00f3n metab\u00f3lica necesaria para activar la sustancia. Sin embargo, el efecto puede durar hasta 6 horas o m\u00e1s, y su intensidad aumenta lentamente.<\/p>\n<p>Por lo tanto, los investigadores recomiendan encarecidamente comenzar con dosis bajas y esperar al menos dos horas antes de repetir la dosis. Una repetici\u00f3n demasiado r\u00e1pida puede provocar una sobreestimulaci\u00f3n del sistema nervioso y hacer que la experiencia resulte desagradable. Si <b>Comprar ahora online<\/b> , debe asegurarse de que dispone del equipo necesario para trabajar con una precisi\u00f3n de miligramos.<\/p>\n<table style=\"width: 100%; border-collapse: collapse;\" border=\"1\" cellspacing=\"0\" cellpadding=\"10\">\n<thead>\n<tr style=\"background-color: #f2f2f2;\">\n<th>nivel de experiencia<\/th>\n<th>Cantidad recomendada (te\u00f3rica)<\/th>\n<th>Aviso importante<\/th>\n<\/tr>\n<\/thead>\n<tbody>\n<tr>\n<td>principiantes<\/td>\n<td>1 mg \u2013 3 mg<\/td>\n<td>Tenga en cuenta el largo tiempo de espera (efecto prof\u00e1rmaco).<\/td>\n<\/tr>\n<tr>\n<td>Avanzados<\/td>\n<td>5 mg \u2013 10 mg<\/td>\n<td>Aumentar solo si se conoce la tolerancia.<\/td>\n<\/tr>\n<tr>\n<td>Expertos \/ Investigaci\u00f3n<\/td>\n<td>Individual<\/td>\n<td>Estricta supervisi\u00f3n de los par\u00e1metros.<\/td>\n<\/tr>\n<\/tbody>\n<\/table>\n<h2>Garant\u00eda de calidad: compre ahora en Chemgramx<\/h2>\n<p>Si est\u00e1 buscando el mejor lugar para adquirir este compuesto especializado, debe prestar atenci\u00f3n a la transparencia y la seriedad. Al fin y al cabo, elegir al socio adecuado es fundamental para la integridad de su investigaci\u00f3n. En Chemgramx comprendemos la importancia de la pureza. Nuestro <a href=\"https:\/\/chemgramx.com\/product\/14-butanediol-online-kaufen\/\"><b>Compras seguras<\/b> <\/a>garantiza que recibir\u00e1 productos que cumplen con los m\u00e1s altos est\u00e1ndares.<\/p>\n<p>Al realizar la compra, tenga en cuenta los siguientes puntos, que cumplimos de forma est\u00e1ndar:<\/p>\n<ul>\n<li>Origen fiable con informaci\u00f3n clara sobre el producto.<\/li>\n<li>Productos independientes probados en laboratorio con certificado COA (Certificate of Analysis).<\/li>\n<li>M\u00e9todos de pago seguros con el cifrado SSL m\u00e1s avanzado.<\/li>\n<li>Opiniones positivas de los clientes y testimonios aut\u00e9nticos.<\/li>\n<\/ul>\n<p>Muchos clientes comparan precios, pero la calidad nunca debe verse comprometida. Le ofrecemos la posibilidad de adquirir productos qu\u00edmicos para investigaci\u00f3n que contienen exactamente lo que indica la etiqueta. No en vano, nuestro eslogan es: \u00abCompre en Chemgramx si espera excelencia\u00bb.<\/p>\n<h2>Estatus jur\u00eddico y responsabilidad<\/h2>\n<p>La legalidad del THC-O var\u00eda mucho en todo el mundo y es un tema complejo. Mientras que en algunos pa\u00edses se considera una sustancia controlada, en otros se encuentra en una zona gris legal, ya que no se extrae directamente de la planta de c\u00e1\u00f1amo, sino que se sintetiza. En Estados Unidos, por ejemplo, el THC-O se tolera en algunos estados, pero puede causar conflictos a nivel federal.<\/p>\n<p>En la UE, la clasificaci\u00f3n depende de cada pa\u00eds; algunos lo proh\u00edben expresamente en el marco de la NpSG (Ley de Nuevas Sustancias Psicoactivas), otros lo permiten con fines puramente investigativos. Por lo tanto, los compradores siempre deben informarse previamente sobre la legislaci\u00f3n vigente en su regi\u00f3n antes de realizar un pedido. \u00bfQui\u00e9n <b>Calidad de laboratorio En venta<\/b> o adquiere, es responsable del cumplimiento de las normativas locales.<\/p>\n<h3>Conclusi\u00f3n<\/h3>\n<p>En resumen, el acetato de THC-O es un potente cannabinoide sint\u00e9tico con un efecto excepcionalmente fuerte y un alto valor cient\u00edfico. Es especialmente adecuado para usuarios experimentados o institutos que deseen investigar cient\u00edficamente los l\u00edmites del efecto de los cannabinoides. Su farmacocin\u00e9tica \u00fanica ofrece enfoques interesantes para nuevos estudios.<\/p>\n<p>Si decide integrar este producto, aseg\u00farese siempre de que provenga de fuentes fiables y cuente con certificados de calidad claros. De este modo, se asegurar\u00e1 de obtener un producto de alta calidad. La mejor experiencia de compra se consigue cuando el an\u00e1lisis y la seguridad son prioritarios. Conf\u00ede en Chemgramx para satisfacer sus necesidades cient\u00edficas.<\/p>","protected":false},"excerpt":{"rendered":"<p>El THC-O o THC-O-acetato es un cannabinoide sint\u00e9tico derivado del delta-9-tetrahidrocannabinol (THC). Su f\u00f3rmula qu\u00edmica es C23H34O3. Se sabe que el THC-O es m\u00e1s fuerte que el THC normal y se utiliza a menudo en diversos productos del cannabis.<\/p>\n<p>&nbsp;<\/p>","protected":false},"featured_media":6906,"comment_status":"open","ping_status":"closed","template":"","meta":{"_joinchat":[]},"product_brand":[],"product_cat":[47],"product_tag":[333,2644,2643,2645,2637,2642,2638,2639,2641,2640],"class_list":{"0":"post-6876","1":"product","2":"type-product","3":"status-publish","4":"has-post-thumbnail","6":"product_cat-cannabinoids","7":"product_tag-synthetische-cannabinoide","8":"product_tag-thc-o-chemikalien","9":"product_tag-thc-o-deutschland","10":"product_tag-thc-o-drogen","11":"product_tag-thc-o-kaufen","12":"product_tag-thc-o-kaufen-online","13":"product_tag-thc-o-kristalle","14":"product_tag-thc-o-online-kaufen","15":"product_tag-thc-o-preis","16":"product_tag-thc-o-prodej","18":"first","19":"instock","20":"shipping-taxable","21":"purchasable","22":"product-type-variable"},"yoast_head":"<!-- This site is optimized with the Yoast SEO plugin v27.5 - https:\/\/yoast.com\/product\/yoast-seo-wordpress\/ -->\n<title>THC-O kaufen \u2013 Hochwertiges Cannabinoid f\u00fcr die Forschung<\/title>\n<meta name=\"description\" content=\"Kaufen Sie hochwertiges THC-O f\u00fcr die Cannabinoid-Forschung. Bulk-Optionen, Sicherheitsdaten und zuverl\u00e4ssiger Versand. THC-O kaufen\" \/>\n<meta name=\"robots\" content=\"index, follow, max-snippet:-1, max-image-preview:large, max-video-preview:-1\" \/>\n<link rel=\"canonical\" href=\"https:\/\/chemgramx.com\/es\/producto-1\/thc-o-pedido-online\/\" \/>\n<meta property=\"og:locale\" content=\"es_ES\" \/>\n<meta property=\"og:type\" content=\"article\" \/>\n<meta property=\"og:title\" content=\"THC-O kaufen \u2013 Hochwertiges Cannabinoid f\u00fcr die Forschung\" \/>\n<meta property=\"og:description\" content=\"Kaufen Sie hochwertiges THC-O f\u00fcr die Cannabinoid-Forschung. Bulk-Optionen, Sicherheitsdaten und zuverl\u00e4ssiger Versand. THC-O kaufen\" \/>\n<meta property=\"og:url\" content=\"https:\/\/chemgramx.com\/es\/producto-1\/thc-o-pedido-online\/\" \/>\n<meta property=\"og:site_name\" content=\"Chemgramx\" \/>\n<meta property=\"article:modified_time\" content=\"2025-12-10T07:46:33+00:00\" \/>\n<meta property=\"og:image\" content=\"https:\/\/chemgramx.com\/wp-content\/uploads\/2025\/11\/THC-O.webp\" \/>\n\t<meta property=\"og:image:width\" content=\"1080\" \/>\n\t<meta property=\"og:image:height\" content=\"1350\" \/>\n\t<meta property=\"og:image:type\" content=\"image\/webp\" \/>\n<meta name=\"twitter:card\" content=\"summary_large_image\" \/>\n<meta name=\"twitter:label1\" content=\"Tiempo de lectura\" \/>\n\t<meta name=\"twitter:data1\" content=\"6 minutos\" \/>\n<script type=\"application\/ld+json\" class=\"yoast-schema-graph\">{\"@context\":\"https:\\\/\\\/schema.org\",\"@graph\":[{\"@type\":\"WebPage\",\"@id\":\"https:\\\/\\\/chemgramx.com\\\/product\\\/thc-o-online-bestellung\\\/\",\"url\":\"https:\\\/\\\/chemgramx.com\\\/product\\\/thc-o-online-bestellung\\\/\",\"name\":\"THC-O kaufen \u2013 Hochwertiges Cannabinoid f\u00fcr die Forschung\",\"isPartOf\":{\"@id\":\"https:\\\/\\\/chemgramx.com\\\/#website\"},\"primaryImageOfPage\":{\"@id\":\"https:\\\/\\\/chemgramx.com\\\/product\\\/thc-o-online-bestellung\\\/#primaryimage\"},\"image\":{\"@id\":\"https:\\\/\\\/chemgramx.com\\\/product\\\/thc-o-online-bestellung\\\/#primaryimage\"},\"thumbnailUrl\":\"https:\\\/\\\/chemgramx.com\\\/wp-content\\\/uploads\\\/2025\\\/11\\\/THC-O.webp\",\"datePublished\":\"2025-11-21T11:10:14+00:00\",\"dateModified\":\"2025-12-10T07:46:33+00:00\",\"description\":\"Kaufen Sie hochwertiges THC-O f\u00fcr die Cannabinoid-Forschung. Bulk-Optionen, Sicherheitsdaten und zuverl\u00e4ssiger Versand. THC-O kaufen\",\"breadcrumb\":{\"@id\":\"https:\\\/\\\/chemgramx.com\\\/product\\\/thc-o-online-bestellung\\\/#breadcrumb\"},\"inLanguage\":\"es\",\"potentialAction\":[{\"@type\":\"ReadAction\",\"target\":[\"https:\\\/\\\/chemgramx.com\\\/product\\\/thc-o-online-bestellung\\\/\"]}]},{\"@type\":\"ImageObject\",\"inLanguage\":\"es\",\"@id\":\"https:\\\/\\\/chemgramx.com\\\/product\\\/thc-o-online-bestellung\\\/#primaryimage\",\"url\":\"https:\\\/\\\/chemgramx.com\\\/wp-content\\\/uploads\\\/2025\\\/11\\\/THC-O.webp\",\"contentUrl\":\"https:\\\/\\\/chemgramx.com\\\/wp-content\\\/uploads\\\/2025\\\/11\\\/THC-O.webp\",\"width\":1080,\"height\":1350},{\"@type\":\"BreadcrumbList\",\"@id\":\"https:\\\/\\\/chemgramx.com\\\/product\\\/thc-o-online-bestellung\\\/#breadcrumb\",\"itemListElement\":[{\"@type\":\"ListItem\",\"position\":1,\"name\":\"Home\",\"item\":\"https:\\\/\\\/chemgramx.com\\\/\"},{\"@type\":\"ListItem\",\"position\":2,\"name\":\"Shop\",\"item\":\"https:\\\/\\\/chemgramx.com\\\/shop\\\/\"},{\"@type\":\"ListItem\",\"position\":3,\"name\":\"Online THC-O kaufen\"}]},{\"@type\":\"WebSite\",\"@id\":\"https:\\\/\\\/chemgramx.com\\\/#website\",\"url\":\"https:\\\/\\\/chemgramx.com\\\/\",\"name\":\"Chemgramx\",\"description\":\"\",\"publisher\":{\"@id\":\"https:\\\/\\\/chemgramx.com\\\/#organization\"},\"potentialAction\":[{\"@type\":\"SearchAction\",\"target\":{\"@type\":\"EntryPoint\",\"urlTemplate\":\"https:\\\/\\\/chemgramx.com\\\/?s={search_term_string}\"},\"query-input\":{\"@type\":\"PropertyValueSpecification\",\"valueRequired\":true,\"valueName\":\"search_term_string\"}}],\"inLanguage\":\"es\"},{\"@type\":\"Organization\",\"@id\":\"https:\\\/\\\/chemgramx.com\\\/#organization\",\"name\":\"Chemgramx\",\"url\":\"https:\\\/\\\/chemgramx.com\\\/\",\"logo\":{\"@type\":\"ImageObject\",\"inLanguage\":\"es\",\"@id\":\"https:\\\/\\\/chemgramx.com\\\/#\\\/schema\\\/logo\\\/image\\\/\",\"url\":\"https:\\\/\\\/chemgramx.com\\\/wp-content\\\/uploads\\\/2024\\\/10\\\/final-logo.png\",\"contentUrl\":\"https:\\\/\\\/chemgramx.com\\\/wp-content\\\/uploads\\\/2024\\\/10\\\/final-logo.png\",\"width\":250,\"height\":48,\"caption\":\"Chemgramx\"},\"image\":{\"@id\":\"https:\\\/\\\/chemgramx.com\\\/#\\\/schema\\\/logo\\\/image\\\/\"}}]}<\/script>\n<!-- \/ Yoast SEO plugin. -->","yoast_head_json":{"title":"Comprar THC-O: cannabinoide de alta calidad para investigaci\u00f3n","description":"Compra THC-O de alta calidad para la investigaci\u00f3n de cannabinoides. Opciones a granel, informaci\u00f3n de seguridad y env\u00edo fiable. Compra THC-O.","robots":{"index":"index","follow":"follow","max-snippet":"max-snippet:-1","max-image-preview":"max-image-preview:large","max-video-preview":"max-video-preview:-1"},"canonical":"https:\/\/chemgramx.com\/es\/producto-1\/thc-o-pedido-online\/","og_locale":"es_ES","og_type":"article","og_title":"THC-O kaufen \u2013 Hochwertiges Cannabinoid f\u00fcr die Forschung","og_description":"Kaufen Sie hochwertiges THC-O f\u00fcr die Cannabinoid-Forschung. Bulk-Optionen, Sicherheitsdaten und zuverl\u00e4ssiger Versand. THC-O kaufen","og_url":"https:\/\/chemgramx.com\/es\/producto-1\/thc-o-pedido-online\/","og_site_name":"Chemgramx","article_modified_time":"2025-12-10T07:46:33+00:00","og_image":[{"width":1080,"height":1350,"url":"https:\/\/chemgramx.com\/wp-content\/uploads\/2025\/11\/THC-O.webp","type":"image\/webp"}],"twitter_card":"summary_large_image","twitter_misc":{"Tiempo de lectura":"6 minutos"},"schema":{"@context":"https:\/\/schema.org","@graph":[{"@type":"WebPage","@id":"https:\/\/chemgramx.com\/product\/thc-o-online-bestellung\/","url":"https:\/\/chemgramx.com\/product\/thc-o-online-bestellung\/","name":"Comprar THC-O: cannabinoide de alta calidad para investigaci\u00f3n","isPartOf":{"@id":"https:\/\/chemgramx.com\/#website"},"primaryImageOfPage":{"@id":"https:\/\/chemgramx.com\/product\/thc-o-online-bestellung\/#primaryimage"},"image":{"@id":"https:\/\/chemgramx.com\/product\/thc-o-online-bestellung\/#primaryimage"},"thumbnailUrl":"https:\/\/chemgramx.com\/wp-content\/uploads\/2025\/11\/THC-O.webp","datePublished":"2025-11-21T11:10:14+00:00","dateModified":"2025-12-10T07:46:33+00:00","description":"Compra THC-O de alta calidad para la investigaci\u00f3n de cannabinoides. Opciones a granel, informaci\u00f3n de seguridad y env\u00edo fiable. Compra THC-O.","breadcrumb":{"@id":"https:\/\/chemgramx.com\/product\/thc-o-online-bestellung\/#breadcrumb"},"inLanguage":"es","potentialAction":[{"@type":"ReadAction","target":["https:\/\/chemgramx.com\/product\/thc-o-online-bestellung\/"]}]},{"@type":"ImageObject","inLanguage":"es","@id":"https:\/\/chemgramx.com\/product\/thc-o-online-bestellung\/#primaryimage","url":"https:\/\/chemgramx.com\/wp-content\/uploads\/2025\/11\/THC-O.webp","contentUrl":"https:\/\/chemgramx.com\/wp-content\/uploads\/2025\/11\/THC-O.webp","width":1080,"height":1350},{"@type":"BreadcrumbList","@id":"https:\/\/chemgramx.com\/product\/thc-o-online-bestellung\/#breadcrumb","itemListElement":[{"@type":"ListItem","position":1,"name":"Home","item":"https:\/\/chemgramx.com\/"},{"@type":"ListItem","position":2,"name":"Shop","item":"https:\/\/chemgramx.com\/shop\/"},{"@type":"ListItem","position":3,"name":"Online THC-O kaufen"}]},{"@type":"WebSite","@id":"https:\/\/chemgramx.com\/#website","url":"https:\/\/chemgramx.com\/","name":"Chemgramx","description":"","publisher":{"@id":"https:\/\/chemgramx.com\/#organization"},"potentialAction":[{"@type":"SearchAction","target":{"@type":"EntryPoint","urlTemplate":"https:\/\/chemgramx.com\/?s={search_term_string}"},"query-input":{"@type":"PropertyValueSpecification","valueRequired":true,"valueName":"search_term_string"}}],"inLanguage":"es"},{"@type":"Organization","@id":"https:\/\/chemgramx.com\/#organization","name":"Chemgramx","url":"https:\/\/chemgramx.com\/","logo":{"@type":"ImageObject","inLanguage":"es","@id":"https:\/\/chemgramx.com\/#\/schema\/logo\/image\/","url":"https:\/\/chemgramx.com\/wp-content\/uploads\/2024\/10\/final-logo.png","contentUrl":"https:\/\/chemgramx.com\/wp-content\/uploads\/2024\/10\/final-logo.png","width":250,"height":48,"caption":"Chemgramx"},"image":{"@id":"https:\/\/chemgramx.com\/#\/schema\/logo\/image\/"}}]}},"_links":{"self":[{"href":"https:\/\/chemgramx.com\/es\/wp-json\/wp\/v2\/product\/6876","targetHints":{"allow":["GET"]}}],"collection":[{"href":"https:\/\/chemgramx.com\/es\/wp-json\/wp\/v2\/product"}],"about":[{"href":"https:\/\/chemgramx.com\/es\/wp-json\/wp\/v2\/types\/product"}],"replies":[{"embeddable":true,"href":"https:\/\/chemgramx.com\/es\/wp-json\/wp\/v2\/comments?post=6876"}],"wp:featuredmedia":[{"embeddable":true,"href":"https:\/\/chemgramx.com\/es\/wp-json\/wp\/v2\/media\/6906"}],"wp:attachment":[{"href":"https:\/\/chemgramx.com\/es\/wp-json\/wp\/v2\/media?parent=6876"}],"wp:term":[{"taxonomy":"product_brand","embeddable":true,"href":"https:\/\/chemgramx.com\/es\/wp-json\/wp\/v2\/product_brand?post=6876"},{"taxonomy":"product_cat","embeddable":true,"href":"https:\/\/chemgramx.com\/es\/wp-json\/wp\/v2\/product_cat?post=6876"},{"taxonomy":"product_tag","embeddable":true,"href":"https:\/\/chemgramx.com\/es\/wp-json\/wp\/v2\/product_tag?post=6876"}],"curies":[{"name":"wp","href":"https:\/\/api.w.org\/{rel}","templated":true}]}}