{"id":6877,"date":"2025-11-21T11:10:15","date_gmt":"2025-11-21T11:10:15","guid":{"rendered":"https:\/\/chemgramx.com\/?post_type=product&#038;p=6877"},"modified":"2025-12-10T07:18:23","modified_gmt":"2025-12-10T07:18:23","slug":"5f-mdmb-2201-pedido-en-linea","status":"publish","type":"product","link":"https:\/\/chemgramx.com\/es\/product\/5f-mdmb-2201-online-bestellung\/","title":{"rendered":"Comprar 5F-MDMB-2201: investigaci\u00f3n, alta calidad"},"content":{"rendered":"<p>El mundo de los productos qu\u00edmicos para investigaci\u00f3n est\u00e1 evolucionando r\u00e1pidamente. Constantemente se crean nuevas sustancias que permiten a los investigadores comprender mejor los procesos neuroqu\u00edmicos. Uno de estos compuestos tan interesantes es <b>5F-MDMB-2201<\/b>, un cannabinoide sint\u00e9tico que est\u00e1 recibiendo cada vez m\u00e1s atenci\u00f3n cient\u00edfica debido a su potencia y versatilidad. La b\u00fasqueda de <b>M\u00e1xima calidad 5F-MDMB-2201<\/b> ha llevado a muchos cient\u00edficos a buscar fuentes fiables en Internet. Hoy en d\u00eda, muchos laboratorios y cient\u00edficos deciden, <b>5F-MDMB-2201 para comprar en l\u00ednea<\/b>, ya que el mercado en l\u00ednea ofrece una calidad probada, informaci\u00f3n clara sobre los productos y c\u00f3modas opciones de pedido. Cualquiera que busque <b>5F-MDMB-2201 en venta<\/b> Si busca o necesita muestras de alta calidad para experimentos de investigaci\u00f3n, encontrar\u00e1 una amplia selecci\u00f3n de fuentes certificadas en Internet. Este producto representa una nueva generaci\u00f3n de cannabinoides sint\u00e9ticos con propiedades \u00fanicas para la investigaci\u00f3n cient\u00edfica.<\/p>\n<h2>\u00bfCu\u00e1l era el 5F-MDMB-2201?<\/h2>\n<p><b>5F-MDMB-2201<\/b> Es un cannabinoide sint\u00e9tico del grupo de los cannabinoides basados en indol. Qu\u00edmicamente es similar a compuestos como el MDMB-CHMICA o el FUB-AMB, pero difiere ligeramente en su estructura molecular, lo que le confiere un modo de acci\u00f3n \u00fanico. Pertenece a la clase de los cannabinoides sint\u00e9ticos basados en indol y muestra una notable afinidad por los receptores cannabinoides.<\/p>\n<p>Este compuesto se une a los receptores CB1 y CB2 del sistema endocannabinoide y muestra una afinidad significativamente mayor que el THC natural. Esto da lugar a un efecto especialmente intenso, en parte impredecible, que los investigadores utilizan espec\u00edficamente para comprender mejor las actividades de los receptores y las v\u00edas de se\u00f1alizaci\u00f3n. La investigaci\u00f3n se centra en el an\u00e1lisis detallado de estas propiedades de uni\u00f3n.<\/p>\n<p>En comparaci\u00f3n con el THC cl\u00e1sico, el 5F-MDMB-2201 se considera m\u00e1s potente, complejo y de efecto m\u00e1s breve. Por ello, los investigadores utilizan esta sustancia para obtener nuevos conocimientos sobre la interacci\u00f3n de los cannabinoides sint\u00e9ticos con el sistema nervioso central. Si usted <b>Grado de investigaci\u00f3n 5F-MDMB-2201 a la venta<\/b> , esta es una excelente opci\u00f3n para trabajos de laboratorio que requieren precisi\u00f3n.<\/p>\n<h2>\u00bfPor qu\u00e9 comprar 5F-MDMB-2201 en l\u00ednea?<\/h2>\n<p>La compra online ofrece a los investigadores una forma c\u00f3moda, segura y, a menudo, m\u00e1s econ\u00f3mica de adquirir muestras de alta calidad. Adem\u00e1s de la facilidad de acceso, la transparencia de los proveedores tambi\u00e9n juega un papel decisivo. Por lo tanto, es aconsejable, <b>Grado de investigaci\u00f3n 5F-MDMB-2201 a la venta<\/b> de fuentes fiables.<\/p>\n<p><b>Principales razones por las que muchos investigadores compran 5F-MDMB-2201 en l\u00ednea:<\/b><\/p>\n<ul>\n<li><b>Novedad y potencia:<\/b> Efecto significativamente m\u00e1s intenso que los cannabinoides cl\u00e1sicos, lo que permite nuevos enfoques de investigaci\u00f3n.<\/li>\n<li><b>Comodidad:<\/b> Pedido y tramitaci\u00f3n sencillos en l\u00ednea. Esto lo convierte en una opci\u00f3n accesible para centros de investigaci\u00f3n de todo el mundo.<\/li>\n<li><b>Variedad de productos:<\/b> Disponible en diferentes formas para satisfacer los requisitos espec\u00edficos del laboratorio.<\/li>\n<li><b>Discreci\u00f3n:<\/b> El tratamiento cuidadoso de cada pedido garantiza la confidencialidad.<\/li>\n<li><b>Ventajas de precio:<\/b> Las tiendas online suelen ofrecer precios competitivos, lo que permite una gesti\u00f3n eficiente del presupuesto para proyectos de investigaci\u00f3n.<\/li>\n<\/ul>\n<p>Adem\u00e1s, los proveedores en l\u00ednea consolidados permiten la trazabilidad de cada lote, por lo que los investigadores pueden estar seguros de que obtienen un producto puro y probado en laboratorio. Si usted <b>La mejor calidad 5F-MDMB-2201 disponible<\/b> buscar, debe tener en cuenta estos criterios.<\/p>\n<h2>Effecten en voordelen<\/h2>\n<p><b>5F-MDMB-2201<\/b> Es conocido por sus efectos potentes y r\u00e1pidos. En estudios de laboratorio se ha observado que incluso cantidades m\u00ednimas pueden provocar cambios significativos en la percepci\u00f3n y el estado de \u00e1nimo. Esta fuerte uni\u00f3n a los receptores lo convierte en un objeto de investigaci\u00f3n ideal para estudios sobre la neuroqu\u00edmica de los cannabinoides. El an\u00e1lisis preciso de estos efectos es fundamental para comprender los procesos neurofisiol\u00f3gicos.<\/p>\n<p>Efectos frecuentemente documentados en entornos controlados:<\/p>\n<ul>\n<li>Euforia pronunciada y estado de \u00e1nimo exaltado<\/li>\n<li>Aumento de la percepci\u00f3n sensorial (por ejemplo, colores, sonidos)<\/li>\n<li>Profunda relajaci\u00f3n f\u00edsica y mental<\/li>\n<li>Cambio temporal en la percepci\u00f3n del tiempo y el espacio<\/li>\n<li>Aumento de la locuacidad y ligera euforia<\/li>\n<\/ul>\n<p>En entornos de investigaci\u00f3n, estas observaciones se utilizan para analizar los mecanismos neuronales que subyacen al bienestar, la percepci\u00f3n y la regulaci\u00f3n emocional. El estudio de <b>Aut\u00e9ntico 5F-MDMB-2201<\/b> proporciona datos valiosos para la investigaci\u00f3n neurocient\u00edfica.<\/p>\n<h2>Pautas de dosificaci\u00f3n con fines de investigaci\u00f3n<\/h2>\n<p>Debido a su extraordinaria potencia, el 5F-MDMB-2201 requiere una dosificaci\u00f3n especialmente cuidadosa. Incluso cantidades de microgramos pueden producir efectos significativos, por lo que es imprescindible utilizar instrumentos de medici\u00f3n precisos. Una manipulaci\u00f3n precisa es la clave para obtener resultados de investigaci\u00f3n reproducibles.<\/p>\n<p><b>Pautas de dosificaci\u00f3n recomendadas para estudios de laboratorio:<\/b><\/p>\n<ul>\n<li>Comienza en <b>0,5 mg - 1 mg<\/b> por unidad de prueba. Esto garantiza que se pueda observar la reacci\u00f3n sin producir inmediatamente un efecto abrumador.<\/li>\n<li><b>Evitar la redosificaci\u00f3n<\/b>, para evitar reacciones excesivas. Es aconsejable dejar que el efecto de una dosis inicial desaparezca por completo antes de considerar una nueva administraci\u00f3n.<\/li>\n<li>Documentaci\u00f3n de todas las reacciones y par\u00e1metros. Cada observaci\u00f3n es valiosa para la evaluaci\u00f3n cient\u00edfica.<\/li>\n<\/ul>\n<p>Dado que la reacci\u00f3n individual puede variar considerablemente, solo se recomienda un aumento gradual de la dosis en condiciones controladas. La documentaci\u00f3n precisa es esencial para la validez cient\u00edfica del estudio. Si usted <b>5F-MDMB-2201 de alta pureza a la venta<\/b> es especialmente importante dosificarlo con cuidado.<\/p>\n<h2>Duraci\u00f3n de la acci\u00f3n y caracter\u00edsticas<\/h2>\n<p>Los efectos del 5F-MDMB-2201 generalmente requieren <b>despu\u00e9s de 5 a 15 minutos<\/b> (por vaporizaci\u00f3n o inhalaci\u00f3n) y puede ser <b>entre 2 y 6 horas<\/b> . Muchos estudios muestran una estructura bif\u00e1sica: primero euforia y activaci\u00f3n, seguidas de una profunda relajaci\u00f3n. Este efecto din\u00e1mico lo convierte en un objeto de estudio fascinante.<\/p>\n<p>Esta combinaci\u00f3n hace que el 5F-MDMB-2201 resulte interesante para los investigadores que estudian la din\u00e1mica temporal de los efectos de los cannabinoides. Comprenda los complejos perfiles de acci\u00f3n mediante <b>5F-MDMB-2201 en venta<\/b> de Chemgramx. Para obtener resultados de investigaci\u00f3n precisos, es imprescindible conocer la duraci\u00f3n del efecto.<\/p>\n<p>La investigaci\u00f3n de <a href=\"https:\/\/chemgramx.com\/product\/camel-stamp-hash-kaufen\/\">An\u00e1logos de cannabinoides<\/a> como el 5F-MDMB-2201 puede proporcionar una visi\u00f3n m\u00e1s profunda del sistema endocannabinoide. Por lo tanto, la disponibilidad de <b>5F-MDMB-2201 de grado de laboratorio a la venta<\/b> de gran importancia para el progreso cient\u00edfico. Ofrecemos <b>M\u00e1xima calidad 5F-MDMB-2201<\/b>, para satisfacer sus necesidades de investigaci\u00f3n.<\/p>\n<h2>Estatus legal<\/h2>\n<p>El estatus legal de <b>5F-MDMB-2201<\/b> var\u00eda considerablemente en todo el mundo. En muchos pa\u00edses, entre ellos Alemania, Gran Breta\u00f1a y Canad\u00e1, esta sustancia est\u00e1 clasificada como compuesto controlado. Sin embargo, en otros pa\u00edses sigue siendo legal adquirirla con fines de investigaci\u00f3n. Es fundamental conocer la normativa local antes de <b>5F-MDMB-2201 en venta<\/b> adquirir.<\/p>\n<p>Antes de realizar un pedido, los compradores deben comprobar las leyes y el marco normativo vigentes en su pa\u00eds. Las instituciones de investigaci\u00f3n que realizan pedidos internacionales deben tener en cuenta adem\u00e1s las normas de importaci\u00f3n y las disposiciones aduaneras. Es imprescindible que todas las instituciones de investigaci\u00f3n traten con prudencia los aspectos normativos.<\/p>\n<h2>Control de calidad y pureza<\/h2>\n<p>Proveedores fiables de <b>5F-MDMB-2201<\/b> Sometemos cada lote a rigurosas pruebas de laboratorio. Estas incluyen an\u00e1lisis cromatogr\u00e1ficos (HPLC\/GC-MS) para confirmar la pureza qu\u00edmica, as\u00ed como pruebas espectrales para identificar posibles subproductos. Esto garantiza que usted <b>Aut\u00e9ntico 5F-MDMB-2201<\/b> recibido.<\/p>\n<p>Esta garant\u00eda de calidad asegura que la sustancia es apta para estudios anal\u00edticos, toxicol\u00f3gicos y farmacol\u00f3gicos. Los proveedores serios adjuntan certificados COA (Certificate of Analysis) para que los investigadores puedan verificar la pureza. Un COA es un documento indispensable para cualquier investigaci\u00f3n cient\u00edfica basada en est\u00e1ndares qu\u00edmicos precisos.<\/p>\n<h3>Los mejores sitios para comprar 5F-MDMB-2201 en l\u00ednea<\/h3>\n<p>\u00bfQui\u00e9n puede utilizar el <b>mejor lugar para comprar 5F-MDMB-2201<\/b> , debe dar importancia a la transparencia y la seguridad. La elecci\u00f3n de un proveedor de confianza es decisiva para la calidad de los resultados de su investigaci\u00f3n. Ofrecemos <b>El mejor 5F-MDMB-2201 disponible<\/b> para sus exigentes proyectos cient\u00edficos.<\/p>\n<p><b>Criterios de selecci\u00f3n importantes:<\/b><\/p>\n<ul>\n<li>Informes de laboratorio certificados con COA<\/li>\n<li>Rese\u00f1as y testimonios positivos de clientes<\/li>\n<li>M\u00e9todos de pago seguros con encriptaci\u00f3n SSL<\/li>\n<li>Tramitaci\u00f3n r\u00e1pida y discreta<\/li>\n<li>Pol\u00edtica de devoluciones y atenci\u00f3n al cliente claras<\/li>\n<\/ul>\n<p>Un proveedor, el \u201e<b>5F-MDMB-2201 en venta<\/b> de una fuente de investigaci\u00f3n fiable\u201c suele cumplir estas normas y ofrece la m\u00e1xima seguridad del producto. Preste atenci\u00f3n a los proveedores que utilizan <a href=\"https:\/\/chemgramx.com\/product\/blue-punishers-290mg-online-kaufen\/\">productos qu\u00edmicos avanzados para investigaci\u00f3n<\/a> act\u00faan como el 5F-MDMB-2201 y cumplen con los m\u00e1s altos est\u00e1ndares de calidad.<\/p>\n<h3>Conclusi\u00f3n<\/h3>\n<p><b>5F-MDMB-2201<\/b> Es un producto qu\u00edmico de investigaci\u00f3n moderno y potente que proporciona informaci\u00f3n valiosa sobre el comportamiento de los cannabinoides sint\u00e9ticos. Debido a su alta potencia, es especialmente adecuado para investigadores experimentados que realizan estudios neuroqu\u00edmicos precisos. La disponibilidad de este tipo de sustancias facilita la comprensi\u00f3n de las complejas interacciones moleculares.<\/p>\n<p>Nosotros <b>5F-MDMB-2201 comprar en l\u00ednea<\/b> debe dirigirse exclusivamente a proveedores serios y certificados. La calidad, la pureza y la claridad jur\u00eddica son fundamentales para garantizar resultados de investigaci\u00f3n seguros y reproducibles. La elecci\u00f3n del proveedor adecuado es un paso cr\u00edtico en cualquier proyecto de investigaci\u00f3n.<\/p>\n<p>En <b>mejor 5F-MDMB-2201 comprar en l\u00ednea<\/b> tiene \u00e9xito cuando la transparencia, las pruebas de laboratorio y la discreci\u00f3n son algo natural. De este modo, los cient\u00edficos pueden garantizar que sus estudios sigan siendo fiables y tengan una base cient\u00edfica s\u00f3lida. Para su pr\u00f3xima serie de investigaciones, la adquisici\u00f3n de <b>5F-MDMB-2201 de alta pureza a la venta<\/b> en Chemgramx, una excelente opci\u00f3n para alcanzar el m\u00e1ximo rendimiento.<\/p>","protected":false},"excerpt":{"rendered":"<p><strong>5F-MDMB (5-fluorometil-MDMB)<\/strong> es una sustancia sint\u00e9tica que pertenece a la clase de los cannabinoides sint\u00e9ticos. Se utiliza a menudo como producto qu\u00edmico de investigaci\u00f3n y en los \u00faltimos a\u00f1os ha ganado una creciente atenci\u00f3n en la escena de las drogas recreativas debido a sus potenciales efectos psicoactivos. Esta gu\u00eda ofrece una visi\u00f3n detallada de la 5F-MDMB, incluyendo su estructura qu\u00edmica, efectos, riesgos y estatus legal.<\/p>","protected":false},"featured_media":6907,"comment_status":"open","ping_status":"closed","template":"","meta":{"_joinchat":[]},"product_brand":[],"product_cat":[47],"product_tag":[328,327,350,342,351,339,355,354,337,340,343,338,348,341,353,345,344,352,346,349,347,334,329,188,251,336,335,321,331,332,250,333,330],"class_list":{"0":"post-6877","1":"product","2":"type-product","3":"status-publish","4":"has-post-thumbnail","6":"product_cat-cannabinoids","7":"product_tag-5-fluoromethyl-mdmb","8":"product_tag-5f-mdmb","9":"product_tag-5f-mdmb-analyse","10":"product_tag-5f-mdmb-anwendung","11":"product_tag-5f-mdmb-chemie","12":"product_tag-5f-mdmb-forschung","13":"product_tag-5f-mdmb-forschungslabor","14":"product_tag-5f-mdmb-groshandel","15":"product_tag-5f-mdmb-kaufen","16":"product_tag-5f-mdmb-labor","17":"product_tag-5f-mdmb-lagerung","18":"product_tag-5f-mdmb-lieferant","19":"product_tag-5f-mdmb-markt","20":"product_tag-5f-mdmb-preis","21":"product_tag-5f-mdmb-referenzmaterial","22":"product_tag-5f-mdmb-risiken","23":"product_tag-5f-mdmb-sicherheit","24":"product_tag-5f-mdmb-substanz","25":"product_tag-5f-mdmb-verfugbarkeit","26":"product_tag-5f-mdmb-vertrieb","27":"product_tag-5f-mdmb-vorschriften","28":"product_tag-ahnliche-substanzen-zu-5f-mdmb","29":"product_tag-chemische-formel-5f-mdmb","30":"product_tag-forschungschemikalien","31":"product_tag-gesundheitliche-risiken","32":"product_tag-jwh-018","33":"product_tag-mdmb-fubinaca","34":"product_tag-mdpv","35":"product_tag-rechtlicher-status-5f-mdmb","36":"product_tag-risiken-5f-mdmb","37":"product_tag-suchtgefahr","38":"product_tag-synthetische-cannabinoide","39":"product_tag-wirkungen-von-5f-mdmb","41":"first","42":"instock","43":"shipping-taxable","44":"purchasable","45":"product-type-variable"},"yoast_head":"<!-- This site is optimized with the Yoast SEO plugin v27.5 - https:\/\/yoast.com\/product\/yoast-seo-wordpress\/ -->\n<title>5F-MDMB-2201 online kaufen \u2013 5F-MDMB-2201 zu verkaufen<\/title>\n<meta name=\"description\" content=\"Wenn Sie sich f\u00fcr 5f-mdmb-2201 begeistern, dann ist unser Shop der beste Ort, um 5f-mdmb-2201 online zu kaufen. Sie k\u00f6nnen 5f-mdmb-2201 zum niedrigsten Preis kaufen. Bestellen Sie jetzt und erhalten Sie es in K\u00fcrze!\" \/>\n<meta name=\"robots\" content=\"index, follow, max-snippet:-1, max-image-preview:large, max-video-preview:-1\" \/>\n<link rel=\"canonical\" href=\"https:\/\/chemgramx.com\/es\/producto-1\/5f-mdmb-2201-pedido-en-linea\/\" \/>\n<meta property=\"og:locale\" content=\"es_ES\" \/>\n<meta property=\"og:type\" content=\"article\" \/>\n<meta property=\"og:title\" content=\"5F-MDMB-2201 online kaufen \u2013 5F-MDMB-2201 zu verkaufen\" \/>\n<meta property=\"og:description\" content=\"Wenn Sie sich f\u00fcr 5f-mdmb-2201 begeistern, dann ist unser Shop der beste Ort, um 5f-mdmb-2201 online zu kaufen. Sie k\u00f6nnen 5f-mdmb-2201 zum niedrigsten Preis kaufen. Bestellen Sie jetzt und erhalten Sie es in K\u00fcrze!\" \/>\n<meta property=\"og:url\" content=\"https:\/\/chemgramx.com\/es\/producto-1\/5f-mdmb-2201-pedido-en-linea\/\" \/>\n<meta property=\"og:site_name\" content=\"Chemgramx\" \/>\n<meta property=\"article:modified_time\" content=\"2025-12-10T07:18:23+00:00\" \/>\n<meta property=\"og:image\" content=\"https:\/\/chemgramx.com\/wp-content\/uploads\/2025\/11\/5F-MDMB.jpg\" \/>\n\t<meta property=\"og:image:width\" content=\"640\" \/>\n\t<meta property=\"og:image:height\" content=\"480\" \/>\n\t<meta property=\"og:image:type\" content=\"image\/jpeg\" \/>\n<meta name=\"twitter:card\" content=\"summary_large_image\" \/>\n<meta name=\"twitter:label1\" content=\"Tiempo de lectura\" \/>\n\t<meta name=\"twitter:data1\" content=\"4 minutos\" \/>\n<script type=\"application\/ld+json\" class=\"yoast-schema-graph\">{\"@context\":\"https:\\\/\\\/schema.org\",\"@graph\":[{\"@type\":\"WebPage\",\"@id\":\"https:\\\/\\\/chemgramx.com\\\/product\\\/5f-mdmb-2201-online-bestellung\\\/\",\"url\":\"https:\\\/\\\/chemgramx.com\\\/product\\\/5f-mdmb-2201-online-bestellung\\\/\",\"name\":\"5F-MDMB-2201 online kaufen \u2013 5F-MDMB-2201 zu verkaufen\",\"isPartOf\":{\"@id\":\"https:\\\/\\\/chemgramx.com\\\/#website\"},\"primaryImageOfPage\":{\"@id\":\"https:\\\/\\\/chemgramx.com\\\/product\\\/5f-mdmb-2201-online-bestellung\\\/#primaryimage\"},\"image\":{\"@id\":\"https:\\\/\\\/chemgramx.com\\\/product\\\/5f-mdmb-2201-online-bestellung\\\/#primaryimage\"},\"thumbnailUrl\":\"https:\\\/\\\/chemgramx.com\\\/wp-content\\\/uploads\\\/2025\\\/11\\\/5F-MDMB.jpg\",\"datePublished\":\"2025-11-21T11:10:15+00:00\",\"dateModified\":\"2025-12-10T07:18:23+00:00\",\"description\":\"Wenn Sie sich f\u00fcr 5f-mdmb-2201 begeistern, dann ist unser Shop der beste Ort, um 5f-mdmb-2201 online zu kaufen. Sie k\u00f6nnen 5f-mdmb-2201 zum niedrigsten Preis kaufen. Bestellen Sie jetzt und erhalten Sie es in K\u00fcrze!\",\"breadcrumb\":{\"@id\":\"https:\\\/\\\/chemgramx.com\\\/product\\\/5f-mdmb-2201-online-bestellung\\\/#breadcrumb\"},\"inLanguage\":\"es\",\"potentialAction\":[{\"@type\":\"ReadAction\",\"target\":[\"https:\\\/\\\/chemgramx.com\\\/product\\\/5f-mdmb-2201-online-bestellung\\\/\"]}]},{\"@type\":\"ImageObject\",\"inLanguage\":\"es\",\"@id\":\"https:\\\/\\\/chemgramx.com\\\/product\\\/5f-mdmb-2201-online-bestellung\\\/#primaryimage\",\"url\":\"https:\\\/\\\/chemgramx.com\\\/wp-content\\\/uploads\\\/2025\\\/11\\\/5F-MDMB.jpg\",\"contentUrl\":\"https:\\\/\\\/chemgramx.com\\\/wp-content\\\/uploads\\\/2025\\\/11\\\/5F-MDMB.jpg\",\"width\":640,\"height\":480},{\"@type\":\"BreadcrumbList\",\"@id\":\"https:\\\/\\\/chemgramx.com\\\/product\\\/5f-mdmb-2201-online-bestellung\\\/#breadcrumb\",\"itemListElement\":[{\"@type\":\"ListItem\",\"position\":1,\"name\":\"Home\",\"item\":\"https:\\\/\\\/chemgramx.com\\\/\"},{\"@type\":\"ListItem\",\"position\":2,\"name\":\"Shop\",\"item\":\"https:\\\/\\\/chemgramx.com\\\/shop\\\/\"},{\"@type\":\"ListItem\",\"position\":3,\"name\":\"5F-MDMB-2201 Kaufen &#8211; Forschung, Hohe Qualit\u00e4t\"}]},{\"@type\":\"WebSite\",\"@id\":\"https:\\\/\\\/chemgramx.com\\\/#website\",\"url\":\"https:\\\/\\\/chemgramx.com\\\/\",\"name\":\"Chemgramx\",\"description\":\"\",\"publisher\":{\"@id\":\"https:\\\/\\\/chemgramx.com\\\/#organization\"},\"potentialAction\":[{\"@type\":\"SearchAction\",\"target\":{\"@type\":\"EntryPoint\",\"urlTemplate\":\"https:\\\/\\\/chemgramx.com\\\/?s={search_term_string}\"},\"query-input\":{\"@type\":\"PropertyValueSpecification\",\"valueRequired\":true,\"valueName\":\"search_term_string\"}}],\"inLanguage\":\"es\"},{\"@type\":\"Organization\",\"@id\":\"https:\\\/\\\/chemgramx.com\\\/#organization\",\"name\":\"Chemgramx\",\"url\":\"https:\\\/\\\/chemgramx.com\\\/\",\"logo\":{\"@type\":\"ImageObject\",\"inLanguage\":\"es\",\"@id\":\"https:\\\/\\\/chemgramx.com\\\/#\\\/schema\\\/logo\\\/image\\\/\",\"url\":\"https:\\\/\\\/chemgramx.com\\\/wp-content\\\/uploads\\\/2024\\\/10\\\/final-logo.png\",\"contentUrl\":\"https:\\\/\\\/chemgramx.com\\\/wp-content\\\/uploads\\\/2024\\\/10\\\/final-logo.png\",\"width\":250,\"height\":48,\"caption\":\"Chemgramx\"},\"image\":{\"@id\":\"https:\\\/\\\/chemgramx.com\\\/#\\\/schema\\\/logo\\\/image\\\/\"}}]}<\/script>\n<!-- \/ Yoast SEO plugin. -->","yoast_head_json":{"title":"Compre el 5F-MDMB-2201 en l\u00ednea \u2013 5F-MDMB-2201 en venta","description":"Si te apasiona el 5f-mdmb-2201, nuestra tienda es el mejor lugar para comprarlo en l\u00ednea. Puedes comprarlo al precio m\u00e1s bajo. \u00a1P\u00eddelo ahora y rec\u00edbelo pronto!","robots":{"index":"index","follow":"follow","max-snippet":"max-snippet:-1","max-image-preview":"max-image-preview:large","max-video-preview":"max-video-preview:-1"},"canonical":"https:\/\/chemgramx.com\/es\/producto-1\/5f-mdmb-2201-pedido-en-linea\/","og_locale":"es_ES","og_type":"article","og_title":"5F-MDMB-2201 online kaufen \u2013 5F-MDMB-2201 zu verkaufen","og_description":"Wenn Sie sich f\u00fcr 5f-mdmb-2201 begeistern, dann ist unser Shop der beste Ort, um 5f-mdmb-2201 online zu kaufen. Sie k\u00f6nnen 5f-mdmb-2201 zum niedrigsten Preis kaufen. Bestellen Sie jetzt und erhalten Sie es in K\u00fcrze!","og_url":"https:\/\/chemgramx.com\/es\/producto-1\/5f-mdmb-2201-pedido-en-linea\/","og_site_name":"Chemgramx","article_modified_time":"2025-12-10T07:18:23+00:00","og_image":[{"width":640,"height":480,"url":"https:\/\/chemgramx.com\/wp-content\/uploads\/2025\/11\/5F-MDMB.jpg","type":"image\/jpeg"}],"twitter_card":"summary_large_image","twitter_misc":{"Tiempo de lectura":"4 minutos"},"schema":{"@context":"https:\/\/schema.org","@graph":[{"@type":"WebPage","@id":"https:\/\/chemgramx.com\/product\/5f-mdmb-2201-online-bestellung\/","url":"https:\/\/chemgramx.com\/product\/5f-mdmb-2201-online-bestellung\/","name":"Compre el 5F-MDMB-2201 en l\u00ednea \u2013 5F-MDMB-2201 en venta","isPartOf":{"@id":"https:\/\/chemgramx.com\/#website"},"primaryImageOfPage":{"@id":"https:\/\/chemgramx.com\/product\/5f-mdmb-2201-online-bestellung\/#primaryimage"},"image":{"@id":"https:\/\/chemgramx.com\/product\/5f-mdmb-2201-online-bestellung\/#primaryimage"},"thumbnailUrl":"https:\/\/chemgramx.com\/wp-content\/uploads\/2025\/11\/5F-MDMB.jpg","datePublished":"2025-11-21T11:10:15+00:00","dateModified":"2025-12-10T07:18:23+00:00","description":"Si te apasiona el 5f-mdmb-2201, nuestra tienda es el mejor lugar para comprarlo en l\u00ednea. Puedes comprarlo al precio m\u00e1s bajo. \u00a1P\u00eddelo ahora y rec\u00edbelo pronto!","breadcrumb":{"@id":"https:\/\/chemgramx.com\/product\/5f-mdmb-2201-online-bestellung\/#breadcrumb"},"inLanguage":"es","potentialAction":[{"@type":"ReadAction","target":["https:\/\/chemgramx.com\/product\/5f-mdmb-2201-online-bestellung\/"]}]},{"@type":"ImageObject","inLanguage":"es","@id":"https:\/\/chemgramx.com\/product\/5f-mdmb-2201-online-bestellung\/#primaryimage","url":"https:\/\/chemgramx.com\/wp-content\/uploads\/2025\/11\/5F-MDMB.jpg","contentUrl":"https:\/\/chemgramx.com\/wp-content\/uploads\/2025\/11\/5F-MDMB.jpg","width":640,"height":480},{"@type":"BreadcrumbList","@id":"https:\/\/chemgramx.com\/product\/5f-mdmb-2201-online-bestellung\/#breadcrumb","itemListElement":[{"@type":"ListItem","position":1,"name":"Home","item":"https:\/\/chemgramx.com\/"},{"@type":"ListItem","position":2,"name":"Shop","item":"https:\/\/chemgramx.com\/shop\/"},{"@type":"ListItem","position":3,"name":"5F-MDMB-2201 Kaufen &#8211; Forschung, Hohe Qualit\u00e4t"}]},{"@type":"WebSite","@id":"https:\/\/chemgramx.com\/#website","url":"https:\/\/chemgramx.com\/","name":"Chemgramx","description":"","publisher":{"@id":"https:\/\/chemgramx.com\/#organization"},"potentialAction":[{"@type":"SearchAction","target":{"@type":"EntryPoint","urlTemplate":"https:\/\/chemgramx.com\/?s={search_term_string}"},"query-input":{"@type":"PropertyValueSpecification","valueRequired":true,"valueName":"search_term_string"}}],"inLanguage":"es"},{"@type":"Organization","@id":"https:\/\/chemgramx.com\/#organization","name":"Chemgramx","url":"https:\/\/chemgramx.com\/","logo":{"@type":"ImageObject","inLanguage":"es","@id":"https:\/\/chemgramx.com\/#\/schema\/logo\/image\/","url":"https:\/\/chemgramx.com\/wp-content\/uploads\/2024\/10\/final-logo.png","contentUrl":"https:\/\/chemgramx.com\/wp-content\/uploads\/2024\/10\/final-logo.png","width":250,"height":48,"caption":"Chemgramx"},"image":{"@id":"https:\/\/chemgramx.com\/#\/schema\/logo\/image\/"}}]}},"_links":{"self":[{"href":"https:\/\/chemgramx.com\/es\/wp-json\/wp\/v2\/product\/6877","targetHints":{"allow":["GET"]}}],"collection":[{"href":"https:\/\/chemgramx.com\/es\/wp-json\/wp\/v2\/product"}],"about":[{"href":"https:\/\/chemgramx.com\/es\/wp-json\/wp\/v2\/types\/product"}],"replies":[{"embeddable":true,"href":"https:\/\/chemgramx.com\/es\/wp-json\/wp\/v2\/comments?post=6877"}],"wp:featuredmedia":[{"embeddable":true,"href":"https:\/\/chemgramx.com\/es\/wp-json\/wp\/v2\/media\/6907"}],"wp:attachment":[{"href":"https:\/\/chemgramx.com\/es\/wp-json\/wp\/v2\/media?parent=6877"}],"wp:term":[{"taxonomy":"product_brand","embeddable":true,"href":"https:\/\/chemgramx.com\/es\/wp-json\/wp\/v2\/product_brand?post=6877"},{"taxonomy":"product_cat","embeddable":true,"href":"https:\/\/chemgramx.com\/es\/wp-json\/wp\/v2\/product_cat?post=6877"},{"taxonomy":"product_tag","embeddable":true,"href":"https:\/\/chemgramx.com\/es\/wp-json\/wp\/v2\/product_tag?post=6877"}],"curies":[{"name":"wp","href":"https:\/\/api.w.org\/{rel}","templated":true}]}}