{"id":6880,"date":"2025-11-21T11:10:15","date_gmt":"2025-11-21T11:10:15","guid":{"rendered":"https:\/\/chemgramx.com\/?post_type=product&#038;p=6880"},"modified":"2025-12-10T07:19:29","modified_gmt":"2025-12-10T07:19:29","slug":"5f-sgt-151-comprar-online","status":"publish","type":"product","link":"https:\/\/chemgramx.com\/es\/product\/5f-sgt-151-online-kaufen\/","title":{"rendered":"5F-SGT-151 Kopen \u2013 Producto qu\u00edmico para investigaci\u00f3n, en l\u00ednea"},"content":{"rendered":"<h2>Descubra el mundo de los cannabinoides sint\u00e9ticos con 5F-SGT-151<\/h2>\n<p>El fascinante mundo de los cannabinoides sint\u00e9ticos abre constantemente nuevas puertas a la investigaci\u00f3n cient\u00edfica y al estudio de compuestos novedosos. Una mol\u00e9cula que est\u00e1 cobrando cada vez m\u00e1s importancia en este \u00e1mbito es <strong>5F-SGT-151<\/strong>. Como miembro de una familia cada vez m\u00e1s numerosa de tejidos de dise\u00f1o, el 5F-SGT-151 est\u00e1 llamando la atenci\u00f3n tanto de investigadores como de conocedores. Muchos est\u00e1n interesados en \u00e9l., <b>Compre el 5F-SGT-151 en l\u00ednea<\/b>, fascinado por su potencia y los efectos \u00fanicos que puede provocar. Sin embargo, antes de tomar una decisi\u00f3n, es imprescindible conocer las mejores fuentes de suministro y comprender los aspectos decisivos para una compra segura y de calidad. En Chemgramx damos gran importancia a los m\u00e1s altos est\u00e1ndares a la hora de proporcionarle acceso a productos qu\u00edmicos de investigaci\u00f3n de alta calidad. Desc\u00fabralo ahora. <b>M\u00e1xima calidad 5F-SGT-151<\/b> y ampl\u00ede sus posibilidades de investigaci\u00f3n.<\/p>\n<p>El 5F-SGT-151 es un cannabinoide sint\u00e9tico dise\u00f1ado para simular los efectos del tetrahidrocannabinol (THC), el principal componente psicoactivo del cannabis. Su funci\u00f3n principal en la comunidad cient\u00edfica es estudiar m\u00e1s detenidamente las complejas interacciones de los receptores cannabinoides en el cuerpo humano, especialmente en el cerebro. Al mismo tiempo, cada vez m\u00e1s usuarios buscan sustancias que ofrezcan efectos potencialmente m\u00e1s potentes o novedosos que el cannabis convencional. Por esta raz\u00f3n, muchos optan por, <b>5F-SGT-151 para pedir<\/b>, para vivir estas experiencias espec\u00edficas. Si se pregunta d\u00f3nde puede <b>5F-SGT-151 en venta<\/b> Los proveedores especializados en l\u00ednea suelen ser el primer punto de contacto.<\/p>\n<p>La interacci\u00f3n del 5F-SGT-151 con los receptores CB1 y CB2 es especialmente notable, ya que puede producir un efecto mucho m\u00e1s intenso que el de los cannabinoides naturales. Esto explica la creciente demanda de <b>Compre el 5F-SGT-151 en l\u00ednea<\/b>. La b\u00fasqueda del <b>El mejor lugar para comprar 5F-SGT-151 en l\u00ednea<\/b> se est\u00e1 convirtiendo en una prioridad para muchos, con el fin de garantizar que obtienen un producto aut\u00e9ntico y eficaz. En Chemgramx le ofrecemos precisamente esta posibilidad, ya que <b>Grado de investigaci\u00f3n 5F-SGT-151<\/b> para sus fines de investigaci\u00f3n.<\/p>\n<h3>\u00bfPor qu\u00e9 los investigadores y entusiastas eligen 5F-SGT-151?<\/h3>\n<p>Las razones por las que las personas buscan espec\u00edficamente oportunidades, <b>Adquirir 5F-SGT-151<\/b>, son variados y f\u00e1ciles de comprender. Esta sustancia ofrece una combinaci\u00f3n \u00fanica de potencia y novedad que la hace especialmente atractiva para trabajos de investigaci\u00f3n exigentes. Los usuarios experimentados aprecian la posibilidad de investigar sustancias que van m\u00e1s all\u00e1 de las propiedades conocidas del cannabis tradicional. La posibilidad de, <b>5F-SGT-151 disponible para pedir online<\/b>, tambi\u00e9n significa una gran comodidad. Puede realizar la compra de forma discreta y c\u00f3moda desde su casa, sin depender de horarios de apertura ni tiendas f\u00edsicas. Esta accesibilidad es un factor importante para muchas personas que buscan productos qu\u00edmicos espec\u00edficos para investigaci\u00f3n.<\/p>\n<p>Adem\u00e1s, la amplia gama de formas disponibles, como polvo, c\u00e1psulas o comprimidos, es otra ventaja. Esta variedad permite a los investigadores elegir la forma de administraci\u00f3n m\u00e1s adecuada para sus experimentos espec\u00edficos. Por \u00faltimo, pero no menos importante, la privacidad juega un papel decisivo. La compra online ofrece un nivel de discreci\u00f3n que a menudo es dif\u00edcil de conseguir en las tiendas f\u00edsicas. Por estas razones, la pregunta de d\u00f3nde comprar <b>comprar 5f-SGT-151<\/b> A menudo se asocia con la respuesta: en tiendas online especializadas y serias, que constituyen una fuente de suministro fiable.<\/p>\n<h3>Clasificaci\u00f3n qu\u00edmica y singularidad<\/h3>\n<p>El 5F-SGT-151 pertenece a la clase de los cannabinoides sint\u00e9ticos, un grupo de compuestos qu\u00edmicos desarrollados para imitar el efecto natural de los cannabinoides como el THC. A diferencia de los estimulantes como la cafe\u00edna o las anfetaminas, que act\u00faan principalmente sobre otros sistemas neurotransmisores, el 5F-SGT-151 se dirige espec\u00edficamente a los receptores cannabinoides del cuerpo. Esta interacci\u00f3n espec\u00edfica permite generar efectos intensos que a menudo se perciben como m\u00e1s fuertes y, en ocasiones, m\u00e1s impredecibles que los del THC natural.<\/p>\n<p>Para muchos investigadores, precisamente esta potencia y el modo de acci\u00f3n espec\u00edfico son la raz\u00f3n por la que buscan activamente el <b>El mejor lugar para comprar 5F-SGT-151 en l\u00ednea<\/b> buscan. Quieren asegurarse de que obtienen una sustancia aut\u00e9ntica y rigurosamente controlada que cumple con sus est\u00e1ndares cient\u00edficos. La disponibilidad de <b>Alta pureza a la venta<\/b> Los productos son de suma importancia en este sentido. Si usted <b>Calidad de laboratorio 5F-SGT-151<\/b> necesita, con nosotros est\u00e1 en el lugar adecuado.<\/p>\n<h3>Efectos potenciales y aplicaciones en investigaci\u00f3n del 5F-SGT-151<\/h3>\n<p>Los informes de los usuarios y las observaciones cient\u00edficas indican que el 5F-SGT-151 puede producir una serie de efectos que son de gran inter\u00e9s para la investigaci\u00f3n. Entre ellos se incluyen:<\/p>\n<ul>\n<li>Estados intensos de euforia y una mejora notable del estado de \u00e1nimo.<\/li>\n<li>Cambio en la percepci\u00f3n de los est\u00edmulos sensoriales, como los colores, los sonidos y el paso del tiempo.<\/li>\n<li>Una profunda sensaci\u00f3n de relajaci\u00f3n que puede ser relevante tanto para enfoques terap\u00e9uticos como para estudios conductuales.<\/li>\n<li>Una mayor apertura social y comunicatividad, que puede estudiarse en estudios grupales o experimentos de ciencias sociales.<\/li>\n<\/ul>\n<p>Sin embargo, es importante destacar que estos efectos pueden variar de una persona a otra y tambi\u00e9n pueden provocar efectos secundarios potenciales. Estos pueden incluir un aumento del ritmo card\u00edaco o mareos. Por lo tanto, es fundamental una dosificaci\u00f3n cuidadosa y responsable, especialmente si est\u00e1 considerando, <b>Comprar 5F-SGT-151<\/b>. Preste atenci\u00f3n a <b>M\u00e1xima calidad 5F-SGT-151<\/b>, para obtener los mejores resultados posibles en la investigaci\u00f3n.<\/p>\n<h3>Dosificaci\u00f3n y manejo: un aspecto importante de la investigaci\u00f3n<\/h3>\n<p>Debido a la notable potencia del 5F-SGT-151, es esencial una dosificaci\u00f3n precisa para fines de investigaci\u00f3n. Como pauta general para la dosis inicial, a menudo se recomienda un rango de 0,5 a 1 mg. Incluso peque\u00f1as cantidades pueden producir efectos significativos. Por lo tanto, la medici\u00f3n y el control precisos de la dosis son factores cr\u00edticos para garantizar resultados de investigaci\u00f3n significativos y seguros. La adquisici\u00f3n de <b>Grado de investigaci\u00f3n 5F-SGT-151<\/b> Garantiza que est\u00e1 trabajando con una sustancia cuya composici\u00f3n y pureza est\u00e1n optimizadas para fines cient\u00edficos.<\/p>\n<h3>Duraci\u00f3n del efecto y uso responsable<\/h3>\n<p>Los efectos del 5F-SGT-151 suelen durar entre 2 y 6 horas. Los cient\u00edficos y los usuarios experimentados desaconsejan encarecidamente volver a tomar la dosis durante el periodo de actividad. Volver a tomar la dosis puede aumentar el riesgo de efectos secundarios no deseados, incluyendo un posible aumento de la ansiedad o la paranoia. Por lo tanto, es aconsejable planificar cuidadosamente la duraci\u00f3n prevista de la investigaci\u00f3n antes de decidirse a tomarlo., <b>5F-SGT-151 disponible para pedir online<\/b>.<\/p>\n<h3>Las ventajas de adquirir 5F-SGT-151 en l\u00ednea<\/h3>\n<p>La decisi\u00f3n de, <b>Adquirir 5F-SGT-151<\/b>, ofrece una serie de ventajas, especialmente cuando la compra se realiza online. En primer lugar, la adquisici\u00f3n online ofrece el m\u00e1ximo nivel de discreci\u00f3n y privacidad, lo que puede ser fundamental para proyectos de investigaci\u00f3n delicados. En segundo lugar, los precios suelen ser competitivos, especialmente si necesita grandes cantidades para su investigaci\u00f3n. Esto hace que <b>5F-SGT-151 en venta<\/b> una opci\u00f3n rentable para laboratorios con presupuestos limitados.<\/p>\n<p>En tercer lugar, disfrutar\u00e1 de una gran flexibilidad a la hora de elegir el formato que mejor se adapte a sus necesidades de investigaci\u00f3n, ya sea en polvo para mezclas precisas o en c\u00e1psulas predosificadas para un f\u00e1cil manejo. En cuarto lugar, tendr\u00e1 acceso a una gama m\u00e1s amplia de proveedores, lo que facilitar\u00e1 la b\u00fasqueda de <b>Aut\u00e9ntico 5F-SGT-151<\/b> facilitado. Para muchos investigadores, la identificaci\u00f3n del <b>El mejor lugar para comprar 5F-SGT-151 en l\u00ednea<\/b> fundamental para garantizar la calidad y fiabilidad de los materiales adquiridos. En Chemgramx encontrar\u00e1 <b>Alta calidad 5F-SGT-151<\/b>, que est\u00e1 sujeto a estrictos controles de calidad.<\/p>\n<h3>Marco jur\u00eddico y cumplimiento normativo<\/h3>\n<p>El estatus legal de los cannabinoides sint\u00e9ticos como el 5F-SGT-151 puede variar en todo el mundo y, a menudo, es complejo. Es de suma importancia que cualquier persona que est\u00e9 considerando, <b>Compre el 5F-SGT-151 en l\u00ednea<\/b>, se informe detalladamente sobre las leyes y normativas espec\u00edficas de su regi\u00f3n o pa\u00eds. En Estados Unidos, por ejemplo, estas sustancias est\u00e1n sujetas a estrictas regulaciones que pueden variar considerablemente de un estado a otro. Europa tambi\u00e9n presenta un entorno jur\u00eddico heterog\u00e9neo, en el que cada pa\u00eds tiene sus propias regulaciones.<\/p>\n<p>Esta diversidad normativa subraya la necesidad de realizar una investigaci\u00f3n individual. Antes de realizar un pedido, aseg\u00farese de que la adquisici\u00f3n y posesi\u00f3n de 5F-SGT-151 sea legal en su jurisdicci\u00f3n local. El cumplimiento de estas normas no solo es una obligaci\u00f3n legal, sino tambi\u00e9n una se\u00f1al de manejo responsable de los productos qu\u00edmicos de investigaci\u00f3n. Si usted <b>Pedir 5F-SGT-151 online<\/b>, h\u00e1galo siempre teniendo en cuenta la legislaci\u00f3n vigente.<\/p>\n<h3>Formas disponibles y criterios de selecci\u00f3n<\/h3>\n<p>Al adquirir 5F-SGT-151 a trav\u00e9s de plataformas online especializadas, los investigadores tienen a su disposici\u00f3n diferentes formas de administraci\u00f3n, cada una con sus propias ventajas e inconvenientes:<\/p>\n<ul>\n<li><b>Polvo:<\/b> Esta forma es extremadamente flexible y permite ajustar con precisi\u00f3n la dosis para experimentos espec\u00edficos. Sin embargo, requiere una balanza precisa y una manipulaci\u00f3n cuidadosa para garantizar cantidades exactas.<\/li>\n<li><b>C\u00e1psulas:<\/b> Las c\u00e1psulas suelen venir en porciones individuales, lo que facilita considerablemente su manejo, especialmente cuando se trata de administrar dosis de forma r\u00e1pida y precisa. Son una opci\u00f3n c\u00f3moda para muchos escenarios de investigaci\u00f3n.<\/li>\n<li><b>Comprimidos:<\/b> Al igual que las c\u00e1psulas, los comprimidos son f\u00e1ciles de manejar y, a menudo, se pueden dividir para ajustar la dosis con mayor precisi\u00f3n, si es necesario.<\/li>\n<\/ul>\n<p>Muchos investigadores prefieren la simplicidad de las c\u00e1psulas, mientras que los cient\u00edficos experimentados suelen valorar el control y la flexibilidad de las formulaciones en polvo. Independientemente de la forma elegida, la calidad es fundamental. Por lo tanto, es aconsejable, <b>comprar 5f-SGT-151<\/b> que provenga de proveedores de renombre.<\/p>\n<h3>La elecci\u00f3n del proveedor adecuado para 5F-SGT-151<\/h3>\n<p>Si decide hacerlo, <b>Compre el 5F-SGT-151 en l\u00ednea<\/b>, es muy importante elegir el proveedor adecuado. Tenga en cuenta los siguientes criterios fundamentales para asegurarse de que obtiene un producto de alta calidad de una fuente fiable:<\/p>\n<ul>\n<li><b>Pruebas de laboratorio realizadas por terceros:<\/b> Conf\u00ede en proveedores que ofrezcan an\u00e1lisis de laboratorio independientes para sus productos. Estos informes confirman la pureza y la composici\u00f3n del producto qu\u00edmico.<\/li>\n<li><b>Opiniones de los clientes y reputaci\u00f3n:<\/b> Inf\u00f3rmese sobre las experiencias de otros compradores. Las valoraciones positivas y una reputaci\u00f3n consolidada son indicadores s\u00f3lidos de fiabilidad.<\/li>\n<li><b>M\u00e9todos de pago seguros:<\/b> Un proveedor serio debe ofrecer diferentes opciones de pago seguras y discretas para proteger su transacci\u00f3n.<\/li>\n<\/ul>\n<p>Solo mediante un examen minucioso de estos puntos podr\u00e1 asegurarse de que se beneficia de una <b>Fuente de investigaci\u00f3n fiable<\/b> . En Chemgramx estamos orgullosos de ofrecerle <b>El mejor 5F-SGT-151 disponible<\/b> , respaldados por la transparencia y el compromiso con la calidad. Descubra tambi\u00e9n otros productos qu\u00edmicos para investigaci\u00f3n, como <a href=\"https:\/\/chemgramx.com\/product\/1p-lsd-100mcg-blotters-kaufen\/\">Papel secante de LSD 1P<\/a> o <a href=\"https:\/\/chemgramx.com\/product\/breaking-bad-blue-heisenbergs-200mg-mdma-online-kaufen\/\">Cristales de MDMA<\/a>, que tambi\u00e9n cumplen con nuestros est\u00e1ndares de calidad.<\/p>\n<h3>Conclusi\u00f3n: decisiones informadas para su investigaci\u00f3n<\/h3>\n<p>La decisi\u00f3n de si usted <b>Adquirir 5F-SGT-151<\/b>, depende en \u00faltima instancia de sus objetivos y requisitos espec\u00edficos de investigaci\u00f3n. El 5F-SGT-151 ofrece el potencial de efectos intensos y \u00fanicos que pueden ser valiosos para la investigaci\u00f3n cient\u00edfica. Sin embargo, el manejo de esta sustancia requiere siempre precauci\u00f3n y un profundo conocimiento de sus propiedades. Preste atenci\u00f3n a la <b>5F-SGT-151 Precio<\/b>, inf\u00f3rmese detalladamente sobre la situaci\u00f3n legal en su regi\u00f3n y elija sin excepci\u00f3n el <b>El mejor lugar para comprar 5F-SGT-151 en l\u00ednea<\/b>, para garantizar la calidad y la seguridad.<\/p>\n<p>Para todos aquellos que quieran ir sobre seguro, se aplica el siguiente principio: compre 5F-SGT-151 online en una fuente de investigaci\u00f3n fiable. Solo as\u00ed podr\u00e1 asegurarse de que su investigaci\u00f3n se basa en materiales s\u00f3lidos y probados. En Chemgramx le ofrecemos <b>Alta pureza a la venta<\/b> Productos que cumplen con los m\u00e1s altos est\u00e1ndares para que sus esfuerzos cient\u00edficos sean exitosos.<\/p>","protected":false},"excerpt":{"rendered":"<p><strong>5F-SGT-151<\/strong> es un compuesto sint\u00e9tico de gran pureza especialmente desarrollado para su uso en aplicaciones de investigaci\u00f3n cient\u00edfica. Su estabilidad y pureza garantizan resultados fiables en experimentos qu\u00edmicos y farmacol\u00f3gicos. Cada lote se somete a rigurosas pruebas para garantizar los m\u00e1s altos niveles de calidad. Este producto es para uso exclusivo en investigaci\u00f3n y no est\u00e1 destinado al consumo humano.<\/p>","protected":false},"featured_media":6910,"comment_status":"open","ping_status":"closed","template":"","meta":{"_joinchat":[]},"product_brand":[],"product_cat":[47],"product_tag":[2424,2430,2429,2425,2431,2428,2426,2427,2432,2182],"class_list":{"0":"post-6880","1":"product","2":"type-product","3":"status-publish","4":"has-post-thumbnail","6":"product_cat-cannabinoids","7":"product_tag-5f-sgt-151","8":"product_tag-5f-sgt-151-chemikalien","9":"product_tag-5f-sgt-151-forschung","10":"product_tag-5f-sgt-151-kaufen","11":"product_tag-5f-sgt-151-kaufen-online","12":"product_tag-5f-sgt-151-kristalle","13":"product_tag-5f-sgt-151-online","14":"product_tag-5f-sgt-151-pulver","15":"product_tag-forschung-5f-sgt-151","16":"product_tag-synthetische-chemikalien","18":"first","19":"instock","20":"shipping-taxable","21":"purchasable","22":"product-type-variable"},"yoast_head":"<!-- This site is optimized with the Yoast SEO plugin v27.5 - https:\/\/yoast.com\/product\/yoast-seo-wordpress\/ -->\n<title>5f-SGT-151 online kaufen \u2013 5f-SGT-151 zu verkaufen<\/title>\n<meta name=\"description\" content=\"Ihre Anforderung, 5f-sgt-151 online zu kaufen, kann in unserem Online-Laden erf\u00fcllt werden, da wir 5f-sgt-151 hier zum Verkauf haben. Geben Sie Ihre Bestellung auf und erhalten Sie jeden Tag g\u00fcnstige Angebote. Jetzt bestellen!\" \/>\n<meta name=\"robots\" content=\"index, follow, max-snippet:-1, max-image-preview:large, max-video-preview:-1\" \/>\n<link rel=\"canonical\" href=\"https:\/\/chemgramx.com\/es\/producto-1\/5f-sgt-151-comprar-online\/\" \/>\n<meta property=\"og:locale\" content=\"es_ES\" \/>\n<meta property=\"og:type\" content=\"article\" \/>\n<meta property=\"og:title\" content=\"5f-SGT-151 online kaufen \u2013 5f-SGT-151 zu verkaufen\" \/>\n<meta property=\"og:description\" content=\"Ihre Anforderung, 5f-sgt-151 online zu kaufen, kann in unserem Online-Laden erf\u00fcllt werden, da wir 5f-sgt-151 hier zum Verkauf haben. Geben Sie Ihre Bestellung auf und erhalten Sie jeden Tag g\u00fcnstige Angebote. Jetzt bestellen!\" \/>\n<meta property=\"og:url\" content=\"https:\/\/chemgramx.com\/es\/producto-1\/5f-sgt-151-comprar-online\/\" \/>\n<meta property=\"og:site_name\" content=\"Chemgramx\" \/>\n<meta property=\"article:modified_time\" content=\"2025-12-10T07:19:29+00:00\" \/>\n<meta property=\"og:image\" content=\"https:\/\/chemgramx.com\/wp-content\/uploads\/2025\/11\/sgt151.png\" \/>\n\t<meta property=\"og:image:width\" content=\"600\" \/>\n\t<meta property=\"og:image:height\" content=\"400\" \/>\n\t<meta property=\"og:image:type\" content=\"image\/png\" \/>\n<meta name=\"twitter:card\" content=\"summary_large_image\" \/>\n<meta name=\"twitter:label1\" content=\"Tiempo de lectura\" \/>\n\t<meta name=\"twitter:data1\" content=\"3 minutos\" \/>\n<script type=\"application\/ld+json\" class=\"yoast-schema-graph\">{\"@context\":\"https:\\\/\\\/schema.org\",\"@graph\":[{\"@type\":\"WebPage\",\"@id\":\"https:\\\/\\\/chemgramx.com\\\/product\\\/5f-sgt-151-online-kaufen\\\/\",\"url\":\"https:\\\/\\\/chemgramx.com\\\/product\\\/5f-sgt-151-online-kaufen\\\/\",\"name\":\"5f-SGT-151 online kaufen \u2013 5f-SGT-151 zu verkaufen\",\"isPartOf\":{\"@id\":\"https:\\\/\\\/chemgramx.com\\\/#website\"},\"primaryImageOfPage\":{\"@id\":\"https:\\\/\\\/chemgramx.com\\\/product\\\/5f-sgt-151-online-kaufen\\\/#primaryimage\"},\"image\":{\"@id\":\"https:\\\/\\\/chemgramx.com\\\/product\\\/5f-sgt-151-online-kaufen\\\/#primaryimage\"},\"thumbnailUrl\":\"https:\\\/\\\/chemgramx.com\\\/wp-content\\\/uploads\\\/2025\\\/11\\\/sgt151.png\",\"datePublished\":\"2025-11-21T11:10:15+00:00\",\"dateModified\":\"2025-12-10T07:19:29+00:00\",\"description\":\"Ihre Anforderung, 5f-sgt-151 online zu kaufen, kann in unserem Online-Laden erf\u00fcllt werden, da wir 5f-sgt-151 hier zum Verkauf haben. Geben Sie Ihre Bestellung auf und erhalten Sie jeden Tag g\u00fcnstige Angebote. Jetzt bestellen!\",\"breadcrumb\":{\"@id\":\"https:\\\/\\\/chemgramx.com\\\/product\\\/5f-sgt-151-online-kaufen\\\/#breadcrumb\"},\"inLanguage\":\"es\",\"potentialAction\":[{\"@type\":\"ReadAction\",\"target\":[\"https:\\\/\\\/chemgramx.com\\\/product\\\/5f-sgt-151-online-kaufen\\\/\"]}]},{\"@type\":\"ImageObject\",\"inLanguage\":\"es\",\"@id\":\"https:\\\/\\\/chemgramx.com\\\/product\\\/5f-sgt-151-online-kaufen\\\/#primaryimage\",\"url\":\"https:\\\/\\\/chemgramx.com\\\/wp-content\\\/uploads\\\/2025\\\/11\\\/sgt151.png\",\"contentUrl\":\"https:\\\/\\\/chemgramx.com\\\/wp-content\\\/uploads\\\/2025\\\/11\\\/sgt151.png\",\"width\":600,\"height\":400},{\"@type\":\"BreadcrumbList\",\"@id\":\"https:\\\/\\\/chemgramx.com\\\/product\\\/5f-sgt-151-online-kaufen\\\/#breadcrumb\",\"itemListElement\":[{\"@type\":\"ListItem\",\"position\":1,\"name\":\"Home\",\"item\":\"https:\\\/\\\/chemgramx.com\\\/\"},{\"@type\":\"ListItem\",\"position\":2,\"name\":\"Shop\",\"item\":\"https:\\\/\\\/chemgramx.com\\\/shop\\\/\"},{\"@type\":\"ListItem\",\"position\":3,\"name\":\"5F-SGT-151 Kopen &#8211; Forschungschemikalie, Online\"}]},{\"@type\":\"WebSite\",\"@id\":\"https:\\\/\\\/chemgramx.com\\\/#website\",\"url\":\"https:\\\/\\\/chemgramx.com\\\/\",\"name\":\"Chemgramx\",\"description\":\"\",\"publisher\":{\"@id\":\"https:\\\/\\\/chemgramx.com\\\/#organization\"},\"potentialAction\":[{\"@type\":\"SearchAction\",\"target\":{\"@type\":\"EntryPoint\",\"urlTemplate\":\"https:\\\/\\\/chemgramx.com\\\/?s={search_term_string}\"},\"query-input\":{\"@type\":\"PropertyValueSpecification\",\"valueRequired\":true,\"valueName\":\"search_term_string\"}}],\"inLanguage\":\"es\"},{\"@type\":\"Organization\",\"@id\":\"https:\\\/\\\/chemgramx.com\\\/#organization\",\"name\":\"Chemgramx\",\"url\":\"https:\\\/\\\/chemgramx.com\\\/\",\"logo\":{\"@type\":\"ImageObject\",\"inLanguage\":\"es\",\"@id\":\"https:\\\/\\\/chemgramx.com\\\/#\\\/schema\\\/logo\\\/image\\\/\",\"url\":\"https:\\\/\\\/chemgramx.com\\\/wp-content\\\/uploads\\\/2024\\\/10\\\/final-logo.png\",\"contentUrl\":\"https:\\\/\\\/chemgramx.com\\\/wp-content\\\/uploads\\\/2024\\\/10\\\/final-logo.png\",\"width\":250,\"height\":48,\"caption\":\"Chemgramx\"},\"image\":{\"@id\":\"https:\\\/\\\/chemgramx.com\\\/#\\\/schema\\\/logo\\\/image\\\/\"}}]}<\/script>\n<!-- \/ Yoast SEO plugin. -->","yoast_head_json":{"title":"Compre el 5f-SGT-151 en l\u00ednea \u2013 5f-SGT-151 en venta","description":"Si necesita comprar el 5f-sgt-151 en l\u00ednea, puede encontrarlo en nuestra tienda en l\u00ednea, ya que lo tenemos a la venta. Haga su pedido y reciba grandes ofertas todos los d\u00edas. \u00a1Compre ahora!","robots":{"index":"index","follow":"follow","max-snippet":"max-snippet:-1","max-image-preview":"max-image-preview:large","max-video-preview":"max-video-preview:-1"},"canonical":"https:\/\/chemgramx.com\/es\/producto-1\/5f-sgt-151-comprar-online\/","og_locale":"es_ES","og_type":"article","og_title":"5f-SGT-151 online kaufen \u2013 5f-SGT-151 zu verkaufen","og_description":"Ihre Anforderung, 5f-sgt-151 online zu kaufen, kann in unserem Online-Laden erf\u00fcllt werden, da wir 5f-sgt-151 hier zum Verkauf haben. Geben Sie Ihre Bestellung auf und erhalten Sie jeden Tag g\u00fcnstige Angebote. Jetzt bestellen!","og_url":"https:\/\/chemgramx.com\/es\/producto-1\/5f-sgt-151-comprar-online\/","og_site_name":"Chemgramx","article_modified_time":"2025-12-10T07:19:29+00:00","og_image":[{"width":600,"height":400,"url":"https:\/\/chemgramx.com\/wp-content\/uploads\/2025\/11\/sgt151.png","type":"image\/png"}],"twitter_card":"summary_large_image","twitter_misc":{"Tiempo de lectura":"3 minutos"},"schema":{"@context":"https:\/\/schema.org","@graph":[{"@type":"WebPage","@id":"https:\/\/chemgramx.com\/product\/5f-sgt-151-online-kaufen\/","url":"https:\/\/chemgramx.com\/product\/5f-sgt-151-online-kaufen\/","name":"Compre el 5f-SGT-151 en l\u00ednea \u2013 5f-SGT-151 en venta","isPartOf":{"@id":"https:\/\/chemgramx.com\/#website"},"primaryImageOfPage":{"@id":"https:\/\/chemgramx.com\/product\/5f-sgt-151-online-kaufen\/#primaryimage"},"image":{"@id":"https:\/\/chemgramx.com\/product\/5f-sgt-151-online-kaufen\/#primaryimage"},"thumbnailUrl":"https:\/\/chemgramx.com\/wp-content\/uploads\/2025\/11\/sgt151.png","datePublished":"2025-11-21T11:10:15+00:00","dateModified":"2025-12-10T07:19:29+00:00","description":"Si necesita comprar el 5f-sgt-151 en l\u00ednea, puede encontrarlo en nuestra tienda en l\u00ednea, ya que lo tenemos a la venta. Haga su pedido y reciba grandes ofertas todos los d\u00edas. \u00a1Compre ahora!","breadcrumb":{"@id":"https:\/\/chemgramx.com\/product\/5f-sgt-151-online-kaufen\/#breadcrumb"},"inLanguage":"es","potentialAction":[{"@type":"ReadAction","target":["https:\/\/chemgramx.com\/product\/5f-sgt-151-online-kaufen\/"]}]},{"@type":"ImageObject","inLanguage":"es","@id":"https:\/\/chemgramx.com\/product\/5f-sgt-151-online-kaufen\/#primaryimage","url":"https:\/\/chemgramx.com\/wp-content\/uploads\/2025\/11\/sgt151.png","contentUrl":"https:\/\/chemgramx.com\/wp-content\/uploads\/2025\/11\/sgt151.png","width":600,"height":400},{"@type":"BreadcrumbList","@id":"https:\/\/chemgramx.com\/product\/5f-sgt-151-online-kaufen\/#breadcrumb","itemListElement":[{"@type":"ListItem","position":1,"name":"Home","item":"https:\/\/chemgramx.com\/"},{"@type":"ListItem","position":2,"name":"Shop","item":"https:\/\/chemgramx.com\/shop\/"},{"@type":"ListItem","position":3,"name":"5F-SGT-151 Kopen &#8211; Forschungschemikalie, Online"}]},{"@type":"WebSite","@id":"https:\/\/chemgramx.com\/#website","url":"https:\/\/chemgramx.com\/","name":"Chemgramx","description":"","publisher":{"@id":"https:\/\/chemgramx.com\/#organization"},"potentialAction":[{"@type":"SearchAction","target":{"@type":"EntryPoint","urlTemplate":"https:\/\/chemgramx.com\/?s={search_term_string}"},"query-input":{"@type":"PropertyValueSpecification","valueRequired":true,"valueName":"search_term_string"}}],"inLanguage":"es"},{"@type":"Organization","@id":"https:\/\/chemgramx.com\/#organization","name":"Chemgramx","url":"https:\/\/chemgramx.com\/","logo":{"@type":"ImageObject","inLanguage":"es","@id":"https:\/\/chemgramx.com\/#\/schema\/logo\/image\/","url":"https:\/\/chemgramx.com\/wp-content\/uploads\/2024\/10\/final-logo.png","contentUrl":"https:\/\/chemgramx.com\/wp-content\/uploads\/2024\/10\/final-logo.png","width":250,"height":48,"caption":"Chemgramx"},"image":{"@id":"https:\/\/chemgramx.com\/#\/schema\/logo\/image\/"}}]}},"_links":{"self":[{"href":"https:\/\/chemgramx.com\/es\/wp-json\/wp\/v2\/product\/6880","targetHints":{"allow":["GET"]}}],"collection":[{"href":"https:\/\/chemgramx.com\/es\/wp-json\/wp\/v2\/product"}],"about":[{"href":"https:\/\/chemgramx.com\/es\/wp-json\/wp\/v2\/types\/product"}],"replies":[{"embeddable":true,"href":"https:\/\/chemgramx.com\/es\/wp-json\/wp\/v2\/comments?post=6880"}],"wp:featuredmedia":[{"embeddable":true,"href":"https:\/\/chemgramx.com\/es\/wp-json\/wp\/v2\/media\/6910"}],"wp:attachment":[{"href":"https:\/\/chemgramx.com\/es\/wp-json\/wp\/v2\/media?parent=6880"}],"wp:term":[{"taxonomy":"product_brand","embeddable":true,"href":"https:\/\/chemgramx.com\/es\/wp-json\/wp\/v2\/product_brand?post=6880"},{"taxonomy":"product_cat","embeddable":true,"href":"https:\/\/chemgramx.com\/es\/wp-json\/wp\/v2\/product_cat?post=6880"},{"taxonomy":"product_tag","embeddable":true,"href":"https:\/\/chemgramx.com\/es\/wp-json\/wp\/v2\/product_tag?post=6880"}],"curies":[{"name":"wp","href":"https:\/\/api.w.org\/{rel}","templated":true}]}}