{"id":6881,"date":"2025-11-21T11:10:15","date_gmt":"2025-11-21T11:10:15","guid":{"rendered":"https:\/\/chemgramx.com\/?post_type=product&#038;p=6881"},"modified":"2025-12-10T07:19:49","modified_gmt":"2025-12-10T07:19:49","slug":"comprar-akb-57-online","status":"publish","type":"product","link":"https:\/\/chemgramx.com\/es\/product\/akb-57-online-kaufen\/","title":{"rendered":"AKB-57 Kopen: m\u00e1xima calidad"},"content":{"rendered":"<p>Descubra <b>AKB-57<\/b>, un compuesto qu\u00edmico fascinante que cada vez es m\u00e1s objeto de investigaci\u00f3n cient\u00edfica. Como parte de la innovadora familia de cannabinoides sint\u00e9ticos, el AKB-57 est\u00e1 llamando la atenci\u00f3n de los investigadores que desean ampliar los l\u00edmites de la ciencia molecular. Esta sustancia no es un cannabinoide com\u00fan; ha sido dise\u00f1ada espec\u00edficamente para interactuar con los sistemas endocannabinoides del cuerpo, con el fin de lograr efectos potencialmente m\u00e1s potentes que los extractos naturales de plantas. Por lo tanto, el inter\u00e9s en, <b>Comprar AKB-57<\/b> y explorar sus propiedades \u00fanicas. Si usted <b>AKB-57 en venta<\/b> busca, est\u00e1 en el lugar adecuado para acceder a un producto de la m\u00e1xima pureza y calidad para la investigaci\u00f3n. Ofrecemos <b>AKB-57 en venta<\/b> sometido a estrictos controles de calidad para garantizar que cumple con sus requisitos de investigaci\u00f3n. Muchos cient\u00edficos e instituciones conf\u00edan en nuestras ofertas cuando <b>Pedir AKB-57 online<\/b> para obtener resultados fiables y reproducibles en sus experimentos. La conexi\u00f3n representa un avance emocionante en la qu\u00edmica y abre nuevas v\u00edas para comprender las interacciones de los receptores.<\/p>\n<h2>\u00bfQu\u00e9 es AKB-57? Una visi\u00f3n m\u00e1s profunda<\/h2>\n<p>El AKB-57 es un compuesto qu\u00edmico sint\u00e9tico que pertenece a la clase de los cannabinoides. Esta sustancia est\u00e1 especialmente dise\u00f1ada para imitar los efectos de los cannabinoides naturales, como el THC y el CBD, pero a menudo con una potencia mayor. Los cient\u00edficos se interesan por el AKB-57 debido a su estructura molecular espec\u00edfica, que permite una interacci\u00f3n espec\u00edfica con los receptores CB1 y CB2 del sistema endocannabinoide humano. Esta interacci\u00f3n puede provocar una serie de reacciones fisiol\u00f3gicas y cognitivas que son de gran inter\u00e9s para la investigaci\u00f3n. La demanda de <b>AKB-57 de m\u00e1xima calidad<\/b> es un indicador de su eficacia y novedad percibidas en el campo de los productos qu\u00edmicos sint\u00e9ticos para investigaci\u00f3n. Si est\u00e1 buscando una oportunidad para, <b>AKB-57: pedido online<\/b>, puede estar seguro de que obtendr\u00e1 un producto dise\u00f1ado para trabajos de investigaci\u00f3n exigentes. La cuidadosa s\u00edntesis garantiza que este compuesto ofrezca un rendimiento constante en sus experimentos de laboratorio.<\/p>\n<h2>\u00bfPor qu\u00e9 los investigadores eligen AKB-57?<\/h2>\n<p>La creciente popularidad del AKB-57 en la comunidad cient\u00edfica se debe a varios factores. En primer lugar, a menudo se considera uno de los compuestos m\u00e1s potentes dentro de la familia de los cannabinoides sint\u00e9ticos. Esto lo convierte en un objeto de estudio atractivo para los investigadores que desean explorar los l\u00edmites de la uni\u00f3n a los receptores y los efectos resultantes. En segundo lugar, la naturaleza sint\u00e9tica del AKB-57 ofrece una variable controlable y estandarizada para los experimentos, lo que es fundamental en la metodolog\u00eda cient\u00edfica. Esto permite un estudio m\u00e1s preciso de las relaciones dosis-respuesta, a diferencia de los extractos naturales, cuya composici\u00f3n puede variar. Muchos cient\u00edficos aprecian la posibilidad de, <b>Aut\u00e9ntico AKB-57<\/b> adquirir, ya que esto aumenta la validez de los resultados de sus investigaciones. La disponibilidad de <b>AKB-57 en venta<\/b>, especialmente en alta pureza, facilita la realizaci\u00f3n de estudios que, de otro modo, ser\u00edan dif\u00edciles desde el punto de vista log\u00edstico o cualitativo. Adem\u00e1s, la compra en l\u00ednea permite el acceso a este producto qu\u00edmico especializado a investigadores de todo el mundo.<\/p>\n<h2>Clasificaci\u00f3n qu\u00edmica y delimitaci\u00f3n<\/h2>\n<p>El AKB-57 pertenece a la amplia categor\u00eda de los cannabinoides sint\u00e9ticos, un grupo de sustancias que son estructuralmente similares a los cannabinoides naturales, pero que se producen artificialmente. A diferencia de los estimulantes como las anfetaminas o la cafe\u00edna, que act\u00faan principalmente sobre el sistema nervioso central y promueven el estado de alerta, el AKB-57 se dirige espec\u00edficamente a los receptores cannabinoides (CB1 y CB2). Estos receptores son componentes clave del sistema endocannabinoide, que desempe\u00f1a un papel en la regulaci\u00f3n del estado de \u00e1nimo, el apetito, la percepci\u00f3n del dolor y la memoria. Por lo tanto, los efectos del AKB-57 son fundamentalmente diferentes a los de los estimulantes. Mientras que los estimulantes suelen provocar un aumento de la energ\u00eda y una mayor concentraci\u00f3n, el AKB-57 puede provocar estados m\u00e1s asociados con la relajaci\u00f3n, la alteraci\u00f3n de la percepci\u00f3n y la euforia, similares a los del cannabis, pero potencialmente m\u00e1s intensos. Esto hace que <b>Comprar AKB-57 en l\u00ednea<\/b> una opci\u00f3n para l\u00edneas de investigaci\u00f3n espec\u00edficas centradas en el sistema endocannabinoide.<\/p>\n<h2>Perfil de acci\u00f3n del AKB-57 en la investigaci\u00f3n<\/h2>\n<p>Los informes de investigaci\u00f3n indican que el AKB-57 puede tener una serie de efectos significativos en el organismo. Una caracter\u00edstica que se menciona con frecuencia es una mayor sensaci\u00f3n de euforia, que muchos perciben como agradable y que puede ser relevante para el estudio de los sistemas de recompensa en el cerebro. Adem\u00e1s, a menudo se informa de un cambio en la percepci\u00f3n. Esto puede manifestarse en una mayor intensidad de las impresiones sensoriales, como colores m\u00e1s brillantes o sonidos m\u00e1s profundos. La percepci\u00f3n del tiempo tambi\u00e9n puede verse afectada, haciendo que los minutos parezcan m\u00e1s largos. Estos efectos son de especial inter\u00e9s para los neurocient\u00edficos a la hora de descifrar los mecanismos de la percepci\u00f3n consciente. Si usted <b>AKB-57 de grado de investigaci\u00f3n a la venta<\/b> , obtendr\u00e1 un producto dise\u00f1ado para este tipo de investigaciones precisas. La consistencia de estos efectos en estudios controlados es fundamental para el progreso cient\u00edfico.<\/p>\n<h2>Manejo \u00f3ptimo y recomendaciones de dosificaci\u00f3n<\/h2>\n<p>Debido a la considerable potencia del AKB-57, es imprescindible una dosificaci\u00f3n precisa y cuidadosa en las aplicaciones de investigaci\u00f3n. Incluso peque\u00f1as cantidades pueden producir efectos significativos. Para la investigaci\u00f3n inicial, se recomienda normalmente una dosis muy baja, del orden de 1-2 mg. Es de suma importancia durante la fase de acci\u00f3n <b>No volver a dosificar bajo ning\u00fan concepto.<\/b>. Una repetici\u00f3n de la dosis de este tipo puede aumentar considerablemente el riesgo de efectos secundarios indeseables, como paranoia, ansiedad excesiva o taquicardia. Investigadores que <b>AKB-57 de alta pureza a la venta<\/b> deben comenzar siempre con una cantidad muy peque\u00f1a para determinar la reacci\u00f3n individual antes de considerar la posibilidad de aumentar ligeramente la dosis. El cumplimiento estricto de estas directrices es fundamental para obtener resultados de investigaci\u00f3n seguros y significativos. La documentaci\u00f3n de la cantidad exacta es necesaria para la reproducibilidad cient\u00edfica.<\/p>\n<h2>Duraci\u00f3n del efecto<\/h2>\n<p>Los efectos psicoactivos y fisiol\u00f3gicos del AKB-57 suelen durar entre 3 y 6 horas. El efecto m\u00e1ximo se alcanza normalmente durante la primera hora tras la administraci\u00f3n. Dada la potencia de este compuesto, se recomienda extremar la precauci\u00f3n, especialmente si se est\u00e1 considerando una dosis adicional. Los investigadores deben ser conscientes de que la larga duraci\u00f3n del efecto requiere una planificaci\u00f3n cuidadosa de los experimentos y las fases de observaci\u00f3n. La posibilidad de, <b>AKB-57 de grado de laboratorio a la venta<\/b> adquirir significa que el periodo de tiempo de los efectos observados puede servir como par\u00e1metro fiable en los estudios. Aunque la duraci\u00f3n exacta puede depender de factores individuales, el marco mencionado ofrece una base s\u00f3lida para el dise\u00f1o experimental.<\/p>\n<h2>\u00bfPor qu\u00e9 comprar AKB-57 online?<\/h2>\n<p>La adquisici\u00f3n de AKB-57 a trav\u00e9s de canales en l\u00ednea ofrece una serie de ventajas que la convierten en el m\u00e9todo preferido por muchos investigadores. En primer lugar, la comodidad es innegable: se pueden adquirir productos qu\u00edmicos especializados directamente, sin necesidad de pasar por laboriosos procesos de pedido a proveedores locales. En segundo lugar, a menudo se garantiza una mayor discreci\u00f3n, lo que puede ser importante en determinados \u00e1mbitos de investigaci\u00f3n. Adem\u00e1s, la tramitaci\u00f3n a trav\u00e9s de plataformas en l\u00ednea consolidadas puede dar lugar a precios m\u00e1s competitivos, especialmente cuando se necesitan grandes cantidades para estudios a largo plazo. La disponibilidad de <b>El mejor AKB-57 disponible<\/b> en un solo lugar facilita la comparaci\u00f3n y la selecci\u00f3n. Muchos aprecian la posibilidad de, <b>AKB-57: pedido online<\/b> y acceder a informaci\u00f3n transparente sobre los productos y certificados de calidad. Esto genera confianza y reduce la incertidumbre a la hora de adquirir materiales de investigaci\u00f3n. La posibilidad de, <b>AKB-57 para comprar<\/b> Obtener informaci\u00f3n de fuentes fiables es fundamental para la integridad del trabajo cient\u00edfico.<\/p>\n<h2>\u00bfQu\u00e9 hay que tener en cuenta al comprar AKB-57 por Internet?<\/h2>\n<p>En la b\u00fasqueda del <b>El mejor AKB-57 disponible<\/b> Es fundamental prestar atenci\u00f3n a determinadas caracter\u00edsticas de calidad para garantizar la integridad de su investigaci\u00f3n. Un criterio decisivo son los an\u00e1lisis realizados por laboratorios independientes. Estos certificados confirman la pureza y la identidad de la sustancia y son un claro indicio de calidad. Los proveedores fiables presentan esta informaci\u00f3n de forma abierta y transparente. A menudo est\u00e1n dispuestos a proporcionar especificaciones detalladas y fichas de datos de seguridad. La elecci\u00f3n de un proveedor de este tipo no es solo una cuesti\u00f3n de calidad del producto, sino tambi\u00e9n de seguridad. Si usted <b>Aut\u00e9ntico AKB-57<\/b> Busque un proveedor que tenga valoraciones positivas y ofrezca una comunicaci\u00f3n clara sobre sus productos y procesos. Una decisi\u00f3n bien fundamentada minimiza los riesgos y garantiza que su investigaci\u00f3n se base en datos s\u00f3lidos.<\/p>\n<h2>El papel de Chemgramx<\/h2>\n<p>En Chemgramx comprendemos las exigentes necesidades de la investigaci\u00f3n moderna. Por eso, nos comprometemos a facilitarle el acceso a compuestos qu\u00edmicos de alta calidad, como el AKB-57. Si usted <b>Pedir AKB-57 online<\/b> puede confiar en nuestro compromiso con la pureza y la calidad. Damos gran importancia a la transparencia y nos aseguramos de que nuestros productos cumplan con los m\u00e1s altos est\u00e1ndares. Descubra la posibilidad de, <b>Comprar AKB-57<\/b> y avanzar en sus proyectos cient\u00edficos con materiales fiables. Nuestra plataforma est\u00e1 dise\u00f1ada para facilitar a los investigadores de todo el mundo el acceso a productos qu\u00edmicos especializados. Experimente la diferencia al satisfacer sus necesidades de investigaci\u00f3n con un socio de confianza.<\/p>\n<h2>Conclusi\u00f3n e investigaci\u00f3n responsable<\/h2>\n<p>La adquisici\u00f3n de AKB-57 a trav\u00e9s de canales en l\u00ednea puede ser un m\u00e9todo muy eficaz y c\u00f3modo para obtener este producto qu\u00edmico de investigaci\u00f3n, siempre que se haga de forma responsable. Es esencial que los investigadores se informen siempre sobre la legalidad del compuesto en su regi\u00f3n y que solo lo adquieran de fuentes establecidas y fiables. Seguir cuidadosamente las recomendaciones de dosificaci\u00f3n y comprender la duraci\u00f3n de los efectos tambi\u00e9n es fundamental para la seguridad y el \u00e9xito de los experimentos. Si usted <b>Comprar AKB-57 en l\u00ednea<\/b> , aseg\u00farese de elegir un proveedor que ofrezca an\u00e1lisis de laboratorio independientes. Esto garantiza la pureza y consistencia necesarias para su trabajo de investigaci\u00f3n. Solo mediante una planificaci\u00f3n cuidadosa y un enfoque responsable, el AKB-57 puede alcanzar su m\u00e1ximo potencial como herramienta para los descubrimientos cient\u00edficos. Recuerde que la calidad de los productos qu\u00edmicos que utilice influye directamente en la fiabilidad de sus resultados. Considere tambi\u00e9n la posibilidad de adquirir productos qu\u00edmicos relacionados con la investigaci\u00f3n, como <a href=\"https:\/\/chemgramx.com\/product\/1d-lsd-150mcg-blotters-kaufen\/\">1D-LSD Blotters<\/a> o <a href=\"https:\/\/chemgramx.com\/product\/blue-vaders-220mg-mdma-online-kaufen\/\">Blue Vaders MDMA<\/a> para estudios comparativos, si es relevante para su investigaci\u00f3n. La b\u00fasqueda de <b>AKB-57 de grado de investigaci\u00f3n a la venta<\/b> siempre debe estar vinculado al objetivo de obtener conocimientos cient\u00edficos s\u00f3lidos.<\/p>","protected":false},"excerpt":{"rendered":"<p><strong>AKB-57<\/strong> es un compuesto qu\u00edmico sint\u00e9tico especialmente desarrollado para fines de investigaci\u00f3n cient\u00edfica. De gran pureza y estabilidad, es ideal para estudios qu\u00edmicos y farmacol\u00f3gicos. Cada lote se prueba cuidadosamente para garantizar los m\u00e1s altos est\u00e1ndares de calidad. Este producto est\u00e1 destinado exclusivamente a la investigaci\u00f3n y no es apto para el consumo humano.<\/p>","protected":false},"featured_media":6911,"comment_status":"open","ping_status":"closed","template":"","meta":{"_joinchat":[]},"product_brand":[],"product_cat":[47],"product_tag":[2411,2417,2416,2412,2418,2415,2413,2414,2419,2182],"class_list":{"0":"post-6881","1":"product","2":"type-product","3":"status-publish","4":"has-post-thumbnail","6":"product_cat-cannabinoids","7":"product_tag-akb-57","8":"product_tag-akb-57-chemikalien","9":"product_tag-akb-57-forschung","10":"product_tag-akb-57-kaufen","11":"product_tag-akb-57-kaufen-online","12":"product_tag-akb-57-kristalle","13":"product_tag-akb-57-online","14":"product_tag-akb-57-pulver","15":"product_tag-forschung-akb-57","16":"product_tag-synthetische-chemikalien","18":"first","19":"instock","20":"shipping-taxable","21":"purchasable","22":"product-type-variable"},"yoast_head":"<!-- This site is optimized with the Yoast SEO plugin v27.5 - https:\/\/yoast.com\/product\/yoast-seo-wordpress\/ -->\n<title>AKB-57 online kaufen \u2013 AKB-57 zu verkaufen | chemgramx<\/title>\n<meta name=\"description\" content=\"Wir sind der f\u00fchrende Shop f\u00fcr AKB-57 zum Verkauf. Wenn Sie AKB-57 online kaufen m\u00f6chten, kontaktieren Sie uns sofort und lassen Sie sich die Bestellung\" \/>\n<meta name=\"robots\" content=\"index, follow, max-snippet:-1, max-image-preview:large, max-video-preview:-1\" \/>\n<link rel=\"canonical\" href=\"https:\/\/chemgramx.com\/es\/producto-1\/comprar-akb-57-online\/\" \/>\n<meta property=\"og:locale\" content=\"es_ES\" \/>\n<meta property=\"og:type\" content=\"article\" \/>\n<meta property=\"og:title\" content=\"AKB-57 online kaufen \u2013 AKB-57 zu verkaufen | chemgramx\" \/>\n<meta property=\"og:description\" content=\"Wir sind der f\u00fchrende Shop f\u00fcr AKB-57 zum Verkauf. Wenn Sie AKB-57 online kaufen m\u00f6chten, kontaktieren Sie uns sofort und lassen Sie sich die Bestellung\" \/>\n<meta property=\"og:url\" content=\"https:\/\/chemgramx.com\/es\/producto-1\/comprar-akb-57-online\/\" \/>\n<meta property=\"og:site_name\" content=\"Chemgramx\" \/>\n<meta property=\"article:modified_time\" content=\"2025-12-10T07:19:49+00:00\" \/>\n<meta property=\"og:image\" content=\"https:\/\/chemgramx.com\/wp-content\/uploads\/2025\/11\/akb57.png\" \/>\n\t<meta property=\"og:image:width\" content=\"600\" \/>\n\t<meta property=\"og:image:height\" content=\"400\" \/>\n\t<meta property=\"og:image:type\" content=\"image\/png\" \/>\n<meta name=\"twitter:card\" content=\"summary_large_image\" \/>\n<meta name=\"twitter:label1\" content=\"Tiempo de lectura\" \/>\n\t<meta name=\"twitter:data1\" content=\"3 minutos\" \/>\n<script type=\"application\/ld+json\" class=\"yoast-schema-graph\">{\"@context\":\"https:\\\/\\\/schema.org\",\"@graph\":[{\"@type\":\"WebPage\",\"@id\":\"https:\\\/\\\/chemgramx.com\\\/product\\\/akb-57-online-kaufen\\\/\",\"url\":\"https:\\\/\\\/chemgramx.com\\\/product\\\/akb-57-online-kaufen\\\/\",\"name\":\"AKB-57 online kaufen \u2013 AKB-57 zu verkaufen | chemgramx\",\"isPartOf\":{\"@id\":\"https:\\\/\\\/chemgramx.com\\\/#website\"},\"primaryImageOfPage\":{\"@id\":\"https:\\\/\\\/chemgramx.com\\\/product\\\/akb-57-online-kaufen\\\/#primaryimage\"},\"image\":{\"@id\":\"https:\\\/\\\/chemgramx.com\\\/product\\\/akb-57-online-kaufen\\\/#primaryimage\"},\"thumbnailUrl\":\"https:\\\/\\\/chemgramx.com\\\/wp-content\\\/uploads\\\/2025\\\/11\\\/akb57.png\",\"datePublished\":\"2025-11-21T11:10:15+00:00\",\"dateModified\":\"2025-12-10T07:19:49+00:00\",\"description\":\"Wir sind der f\u00fchrende Shop f\u00fcr AKB-57 zum Verkauf. Wenn Sie AKB-57 online kaufen m\u00f6chten, kontaktieren Sie uns sofort und lassen Sie sich die Bestellung\",\"breadcrumb\":{\"@id\":\"https:\\\/\\\/chemgramx.com\\\/product\\\/akb-57-online-kaufen\\\/#breadcrumb\"},\"inLanguage\":\"es\",\"potentialAction\":[{\"@type\":\"ReadAction\",\"target\":[\"https:\\\/\\\/chemgramx.com\\\/product\\\/akb-57-online-kaufen\\\/\"]}]},{\"@type\":\"ImageObject\",\"inLanguage\":\"es\",\"@id\":\"https:\\\/\\\/chemgramx.com\\\/product\\\/akb-57-online-kaufen\\\/#primaryimage\",\"url\":\"https:\\\/\\\/chemgramx.com\\\/wp-content\\\/uploads\\\/2025\\\/11\\\/akb57.png\",\"contentUrl\":\"https:\\\/\\\/chemgramx.com\\\/wp-content\\\/uploads\\\/2025\\\/11\\\/akb57.png\",\"width\":600,\"height\":400},{\"@type\":\"BreadcrumbList\",\"@id\":\"https:\\\/\\\/chemgramx.com\\\/product\\\/akb-57-online-kaufen\\\/#breadcrumb\",\"itemListElement\":[{\"@type\":\"ListItem\",\"position\":1,\"name\":\"Home\",\"item\":\"https:\\\/\\\/chemgramx.com\\\/\"},{\"@type\":\"ListItem\",\"position\":2,\"name\":\"Shop\",\"item\":\"https:\\\/\\\/chemgramx.com\\\/shop\\\/\"},{\"@type\":\"ListItem\",\"position\":3,\"name\":\"AKB-57 Kopen &#8211; Top Qualit\u00e4t\"}]},{\"@type\":\"WebSite\",\"@id\":\"https:\\\/\\\/chemgramx.com\\\/#website\",\"url\":\"https:\\\/\\\/chemgramx.com\\\/\",\"name\":\"Chemgramx\",\"description\":\"\",\"publisher\":{\"@id\":\"https:\\\/\\\/chemgramx.com\\\/#organization\"},\"potentialAction\":[{\"@type\":\"SearchAction\",\"target\":{\"@type\":\"EntryPoint\",\"urlTemplate\":\"https:\\\/\\\/chemgramx.com\\\/?s={search_term_string}\"},\"query-input\":{\"@type\":\"PropertyValueSpecification\",\"valueRequired\":true,\"valueName\":\"search_term_string\"}}],\"inLanguage\":\"es\"},{\"@type\":\"Organization\",\"@id\":\"https:\\\/\\\/chemgramx.com\\\/#organization\",\"name\":\"Chemgramx\",\"url\":\"https:\\\/\\\/chemgramx.com\\\/\",\"logo\":{\"@type\":\"ImageObject\",\"inLanguage\":\"es\",\"@id\":\"https:\\\/\\\/chemgramx.com\\\/#\\\/schema\\\/logo\\\/image\\\/\",\"url\":\"https:\\\/\\\/chemgramx.com\\\/wp-content\\\/uploads\\\/2024\\\/10\\\/final-logo.png\",\"contentUrl\":\"https:\\\/\\\/chemgramx.com\\\/wp-content\\\/uploads\\\/2024\\\/10\\\/final-logo.png\",\"width\":250,\"height\":48,\"caption\":\"Chemgramx\"},\"image\":{\"@id\":\"https:\\\/\\\/chemgramx.com\\\/#\\\/schema\\\/logo\\\/image\\\/\"}}]}<\/script>\n<!-- \/ Yoast SEO plugin. -->","yoast_head_json":{"title":"Compre AKB-57 en l\u00ednea \u2013 AKB-57 en venta | Chemgramx","description":"Somos la tienda l\u00edder en la venta de AKB-57. Si desea comprar AKB-57 en l\u00ednea, p\u00f3ngase en contacto con nosotros inmediatamente y le tramitaremos su pedido.","robots":{"index":"index","follow":"follow","max-snippet":"max-snippet:-1","max-image-preview":"max-image-preview:large","max-video-preview":"max-video-preview:-1"},"canonical":"https:\/\/chemgramx.com\/es\/producto-1\/comprar-akb-57-online\/","og_locale":"es_ES","og_type":"article","og_title":"AKB-57 online kaufen \u2013 AKB-57 zu verkaufen | chemgramx","og_description":"Wir sind der f\u00fchrende Shop f\u00fcr AKB-57 zum Verkauf. Wenn Sie AKB-57 online kaufen m\u00f6chten, kontaktieren Sie uns sofort und lassen Sie sich die Bestellung","og_url":"https:\/\/chemgramx.com\/es\/producto-1\/comprar-akb-57-online\/","og_site_name":"Chemgramx","article_modified_time":"2025-12-10T07:19:49+00:00","og_image":[{"width":600,"height":400,"url":"https:\/\/chemgramx.com\/wp-content\/uploads\/2025\/11\/akb57.png","type":"image\/png"}],"twitter_card":"summary_large_image","twitter_misc":{"Tiempo de lectura":"3 minutos"},"schema":{"@context":"https:\/\/schema.org","@graph":[{"@type":"WebPage","@id":"https:\/\/chemgramx.com\/product\/akb-57-online-kaufen\/","url":"https:\/\/chemgramx.com\/product\/akb-57-online-kaufen\/","name":"Compre AKB-57 en l\u00ednea \u2013 AKB-57 en venta | Chemgramx","isPartOf":{"@id":"https:\/\/chemgramx.com\/#website"},"primaryImageOfPage":{"@id":"https:\/\/chemgramx.com\/product\/akb-57-online-kaufen\/#primaryimage"},"image":{"@id":"https:\/\/chemgramx.com\/product\/akb-57-online-kaufen\/#primaryimage"},"thumbnailUrl":"https:\/\/chemgramx.com\/wp-content\/uploads\/2025\/11\/akb57.png","datePublished":"2025-11-21T11:10:15+00:00","dateModified":"2025-12-10T07:19:49+00:00","description":"Somos la tienda l\u00edder en la venta de AKB-57. Si desea comprar AKB-57 en l\u00ednea, p\u00f3ngase en contacto con nosotros inmediatamente y le tramitaremos su pedido.","breadcrumb":{"@id":"https:\/\/chemgramx.com\/product\/akb-57-online-kaufen\/#breadcrumb"},"inLanguage":"es","potentialAction":[{"@type":"ReadAction","target":["https:\/\/chemgramx.com\/product\/akb-57-online-kaufen\/"]}]},{"@type":"ImageObject","inLanguage":"es","@id":"https:\/\/chemgramx.com\/product\/akb-57-online-kaufen\/#primaryimage","url":"https:\/\/chemgramx.com\/wp-content\/uploads\/2025\/11\/akb57.png","contentUrl":"https:\/\/chemgramx.com\/wp-content\/uploads\/2025\/11\/akb57.png","width":600,"height":400},{"@type":"BreadcrumbList","@id":"https:\/\/chemgramx.com\/product\/akb-57-online-kaufen\/#breadcrumb","itemListElement":[{"@type":"ListItem","position":1,"name":"Home","item":"https:\/\/chemgramx.com\/"},{"@type":"ListItem","position":2,"name":"Shop","item":"https:\/\/chemgramx.com\/shop\/"},{"@type":"ListItem","position":3,"name":"AKB-57 Kopen &#8211; Top Qualit\u00e4t"}]},{"@type":"WebSite","@id":"https:\/\/chemgramx.com\/#website","url":"https:\/\/chemgramx.com\/","name":"Chemgramx","description":"","publisher":{"@id":"https:\/\/chemgramx.com\/#organization"},"potentialAction":[{"@type":"SearchAction","target":{"@type":"EntryPoint","urlTemplate":"https:\/\/chemgramx.com\/?s={search_term_string}"},"query-input":{"@type":"PropertyValueSpecification","valueRequired":true,"valueName":"search_term_string"}}],"inLanguage":"es"},{"@type":"Organization","@id":"https:\/\/chemgramx.com\/#organization","name":"Chemgramx","url":"https:\/\/chemgramx.com\/","logo":{"@type":"ImageObject","inLanguage":"es","@id":"https:\/\/chemgramx.com\/#\/schema\/logo\/image\/","url":"https:\/\/chemgramx.com\/wp-content\/uploads\/2024\/10\/final-logo.png","contentUrl":"https:\/\/chemgramx.com\/wp-content\/uploads\/2024\/10\/final-logo.png","width":250,"height":48,"caption":"Chemgramx"},"image":{"@id":"https:\/\/chemgramx.com\/#\/schema\/logo\/image\/"}}]}},"_links":{"self":[{"href":"https:\/\/chemgramx.com\/es\/wp-json\/wp\/v2\/product\/6881","targetHints":{"allow":["GET"]}}],"collection":[{"href":"https:\/\/chemgramx.com\/es\/wp-json\/wp\/v2\/product"}],"about":[{"href":"https:\/\/chemgramx.com\/es\/wp-json\/wp\/v2\/types\/product"}],"replies":[{"embeddable":true,"href":"https:\/\/chemgramx.com\/es\/wp-json\/wp\/v2\/comments?post=6881"}],"wp:featuredmedia":[{"embeddable":true,"href":"https:\/\/chemgramx.com\/es\/wp-json\/wp\/v2\/media\/6911"}],"wp:attachment":[{"href":"https:\/\/chemgramx.com\/es\/wp-json\/wp\/v2\/media?parent=6881"}],"wp:term":[{"taxonomy":"product_brand","embeddable":true,"href":"https:\/\/chemgramx.com\/es\/wp-json\/wp\/v2\/product_brand?post=6881"},{"taxonomy":"product_cat","embeddable":true,"href":"https:\/\/chemgramx.com\/es\/wp-json\/wp\/v2\/product_cat?post=6881"},{"taxonomy":"product_tag","embeddable":true,"href":"https:\/\/chemgramx.com\/es\/wp-json\/wp\/v2\/product_tag?post=6881"}],"curies":[{"name":"wp","href":"https:\/\/api.w.org\/{rel}","templated":true}]}}