{"id":6978,"date":"2025-11-21T11:11:08","date_gmt":"2025-11-21T11:11:08","guid":{"rendered":"https:\/\/chemgramx.com\/?post_type=product&#038;p=6978"},"modified":"2025-12-10T07:14:29","modified_gmt":"2025-12-10T07:14:29","slug":"comprar-cocaina-peruana-online-con-seguridad","status":"publish","type":"product","link":"https:\/\/chemgramx.com\/es\/product\/peruanisches-kokain-sicher-online-kaufen\/","title":{"rendered":"Comprar coca\u00edna peruana \u2013 Alta pureza"},"content":{"rendered":"<p>Descubra la extraordinaria calidad de la coca\u00edna peruana, un producto apreciado en todo el mundo por su pureza y sus excelentes est\u00e1ndares. Nuestra oferta est\u00e1 dirigida a clientes exigentes que valoran la autenticidad, la fiabilidad y la m\u00e1xima discreci\u00f3n. Adem\u00e1s, garantizamos que nuestra <b>Adquirir coca\u00edna peruana para su venta<\/b> procedente \u00fanicamente de fuentes fiables y verificadas directamente de Per\u00fa. Adem\u00e1s, cada lote se comprueba bajo las condiciones m\u00e1s estrictas y se maneja con el mayor cuidado antes de salir de nuestro laboratorio. De este modo, usted siempre recibir\u00e1 un producto que cumple con nuestros altos est\u00e1ndares de calidad.<\/p>\n<p>En Chemgramx comprendemos la importancia de la precisi\u00f3n y la fiabilidad en las aplicaciones cient\u00edficas. Por eso solo le ofrecemos lo mejor. <b>La mejor coca\u00edna peruana disponible<\/b>. Cada gramo que adquiere con nosotros ha sido sometido a rigurosos controles para garantizar que cumple con nuestras expectativas y las suyas en cuanto a pureza y consistencia. De este modo, puede estar seguro de que est\u00e1 adquiriendo un producto de calidad indiscutible.<\/p>\n<h2>Autenticidad y origen: la esencia de la coca\u00edna peruana<\/h2>\n<p>La autenticidad de nuestros productos es una cuesti\u00f3n fundamental para nosotros. Nuestro <b>Coca\u00edna peruana aut\u00e9ntica<\/b> Es conocido por su composici\u00f3n natural y su pureza especial, que se debe directamente a su origen. Per\u00fa, una regi\u00f3n con una larga tradici\u00f3n y condiciones \u00f3ptimas para la obtenci\u00f3n de materias primas, proporciona la base para este producto excepcional. Adem\u00e1s, la obtenci\u00f3n de nuestras materias primas se realiza bajo criterios \u00e9ticos y en estricto cumplimiento de las normas internacionales. Por este motivo, puede confiar en el origen y la integridad de cada producto.<\/p>\n<p>Este origen espec\u00edfico contribuye de manera decisiva al alto valor del producto. De hecho, la pureza del <b>coca\u00edna peruana de alta calidad<\/b> ya se garantiza durante la cosecha en los pa\u00edses de origen. De este modo, podemos garantizar una cadena de productos que apuesta desde el principio por la calidad y la responsabilidad. Adem\u00e1s, nos aseguramos de que todos los pasos sean transparentes y comprensibles.<\/p>\n<h2>Pureza qu\u00edmica y est\u00e1ndares de calidad<\/h2>\n<p>La pureza de un producto qu\u00edmico es fundamental, especialmente cuando se trata de investigaci\u00f3n y an\u00e1lisis. En Chemgramx damos mucha importancia a las especificaciones anal\u00edticas de nuestra oferta. Por ello, cada lote de <b>coca\u00edna peruana de alta calidad<\/b> analizados y certificados en laboratorios independientes. Esto garantiza la m\u00e1xima pureza y seguridad para sus proyectos cient\u00edficos. Adem\u00e1s, nos aseguramos de que los an\u00e1lisis se realicen seg\u00fan los m\u00e9todos cient\u00edficos m\u00e1s recientes.<\/p>\n<p>Nuestros productos son <b>Clase de investigaci\u00f3n en venta<\/b> y <b>Clase de laboratorio en venta<\/b> lo que subraya su idoneidad para aplicaciones exigentes. Esto significa que usted obtiene un producto que cumple con los m\u00e1s altos est\u00e1ndares para la investigaci\u00f3n cient\u00edfica. Adem\u00e1s, ofrecemos especificaciones detalladas sobre cada lote para que sepa exactamente lo que est\u00e1 comprando. De este modo, le ayudamos a obtener resultados precisos y reproducibles. Si busca m\u00e1s opciones para su investigaci\u00f3n, le recomendamos que consulte tambi\u00e9n nuestro <a href=\"https:\/\/chemgramx.com\/product\/diplomat-hash-online-bestellung\/\">Hach\u00eds diplom\u00e1tico<\/a> explorar.<\/p>\n<h2>El proceso de adquisici\u00f3n: cuidado en cada paso<\/h2>\n<p>Nuestro proceso de adquisici\u00f3n est\u00e1 dise\u00f1ado para preservar la integridad y la calidad del producto desde su origen hasta que llega a sus manos. En primer lugar, seleccionamos cuidadosamente a nuestros socios en Per\u00fa en funci\u00f3n de su reputaci\u00f3n y su compromiso con la calidad. De este modo, nos aseguramos de que solo se procesen materias primas del m\u00e1s alto nivel. Adem\u00e1s, supervisamos rigurosamente cada paso del proceso para evitar contaminaciones.<\/p>\n<p>Desde el procesamiento inicial hasta el tratamiento final en nuestros laboratorios, cada paso se documenta y se comprueba. Esto garantiza un control de calidad y una transparencia completos. Por lo tanto, puede estar seguro de que recibir\u00e1 un producto fabricado con el mayor cuidado y experiencia. Adem\u00e1s, este proceso detallado garantiza la disponibilidad continua de nuestro <b>coca\u00edna peruana de alta calidad<\/b>.<\/p>\n<h2>M\u00e9todos de an\u00e1lisis exhaustivos y certificaciones<\/h2>\n<p>Para garantizar la m\u00e1xima calidad, llevamos a cabo exhaustivos procedimientos de an\u00e1lisis. Cada lote se somete a varias fases de prueba en laboratorios independientes. Esto incluye la cromatograf\u00eda de gases-espectrometr\u00eda de masas (GC-MS) y la cromatograf\u00eda l\u00edquida de alta resoluci\u00f3n (HPLC) para determinar con exactitud la pureza y la composici\u00f3n. En definitiva, usted obtiene un producto caracterizado con precisi\u00f3n. Por cierto, estos an\u00e1lisis son la base de nuestras certificaciones.<\/p>\n<p>Estos certificados no solo acreditan la pureza del producto, sino tambi\u00e9n la ausencia de impurezas indeseadas. Por lo tanto, le ofrecemos un producto que cumple con los m\u00e1s altos requisitos cient\u00edficos. Por supuesto, todos los certificados est\u00e1n disponibles bajo petici\u00f3n para garantizarle una total transparencia. Adem\u00e1s, si desea obtener m\u00e1s productos qu\u00edmicos de alta calidad para investigaci\u00f3n, visite nuestra p\u00e1gina web. <a href=\"https:\/\/chemgramx.com\/product\/green-heineken-bottles-230mg-mdma-online-bestellung\/\">Botellas verdes de Heineken MDMA<\/a>.<\/p>\n<h2>Tramitaci\u00f3n segura y discreta de su pedido<\/h2>\n<p>La discreci\u00f3n y la seguridad son de suma importancia para nosotros cuando usted <b>Comprar coca\u00edna peruana online<\/b>. Hemos implementado estrictos protocolos para proteger su privacidad en cada transacci\u00f3n. Adem\u00e1s, nos aseguramos de que toda la informaci\u00f3n se trate de forma confidencial. Por lo tanto, puede realizar una <b>adquisici\u00f3n segura<\/b> que se adapte a sus necesidades.<\/p>\n<p>Todo el procesamiento de su pedido se realiza con el m\u00e1ximo cuidado y en estricto cumplimiento de las normas de seguridad. Nuestro equipo est\u00e1 capacitado para mantener la m\u00e1xima discreci\u00f3n. Adem\u00e1s, el proceso est\u00e1 dise\u00f1ado de tal manera que no es posible deducir el contenido ni el remitente. Por lo tanto, puede confiar en nosotros. <b>Comprar ahora online<\/b>.<\/p>\n<h2>Opciones flexibles: cantidades, formas de pago y servicio al cliente<\/h2>\n<p>Queremos que la compra sea lo m\u00e1s sencilla posible para usted. Por eso ofrecemos opciones flexibles en cuanto a cantidades y m\u00e9todos de pago. Puede adquirir la cantidad deseada de <b>Comprar coca\u00edna peruana online<\/b>, que se adapte a sus necesidades de investigaci\u00f3n. Adem\u00e1s, puede elegir entre diferentes m\u00e9todos de pago discretos, incluyendo opciones an\u00f3nimas como Bitcoin y USDT, o la cl\u00e1sica transferencia bancaria. De este modo, siempre encontrar\u00e1 una soluci\u00f3n adecuada.<\/p>\n<p>Nuestro comprometido servicio de atenci\u00f3n al cliente est\u00e1 a su disposici\u00f3n en todo momento para responder a sus preguntas de forma an\u00f3nima y amable. Nuestro objetivo es ofrecerle un asesoramiento personalizado, precios justos y la m\u00e1xima satisfacci\u00f3n del cliente. Damos gran importancia a la relaci\u00f3n de colaboraci\u00f3n con nuestros clientes. Por ello, nos esforzamos por ofrecerle el mejor servicio posible cuando usted <b>Comprar coca\u00edna peruana en Chemgramx<\/b> Adem\u00e1s, siempre estamos abiertos a comentarios y sugerencias de mejora.<\/p>\n<h2>Uso responsable e informaci\u00f3n legal<\/h2>\n<p>Es imprescindible hacer un uso responsable de nuestros productos. Nuestros productos, incluido el <b>Coca\u00edna peruana<\/b>, est\u00e1n destinados exclusivamente a fines cient\u00edficos, an\u00e1lisis y coleccionismo. Es de suma importancia que respete en todo momento las normas y reglamentos legales de su pa\u00eds. De este modo, se asegurar\u00e1 de que el uso que haga de nuestras ofertas sea siempre responsable. Por lo tanto, le rogamos encarecidamente que se informe sobre la legislaci\u00f3n pertinente antes de realizar la compra.<\/p>\n<p>No asumimos ninguna responsabilidad por el uso indebido o inadecuado de nuestros productos. Por lo tanto, es responsabilidad exclusiva del comprador cumplir con todas las leyes y regulaciones locales. Utilice nuestros productos \u00fanicamente para los fines previstos. Adem\u00e1s, nos preocupamos especialmente por informar sobre el manejo correcto. En \u00faltima instancia, esto fomenta un uso seguro y legal de los productos qu\u00edmicos en la investigaci\u00f3n.<\/p>\n<h2>Por qu\u00e9 Chemgramx es la mejor opci\u00f3n: nuestro compromiso<\/h2>\n<p>Si valora la calidad, la discreci\u00f3n y un servicio fiable, nuestro producto peruano es la elecci\u00f3n adecuada para usted. No solo le ofrecemos <b>Coca\u00edna peruana de alta pureza a la venta<\/b>, sino tambi\u00e9n un completo paquete de servicios que le ayudar\u00e1 en su investigaci\u00f3n. Conf\u00ede en nuestra dilatada experiencia y en los m\u00e1s altos est\u00e1ndares. Nos esforzamos por superar sus expectativas y ofrecerle siempre productos de una calidad insuperable. Por eso, Chemgramx es su socio ideal para productos qu\u00edmicos de investigaci\u00f3n. Adem\u00e1s, nos comprometemos continuamente con la innovaci\u00f3n y la satisfacci\u00f3n del cliente.<\/p>\n<p>Nuestro compromiso con la calidad y el servicio al cliente nos convierte en un proveedor l\u00edder en este sector. No lo dude., <b>Comprar coca\u00edna peruana online<\/b> y compruebe usted mismo nuestra excelente oferta. Esperamos poder darle la bienvenida como cliente satisfecho. Por lo tanto, le ofrecemos una plataforma fiable para sus necesidades en el \u00e1mbito de los productos qu\u00edmicos para investigaci\u00f3n. Estamos convencidos de que nuestros productos y servicios superar\u00e1n sus expectativas.<\/p>","protected":false},"excerpt":{"rendered":"<p>Si valora la calidad, la discreci\u00f3n y un servicio fiable, nuestro producto peruano es la elecci\u00f3n adecuada para usted. Conf\u00ede en nuestros muchos a\u00f1os de experiencia y en los m\u00e1s altos est\u00e1ndares: haga ahora su pedido en l\u00ednea de forma discreta y segura.<\/p>","protected":false},"featured_media":6993,"comment_status":"open","ping_status":"closed","template":"","meta":{"_joinchat":[]},"product_brand":[],"product_cat":[57],"product_tag":[3002,3000,3001,2999,3007,3003,3004,3009,3008,3006,3005,3010,3011],"class_list":{"0":"post-6978","1":"product","2":"type-product","3":"status-publish","4":"has-post-thumbnail","6":"product_cat-cocaine","7":"product_tag-flake-kokain-online-kaufen","8":"product_tag-kokain-in-norwegen-kaufen","9":"product_tag-kokain-in-schweden-kaufen","10":"product_tag-kokain-kaufen-und-mit-bitcoin-bezahlen","11":"product_tag-peruanisches-kokain-bestellen","12":"product_tag-peruanisches-kokain-kaufen","13":"product_tag-peruanisches-kokain-online-kaufen","14":"product_tag-peruanisches-kokain-zu-verkaufen","15":"product_tag-peruanisches-pink-flake","16":"product_tag-serioese-kokainhaendler-in-australien","17":"product_tag-wie-kann-ich-sicher-kokain-online-kaufen","18":"product_tag-wo-kann-ich-sicher-kokain-online-kaufen","19":"product_tag-wo-kann-man-peruanisches-kokain-kaufen","21":"first","22":"instock","23":"shipping-taxable","24":"purchasable","25":"product-type-variable"},"yoast_head":"<!-- This site is optimized with the Yoast SEO plugin v27.5 - https:\/\/yoast.com\/product\/yoast-seo-wordpress\/ -->\n<title>Peruanisches Kokain online kaufen \u2013 Peruanisches Kokain online<\/title>\n<meta name=\"description\" content=\"Peruanisches Kokain online kaufen, allgemein bekannt als peruanisches Flockenkokain oder peruanische Paste. Es handelt sich um hochwertiges Kokain, das zu \u00fcber 96 % aus peruanischer Produktion stammt.\" \/>\n<meta name=\"robots\" content=\"index, follow, max-snippet:-1, max-image-preview:large, max-video-preview:-1\" \/>\n<link rel=\"canonical\" href=\"https:\/\/chemgramx.com\/es\/producto-1\/comprar-cocaina-peruana-online-con-seguridad\/\" \/>\n<meta property=\"og:locale\" content=\"es_ES\" \/>\n<meta property=\"og:type\" content=\"article\" \/>\n<meta property=\"og:title\" content=\"Peruanisches Kokain online kaufen \u2013 Peruanisches Kokain online\" \/>\n<meta property=\"og:description\" content=\"Peruanisches Kokain online kaufen, allgemein bekannt als peruanisches Flockenkokain oder peruanische Paste. Es handelt sich um hochwertiges Kokain, das zu \u00fcber 96 % aus peruanischer Produktion stammt.\" \/>\n<meta property=\"og:url\" content=\"https:\/\/chemgramx.com\/es\/producto-1\/comprar-cocaina-peruana-online-con-seguridad\/\" \/>\n<meta property=\"og:site_name\" content=\"Chemgramx\" \/>\n<meta property=\"article:modified_time\" content=\"2025-12-10T07:14:29+00:00\" \/>\n<meta property=\"og:image\" content=\"https:\/\/chemgramx.com\/wp-content\/uploads\/2025\/11\/buy-peruvian-cocaine-online.jpeg\" \/>\n\t<meta property=\"og:image:width\" content=\"300\" \/>\n\t<meta property=\"og:image:height\" content=\"300\" \/>\n\t<meta property=\"og:image:type\" content=\"image\/jpeg\" \/>\n<meta name=\"twitter:card\" content=\"summary_large_image\" \/>\n<meta name=\"twitter:label1\" content=\"Tiempo de lectura\" \/>\n\t<meta name=\"twitter:data1\" content=\"2 minutos\" \/>\n<script type=\"application\/ld+json\" class=\"yoast-schema-graph\">{\"@context\":\"https:\\\/\\\/schema.org\",\"@graph\":[{\"@type\":\"WebPage\",\"@id\":\"https:\\\/\\\/chemgramx.com\\\/product\\\/peruanisches-kokain-sicher-online-kaufen\\\/\",\"url\":\"https:\\\/\\\/chemgramx.com\\\/product\\\/peruanisches-kokain-sicher-online-kaufen\\\/\",\"name\":\"Peruanisches Kokain online kaufen \u2013 Peruanisches Kokain online\",\"isPartOf\":{\"@id\":\"https:\\\/\\\/chemgramx.com\\\/#website\"},\"primaryImageOfPage\":{\"@id\":\"https:\\\/\\\/chemgramx.com\\\/product\\\/peruanisches-kokain-sicher-online-kaufen\\\/#primaryimage\"},\"image\":{\"@id\":\"https:\\\/\\\/chemgramx.com\\\/product\\\/peruanisches-kokain-sicher-online-kaufen\\\/#primaryimage\"},\"thumbnailUrl\":\"https:\\\/\\\/chemgramx.com\\\/wp-content\\\/uploads\\\/2025\\\/11\\\/buy-peruvian-cocaine-online.jpeg\",\"datePublished\":\"2025-11-21T11:11:08+00:00\",\"dateModified\":\"2025-12-10T07:14:29+00:00\",\"description\":\"Peruanisches Kokain online kaufen, allgemein bekannt als peruanisches Flockenkokain oder peruanische Paste. Es handelt sich um hochwertiges Kokain, das zu \u00fcber 96 % aus peruanischer Produktion stammt.\",\"breadcrumb\":{\"@id\":\"https:\\\/\\\/chemgramx.com\\\/product\\\/peruanisches-kokain-sicher-online-kaufen\\\/#breadcrumb\"},\"inLanguage\":\"es\",\"potentialAction\":[{\"@type\":\"ReadAction\",\"target\":[\"https:\\\/\\\/chemgramx.com\\\/product\\\/peruanisches-kokain-sicher-online-kaufen\\\/\"]}]},{\"@type\":\"ImageObject\",\"inLanguage\":\"es\",\"@id\":\"https:\\\/\\\/chemgramx.com\\\/product\\\/peruanisches-kokain-sicher-online-kaufen\\\/#primaryimage\",\"url\":\"https:\\\/\\\/chemgramx.com\\\/wp-content\\\/uploads\\\/2025\\\/11\\\/buy-peruvian-cocaine-online.jpeg\",\"contentUrl\":\"https:\\\/\\\/chemgramx.com\\\/wp-content\\\/uploads\\\/2025\\\/11\\\/buy-peruvian-cocaine-online.jpeg\",\"width\":300,\"height\":300},{\"@type\":\"BreadcrumbList\",\"@id\":\"https:\\\/\\\/chemgramx.com\\\/product\\\/peruanisches-kokain-sicher-online-kaufen\\\/#breadcrumb\",\"itemListElement\":[{\"@type\":\"ListItem\",\"position\":1,\"name\":\"Home\",\"item\":\"https:\\\/\\\/chemgramx.com\\\/\"},{\"@type\":\"ListItem\",\"position\":2,\"name\":\"Shop\",\"item\":\"https:\\\/\\\/chemgramx.com\\\/shop\\\/\"},{\"@type\":\"ListItem\",\"position\":3,\"name\":\"Peruanisches Kokain Kaufen &#8211; Hohe Reinheit\"}]},{\"@type\":\"WebSite\",\"@id\":\"https:\\\/\\\/chemgramx.com\\\/#website\",\"url\":\"https:\\\/\\\/chemgramx.com\\\/\",\"name\":\"Chemgramx\",\"description\":\"\",\"publisher\":{\"@id\":\"https:\\\/\\\/chemgramx.com\\\/#organization\"},\"potentialAction\":[{\"@type\":\"SearchAction\",\"target\":{\"@type\":\"EntryPoint\",\"urlTemplate\":\"https:\\\/\\\/chemgramx.com\\\/?s={search_term_string}\"},\"query-input\":{\"@type\":\"PropertyValueSpecification\",\"valueRequired\":true,\"valueName\":\"search_term_string\"}}],\"inLanguage\":\"es\"},{\"@type\":\"Organization\",\"@id\":\"https:\\\/\\\/chemgramx.com\\\/#organization\",\"name\":\"Chemgramx\",\"url\":\"https:\\\/\\\/chemgramx.com\\\/\",\"logo\":{\"@type\":\"ImageObject\",\"inLanguage\":\"es\",\"@id\":\"https:\\\/\\\/chemgramx.com\\\/#\\\/schema\\\/logo\\\/image\\\/\",\"url\":\"https:\\\/\\\/chemgramx.com\\\/wp-content\\\/uploads\\\/2024\\\/10\\\/final-logo.png\",\"contentUrl\":\"https:\\\/\\\/chemgramx.com\\\/wp-content\\\/uploads\\\/2024\\\/10\\\/final-logo.png\",\"width\":250,\"height\":48,\"caption\":\"Chemgramx\"},\"image\":{\"@id\":\"https:\\\/\\\/chemgramx.com\\\/#\\\/schema\\\/logo\\\/image\\\/\"}}]}<\/script>\n<!-- \/ Yoast SEO plugin. -->","yoast_head_json":{"title":"Comprar coca\u00edna peruana online - Coca\u00edna peruana online","description":"Comprar coca\u00edna peruana online, com\u00fanmente conocida como coca\u00edna peruana en escamas o pasta peruana. Es coca\u00edna de alta calidad, m\u00e1s del 96 % de la cual proviene de producci\u00f3n peruana.","robots":{"index":"index","follow":"follow","max-snippet":"max-snippet:-1","max-image-preview":"max-image-preview:large","max-video-preview":"max-video-preview:-1"},"canonical":"https:\/\/chemgramx.com\/es\/producto-1\/comprar-cocaina-peruana-online-con-seguridad\/","og_locale":"es_ES","og_type":"article","og_title":"Peruanisches Kokain online kaufen \u2013 Peruanisches Kokain online","og_description":"Peruanisches Kokain online kaufen, allgemein bekannt als peruanisches Flockenkokain oder peruanische Paste. Es handelt sich um hochwertiges Kokain, das zu \u00fcber 96 % aus peruanischer Produktion stammt.","og_url":"https:\/\/chemgramx.com\/es\/producto-1\/comprar-cocaina-peruana-online-con-seguridad\/","og_site_name":"Chemgramx","article_modified_time":"2025-12-10T07:14:29+00:00","og_image":[{"width":300,"height":300,"url":"https:\/\/chemgramx.com\/wp-content\/uploads\/2025\/11\/buy-peruvian-cocaine-online.jpeg","type":"image\/jpeg"}],"twitter_card":"summary_large_image","twitter_misc":{"Tiempo de lectura":"2 minutos"},"schema":{"@context":"https:\/\/schema.org","@graph":[{"@type":"WebPage","@id":"https:\/\/chemgramx.com\/product\/peruanisches-kokain-sicher-online-kaufen\/","url":"https:\/\/chemgramx.com\/product\/peruanisches-kokain-sicher-online-kaufen\/","name":"Comprar coca\u00edna peruana online - Coca\u00edna peruana online","isPartOf":{"@id":"https:\/\/chemgramx.com\/#website"},"primaryImageOfPage":{"@id":"https:\/\/chemgramx.com\/product\/peruanisches-kokain-sicher-online-kaufen\/#primaryimage"},"image":{"@id":"https:\/\/chemgramx.com\/product\/peruanisches-kokain-sicher-online-kaufen\/#primaryimage"},"thumbnailUrl":"https:\/\/chemgramx.com\/wp-content\/uploads\/2025\/11\/buy-peruvian-cocaine-online.jpeg","datePublished":"2025-11-21T11:11:08+00:00","dateModified":"2025-12-10T07:14:29+00:00","description":"Comprar coca\u00edna peruana online, com\u00fanmente conocida como coca\u00edna peruana en escamas o pasta peruana. Es coca\u00edna de alta calidad, m\u00e1s del 96 % de la cual proviene de producci\u00f3n peruana.","breadcrumb":{"@id":"https:\/\/chemgramx.com\/product\/peruanisches-kokain-sicher-online-kaufen\/#breadcrumb"},"inLanguage":"es","potentialAction":[{"@type":"ReadAction","target":["https:\/\/chemgramx.com\/product\/peruanisches-kokain-sicher-online-kaufen\/"]}]},{"@type":"ImageObject","inLanguage":"es","@id":"https:\/\/chemgramx.com\/product\/peruanisches-kokain-sicher-online-kaufen\/#primaryimage","url":"https:\/\/chemgramx.com\/wp-content\/uploads\/2025\/11\/buy-peruvian-cocaine-online.jpeg","contentUrl":"https:\/\/chemgramx.com\/wp-content\/uploads\/2025\/11\/buy-peruvian-cocaine-online.jpeg","width":300,"height":300},{"@type":"BreadcrumbList","@id":"https:\/\/chemgramx.com\/product\/peruanisches-kokain-sicher-online-kaufen\/#breadcrumb","itemListElement":[{"@type":"ListItem","position":1,"name":"Home","item":"https:\/\/chemgramx.com\/"},{"@type":"ListItem","position":2,"name":"Shop","item":"https:\/\/chemgramx.com\/shop\/"},{"@type":"ListItem","position":3,"name":"Peruanisches Kokain Kaufen &#8211; Hohe Reinheit"}]},{"@type":"WebSite","@id":"https:\/\/chemgramx.com\/#website","url":"https:\/\/chemgramx.com\/","name":"Chemgramx","description":"","publisher":{"@id":"https:\/\/chemgramx.com\/#organization"},"potentialAction":[{"@type":"SearchAction","target":{"@type":"EntryPoint","urlTemplate":"https:\/\/chemgramx.com\/?s={search_term_string}"},"query-input":{"@type":"PropertyValueSpecification","valueRequired":true,"valueName":"search_term_string"}}],"inLanguage":"es"},{"@type":"Organization","@id":"https:\/\/chemgramx.com\/#organization","name":"Chemgramx","url":"https:\/\/chemgramx.com\/","logo":{"@type":"ImageObject","inLanguage":"es","@id":"https:\/\/chemgramx.com\/#\/schema\/logo\/image\/","url":"https:\/\/chemgramx.com\/wp-content\/uploads\/2024\/10\/final-logo.png","contentUrl":"https:\/\/chemgramx.com\/wp-content\/uploads\/2024\/10\/final-logo.png","width":250,"height":48,"caption":"Chemgramx"},"image":{"@id":"https:\/\/chemgramx.com\/#\/schema\/logo\/image\/"}}]}},"_links":{"self":[{"href":"https:\/\/chemgramx.com\/es\/wp-json\/wp\/v2\/product\/6978","targetHints":{"allow":["GET"]}}],"collection":[{"href":"https:\/\/chemgramx.com\/es\/wp-json\/wp\/v2\/product"}],"about":[{"href":"https:\/\/chemgramx.com\/es\/wp-json\/wp\/v2\/types\/product"}],"replies":[{"embeddable":true,"href":"https:\/\/chemgramx.com\/es\/wp-json\/wp\/v2\/comments?post=6978"}],"wp:featuredmedia":[{"embeddable":true,"href":"https:\/\/chemgramx.com\/es\/wp-json\/wp\/v2\/media\/6993"}],"wp:attachment":[{"href":"https:\/\/chemgramx.com\/es\/wp-json\/wp\/v2\/media?parent=6978"}],"wp:term":[{"taxonomy":"product_brand","embeddable":true,"href":"https:\/\/chemgramx.com\/es\/wp-json\/wp\/v2\/product_brand?post=6978"},{"taxonomy":"product_cat","embeddable":true,"href":"https:\/\/chemgramx.com\/es\/wp-json\/wp\/v2\/product_cat?post=6978"},{"taxonomy":"product_tag","embeddable":true,"href":"https:\/\/chemgramx.com\/es\/wp-json\/wp\/v2\/product_tag?post=6978"}],"curies":[{"name":"wp","href":"https:\/\/api.w.org\/{rel}","templated":true}]}}