{"id":6982,"date":"2025-11-21T11:11:09","date_gmt":"2025-11-21T11:11:09","guid":{"rendered":"https:\/\/chemgramx.com\/?post_type=product&#038;p=6982"},"modified":"2025-12-10T07:08:39","modified_gmt":"2025-12-10T07:08:39","slug":"bloques-de-cocaina-columbia","status":"publish","type":"product","link":"https:\/\/chemgramx.com\/es\/product\/columbia-kokainbloecke\/","title":{"rendered":"Comprar bloques de coca\u00edna Columbia: m\u00e1xima pureza (m\u00e1xima calidad)"},"content":{"rendered":"<p>Chemgramx le presenta los exclusivos bloques de coca\u00edna de Colombia, desarrollados para satisfacer las m\u00e1s altas exigencias de calidad. Estos productos son sin\u00f3nimo de pureza genuina y ofrecen una experiencia aut\u00e9ntica para los conocedores en el campo de la investigaci\u00f3n anal\u00edtica y el coleccionismo. Provenientes directamente de las plantas de producci\u00f3n m\u00e1s prestigiosas de Colombia, estos bloques de coca\u00edna de Colombia garantizan una calidad y pureza constantes, verificadas por an\u00e1lisis de laboratorio independientes. Si usted <b>Aut\u00e9nticos bloques de coca\u00edna de Colombia<\/b> Si busca productos que cumplan con los est\u00e1ndares m\u00e1s estrictos, aqu\u00ed encontrar\u00e1 la fuente ideal. Le ofrecemos <b>Bloques de coca\u00edna de Columbia a la venta<\/b> destinados espec\u00edficamente a fines de investigaci\u00f3n y an\u00e1lisis.<\/p>\n<p>Nuestro compromiso con la excelencia significa que cada lote se comprueba minuciosamente para garantizar que cumple con nuestros exigentes criterios de pureza. Adem\u00e1s, damos gran importancia a la documentaci\u00f3n detallada del origen y el procesamiento. Esto garantiza que usted reciba un producto cuya calidad y autenticidad no solo se afirman, sino que tambi\u00e9n est\u00e1n cient\u00edficamente demostradas. Por eso nuestros <b>Bloques de coca\u00edna Columbia de primera calidad<\/b> La opci\u00f3n preferida por usuarios exigentes de todo el mundo.<\/p>\n<h2><b>Pureza y calidad: la garant\u00eda Chemgramx<\/b><\/h2>\n<p>La pureza de nuestros bloques de coca\u00edna Columbia es nuestra m\u00e1xima prioridad. Cada lote se somete a rigurosas pruebas y controles peri\u00f3dicos realizados por laboratorios independientes. Esto garantiza que nuestros estimados clientes reciban exclusivamente bloques de coca\u00edna originales e impecables, sin aditivos ni impurezas. Por lo tanto, puede confiar en la pureza indicada. <b>Alta pureza a la venta<\/b> que cumple con los requisitos cient\u00edficos. Garantizamos que nuestra oferta de <b>La calidad de la investigaci\u00f3n a la venta<\/b> cumple con las m\u00e1s altas exigencias y garantiza la integridad de sus estudios.<\/p>\n<p>Adem\u00e1s, utilizamos las t\u00e9cnicas de an\u00e1lisis m\u00e1s avanzadas para determinar con precisi\u00f3n la composici\u00f3n qu\u00edmica. Esto nos permite garantizar una alta calidad constante, indispensable para fines anal\u00edticos y cient\u00edficos. Adem\u00e1s, renunciamos deliberadamente a cualquier tipo de compromiso en la adquisici\u00f3n de nuestras materias primas y en su procesamiento. Nuestro objetivo es ofrecer un producto que marque la pauta en su categor\u00eda y que satisfaga sus expectativas. <b>Calidad de laboratorio a la venta<\/b> siempre supera las expectativas. Conf\u00ede en la experiencia de Chemgramx, donde la calidad y la transparencia van de la mano.<\/p>\n<h2><b>El origen: Colombia como sello de calidad<\/b><\/h2>\n<p>Colombia es conocida mundialmente por sus condiciones clim\u00e1ticas \u00f3ptimas y sus m\u00e9todos de cultivo tradicionales, que contribuyen a la producci\u00f3n de coca\u00edna de alta calidad. Nuestros bloques de coca\u00edna colombiana proceden directamente de estas regiones de primera clase, lo que les confiere un aroma \u00fanico y un efecto intenso. La cuidadosa selecci\u00f3n de las fuentes es fundamental para la autenticidad y la calidad de nuestros productos. Como resultado, podemos garantizar la <b>Los mejores bloques de coca\u00edna de Columbia disponibles<\/b> en el mercado que satisfacen las expectativas tanto de los expertos como de los investigadores.<\/p>\n<p>Cada paso, desde la cosecha hasta el procesamiento, se lleva a cabo con el mayor cuidado para preservar las propiedades naturales del producto. Para ello, se combina la artesan\u00eda tradicional con los conocimientos cient\u00edficos m\u00e1s modernos. Esto garantiza que la pureza y la potencia se mantengan durante todo el proceso. Por eso, estos bloques no son solo un producto, sino un testimonio de la tradici\u00f3n colombiana y de nuestro compromiso con la m\u00e1xima calidad. Asimismo, en Chemgramx tambi\u00e9n ofrecemos una amplia gama <a href=\"https:\/\/chemgramx.com\/product\/backwoods-cigars\/\">otros productos seleccionados<\/a> que cumplen con nuestros altos est\u00e1ndares.<\/p>\n<h2><b>\u00c1mbitos de aplicaci\u00f3n y finalidad<\/b><\/h2>\n<p>Nuestros bloques de coca\u00edna de Columbia est\u00e1n destinados expl\u00edcita y exclusivamente a <b>Fines de investigaci\u00f3n, an\u00e1lisis y recopilaci\u00f3n<\/b> previsto. Es de suma importancia que todos los usuarios cumplan estrictamente las disposiciones legales y normativas de su pa\u00eds respectivo. Hacemos hincapi\u00e9 en la necesidad de un uso responsable y del cumplimiento de todas las directrices pertinentes. Por lo tanto, posicionamos nuestros productos como <b>Calidad de laboratorio a la venta<\/b>, que permite aplicaciones precisas en entornos controlados.<\/p>\n<p>Nuestros bloques ofrecen una base de sustancias fiable y consistente, especialmente para estudios acad\u00e9micos y an\u00e1lisis qu\u00edmicos. Esto garantiza una alta reproducibilidad de los resultados. Adem\u00e1s, son ideales para estudios comparativos y el desarrollo de nuevos m\u00e9todos de an\u00e1lisis. Apoyamos a la comunidad cient\u00edfica proporcionando acceso a sustancias de alta pureza como estas y <a href=\"https:\/\/chemgramx.com\/product\/morphine-d3-powder-online-kaufen\/\">Polvo de morfina D3 en l\u00ednea<\/a> que son esenciales para una investigaci\u00f3n bien fundamentada. La manipulaci\u00f3n y el almacenamiento adecuados son fundamentales para mantener la integridad del producto.<\/p>\n<h2><b>\u00bfPor qu\u00e9 elegir los bloques de coca\u00edna Columbia de Chemgramx?<\/b><\/h2>\n<p>Elegir Chemgramx significa elegir un socio que ofrece calidad y discreci\u00f3n sin concesiones. Nuestros <b>Comprar bloques de coca\u00edna Columbia online<\/b> es un proceso dise\u00f1ado para garantizar la seguridad y la confianza del cliente. No solo ofrecemos productos de la m\u00e1s alta calidad, sino tambi\u00e9n un servicio de atenci\u00f3n al cliente personalizado que le ayudar\u00e1 con cualquier pregunta que pueda tener. Esto hace que comprar en Chemgramx sea una experiencia fluida y fiable.<\/p>\n<p>Adem\u00e1s, se beneficiar\u00e1 de precios justos que reflejan la calidad superior de nuestros productos sin ser excesivamente caros. Nos esforzamos por ofrecer a cada cliente un servicio profesional y transparente. Por eso, nuestros <b>Bloques de coca\u00edna Columbia de primera calidad<\/b> La primera opci\u00f3n para todos aquellos que valoran la autenticidad y la fiabilidad. Estamos orgullosos de ofrecer a nuestros clientes una selecci\u00f3n excepcional y un servicio incomparable.<\/p>\n<h2><b>Compra segura y discreci\u00f3n<\/b><\/h2>\n<p>El proceso de compra en Chemgramx est\u00e1 dise\u00f1ado para ser sencillo, an\u00f3nimo y extremadamente seguro. Usted tiene la flexibilidad de elegir entre diferentes cantidades que se adapten a sus necesidades espec\u00edficas. El pago se puede realizar c\u00f3modamente a trav\u00e9s de m\u00e9todos seguros y an\u00f3nimos, como Bitcoin o USDT, aunque, por supuesto, tambi\u00e9n es posible realizar una transferencia bancaria cl\u00e1sica. Esto garantiza un <b>Compra segura<\/b> sin comprometer su privacidad.<\/p>\n<p>Cada pedido se procesa con el m\u00e1ximo cuidado y se maneja con discreci\u00f3n. Nuestros productos se procesan de forma neutra, sin ninguna referencia reconocible al contenido o al remitente. Su protecci\u00f3n y discreci\u00f3n son nuestra m\u00e1xima prioridad. Damos gran importancia a que todo el proceso, desde la solicitud hasta el procesamiento final de su pedido, se lleve a cabo con la m\u00e1xima confidencialidad. De este modo, usted puede <b>Comprar ahora online<\/b> y confiar en nuestro compromiso de m\u00e1xima discreci\u00f3n.<\/p>\n<h2><b>Preguntas frecuentes sobre los bloques de coca\u00edna de Columbia<\/b><\/h2>\n<h3><b>Pregunta: \u00bfC\u00f3mo se garantiza la calidad de los bloques de coca\u00edna de Columbia?<\/b><\/h3>\n<p><b>Contesta:<\/b> Cada lote es sometido a pruebas de pureza y calidad por laboratorios independientes. De este modo, usted recibe exclusivamente productos originales y aut\u00e9nticos que cumplen con nuestros altos est\u00e1ndares. Esto garantiza la <b>Alta pureza a la venta<\/b>, promete Chemgramx.<\/p>\n<h3><b>Pregunta: \u00bfQu\u00e9 formas de pago hay disponibles?<\/b><\/h3>\n<p><b>Contesta:<\/b> Aceptamos pagos an\u00f3nimos como Bitcoin y USDT, as\u00ed como la cl\u00e1sica transferencia bancaria. Todas las opciones est\u00e1n dise\u00f1adas para garantizar la seguridad y la discreci\u00f3n, con el fin de ofrecerle un <b>Compra segura<\/b> posible.<\/p>\n<h3><b>Pregunta: \u00bfPara qu\u00e9 se utilizan estos bloques de coca\u00edna de Columbia?<\/b><\/h3>\n<p><b>Contesta:<\/b> Nuestros productos est\u00e1n destinados exclusivamente a fines de investigaci\u00f3n, an\u00e1lisis y coleccionismo. Es imprescindible respetar siempre las disposiciones legales de su pa\u00eds y garantizar un uso responsable. Estos <b>Calidad de laboratorio a la venta<\/b> Est\u00e1 dise\u00f1ado espec\u00edficamente para aplicaciones cient\u00edficas.<\/p>\n<h3><b>Pregunta: \u00bfPuedo adquirir grandes cantidades de bloques de coca\u00edna de Columbia?<\/b><\/h3>\n<p><b>Contesta:<\/b> S\u00ed, ofrecemos opciones de cantidad flexibles para satisfacer tanto las necesidades individuales como las institucionales. Para consultas espec\u00edficas o grandes vol\u00famenes, p\u00f3ngase en contacto con nuestro servicio de asistencia para obtener ofertas personalizadas. De este modo, los <b>Los mejores bloques de coca\u00edna de Columbia disponibles<\/b> en cantidades que se adapten a sus necesidades.<\/p>\n<h3><b>Pregunta: \u00bfC\u00f3mo se garantiza la confidencialidad de mi pedido?<\/b><\/h3>\n<p><b>Contesta:<\/b> Todos los pedidos se procesan con la m\u00e1xima discreci\u00f3n. Nos aseguramos de que todas las caracter\u00edsticas externas sean neutras y no permitan sacar conclusiones sobre el contenido o el remitente. Su privacidad es de suma importancia para nosotros al procesar su pedido. <b>Aut\u00e9nticos bloques de coca\u00edna de Colombia<\/b>.<\/p>\n<h3><b>Pregunta: \u00bfQu\u00e9 diferencia a los bloques de coca\u00edna de Columbia de otros productos?<\/b><\/h3>\n<p><b>Contesta:<\/b> Nuestros bloques de coca\u00edna de Columbia se caracterizan por su origen espec\u00edfico, su aroma \u00fanico y su alta pureza constante, confirmada por rigurosas pruebas de laboratorio. Esto los convierte en <b>Bloques de coca\u00edna Columbia de primera calidad<\/b> Para expertos e investigadores.<\/p>","protected":false},"excerpt":{"rendered":"<p><strong><span dir=\"auto\">Comprar bloques de coca\u00edna Columbia<\/span><\/strong><span dir=\"auto\">\u00a0en l\u00ednea. La coca\u00edna pura se extra\u00eda originalmente de las hojas del arbusto de coca Erythroxylon, que crec\u00eda principalmente en Per\u00fa y Bolivia. Despu\u00e9s de la d\u00e9cada de 1990 y tras los esfuerzos por reducir la cosecha en estos pa\u00edses.<\/span><\/p>\n<p><span dir=\"auto\">Env\u00edo: env\u00edo en 24 horas - a todo el mundo.<\/span><br \/>\n<span dir=\"auto\">Entrega garantizada: env\u00edo de vuelta o garant\u00eda de devoluci\u00f3n del dinero.<\/span><\/p>\n<p><span dir=\"auto\">Para cantidades superiores a 1 kg, p\u00f3ngase en contacto con nosotros para negociar el precio.<\/span><\/p>","protected":false},"featured_media":6997,"comment_status":"closed","ping_status":"closed","template":"","meta":{"_joinchat":[]},"product_brand":[],"product_cat":[57],"product_tag":[3033,3179,3177],"class_list":{"0":"post-6982","1":"product","2":"type-product","3":"status-publish","4":"has-post-thumbnail","6":"product_cat-cocaine","7":"product_tag-kokain","8":"product_tag-kolumbianisches-kokain","9":"product_tag-reines-kokain","11":"first","12":"instock","13":"shipping-taxable","14":"purchasable","15":"product-type-variable"},"yoast_head":"<!-- This site is optimized with the Yoast SEO plugin v27.5 - https:\/\/yoast.com\/product\/yoast-seo-wordpress\/ -->\n<title>Kaufen Sie Columbia-Kokainbl\u00f6cke - Chemgramx<\/title>\n<meta name=\"description\" content=\"Kaufen Sie Columbia Kokainbl\u00f6cke online. Reines Kokain wurde urspr\u00fcnglich aus den Bl\u00e4ttern des Erythroxylon-Koka-Strauchs gewonnen, der haupts\u00e4chlich in Europa wuchs.\" \/>\n<meta name=\"robots\" content=\"index, follow, max-snippet:-1, max-image-preview:large, max-video-preview:-1\" \/>\n<link rel=\"canonical\" href=\"https:\/\/chemgramx.com\/es\/producto-1\/bloques-de-cocaina-columbia\/\" \/>\n<meta property=\"og:locale\" content=\"es_ES\" \/>\n<meta property=\"og:type\" content=\"article\" \/>\n<meta property=\"og:title\" content=\"Kaufen Sie Columbia-Kokainbl\u00f6cke - Chemgramx\" \/>\n<meta property=\"og:description\" content=\"Kaufen Sie Columbia Kokainbl\u00f6cke online. Reines Kokain wurde urspr\u00fcnglich aus den Bl\u00e4ttern des Erythroxylon-Koka-Strauchs gewonnen, der haupts\u00e4chlich in Europa wuchs.\" \/>\n<meta property=\"og:url\" content=\"https:\/\/chemgramx.com\/es\/producto-1\/bloques-de-cocaina-columbia\/\" \/>\n<meta property=\"og:site_name\" content=\"Chemgramx\" \/>\n<meta property=\"article:modified_time\" content=\"2025-12-10T07:08:39+00:00\" \/>\n<meta property=\"og:image\" content=\"https:\/\/chemgramx.com\/wp-content\/uploads\/2025\/11\/columbia-cocaine-block.jpg\" \/>\n\t<meta property=\"og:image:width\" content=\"500\" \/>\n\t<meta property=\"og:image:height\" content=\"500\" \/>\n\t<meta property=\"og:image:type\" content=\"image\/jpeg\" \/>\n<meta name=\"twitter:card\" content=\"summary_large_image\" \/>\n<meta name=\"twitter:label1\" content=\"Tiempo de lectura\" \/>\n\t<meta name=\"twitter:data1\" content=\"2 minutos\" \/>\n<script type=\"application\/ld+json\" class=\"yoast-schema-graph\">{\"@context\":\"https:\\\/\\\/schema.org\",\"@graph\":[{\"@type\":\"WebPage\",\"@id\":\"https:\\\/\\\/chemgramx.com\\\/product\\\/columbia-kokainbloecke\\\/\",\"url\":\"https:\\\/\\\/chemgramx.com\\\/product\\\/columbia-kokainbloecke\\\/\",\"name\":\"Kaufen Sie Columbia-Kokainbl\u00f6cke - Chemgramx\",\"isPartOf\":{\"@id\":\"https:\\\/\\\/chemgramx.com\\\/#website\"},\"primaryImageOfPage\":{\"@id\":\"https:\\\/\\\/chemgramx.com\\\/product\\\/columbia-kokainbloecke\\\/#primaryimage\"},\"image\":{\"@id\":\"https:\\\/\\\/chemgramx.com\\\/product\\\/columbia-kokainbloecke\\\/#primaryimage\"},\"thumbnailUrl\":\"https:\\\/\\\/chemgramx.com\\\/wp-content\\\/uploads\\\/2025\\\/11\\\/columbia-cocaine-block.jpg\",\"datePublished\":\"2025-11-21T11:11:09+00:00\",\"dateModified\":\"2025-12-10T07:08:39+00:00\",\"description\":\"Kaufen Sie Columbia Kokainbl\u00f6cke online. Reines Kokain wurde urspr\u00fcnglich aus den Bl\u00e4ttern des Erythroxylon-Koka-Strauchs gewonnen, der haupts\u00e4chlich in Europa wuchs.\",\"breadcrumb\":{\"@id\":\"https:\\\/\\\/chemgramx.com\\\/product\\\/columbia-kokainbloecke\\\/#breadcrumb\"},\"inLanguage\":\"es\",\"potentialAction\":[{\"@type\":\"ReadAction\",\"target\":[\"https:\\\/\\\/chemgramx.com\\\/product\\\/columbia-kokainbloecke\\\/\"]}]},{\"@type\":\"ImageObject\",\"inLanguage\":\"es\",\"@id\":\"https:\\\/\\\/chemgramx.com\\\/product\\\/columbia-kokainbloecke\\\/#primaryimage\",\"url\":\"https:\\\/\\\/chemgramx.com\\\/wp-content\\\/uploads\\\/2025\\\/11\\\/columbia-cocaine-block.jpg\",\"contentUrl\":\"https:\\\/\\\/chemgramx.com\\\/wp-content\\\/uploads\\\/2025\\\/11\\\/columbia-cocaine-block.jpg\",\"width\":500,\"height\":500},{\"@type\":\"BreadcrumbList\",\"@id\":\"https:\\\/\\\/chemgramx.com\\\/product\\\/columbia-kokainbloecke\\\/#breadcrumb\",\"itemListElement\":[{\"@type\":\"ListItem\",\"position\":1,\"name\":\"Home\",\"item\":\"https:\\\/\\\/chemgramx.com\\\/\"},{\"@type\":\"ListItem\",\"position\":2,\"name\":\"Shop\",\"item\":\"https:\\\/\\\/chemgramx.com\\\/shop\\\/\"},{\"@type\":\"ListItem\",\"position\":3,\"name\":\"Columbia-Kokainbl\u00f6cke Kaufen &#8211; H\u00f6chste Reinheit (Top Qualit\u00e4t)\"}]},{\"@type\":\"WebSite\",\"@id\":\"https:\\\/\\\/chemgramx.com\\\/#website\",\"url\":\"https:\\\/\\\/chemgramx.com\\\/\",\"name\":\"Chemgramx\",\"description\":\"\",\"publisher\":{\"@id\":\"https:\\\/\\\/chemgramx.com\\\/#organization\"},\"potentialAction\":[{\"@type\":\"SearchAction\",\"target\":{\"@type\":\"EntryPoint\",\"urlTemplate\":\"https:\\\/\\\/chemgramx.com\\\/?s={search_term_string}\"},\"query-input\":{\"@type\":\"PropertyValueSpecification\",\"valueRequired\":true,\"valueName\":\"search_term_string\"}}],\"inLanguage\":\"es\"},{\"@type\":\"Organization\",\"@id\":\"https:\\\/\\\/chemgramx.com\\\/#organization\",\"name\":\"Chemgramx\",\"url\":\"https:\\\/\\\/chemgramx.com\\\/\",\"logo\":{\"@type\":\"ImageObject\",\"inLanguage\":\"es\",\"@id\":\"https:\\\/\\\/chemgramx.com\\\/#\\\/schema\\\/logo\\\/image\\\/\",\"url\":\"https:\\\/\\\/chemgramx.com\\\/wp-content\\\/uploads\\\/2024\\\/10\\\/final-logo.png\",\"contentUrl\":\"https:\\\/\\\/chemgramx.com\\\/wp-content\\\/uploads\\\/2024\\\/10\\\/final-logo.png\",\"width\":250,\"height\":48,\"caption\":\"Chemgramx\"},\"image\":{\"@id\":\"https:\\\/\\\/chemgramx.com\\\/#\\\/schema\\\/logo\\\/image\\\/\"}}]}<\/script>\n<!-- \/ Yoast SEO plugin. -->","yoast_head_json":{"title":"Comprar bloques de coca\u00edna de Columbia - Chemgramx","description":"Comprar bloques de coca\u00edna Columbia en l\u00ednea. La coca\u00edna pura se extra\u00eda originalmente de las hojas del arbusto de coca Erythroxylon, que crec\u00eda principalmente en Europa.","robots":{"index":"index","follow":"follow","max-snippet":"max-snippet:-1","max-image-preview":"max-image-preview:large","max-video-preview":"max-video-preview:-1"},"canonical":"https:\/\/chemgramx.com\/es\/producto-1\/bloques-de-cocaina-columbia\/","og_locale":"es_ES","og_type":"article","og_title":"Kaufen Sie Columbia-Kokainbl\u00f6cke - Chemgramx","og_description":"Kaufen Sie Columbia Kokainbl\u00f6cke online. Reines Kokain wurde urspr\u00fcnglich aus den Bl\u00e4ttern des Erythroxylon-Koka-Strauchs gewonnen, der haupts\u00e4chlich in Europa wuchs.","og_url":"https:\/\/chemgramx.com\/es\/producto-1\/bloques-de-cocaina-columbia\/","og_site_name":"Chemgramx","article_modified_time":"2025-12-10T07:08:39+00:00","og_image":[{"width":500,"height":500,"url":"https:\/\/chemgramx.com\/wp-content\/uploads\/2025\/11\/columbia-cocaine-block.jpg","type":"image\/jpeg"}],"twitter_card":"summary_large_image","twitter_misc":{"Tiempo de lectura":"2 minutos"},"schema":{"@context":"https:\/\/schema.org","@graph":[{"@type":"WebPage","@id":"https:\/\/chemgramx.com\/product\/columbia-kokainbloecke\/","url":"https:\/\/chemgramx.com\/product\/columbia-kokainbloecke\/","name":"Comprar bloques de coca\u00edna de Columbia - Chemgramx","isPartOf":{"@id":"https:\/\/chemgramx.com\/#website"},"primaryImageOfPage":{"@id":"https:\/\/chemgramx.com\/product\/columbia-kokainbloecke\/#primaryimage"},"image":{"@id":"https:\/\/chemgramx.com\/product\/columbia-kokainbloecke\/#primaryimage"},"thumbnailUrl":"https:\/\/chemgramx.com\/wp-content\/uploads\/2025\/11\/columbia-cocaine-block.jpg","datePublished":"2025-11-21T11:11:09+00:00","dateModified":"2025-12-10T07:08:39+00:00","description":"Comprar bloques de coca\u00edna Columbia en l\u00ednea. La coca\u00edna pura se extra\u00eda originalmente de las hojas del arbusto de coca Erythroxylon, que crec\u00eda principalmente en Europa.","breadcrumb":{"@id":"https:\/\/chemgramx.com\/product\/columbia-kokainbloecke\/#breadcrumb"},"inLanguage":"es","potentialAction":[{"@type":"ReadAction","target":["https:\/\/chemgramx.com\/product\/columbia-kokainbloecke\/"]}]},{"@type":"ImageObject","inLanguage":"es","@id":"https:\/\/chemgramx.com\/product\/columbia-kokainbloecke\/#primaryimage","url":"https:\/\/chemgramx.com\/wp-content\/uploads\/2025\/11\/columbia-cocaine-block.jpg","contentUrl":"https:\/\/chemgramx.com\/wp-content\/uploads\/2025\/11\/columbia-cocaine-block.jpg","width":500,"height":500},{"@type":"BreadcrumbList","@id":"https:\/\/chemgramx.com\/product\/columbia-kokainbloecke\/#breadcrumb","itemListElement":[{"@type":"ListItem","position":1,"name":"Home","item":"https:\/\/chemgramx.com\/"},{"@type":"ListItem","position":2,"name":"Shop","item":"https:\/\/chemgramx.com\/shop\/"},{"@type":"ListItem","position":3,"name":"Columbia-Kokainbl\u00f6cke Kaufen &#8211; H\u00f6chste Reinheit (Top Qualit\u00e4t)"}]},{"@type":"WebSite","@id":"https:\/\/chemgramx.com\/#website","url":"https:\/\/chemgramx.com\/","name":"Chemgramx","description":"","publisher":{"@id":"https:\/\/chemgramx.com\/#organization"},"potentialAction":[{"@type":"SearchAction","target":{"@type":"EntryPoint","urlTemplate":"https:\/\/chemgramx.com\/?s={search_term_string}"},"query-input":{"@type":"PropertyValueSpecification","valueRequired":true,"valueName":"search_term_string"}}],"inLanguage":"es"},{"@type":"Organization","@id":"https:\/\/chemgramx.com\/#organization","name":"Chemgramx","url":"https:\/\/chemgramx.com\/","logo":{"@type":"ImageObject","inLanguage":"es","@id":"https:\/\/chemgramx.com\/#\/schema\/logo\/image\/","url":"https:\/\/chemgramx.com\/wp-content\/uploads\/2024\/10\/final-logo.png","contentUrl":"https:\/\/chemgramx.com\/wp-content\/uploads\/2024\/10\/final-logo.png","width":250,"height":48,"caption":"Chemgramx"},"image":{"@id":"https:\/\/chemgramx.com\/#\/schema\/logo\/image\/"}}]}},"_links":{"self":[{"href":"https:\/\/chemgramx.com\/es\/wp-json\/wp\/v2\/product\/6982","targetHints":{"allow":["GET"]}}],"collection":[{"href":"https:\/\/chemgramx.com\/es\/wp-json\/wp\/v2\/product"}],"about":[{"href":"https:\/\/chemgramx.com\/es\/wp-json\/wp\/v2\/types\/product"}],"replies":[{"embeddable":true,"href":"https:\/\/chemgramx.com\/es\/wp-json\/wp\/v2\/comments?post=6982"}],"wp:featuredmedia":[{"embeddable":true,"href":"https:\/\/chemgramx.com\/es\/wp-json\/wp\/v2\/media\/6997"}],"wp:attachment":[{"href":"https:\/\/chemgramx.com\/es\/wp-json\/wp\/v2\/media?parent=6982"}],"wp:term":[{"taxonomy":"product_brand","embeddable":true,"href":"https:\/\/chemgramx.com\/es\/wp-json\/wp\/v2\/product_brand?post=6982"},{"taxonomy":"product_cat","embeddable":true,"href":"https:\/\/chemgramx.com\/es\/wp-json\/wp\/v2\/product_cat?post=6982"},{"taxonomy":"product_tag","embeddable":true,"href":"https:\/\/chemgramx.com\/es\/wp-json\/wp\/v2\/product_tag?post=6982"}],"curies":[{"name":"wp","href":"https:\/\/api.w.org\/{rel}","templated":true}]}}