{"id":6984,"date":"2025-11-21T11:11:09","date_gmt":"2025-11-21T11:11:09","guid":{"rendered":"https:\/\/chemgramx.com\/?post_type=product&#038;p=6984"},"modified":"2025-12-10T07:10:15","modified_gmt":"2025-12-10T07:10:15","slug":"cocaina-pura-sin-cortar","status":"publish","type":"product","link":"https:\/\/chemgramx.com\/es\/product\/reines-unverschnittenes-kokain\/","title":{"rendered":"Comprar coca\u00edna: adquirir el producto m\u00e1s puro en l\u00ednea"},"content":{"rendered":"<p>Chemgramx se enorgullece de presentar un producto que marca la pauta en su categor\u00eda. Qui\u00e9n <b>coca\u00edna pura y sin cortar a la venta<\/b> encontrar\u00e1 una fuente de calidad y autenticidad excepcionales. De hecho, nuestra gama est\u00e1 especialmente dise\u00f1ada para quienes exigen los m\u00e1s altos niveles de pureza y precisi\u00f3n anal\u00edtica. Nos comprometemos a utilizar \u00fanicamente productos de <b>coca\u00edna de primera calidad<\/b> aptos para an\u00e1lisis cient\u00edficos y fines de investigaci\u00f3n serios. Descubra un producto fabricado con el m\u00e1ximo cuidado y en las condiciones de laboratorio m\u00e1s estrictas. En consecuencia, es la elecci\u00f3n ideal para usuarios exigentes.<\/p>\n<h2>Comprender la pureza de la coca\u00edna<\/h2>\n<p>La integridad de un producto qu\u00edmico, especialmente la coca\u00edna, depende en gran medida de su pureza. <b>Por ello, nuestra m\u00e1xima prioridad es ofrecer \u00fanicamente sustancias de gran pureza.<\/b> Definici\u00f3n de Chemgramx <b>Coca\u00edna de primera calidad<\/b> mediante un riguroso proceso de adquisici\u00f3n de materiales y exhaustivos controles de calidad. Adem\u00e1s, garantizamos que cada lote de <b>B\u00fasqueda de coca\u00edna de calidad en venta<\/b> se somete a rigurosos an\u00e1lisis de laboratorio. Esto garantiza la coherencia esencial para un trabajo cient\u00edfico preciso. Tambi\u00e9n evitamos cualquier tipo de diluyente para preservar la estructura qu\u00edmica aut\u00e9ntica.<\/p>\n<h3>S\u00edntesis y control de calidad<\/h3>\n<p>Nuestro compromiso <b>Coca\u00edna aut\u00e9ntica<\/b> comienza con la cuidadosa selecci\u00f3n de nuestras fuentes de suministro. Sin embargo, nos abastecemos directamente de productores establecidos, lo que elimina desde el principio a los intermediarios y la posible contaminaci\u00f3n. Esto nos permite garantizar una trazabilidad completa y una cadena de suministro transparente. Como resultado, cada producto se analiza detalladamente para confirmar su identidad y pureza. Adem\u00e1s, utilizamos t\u00e9cnicas anal\u00edticas de \u00faltima generaci\u00f3n para garantizar que s\u00f3lo reciba el <b>la mejor coca\u00edna disponible<\/b> conservados. Estos procesos garantizan una calidad inigualable.<\/p>\n<h3>M\u00e9todos anal\u00edticos para determinar la pureza<\/h3>\n<p>Para hacer realidad lo prometido <b>Venta de coca\u00edna de calidad de laboratorio<\/b> nos basamos en una serie de sofisticados m\u00e9todos anal\u00edticos. En particular, utilizamos la cromatograf\u00eda de gases-espectrometr\u00eda de masas (GC-MS) y la cromatograf\u00eda l\u00edquida de alto rendimiento (HPLC). Estas t\u00e9cnicas nos permiten no s\u00f3lo determinar con precisi\u00f3n la pureza de la coca\u00edna, sino tambi\u00e9n identificar incluso las trazas m\u00e1s peque\u00f1as de subproductos no deseados o impurezas. Como resultado, garantizamos que nuestro producto cumple las normas internacionales m\u00e1s estrictas. El objetivo es proporcionarle una sustancia cuya integridad qu\u00edmica sea indiscutible.<\/p>\n<h2>La ciencia detr\u00e1s de la coca\u00edna: mecanismo de acci\u00f3n y potencial de investigaci\u00f3n<\/h2>\n<p>La coca\u00edna, como benzoilmetil-ecgonina, es un alcaloide fascinante objeto de intensas investigaciones neurocient\u00edficas. De hecho, act\u00faa principalmente como inhibidor de la recaptaci\u00f3n de serotonina-norepinefrina-dopamina (SNDRI), lo que explica sus complejos efectos sobre el sistema nervioso central. El bloqueo preciso de estos transportadores de neurotransmisores provoca un aumento de las concentraciones en la hendidura sin\u00e1ptica. Adem\u00e1s, la comprensi\u00f3n de estos mecanismos es crucial para el desarrollo de terapias. Por ello, los investigadores utilizan nuestro producto para estudios centrados en las v\u00edas de se\u00f1alizaci\u00f3n neuronal y las respuestas farmacol\u00f3gicas.<\/p>\n<h3>Perspectivas neurocient\u00edficas<\/h3>\n<p>En la investigaci\u00f3n neurocient\u00edfica, la coca\u00edna constituye una valiosa herramienta para investigar la din\u00e1mica de los sistemas de recompensa y los mecanismos de desarrollo de la adicci\u00f3n. A este respecto, el uso de una sustancia tan pura permite obtener resultados precisos y reproducibles. Por ejemplo, los cient\u00edficos pueden estudiar los efectos a largo plazo sobre la neuroplasticidad y la expresi\u00f3n g\u00e9nica. Tambi\u00e9n ofrece informaci\u00f3n sobre las interacciones con otras sustancias psicoactivas. Para quienes est\u00e9n interesados en otras oportunidades de investigaci\u00f3n en el campo de las sustancias que alteran la mente, tambi\u00e9n recomendamos nuestros productos especializados, como el <a href='https:\/\/chemgramx.com\/product\/buddha-boys-thc-gummies-2000mg\/'>Buddha Boys Gominolas THC<\/a>.<\/p>\n<h3>Uso en investigaci\u00f3n<\/h3>\n<p>El uso de la coca\u00edna en la investigaci\u00f3n abarca varias disciplinas, desde la farmacolog\u00eda hasta la investigaci\u00f3n del comportamiento. Ofrece oportunidades \u00fanicas para investigar procesos biol\u00f3gicos complejos. Tambi\u00e9n se utiliza para desarrollar nuevos f\u00e1rmacos y terapias destinados a modular los sistemas neurotransmisores. En concreto, su capacidad para influir en receptores espec\u00edficos lo convierte en un reactivo indispensable. Otra sustancia de gran inter\u00e9s en la investigaci\u00f3n es <a href='https:\/\/chemgramx.com\/product\/3-mmc-3-methylmethcathinon-online-kaufen\/'>3-MMC (3-metilmetcatinona)<\/a>, tambi\u00e9n disponibles para fines anal\u00edticos. Estos materiales son esenciales para la investigaci\u00f3n de vanguardia.<\/p>\n<h2>Tramitaci\u00f3n responsable y aspectos jur\u00eddicos<\/h2>\n<p>La adquisici\u00f3n y el uso de coca\u00edna, incluso con fines cient\u00edficos, exige un alto grado de responsabilidad y el estricto cumplimiento de toda la normativa legal. Es de suma importancia conocer siempre la normativa vigente en su pa\u00eds respectivo. Nuestros productos son <b>exclusivamente con fines de investigaci\u00f3n, an\u00e1lisis y recopilaci\u00f3n<\/b> y no est\u00e1n destinados al consumo humano. En consecuencia, no asumimos ninguna responsabilidad por el uso indebido o el incumplimiento de las leyes locales. A <b>Comprar ahora online<\/b> proporcionamos una plataforma segura y transparente.<\/p>\n<h3>Cumplimiento de las directrices<\/h3>\n<p>El cumplimiento de las directrices globales y locales no es negociable para Chemgramx. Concedemos gran importancia a garantizar que nuestros clientes est\u00e9n plenamente informados sobre los usos previstos y las condiciones marco legales asociadas. Adem\u00e1s, le apoyamos en la adquisici\u00f3n responsable de <b>B\u00fasqueda de coca\u00edna de calidad en venta<\/b>, proporcionando especificaciones detalladas y certificados de an\u00e1lisis. No obstante, la responsabilidad final del uso legal recae siempre en el comprador. Por ello, le rogamos que compruebe detenidamente la legislaci\u00f3n aplicable antes de realizar un pedido. Esto garantiza una transacci\u00f3n conforme a la ley.<\/p>\n<h3>Compra segura y discreta<\/h3>\n<p>La discreci\u00f3n y la seguridad de su pedido son nuestra m\u00e1xima prioridad. Por eso, todos los productos se procesan en envases neutros que no permiten sacar conclusiones sobre su contenido. De este modo, su privacidad est\u00e1 protegida en todo momento. Adem\u00e1s, ofrecemos diversas opciones de pago an\u00f3nimo, incluidas criptomonedas como Bitcoin y USDT, para garantizar una experiencia de compra segura y protegida. <b>Compra segura<\/b> para garantizar el mejor servicio posible. Si desea <b>Comprar coca\u00edna online<\/b> se beneficiar\u00e1 de nuestro proceso optimizado, que combina la sencillez con las normas de seguridad m\u00e1s estrictas. Puede estar seguro de que su solicitud se tramitar\u00e1 de forma confidencial y profesional, especialmente cuando tome una decisi\u00f3n, <b>Comprar en Chemgramx<\/b>.<\/p>\n<h2>Preguntas frecuentes sobre la coca\u00edna<\/h2>\n<ul>\n<li><b>Pregunta:<\/b> \u00bfC\u00f3mo de discreto es el proceso cuando <b>Comprar coca\u00edna online<\/b> \u00bfLe gustar\u00eda?<br \/>\n    <b>Contesta:<\/b> Nuestros procesos est\u00e1n dise\u00f1ados para maximizar la discreci\u00f3n. Cada pedido se procesa de forma neutral y sin hacer referencia al contenido o al remitente. Por tanto, su confidencialidad est\u00e1 siempre garantizada y nos aseguramos de que todos los pasos se lleven a cabo con el m\u00e1ximo cuidado. Como resultado, puede confiar en una recepci\u00f3n discreta.<\/li>\n<li><b>Pregunta:<\/b> \u00bfEs eso <b>Comprar coca\u00edna<\/b> legal para mis fines?<br \/>\n    <b>Contesta:<\/b> Nuestras ofertas se dirigen exclusivamente a personas que necesiten productos con fines de an\u00e1lisis, investigaci\u00f3n y coleccionismo. Es responsabilidad del comprador comprobar y cumplir las leyes locales y nacionales antes de realizar un pedido. Por ello, le instamos a que se informe exhaustivamente con antelaci\u00f3n.<\/li>\n<li><b>Pregunta:<\/b> Qu\u00e9 opciones de pago est\u00e1n disponibles para <b>coca\u00edna pura en venta<\/b> adquirir?<br \/>\n    <b>Contesta:<\/b> Para su comodidad y seguridad, ofrecemos varias opciones de pago an\u00f3nimo. Entre ellas se incluyen criptomonedas populares como Bitcoin (BTC) y USDT, as\u00ed como la opci\u00f3n de una transferencia bancaria para clientes seleccionados. Estas opciones permiten un <b>Compra segura<\/b> y la m\u00e1xima privacidad para sus transacciones.<\/li>\n<\/ul>","protected":false},"excerpt":{"rendered":"<p><span dir=\"auto\">Tenemos coca\u00edna boliviana y colombiana pura y sin cortar en stock. Le invitamos a hacer pedidos a granel directamente con nosotros.<\/span><\/p>\n<p><span dir=\"auto\">Pida una muestra aqu\u00ed o p\u00f3ngase en contacto con nosotros para hablar de pedidos m\u00e1s grandes.<\/span><\/p>","protected":false},"featured_media":7024,"comment_status":"closed","ping_status":"closed","template":"","meta":{"_joinchat":[]},"product_brand":[],"product_cat":[57],"product_tag":[3180,3027,3177],"class_list":{"0":"post-6984","1":"product","2":"type-product","3":"status-publish","4":"has-post-thumbnail","6":"product_cat-cocaine","7":"product_tag-kokain-online-kaufen","8":"product_tag-kokain-zu-verkaufen","9":"product_tag-reines-kokain","11":"first","12":"instock","13":"shipping-taxable","14":"purchasable","15":"product-type-variable"},"yoast_head":"<!-- This site is optimized with the Yoast SEO plugin v27.5 - https:\/\/yoast.com\/product\/yoast-seo-wordpress\/ -->\n<title>Reines, unverschnittenes Kokain - Chemgramx<\/title>\n<meta name=\"description\" content=\"Wir haben reines, unverschnittenes bolivianisches und kolumbianisches Kokain auf Lager. Gro\u00dfbestellungen k\u00f6nnen Sie gerne direkt bei uns bestellen.\" \/>\n<meta name=\"robots\" content=\"index, follow, max-snippet:-1, max-image-preview:large, max-video-preview:-1\" \/>\n<link rel=\"canonical\" href=\"https:\/\/chemgramx.com\/es\/producto-1\/cocaina-pura-sin-cortar\/\" \/>\n<meta property=\"og:locale\" content=\"es_ES\" \/>\n<meta property=\"og:type\" content=\"article\" \/>\n<meta property=\"og:title\" content=\"Reines, unverschnittenes Kokain - Chemgramx\" \/>\n<meta property=\"og:description\" content=\"Wir haben reines, unverschnittenes bolivianisches und kolumbianisches Kokain auf Lager. Gro\u00dfbestellungen k\u00f6nnen Sie gerne direkt bei uns bestellen.\" \/>\n<meta property=\"og:url\" content=\"https:\/\/chemgramx.com\/es\/producto-1\/cocaina-pura-sin-cortar\/\" \/>\n<meta property=\"og:site_name\" content=\"Chemgramx\" \/>\n<meta property=\"article:modified_time\" content=\"2025-12-10T07:10:15+00:00\" \/>\n<meta property=\"og:image\" content=\"https:\/\/chemgramx.com\/wp-content\/uploads\/2025\/11\/powdered-cocaine-300x300-1.jpg\" \/>\n\t<meta property=\"og:image:width\" content=\"300\" \/>\n\t<meta property=\"og:image:height\" content=\"300\" \/>\n\t<meta property=\"og:image:type\" content=\"image\/jpeg\" \/>\n<meta name=\"twitter:card\" content=\"summary_large_image\" \/>\n<meta name=\"twitter:label1\" content=\"Tiempo de lectura\" \/>\n\t<meta name=\"twitter:data1\" content=\"2 minutos\" \/>\n<script type=\"application\/ld+json\" class=\"yoast-schema-graph\">{\"@context\":\"https:\\\/\\\/schema.org\",\"@graph\":[{\"@type\":\"WebPage\",\"@id\":\"https:\\\/\\\/chemgramx.com\\\/product\\\/reines-unverschnittenes-kokain\\\/\",\"url\":\"https:\\\/\\\/chemgramx.com\\\/product\\\/reines-unverschnittenes-kokain\\\/\",\"name\":\"Reines, unverschnittenes Kokain - Chemgramx\",\"isPartOf\":{\"@id\":\"https:\\\/\\\/chemgramx.com\\\/#website\"},\"primaryImageOfPage\":{\"@id\":\"https:\\\/\\\/chemgramx.com\\\/product\\\/reines-unverschnittenes-kokain\\\/#primaryimage\"},\"image\":{\"@id\":\"https:\\\/\\\/chemgramx.com\\\/product\\\/reines-unverschnittenes-kokain\\\/#primaryimage\"},\"thumbnailUrl\":\"https:\\\/\\\/chemgramx.com\\\/wp-content\\\/uploads\\\/2025\\\/11\\\/powdered-cocaine-300x300-1.jpg\",\"datePublished\":\"2025-11-21T11:11:09+00:00\",\"dateModified\":\"2025-12-10T07:10:15+00:00\",\"description\":\"Wir haben reines, unverschnittenes bolivianisches und kolumbianisches Kokain auf Lager. Gro\u00dfbestellungen k\u00f6nnen Sie gerne direkt bei uns bestellen.\",\"breadcrumb\":{\"@id\":\"https:\\\/\\\/chemgramx.com\\\/product\\\/reines-unverschnittenes-kokain\\\/#breadcrumb\"},\"inLanguage\":\"es\",\"potentialAction\":[{\"@type\":\"ReadAction\",\"target\":[\"https:\\\/\\\/chemgramx.com\\\/product\\\/reines-unverschnittenes-kokain\\\/\"]}]},{\"@type\":\"ImageObject\",\"inLanguage\":\"es\",\"@id\":\"https:\\\/\\\/chemgramx.com\\\/product\\\/reines-unverschnittenes-kokain\\\/#primaryimage\",\"url\":\"https:\\\/\\\/chemgramx.com\\\/wp-content\\\/uploads\\\/2025\\\/11\\\/powdered-cocaine-300x300-1.jpg\",\"contentUrl\":\"https:\\\/\\\/chemgramx.com\\\/wp-content\\\/uploads\\\/2025\\\/11\\\/powdered-cocaine-300x300-1.jpg\",\"width\":300,\"height\":300},{\"@type\":\"BreadcrumbList\",\"@id\":\"https:\\\/\\\/chemgramx.com\\\/product\\\/reines-unverschnittenes-kokain\\\/#breadcrumb\",\"itemListElement\":[{\"@type\":\"ListItem\",\"position\":1,\"name\":\"Home\",\"item\":\"https:\\\/\\\/chemgramx.com\\\/\"},{\"@type\":\"ListItem\",\"position\":2,\"name\":\"Shop\",\"item\":\"https:\\\/\\\/chemgramx.com\\\/shop\\\/\"},{\"@type\":\"ListItem\",\"position\":3,\"name\":\"Kokain Kaufen &#8211; Reinstes Produkt Online Erwerben\"}]},{\"@type\":\"WebSite\",\"@id\":\"https:\\\/\\\/chemgramx.com\\\/#website\",\"url\":\"https:\\\/\\\/chemgramx.com\\\/\",\"name\":\"Chemgramx\",\"description\":\"\",\"publisher\":{\"@id\":\"https:\\\/\\\/chemgramx.com\\\/#organization\"},\"potentialAction\":[{\"@type\":\"SearchAction\",\"target\":{\"@type\":\"EntryPoint\",\"urlTemplate\":\"https:\\\/\\\/chemgramx.com\\\/?s={search_term_string}\"},\"query-input\":{\"@type\":\"PropertyValueSpecification\",\"valueRequired\":true,\"valueName\":\"search_term_string\"}}],\"inLanguage\":\"es\"},{\"@type\":\"Organization\",\"@id\":\"https:\\\/\\\/chemgramx.com\\\/#organization\",\"name\":\"Chemgramx\",\"url\":\"https:\\\/\\\/chemgramx.com\\\/\",\"logo\":{\"@type\":\"ImageObject\",\"inLanguage\":\"es\",\"@id\":\"https:\\\/\\\/chemgramx.com\\\/#\\\/schema\\\/logo\\\/image\\\/\",\"url\":\"https:\\\/\\\/chemgramx.com\\\/wp-content\\\/uploads\\\/2024\\\/10\\\/final-logo.png\",\"contentUrl\":\"https:\\\/\\\/chemgramx.com\\\/wp-content\\\/uploads\\\/2024\\\/10\\\/final-logo.png\",\"width\":250,\"height\":48,\"caption\":\"Chemgramx\"},\"image\":{\"@id\":\"https:\\\/\\\/chemgramx.com\\\/#\\\/schema\\\/logo\\\/image\\\/\"}}]}<\/script>\n<!-- \/ Yoast SEO plugin. -->","yoast_head_json":{"title":"Coca\u00edna pura sin cortar - Chemgramx","description":"Tenemos coca\u00edna boliviana y colombiana pura y sin cortar en stock. Le invitamos a hacer pedidos a granel directamente con nosotros.","robots":{"index":"index","follow":"follow","max-snippet":"max-snippet:-1","max-image-preview":"max-image-preview:large","max-video-preview":"max-video-preview:-1"},"canonical":"https:\/\/chemgramx.com\/es\/producto-1\/cocaina-pura-sin-cortar\/","og_locale":"es_ES","og_type":"article","og_title":"Reines, unverschnittenes Kokain - Chemgramx","og_description":"Wir haben reines, unverschnittenes bolivianisches und kolumbianisches Kokain auf Lager. Gro\u00dfbestellungen k\u00f6nnen Sie gerne direkt bei uns bestellen.","og_url":"https:\/\/chemgramx.com\/es\/producto-1\/cocaina-pura-sin-cortar\/","og_site_name":"Chemgramx","article_modified_time":"2025-12-10T07:10:15+00:00","og_image":[{"width":300,"height":300,"url":"https:\/\/chemgramx.com\/wp-content\/uploads\/2025\/11\/powdered-cocaine-300x300-1.jpg","type":"image\/jpeg"}],"twitter_card":"summary_large_image","twitter_misc":{"Tiempo de lectura":"2 minutos"},"schema":{"@context":"https:\/\/schema.org","@graph":[{"@type":"WebPage","@id":"https:\/\/chemgramx.com\/product\/reines-unverschnittenes-kokain\/","url":"https:\/\/chemgramx.com\/product\/reines-unverschnittenes-kokain\/","name":"Coca\u00edna pura sin cortar - Chemgramx","isPartOf":{"@id":"https:\/\/chemgramx.com\/#website"},"primaryImageOfPage":{"@id":"https:\/\/chemgramx.com\/product\/reines-unverschnittenes-kokain\/#primaryimage"},"image":{"@id":"https:\/\/chemgramx.com\/product\/reines-unverschnittenes-kokain\/#primaryimage"},"thumbnailUrl":"https:\/\/chemgramx.com\/wp-content\/uploads\/2025\/11\/powdered-cocaine-300x300-1.jpg","datePublished":"2025-11-21T11:11:09+00:00","dateModified":"2025-12-10T07:10:15+00:00","description":"Tenemos coca\u00edna boliviana y colombiana pura y sin cortar en stock. Le invitamos a hacer pedidos a granel directamente con nosotros.","breadcrumb":{"@id":"https:\/\/chemgramx.com\/product\/reines-unverschnittenes-kokain\/#breadcrumb"},"inLanguage":"es","potentialAction":[{"@type":"ReadAction","target":["https:\/\/chemgramx.com\/product\/reines-unverschnittenes-kokain\/"]}]},{"@type":"ImageObject","inLanguage":"es","@id":"https:\/\/chemgramx.com\/product\/reines-unverschnittenes-kokain\/#primaryimage","url":"https:\/\/chemgramx.com\/wp-content\/uploads\/2025\/11\/powdered-cocaine-300x300-1.jpg","contentUrl":"https:\/\/chemgramx.com\/wp-content\/uploads\/2025\/11\/powdered-cocaine-300x300-1.jpg","width":300,"height":300},{"@type":"BreadcrumbList","@id":"https:\/\/chemgramx.com\/product\/reines-unverschnittenes-kokain\/#breadcrumb","itemListElement":[{"@type":"ListItem","position":1,"name":"Home","item":"https:\/\/chemgramx.com\/"},{"@type":"ListItem","position":2,"name":"Shop","item":"https:\/\/chemgramx.com\/shop\/"},{"@type":"ListItem","position":3,"name":"Kokain Kaufen &#8211; Reinstes Produkt Online Erwerben"}]},{"@type":"WebSite","@id":"https:\/\/chemgramx.com\/#website","url":"https:\/\/chemgramx.com\/","name":"Chemgramx","description":"","publisher":{"@id":"https:\/\/chemgramx.com\/#organization"},"potentialAction":[{"@type":"SearchAction","target":{"@type":"EntryPoint","urlTemplate":"https:\/\/chemgramx.com\/?s={search_term_string}"},"query-input":{"@type":"PropertyValueSpecification","valueRequired":true,"valueName":"search_term_string"}}],"inLanguage":"es"},{"@type":"Organization","@id":"https:\/\/chemgramx.com\/#organization","name":"Chemgramx","url":"https:\/\/chemgramx.com\/","logo":{"@type":"ImageObject","inLanguage":"es","@id":"https:\/\/chemgramx.com\/#\/schema\/logo\/image\/","url":"https:\/\/chemgramx.com\/wp-content\/uploads\/2024\/10\/final-logo.png","contentUrl":"https:\/\/chemgramx.com\/wp-content\/uploads\/2024\/10\/final-logo.png","width":250,"height":48,"caption":"Chemgramx"},"image":{"@id":"https:\/\/chemgramx.com\/#\/schema\/logo\/image\/"}}]}},"_links":{"self":[{"href":"https:\/\/chemgramx.com\/es\/wp-json\/wp\/v2\/product\/6984","targetHints":{"allow":["GET"]}}],"collection":[{"href":"https:\/\/chemgramx.com\/es\/wp-json\/wp\/v2\/product"}],"about":[{"href":"https:\/\/chemgramx.com\/es\/wp-json\/wp\/v2\/types\/product"}],"replies":[{"embeddable":true,"href":"https:\/\/chemgramx.com\/es\/wp-json\/wp\/v2\/comments?post=6984"}],"wp:featuredmedia":[{"embeddable":true,"href":"https:\/\/chemgramx.com\/es\/wp-json\/wp\/v2\/media\/7024"}],"wp:attachment":[{"href":"https:\/\/chemgramx.com\/es\/wp-json\/wp\/v2\/media?parent=6984"}],"wp:term":[{"taxonomy":"product_brand","embeddable":true,"href":"https:\/\/chemgramx.com\/es\/wp-json\/wp\/v2\/product_brand?post=6984"},{"taxonomy":"product_cat","embeddable":true,"href":"https:\/\/chemgramx.com\/es\/wp-json\/wp\/v2\/product_cat?post=6984"},{"taxonomy":"product_tag","embeddable":true,"href":"https:\/\/chemgramx.com\/es\/wp-json\/wp\/v2\/product_tag?post=6984"}],"curies":[{"name":"wp","href":"https:\/\/api.w.org\/{rel}","templated":true}]}}