{"id":6985,"date":"2025-11-21T11:11:09","date_gmt":"2025-11-21T11:11:09","guid":{"rendered":"https:\/\/chemgramx.com\/?post_type=product&#038;p=6985"},"modified":"2025-12-10T07:11:14","modified_gmt":"2025-12-10T07:11:14","slug":"4-mmc-4-metilmetcatinona-comprar-online","status":"publish","type":"product","link":"https:\/\/chemgramx.com\/es\/product\/4-mmc-4-methylmethcathinon-online-kaufen\/","title":{"rendered":"Comprar 4-MMC \u2013 Investigaci\u00f3n (en venta | alta calidad)"},"content":{"rendered":"<p><b>4-MMC<\/b>, qu\u00edmicamente conocido como <b>4-metilmetcatinona<\/b>, es un estimulante sint\u00e9tico que pertenece a la clase de las catinonas. Este compuesto est\u00e1 estrechamente relacionado con sustancias como la metcatinona y la mefedrona. Es muy apreciado en la investigaci\u00f3n cient\u00edfica por sus propiedades estimulantes y euf\u00f3ricas. Quienes est\u00e9n interesados en an\u00e1lisis qu\u00edmicos avanzados y experimentos encontrar\u00e1n en <b>4-MMC<\/b> una sustancia de gran relevancia.<\/p>\n<p>Adem\u00e1s, es imprescindible que los investigadores tengan acceso a productos de la m\u00e1xima calidad. Por eso, damos gran importancia a utilizar \u00fanicamente <b>Alta pureza En venta<\/b> ofrecer. Si usted <b>Comprar 4-MMC a la venta<\/b> , es fundamental prestar atenci\u00f3n a la calidad y el origen de la sustancia. Al fin y al cabo, la pureza y la autenticidad de un producto qu\u00edmico de investigaci\u00f3n son la base para obtener resultados fiables en los estudios. Nos aseguramos de que nuestro producto cumpla con los est\u00e1ndares m\u00e1s estrictos para <b>Calidad de la investigaci\u00f3n En venta<\/b> corresponde.<\/p>\n<h2>\u00bfQu\u00e9 es 4-MMC (4-metilmetcatinona)?<\/h2>\n<p><b>4-MMC<\/b>, o <b>4-metilmetcatinona<\/b>, es una mol\u00e9cula fascinante de la familia de las fenetilaminas y las catinonas. Es un derivado de la catinona, el alcaloide natural que se encuentra en la planta del khat. Adem\u00e1s, su estructura qu\u00edmica se caracteriza por un grupo metilo en el \u00e1tomo de nitr\u00f3geno y un grupo metilo en la cuarta posici\u00f3n del anillo fenilo. Estas modificaciones contribuyen de manera significativa a sus propiedades farmacol\u00f3gicas espec\u00edficas, que se est\u00e1n investigando exhaustivamente en estudios precl\u00ednicos.<\/p>\n<p>De hecho, <b>4-MMC<\/b> Se ha investigado intensamente debido a su potencial aplicaci\u00f3n en neuroqu\u00edmica y farmacolog\u00eda. Interact\u00faa con varios sistemas neurotransmisores del cerebro, lo que puede provocar un aumento de la liberaci\u00f3n de dopamina, noradrenalina y serotonina. En consecuencia, los efectos observados en entornos de investigaci\u00f3n suelen ser un aumento de la actividad, una mejora del estado de \u00e1nimo y una mayor sociabilidad. Estas propiedades lo convierten en una herramienta valiosa para los estudios sobre estimulantes y sus mecanismos. \u00bfQui\u00e9n? <b>Aut\u00e9ntico 4-MMC<\/b> quiere, lo encontrar\u00e1 en Chemgramx.<\/p>\n<h2>La importancia de la pureza y la autenticidad en la investigaci\u00f3n<\/h2>\n<p>La calidad de un producto qu\u00edmico para investigaci\u00f3n es de suma importancia para la validez y reproducibilidad de los resultados experimentales. Por lo tanto, la adquisici\u00f3n de <b>4-MMC de alta calidad<\/b>, que presenta una pureza excelente, es absolutamente decisivo. Las impurezas pueden provocar efectos secundarios indeseados o falsear los resultados deseados de la investigaci\u00f3n, lo que puede dar lugar a interpretaciones err\u00f3neas. Adem\u00e1s, es nuestra obligaci\u00f3n garantizar la transparencia.<\/p>\n<p>Adem\u00e1s, todos los productos que adquiere en nuestra tienda se someten a rigurosas pruebas de laboratorio. Estas pruebas garantizan que solo usted <b>Calidad de laboratorio En venta<\/b> . Adem\u00e1s, proporcionamos certificados de an\u00e1lisis (COA) que garantizan la pureza y la composici\u00f3n de <b>Aut\u00e9ntico 4-MMC<\/b> confirmar. Esta documentaci\u00f3n es indispensable para proyectos cient\u00edficos, ya que ofrece una garant\u00eda de calidad comprensible. Por lo tanto, siempre debe prestar atenci\u00f3n a estas pruebas de calidad cuando <b>Comprar 4-MMC online<\/b>.<\/p>\n<h2>Marco jur\u00eddico y responsabilidad<\/h2>\n<p>El estatus legal de <b>4-MMC<\/b> var\u00eda considerablemente en todo el mundo. En algunas jurisdicciones, la sustancia es legal y se puede adquirir libremente con fines de investigaci\u00f3n, mientras que en otras est\u00e1 estrictamente regulada o totalmente prohibida. Es imprescindible informarse sobre la legislaci\u00f3n espec\u00edfica de su pa\u00eds o regi\u00f3n antes de realizar la compra. Por otra parte, la responsabilidad del cumplimiento de estas leyes recae \u00edntegramente en el comprador.<\/p>\n<p>En particular, le advertimos que el incumplimiento de las leyes locales puede acarrear graves consecuencias legales. Por este motivo, es importante que investigue a fondo las normativas locales antes de <b>Comprar 4-MMC a la venta<\/b>, indispensable. Esto garantiza que se tengan en cuenta todos los aspectos legales y no se corran riesgos innecesarios. Para obtener m\u00e1s informaci\u00f3n sobre los productos qu\u00edmicos para investigaci\u00f3n y sus evaluaciones legales, visite, por ejemplo, nuestra oferta en <a href=\"https:\/\/chemgramx.com\/product\/2f-dck-2-fluordeschloroketamin-online-kaufen\/\">2F-DCK (2-fluorodescloroketamina)<\/a>, que tambi\u00e9n contiene informaci\u00f3n detallada.<\/p>\n<h2>Ventajas de la adquisici\u00f3n online de 4-MMC<\/h2>\n<p>La adquisici\u00f3n en l\u00ednea de <b>4-metilmetcatinona<\/b> ofrece una serie de ventajas indiscutibles a los investigadores y a las instituciones cient\u00edficas. Por un lado, permite un acceso c\u00f3modo y eficiente a productos qu\u00edmicos especializados que a menudo no est\u00e1n disponibles en el comercio local. Por otro lado, el pedido online garantiza una discreci\u00f3n que suele valorarse en el \u00e1mbito cient\u00edfico, especialmente en proyectos de investigaci\u00f3n delicados.<\/p>\n<p>Adem\u00e1s, tiene la posibilidad de comparar diferentes proveedores y as\u00ed encontrar el <b>El mejor 4-MMC disponible<\/b> . Esto no solo incluye el precio, sino tambi\u00e9n criterios como la pureza, los certificados de an\u00e1lisis y la reputaci\u00f3n del proveedor. De este modo, podr\u00e1 tomar una decisi\u00f3n meditada para asegurarse de que obtiene un producto que cumple con sus exigentes requisitos. Quienes est\u00e9n interesados en recursos de investigaci\u00f3n innovadores encontrar\u00e1n, por ejemplo, <a href=\"https:\/\/chemgramx.com\/product\/kiwi-passion-fruit-guava-2000mg-cbd-disposable-vape\/\">Una amplia gama de productos qu\u00edmicos para investigaci\u00f3n y productos relacionados, entre los que se incluyen soluciones innovadoras para la relajaci\u00f3n y el bienestar.<\/a>, en nuestra p\u00e1gina.<\/p>\n<h2>Criterios para seleccionar un proveedor fiable<\/h2>\n<p>Para garantizar una experiencia de investigaci\u00f3n segura y eficaz, es fundamental elegir un proveedor de confianza. Un distribuidor serio se caracteriza por varios factores clave. En primer lugar, ofrecen transparencia. <b>Comprobaci\u00f3n de las valoraciones de los clientes<\/b>, que ofrecen informaci\u00f3n sobre las experiencias de otros cient\u00edficos y compradores. En segundo lugar, proporcionan informaci\u00f3n exhaustiva <b>Pruebas de laboratorio y certificados de pureza<\/b> que acreditan la calidad de sus productos.<\/p>\n<p>Adem\u00e1s, los proveedores fiables dan importancia a <b>M\u00e9todos de pago seguros y procesamiento discreto<\/b>. Esto protege su privacidad y garantiza una transacci\u00f3n sin problemas. Evite los proveedores que no ofrezcan transparencia o cuyos precios sean sospechosamente bajos, ya que esto suele ser indicativo de productos de baja calidad. \u00bfQui\u00e9n <b>Comprar 4-MMC online<\/b> y valora los m\u00e1s altos est\u00e1ndares, debe examinar estos criterios detenidamente. En Chemgramx nos comprometemos a cumplir estos altos est\u00e1ndares, para que usted siempre <b>Compra segura<\/b> pueden realizar.<\/p>\n<h2>Calidad y pureza: la base de la investigaci\u00f3n<\/h2>\n<p>La pureza de <b>4-MMC<\/b> no solo es una caracter\u00edstica de calidad, sino un requisito b\u00e1sico para cualquier investigaci\u00f3n cient\u00edfica. Los productos de menor pureza pueden contener sustancias inesperadas que podr\u00edan falsear los resultados experimentales y poner en peligro la seguridad de los usuarios. Por lo tanto, es de suma importancia que solo utilice <b>4-MMC de alta calidad<\/b> para sus proyectos. Lo garantizamos mediante estrictos controles internos y an\u00e1lisis externos.<\/p>\n<p>En particular, ofrecemos certificados COA (Certificates of Analysis) detallados para cada lote. Estos documentos, a menudo respaldados por an\u00e1lisis GC\/MS, confirman la composici\u00f3n qu\u00edmica y la pureza del producto, as\u00ed como la ausencia de impurezas nocivas. Por lo tanto, puede estar seguro de que el producto adquirido en nuestra empresa <b>4-MMC<\/b> los requisitos m\u00e1s exigentes en materia de <b>Calidad de la investigaci\u00f3n En venta<\/b> . Esto le da la seguridad de estar trabajando con una sustancia fiable y consistente.<\/p>\n<h2>Precios transparentes para las necesidades de investigaci\u00f3n<\/h2>\n<p>La estructura de precios para <b>4-MMC<\/b> depende de varios factores, entre ellos el grado de pureza, la cantidad solicitada y el proveedor correspondiente. Qui\u00e9n <b>Comprar 4-MMC online<\/b> Por lo general, quienes desean comprar grandes cantidades se benefician de condiciones m\u00e1s favorables. Sin embargo, el precio nunca debe ser el \u00fanico criterio. La prioridad siempre debe ser la calidad y la fiabilidad del producto, ya que las sustancias de baja calidad pueden resultar m\u00e1s costosas a largo plazo.<\/p>\n<p>Por lo tanto, es aconsejable evaluar cuidadosamente la relaci\u00f3n calidad-precio. Un precio ligeramente superior por un producto con certificados de calidad completos suele ser una inversi\u00f3n que vale la pena para garantizar la fiabilidad de su investigaci\u00f3n. En Chemgramx nos esforzamos por ofrecer un modelo de precios justo para <b>Alta pureza En venta<\/b> que tenga en cuenta tanto sus necesidades como nuestros altos est\u00e1ndares de calidad. De este modo, nos aseguramos de que tenga acceso a <b>El mejor 4-MMC disponible<\/b> tener.<\/p>\n<h2>Manejo seguro en la pr\u00e1ctica de la investigaci\u00f3n<\/h2>\n<p>El uso responsable de <b>4-MMC<\/b> La investigaci\u00f3n requiere un conocimiento exhaustivo de la sustancia y los riesgos asociados a ella. Es imprescindible informarse detalladamente sobre las dosis recomendadas y las medidas para reducir los riesgos. Adem\u00e1s, siempre se debe comenzar con cantidades m\u00ednimas para observar las reacciones y propiedades de la sustancia en el entorno de investigaci\u00f3n correspondiente. Esto minimiza los posibles efectos inesperados.<\/p>\n<p>Adem\u00e1s, se recomienda encarecidamente evitar el consumo combinado con otras sustancias, ya que esto puede provocar interacciones impredecibles y potencialmente peligrosas. Es fundamental supervisar cuidadosamente todas las reacciones. De este modo, se pueden minimizar eficazmente los posibles efectos secundarios y garantizar la seguridad en el laboratorio. Apoyamos un uso seguro y con base cient\u00edfica de todos nuestros productos qu\u00edmicos para investigaci\u00f3n. Descubra recursos y gu\u00edas completos en nuestra p\u00e1gina principal para <a href=\"https:\/\/chemgramx.com\/forschungschemikalien\/\">Productos qu\u00edmicos de investigaci\u00f3n<\/a>.<\/p>\n<h2>Transacci\u00f3n segura y manejo del producto<\/h2>\n<p>Para la compra de <b>4-MMC<\/b> La discreci\u00f3n es fundamental. Los proveedores serios lo entienden y ofrecen m\u00e9todos de pago seguros que protegen sus datos financieros. Por ejemplo, a menudo se aceptan criptomonedas, que garantizan un alto grado de anonimato. Adem\u00e1s, nos centramos en un manejo cuidadoso y discreto del producto para proteger su privacidad. Le garantizamos que su producto ser\u00e1 tratado con el m\u00e1ximo cuidado, desde su almacenamiento hasta su entrega.<\/p>\n<p>Por lo tanto, el producto se envasa de forma discreta y se maneja internamente con el m\u00e1ximo cuidado para preservar su integridad y la discreci\u00f3n de su pedido. Esto garantiza una experiencia de compra fiable. Al fin y al cabo, nuestro objetivo es ofrecerle un proceso de compra fluido y seguro. <b>Comprar 4-MMC a la venta<\/b> sin comprometer la seguridad ni la discreci\u00f3n.<\/p>\n<h2>Excelente servicio al cliente: su socio en la investigaci\u00f3n<\/h2>\n<p>Un servicio de atenci\u00f3n al cliente excepcional es el sello distintivo de un proveedor fiable de productos qu\u00edmicos para investigaci\u00f3n. Un proveedor de este tipo, como el que encontrar\u00e1 en Chemgramx, ofrece una asistencia r\u00e1pida y competente para todas las consultas. Por otra parte, unas condiciones de devoluci\u00f3n y reembolso transparentes son tambi\u00e9n un signo de seriedad y orientaci\u00f3n al cliente. Esto le proporciona una seguridad adicional a la hora de tomar su decisi\u00f3n.<\/p>\n<p>Adem\u00e1s, le ofrecemos un servicio de asistencia fiable tras la compra para garantizar que quede completamente satisfecho con su producto y nuestro servicio. Siempre estamos dispuestos a responder a sus preguntas y ayudarle con cualquier problema que pueda surgir. Adem\u00e1s, nuestro objetivo es establecer una colaboraci\u00f3n a largo plazo con investigadores que <b>4-MMC de alta calidad<\/b> y valoran un servicio excelente. Compre con confianza en Chemgramx.<\/p>\n<h2>Conclusi\u00f3n: una decisi\u00f3n informada a favor del 4-MMC.<\/h2>\n<p>La adquisici\u00f3n en l\u00ednea de <b>4-MMC (4-metilmetcatinona)<\/b> ofrece comodidad, discreci\u00f3n y acceso a sustancias de alta pureza para fines cient\u00edficos. Si te preguntas d\u00f3nde <b>El mejor 4-MMC disponible<\/b> debe confiar exclusivamente en proveedores certificados y transparentes. Solo as\u00ed se puede garantizar que usted <b>Aut\u00e9ntico 4-MMC<\/b> que satisfaga las exigentes necesidades de la investigaci\u00f3n.<\/p>\n<p>En resumen, el mejor lugar para <b>Comprar 4-MMC online<\/b> siempre es all\u00ed donde se garantizan la calidad, la seguridad y una relaci\u00f3n calidad-precio justa. Por lo tanto, tome una decisi\u00f3n informada y elija un socio que respalde sus objetivos cient\u00edficos. Le invitamos a, <b>Comprar ahora online<\/b> y experimentar por s\u00ed mismo la calidad de nuestros productos.<\/p>","protected":false},"excerpt":{"rendered":"<p><strong>4-MMC<\/strong>tambi\u00e9n conocida como mefedrona, es un estimulante sint\u00e9tico que ha ganado popularidad en la escena de las fiestas y los clubes. A menudo se vende en forma de polvo blanco o comprimidos, e imita los efectos de otros estimulantes como la MDMA y las anfetaminas. Los consumidores afirman que aumenta la energ\u00eda, la euforia y la sociabilidad, lo que la convierte en una sustancia muy solicitada en entornos sociales.<\/p>","protected":false},"featured_media":7025,"comment_status":"open","ping_status":"closed","template":"","meta":{"_joinchat":[]},"product_brand":[],"product_cat":[49],"product_tag":[1628,1644,1641,1651,1637,1650,1634,1635,1630,1627,1646,1648,1631,1642,1645,1629,1636,1647,1652,1649,1632,1633,1643,1638,1640,1639],"class_list":{"0":"post-6985","1":"product","2":"type-product","3":"status-publish","4":"has-post-thumbnail","6":"product_cat-cathinones","7":"product_tag-4-methylmethcathinon-bestellen","8":"product_tag-4-mmc-bestellen","9":"product_tag-4-mmc-bulk-bestellung","10":"product_tag-4-mmc-chemikalie","11":"product_tag-4-mmc-experimente","12":"product_tag-4-mmc-forschung","13":"product_tag-4-mmc-forschung-chemikalie","14":"product_tag-4-mmc-fur-neurowissenschaftliche-studien","15":"product_tag-4-mmc-groshandel","16":"product_tag-4-mmc-kaufen","17":"product_tag-4-mmc-labor","18":"product_tag-4-mmc-legal","19":"product_tag-4-mmc-lieferant","20":"product_tag-4-mmc-marktanalyse","21":"product_tag-4-mmc-online","22":"product_tag-4-mmc-online-bestellen","23":"product_tag-4-mmc-pharmazeutische-forschung","24":"product_tag-4-mmc-sicher","25":"product_tag-4-mmc-versand","26":"product_tag-4mmc-gunstig","27":"product_tag-forschung-chemikalien-4-mmc","28":"product_tag-hochwertige-4-mmc-kaufen","29":"product_tag-innovative-4-mmc-forschung","30":"product_tag-laborqualitat-4-mmc","31":"product_tag-legaler-4-mmc-anbieter","32":"product_tag-sicherer-4-mmc-versand","34":"first","35":"instock","36":"shipping-taxable","37":"purchasable","38":"product-type-variable"},"yoast_head":"<!-- This site is optimized with the Yoast SEO plugin v27.5 - https:\/\/yoast.com\/product\/yoast-seo-wordpress\/ -->\n<title>4-MMC (4-Methylmethcathinon) online kaufen<\/title>\n<meta name=\"description\" content=\"Sie k\u00f6nnen mit unserem Chemgramx-Shop Kontakt aufnehmen und 4-MMC (4-Methylmethcathinon) online kaufen. Wir haben 4-MMC zu g\u00fcnstigen Preisen zu verkaufen. Holen Sie sich Ihr Exemplar sofort nach Hause!\" \/>\n<meta name=\"robots\" content=\"index, follow, max-snippet:-1, max-image-preview:large, max-video-preview:-1\" \/>\n<link rel=\"canonical\" href=\"https:\/\/chemgramx.com\/es\/producto-1\/4-mmc-4-metilmetcatinona-comprar-online\/\" \/>\n<meta property=\"og:locale\" content=\"es_ES\" \/>\n<meta property=\"og:type\" content=\"article\" \/>\n<meta property=\"og:title\" content=\"4-MMC (4-Methylmethcathinon) online kaufen\" \/>\n<meta property=\"og:description\" content=\"Sie k\u00f6nnen mit unserem Chemgramx-Shop Kontakt aufnehmen und 4-MMC (4-Methylmethcathinon) online kaufen. Wir haben 4-MMC zu g\u00fcnstigen Preisen zu verkaufen. Holen Sie sich Ihr Exemplar sofort nach Hause!\" \/>\n<meta property=\"og:url\" content=\"https:\/\/chemgramx.com\/es\/producto-1\/4-mmc-4-metilmetcatinona-comprar-online\/\" \/>\n<meta property=\"og:site_name\" content=\"Chemgramx\" \/>\n<meta property=\"article:modified_time\" content=\"2025-12-10T07:11:14+00:00\" \/>\n<meta property=\"og:image\" content=\"https:\/\/chemgramx.com\/wp-content\/uploads\/2025\/11\/4-MMC-kaufen.jpeg\" \/>\n\t<meta property=\"og:image:width\" content=\"960\" \/>\n\t<meta property=\"og:image:height\" content=\"540\" \/>\n\t<meta property=\"og:image:type\" content=\"image\/jpeg\" \/>\n<meta name=\"twitter:card\" content=\"summary_large_image\" \/>\n<meta name=\"twitter:label1\" content=\"Tiempo de lectura\" \/>\n\t<meta name=\"twitter:data1\" content=\"3 minutos\" \/>\n<script type=\"application\/ld+json\" class=\"yoast-schema-graph\">{\"@context\":\"https:\\\/\\\/schema.org\",\"@graph\":[{\"@type\":\"WebPage\",\"@id\":\"https:\\\/\\\/chemgramx.com\\\/product\\\/4-mmc-4-methylmethcathinon-online-kaufen\\\/\",\"url\":\"https:\\\/\\\/chemgramx.com\\\/product\\\/4-mmc-4-methylmethcathinon-online-kaufen\\\/\",\"name\":\"4-MMC (4-Methylmethcathinon) online kaufen\",\"isPartOf\":{\"@id\":\"https:\\\/\\\/chemgramx.com\\\/#website\"},\"primaryImageOfPage\":{\"@id\":\"https:\\\/\\\/chemgramx.com\\\/product\\\/4-mmc-4-methylmethcathinon-online-kaufen\\\/#primaryimage\"},\"image\":{\"@id\":\"https:\\\/\\\/chemgramx.com\\\/product\\\/4-mmc-4-methylmethcathinon-online-kaufen\\\/#primaryimage\"},\"thumbnailUrl\":\"https:\\\/\\\/chemgramx.com\\\/wp-content\\\/uploads\\\/2025\\\/11\\\/4-MMC-kaufen.jpeg\",\"datePublished\":\"2025-11-21T11:11:09+00:00\",\"dateModified\":\"2025-12-10T07:11:14+00:00\",\"description\":\"Sie k\u00f6nnen mit unserem Chemgramx-Shop Kontakt aufnehmen und 4-MMC (4-Methylmethcathinon) online kaufen. Wir haben 4-MMC zu g\u00fcnstigen Preisen zu verkaufen. Holen Sie sich Ihr Exemplar sofort nach Hause!\",\"breadcrumb\":{\"@id\":\"https:\\\/\\\/chemgramx.com\\\/product\\\/4-mmc-4-methylmethcathinon-online-kaufen\\\/#breadcrumb\"},\"inLanguage\":\"es\",\"potentialAction\":[{\"@type\":\"ReadAction\",\"target\":[\"https:\\\/\\\/chemgramx.com\\\/product\\\/4-mmc-4-methylmethcathinon-online-kaufen\\\/\"]}]},{\"@type\":\"ImageObject\",\"inLanguage\":\"es\",\"@id\":\"https:\\\/\\\/chemgramx.com\\\/product\\\/4-mmc-4-methylmethcathinon-online-kaufen\\\/#primaryimage\",\"url\":\"https:\\\/\\\/chemgramx.com\\\/wp-content\\\/uploads\\\/2025\\\/11\\\/4-MMC-kaufen.jpeg\",\"contentUrl\":\"https:\\\/\\\/chemgramx.com\\\/wp-content\\\/uploads\\\/2025\\\/11\\\/4-MMC-kaufen.jpeg\",\"width\":960,\"height\":540},{\"@type\":\"BreadcrumbList\",\"@id\":\"https:\\\/\\\/chemgramx.com\\\/product\\\/4-mmc-4-methylmethcathinon-online-kaufen\\\/#breadcrumb\",\"itemListElement\":[{\"@type\":\"ListItem\",\"position\":1,\"name\":\"Home\",\"item\":\"https:\\\/\\\/chemgramx.com\\\/\"},{\"@type\":\"ListItem\",\"position\":2,\"name\":\"Shop\",\"item\":\"https:\\\/\\\/chemgramx.com\\\/shop\\\/\"},{\"@type\":\"ListItem\",\"position\":3,\"name\":\"4-MMC Kaufen &#8211; Forschung (zum Verkauf|hochwertig)\"}]},{\"@type\":\"WebSite\",\"@id\":\"https:\\\/\\\/chemgramx.com\\\/#website\",\"url\":\"https:\\\/\\\/chemgramx.com\\\/\",\"name\":\"Chemgramx\",\"description\":\"\",\"publisher\":{\"@id\":\"https:\\\/\\\/chemgramx.com\\\/#organization\"},\"potentialAction\":[{\"@type\":\"SearchAction\",\"target\":{\"@type\":\"EntryPoint\",\"urlTemplate\":\"https:\\\/\\\/chemgramx.com\\\/?s={search_term_string}\"},\"query-input\":{\"@type\":\"PropertyValueSpecification\",\"valueRequired\":true,\"valueName\":\"search_term_string\"}}],\"inLanguage\":\"es\"},{\"@type\":\"Organization\",\"@id\":\"https:\\\/\\\/chemgramx.com\\\/#organization\",\"name\":\"Chemgramx\",\"url\":\"https:\\\/\\\/chemgramx.com\\\/\",\"logo\":{\"@type\":\"ImageObject\",\"inLanguage\":\"es\",\"@id\":\"https:\\\/\\\/chemgramx.com\\\/#\\\/schema\\\/logo\\\/image\\\/\",\"url\":\"https:\\\/\\\/chemgramx.com\\\/wp-content\\\/uploads\\\/2024\\\/10\\\/final-logo.png\",\"contentUrl\":\"https:\\\/\\\/chemgramx.com\\\/wp-content\\\/uploads\\\/2024\\\/10\\\/final-logo.png\",\"width\":250,\"height\":48,\"caption\":\"Chemgramx\"},\"image\":{\"@id\":\"https:\\\/\\\/chemgramx.com\\\/#\\\/schema\\\/logo\\\/image\\\/\"}}]}<\/script>\n<!-- \/ Yoast SEO plugin. -->","yoast_head_json":{"title":"Comprar 4-MMC (4-metilmetcatinona) en l\u00ednea","description":"Puedes contactar con nuestra tienda Chemgramx y comprar 4-MMC (4-metilmetcatinona) en l\u00ednea. Tenemos 4-MMC a la venta a precios accesibles. \u00a1Consigue el tuyo ya!","robots":{"index":"index","follow":"follow","max-snippet":"max-snippet:-1","max-image-preview":"max-image-preview:large","max-video-preview":"max-video-preview:-1"},"canonical":"https:\/\/chemgramx.com\/es\/producto-1\/4-mmc-4-metilmetcatinona-comprar-online\/","og_locale":"es_ES","og_type":"article","og_title":"4-MMC (4-Methylmethcathinon) online kaufen","og_description":"Sie k\u00f6nnen mit unserem Chemgramx-Shop Kontakt aufnehmen und 4-MMC (4-Methylmethcathinon) online kaufen. Wir haben 4-MMC zu g\u00fcnstigen Preisen zu verkaufen. Holen Sie sich Ihr Exemplar sofort nach Hause!","og_url":"https:\/\/chemgramx.com\/es\/producto-1\/4-mmc-4-metilmetcatinona-comprar-online\/","og_site_name":"Chemgramx","article_modified_time":"2025-12-10T07:11:14+00:00","og_image":[{"width":960,"height":540,"url":"https:\/\/chemgramx.com\/wp-content\/uploads\/2025\/11\/4-MMC-kaufen.jpeg","type":"image\/jpeg"}],"twitter_card":"summary_large_image","twitter_misc":{"Tiempo de lectura":"3 minutos"},"schema":{"@context":"https:\/\/schema.org","@graph":[{"@type":"WebPage","@id":"https:\/\/chemgramx.com\/product\/4-mmc-4-methylmethcathinon-online-kaufen\/","url":"https:\/\/chemgramx.com\/product\/4-mmc-4-methylmethcathinon-online-kaufen\/","name":"Comprar 4-MMC (4-metilmetcatinona) en l\u00ednea","isPartOf":{"@id":"https:\/\/chemgramx.com\/#website"},"primaryImageOfPage":{"@id":"https:\/\/chemgramx.com\/product\/4-mmc-4-methylmethcathinon-online-kaufen\/#primaryimage"},"image":{"@id":"https:\/\/chemgramx.com\/product\/4-mmc-4-methylmethcathinon-online-kaufen\/#primaryimage"},"thumbnailUrl":"https:\/\/chemgramx.com\/wp-content\/uploads\/2025\/11\/4-MMC-kaufen.jpeg","datePublished":"2025-11-21T11:11:09+00:00","dateModified":"2025-12-10T07:11:14+00:00","description":"Puedes contactar con nuestra tienda Chemgramx y comprar 4-MMC (4-metilmetcatinona) en l\u00ednea. Tenemos 4-MMC a la venta a precios accesibles. \u00a1Consigue el tuyo ya!","breadcrumb":{"@id":"https:\/\/chemgramx.com\/product\/4-mmc-4-methylmethcathinon-online-kaufen\/#breadcrumb"},"inLanguage":"es","potentialAction":[{"@type":"ReadAction","target":["https:\/\/chemgramx.com\/product\/4-mmc-4-methylmethcathinon-online-kaufen\/"]}]},{"@type":"ImageObject","inLanguage":"es","@id":"https:\/\/chemgramx.com\/product\/4-mmc-4-methylmethcathinon-online-kaufen\/#primaryimage","url":"https:\/\/chemgramx.com\/wp-content\/uploads\/2025\/11\/4-MMC-kaufen.jpeg","contentUrl":"https:\/\/chemgramx.com\/wp-content\/uploads\/2025\/11\/4-MMC-kaufen.jpeg","width":960,"height":540},{"@type":"BreadcrumbList","@id":"https:\/\/chemgramx.com\/product\/4-mmc-4-methylmethcathinon-online-kaufen\/#breadcrumb","itemListElement":[{"@type":"ListItem","position":1,"name":"Home","item":"https:\/\/chemgramx.com\/"},{"@type":"ListItem","position":2,"name":"Shop","item":"https:\/\/chemgramx.com\/shop\/"},{"@type":"ListItem","position":3,"name":"4-MMC Kaufen &#8211; Forschung (zum Verkauf|hochwertig)"}]},{"@type":"WebSite","@id":"https:\/\/chemgramx.com\/#website","url":"https:\/\/chemgramx.com\/","name":"Chemgramx","description":"","publisher":{"@id":"https:\/\/chemgramx.com\/#organization"},"potentialAction":[{"@type":"SearchAction","target":{"@type":"EntryPoint","urlTemplate":"https:\/\/chemgramx.com\/?s={search_term_string}"},"query-input":{"@type":"PropertyValueSpecification","valueRequired":true,"valueName":"search_term_string"}}],"inLanguage":"es"},{"@type":"Organization","@id":"https:\/\/chemgramx.com\/#organization","name":"Chemgramx","url":"https:\/\/chemgramx.com\/","logo":{"@type":"ImageObject","inLanguage":"es","@id":"https:\/\/chemgramx.com\/#\/schema\/logo\/image\/","url":"https:\/\/chemgramx.com\/wp-content\/uploads\/2024\/10\/final-logo.png","contentUrl":"https:\/\/chemgramx.com\/wp-content\/uploads\/2024\/10\/final-logo.png","width":250,"height":48,"caption":"Chemgramx"},"image":{"@id":"https:\/\/chemgramx.com\/#\/schema\/logo\/image\/"}}]}},"_links":{"self":[{"href":"https:\/\/chemgramx.com\/es\/wp-json\/wp\/v2\/product\/6985","targetHints":{"allow":["GET"]}}],"collection":[{"href":"https:\/\/chemgramx.com\/es\/wp-json\/wp\/v2\/product"}],"about":[{"href":"https:\/\/chemgramx.com\/es\/wp-json\/wp\/v2\/types\/product"}],"replies":[{"embeddable":true,"href":"https:\/\/chemgramx.com\/es\/wp-json\/wp\/v2\/comments?post=6985"}],"wp:featuredmedia":[{"embeddable":true,"href":"https:\/\/chemgramx.com\/es\/wp-json\/wp\/v2\/media\/7025"}],"wp:attachment":[{"href":"https:\/\/chemgramx.com\/es\/wp-json\/wp\/v2\/media?parent=6985"}],"wp:term":[{"taxonomy":"product_brand","embeddable":true,"href":"https:\/\/chemgramx.com\/es\/wp-json\/wp\/v2\/product_brand?post=6985"},{"taxonomy":"product_cat","embeddable":true,"href":"https:\/\/chemgramx.com\/es\/wp-json\/wp\/v2\/product_cat?post=6985"},{"taxonomy":"product_tag","embeddable":true,"href":"https:\/\/chemgramx.com\/es\/wp-json\/wp\/v2\/product_tag?post=6985"}],"curies":[{"name":"wp","href":"https:\/\/api.w.org\/{rel}","templated":true}]}}