{"id":6987,"date":"2025-11-21T11:11:10","date_gmt":"2025-11-21T11:11:10","guid":{"rendered":"https:\/\/chemgramx.com\/?post_type=product&#038;p=6987"},"modified":"2025-11-21T11:13:06","modified_gmt":"2025-11-21T11:13:06","slug":"3-cmc-3-clormetcatinona-comprar-online","status":"publish","type":"product","link":"https:\/\/chemgramx.com\/es\/product\/3-cmc-3-chlormethcathinon-online-kaufen\/","title":{"rendered":"Comprar 3-CMC (3-Chlormethcathinone) en l\u00ednea"},"content":{"rendered":"<p><b>Comprar 3-CMC (3-clorometcatinona) en l\u00ednea<\/b> es una de las sustancias qu\u00edmicas de investigaci\u00f3n m\u00e1s populares de los \u00faltimos a\u00f1os. Como catinona sint\u00e9tica y an\u00e1logo estructural de la 3-MMC, goza de una demanda creciente. Los investigadores deciden utilizarla a menudo, <b>Comprar 3-CMC (3-clorometcatinona) en l\u00ednea<\/b>porque muestra propiedades estimulantes confiables y se utiliza en numerosos estudios.<\/p>\n<p>Nosotros <b>Venta de 3-CMC (3-clorometcatinona)<\/b> puede encontrar productos probados y de gran pureza en tiendas especializadas en l\u00ednea. La compra en l\u00ednea ofrece a cient\u00edficos y laboratorios la oportunidad de obtener el material de forma f\u00e1cil y discreta.<\/p>\n<h2>\u00bfQu\u00e9 es la 3-CMC (3-clorometcatinona)? Perfil qu\u00edmico<\/h2>\n<p>La 3-CMC (3-clorometcatinona) es un estimulante sint\u00e9tico de la clase de las catinonas. Al igual que la 3-MMC o la 4-CMC, posee propiedades farmacol\u00f3gicas espec\u00edficas que la hacen especialmente interesante para la investigaci\u00f3n.<\/p>\n<h3>Datos qu\u00edmicos<\/h3>\n<ul>\n<li><b>F\u00f3rmula qu\u00edmica:<\/b> <span class=\"math-inline\" data-math=\"text{C}_{10}text{H}_{12}text{ClNO}\">C}10H12ClNO<\/span><\/li>\n<li><b>Peso molecular:<\/b> 197,66 g\/mol<\/li>\n<li><b>Clasificaci\u00f3n:<\/b> Estimulante \/ Producto qu\u00edmico de investigaci\u00f3n<\/li>\n<\/ul>\n<p>Los investigadores suelen encargarla para estudios de laboratorio con el fin de analizar sus efectos sobre los sistemas neurotransmisores. <b>Por lo tanto<\/b> es <b>pedir 3-CMC (3-clorometcatinona)<\/b> una pr\u00e1ctica habitual en los c\u00edrculos cient\u00edficos.<\/p>\n<h2>\u00bfPor qu\u00e9 encargar 3-CMC en l\u00ednea? Ventajas y fuentes de suministro<\/h2>\n<p>La compra en l\u00ednea de productos qu\u00edmicos de investigaci\u00f3n ofrece ventajas log\u00edsticas espec\u00edficas para laboratorios e investigadores.<\/p>\n<h3>Ventajas de comprar por Internet<\/h3>\n<p>Comprar por Internet tiene numerosas ventajas:<\/p>\n<ul>\n<li><b>Comodidad y disponibilidad:<\/b> Nosotros <b>comprar 3-CMC (3-Chlormethcathinone) Online<\/b> se beneficia de una entrega r\u00e1pida y un pedido sencillo.<\/li>\n<li><b>Ventajas de precio:<\/b> A transparente <b>Precio de la 3-CMC (3-clorometcatinona)<\/b> facilita la comparaci\u00f3n entre distintos minoristas.<\/li>\n<li><b>Alcance mundial:<\/b> Los minoristas internacionales ofrecen <b>3-CMC (3-Chlormethcathinone) en venta<\/b> y enviamos a todo el mundo.<\/li>\n<\/ul>\n<h3>\u00bfD\u00f3nde puedo comprar 3-CMC (3-clorometcatinona)?<\/h3>\n<p>Investigadores que se preguntan, <b>d\u00f3nde comprar 3-CMC (3-clorometcatinona)<\/b>, encontrar\u00e1 ofertas serias de las siguientes fuentes:<\/p>\n<ul>\n<li>Distribuidores especializados en productos qu\u00edmicos de investigaci\u00f3n con certificados de laboratorio.<\/li>\n<li>Mayoristas y minoristas verificados de material de laboratorio.<\/li>\n<li>Plataformas internacionales en l\u00ednea con productos probados.<\/li>\n<\/ul>\n<p>La elecci\u00f3n de <b>mejor lugar para comprar 3-CMC (3-Chlormethcathinone) en l\u00ednea<\/b> depende de <a href=\"\/product\/d-tertylone-bestellung-online-kaufen\/\">Factores<\/a> como el precio, la pureza y la rapidez de entrega.<\/p>\n<h2>Calidad, legislaci\u00f3n y seguridad en la manipulaci\u00f3n<\/h2>\n<p>La garant\u00eda de calidad y el cumplimiento de la ley son de suma importancia a la hora de adquirir 3-CMC.<\/p>\n<h3>Aseg\u00farese de la calidad al comprar 3-CMC<\/h3>\n<p>Para que el <b>Encargar 3-CMC (3-clorometcatinona) en l\u00ednea<\/b> \u00e9xito, es esencial prestar atenci\u00f3n a la calidad:<\/p>\n<ul>\n<li><b>Comprobar los certificados de an\u00e1lisis (CdA):<\/b> Estos demuestran la pureza y la composici\u00f3n.<\/li>\n<li>Seleccione distribuidores reputados con cr\u00edticas positivas.<\/li>\n<li>Cuidado con las ofertas extremadamente bajas <b>Precio de la 3-CMC (3-clorometcatinona)<\/b>.<\/li>\n<\/ul>\n<h3>Aspectos legales y de seguridad<\/h3>\n<p>Antes de comprar, es importante comprobar la situaci\u00f3n legal. En algunos pa\u00edses <b>3-CMC (3-clorometcatinona) legal a la venta<\/b>, mientras que en otros est\u00e1 regulado o prohibido. Los compradores est\u00e1n obligados a informarse sobre las leyes locales antes de <b>comprar 3-CMC (3-Chlormethcathinone) Online<\/b>.<\/p>\n<p>Medidas de seguridad para la manipulaci\u00f3n en el laboratorio:<\/p>\n<ul>\n<li>Utilizar \u00fanicamente en entornos de laboratorio controlados.<\/li>\n<li>Llevar ropa de protecci\u00f3n.<\/li>\n<li>Conservar en lugar fresco, seco y protegido de la luz.<\/li>\n<\/ul>\n<h2>Conclusi\u00f3n<\/h2>\n<p><b>Compre 3-CMC (3-clorometcatinona) en l\u00ednea de una fuente fiable. <a href=\"\/product\/d-tertylone-bestellung-online-kaufen\/\">Fuente de la investigaci\u00f3n<\/a><\/b> es una forma pr\u00e1ctica de que investigadores y laboratorios accedan a esta interesante sustancia. La compra en l\u00ednea ofrece comodidad, precios justos y una gran selecci\u00f3n, pero tambi\u00e9n requiere cuidado a la hora de elegir un distribuidor de confianza.<\/p>\n<p>Que se pregunta, <b>d\u00f3nde comprar 3-CMC (3-clorometcatinona)<\/b>, s\u00f3lo debe hacer pedidos a fuentes verificadas, comprobar los certificados de an\u00e1lisis y respetar el marco jur\u00eddico. C\u00f3mo encontrar el <b>mejor lugar para comprar 3-CMC (3-clorometcatinona) en l\u00ednea<\/b> y obtiene un producto seguro y de gran pureza para fines de investigaci\u00f3n.<\/p>","protected":false},"excerpt":{"rendered":"<p><strong>3-CMC (3-clorometcatinona)<\/strong> es un estimulante sint\u00e9tico de la clase de las catinonas. Es uno de los denominados productos qu\u00edmicos de investigaci\u00f3n y ha ganado popularidad en la escena de las drogas recreativas en los \u00faltimos a\u00f1os. Esta gu\u00eda ofrece una visi\u00f3n detallada de la 3-CMC, incluyendo su estructura qu\u00edmica, efectos, riesgos y estatus legal.<\/p>","protected":false},"featured_media":7027,"comment_status":"open","ping_status":"closed","template":"","meta":{"_joinchat":[]},"product_brand":[],"product_cat":[49],"product_tag":[487,486,492,480,472,481,469,485,484,467,470,473,468,478,471,483,475,474,482,476,479,477,249,292,488,251,490,491,250,248,489],"class_list":{"0":"post-6987","1":"product","2":"type-product","3":"status-publish","4":"has-post-thumbnail","6":"product_cat-cathinones","7":"product_tag-3-chloromethcathinone","8":"product_tag-3-cmc","9":"product_tag-3-cmc-3-chlormethcathinon","10":"product_tag-3-cmc-analyse","11":"product_tag-3-cmc-anwendung","12":"product_tag-3-cmc-chemie","13":"product_tag-3-cmc-forschung","14":"product_tag-3-cmc-forschungslabor","15":"product_tag-3-cmc-groshandel","16":"product_tag-3-cmc-kaufen","17":"product_tag-3-cmc-labor","18":"product_tag-3-cmc-lagerung","19":"product_tag-3-cmc-lieferant","20":"product_tag-3-cmc-markt","21":"product_tag-3-cmc-preis","22":"product_tag-3-cmc-referenzmaterial","23":"product_tag-3-cmc-risiken","24":"product_tag-3-cmc-sicherheit","25":"product_tag-3-cmc-substanz","26":"product_tag-3-cmc-verfugbarkeit","27":"product_tag-3-cmc-vertrieb","28":"product_tag-3-cmc-vorschriften","29":"product_tag-amphetamin-derivate","30":"product_tag-cathinone","31":"product_tag-chemische-formel-3-cmc","32":"product_tag-gesundheitliche-risiken","33":"product_tag-rechtlicher-status-3-cmc","34":"product_tag-risiken-3-cmc","35":"product_tag-suchtgefahr","36":"product_tag-synthetische-stimulanzien","37":"product_tag-wirkungen-von-3-cmc","39":"first","40":"instock","41":"shipping-taxable","42":"purchasable","43":"product-type-variable"},"yoast_head":"<!-- This site is optimized with the Yoast SEO plugin v27.5 - https:\/\/yoast.com\/product\/yoast-seo-wordpress\/ -->\n<title>3-CMC (3-Chlormethcathinon) Online Kaufen<\/title>\n<meta name=\"description\" content=\"Holen Sie sich 3-CMC (3-Chlormethcathinon) zu erschwinglichen Preisen aus unserem Chemgramx-Shop.\" \/>\n<meta name=\"robots\" content=\"index, follow, max-snippet:-1, max-image-preview:large, max-video-preview:-1\" \/>\n<link rel=\"canonical\" href=\"https:\/\/chemgramx.com\/es\/producto-1\/3-cmc-3-clormetcatinona-comprar-online\/\" \/>\n<meta property=\"og:locale\" content=\"es_ES\" \/>\n<meta property=\"og:type\" content=\"article\" \/>\n<meta property=\"og:title\" content=\"3-CMC (3-Chlormethcathinon) Online Kaufen\" \/>\n<meta property=\"og:description\" content=\"Holen Sie sich 3-CMC (3-Chlormethcathinon) zu erschwinglichen Preisen aus unserem Chemgramx-Shop.\" \/>\n<meta property=\"og:url\" content=\"https:\/\/chemgramx.com\/es\/producto-1\/3-cmc-3-clormetcatinona-comprar-online\/\" \/>\n<meta property=\"og:site_name\" content=\"Chemgramx\" \/>\n<meta property=\"article:modified_time\" content=\"2025-11-21T11:13:06+00:00\" \/>\n<meta property=\"og:image\" content=\"https:\/\/chemgramx.com\/wp-content\/uploads\/2025\/11\/3-CMC-kaufen.webp\" \/>\n\t<meta property=\"og:image:width\" content=\"500\" \/>\n\t<meta property=\"og:image:height\" content=\"500\" \/>\n\t<meta property=\"og:image:type\" content=\"image\/webp\" \/>\n<meta name=\"twitter:card\" content=\"summary_large_image\" \/>\n<meta name=\"twitter:label1\" content=\"Tiempo de lectura\" \/>\n\t<meta name=\"twitter:data1\" content=\"3 minutos\" \/>\n<script type=\"application\/ld+json\" class=\"yoast-schema-graph\">{\"@context\":\"https:\\\/\\\/schema.org\",\"@graph\":[{\"@type\":\"WebPage\",\"@id\":\"https:\\\/\\\/chemgramx.com\\\/product\\\/3-cmc-3-chlormethcathinon-online-kaufen\\\/\",\"url\":\"https:\\\/\\\/chemgramx.com\\\/product\\\/3-cmc-3-chlormethcathinon-online-kaufen\\\/\",\"name\":\"3-CMC (3-Chlormethcathinon) Online Kaufen\",\"isPartOf\":{\"@id\":\"https:\\\/\\\/chemgramx.com\\\/#website\"},\"primaryImageOfPage\":{\"@id\":\"https:\\\/\\\/chemgramx.com\\\/product\\\/3-cmc-3-chlormethcathinon-online-kaufen\\\/#primaryimage\"},\"image\":{\"@id\":\"https:\\\/\\\/chemgramx.com\\\/product\\\/3-cmc-3-chlormethcathinon-online-kaufen\\\/#primaryimage\"},\"thumbnailUrl\":\"https:\\\/\\\/chemgramx.com\\\/wp-content\\\/uploads\\\/2025\\\/11\\\/3-CMC-kaufen.webp\",\"datePublished\":\"2025-11-21T11:11:10+00:00\",\"dateModified\":\"2025-11-21T11:13:06+00:00\",\"description\":\"Holen Sie sich 3-CMC (3-Chlormethcathinon) zu erschwinglichen Preisen aus unserem Chemgramx-Shop.\",\"breadcrumb\":{\"@id\":\"https:\\\/\\\/chemgramx.com\\\/product\\\/3-cmc-3-chlormethcathinon-online-kaufen\\\/#breadcrumb\"},\"inLanguage\":\"es\",\"potentialAction\":[{\"@type\":\"ReadAction\",\"target\":[\"https:\\\/\\\/chemgramx.com\\\/product\\\/3-cmc-3-chlormethcathinon-online-kaufen\\\/\"]}]},{\"@type\":\"ImageObject\",\"inLanguage\":\"es\",\"@id\":\"https:\\\/\\\/chemgramx.com\\\/product\\\/3-cmc-3-chlormethcathinon-online-kaufen\\\/#primaryimage\",\"url\":\"https:\\\/\\\/chemgramx.com\\\/wp-content\\\/uploads\\\/2025\\\/11\\\/3-CMC-kaufen.webp\",\"contentUrl\":\"https:\\\/\\\/chemgramx.com\\\/wp-content\\\/uploads\\\/2025\\\/11\\\/3-CMC-kaufen.webp\",\"width\":500,\"height\":500},{\"@type\":\"BreadcrumbList\",\"@id\":\"https:\\\/\\\/chemgramx.com\\\/product\\\/3-cmc-3-chlormethcathinon-online-kaufen\\\/#breadcrumb\",\"itemListElement\":[{\"@type\":\"ListItem\",\"position\":1,\"name\":\"Home\",\"item\":\"https:\\\/\\\/chemgramx.com\\\/\"},{\"@type\":\"ListItem\",\"position\":2,\"name\":\"Shop\",\"item\":\"https:\\\/\\\/chemgramx.com\\\/shop\\\/\"},{\"@type\":\"ListItem\",\"position\":3,\"name\":\"3-CMC (3-Chlormethcathinon) Online Kaufen\"}]},{\"@type\":\"WebSite\",\"@id\":\"https:\\\/\\\/chemgramx.com\\\/#website\",\"url\":\"https:\\\/\\\/chemgramx.com\\\/\",\"name\":\"Chemgramx\",\"description\":\"\",\"publisher\":{\"@id\":\"https:\\\/\\\/chemgramx.com\\\/#organization\"},\"potentialAction\":[{\"@type\":\"SearchAction\",\"target\":{\"@type\":\"EntryPoint\",\"urlTemplate\":\"https:\\\/\\\/chemgramx.com\\\/?s={search_term_string}\"},\"query-input\":{\"@type\":\"PropertyValueSpecification\",\"valueRequired\":true,\"valueName\":\"search_term_string\"}}],\"inLanguage\":\"es\"},{\"@type\":\"Organization\",\"@id\":\"https:\\\/\\\/chemgramx.com\\\/#organization\",\"name\":\"Chemgramx\",\"url\":\"https:\\\/\\\/chemgramx.com\\\/\",\"logo\":{\"@type\":\"ImageObject\",\"inLanguage\":\"es\",\"@id\":\"https:\\\/\\\/chemgramx.com\\\/#\\\/schema\\\/logo\\\/image\\\/\",\"url\":\"https:\\\/\\\/chemgramx.com\\\/wp-content\\\/uploads\\\/2024\\\/10\\\/final-logo.png\",\"contentUrl\":\"https:\\\/\\\/chemgramx.com\\\/wp-content\\\/uploads\\\/2024\\\/10\\\/final-logo.png\",\"width\":250,\"height\":48,\"caption\":\"Chemgramx\"},\"image\":{\"@id\":\"https:\\\/\\\/chemgramx.com\\\/#\\\/schema\\\/logo\\\/image\\\/\"}}]}<\/script>\n<!-- \/ Yoast SEO plugin. -->","yoast_head_json":{"title":"Comprar 3-CMC (3-Chlormethcathinone) en l\u00ednea","description":"Consiga 3-CMC (3-clorometcatinona) a precios asequibles en nuestra tienda Chemgramx.","robots":{"index":"index","follow":"follow","max-snippet":"max-snippet:-1","max-image-preview":"max-image-preview:large","max-video-preview":"max-video-preview:-1"},"canonical":"https:\/\/chemgramx.com\/es\/producto-1\/3-cmc-3-clormetcatinona-comprar-online\/","og_locale":"es_ES","og_type":"article","og_title":"3-CMC (3-Chlormethcathinon) Online Kaufen","og_description":"Holen Sie sich 3-CMC (3-Chlormethcathinon) zu erschwinglichen Preisen aus unserem Chemgramx-Shop.","og_url":"https:\/\/chemgramx.com\/es\/producto-1\/3-cmc-3-clormetcatinona-comprar-online\/","og_site_name":"Chemgramx","article_modified_time":"2025-11-21T11:13:06+00:00","og_image":[{"width":500,"height":500,"url":"https:\/\/chemgramx.com\/wp-content\/uploads\/2025\/11\/3-CMC-kaufen.webp","type":"image\/webp"}],"twitter_card":"summary_large_image","twitter_misc":{"Tiempo de lectura":"3 minutos"},"schema":{"@context":"https:\/\/schema.org","@graph":[{"@type":"WebPage","@id":"https:\/\/chemgramx.com\/product\/3-cmc-3-chlormethcathinon-online-kaufen\/","url":"https:\/\/chemgramx.com\/product\/3-cmc-3-chlormethcathinon-online-kaufen\/","name":"Comprar 3-CMC (3-Chlormethcathinone) en l\u00ednea","isPartOf":{"@id":"https:\/\/chemgramx.com\/#website"},"primaryImageOfPage":{"@id":"https:\/\/chemgramx.com\/product\/3-cmc-3-chlormethcathinon-online-kaufen\/#primaryimage"},"image":{"@id":"https:\/\/chemgramx.com\/product\/3-cmc-3-chlormethcathinon-online-kaufen\/#primaryimage"},"thumbnailUrl":"https:\/\/chemgramx.com\/wp-content\/uploads\/2025\/11\/3-CMC-kaufen.webp","datePublished":"2025-11-21T11:11:10+00:00","dateModified":"2025-11-21T11:13:06+00:00","description":"Consiga 3-CMC (3-clorometcatinona) a precios asequibles en nuestra tienda Chemgramx.","breadcrumb":{"@id":"https:\/\/chemgramx.com\/product\/3-cmc-3-chlormethcathinon-online-kaufen\/#breadcrumb"},"inLanguage":"es","potentialAction":[{"@type":"ReadAction","target":["https:\/\/chemgramx.com\/product\/3-cmc-3-chlormethcathinon-online-kaufen\/"]}]},{"@type":"ImageObject","inLanguage":"es","@id":"https:\/\/chemgramx.com\/product\/3-cmc-3-chlormethcathinon-online-kaufen\/#primaryimage","url":"https:\/\/chemgramx.com\/wp-content\/uploads\/2025\/11\/3-CMC-kaufen.webp","contentUrl":"https:\/\/chemgramx.com\/wp-content\/uploads\/2025\/11\/3-CMC-kaufen.webp","width":500,"height":500},{"@type":"BreadcrumbList","@id":"https:\/\/chemgramx.com\/product\/3-cmc-3-chlormethcathinon-online-kaufen\/#breadcrumb","itemListElement":[{"@type":"ListItem","position":1,"name":"Home","item":"https:\/\/chemgramx.com\/"},{"@type":"ListItem","position":2,"name":"Shop","item":"https:\/\/chemgramx.com\/shop\/"},{"@type":"ListItem","position":3,"name":"3-CMC (3-Chlormethcathinon) Online Kaufen"}]},{"@type":"WebSite","@id":"https:\/\/chemgramx.com\/#website","url":"https:\/\/chemgramx.com\/","name":"Chemgramx","description":"","publisher":{"@id":"https:\/\/chemgramx.com\/#organization"},"potentialAction":[{"@type":"SearchAction","target":{"@type":"EntryPoint","urlTemplate":"https:\/\/chemgramx.com\/?s={search_term_string}"},"query-input":{"@type":"PropertyValueSpecification","valueRequired":true,"valueName":"search_term_string"}}],"inLanguage":"es"},{"@type":"Organization","@id":"https:\/\/chemgramx.com\/#organization","name":"Chemgramx","url":"https:\/\/chemgramx.com\/","logo":{"@type":"ImageObject","inLanguage":"es","@id":"https:\/\/chemgramx.com\/#\/schema\/logo\/image\/","url":"https:\/\/chemgramx.com\/wp-content\/uploads\/2024\/10\/final-logo.png","contentUrl":"https:\/\/chemgramx.com\/wp-content\/uploads\/2024\/10\/final-logo.png","width":250,"height":48,"caption":"Chemgramx"},"image":{"@id":"https:\/\/chemgramx.com\/#\/schema\/logo\/image\/"}}]}},"_links":{"self":[{"href":"https:\/\/chemgramx.com\/es\/wp-json\/wp\/v2\/product\/6987","targetHints":{"allow":["GET"]}}],"collection":[{"href":"https:\/\/chemgramx.com\/es\/wp-json\/wp\/v2\/product"}],"about":[{"href":"https:\/\/chemgramx.com\/es\/wp-json\/wp\/v2\/types\/product"}],"replies":[{"embeddable":true,"href":"https:\/\/chemgramx.com\/es\/wp-json\/wp\/v2\/comments?post=6987"}],"wp:featuredmedia":[{"embeddable":true,"href":"https:\/\/chemgramx.com\/es\/wp-json\/wp\/v2\/media\/7027"}],"wp:attachment":[{"href":"https:\/\/chemgramx.com\/es\/wp-json\/wp\/v2\/media?parent=6987"}],"wp:term":[{"taxonomy":"product_brand","embeddable":true,"href":"https:\/\/chemgramx.com\/es\/wp-json\/wp\/v2\/product_brand?post=6987"},{"taxonomy":"product_cat","embeddable":true,"href":"https:\/\/chemgramx.com\/es\/wp-json\/wp\/v2\/product_cat?post=6987"},{"taxonomy":"product_tag","embeddable":true,"href":"https:\/\/chemgramx.com\/es\/wp-json\/wp\/v2\/product_tag?post=6987"}],"curies":[{"name":"wp","href":"https:\/\/api.w.org\/{rel}","templated":true}]}}