{"id":6999,"date":"2025-11-21T11:11:32","date_gmt":"2025-11-21T11:11:32","guid":{"rendered":"https:\/\/chemgramx.com\/?post_type=product&#038;p=6999"},"modified":"2025-11-21T11:13:07","modified_gmt":"2025-11-21T11:13:07","slug":"comprar-2-a1mp-online","status":"publish","type":"product","link":"https:\/\/chemgramx.com\/es\/product\/2-a1mp-online-kaufen\/","title":{"rendered":"Compre 2-A1MP en l\u00ednea"},"content":{"rendered":"<p><b>Clorhidrato de 2-A1MP<\/b> (2-aminometil-1-metilpiperidina) es un compuesto de alta pureza, <b>patr\u00f3n de referencia anal\u00edtico<\/b> y un miembro fascinante de la clase qu\u00edmica de los <a href=\"\/product\/2-a1mp-online-kaufen\/\"><b>An\u00e1logos de la piperidina<\/b><\/a>. Debido a su estructura heteroc\u00edclica \u00fanica, que contiene un \u00e1tomo de nitr\u00f3geno secundario y terciario, el 2-A1MP es un reactivo clave en la <b>investigaci\u00f3n qu\u00edmica<\/b>el <b>Toxicolog\u00eda<\/b> y el <b>farmacolog\u00eda molecular<\/b>. Esta norma es esencial para los laboratorios que <b>Actividades receptoras<\/b> y <b>Relaciones estructura-actividad (SAR)<\/b> de compuestos heteroc\u00edclicos nitrogenados y ampliar sus m\u00e9todos anal\u00edticos para mol\u00e9culas novedosas.<\/p>\n<p>La adquisici\u00f3n de este <b>Normas 2-A1MP<\/b> tiene lugar <b>con fines estrictamente cient\u00edficos<\/b> en <b>Expertos cualificados<\/b> y <b>Instituciones de investigaci\u00f3n acreditadas<\/b>. Garantizamos un <b>pureza confirmada anal\u00edticamente de <span class=\"math-inline\" data-math=\"ge98,%\">98%<\/span><\/b>\u00a0de la sal clorhidrato, que es la base absoluta para <b>precisos, trazables y reproducibles<\/b> Resultados en la <b>Cromatograf\u00eda<\/b> y <b>espectroscopia<\/b> . Garantizar esta pureza es fundamental para evitar resultados falsos positivos o falsos negativos en el an\u00e1lisis forense. Para los laboratorios que realizan un <b>Est\u00e1ndar de referencia 2-A1MP<\/b>, <b>Material de control de piperidina<\/b> o <b>reactivos anal\u00edticos<\/b> que buscan ampliar su biblioteca qu\u00edmica, ofrecemos la m\u00e1xima calidad y seguridad en materia de cumplimiento normativo a nivel mundial.<\/p>\n<h2>Excelencia qu\u00edmica y anal\u00edtica: especificaciones detalladas y certificaci\u00f3n<\/h2>\n<p>La caracterizaci\u00f3n qu\u00edmica precisa y la metrolog\u00eda son los pilares fundamentales de la fiabilidad de los m\u00e9todos forenses y anal\u00edticos. El 2-A1MP debe compararse exactamente con est\u00e1ndares certificados para su validaci\u00f3n.<\/p>\n<h3>Identidad qu\u00edmica detallada y estructura<\/h3>\n<p>2-A1MP se caracteriza por su <b>anillo de piperidina saturado<\/b> . Los grupos funcionales: los <b>Grupo aminometilo<\/b> y el <b>Sustituci\u00f3n de N-metilo<\/b> \u2013 son de gran inter\u00e9s para las posibles interacciones con objetivos biol\u00f3gicos en la <b>modelado molecular<\/b> y <b>Estudios sobre receptores<\/b>.<\/p>\n<ul>\n<li><b>Clase qu\u00edmica:<\/b> An\u00e1logos de la piperidina (aminas heteroc\u00edclicas).<\/li>\n<li><b>Nomenclatura:<\/b> 2-aminometil-1-metilpiperidina (a menudo en forma de sal clorhidrato).<\/li>\n<li><b>Peso molecular:<\/b> Fundamental para la preparaci\u00f3n gravim\u00e9trica est\u00e1ndar y la calibraci\u00f3n de espectr\u00f3metros de masas cuadrupolares.<\/li>\n<li><b>Formulaci\u00f3n:<\/b> Est\u00e1 disponible como <b>Sal clorhidrato<\/b> antes de lo que <b>Durabilidad<\/b> y <b>Solubilidad<\/b> Optimizado para ensayos anal\u00edticos en disolventes acuosos y polares (metanol, acetonitrilo).<\/li>\n<li><b>Estado agregado:<\/b> Alta pureza <b>polvo cristalino<\/b>, optimizado para un pesaje gravim\u00e9trico preciso seg\u00fan <b>Normativa ISO 17025<\/b>.<\/li>\n<\/ul>\n<h3>Pureza y trazabilidad garantizadas para GLP\/ISO<\/h3>\n<p>Garantizamos una pureza de <b><span class=\"math-inline\" data-math=\"ge98,%\">98% <\/span><\/b>seguro, lo cual se confirma mediante un riguroso proceso de control multianal\u00edtico para garantizar el cumplimiento de los m\u00e1s altos est\u00e1ndares anal\u00edticos.<\/p>\n<ol start=\"1\">\n<li><b>Confirmaci\u00f3n de pureza:<\/b> La cuantificaci\u00f3n se realiza principalmente mediante <b>HPLC (cromatograf\u00eda l\u00edquida de alto rendimiento)<\/b>. La identidad molecular se complementa mediante <b>GC\/MS<\/b> y\/o <b>LC-MS\/MS<\/b> confirmado.<\/li>\n<li><b>Certificado de an\u00e1lisis (CoA):<\/b> Una detallada <b>CoA<\/b> Se adjunta a cada entrega los datos espectrales, la evaluaci\u00f3n de pureza y la <b>Trazabilidad<\/b> del lote. Este documento es obligatorio para la <b>Documentaci\u00f3n conforme a las BPL<\/b> y la utilidad jur\u00eddica de los datos es absolutamente necesaria.<\/li>\n<li><b>Consistencia de los lotes:<\/b> El m\u00ednimo <b>Variabilidad de los lotes<\/b> Se garantiza mediante controles estrictos, lo cual es importante para la <b>Validaci\u00f3n a largo plazo<\/b> de los m\u00e9todos es decisivo.<\/li>\n<\/ol>\n<h2>\u00a0Campos centrales de aplicaci\u00f3n en investigaci\u00f3n y an\u00e1lisis<\/h2>\n<p>El clorhidrato de 2-A1MP es un reactivo fundamental para los laboratorios que se dedican a la <b>Desarrollo de m\u00e9todos anal\u00edticos<\/b> y el <b>farmacolog\u00eda molecular<\/b> nuevas sustancias.<\/p>\n<h3>Estudios farmacol\u00f3gicos y de receptores (modelizaci\u00f3n molecular)<\/h3>\n<ul>\n<li><b>Afinidad receptora:<\/b> Investigaci\u00f3n de la <b>Afinidad de apego<\/b> en diferentes subtipos de neurorreceptores para determinar el perfil de acci\u00f3n molecular y la predicci\u00f3n de toxicidad.<\/li>\n<li><b>Relaciones estructura-actividad (SAR):<\/b> 2-A1MP sirve como estructura base para el estudio sistem\u00e1tico de c\u00f3mo las sustituciones en el anillo de piperidina afectan a la actividad biol\u00f3gica.<\/li>\n<li><b>Modelado molecular:<\/b> La conexi\u00f3n se establece para <i>in silico<\/i>Estudios utilizados para modelar el ajuste geom\u00e9trico en sitios hipot\u00e9ticos de uni\u00f3n a receptores y derivar posibles candidatos a f\u00e1rmacos.<\/li>\n<\/ul>\n<h3>Desarrollo de m\u00e9todos anal\u00edticos y toxicolog\u00eda<\/h3>\n<p>La norma es indispensable para que los laboratorios forenses actualicen sus bases de datos y ampl\u00eden sus m\u00e9todos.<\/p>\n<ul>\n<li><b>Validaci\u00f3n del m\u00e9todo:<\/b> La norma se utiliza para <b>Validaci\u00f3n<\/b> de <span class=\"math-inline\" data-math=\"LC-MS\/MS\">LC-MS\/MS<\/span> y <span class=\"math-inline\" data-math=\"GC-MS\">GC-MS<\/span>\u00a0M\u00e9todos para <b>Identificaci\u00f3n<\/b> y <b>Cuantificaci\u00f3n<\/b> novedosos an\u00e1logos de la piperidina. Esto incluye la determinaci\u00f3n de la <b>Sensibilidad (LOD\/LOQ)<\/b> y el <b>Efectos de matriz<\/b>.<\/li>\n<li><b>Referencia de la base de datos:<\/b> 2-A1MP sirve como <b>punto de referencia anal\u00edtico<\/b> para la creaci\u00f3n y el mantenimiento de bibliotecas espectrales anal\u00edticas, lo que permite la r\u00e1pida identificaci\u00f3n de muestras desconocidas en casos forenses.<\/li>\n<li><b>Investigaci\u00f3n del metabolismo:<\/b> Primeros estudios sobre <b>Identificaci\u00f3n de metabolitos<\/b> son necesarios para comprender el perfil de degradaci\u00f3n de la sustancia y ampliar las ventanas de detecci\u00f3n en toxicolog\u00eda.<\/li>\n<\/ul>\n<h2>\u00a0Marco jur\u00eddico y seguridad en los laboratorios (cumplimiento normativo global)<\/h2>\n<p>La adquisici\u00f3n y manipulaci\u00f3n de este <b>productos qu\u00edmicos de investigaci\u00f3n controlada<\/b> est\u00e1n sujetos a las normas m\u00e1s estrictas y se reservan exclusivamente a la investigaci\u00f3n cient\u00edfica.<\/p>\n<h3>Cumplimiento de la normativa<\/h3>\n<p>Dado que el 2-A1MP es un compuesto nuevo, es necesario cumplir con las leyes nacionales (por ejemplo,. <b>NpSG<\/b> en Alemania) y los mecanismos de control internacionales (por ejemplo, an\u00e1logos del <span class=\"math-inline\" data-math=\"CSA\">CSA<\/span>\u00a0en EE. UU.) <b>por parte del comprador<\/b> garantizarse.<\/p>\n<ul>\n<li><b>Exclusivamente investigaci\u00f3n:<\/b> Las ventas est\u00e1n estrictamente limitadas al <b>An\u00e1lisis e investigaci\u00f3n<\/b> en <b>instituciones cient\u00edficas autorizadas<\/b> limitado.<\/li>\n<li><b>Obligaci\u00f3n del comprador:<\/b> El comprador asume la plena responsabilidad del cumplimiento de todos los <b>legislaci\u00f3n local e internacional<\/b> en relaci\u00f3n con la importaci\u00f3n, la posesi\u00f3n y el uso de productos qu\u00edmicos controlados. La <b>obligaci\u00f3n de presentar pruebas<\/b> El laboratorio adquirente es responsable del cumplimiento del marco normativo.<\/li>\n<\/ul>\n<h3>Protocolos de seguridad y almacenamiento<\/h3>\n<p>Cumplimiento estricto de la <b>Ficha de datos de seguridad (FDS)<\/b> es obligatorio.<\/p>\n<ul>\n<li><b>PSA:<\/b> <b>Bata de laboratorio, gafas de seguridad<\/b> y resistente a los productos qu\u00edmicos <b>Guantes<\/b> son obligatorios.<\/li>\n<li><b>Entorno de trabajo:<\/b> La manipulaci\u00f3n del polvo debe realizarse bajo <b>sistemas certificados de vitrinas de gases<\/b> tener lugar.<\/li>\n<li><b>Almacenamiento:<\/b> <b>En lugar fresco, seco y protegido de la luz.<\/b> almacenar para <b>Estabilidad anal\u00edtica<\/b> garantizar. La <b>documentaci\u00f3n de inventario<\/b> Debe realizarse \u00edntegramente seg\u00fan el protocolo de laboratorio (por ejemplo, los procedimientos operativos est\u00e1ndar).<\/li>\n<\/ul>\n<h2>Adquisici\u00f3n del est\u00e1ndar de referencia 2-A1MP: su socio para la excelencia anal\u00edtica<\/h2>\n<p>Ofrecemos clorhidrato de 2-A1MP en cantidades anal\u00edticas relevantes: <b>100 mg (muestra de referencia)<\/b>, <b>500 mg<\/b> y <b>1 g<\/b>.<\/p>\n<p><b>Requisitos obligatorios de las \u00f3rdenes:<\/b><\/p>\n<ol start=\"1\">\n<li>Prueba de la <b>Autorizaci\u00f3n<\/b> del organismo de investigaci\u00f3n.<\/li>\n<li>Confirmaci\u00f3n por escrito de que la sustancia <b>exclusivamente con fines de referencia anal\u00edtica<\/b> se utiliza.<\/li>\n<li>Reconocimiento de la <b>Limitaciones de responsabilidad<\/b> y el <b>FDS<\/b>.<\/li>\n<\/ol>\n<p>Para realizar sus pedidos de forma segura, conforme a la ley y r\u00e1pida <b>Est\u00e1ndares de referencia 2-A1MP<\/b> para garantizar la <b>Validez de sus m\u00e9todos anal\u00edticos<\/b>, p\u00f3ngase en contacto con nosotros directamente.<\/p>","protected":false},"excerpt":{"rendered":"<p><strong>2-A1MP<\/strong> es un compuesto sint\u00e9tico de gran pureza que se ha desarrollado especialmente para investigaciones cient\u00edficas exigentes. Gracias a su estructura qu\u00edmica estable, es ideal para la investigaci\u00f3n en las industrias farmac\u00e9utica y bioqu\u00edmica. <strong>2-A1MP<\/strong> s\u00f3lo es apto para su uso en laboratorio y no para el consumo humano.<\/p>","protected":false},"featured_media":7029,"comment_status":"open","ping_status":"closed","template":"","meta":{"_joinchat":[]},"product_brand":[],"product_cat":[49],"product_tag":[2192,2200,2198,2199,2193,2197,2195,2196,2194,2182],"class_list":{"0":"post-6999","1":"product","2":"type-product","3":"status-publish","4":"has-post-thumbnail","6":"product_cat-cathinones","7":"product_tag-2-a1mp","8":"product_tag-2-a1mp-chemikalien","9":"product_tag-2-a1mp-forschung","10":"product_tag-2-a1mp-fur-forschung","11":"product_tag-2-a1mp-kaufen","12":"product_tag-2-a1mp-kristalle","13":"product_tag-2-a1mp-online","14":"product_tag-2-a1mp-pulver","15":"product_tag-2-a1mp-zum-verkauf","16":"product_tag-synthetische-chemikalien","18":"first","19":"instock","20":"shipping-taxable","21":"purchasable","22":"product-type-variable"},"yoast_head":"<!-- This site is optimized with the Yoast SEO plugin v27.5 - https:\/\/yoast.com\/product\/yoast-seo-wordpress\/ -->\n<title>Bestes 2-A1MP zu verkaufen \u2013 2-A1MP online Kaufen<\/title>\n<meta name=\"description\" content=\"Suchen Sie nach einer zuverl\u00e4ssigen Quelle, um 2-A1MP online zu kaufen? Ihre Suche endet hier. Bestellen Sie 2-A1MP online in unserem vertrauensw\u00fcrdigen Shop und genie\u00dfen Sie einen nahtlosen Kaufprozess, der auf Ihre Forschungsanforderungen zugeschnitten ist.\" \/>\n<meta name=\"robots\" content=\"index, follow, max-snippet:-1, max-image-preview:large, max-video-preview:-1\" \/>\n<link rel=\"canonical\" href=\"https:\/\/chemgramx.com\/es\/producto-1\/comprar-2-a1mp-online\/\" \/>\n<meta property=\"og:locale\" content=\"es_ES\" \/>\n<meta property=\"og:type\" content=\"article\" \/>\n<meta property=\"og:title\" content=\"Bestes 2-A1MP zu verkaufen \u2013 2-A1MP online Kaufen\" \/>\n<meta property=\"og:description\" content=\"Suchen Sie nach einer zuverl\u00e4ssigen Quelle, um 2-A1MP online zu kaufen? Ihre Suche endet hier. Bestellen Sie 2-A1MP online in unserem vertrauensw\u00fcrdigen Shop und genie\u00dfen Sie einen nahtlosen Kaufprozess, der auf Ihre Forschungsanforderungen zugeschnitten ist.\" \/>\n<meta property=\"og:url\" content=\"https:\/\/chemgramx.com\/es\/producto-1\/comprar-2-a1mp-online\/\" \/>\n<meta property=\"og:site_name\" content=\"Chemgramx\" \/>\n<meta property=\"article:modified_time\" content=\"2025-11-21T11:13:07+00:00\" \/>\n<meta property=\"og:image\" content=\"https:\/\/chemgramx.com\/wp-content\/uploads\/2025\/11\/2a1mp.png\" \/>\n\t<meta property=\"og:image:width\" content=\"600\" \/>\n\t<meta property=\"og:image:height\" content=\"400\" \/>\n\t<meta property=\"og:image:type\" content=\"image\/png\" \/>\n<meta name=\"twitter:card\" content=\"summary_large_image\" \/>\n<meta name=\"twitter:label1\" content=\"Tiempo de lectura\" \/>\n\t<meta name=\"twitter:data1\" content=\"4 minutos\" \/>\n<script type=\"application\/ld+json\" class=\"yoast-schema-graph\">{\"@context\":\"https:\\\/\\\/schema.org\",\"@graph\":[{\"@type\":\"WebPage\",\"@id\":\"https:\\\/\\\/chemgramx.com\\\/product\\\/2-a1mp-online-kaufen\\\/\",\"url\":\"https:\\\/\\\/chemgramx.com\\\/product\\\/2-a1mp-online-kaufen\\\/\",\"name\":\"Bestes 2-A1MP zu verkaufen \u2013 2-A1MP online Kaufen\",\"isPartOf\":{\"@id\":\"https:\\\/\\\/chemgramx.com\\\/#website\"},\"primaryImageOfPage\":{\"@id\":\"https:\\\/\\\/chemgramx.com\\\/product\\\/2-a1mp-online-kaufen\\\/#primaryimage\"},\"image\":{\"@id\":\"https:\\\/\\\/chemgramx.com\\\/product\\\/2-a1mp-online-kaufen\\\/#primaryimage\"},\"thumbnailUrl\":\"https:\\\/\\\/chemgramx.com\\\/wp-content\\\/uploads\\\/2025\\\/11\\\/2a1mp.png\",\"datePublished\":\"2025-11-21T11:11:32+00:00\",\"dateModified\":\"2025-11-21T11:13:07+00:00\",\"description\":\"Suchen Sie nach einer zuverl\u00e4ssigen Quelle, um 2-A1MP online zu kaufen? Ihre Suche endet hier. Bestellen Sie 2-A1MP online in unserem vertrauensw\u00fcrdigen Shop und genie\u00dfen Sie einen nahtlosen Kaufprozess, der auf Ihre Forschungsanforderungen zugeschnitten ist.\",\"breadcrumb\":{\"@id\":\"https:\\\/\\\/chemgramx.com\\\/product\\\/2-a1mp-online-kaufen\\\/#breadcrumb\"},\"inLanguage\":\"es\",\"potentialAction\":[{\"@type\":\"ReadAction\",\"target\":[\"https:\\\/\\\/chemgramx.com\\\/product\\\/2-a1mp-online-kaufen\\\/\"]}]},{\"@type\":\"ImageObject\",\"inLanguage\":\"es\",\"@id\":\"https:\\\/\\\/chemgramx.com\\\/product\\\/2-a1mp-online-kaufen\\\/#primaryimage\",\"url\":\"https:\\\/\\\/chemgramx.com\\\/wp-content\\\/uploads\\\/2025\\\/11\\\/2a1mp.png\",\"contentUrl\":\"https:\\\/\\\/chemgramx.com\\\/wp-content\\\/uploads\\\/2025\\\/11\\\/2a1mp.png\",\"width\":600,\"height\":400},{\"@type\":\"BreadcrumbList\",\"@id\":\"https:\\\/\\\/chemgramx.com\\\/product\\\/2-a1mp-online-kaufen\\\/#breadcrumb\",\"itemListElement\":[{\"@type\":\"ListItem\",\"position\":1,\"name\":\"Home\",\"item\":\"https:\\\/\\\/chemgramx.com\\\/\"},{\"@type\":\"ListItem\",\"position\":2,\"name\":\"Shop\",\"item\":\"https:\\\/\\\/chemgramx.com\\\/shop\\\/\"},{\"@type\":\"ListItem\",\"position\":3,\"name\":\"2-A1MP Online Kaufen\"}]},{\"@type\":\"WebSite\",\"@id\":\"https:\\\/\\\/chemgramx.com\\\/#website\",\"url\":\"https:\\\/\\\/chemgramx.com\\\/\",\"name\":\"Chemgramx\",\"description\":\"\",\"publisher\":{\"@id\":\"https:\\\/\\\/chemgramx.com\\\/#organization\"},\"potentialAction\":[{\"@type\":\"SearchAction\",\"target\":{\"@type\":\"EntryPoint\",\"urlTemplate\":\"https:\\\/\\\/chemgramx.com\\\/?s={search_term_string}\"},\"query-input\":{\"@type\":\"PropertyValueSpecification\",\"valueRequired\":true,\"valueName\":\"search_term_string\"}}],\"inLanguage\":\"es\"},{\"@type\":\"Organization\",\"@id\":\"https:\\\/\\\/chemgramx.com\\\/#organization\",\"name\":\"Chemgramx\",\"url\":\"https:\\\/\\\/chemgramx.com\\\/\",\"logo\":{\"@type\":\"ImageObject\",\"inLanguage\":\"es\",\"@id\":\"https:\\\/\\\/chemgramx.com\\\/#\\\/schema\\\/logo\\\/image\\\/\",\"url\":\"https:\\\/\\\/chemgramx.com\\\/wp-content\\\/uploads\\\/2024\\\/10\\\/final-logo.png\",\"contentUrl\":\"https:\\\/\\\/chemgramx.com\\\/wp-content\\\/uploads\\\/2024\\\/10\\\/final-logo.png\",\"width\":250,\"height\":48,\"caption\":\"Chemgramx\"},\"image\":{\"@id\":\"https:\\\/\\\/chemgramx.com\\\/#\\\/schema\\\/logo\\\/image\\\/\"}}]}<\/script>\n<!-- \/ Yoast SEO plugin. -->","yoast_head_json":{"title":"El mejor 2-A1MP en venta: compra el 2-A1MP online","description":"\u00bfBuscas una fuente confiable para comprar 2-A1MP en l\u00ednea? Tu b\u00fasqueda termina aqu\u00ed. Pide 2-A1MP en l\u00ednea en nuestra tienda de confianza y disfruta de un proceso de compra sencillo y adaptado a tus necesidades de investigaci\u00f3n.","robots":{"index":"index","follow":"follow","max-snippet":"max-snippet:-1","max-image-preview":"max-image-preview:large","max-video-preview":"max-video-preview:-1"},"canonical":"https:\/\/chemgramx.com\/es\/producto-1\/comprar-2-a1mp-online\/","og_locale":"es_ES","og_type":"article","og_title":"Bestes 2-A1MP zu verkaufen \u2013 2-A1MP online Kaufen","og_description":"Suchen Sie nach einer zuverl\u00e4ssigen Quelle, um 2-A1MP online zu kaufen? Ihre Suche endet hier. Bestellen Sie 2-A1MP online in unserem vertrauensw\u00fcrdigen Shop und genie\u00dfen Sie einen nahtlosen Kaufprozess, der auf Ihre Forschungsanforderungen zugeschnitten ist.","og_url":"https:\/\/chemgramx.com\/es\/producto-1\/comprar-2-a1mp-online\/","og_site_name":"Chemgramx","article_modified_time":"2025-11-21T11:13:07+00:00","og_image":[{"width":600,"height":400,"url":"https:\/\/chemgramx.com\/wp-content\/uploads\/2025\/11\/2a1mp.png","type":"image\/png"}],"twitter_card":"summary_large_image","twitter_misc":{"Tiempo de lectura":"4 minutos"},"schema":{"@context":"https:\/\/schema.org","@graph":[{"@type":"WebPage","@id":"https:\/\/chemgramx.com\/product\/2-a1mp-online-kaufen\/","url":"https:\/\/chemgramx.com\/product\/2-a1mp-online-kaufen\/","name":"El mejor 2-A1MP en venta: compra el 2-A1MP online","isPartOf":{"@id":"https:\/\/chemgramx.com\/#website"},"primaryImageOfPage":{"@id":"https:\/\/chemgramx.com\/product\/2-a1mp-online-kaufen\/#primaryimage"},"image":{"@id":"https:\/\/chemgramx.com\/product\/2-a1mp-online-kaufen\/#primaryimage"},"thumbnailUrl":"https:\/\/chemgramx.com\/wp-content\/uploads\/2025\/11\/2a1mp.png","datePublished":"2025-11-21T11:11:32+00:00","dateModified":"2025-11-21T11:13:07+00:00","description":"\u00bfBuscas una fuente confiable para comprar 2-A1MP en l\u00ednea? Tu b\u00fasqueda termina aqu\u00ed. Pide 2-A1MP en l\u00ednea en nuestra tienda de confianza y disfruta de un proceso de compra sencillo y adaptado a tus necesidades de investigaci\u00f3n.","breadcrumb":{"@id":"https:\/\/chemgramx.com\/product\/2-a1mp-online-kaufen\/#breadcrumb"},"inLanguage":"es","potentialAction":[{"@type":"ReadAction","target":["https:\/\/chemgramx.com\/product\/2-a1mp-online-kaufen\/"]}]},{"@type":"ImageObject","inLanguage":"es","@id":"https:\/\/chemgramx.com\/product\/2-a1mp-online-kaufen\/#primaryimage","url":"https:\/\/chemgramx.com\/wp-content\/uploads\/2025\/11\/2a1mp.png","contentUrl":"https:\/\/chemgramx.com\/wp-content\/uploads\/2025\/11\/2a1mp.png","width":600,"height":400},{"@type":"BreadcrumbList","@id":"https:\/\/chemgramx.com\/product\/2-a1mp-online-kaufen\/#breadcrumb","itemListElement":[{"@type":"ListItem","position":1,"name":"Home","item":"https:\/\/chemgramx.com\/"},{"@type":"ListItem","position":2,"name":"Shop","item":"https:\/\/chemgramx.com\/shop\/"},{"@type":"ListItem","position":3,"name":"2-A1MP Online Kaufen"}]},{"@type":"WebSite","@id":"https:\/\/chemgramx.com\/#website","url":"https:\/\/chemgramx.com\/","name":"Chemgramx","description":"","publisher":{"@id":"https:\/\/chemgramx.com\/#organization"},"potentialAction":[{"@type":"SearchAction","target":{"@type":"EntryPoint","urlTemplate":"https:\/\/chemgramx.com\/?s={search_term_string}"},"query-input":{"@type":"PropertyValueSpecification","valueRequired":true,"valueName":"search_term_string"}}],"inLanguage":"es"},{"@type":"Organization","@id":"https:\/\/chemgramx.com\/#organization","name":"Chemgramx","url":"https:\/\/chemgramx.com\/","logo":{"@type":"ImageObject","inLanguage":"es","@id":"https:\/\/chemgramx.com\/#\/schema\/logo\/image\/","url":"https:\/\/chemgramx.com\/wp-content\/uploads\/2024\/10\/final-logo.png","contentUrl":"https:\/\/chemgramx.com\/wp-content\/uploads\/2024\/10\/final-logo.png","width":250,"height":48,"caption":"Chemgramx"},"image":{"@id":"https:\/\/chemgramx.com\/#\/schema\/logo\/image\/"}}]}},"_links":{"self":[{"href":"https:\/\/chemgramx.com\/es\/wp-json\/wp\/v2\/product\/6999","targetHints":{"allow":["GET"]}}],"collection":[{"href":"https:\/\/chemgramx.com\/es\/wp-json\/wp\/v2\/product"}],"about":[{"href":"https:\/\/chemgramx.com\/es\/wp-json\/wp\/v2\/types\/product"}],"replies":[{"embeddable":true,"href":"https:\/\/chemgramx.com\/es\/wp-json\/wp\/v2\/comments?post=6999"}],"wp:featuredmedia":[{"embeddable":true,"href":"https:\/\/chemgramx.com\/es\/wp-json\/wp\/v2\/media\/7029"}],"wp:attachment":[{"href":"https:\/\/chemgramx.com\/es\/wp-json\/wp\/v2\/media?parent=6999"}],"wp:term":[{"taxonomy":"product_brand","embeddable":true,"href":"https:\/\/chemgramx.com\/es\/wp-json\/wp\/v2\/product_brand?post=6999"},{"taxonomy":"product_cat","embeddable":true,"href":"https:\/\/chemgramx.com\/es\/wp-json\/wp\/v2\/product_cat?post=6999"},{"taxonomy":"product_tag","embeddable":true,"href":"https:\/\/chemgramx.com\/es\/wp-json\/wp\/v2\/product_tag?post=6999"}],"curies":[{"name":"wp","href":"https:\/\/api.w.org\/{rel}","templated":true}]}}