{"id":7001,"date":"2025-11-21T11:11:33","date_gmt":"2025-11-21T11:11:33","guid":{"rendered":"https:\/\/chemgramx.com\/?post_type=product&#038;p=7001"},"modified":"2025-11-21T11:13:07","modified_gmt":"2025-11-21T11:13:07","slug":"3-comprar-cec-online","status":"publish","type":"product","link":"https:\/\/chemgramx.com\/es\/product\/3-cec-online-kaufen\/","title":{"rendered":"Compre 3-CEC en l\u00ednea"},"content":{"rendered":"<p><b>Clorhidrato de 3-CEC<\/b> (3-cloroetcatinona) es una <b>Patr\u00f3n anal\u00edtico de referencia de primera calidad<\/b> de la clase qu\u00edmicamente importante de <b>sustituido <a href=\"\/product\/3-mmc-3-methylmethcathinon-online-kaufen\/\">Catinona<\/a><\/b>. En <b>Sustituci\u00f3n por cloro<\/b> en la posici\u00f3n meta (3-) del anillo fenilo confiere a esta mol\u00e9cula una firma qu\u00edmica espec\u00edfica que la convierte en una <b>herramienta indispensable<\/b> en el <b>toxicolog\u00eda forense<\/b> y el <b>an\u00e1lisis qu\u00edmico<\/b> de <b>nuevas sustancias psicotr\u00f3picas (NSP)<\/b> hace. 3-CEC es un reactivo clave para los laboratorios especializados en la investigaci\u00f3n de la <b>Relaciones estructura-actividad (SAR)<\/b> catinonas cloradas y la <b>Validaci\u00f3n de los m\u00e9todos de detecci\u00f3n<\/b> concentrado.<\/p>\n<p>Este <b>Norma qu\u00edmica de investigaci\u00f3n de alta calidad<\/b> se utiliza exclusivamente para <b>controlados, con fines cient\u00edficos<\/b> en <b>Expertos cualificados<\/b> y <b>Instituciones de investigaci\u00f3n acreditadas<\/b> distribuidos. Garantizamos una <b>pureza confirmada anal\u00edticamente de <span class=\"math-inline\" data-math=\"ge98,%\">98%<\/span><\/b>\u00a0de la sal clorhidrato, que es la base absoluta para <b>precisos, trazables y reproducibles<\/b> Resultados de la medici\u00f3n en el <b>Espectrometr\u00eda de masas<\/b> y <b>Cromatograf\u00eda<\/b> formularios. Para los laboratorios que disponen de un <b>Norma de referencia 3-CEC<\/b>, <b>Material de control de cloroetcatinona<\/b> o <b>reactivos anal\u00edticos para el an\u00e1lisis de medicamentos<\/b> ofrecemos la m\u00e1xima calidad y seguridad de cumplimiento.<\/p>\n<h2>\u00a0Excelencia anal\u00edtica: especificaciones qu\u00edmicas y garant\u00eda de calidad al m\u00e1s alto nivel<\/h2>\n<p>La identidad molecular y la pureza garantizada son los principales requisitos de cualquier est\u00e1ndar forense. La caracterizaci\u00f3n exacta de la estructura de la 3-CEC es crucial para la diferenciaci\u00f3n de is\u00f3meros (por ejemplo, 4-CEC) y hom\u00f3logos.<\/p>\n<h3>Identidad qu\u00edmica detallada y propiedades f\u00edsicas<\/h3>\n<p>3-CEC pertenece a la familia de <b>Catinona<\/b>, que est\u00e1n estructuralmente relacionadas con las anfetaminas, pero se caracterizan por una <span class=\"math-inline\" data-math=\"beta\">beta<\/span>-grupo keto. El <b>Sustituci\u00f3n por cloro<\/b> en meta-posici\u00f3n es el marcador anal\u00edtico de esta mol\u00e9cula.<\/p>\n<ul>\n<li><b>Clase qu\u00edmica:<\/b> Catinonas sustituidas (derivados de la etacatinona).<\/li>\n<li><b>Nomenclatura:<\/b> 3-Cloroetcatinona (como sal clorhidrato).<\/li>\n<li><b>F\u00f3rmula qu\u00edmica (base):<\/b> <span class=\"math-inline\" data-math=\"text{C}_{11}text{H}_{14}text{ClNO}\">{C}{11}{H}{14}{ClNO}<\/span><\/li>\n<li><b>Masa molar:<\/b> <span class=\"math-inline\" data-math=\"approx 211,69 , text{g\/mol}\">aprox. 211,69 {g\/mol}<\/span>\u00a0(base), decisivo para el calibrado.<\/li>\n<li><b>Formulaci\u00f3n:<\/b> Est\u00e1 disponible como <b>Sal clorhidrato<\/b> lo que significa un aumento <b>Durabilidad<\/b> y excelente <b>Solubilidad<\/b> en disolventes polares (metanol, acetonitrilo) para <span class=\"math-inline\" data-math=\"LC-MS\/MS\">LC-MS\/MS<\/span>-los ensayos est\u00e1n garantizados.<\/li>\n<li><b>Estado agregado:<\/b> Alta pureza, <b>polvo cristalino<\/b>, optimizado para un pesaje gravim\u00e9trico preciso seg\u00fan <b>Normativa ISO 17025<\/b>.<\/li>\n<\/ul>\n<h3>Pureza garantizada mediante verificaci\u00f3n y documentaci\u00f3n multianal\u00edtica<\/h3>\n<p>Nuestro compromiso con la pureza de <b><span class=\"math-inline\" data-math=\"ge98,%\">98%<\/span><\/b>\u00a0se garantiza mediante m\u00e9todos anal\u00edticos redundantes que cumplen los requisitos de <b>GLP<\/b> y <b>ISO 17025<\/b> superar.<\/p>\n<ol start=\"1\">\n<li><b>Confirmaci\u00f3n de la pureza primaria (cuantificaci\u00f3n):<\/b> La pureza se determina principalmente mediante <b>HPLC (cromatograf\u00eda l\u00edquida de alto rendimiento)<\/b> el patr\u00f3n oro para la detecci\u00f3n de todas las impurezas no vol\u00e1tiles.<\/li>\n<li><b>Identificaci\u00f3n molecular secundaria (cualificaci\u00f3n):<\/b> La identidad se confirma mediante al menos dos m\u00e9todos independientes: <b>Cromatograf\u00eda de gases-espectrometr\u00eda de masas (GC\/MS)<\/b> y <b>Cromatograf\u00eda l\u00edquida en t\u00e1ndem<a href=\"\/product\/alpha-pvt-online-kaufen\/\">Espectrometr\u00eda de masas<\/a> (LC-MS\/MS)<\/b>. Estos m\u00e9todos proporcionan la <b>iones fragmento caracter\u00edsticos<\/b> y <b>firmas espectrales<\/b>, que son esenciales para la creaci\u00f3n de bases de datos forenses.<\/li>\n<li><b>Certificado exhaustivo de an\u00e1lisis (CoA):<\/b> Cada lote contiene un <b>CoA<\/b>, datos espectrales, la evaluaci\u00f3n de la pureza y la <b>Trazabilidad<\/b> del lote de s\u00edntesis.<\/li>\n<li><b>Consistencia de los lotes:<\/b> Gracias a los procesos normalizados de producci\u00f3n y limpieza, garantizamos un m\u00ednimo de residuos. <b>Variabilidad de los lotes<\/b>, que son responsables de la <b>Validaci\u00f3n a largo plazo<\/b> de m\u00e9todos a lo largo de los a\u00f1os es crucial.<\/li>\n<\/ol>\n<h2>Campos de aplicaci\u00f3n ampliados en medicina forense, toxicolog\u00eda y farmacolog\u00eda<\/h2>\n<p>El clorhidrato de 3-CEC es una mol\u00e9cula de control fundamental para comprender la toxicolog\u00eda de los estimulantes clorados y desarrollar m\u00e9todos de detecci\u00f3n precisos.<\/p>\n<h3>Toxicolog\u00eda forense, calibraci\u00f3n y control de calidad<\/h3>\n<p>La norma es esencial para los laboratorios que analizan muestras en casos cr\u00edticos (por ejemplo, toxicolog\u00eda de tr\u00e1fico, an\u00e1lisis post mortem).<\/p>\n<ul>\n<li><b>Validaci\u00f3n del m\u00e9todo:<\/b> La norma se utiliza para <b>Validaci\u00f3n<\/b> de <span class=\"math-inline\" data-math=\"LC-MS\/MS\">LC-MS\/MS<\/span> y <span class=\"math-inline\" data-math=\"GC-MS\">GC-MS<\/span>\u00a0M\u00e9todos para una <b>Identificaci\u00f3n<\/b> y <b>Cuantificaci\u00f3n<\/b> de catinonas en muestras biol\u00f3gicas. La determinaci\u00f3n exacta de <b>Tiempos de retenci\u00f3n<\/b> y <b>Patrones de fragmentaci\u00f3n MS<\/b> es esencial aqu\u00ed.<\/li>\n<li><b>Calibraci\u00f3n:<\/b> Este material de gran pureza se utiliza para crear <b>Curvas de calibraci\u00f3n<\/b> que es la base para la determinaci\u00f3n precisa de concentraciones en el rango bajo de nanogramos en matrices forenses.<\/li>\n<li><b>Control de calidad (CC):<\/b> 3-CEC act\u00faa como <b>Punto de referencia<\/b> para la puesta a punto diaria y <b>Comprobaci\u00f3n del rendimiento<\/b> de espectr\u00f3metros de masas sensibles y como patr\u00f3n de control positivo en mediciones rutinarias.<\/li>\n<\/ul>\n<h3>Investigaci\u00f3n farmacol\u00f3gica y metab\u00f3lica<\/h3>\n<p>La investigaci\u00f3n utiliza 3-CEC para investigar los efectos de la sustituci\u00f3n por cloro en el perfil farmacol\u00f3gico y el metabolismo.<\/p>\n<ul>\n<li><b>Estudios sobre neurotransmisores:<\/b> La investigaci\u00f3n molecular investiga la <b>Afinidad<\/b> y <b>Potencia<\/b> de la mol\u00e9cula <b>Transportadores de monoaminas<\/b> (dopamina, noradrenalina, serotonina). Estos datos son esenciales para predecir el riesgo toxicol\u00f3gico y modelizar la <i>in vitro<\/i> Actividad.<\/li>\n<li><b>Identificaci\u00f3n del metabolismo:<\/b> A trav\u00e9s de <b><span class=\"math-inline\" data-math=\"In\">En<\/span>\u00a0<span class=\"math-inline\" data-math=\"vitro\">vitro<\/span>-Estudios<\/b> todas las primarias y secundarias <b>Metabolitos<\/b> de 3-CEC y se confirm\u00f3 su estructura. El conocimiento preciso de estos perfiles de metabolitos es esencial para que los laboratorios forenses puedan detectar la sustancia incluso despu\u00e9s de su degradaci\u00f3n y ampliar as\u00ed los tiempos de detecci\u00f3n.<\/li>\n<\/ul>\n<h2>\u00a0Marco jur\u00eddico y conformidad de los laboratorios<\/h2>\n<p>La adquisici\u00f3n y manipulaci\u00f3n de este <b>productos qu\u00edmicos de investigaci\u00f3n controlada<\/b> est\u00e1n sujetos a las normas m\u00e1s estrictas y se reservan exclusivamente a la investigaci\u00f3n cient\u00edfica.<\/p>\n<h3>Cumplimiento de la normativa<\/h3>\n<p>Dado que la 3-CEC est\u00e1 reconocida en muchas jurisdicciones como una <b>sustancia controlada<\/b> (por ejemplo, en Alemania bajo la <b>NpSG<\/b>), la distribuci\u00f3n est\u00e1 muy regulada.<\/p>\n<ul>\n<li><b>Exclusivamente investigaci\u00f3n:<\/b> Las ventas est\u00e1n estrictamente limitadas al <b>An\u00e1lisis e investigaci\u00f3n<\/b> en <b>instituciones cient\u00edficas autorizadas<\/b> restringido. Cualquier uso indebido o no autorizado no est\u00e1 permitido.<\/li>\n<li><b>Obligaci\u00f3n del comprador:<\/b> El comprador asume la plena responsabilidad del cumplimiento de todos los <b>legislaci\u00f3n local e internacional<\/b> relativa a la importaci\u00f3n, posesi\u00f3n y utilizaci\u00f3n de sustancias qu\u00edmicas controladas.<\/li>\n<\/ul>\n<h3>Protocolos de seguridad para los usuarios del laboratorio<\/h3>\n<p>Cumplimiento estricto de la <b>Ficha de datos de seguridad (FDS)<\/b> es obligatorio.<\/p>\n<ul>\n<li><b>PSA:<\/b> <b>Bata de laboratorio, gafas de seguridad<\/b> y resistente a los productos qu\u00edmicos <b>Guantes<\/b> son obligatorias. Se recomienda encarecidamente el uso de m\u00e1scaras respiratorias (FFP3) al manipular el polvo.<\/li>\n<li><b>Entorno de trabajo:<\/b> La manipulaci\u00f3n del polvo debe realizarse bajo <b>sistemas certificados de vitrinas de gases<\/b> tener lugar.<\/li>\n<li><b>Almacenamiento:<\/b> <b>Genial (<span class=\"math-inline\" data-math=\"text{2\u20138 \u00b0C}\">2-8 \u00b0C<\/span>), seco y protegido de la luz<\/b> almacenarse. Adem\u00e1s, el almacenamiento debe ser estrictamente <b>Libro de existencias<\/b> documentarse.<\/li>\n<\/ul>\n<h2>\u00a0Adquisici\u00f3n del patr\u00f3n de referencia 3-CEC: su socio para la excelencia anal\u00edtica<\/h2>\n<p>Ofrecemos clorhidrato de 3-CEC en cantidades anal\u00edticamente relevantes: <b>100 mg (muestra de referencia)<\/b>, <b>500 mg<\/b> y <b>1 g<\/b>.<\/p>\n<p><b>Requisitos obligatorios de las \u00f3rdenes:<\/b><\/p>\n<ol start=\"1\">\n<li>Prueba de la <b>Autorizaci\u00f3n<\/b> del organismo de investigaci\u00f3n.<\/li>\n<li>Confirmaci\u00f3n por escrito de que la sustancia <b>exclusivamente con fines de referencia anal\u00edtica<\/b> (calibraci\u00f3n, validaci\u00f3n, control de calidad).<\/li>\n<li>Reconocimiento de la <b>Limitaciones de responsabilidad<\/b> y el <b>FDS<\/b>.<\/li>\n<\/ol>\n<p>Para realizar sus pedidos de forma segura, conforme a la ley y r\u00e1pida <b>Normas de referencia 3-CEC<\/b> para garantizar la <b>Validez de sus m\u00e9todos anal\u00edticos<\/b>, p\u00f3ngase en contacto con nosotros directamente.<\/p>","protected":false},"excerpt":{"rendered":"<p><strong>2-PTC<\/strong> es un producto qu\u00edmico sint\u00e9tico de alta calidad especialmente desarrollado para aplicaciones cient\u00edficas. Su excepcional pureza lo hace ideal para el estudio de las interacciones moleculares y la investigaci\u00f3n farmacol\u00f3gica. Este producto est\u00e1 destinado exclusivamente al uso en laboratorio y no es apto para el consumo humano.<\/p>","protected":false},"featured_media":7031,"comment_status":"open","ping_status":"closed","template":"","meta":{"_joinchat":[]},"product_brand":[],"product_cat":[49],"product_tag":[2167,2173,2174,2175,2168,2172,2170,2171,2169,248],"class_list":{"0":"post-7001","1":"product","2":"type-product","3":"status-publish","4":"has-post-thumbnail","6":"product_cat-cathinones","7":"product_tag-3-cec","8":"product_tag-3-cec-chemikalien","9":"product_tag-3-cec-forschung","10":"product_tag-3-cec-fur-forschung","11":"product_tag-3-cec-kaufen","12":"product_tag-3-cec-kristalle","13":"product_tag-3-cec-online","14":"product_tag-3-cec-pulver","15":"product_tag-3-cec-zum-verkauf","16":"product_tag-synthetische-stimulanzien","18":"first","19":"instock","20":"shipping-taxable","21":"purchasable","22":"product-type-variable"},"yoast_head":"<!-- This site is optimized with the Yoast SEO plugin v27.5 - https:\/\/yoast.com\/product\/yoast-seo-wordpress\/ -->\n<title>3-CEC online kaufen \u2013 3-CEC zu verkaufen | Chemgramx<\/title>\n<meta name=\"description\" content=\"Sie k\u00f6nnen mit unserem Chemgramx-Onlineshop in Kontakt treten und 3-CEC online kaufen. Sie k\u00f6nnen 3-CEC zu g\u00fcnstigen Preisen kaufen. Jetzt bestellen!\" \/>\n<meta name=\"robots\" content=\"index, follow, max-snippet:-1, max-image-preview:large, max-video-preview:-1\" \/>\n<link rel=\"canonical\" href=\"https:\/\/chemgramx.com\/es\/producto-1\/3-comprar-cec-online\/\" \/>\n<meta property=\"og:locale\" content=\"es_ES\" \/>\n<meta property=\"og:type\" content=\"article\" \/>\n<meta property=\"og:title\" content=\"3-CEC online kaufen \u2013 3-CEC zu verkaufen | Chemgramx\" \/>\n<meta property=\"og:description\" content=\"Sie k\u00f6nnen mit unserem Chemgramx-Onlineshop in Kontakt treten und 3-CEC online kaufen. Sie k\u00f6nnen 3-CEC zu g\u00fcnstigen Preisen kaufen. Jetzt bestellen!\" \/>\n<meta property=\"og:url\" content=\"https:\/\/chemgramx.com\/es\/producto-1\/3-comprar-cec-online\/\" \/>\n<meta property=\"og:site_name\" content=\"Chemgramx\" \/>\n<meta property=\"article:modified_time\" content=\"2025-11-21T11:13:07+00:00\" \/>\n<meta property=\"og:image\" content=\"https:\/\/chemgramx.com\/wp-content\/uploads\/2025\/11\/3cec.png\" \/>\n\t<meta property=\"og:image:width\" content=\"600\" \/>\n\t<meta property=\"og:image:height\" content=\"400\" \/>\n\t<meta property=\"og:image:type\" content=\"image\/png\" \/>\n<meta name=\"twitter:card\" content=\"summary_large_image\" \/>\n<meta name=\"twitter:label1\" content=\"Tiempo de lectura\" \/>\n\t<meta name=\"twitter:data1\" content=\"4 minutos\" \/>\n<script type=\"application\/ld+json\" class=\"yoast-schema-graph\">{\"@context\":\"https:\\\/\\\/schema.org\",\"@graph\":[{\"@type\":\"WebPage\",\"@id\":\"https:\\\/\\\/chemgramx.com\\\/product\\\/3-cec-online-kaufen\\\/\",\"url\":\"https:\\\/\\\/chemgramx.com\\\/product\\\/3-cec-online-kaufen\\\/\",\"name\":\"3-CEC online kaufen \u2013 3-CEC zu verkaufen | Chemgramx\",\"isPartOf\":{\"@id\":\"https:\\\/\\\/chemgramx.com\\\/#website\"},\"primaryImageOfPage\":{\"@id\":\"https:\\\/\\\/chemgramx.com\\\/product\\\/3-cec-online-kaufen\\\/#primaryimage\"},\"image\":{\"@id\":\"https:\\\/\\\/chemgramx.com\\\/product\\\/3-cec-online-kaufen\\\/#primaryimage\"},\"thumbnailUrl\":\"https:\\\/\\\/chemgramx.com\\\/wp-content\\\/uploads\\\/2025\\\/11\\\/3cec.png\",\"datePublished\":\"2025-11-21T11:11:33+00:00\",\"dateModified\":\"2025-11-21T11:13:07+00:00\",\"description\":\"Sie k\u00f6nnen mit unserem Chemgramx-Onlineshop in Kontakt treten und 3-CEC online kaufen. Sie k\u00f6nnen 3-CEC zu g\u00fcnstigen Preisen kaufen. Jetzt bestellen!\",\"breadcrumb\":{\"@id\":\"https:\\\/\\\/chemgramx.com\\\/product\\\/3-cec-online-kaufen\\\/#breadcrumb\"},\"inLanguage\":\"es\",\"potentialAction\":[{\"@type\":\"ReadAction\",\"target\":[\"https:\\\/\\\/chemgramx.com\\\/product\\\/3-cec-online-kaufen\\\/\"]}]},{\"@type\":\"ImageObject\",\"inLanguage\":\"es\",\"@id\":\"https:\\\/\\\/chemgramx.com\\\/product\\\/3-cec-online-kaufen\\\/#primaryimage\",\"url\":\"https:\\\/\\\/chemgramx.com\\\/wp-content\\\/uploads\\\/2025\\\/11\\\/3cec.png\",\"contentUrl\":\"https:\\\/\\\/chemgramx.com\\\/wp-content\\\/uploads\\\/2025\\\/11\\\/3cec.png\",\"width\":600,\"height\":400},{\"@type\":\"BreadcrumbList\",\"@id\":\"https:\\\/\\\/chemgramx.com\\\/product\\\/3-cec-online-kaufen\\\/#breadcrumb\",\"itemListElement\":[{\"@type\":\"ListItem\",\"position\":1,\"name\":\"Home\",\"item\":\"https:\\\/\\\/chemgramx.com\\\/\"},{\"@type\":\"ListItem\",\"position\":2,\"name\":\"Shop\",\"item\":\"https:\\\/\\\/chemgramx.com\\\/shop\\\/\"},{\"@type\":\"ListItem\",\"position\":3,\"name\":\"3-CEC Online Kaufen\"}]},{\"@type\":\"WebSite\",\"@id\":\"https:\\\/\\\/chemgramx.com\\\/#website\",\"url\":\"https:\\\/\\\/chemgramx.com\\\/\",\"name\":\"Chemgramx\",\"description\":\"\",\"publisher\":{\"@id\":\"https:\\\/\\\/chemgramx.com\\\/#organization\"},\"potentialAction\":[{\"@type\":\"SearchAction\",\"target\":{\"@type\":\"EntryPoint\",\"urlTemplate\":\"https:\\\/\\\/chemgramx.com\\\/?s={search_term_string}\"},\"query-input\":{\"@type\":\"PropertyValueSpecification\",\"valueRequired\":true,\"valueName\":\"search_term_string\"}}],\"inLanguage\":\"es\"},{\"@type\":\"Organization\",\"@id\":\"https:\\\/\\\/chemgramx.com\\\/#organization\",\"name\":\"Chemgramx\",\"url\":\"https:\\\/\\\/chemgramx.com\\\/\",\"logo\":{\"@type\":\"ImageObject\",\"inLanguage\":\"es\",\"@id\":\"https:\\\/\\\/chemgramx.com\\\/#\\\/schema\\\/logo\\\/image\\\/\",\"url\":\"https:\\\/\\\/chemgramx.com\\\/wp-content\\\/uploads\\\/2024\\\/10\\\/final-logo.png\",\"contentUrl\":\"https:\\\/\\\/chemgramx.com\\\/wp-content\\\/uploads\\\/2024\\\/10\\\/final-logo.png\",\"width\":250,\"height\":48,\"caption\":\"Chemgramx\"},\"image\":{\"@id\":\"https:\\\/\\\/chemgramx.com\\\/#\\\/schema\\\/logo\\\/image\\\/\"}}]}<\/script>\n<!-- \/ Yoast SEO plugin. -->","yoast_head_json":{"title":"Compre 3-CEC en l\u00ednea \u2013 3-CEC a la venta | Chemgramx","description":"Puedes contactar con nuestra tienda en l\u00ednea Chemgramx y comprar 3-CEC en l\u00ednea. Puedes comprar 3-CEC a precios asequibles. \u00a1Haz tu pedido ahora!","robots":{"index":"index","follow":"follow","max-snippet":"max-snippet:-1","max-image-preview":"max-image-preview:large","max-video-preview":"max-video-preview:-1"},"canonical":"https:\/\/chemgramx.com\/es\/producto-1\/3-comprar-cec-online\/","og_locale":"es_ES","og_type":"article","og_title":"3-CEC online kaufen \u2013 3-CEC zu verkaufen | Chemgramx","og_description":"Sie k\u00f6nnen mit unserem Chemgramx-Onlineshop in Kontakt treten und 3-CEC online kaufen. Sie k\u00f6nnen 3-CEC zu g\u00fcnstigen Preisen kaufen. Jetzt bestellen!","og_url":"https:\/\/chemgramx.com\/es\/producto-1\/3-comprar-cec-online\/","og_site_name":"Chemgramx","article_modified_time":"2025-11-21T11:13:07+00:00","og_image":[{"width":600,"height":400,"url":"https:\/\/chemgramx.com\/wp-content\/uploads\/2025\/11\/3cec.png","type":"image\/png"}],"twitter_card":"summary_large_image","twitter_misc":{"Tiempo de lectura":"4 minutos"},"schema":{"@context":"https:\/\/schema.org","@graph":[{"@type":"WebPage","@id":"https:\/\/chemgramx.com\/product\/3-cec-online-kaufen\/","url":"https:\/\/chemgramx.com\/product\/3-cec-online-kaufen\/","name":"Compre 3-CEC en l\u00ednea \u2013 3-CEC a la venta | Chemgramx","isPartOf":{"@id":"https:\/\/chemgramx.com\/#website"},"primaryImageOfPage":{"@id":"https:\/\/chemgramx.com\/product\/3-cec-online-kaufen\/#primaryimage"},"image":{"@id":"https:\/\/chemgramx.com\/product\/3-cec-online-kaufen\/#primaryimage"},"thumbnailUrl":"https:\/\/chemgramx.com\/wp-content\/uploads\/2025\/11\/3cec.png","datePublished":"2025-11-21T11:11:33+00:00","dateModified":"2025-11-21T11:13:07+00:00","description":"Puedes contactar con nuestra tienda en l\u00ednea Chemgramx y comprar 3-CEC en l\u00ednea. Puedes comprar 3-CEC a precios asequibles. \u00a1Haz tu pedido ahora!","breadcrumb":{"@id":"https:\/\/chemgramx.com\/product\/3-cec-online-kaufen\/#breadcrumb"},"inLanguage":"es","potentialAction":[{"@type":"ReadAction","target":["https:\/\/chemgramx.com\/product\/3-cec-online-kaufen\/"]}]},{"@type":"ImageObject","inLanguage":"es","@id":"https:\/\/chemgramx.com\/product\/3-cec-online-kaufen\/#primaryimage","url":"https:\/\/chemgramx.com\/wp-content\/uploads\/2025\/11\/3cec.png","contentUrl":"https:\/\/chemgramx.com\/wp-content\/uploads\/2025\/11\/3cec.png","width":600,"height":400},{"@type":"BreadcrumbList","@id":"https:\/\/chemgramx.com\/product\/3-cec-online-kaufen\/#breadcrumb","itemListElement":[{"@type":"ListItem","position":1,"name":"Home","item":"https:\/\/chemgramx.com\/"},{"@type":"ListItem","position":2,"name":"Shop","item":"https:\/\/chemgramx.com\/shop\/"},{"@type":"ListItem","position":3,"name":"3-CEC Online Kaufen"}]},{"@type":"WebSite","@id":"https:\/\/chemgramx.com\/#website","url":"https:\/\/chemgramx.com\/","name":"Chemgramx","description":"","publisher":{"@id":"https:\/\/chemgramx.com\/#organization"},"potentialAction":[{"@type":"SearchAction","target":{"@type":"EntryPoint","urlTemplate":"https:\/\/chemgramx.com\/?s={search_term_string}"},"query-input":{"@type":"PropertyValueSpecification","valueRequired":true,"valueName":"search_term_string"}}],"inLanguage":"es"},{"@type":"Organization","@id":"https:\/\/chemgramx.com\/#organization","name":"Chemgramx","url":"https:\/\/chemgramx.com\/","logo":{"@type":"ImageObject","inLanguage":"es","@id":"https:\/\/chemgramx.com\/#\/schema\/logo\/image\/","url":"https:\/\/chemgramx.com\/wp-content\/uploads\/2024\/10\/final-logo.png","contentUrl":"https:\/\/chemgramx.com\/wp-content\/uploads\/2024\/10\/final-logo.png","width":250,"height":48,"caption":"Chemgramx"},"image":{"@id":"https:\/\/chemgramx.com\/#\/schema\/logo\/image\/"}}]}},"_links":{"self":[{"href":"https:\/\/chemgramx.com\/es\/wp-json\/wp\/v2\/product\/7001","targetHints":{"allow":["GET"]}}],"collection":[{"href":"https:\/\/chemgramx.com\/es\/wp-json\/wp\/v2\/product"}],"about":[{"href":"https:\/\/chemgramx.com\/es\/wp-json\/wp\/v2\/types\/product"}],"replies":[{"embeddable":true,"href":"https:\/\/chemgramx.com\/es\/wp-json\/wp\/v2\/comments?post=7001"}],"wp:featuredmedia":[{"embeddable":true,"href":"https:\/\/chemgramx.com\/es\/wp-json\/wp\/v2\/media\/7031"}],"wp:attachment":[{"href":"https:\/\/chemgramx.com\/es\/wp-json\/wp\/v2\/media?parent=7001"}],"wp:term":[{"taxonomy":"product_brand","embeddable":true,"href":"https:\/\/chemgramx.com\/es\/wp-json\/wp\/v2\/product_brand?post=7001"},{"taxonomy":"product_cat","embeddable":true,"href":"https:\/\/chemgramx.com\/es\/wp-json\/wp\/v2\/product_cat?post=7001"},{"taxonomy":"product_tag","embeddable":true,"href":"https:\/\/chemgramx.com\/es\/wp-json\/wp\/v2\/product_tag?post=7001"}],"curies":[{"name":"wp","href":"https:\/\/api.w.org\/{rel}","templated":true}]}}