{"id":7003,"date":"2025-11-21T11:11:33","date_gmt":"2025-11-21T11:11:33","guid":{"rendered":"https:\/\/chemgramx.com\/?post_type=product&#038;p=7003"},"modified":"2025-11-21T11:13:20","modified_gmt":"2025-11-21T11:13:20","slug":"4-comprar-mprc-online","status":"publish","type":"product","link":"https:\/\/chemgramx.com\/es\/product\/4-mprc-online-kaufen\/","title":{"rendered":"Comprar 4-MPrC en l\u00ednea"},"content":{"rendered":"<p><b>Clorhidrato de 4-MPrC<\/b> (4-metilfenilpropan-2-amina) representa una <b>Premium <a href=\"\/product\/4f-pentedrone-online-kaufen\/\">Anal\u00edtica<\/a> Norma de referencia<\/b> de la importante clase qu\u00edmica de <b>Feniletilamina<\/b>. Esta mol\u00e9cula est\u00e1 estructuralmente relacionada con numerosos estimulantes de relevancia forense, lo que la convierte en una referencia indispensable en la ciencia forense. <b>an\u00e1lisis toxicol\u00f3gicos y forenses<\/b> representa. Su firma molecular espec\u00edfica permite una calibraci\u00f3n y diferenciaci\u00f3n precisas en el contexto del <b>nuevas sustancias psicotr\u00f3picas (NSP)<\/b>.<\/p>\n<p>La distribuci\u00f3n de este <b>Est\u00e1ndares 4-MPrC<\/b> est\u00e1 estrictamente regulada y tiene lugar <b>exclusivamente con fines cient\u00edficos controlados<\/b> en <b>Expertos cualificados<\/b> en <b>instituciones de investigaci\u00f3n autorizadas y acreditadas<\/b>. Garantizamos un <b>pureza confirmada anal\u00edticamente de <span class=\"math-inline\" data-math=\"ge98,%\">98%<\/span><\/b>\u00a0de la sal clorhidrato, el requisito previo fundamental para la <b>Validez<\/b> y <b>Reproducibilidad<\/b> de su altamente sensible <b>cromatogr\u00e1fico<\/b> y <b>espectrosc\u00f3pico<\/b> Mediciones. Para laboratorios que requieren un <b>Patr\u00f3n de control de feniletilamina<\/b> o <b>Material de referencia 4-MPrC<\/b> sentamos las bases de las normas cient\u00edficas y jur\u00eddicas m\u00e1s estrictas.<\/p>\n<h2>\u00a0Excelencia anal\u00edtica: especificaciones qu\u00edmicas y garant\u00eda de calidad al m\u00e1s alto nivel<\/h2>\n<p>La integridad del material de referencia es la piedra angular de cualquier m\u00e9todo anal\u00edtico v\u00e1lido. La caracterizaci\u00f3n precisa de 4-MPrC es crucial para la diferenciaci\u00f3n de is\u00f3meros y an\u00e1logos estructurales, que a menudo se caracterizan por diferencias de sustituci\u00f3n m\u00ednimas.<\/p>\n<h3>Caracterizaci\u00f3n qu\u00edmica detallada y propiedades de los materiales<\/h3>\n<p>4-MPrC pertenece a la clase de <b>Feniletilamina<\/b>, cuya estructura b\u00e1sica consiste en un anillo de fenilo y una cadena de etilamina. La sustituci\u00f3n metilo en la posici\u00f3n 4 del anillo fenilo es responsable de las propiedades qu\u00edmicas y metab\u00f3licas espec\u00edficas de la mol\u00e9cula y debe analizarse con precisi\u00f3n.<\/p>\n<ul>\n<li><b>Clase qu\u00edmica:<\/b> Feniletilaminas sustituidas.<\/li>\n<li><b>Nomenclatura:<\/b> 4-metilfenilpropan-2-amina (como sal clorhidrato).<\/li>\n<li><b>Peso molecular:<\/b> Crucial para la preparaci\u00f3n gravim\u00e9trica y volum\u00e9trica de soluciones patr\u00f3n.<\/li>\n<li><b>Formulaci\u00f3n:<\/b> Est\u00e1 disponible como <b>Sal clorhidrato<\/b> lo que significa un aumento <b>Durabilidad<\/b> y <b>buena solubilidad<\/b> en disolventes polares (metanol, tampones acuosos) para <span class=\"math-inline\" data-math=\"LC-MS\/MS\">LC-MS\/MS<\/span>-los ensayos est\u00e1n garantizados.<\/li>\n<li><b>Estado agregado:<\/b> Alta pureza, <b>polvo cristalino<\/b>, optimizado para un pesaje gravim\u00e9trico preciso seg\u00fan <b>Normativa ISO 17025<\/b>.<\/li>\n<\/ul>\n<h3>Pureza garantizada y documentaci\u00f3n para laboratorios<\/h3>\n<p>Nuestro compromiso con la pureza de <b><span class=\"math-inline\" data-math=\"ge98,%\">98%<\/span><\/b>\u00a0se garantiza mediante m\u00e9todos anal\u00edticos redundantes que cumplen los requisitos de <b>GLP<\/b> y <b>ISO 17025<\/b> superar.<\/p>\n<ol start=\"1\">\n<li><b>Confirmaci\u00f3n de pureza primaria:<\/b> La pureza se determina principalmente mediante <b>HPLC (cromatograf\u00eda l\u00edquida de alto rendimiento)<\/b> cuantificadas con detecci\u00f3n fotom\u00e9trica (UV\/DAD). Esto garantiza la detecci\u00f3n precisa de todas las impurezas vol\u00e1tiles y no vol\u00e1tiles.<\/li>\n<li><b>Identificaci\u00f3n molecular secundaria:<\/b> La identidad molecular se confirma mediante al menos dos m\u00e9todos independientes: <b>Cromatograf\u00eda de gases-espectrometr\u00eda de masas (GC\/MS)<\/b> y <b>Cromatograf\u00eda l\u00edquida-espectrometr\u00eda de masas en t\u00e1ndem (LC-MS\/MS)<\/b>. En <b>iones fragmento caracter\u00edsticos<\/b> y <b>firmas espectrales<\/b> son esenciales para la creaci\u00f3n de bases de datos forenses.<\/li>\n<li><b>Certificado exhaustivo de an\u00e1lisis (CoA):<\/b> Cada lote contiene un <b>CoA<\/b>, datos espectrales, la evaluaci\u00f3n de la pureza y la <b>Trazabilidad<\/b> del lote de s\u00edntesis.<\/li>\n<li><b>Consistencia de los lotes:<\/b> Gracias a los procesos normalizados de producci\u00f3n y limpieza, garantizamos un m\u00ednimo de residuos. <b>Variabilidad de los lotes<\/b>, que son responsables de la <b>Validaci\u00f3n a largo plazo<\/b> y el <b>Validez<\/b> de las mediciones en diferentes puntos de referencia es crucial.<\/li>\n<\/ol>\n<h2>\u00a0Campos centrales de aplicaci\u00f3n en investigaci\u00f3n y an\u00e1lisis<\/h2>\n<p>El clorhidrato de 4-MPrC es un reactivo fundamental para los laboratorios que trabajan con la <b>Metabolismo<\/b> y el <b>Desarrollo de m\u00e9todos anal\u00edticos<\/b> para los estimulantes sint\u00e9ticos.<\/p>\n<h3>Toxicolog\u00eda forense, calibraci\u00f3n y control de calidad<\/h3>\n<p>La norma es esencial para los laboratorios que analizan muestras en casos cr\u00edticos (por ejemplo, toxicolog\u00eda de tr\u00e1fico, an\u00e1lisis post mortem).<\/p>\n<ul>\n<li><b>Validaci\u00f3n del m\u00e9todo:<\/b> La norma se utiliza para <b>Validaci\u00f3n<\/b> de <span class=\"math-inline\" data-math=\"LC-MS\/MS\">LC-MS\/MS<\/span>\u00a0y <span class=\"math-inline\" data-math=\"GC-MS\">GC-MS<\/span>\u00a0M\u00e9todos para una <b>Identificaci\u00f3n<\/b> y <b>Cuantificaci\u00f3n<\/b> de feniletilaminas en muestras biol\u00f3gicas. La determinaci\u00f3n de las <b>Selectividad<\/b> (en comparaci\u00f3n con los is\u00f3meros) y el <b>Efectos de matriz<\/b> es de vital importancia.<\/li>\n<li><b>Calibraci\u00f3n:<\/b> Este material de gran pureza se utiliza para crear <b>Curvas de calibraci\u00f3n<\/b> que es la base para la determinaci\u00f3n precisa de concentraciones en el rango bajo de nanogramos en matrices forenses.<\/li>\n<li><b>Puesta a punto de dispositivos y control de calidad:<\/b> 4-MPrC sirve como <b>Punto de referencia<\/b> para la puesta a punto diaria y <b>Comprobaci\u00f3n del rendimiento<\/b> de los espectr\u00f3metros de masas sensibles y como patr\u00f3n de control positivo en las mediciones rutinarias.<\/li>\n<\/ul>\n<h3>Investigaci\u00f3n farmacol\u00f3gica y metab\u00f3lica (estudios avanzados)<\/h3>\n<p>La investigaci\u00f3n utiliza 4-MPrC para investigar los efectos de la sustituci\u00f3n 4-metil en el perfil farmacol\u00f3gico en comparaci\u00f3n con otras feniletilaminas.<\/p>\n<ul>\n<li><b>Estudios sobre neurotransmisores:<\/b> La investigaci\u00f3n molecular investiga la <b>Afinidad<\/b> y <b>Potencia<\/b> en <b>Transportadores de dopamina, noradrenalina y serotonina<\/b> para modelar el <i>in silico<\/i> y <i>in vitro<\/i> actividad farmacol\u00f3gica.<\/li>\n<li><b>Identificaci\u00f3n del metabolismo:<\/b> A trav\u00e9s de <b><span class=\"math-inline\" data-math=\"In\">En<\/span>\u00a0<span class=\"math-inline\" data-math=\"vitro\">vitro<\/span>-Estudios<\/b> (por ejemplo, utilizando enzimas P450 recombinantes), todas las enzimas primarias y secundarias son <b>Metabolitos<\/b> de 4-MPrC y se confirm\u00f3 su estructura. El conocimiento preciso de estos perfiles de metabolitos es esencial para la detectabilidad forense de la sustancia, incluso mucho tiempo despu\u00e9s de su consumo.<\/li>\n<\/ul>\n<h2>\u00a0Marco jur\u00eddico y seguridad de los laboratorios<\/h2>\n<p>La adquisici\u00f3n y manipulaci\u00f3n de este <b>productos qu\u00edmicos de investigaci\u00f3n controlada<\/b> est\u00e1n sujetos a las normas m\u00e1s estrictas y se reservan exclusivamente a la investigaci\u00f3n cient\u00edfica.<\/p>\n<h3>Cumplimiento de la normativa y responsabilidad<\/h3>\n<p>Dado que el 4-MPrC est\u00e1 reconocido en muchas jurisdicciones como un <b>sustancia controlada<\/b> (por ejemplo, bajo el <b>NpSG<\/b>), la distribuci\u00f3n est\u00e1 muy regulada.<\/p>\n<ul>\n<li><b>Exclusivamente investigaci\u00f3n:<\/b> Las ventas est\u00e1n estrictamente limitadas al <b>An\u00e1lisis e investigaci\u00f3n<\/b> en <b>instituciones cient\u00edficas autorizadas<\/b> restringido. Cualquier otro uso no est\u00e1 permitido.<\/li>\n<li><b>Obligaci\u00f3n del comprador:<\/b> El comprador asume la plena responsabilidad del cumplimiento de todos los <b>legislaci\u00f3n local e internacional<\/b> relativa a la importaci\u00f3n, posesi\u00f3n y utilizaci\u00f3n de sustancias qu\u00edmicas controladas.<\/li>\n<\/ul>\n<h3>Protocolos de seguridad para los usuarios del laboratorio<\/h3>\n<p>Cumplimiento estricto de la <b>Ficha de datos de seguridad (FDS)<\/b> es obligatorio.<\/p>\n<ul>\n<li><b>PSA:<\/b> <b>Bata de laboratorio, gafas de seguridad<\/b> y resistente a los productos qu\u00edmicos <b>Guantes<\/b> son obligatorios.<\/li>\n<li><b>Entorno de trabajo:<\/b> La manipulaci\u00f3n del polvo y la preparaci\u00f3n de la soluci\u00f3n deben realizarse bajo <b>sistemas certificados de vitrinas de gases<\/b> tener lugar.<\/li>\n<li><b>Almacenamiento:<\/b> <b>Genial (<span class=\"math-inline\" data-math=\"text{2\u20138 \u00b0C}\">2-8 \u00b0C<\/span>), seco y protegido de la luz<\/b>para optimizar la <b>Estabilidad anal\u00edtica<\/b> para garantizar que.<\/li>\n<\/ul>\n<h2>\u00a0Adquisici\u00f3n del patr\u00f3n de referencia 4-MPrC<\/h2>\n<p>Ofrecemos clorhidrato de 4-MPrC en las siguientes cantidades anal\u00edticamente relevantes: <b>100 mg (muestra de referencia)<\/b>, <b>500 mg<\/b> y <b>1 g<\/b>.<\/p>\n<p><b>Requisitos del pedido:<\/b><\/p>\n<ol start=\"1\">\n<li>Prueba de la <b>Autorizaci\u00f3n<\/b> del organismo de investigaci\u00f3n.<\/li>\n<li>Confirmaci\u00f3n por escrito de que la sustancia <b>exclusivamente con fines de referencia anal\u00edtica<\/b> se utiliza.<\/li>\n<li>Reconocimiento de la <b>Limitaciones de responsabilidad<\/b> y el <b>FDS<\/b>.<\/li>\n<\/ol>\n<p>Para realizar sus pedidos de forma segura, conforme a la ley y r\u00e1pida <b>Est\u00e1ndares de referencia 4-MPrC<\/b> para garantizar la <b>Validez de sus m\u00e9todos anal\u00edticos<\/b>, p\u00f3ngase en contacto con nosotros directamente.<\/p>","protected":false},"excerpt":{"rendered":"<p><strong>4-MPRC<\/strong> es un compuesto qu\u00edmico de gran pureza especialmente desarrollado para la investigaci\u00f3n cient\u00edfica. Ideal para la investigaci\u00f3n bioqu\u00edmica y farmac\u00e9utica, permite realizar estudios y experimentos precisos. <strong>4-MPRC<\/strong> est\u00e1 destinado exclusivamente a su uso en entornos de laboratorio y no debe ser consumido por los seres humanos.<\/p>","protected":false},"featured_media":7042,"comment_status":"open","ping_status":"closed","template":"","meta":{"_joinchat":[]},"product_brand":[],"product_cat":[49],"product_tag":[2127,2133,2134,2135,2128,2132,2130,2131,2129,248],"class_list":{"0":"post-7003","1":"product","2":"type-product","3":"status-publish","4":"has-post-thumbnail","6":"product_cat-cathinones","7":"product_tag-4-mprc","8":"product_tag-4-mprc-chemikalien","9":"product_tag-4-mprc-forschung","10":"product_tag-4-mprc-fur-forschung","11":"product_tag-4-mprc-kaufen","12":"product_tag-4-mprc-kristalle","13":"product_tag-4-mprc-online","14":"product_tag-4-mprc-pulver","15":"product_tag-4-mprc-zum-verkauf","16":"product_tag-synthetische-stimulanzien","18":"first","19":"instock","20":"shipping-taxable","21":"purchasable","22":"product-type-variable"},"yoast_head":"<!-- This site is optimized with the Yoast SEO plugin v27.5 - https:\/\/yoast.com\/product\/yoast-seo-wordpress\/ -->\n<title>4-MPrC online kaufen \u2013 4-MPrC zu verkaufen | chemgramx<\/title>\n<meta name=\"description\" content=\"Wenn Sie 4-mprc online kaufen m\u00f6chten, kann Ihnen unser Chemgramx-Onlineshop helfen. Wir haben hier 4-mprc zu den besten Preisen zum Verkauf. Geben Sie Ihre Bestellung auf und sichern Sie sich noch heute die neuesten Angebote!\" \/>\n<meta name=\"robots\" content=\"index, follow, max-snippet:-1, max-image-preview:large, max-video-preview:-1\" \/>\n<link rel=\"canonical\" href=\"https:\/\/chemgramx.com\/es\/producto-1\/4-comprar-mprc-online\/\" \/>\n<meta property=\"og:locale\" content=\"es_ES\" \/>\n<meta property=\"og:type\" content=\"article\" \/>\n<meta property=\"og:title\" content=\"4-MPrC online kaufen \u2013 4-MPrC zu verkaufen | chemgramx\" \/>\n<meta property=\"og:description\" content=\"Wenn Sie 4-mprc online kaufen m\u00f6chten, kann Ihnen unser Chemgramx-Onlineshop helfen. Wir haben hier 4-mprc zu den besten Preisen zum Verkauf. Geben Sie Ihre Bestellung auf und sichern Sie sich noch heute die neuesten Angebote!\" \/>\n<meta property=\"og:url\" content=\"https:\/\/chemgramx.com\/es\/producto-1\/4-comprar-mprc-online\/\" \/>\n<meta property=\"og:site_name\" content=\"Chemgramx\" \/>\n<meta property=\"article:modified_time\" content=\"2025-11-21T11:13:20+00:00\" \/>\n<meta property=\"og:image\" content=\"https:\/\/chemgramx.com\/wp-content\/uploads\/2025\/11\/4-MPrC-crystal.png\" \/>\n\t<meta property=\"og:image:width\" content=\"600\" \/>\n\t<meta property=\"og:image:height\" content=\"400\" \/>\n\t<meta property=\"og:image:type\" content=\"image\/png\" \/>\n<meta name=\"twitter:card\" content=\"summary_large_image\" \/>\n<meta name=\"twitter:label1\" content=\"Tiempo de lectura\" \/>\n\t<meta name=\"twitter:data1\" content=\"4 minutos\" \/>\n<script type=\"application\/ld+json\" class=\"yoast-schema-graph\">{\"@context\":\"https:\\\/\\\/schema.org\",\"@graph\":[{\"@type\":\"WebPage\",\"@id\":\"https:\\\/\\\/chemgramx.com\\\/product\\\/4-mprc-online-kaufen\\\/\",\"url\":\"https:\\\/\\\/chemgramx.com\\\/product\\\/4-mprc-online-kaufen\\\/\",\"name\":\"4-MPrC online kaufen \u2013 4-MPrC zu verkaufen | chemgramx\",\"isPartOf\":{\"@id\":\"https:\\\/\\\/chemgramx.com\\\/#website\"},\"primaryImageOfPage\":{\"@id\":\"https:\\\/\\\/chemgramx.com\\\/product\\\/4-mprc-online-kaufen\\\/#primaryimage\"},\"image\":{\"@id\":\"https:\\\/\\\/chemgramx.com\\\/product\\\/4-mprc-online-kaufen\\\/#primaryimage\"},\"thumbnailUrl\":\"https:\\\/\\\/chemgramx.com\\\/wp-content\\\/uploads\\\/2025\\\/11\\\/4-MPrC-crystal.png\",\"datePublished\":\"2025-11-21T11:11:33+00:00\",\"dateModified\":\"2025-11-21T11:13:20+00:00\",\"description\":\"Wenn Sie 4-mprc online kaufen m\u00f6chten, kann Ihnen unser Chemgramx-Onlineshop helfen. Wir haben hier 4-mprc zu den besten Preisen zum Verkauf. Geben Sie Ihre Bestellung auf und sichern Sie sich noch heute die neuesten Angebote!\",\"breadcrumb\":{\"@id\":\"https:\\\/\\\/chemgramx.com\\\/product\\\/4-mprc-online-kaufen\\\/#breadcrumb\"},\"inLanguage\":\"es\",\"potentialAction\":[{\"@type\":\"ReadAction\",\"target\":[\"https:\\\/\\\/chemgramx.com\\\/product\\\/4-mprc-online-kaufen\\\/\"]}]},{\"@type\":\"ImageObject\",\"inLanguage\":\"es\",\"@id\":\"https:\\\/\\\/chemgramx.com\\\/product\\\/4-mprc-online-kaufen\\\/#primaryimage\",\"url\":\"https:\\\/\\\/chemgramx.com\\\/wp-content\\\/uploads\\\/2025\\\/11\\\/4-MPrC-crystal.png\",\"contentUrl\":\"https:\\\/\\\/chemgramx.com\\\/wp-content\\\/uploads\\\/2025\\\/11\\\/4-MPrC-crystal.png\",\"width\":600,\"height\":400},{\"@type\":\"BreadcrumbList\",\"@id\":\"https:\\\/\\\/chemgramx.com\\\/product\\\/4-mprc-online-kaufen\\\/#breadcrumb\",\"itemListElement\":[{\"@type\":\"ListItem\",\"position\":1,\"name\":\"Home\",\"item\":\"https:\\\/\\\/chemgramx.com\\\/\"},{\"@type\":\"ListItem\",\"position\":2,\"name\":\"Shop\",\"item\":\"https:\\\/\\\/chemgramx.com\\\/shop\\\/\"},{\"@type\":\"ListItem\",\"position\":3,\"name\":\"4-MPrC online kaufen\"}]},{\"@type\":\"WebSite\",\"@id\":\"https:\\\/\\\/chemgramx.com\\\/#website\",\"url\":\"https:\\\/\\\/chemgramx.com\\\/\",\"name\":\"Chemgramx\",\"description\":\"\",\"publisher\":{\"@id\":\"https:\\\/\\\/chemgramx.com\\\/#organization\"},\"potentialAction\":[{\"@type\":\"SearchAction\",\"target\":{\"@type\":\"EntryPoint\",\"urlTemplate\":\"https:\\\/\\\/chemgramx.com\\\/?s={search_term_string}\"},\"query-input\":{\"@type\":\"PropertyValueSpecification\",\"valueRequired\":true,\"valueName\":\"search_term_string\"}}],\"inLanguage\":\"es\"},{\"@type\":\"Organization\",\"@id\":\"https:\\\/\\\/chemgramx.com\\\/#organization\",\"name\":\"Chemgramx\",\"url\":\"https:\\\/\\\/chemgramx.com\\\/\",\"logo\":{\"@type\":\"ImageObject\",\"inLanguage\":\"es\",\"@id\":\"https:\\\/\\\/chemgramx.com\\\/#\\\/schema\\\/logo\\\/image\\\/\",\"url\":\"https:\\\/\\\/chemgramx.com\\\/wp-content\\\/uploads\\\/2024\\\/10\\\/final-logo.png\",\"contentUrl\":\"https:\\\/\\\/chemgramx.com\\\/wp-content\\\/uploads\\\/2024\\\/10\\\/final-logo.png\",\"width\":250,\"height\":48,\"caption\":\"Chemgramx\"},\"image\":{\"@id\":\"https:\\\/\\\/chemgramx.com\\\/#\\\/schema\\\/logo\\\/image\\\/\"}}]}<\/script>\n<!-- \/ Yoast SEO plugin. -->","yoast_head_json":{"title":"Compre 4-MPrC en l\u00ednea \u2013 4-MPrC a la venta | chemgramx","description":"Si buscas comprar 4-mprc online, nuestra tienda online Chemgramx puede ayudarte. Tenemos 4-mprc a la venta aqu\u00ed a los mejores precios. \u00a1Haz tu pedido y consigue las \u00faltimas ofertas hoy mismo!","robots":{"index":"index","follow":"follow","max-snippet":"max-snippet:-1","max-image-preview":"max-image-preview:large","max-video-preview":"max-video-preview:-1"},"canonical":"https:\/\/chemgramx.com\/es\/producto-1\/4-comprar-mprc-online\/","og_locale":"es_ES","og_type":"article","og_title":"4-MPrC online kaufen \u2013 4-MPrC zu verkaufen | chemgramx","og_description":"Wenn Sie 4-mprc online kaufen m\u00f6chten, kann Ihnen unser Chemgramx-Onlineshop helfen. Wir haben hier 4-mprc zu den besten Preisen zum Verkauf. Geben Sie Ihre Bestellung auf und sichern Sie sich noch heute die neuesten Angebote!","og_url":"https:\/\/chemgramx.com\/es\/producto-1\/4-comprar-mprc-online\/","og_site_name":"Chemgramx","article_modified_time":"2025-11-21T11:13:20+00:00","og_image":[{"width":600,"height":400,"url":"https:\/\/chemgramx.com\/wp-content\/uploads\/2025\/11\/4-MPrC-crystal.png","type":"image\/png"}],"twitter_card":"summary_large_image","twitter_misc":{"Tiempo de lectura":"4 minutos"},"schema":{"@context":"https:\/\/schema.org","@graph":[{"@type":"WebPage","@id":"https:\/\/chemgramx.com\/product\/4-mprc-online-kaufen\/","url":"https:\/\/chemgramx.com\/product\/4-mprc-online-kaufen\/","name":"Compre 4-MPrC en l\u00ednea \u2013 4-MPrC a la venta | chemgramx","isPartOf":{"@id":"https:\/\/chemgramx.com\/#website"},"primaryImageOfPage":{"@id":"https:\/\/chemgramx.com\/product\/4-mprc-online-kaufen\/#primaryimage"},"image":{"@id":"https:\/\/chemgramx.com\/product\/4-mprc-online-kaufen\/#primaryimage"},"thumbnailUrl":"https:\/\/chemgramx.com\/wp-content\/uploads\/2025\/11\/4-MPrC-crystal.png","datePublished":"2025-11-21T11:11:33+00:00","dateModified":"2025-11-21T11:13:20+00:00","description":"Si buscas comprar 4-mprc online, nuestra tienda online Chemgramx puede ayudarte. Tenemos 4-mprc a la venta aqu\u00ed a los mejores precios. \u00a1Haz tu pedido y consigue las \u00faltimas ofertas hoy mismo!","breadcrumb":{"@id":"https:\/\/chemgramx.com\/product\/4-mprc-online-kaufen\/#breadcrumb"},"inLanguage":"es","potentialAction":[{"@type":"ReadAction","target":["https:\/\/chemgramx.com\/product\/4-mprc-online-kaufen\/"]}]},{"@type":"ImageObject","inLanguage":"es","@id":"https:\/\/chemgramx.com\/product\/4-mprc-online-kaufen\/#primaryimage","url":"https:\/\/chemgramx.com\/wp-content\/uploads\/2025\/11\/4-MPrC-crystal.png","contentUrl":"https:\/\/chemgramx.com\/wp-content\/uploads\/2025\/11\/4-MPrC-crystal.png","width":600,"height":400},{"@type":"BreadcrumbList","@id":"https:\/\/chemgramx.com\/product\/4-mprc-online-kaufen\/#breadcrumb","itemListElement":[{"@type":"ListItem","position":1,"name":"Home","item":"https:\/\/chemgramx.com\/"},{"@type":"ListItem","position":2,"name":"Shop","item":"https:\/\/chemgramx.com\/shop\/"},{"@type":"ListItem","position":3,"name":"4-MPrC online kaufen"}]},{"@type":"WebSite","@id":"https:\/\/chemgramx.com\/#website","url":"https:\/\/chemgramx.com\/","name":"Chemgramx","description":"","publisher":{"@id":"https:\/\/chemgramx.com\/#organization"},"potentialAction":[{"@type":"SearchAction","target":{"@type":"EntryPoint","urlTemplate":"https:\/\/chemgramx.com\/?s={search_term_string}"},"query-input":{"@type":"PropertyValueSpecification","valueRequired":true,"valueName":"search_term_string"}}],"inLanguage":"es"},{"@type":"Organization","@id":"https:\/\/chemgramx.com\/#organization","name":"Chemgramx","url":"https:\/\/chemgramx.com\/","logo":{"@type":"ImageObject","inLanguage":"es","@id":"https:\/\/chemgramx.com\/#\/schema\/logo\/image\/","url":"https:\/\/chemgramx.com\/wp-content\/uploads\/2024\/10\/final-logo.png","contentUrl":"https:\/\/chemgramx.com\/wp-content\/uploads\/2024\/10\/final-logo.png","width":250,"height":48,"caption":"Chemgramx"},"image":{"@id":"https:\/\/chemgramx.com\/#\/schema\/logo\/image\/"}}]}},"_links":{"self":[{"href":"https:\/\/chemgramx.com\/es\/wp-json\/wp\/v2\/product\/7003","targetHints":{"allow":["GET"]}}],"collection":[{"href":"https:\/\/chemgramx.com\/es\/wp-json\/wp\/v2\/product"}],"about":[{"href":"https:\/\/chemgramx.com\/es\/wp-json\/wp\/v2\/types\/product"}],"replies":[{"embeddable":true,"href":"https:\/\/chemgramx.com\/es\/wp-json\/wp\/v2\/comments?post=7003"}],"wp:featuredmedia":[{"embeddable":true,"href":"https:\/\/chemgramx.com\/es\/wp-json\/wp\/v2\/media\/7042"}],"wp:attachment":[{"href":"https:\/\/chemgramx.com\/es\/wp-json\/wp\/v2\/media?parent=7003"}],"wp:term":[{"taxonomy":"product_brand","embeddable":true,"href":"https:\/\/chemgramx.com\/es\/wp-json\/wp\/v2\/product_brand?post=7003"},{"taxonomy":"product_cat","embeddable":true,"href":"https:\/\/chemgramx.com\/es\/wp-json\/wp\/v2\/product_cat?post=7003"},{"taxonomy":"product_tag","embeddable":true,"href":"https:\/\/chemgramx.com\/es\/wp-json\/wp\/v2\/product_tag?post=7003"}],"curies":[{"name":"wp","href":"https:\/\/api.w.org\/{rel}","templated":true}]}}