{"id":7004,"date":"2025-11-21T11:11:33","date_gmt":"2025-11-21T11:11:33","guid":{"rendered":"https:\/\/chemgramx.com\/?post_type=product&#038;p=7004"},"modified":"2025-11-21T11:13:20","modified_gmt":"2025-11-21T11:13:20","slug":"4meo-pvp-pedido-online","status":"publish","type":"product","link":"https:\/\/chemgramx.com\/es\/product\/4meo-pvp-bestellung-online\/","title":{"rendered":"4MEO-PVP Pedido en l\u00ednea"},"content":{"rendered":"<p><b>4MEO-PVP <a href=\"\/product\/methallylescaline-hydrochloride-kaufen\/\">Clorhidrato<\/a><\/b> (4\u2032-metoxi-\u03b1-pirrolidinopentiofenona) representa una <b>Patr\u00f3n anal\u00edtico de referencia de primera calidad<\/b> de la clase qu\u00edmicamente compleja y forense cr\u00edtica de <span class=\"math-inline\" data-math=\"alpha\">alfa<\/span>-derivados de la pirrolidinofenona. La estrategia <b>Sustituci\u00f3n metoxi<\/b> (<span class=\"math-inline\" data-math=\"text{CH}_3text{O}\">{CH}3{O}<\/span>) en la posici\u00f3n 4\u2032 del anillo fenilo confiere a esta mol\u00e9cula una firma qu\u00edmica \u00fanica, que la convierte en un reactivo clave en la <b>toxicolog\u00eda forense<\/b> y el <b>an\u00e1lisis qu\u00edmico<\/b> de <b>nuevas sustancias psicotr\u00f3picas (NSP)<\/b> hace. 4MEO-PVP es esencial para los laboratorios que investigan las bases moleculares de la <b>Inhibici\u00f3n de reanudaci\u00f3n<\/b> y establecer m\u00e9todos de detecci\u00f3n altamente sensibles para las catinonas sustituidas.<\/p>\n<p>Este <b>Norma qu\u00edmica de investigaci\u00f3n de alta calidad<\/b> es exclusivamente para el <b>Uso cient\u00edfico controlado<\/b> en instalaciones acreditadas. La distribuci\u00f3n est\u00e1 estrictamente limitada a <b>Expertos cualificados<\/b> y <b>Instituciones de investigaci\u00f3n autorizadas<\/b>. Garantizamos un <b>pureza confirmada anal\u00edticamente de <span class=\"math-inline\" data-math=\"ge98,%\">98%<\/span><\/b>\u00a0de la sal clorhidrato, que es la base absoluta de la <b>Validez<\/b>, <b>Trazabilidad<\/b> y <b>Reproducibilidad<\/b> de su altamente sensible <b>cromatogr\u00e1fico<\/b> y <b>espectrosc\u00f3pico<\/b> medidas. Para laboratorios que necesitan un <b>4MEO-PVP Norma de referencia<\/b>, <b>Material de control \u03b1-pirrolidinofenona<\/b> o <b>reactivos anal\u00edticos para el an\u00e1lisis de medicamentos<\/b> ofrecemos la m\u00e1xima calidad y seguridad de cumplimiento.<\/p>\n<h2>Excelencia anal\u00edtica,<\/h2>\n<p>La integridad y la caracterizaci\u00f3n qu\u00edmica precisa son <a href=\"\/product\/md-php-online-kaufen\/\">Requisitos principales<\/a> a cualquier norma forense. La sustituci\u00f3n metoxi en 4MEO-PVP requiere un an\u00e1lisis especialmente preciso para descartar cualquier confusi\u00f3n con is\u00f3meros o an\u00e1logos estructurales.<\/p>\n<h3>Identidad qu\u00edmica detallada y propiedades f\u00edsicas<\/h3>\n<p>El 4MEO-PVP pertenece a la familia de los <b>catinonas sustituidas<\/b> y es un <span class=\"math-inline\" data-math=\"alpha\">alfa<\/span>-pirrolidinofenona. La posici\u00f3n y el tipo de sustituci\u00f3n - la <b>Grupo metoxi<\/b> en la posici\u00f3n 4\u2032- es el marcador anal\u00edtico de esta mol\u00e9cula.<\/p>\n<ul>\n<li><b>Clase qu\u00edmica:<\/b> <span class=\"math-inline\" data-math=\"alpha\">$alpha$<\/span>-Derivados de la pirrolidinofenona (catinonas).<\/li>\n<li><b>Nomenclatura:<\/b> 4\u2032-Metoxi-\u03b1-pirrolidinopentiofenona (a menudo como sal clorhidrato).<\/li>\n<li><b>Peso molecular:<\/b> Crucial para la preparaci\u00f3n gravim\u00e9trica y volum\u00e9trica de soluciones patr\u00f3n y la calibraci\u00f3n de espectr\u00f3metros de masas.<\/li>\n<li><b>Formulaci\u00f3n:<\/b> Est\u00e1 disponible como <b>Sal clorhidrato<\/b> lo que significa un aumento <b>Durabilidad<\/b> y excelente <b>Solubilidad<\/b> en disolventes polares (metanol, acetonitrilo) para <span class=\"math-inline\" data-math=\"LC-MS\/MS\">$LC-MS\/MS$<\/span>-los ensayos est\u00e1n garantizados.<\/li>\n<li><b>Estado agregado:<\/b> Alta pureza, <b>polvo cristalino<\/b>, optimizado para un pesaje gravim\u00e9trico preciso seg\u00fan <b>Normativa ISO 17025<\/b>.<\/li>\n<li><b>Estabilidad:<\/b> La sal de clorhidrato tiene una <b>Estabilidad a largo plazo<\/b> cuando se almacena en las condiciones recomendadas (fresco, seco y protegido de la luz), lo que garantiza la fiabilidad de la norma durante per\u00edodos de proyecto m\u00e1s largos.<\/li>\n<\/ul>\n<h3>Pureza garantizada mediante verificaci\u00f3n y documentaci\u00f3n multianal\u00edtica<\/h3>\n<p>Nuestro compromiso con la pureza de <b><span class=\"math-inline\" data-math=\"ge98,%\">98%<\/span><\/b>\u00a0se garantiza mediante m\u00e9todos anal\u00edticos redundantes que cumplen los requisitos de <b>GLP<\/b> y <b>ISO 17025<\/b> superar.<\/p>\n<ol start=\"1\">\n<li><b>Confirmaci\u00f3n de la pureza primaria (cuantificaci\u00f3n):<\/b> La pureza se determina principalmente mediante <b>HPLC (cromatograf\u00eda l\u00edquida de alto rendimiento)<\/b> con detecci\u00f3n fotom\u00e9trica (UV\/DAD). Se trata del patr\u00f3n oro para la detecci\u00f3n de todas las impurezas no vol\u00e1tiles.<\/li>\n<li><b>Identificaci\u00f3n molecular secundaria (cualificaci\u00f3n):<\/b> La identidad se confirma mediante al menos dos m\u00e9todos independientes: <b>Cromatograf\u00eda de gases-espectrometr\u00eda de masas (GC\/MS)<\/b> para componentes vol\u00e1tiles y <b>Cromatograf\u00eda l\u00edquida-espectrometr\u00eda de masas en t\u00e1ndem (LC-MS\/MS)<\/b>. Estos m\u00e9todos proporcionan la <b>iones fragmento caracter\u00edsticos<\/b> y <b>firmas espectrales<\/b>, que son esenciales para la creaci\u00f3n de bases de datos forenses.<\/li>\n<li><b>Certificado exhaustivo de an\u00e1lisis (CoA):<\/b> Cada lote contiene un <b>CoA<\/b>, datos espectrales, la evaluaci\u00f3n de la pureza y la <b>Trazabilidad<\/b> del lote de s\u00edntesis. Este documento es una prueba jur\u00eddicamente relevante para la <b>Validez<\/b> de las normas utilizadas.<\/li>\n<li><b>Consistencia de los lotes:<\/b> Gracias a los procesos normalizados de producci\u00f3n y limpieza, garantizamos un m\u00ednimo de residuos. <b>Variabilidad de los lotes<\/b> entre diferentes series de producci\u00f3n, lo que <b>Validaci\u00f3n a largo plazo<\/b> y el <b>Validez<\/b> de mediciones a lo largo de los a\u00f1os es crucial.<\/li>\n<\/ol>\n<h2>Campos de aplicaci\u00f3n ampliados en medicina forense, toxicolog\u00eda y farmacolog\u00eda<\/h2>\n<p>El clorhidrato de 4MEO-PVP es un reactivo fundamental para los laboratorios especializados en la <b>Desarrollo de m\u00e9todos anal\u00edticos<\/b>el <b>Investigaci\u00f3n del metabolismo<\/b> y el <b>farmacolog\u00eda molecular<\/b> de catinonas.<\/p>\n<h3>Toxicolog\u00eda forense, calibraci\u00f3n y control de calidad<\/h3>\n<p>La norma es esencial para los laboratorios que analizan muestras en casos cr\u00edticos (por ejemplo, toxicolog\u00eda de tr\u00e1fico, an\u00e1lisis post mortem).<\/p>\n<ul>\n<li><b>Validaci\u00f3n del m\u00e9todo:<\/b> La norma se utiliza para <b>Validaci\u00f3n<\/b> de <span class=\"math-inline\" data-math=\"LC-MS\/MS\">$LC-MS\/MS<\/span> y <span class=\"math-inline\" data-math=\"GC-MS\">GC-MS<\/span>\u00a0M\u00e9todos para una <b>Identificaci\u00f3n<\/b> y <b>Cuantificaci\u00f3n<\/b> de catinonas metoxisustituidas en muestras biol\u00f3gicas. La determinaci\u00f3n de la <b>Selectividad<\/b> hacia los is\u00f3meros y la caracterizaci\u00f3n de <b>Efectos de matriz<\/b> son de vital importancia en este caso.<\/li>\n<li><b>Calibraci\u00f3n y metrolog\u00eda:<\/b> Este material de gran pureza se utiliza para crear <b>Curvas de calibraci\u00f3n<\/b> . Esta es la base para la determinaci\u00f3n precisa de concentraciones en el rango bajo de nanogramos en matrices forenses, que el <b>Trazabilidad metrol\u00f3gica<\/b> de los resultados de las mediciones.<\/li>\n<li><b>Control de calidad (CC):<\/b> 4MEO-PVP sirve como <b>Punto de referencia<\/b> para la puesta a punto diaria y <b>Comprobaci\u00f3n del rendimiento<\/b> de los espectr\u00f3metros de masas sensibles. Tambi\u00e9n se utiliza como patr\u00f3n de control positivo en mediciones rutinarias para determinar la <b>fiabilidad anal\u00edtica<\/b> de todo el sistema.<\/li>\n<\/ul>\n<h3>Investigaci\u00f3n farmacol\u00f3gica y metab\u00f3lica<\/h3>\n<p>La investigaci\u00f3n utiliza 4MEO-PVP para investigar los efectos de la sustituci\u00f3n metoxi en el perfil farmacol\u00f3gico y el metabolismo en comparaci\u00f3n con <span class=\"math-inline\" data-math=\"alpha\">$alpha$<\/span>-PVP.<\/p>\n<ul>\n<li><b>Estudios sobre neurotransmisores:<\/b> La investigaci\u00f3n molecular investiga la <b>Afinidad<\/b> y <b>Potencia<\/b> en <b>Transportadores de dopamina, noradrenalina y serotonina<\/b> (inhibidores de la recaptaci\u00f3n de monoaminas). Estos datos son esenciales para la predicci\u00f3n del riesgo toxicol\u00f3gico y la modelizaci\u00f3n de la <i>in silico<\/i> y <i>in vitro<\/i> actividad farmacol\u00f3gica.<\/li>\n<li><b>Identificaci\u00f3n del metabolismo:<\/b> A trav\u00e9s de <b><span class=\"math-inline\" data-math=\"In\">$In$<\/span> <span class=\"math-inline\" data-math=\"vitro\">$vitro$<\/span>-Estudios<\/b> (por ejemplo, utilizando enzimas P450 recombinantes), todas las enzimas primarias y secundarias son <b>Metabolitos<\/b> de 4MEO-PVP y se confirm\u00f3 su estructura. El conocimiento preciso de estos perfiles de metabolitos es esencial para que los laboratorios forenses puedan detectar la sustancia incluso despu\u00e9s de su degradaci\u00f3n y ampliar as\u00ed los tiempos de detecci\u00f3n.<\/li>\n<\/ul>\n<h2>Marco jur\u00eddico y conformidad de los laboratorios (requisitos pormenorizados)<\/h2>\n<p>La adquisici\u00f3n y manipulaci\u00f3n de este <b>productos qu\u00edmicos de investigaci\u00f3n controlada<\/b> est\u00e1n sujetos a las normas m\u00e1s estrictas y se reservan exclusivamente a la investigaci\u00f3n cient\u00edfica.<\/p>\n<h3>Cumplimiento de la normativa y responsabilidad<\/h3>\n<p>Dado que la 4MEO-PVP est\u00e1 reconocida en muchas jurisdicciones como una <b>sustancia controlada<\/b> (por ejemplo, bajo el <b>NpSG<\/b>), la distribuci\u00f3n est\u00e1 muy regulada y requiere el m\u00e1ximo cuidado.<\/p>\n<ul>\n<li><b>Exclusivamente investigaci\u00f3n:<\/b> Las ventas est\u00e1n estrictamente limitadas al <b>An\u00e1lisis e investigaci\u00f3n<\/b> en <b>instituciones cient\u00edficas autorizadas<\/b> restringido. Cualquier uso indebido o no autorizado no est\u00e1 permitido y est\u00e1 prohibido.<\/li>\n<li><b>Obligaci\u00f3n del comprador:<\/b> El comprador est\u00e1 obligado a <b>pleno cumplimiento<\/b> todos <b>legislaci\u00f3n local e internacional<\/b> La empresa est\u00e1 obligada a cumplir la normativa de la UE sobre importaci\u00f3n, posesi\u00f3n y uso de sustancias qu\u00edmicas controladas y debe confirmarlo aportando pruebas jur\u00eddicamente vinculantes.<\/li>\n<\/ul>\n<h3>Protocolos de seguridad para los usuarios del laboratorio<\/h3>\n<ul>\n<li><b>PSA:<\/b> Son obligatorios <b>Bata de laboratorio, gafas de seguridad<\/b> y resistente a los productos qu\u00edmicos <b>Guantes<\/b>. Se recomienda encarecidamente el uso de m\u00e1scaras respiratorias (FFP3) al manipular el polvo.<\/li>\n<li><b>Entorno de trabajo:<\/b> La manipulaci\u00f3n del polvo y la preparaci\u00f3n de la soluci\u00f3n deben realizarse bajo <b>sistemas certificados de vitrinas de gases<\/b> (campanas extractoras), cuyo funcionamiento se comprueba peri\u00f3dicamente.<\/li>\n<li><b>Almacenamiento:<\/b> <b>Genial (<span class=\"math-inline\" data-math=\"text{2\u20138 \u00b0C}\">$text{2-8 \u00b0C}$<\/span>), seco y protegido de la luz<\/b>para optimizar la <b>Estabilidad anal\u00edtica<\/b> estar garantizadas. Adem\u00e1s, las existencias deben ser estrictamente <b>Libro de existencias<\/b> documentarse.<\/li>\n<\/ul>\n<h2>Adquisici\u00f3n del patr\u00f3n de referencia 4MEO-PVP: su socio para la excelencia anal\u00edtica<\/h2>\n<p>Ofrecemos clorhidrato de 4MEO-PVP en cantidades anal\u00edticamente relevantes: <b>100 mg (muestra de referencia)<\/b>, <b>500 mg<\/b> y <b>1 g<\/b>.<\/p>\n<p><b>Requisitos obligatorios de las \u00f3rdenes:<\/b><\/p>\n<ol start=\"1\">\n<li>Prueba de la <b>Autorizaci\u00f3n<\/b> de la instituci\u00f3n de investigaci\u00f3n (documento de acreditaci\u00f3n institucional).<\/li>\n<li>Confirmaci\u00f3n por escrito de que la sustancia <b>exclusivamente con fines de referencia anal\u00edtica<\/b> (calibraci\u00f3n, validaci\u00f3n, control de calidad).<\/li>\n<li>Reconocimiento de la <b>Limitaciones de responsabilidad<\/b> y el <b>FDS<\/b>.<\/li>\n<\/ol>","protected":false},"excerpt":{"rendered":"<p><strong>4-MeO-PVP<\/strong> es una sustancia qu\u00edmica sint\u00e9tica altamente purificada desarrollada para la investigaci\u00f3n cient\u00edfica. Este compuesto se utiliza a menudo en estudios bioqu\u00edmicos y farmacol\u00f3gicos para investigar el efecto sobre estructuras diana biol\u00f3gicas. <strong>4-MeO-PVP<\/strong> est\u00e1 destinado exclusivamente a su uso en entornos de laboratorio y no debe utilizarse para el consumo humano.<\/p>","protected":false},"featured_media":7043,"comment_status":"open","ping_status":"closed","template":"","meta":{"_joinchat":[]},"product_brand":[],"product_cat":[49],"product_tag":[2118,2124,2125,2126,2119,2123,2121,2122,2120,248],"class_list":{"0":"post-7004","1":"product","2":"type-product","3":"status-publish","4":"has-post-thumbnail","6":"product_cat-cathinones","7":"product_tag-4meo-pvp","8":"product_tag-4meo-pvp-chemikalien","9":"product_tag-4meo-pvp-forschung","10":"product_tag-4meo-pvp-fur-forschung","11":"product_tag-4meo-pvp-kaufen","12":"product_tag-4meo-pvp-kristalle","13":"product_tag-4meo-pvp-online","14":"product_tag-4meo-pvp-pulver","15":"product_tag-4meo-pvp-zum-verkauf","16":"product_tag-synthetische-stimulanzien","18":"first","19":"instock","20":"shipping-taxable","21":"purchasable","22":"product-type-variable"},"yoast_head":"<!-- This site is optimized with the Yoast SEO plugin v27.5 - https:\/\/yoast.com\/product\/yoast-seo-wordpress\/ -->\n<title>4MEO-PVP online kaufen \u2013 4MEO-PVP zu verkaufen<\/title>\n<meta name=\"description\" content=\"Wenn Sie 4meo-pvp online kaufen m\u00f6chten und nach einem zuverl\u00e4ssigen Online-Shop suchen, dann kaufen Sie hier. Wir bieten nur hochwertiges 4meo-pvp zu einem erschwinglichen Preis zum Verkauf an. Bestellen Sie 4meo-pvp jetzt!\" \/>\n<meta name=\"robots\" content=\"index, follow, max-snippet:-1, max-image-preview:large, max-video-preview:-1\" \/>\n<link rel=\"canonical\" href=\"https:\/\/chemgramx.com\/es\/producto-1\/4meo-pvp-pedido-online\/\" \/>\n<meta property=\"og:locale\" content=\"es_ES\" \/>\n<meta property=\"og:type\" content=\"article\" \/>\n<meta property=\"og:title\" content=\"4MEO-PVP online kaufen \u2013 4MEO-PVP zu verkaufen\" \/>\n<meta property=\"og:description\" content=\"Wenn Sie 4meo-pvp online kaufen m\u00f6chten und nach einem zuverl\u00e4ssigen Online-Shop suchen, dann kaufen Sie hier. Wir bieten nur hochwertiges 4meo-pvp zu einem erschwinglichen Preis zum Verkauf an. Bestellen Sie 4meo-pvp jetzt!\" \/>\n<meta property=\"og:url\" content=\"https:\/\/chemgramx.com\/es\/producto-1\/4meo-pvp-pedido-online\/\" \/>\n<meta property=\"og:site_name\" content=\"Chemgramx\" \/>\n<meta property=\"article:modified_time\" content=\"2025-11-21T11:13:20+00:00\" \/>\n<meta property=\"og:image\" content=\"https:\/\/chemgramx.com\/wp-content\/uploads\/2025\/11\/4meopvp.png\" \/>\n\t<meta property=\"og:image:width\" content=\"600\" \/>\n\t<meta property=\"og:image:height\" content=\"400\" \/>\n\t<meta property=\"og:image:type\" content=\"image\/png\" \/>\n<meta name=\"twitter:card\" content=\"summary_large_image\" \/>\n<meta name=\"twitter:label1\" content=\"Tiempo de lectura\" \/>\n\t<meta name=\"twitter:data1\" content=\"5 minutos\" \/>\n<script type=\"application\/ld+json\" class=\"yoast-schema-graph\">{\"@context\":\"https:\\\/\\\/schema.org\",\"@graph\":[{\"@type\":\"WebPage\",\"@id\":\"https:\\\/\\\/chemgramx.com\\\/product\\\/4meo-pvp-bestellung-online\\\/\",\"url\":\"https:\\\/\\\/chemgramx.com\\\/product\\\/4meo-pvp-bestellung-online\\\/\",\"name\":\"4MEO-PVP online kaufen \u2013 4MEO-PVP zu verkaufen\",\"isPartOf\":{\"@id\":\"https:\\\/\\\/chemgramx.com\\\/#website\"},\"primaryImageOfPage\":{\"@id\":\"https:\\\/\\\/chemgramx.com\\\/product\\\/4meo-pvp-bestellung-online\\\/#primaryimage\"},\"image\":{\"@id\":\"https:\\\/\\\/chemgramx.com\\\/product\\\/4meo-pvp-bestellung-online\\\/#primaryimage\"},\"thumbnailUrl\":\"https:\\\/\\\/chemgramx.com\\\/wp-content\\\/uploads\\\/2025\\\/11\\\/4meopvp.png\",\"datePublished\":\"2025-11-21T11:11:33+00:00\",\"dateModified\":\"2025-11-21T11:13:20+00:00\",\"description\":\"Wenn Sie 4meo-pvp online kaufen m\u00f6chten und nach einem zuverl\u00e4ssigen Online-Shop suchen, dann kaufen Sie hier. Wir bieten nur hochwertiges 4meo-pvp zu einem erschwinglichen Preis zum Verkauf an. Bestellen Sie 4meo-pvp jetzt!\",\"breadcrumb\":{\"@id\":\"https:\\\/\\\/chemgramx.com\\\/product\\\/4meo-pvp-bestellung-online\\\/#breadcrumb\"},\"inLanguage\":\"es\",\"potentialAction\":[{\"@type\":\"ReadAction\",\"target\":[\"https:\\\/\\\/chemgramx.com\\\/product\\\/4meo-pvp-bestellung-online\\\/\"]}]},{\"@type\":\"ImageObject\",\"inLanguage\":\"es\",\"@id\":\"https:\\\/\\\/chemgramx.com\\\/product\\\/4meo-pvp-bestellung-online\\\/#primaryimage\",\"url\":\"https:\\\/\\\/chemgramx.com\\\/wp-content\\\/uploads\\\/2025\\\/11\\\/4meopvp.png\",\"contentUrl\":\"https:\\\/\\\/chemgramx.com\\\/wp-content\\\/uploads\\\/2025\\\/11\\\/4meopvp.png\",\"width\":600,\"height\":400},{\"@type\":\"BreadcrumbList\",\"@id\":\"https:\\\/\\\/chemgramx.com\\\/product\\\/4meo-pvp-bestellung-online\\\/#breadcrumb\",\"itemListElement\":[{\"@type\":\"ListItem\",\"position\":1,\"name\":\"Home\",\"item\":\"https:\\\/\\\/chemgramx.com\\\/\"},{\"@type\":\"ListItem\",\"position\":2,\"name\":\"Shop\",\"item\":\"https:\\\/\\\/chemgramx.com\\\/shop\\\/\"},{\"@type\":\"ListItem\",\"position\":3,\"name\":\"4MEO-PVP Bestellung Online\"}]},{\"@type\":\"WebSite\",\"@id\":\"https:\\\/\\\/chemgramx.com\\\/#website\",\"url\":\"https:\\\/\\\/chemgramx.com\\\/\",\"name\":\"Chemgramx\",\"description\":\"\",\"publisher\":{\"@id\":\"https:\\\/\\\/chemgramx.com\\\/#organization\"},\"potentialAction\":[{\"@type\":\"SearchAction\",\"target\":{\"@type\":\"EntryPoint\",\"urlTemplate\":\"https:\\\/\\\/chemgramx.com\\\/?s={search_term_string}\"},\"query-input\":{\"@type\":\"PropertyValueSpecification\",\"valueRequired\":true,\"valueName\":\"search_term_string\"}}],\"inLanguage\":\"es\"},{\"@type\":\"Organization\",\"@id\":\"https:\\\/\\\/chemgramx.com\\\/#organization\",\"name\":\"Chemgramx\",\"url\":\"https:\\\/\\\/chemgramx.com\\\/\",\"logo\":{\"@type\":\"ImageObject\",\"inLanguage\":\"es\",\"@id\":\"https:\\\/\\\/chemgramx.com\\\/#\\\/schema\\\/logo\\\/image\\\/\",\"url\":\"https:\\\/\\\/chemgramx.com\\\/wp-content\\\/uploads\\\/2024\\\/10\\\/final-logo.png\",\"contentUrl\":\"https:\\\/\\\/chemgramx.com\\\/wp-content\\\/uploads\\\/2024\\\/10\\\/final-logo.png\",\"width\":250,\"height\":48,\"caption\":\"Chemgramx\"},\"image\":{\"@id\":\"https:\\\/\\\/chemgramx.com\\\/#\\\/schema\\\/logo\\\/image\\\/\"}}]}<\/script>\n<!-- \/ Yoast SEO plugin. -->","yoast_head_json":{"title":"Comprar 4MEO-PVP en l\u00ednea \u2013 Vender 4MEO-PVP","description":"Si quieres comprar 4meo PvP online y buscas una tienda online fiable, compra aqu\u00ed. Solo ofrecemos 4meo PvP de alta calidad a un precio asequible. \u00a1Pide 4meo PvP ya!","robots":{"index":"index","follow":"follow","max-snippet":"max-snippet:-1","max-image-preview":"max-image-preview:large","max-video-preview":"max-video-preview:-1"},"canonical":"https:\/\/chemgramx.com\/es\/producto-1\/4meo-pvp-pedido-online\/","og_locale":"es_ES","og_type":"article","og_title":"4MEO-PVP online kaufen \u2013 4MEO-PVP zu verkaufen","og_description":"Wenn Sie 4meo-pvp online kaufen m\u00f6chten und nach einem zuverl\u00e4ssigen Online-Shop suchen, dann kaufen Sie hier. Wir bieten nur hochwertiges 4meo-pvp zu einem erschwinglichen Preis zum Verkauf an. Bestellen Sie 4meo-pvp jetzt!","og_url":"https:\/\/chemgramx.com\/es\/producto-1\/4meo-pvp-pedido-online\/","og_site_name":"Chemgramx","article_modified_time":"2025-11-21T11:13:20+00:00","og_image":[{"width":600,"height":400,"url":"https:\/\/chemgramx.com\/wp-content\/uploads\/2025\/11\/4meopvp.png","type":"image\/png"}],"twitter_card":"summary_large_image","twitter_misc":{"Tiempo de lectura":"5 minutos"},"schema":{"@context":"https:\/\/schema.org","@graph":[{"@type":"WebPage","@id":"https:\/\/chemgramx.com\/product\/4meo-pvp-bestellung-online\/","url":"https:\/\/chemgramx.com\/product\/4meo-pvp-bestellung-online\/","name":"Comprar 4MEO-PVP en l\u00ednea \u2013 Vender 4MEO-PVP","isPartOf":{"@id":"https:\/\/chemgramx.com\/#website"},"primaryImageOfPage":{"@id":"https:\/\/chemgramx.com\/product\/4meo-pvp-bestellung-online\/#primaryimage"},"image":{"@id":"https:\/\/chemgramx.com\/product\/4meo-pvp-bestellung-online\/#primaryimage"},"thumbnailUrl":"https:\/\/chemgramx.com\/wp-content\/uploads\/2025\/11\/4meopvp.png","datePublished":"2025-11-21T11:11:33+00:00","dateModified":"2025-11-21T11:13:20+00:00","description":"Si quieres comprar 4meo PvP online y buscas una tienda online fiable, compra aqu\u00ed. Solo ofrecemos 4meo PvP de alta calidad a un precio asequible. \u00a1Pide 4meo PvP ya!","breadcrumb":{"@id":"https:\/\/chemgramx.com\/product\/4meo-pvp-bestellung-online\/#breadcrumb"},"inLanguage":"es","potentialAction":[{"@type":"ReadAction","target":["https:\/\/chemgramx.com\/product\/4meo-pvp-bestellung-online\/"]}]},{"@type":"ImageObject","inLanguage":"es","@id":"https:\/\/chemgramx.com\/product\/4meo-pvp-bestellung-online\/#primaryimage","url":"https:\/\/chemgramx.com\/wp-content\/uploads\/2025\/11\/4meopvp.png","contentUrl":"https:\/\/chemgramx.com\/wp-content\/uploads\/2025\/11\/4meopvp.png","width":600,"height":400},{"@type":"BreadcrumbList","@id":"https:\/\/chemgramx.com\/product\/4meo-pvp-bestellung-online\/#breadcrumb","itemListElement":[{"@type":"ListItem","position":1,"name":"Home","item":"https:\/\/chemgramx.com\/"},{"@type":"ListItem","position":2,"name":"Shop","item":"https:\/\/chemgramx.com\/shop\/"},{"@type":"ListItem","position":3,"name":"4MEO-PVP Bestellung Online"}]},{"@type":"WebSite","@id":"https:\/\/chemgramx.com\/#website","url":"https:\/\/chemgramx.com\/","name":"Chemgramx","description":"","publisher":{"@id":"https:\/\/chemgramx.com\/#organization"},"potentialAction":[{"@type":"SearchAction","target":{"@type":"EntryPoint","urlTemplate":"https:\/\/chemgramx.com\/?s={search_term_string}"},"query-input":{"@type":"PropertyValueSpecification","valueRequired":true,"valueName":"search_term_string"}}],"inLanguage":"es"},{"@type":"Organization","@id":"https:\/\/chemgramx.com\/#organization","name":"Chemgramx","url":"https:\/\/chemgramx.com\/","logo":{"@type":"ImageObject","inLanguage":"es","@id":"https:\/\/chemgramx.com\/#\/schema\/logo\/image\/","url":"https:\/\/chemgramx.com\/wp-content\/uploads\/2024\/10\/final-logo.png","contentUrl":"https:\/\/chemgramx.com\/wp-content\/uploads\/2024\/10\/final-logo.png","width":250,"height":48,"caption":"Chemgramx"},"image":{"@id":"https:\/\/chemgramx.com\/#\/schema\/logo\/image\/"}}]}},"_links":{"self":[{"href":"https:\/\/chemgramx.com\/es\/wp-json\/wp\/v2\/product\/7004","targetHints":{"allow":["GET"]}}],"collection":[{"href":"https:\/\/chemgramx.com\/es\/wp-json\/wp\/v2\/product"}],"about":[{"href":"https:\/\/chemgramx.com\/es\/wp-json\/wp\/v2\/types\/product"}],"replies":[{"embeddable":true,"href":"https:\/\/chemgramx.com\/es\/wp-json\/wp\/v2\/comments?post=7004"}],"wp:featuredmedia":[{"embeddable":true,"href":"https:\/\/chemgramx.com\/es\/wp-json\/wp\/v2\/media\/7043"}],"wp:attachment":[{"href":"https:\/\/chemgramx.com\/es\/wp-json\/wp\/v2\/media?parent=7004"}],"wp:term":[{"taxonomy":"product_brand","embeddable":true,"href":"https:\/\/chemgramx.com\/es\/wp-json\/wp\/v2\/product_brand?post=7004"},{"taxonomy":"product_cat","embeddable":true,"href":"https:\/\/chemgramx.com\/es\/wp-json\/wp\/v2\/product_cat?post=7004"},{"taxonomy":"product_tag","embeddable":true,"href":"https:\/\/chemgramx.com\/es\/wp-json\/wp\/v2\/product_tag?post=7004"}],"curies":[{"name":"wp","href":"https:\/\/api.w.org\/{rel}","templated":true}]}}