{"id":7007,"date":"2025-11-21T11:11:34","date_gmt":"2025-11-21T11:11:34","guid":{"rendered":"https:\/\/chemgramx.com\/?post_type=product&#038;p=7007"},"modified":"2025-11-21T11:13:32","modified_gmt":"2025-11-21T11:13:32","slug":"comprar-bmdp-online","status":"publish","type":"product","link":"https:\/\/chemgramx.com\/es\/product\/bmdp-online-kaufen\/","title":{"rendered":"Comprar BMDP en l\u00ednea"},"content":{"rendered":"<p><b>BMDP<\/b>tambi\u00e9n conocido como <a href=\"\/product\/bmdp-online-kaufen\/\"><b>Bencilonas<\/b><\/a> o 3,4-metilendioxi-N-bencilcatinona, es un compuesto sint\u00e9tico de catinona que ha atra\u00eddo una gran atenci\u00f3n en el mundo de la investigaci\u00f3n debido a su similitud estructural con el conocido estimulante metilona. Como representante de la <b>Drogas de dise\u00f1o<\/b> se utiliza en los laboratorios para estudiar los complejos efectos de los estimulantes sobre el sistema nervioso central. La creciente demanda hace que cada vez m\u00e1s instituciones cient\u00edficas y coleccionistas busquen oportunidades, <b>Comprar BMDP en l\u00ednea<\/b> u ofertas de <b>BMDP en venta<\/b> donde las normas m\u00e1s estrictas de pureza y legalidad son cruciales.<\/p>\n<h2><b>\u00bfQu\u00e9 es el BMDP? Estructura qu\u00edmica y clasificaci\u00f3n<\/b><\/h2>\n<p><b>BMDP<\/b> es un compuesto sint\u00e9tico de catinona con la f\u00f3rmula qu\u00edmica <span class=\"math-inline\" data-math=\"C_{17}H_{17}NO_3\">$C_{17}H_{17}NO_3$<\/span>. Suele presentarse en forma de polvo blanco o sal cristalina de clorhidrato. Su estructura qu\u00edmica se caracteriza por el grupo metilendioxi y la sustituci\u00f3n N-bencil.<\/p>\n<h3><b>Clase qu\u00edmica y mecanismo de acci\u00f3n<\/b><\/h3>\n<p>El BMDP pertenece a la clase qu\u00edmica de <b>Catinona<\/b>, que est\u00e1n estructuralmente relacionados con los componentes naturales de la planta de khat.<\/p>\n<ul>\n<li><b>Sustancias relacionadas:<\/b> El BMDP est\u00e1 estrechamente relacionado con otras catinonas conocidas como <b>Metilonas, etilonas y butilonas<\/b>. Esta relaci\u00f3n la convierte en un importante objeto de investigaci\u00f3n para estudiar los efectos de peque\u00f1os cambios qu\u00edmicos en la acci\u00f3n farmacol\u00f3gica.<\/li>\n<li><b>Mecanismo de acci\u00f3n:<\/b> BMDP act\u00faa como <b>Inhibidores de la recaptaci\u00f3n de monoaminas<\/b>. Inhibe la reabsorci\u00f3n de <b>Dopamina, noradrenalina y serotonina<\/b> en la hendidura sin\u00e1ptica. En el contexto de la investigaci\u00f3n, esto conduce a un aumento de la concentraci\u00f3n de estos neurotransmisores y explica los efectos estimulantes y euf\u00f3ricos observados.<\/li>\n<\/ul>\n<p>A la hora de comprar, no s\u00f3lo el <b>Precio BMDP<\/b> decisiva, pero sobre todo la <b>Pureza<\/b> del producto, ya que el mercado suele reconocer muestras inferiores o falsamente declaradas como <b>se vende BMDP real o falso<\/b> ofertas.<\/p>\n<h2><b>La demanda: \u00bfPor qu\u00e9 comprar BMDP en l\u00ednea?<\/b><\/h2>\n<p>El inter\u00e9s por comprar DPMO en l\u00ednea se debe a la necesidad de disponer de un acceso fiable a este producto qu\u00edmico espec\u00edfico para la investigaci\u00f3n. Consultas de b\u00fasqueda como <b>d\u00f3nde comprar BMDP<\/b>, <b>Pedir BMDP aut\u00e9nticos o falsificados<\/b> y <b>Comprar BMDP barato online<\/b> son prueba de la gran demanda.<\/p>\n<h3><b>Fines de investigaci\u00f3n y aplicaciones<\/b><\/h3>\n<ul>\n<li><b>Estudios comparativos:<\/b> Los laboratorios utilizan el BMDP para comparar directamente su potencia y perfil de efectos secundarios con otras catinonas.<\/li>\n<li><b>Qu\u00edmica anal\u00edtica:<\/b> Sirve de <b>Norma de referencia<\/b> en an\u00e1lisis forenses y toxicol\u00f3gicos para la identificaci\u00f3n y cuantificaci\u00f3n en muestras.<\/li>\n<li><b>Disponibilidad:<\/b> Las plataformas en l\u00ednea ofrecen a cient\u00edficos y laboratorios la oportunidad, <b>comprar BMDP en l\u00ednea<\/b> en un momento en que es dif\u00edcil encontrarla en el comercio habitual de productos qu\u00edmicos.<\/li>\n<\/ul>\n<h3><b>Efectos notificados en el contexto de la investigaci\u00f3n<\/b><\/h3>\n<p>La investigaci\u00f3n se centra intensamente en los siguientes efectos observados de la sustancia:<\/p>\n<h4><b>Efectos cognitivos y emocionales<\/b><\/h4>\n<ul>\n<li><b>Mejora de la concentraci\u00f3n<\/b> y el aumento <b>claridad mental<\/b>.<\/li>\n<li>Aumento de <b>Euforia<\/b> y en general <b>Bienestar<\/b> en modelos experimentales.<\/li>\n<li><b>Mayor motivaci\u00f3n<\/b> y una posible mejora de la comunicaci\u00f3n.<\/li>\n<\/ul>\n<h4><b>Efectos f\u00edsicos:<\/b><\/h4>\n<ul>\n<li>Aumento significativo de <b>Energ\u00eda<\/b> y <b>Reducci\u00f3n de la fatiga<\/b>.<\/li>\n<li>Posible aumento de <b>Latido del coraz\u00f3n<\/b> y <b>Tensi\u00f3n arterial<\/b> (estr\u00e9s cardiovascular).<\/li>\n<\/ul>\n<h2><b>Advertencias de dosificaci\u00f3n y redosificaci\u00f3n para la investigaci\u00f3n<\/b><\/h2>\n<p>Dado que el BMDP es un producto qu\u00edmico de investigaci\u00f3n sin uso m\u00e9dico autorizado, no hay <b>No hay recomendaciones oficiales de dosificaci\u00f3n para el consumo<\/b>. <b>Cada consumo representa un riesgo incalculable para la salud.<\/b><\/p>\n<ul>\n<li><b>Dosis inicial:<\/b> Es aconsejable en investigaci\u00f3n, <b>empezar extremadamente bajo<\/b> y compatibilidad para minimizar los riesgos.<\/li>\n<li><b>Duraci\u00f3n y redosificaci\u00f3n:<\/b> El efecto del BMDP suele durar <b>De 4 a 6 horas<\/b> a. <b>Ingesta repetida (redosificaci\u00f3n)<\/b> A intervalos cortos, puede aumentar el riesgo de efectos secundarios (como s\u00edntomas psic\u00f3ticos o problemas card\u00edacos). <b>aumentar significativamente<\/b> y deben evitarse.<\/li>\n<li><b>Combinaciones:<\/b> La mezcla con otras sustancias debe <b>estrictamente evitado<\/b> convertirse.<\/li>\n<\/ul>\n<h2><b>Legalidad y elecci\u00f3n del producto BMDP adecuado<\/b><\/h2>\n<p>La compra de BMDP est\u00e1 muy regulada debido a su categorizaci\u00f3n legal como NPS (Nueva Sustancia Psicoactiva) y es ilegal en muchos pa\u00edses.<\/p>\n<h3><b>Panorama de la situaci\u00f3n jur\u00eddica<\/b><\/h3>\n<ul>\n<li><b>Alemania:<\/b> BMDP est\u00e1 sujeta a la <b>Nueva Ley de Sustancias Psicoactivas (NpSG)<\/b>. En Alemania, el <b>Comprar BMDP en l\u00ednea<\/b> y por lo tanto poseen <b>ilegal<\/b>, a menos que se utilice con fines cient\u00edficos o comerciales autorizados.<\/li>\n<li><b>EE.UU. y la UE:<\/b> En muchos estados, el BMDP est\u00e1 clasificado como sustancia controlada o entra dentro de las leyes an\u00e1logas.<\/li>\n<\/ul>\n<p><b>Los compradores deben informarse sobre la situaci\u00f3n legal actual y local antes de hacer un pedido.<\/b><\/p>\n<h3><b>\u00bfC\u00f3mo se elige un PDMO de alta calidad?<\/b><\/h3>\n<p>Muchos clientes buscan <b>Comprar BMDP barato online<\/b> o <b>comprar BMDP real o falso<\/b>, pero el <b>Mejor lugar para comprar BMDP<\/b> es siempre un proveedor reputado y de calidad contrastada.<\/p>\n<ul>\n<li><b>Pruebas de pureza y de laboratorio:<\/b> Este es el criterio m\u00e1s importante. Elija s\u00f3lo proveedores que <b>Pruebas de laboratorio actuales e independientes (COA)<\/b> que confirman la pureza y la identidad qu\u00edmica.<\/li>\n<li><b>Forma farmac\u00e9utica:<\/b> Aunque la forma en polvo es ideal para una dosificaci\u00f3n precisa en el laboratorio, tambi\u00e9n puede ofrecerse en c\u00e1psulas o comprimidos. La forma debe estar claramente etiquetada.<\/li>\n<li><b>Precio y fiabilidad:<\/b> Compare el <b>Precio BMDP<\/b> de varias tiendas es fundamental. Los precios extremadamente bajos suelen ser un indicador de impurezas. El minorista debe <b>Transparencia<\/b> y <b>M\u00e9todos de pago seguros<\/b> oferta.<\/li>\n<\/ul>\n<h3><b>Los mejores lugares para comprar BMDP en l\u00ednea<\/b><\/h3>\n<p>La compra s\u00f3lo debe realizarse en <b>distribuidores de productos qu\u00edmicos especializados y de confianza<\/b> tener lugar.<\/p>\n<ul>\n<li><b>Vendedores favoritos<\/b> son transparentes en cuanto al origen y ofrecen directamente las pruebas de laboratorio.<\/li>\n<li><b>Procesamiento de pagos seguro<\/b> y <b>Env\u00edo discreto y an\u00f3nimo<\/b> son otros signos de gravedad.<\/li>\n<\/ul>\n<h2><b>Conclusi\u00f3n: cuidado al comprar BMDP en l\u00ednea<\/b><\/h2>\n<p>La BMDP (bencilona) es un potente compuesto sint\u00e9tico de catinona importante en la investigaci\u00f3n por sus efectos estimulantes. Qui\u00e9n <b>compra BMDP aut\u00e9nticos o falsificados<\/b> o <b>Comprar BMDP en l\u00ednea<\/b> debe ser consciente de la <b>riesgos, la estricta legalidad (por ejemplo, NpSG en Alemania) y la pureza absolutamente necesaria del producto.<\/b> del producto. El sitio <b>Mejor lugar para comprar BMDP<\/b> es siempre un distribuidor de confianza con precios justos. <b>Precios BMDP<\/b> y calidad documentada.<\/p>\n<p>&nbsp;<\/p>","protected":false},"excerpt":{"rendered":"<p><strong>BMDP<\/strong> es un compuesto de pirrolidinofenona de alta calidad dise\u00f1ado exclusivamente para estudios cient\u00edficos. Es ideal para fines de investigaci\u00f3n qu\u00edmica y farmacol\u00f3gica. No est\u00e1 destinado al consumo humano.<\/p>","protected":false},"featured_media":7046,"comment_status":"open","ping_status":"closed","template":"","meta":{"_joinchat":[]},"product_brand":[],"product_cat":[49],"product_tag":[1946,1952,1947,1950,1951,1949,1948,188,1814,248],"class_list":{"0":"post-7007","1":"product","2":"type-product","3":"status-publish","4":"has-post-thumbnail","6":"product_cat-cathinones","7":"product_tag-bmdp","8":"product_tag-bmdp-chemikalien","9":"product_tag-bmdp-kaufen","10":"product_tag-bmdp-kristalle","11":"product_tag-bmdp-online","12":"product_tag-bmdp-pulver","13":"product_tag-bmdp-zum-verkauf","14":"product_tag-forschungschemikalien","15":"product_tag-forschungsstoffe-kaufen","16":"product_tag-synthetische-stimulanzien","18":"first","19":"instock","20":"shipping-taxable","21":"purchasable","22":"product-type-variable"},"yoast_head":"<!-- This site is optimized with the Yoast SEO plugin v27.5 - https:\/\/yoast.com\/product\/yoast-seo-wordpress\/ -->\n<title>BMDP online Kaufen \u2013 BMDP zu verkaufen | Chemgramx<\/title>\n<meta name=\"description\" content=\"Wenn Sie BMDP noch nicht in unserem Chemgramx-Shop ausprobiert haben, verpassen Sie eine Menge. Wir helfen Ihnen, BMDP online zu g\u00fcnstigen Preisen zu kaufen. Holen Sie sich BMDP noch heute zum Verkauf!\" \/>\n<meta name=\"robots\" content=\"index, follow, max-snippet:-1, max-image-preview:large, max-video-preview:-1\" \/>\n<link rel=\"canonical\" href=\"https:\/\/chemgramx.com\/es\/producto-1\/comprar-bmdp-online\/\" \/>\n<meta property=\"og:locale\" content=\"es_ES\" \/>\n<meta property=\"og:type\" content=\"article\" \/>\n<meta property=\"og:title\" content=\"BMDP online Kaufen \u2013 BMDP zu verkaufen | Chemgramx\" \/>\n<meta property=\"og:description\" content=\"Wenn Sie BMDP noch nicht in unserem Chemgramx-Shop ausprobiert haben, verpassen Sie eine Menge. Wir helfen Ihnen, BMDP online zu g\u00fcnstigen Preisen zu kaufen. Holen Sie sich BMDP noch heute zum Verkauf!\" \/>\n<meta property=\"og:url\" content=\"https:\/\/chemgramx.com\/es\/producto-1\/comprar-bmdp-online\/\" \/>\n<meta property=\"og:site_name\" content=\"Chemgramx\" \/>\n<meta property=\"article:modified_time\" content=\"2025-11-21T11:13:32+00:00\" \/>\n<meta property=\"og:image\" content=\"https:\/\/chemgramx.com\/wp-content\/uploads\/2025\/11\/bmdb.png\" \/>\n\t<meta property=\"og:image:width\" content=\"600\" \/>\n\t<meta property=\"og:image:height\" content=\"400\" \/>\n\t<meta property=\"og:image:type\" content=\"image\/png\" \/>\n<meta name=\"twitter:card\" content=\"summary_large_image\" \/>\n<meta name=\"twitter:label1\" content=\"Tiempo de lectura\" \/>\n\t<meta name=\"twitter:data1\" content=\"4 minutos\" \/>\n<script type=\"application\/ld+json\" class=\"yoast-schema-graph\">{\"@context\":\"https:\\\/\\\/schema.org\",\"@graph\":[{\"@type\":\"WebPage\",\"@id\":\"https:\\\/\\\/chemgramx.com\\\/product\\\/bmdp-online-kaufen\\\/\",\"url\":\"https:\\\/\\\/chemgramx.com\\\/product\\\/bmdp-online-kaufen\\\/\",\"name\":\"BMDP online Kaufen \u2013 BMDP zu verkaufen | Chemgramx\",\"isPartOf\":{\"@id\":\"https:\\\/\\\/chemgramx.com\\\/#website\"},\"primaryImageOfPage\":{\"@id\":\"https:\\\/\\\/chemgramx.com\\\/product\\\/bmdp-online-kaufen\\\/#primaryimage\"},\"image\":{\"@id\":\"https:\\\/\\\/chemgramx.com\\\/product\\\/bmdp-online-kaufen\\\/#primaryimage\"},\"thumbnailUrl\":\"https:\\\/\\\/chemgramx.com\\\/wp-content\\\/uploads\\\/2025\\\/11\\\/bmdb.png\",\"datePublished\":\"2025-11-21T11:11:34+00:00\",\"dateModified\":\"2025-11-21T11:13:32+00:00\",\"description\":\"Wenn Sie BMDP noch nicht in unserem Chemgramx-Shop ausprobiert haben, verpassen Sie eine Menge. Wir helfen Ihnen, BMDP online zu g\u00fcnstigen Preisen zu kaufen. Holen Sie sich BMDP noch heute zum Verkauf!\",\"breadcrumb\":{\"@id\":\"https:\\\/\\\/chemgramx.com\\\/product\\\/bmdp-online-kaufen\\\/#breadcrumb\"},\"inLanguage\":\"es\",\"potentialAction\":[{\"@type\":\"ReadAction\",\"target\":[\"https:\\\/\\\/chemgramx.com\\\/product\\\/bmdp-online-kaufen\\\/\"]}]},{\"@type\":\"ImageObject\",\"inLanguage\":\"es\",\"@id\":\"https:\\\/\\\/chemgramx.com\\\/product\\\/bmdp-online-kaufen\\\/#primaryimage\",\"url\":\"https:\\\/\\\/chemgramx.com\\\/wp-content\\\/uploads\\\/2025\\\/11\\\/bmdb.png\",\"contentUrl\":\"https:\\\/\\\/chemgramx.com\\\/wp-content\\\/uploads\\\/2025\\\/11\\\/bmdb.png\",\"width\":600,\"height\":400},{\"@type\":\"BreadcrumbList\",\"@id\":\"https:\\\/\\\/chemgramx.com\\\/product\\\/bmdp-online-kaufen\\\/#breadcrumb\",\"itemListElement\":[{\"@type\":\"ListItem\",\"position\":1,\"name\":\"Home\",\"item\":\"https:\\\/\\\/chemgramx.com\\\/\"},{\"@type\":\"ListItem\",\"position\":2,\"name\":\"Shop\",\"item\":\"https:\\\/\\\/chemgramx.com\\\/shop\\\/\"},{\"@type\":\"ListItem\",\"position\":3,\"name\":\"BMDP Online Kaufen\"}]},{\"@type\":\"WebSite\",\"@id\":\"https:\\\/\\\/chemgramx.com\\\/#website\",\"url\":\"https:\\\/\\\/chemgramx.com\\\/\",\"name\":\"Chemgramx\",\"description\":\"\",\"publisher\":{\"@id\":\"https:\\\/\\\/chemgramx.com\\\/#organization\"},\"potentialAction\":[{\"@type\":\"SearchAction\",\"target\":{\"@type\":\"EntryPoint\",\"urlTemplate\":\"https:\\\/\\\/chemgramx.com\\\/?s={search_term_string}\"},\"query-input\":{\"@type\":\"PropertyValueSpecification\",\"valueRequired\":true,\"valueName\":\"search_term_string\"}}],\"inLanguage\":\"es\"},{\"@type\":\"Organization\",\"@id\":\"https:\\\/\\\/chemgramx.com\\\/#organization\",\"name\":\"Chemgramx\",\"url\":\"https:\\\/\\\/chemgramx.com\\\/\",\"logo\":{\"@type\":\"ImageObject\",\"inLanguage\":\"es\",\"@id\":\"https:\\\/\\\/chemgramx.com\\\/#\\\/schema\\\/logo\\\/image\\\/\",\"url\":\"https:\\\/\\\/chemgramx.com\\\/wp-content\\\/uploads\\\/2024\\\/10\\\/final-logo.png\",\"contentUrl\":\"https:\\\/\\\/chemgramx.com\\\/wp-content\\\/uploads\\\/2024\\\/10\\\/final-logo.png\",\"width\":250,\"height\":48,\"caption\":\"Chemgramx\"},\"image\":{\"@id\":\"https:\\\/\\\/chemgramx.com\\\/#\\\/schema\\\/logo\\\/image\\\/\"}}]}<\/script>\n<!-- \/ Yoast SEO plugin. -->","yoast_head_json":{"title":"Compre BMDP en l\u00ednea \u2013 BMDP a la venta | Chemgramx","description":"Si a\u00fan no has probado BMDP en nuestra tienda Chemgramx, te est\u00e1s perdiendo algo. Te ayudamos a comprar BMDP en l\u00ednea a precios asequibles. \u00a1Consigue BMDP en oferta hoy mismo!","robots":{"index":"index","follow":"follow","max-snippet":"max-snippet:-1","max-image-preview":"max-image-preview:large","max-video-preview":"max-video-preview:-1"},"canonical":"https:\/\/chemgramx.com\/es\/producto-1\/comprar-bmdp-online\/","og_locale":"es_ES","og_type":"article","og_title":"BMDP online Kaufen \u2013 BMDP zu verkaufen | Chemgramx","og_description":"Wenn Sie BMDP noch nicht in unserem Chemgramx-Shop ausprobiert haben, verpassen Sie eine Menge. Wir helfen Ihnen, BMDP online zu g\u00fcnstigen Preisen zu kaufen. Holen Sie sich BMDP noch heute zum Verkauf!","og_url":"https:\/\/chemgramx.com\/es\/producto-1\/comprar-bmdp-online\/","og_site_name":"Chemgramx","article_modified_time":"2025-11-21T11:13:32+00:00","og_image":[{"width":600,"height":400,"url":"https:\/\/chemgramx.com\/wp-content\/uploads\/2025\/11\/bmdb.png","type":"image\/png"}],"twitter_card":"summary_large_image","twitter_misc":{"Tiempo de lectura":"4 minutos"},"schema":{"@context":"https:\/\/schema.org","@graph":[{"@type":"WebPage","@id":"https:\/\/chemgramx.com\/product\/bmdp-online-kaufen\/","url":"https:\/\/chemgramx.com\/product\/bmdp-online-kaufen\/","name":"Compre BMDP en l\u00ednea \u2013 BMDP a la venta | Chemgramx","isPartOf":{"@id":"https:\/\/chemgramx.com\/#website"},"primaryImageOfPage":{"@id":"https:\/\/chemgramx.com\/product\/bmdp-online-kaufen\/#primaryimage"},"image":{"@id":"https:\/\/chemgramx.com\/product\/bmdp-online-kaufen\/#primaryimage"},"thumbnailUrl":"https:\/\/chemgramx.com\/wp-content\/uploads\/2025\/11\/bmdb.png","datePublished":"2025-11-21T11:11:34+00:00","dateModified":"2025-11-21T11:13:32+00:00","description":"Si a\u00fan no has probado BMDP en nuestra tienda Chemgramx, te est\u00e1s perdiendo algo. Te ayudamos a comprar BMDP en l\u00ednea a precios asequibles. \u00a1Consigue BMDP en oferta hoy mismo!","breadcrumb":{"@id":"https:\/\/chemgramx.com\/product\/bmdp-online-kaufen\/#breadcrumb"},"inLanguage":"es","potentialAction":[{"@type":"ReadAction","target":["https:\/\/chemgramx.com\/product\/bmdp-online-kaufen\/"]}]},{"@type":"ImageObject","inLanguage":"es","@id":"https:\/\/chemgramx.com\/product\/bmdp-online-kaufen\/#primaryimage","url":"https:\/\/chemgramx.com\/wp-content\/uploads\/2025\/11\/bmdb.png","contentUrl":"https:\/\/chemgramx.com\/wp-content\/uploads\/2025\/11\/bmdb.png","width":600,"height":400},{"@type":"BreadcrumbList","@id":"https:\/\/chemgramx.com\/product\/bmdp-online-kaufen\/#breadcrumb","itemListElement":[{"@type":"ListItem","position":1,"name":"Home","item":"https:\/\/chemgramx.com\/"},{"@type":"ListItem","position":2,"name":"Shop","item":"https:\/\/chemgramx.com\/shop\/"},{"@type":"ListItem","position":3,"name":"BMDP Online Kaufen"}]},{"@type":"WebSite","@id":"https:\/\/chemgramx.com\/#website","url":"https:\/\/chemgramx.com\/","name":"Chemgramx","description":"","publisher":{"@id":"https:\/\/chemgramx.com\/#organization"},"potentialAction":[{"@type":"SearchAction","target":{"@type":"EntryPoint","urlTemplate":"https:\/\/chemgramx.com\/?s={search_term_string}"},"query-input":{"@type":"PropertyValueSpecification","valueRequired":true,"valueName":"search_term_string"}}],"inLanguage":"es"},{"@type":"Organization","@id":"https:\/\/chemgramx.com\/#organization","name":"Chemgramx","url":"https:\/\/chemgramx.com\/","logo":{"@type":"ImageObject","inLanguage":"es","@id":"https:\/\/chemgramx.com\/#\/schema\/logo\/image\/","url":"https:\/\/chemgramx.com\/wp-content\/uploads\/2024\/10\/final-logo.png","contentUrl":"https:\/\/chemgramx.com\/wp-content\/uploads\/2024\/10\/final-logo.png","width":250,"height":48,"caption":"Chemgramx"},"image":{"@id":"https:\/\/chemgramx.com\/#\/schema\/logo\/image\/"}}]}},"_links":{"self":[{"href":"https:\/\/chemgramx.com\/es\/wp-json\/wp\/v2\/product\/7007","targetHints":{"allow":["GET"]}}],"collection":[{"href":"https:\/\/chemgramx.com\/es\/wp-json\/wp\/v2\/product"}],"about":[{"href":"https:\/\/chemgramx.com\/es\/wp-json\/wp\/v2\/types\/product"}],"replies":[{"embeddable":true,"href":"https:\/\/chemgramx.com\/es\/wp-json\/wp\/v2\/comments?post=7007"}],"wp:featuredmedia":[{"embeddable":true,"href":"https:\/\/chemgramx.com\/es\/wp-json\/wp\/v2\/media\/7046"}],"wp:attachment":[{"href":"https:\/\/chemgramx.com\/es\/wp-json\/wp\/v2\/media?parent=7007"}],"wp:term":[{"taxonomy":"product_brand","embeddable":true,"href":"https:\/\/chemgramx.com\/es\/wp-json\/wp\/v2\/product_brand?post=7007"},{"taxonomy":"product_cat","embeddable":true,"href":"https:\/\/chemgramx.com\/es\/wp-json\/wp\/v2\/product_cat?post=7007"},{"taxonomy":"product_tag","embeddable":true,"href":"https:\/\/chemgramx.com\/es\/wp-json\/wp\/v2\/product_tag?post=7007"}],"curies":[{"name":"wp","href":"https:\/\/api.w.org\/{rel}","templated":true}]}}