{"id":7009,"date":"2025-11-21T11:11:34","date_gmt":"2025-11-21T11:11:34","guid":{"rendered":"https:\/\/chemgramx.com\/?post_type=product&#038;p=7009"},"modified":"2025-11-21T11:13:32","modified_gmt":"2025-11-21T11:13:32","slug":"d-tertylone-order-online","status":"publish","type":"product","link":"https:\/\/chemgramx.com\/es\/product\/d-tertylone-bestellung-online\/","title":{"rendered":"D-Tertylone Orden Online"},"content":{"rendered":"<p><b>D-<a href=\"\/product\/d-tertylone-online-kaufen\/\">Clorhidrato de tertilona<\/a><\/b>, qu\u00edmicamente tambi\u00e9n conocido como <b>MDPT<\/b> o <b>tBuONE<\/b>, se est\u00e1 consolidando como un <b>patr\u00f3n de referencia anal\u00edtico<\/b> de primera clase. Como representante de la <b>sint\u00e9tico <span class=\"math-inline\" data-math=\"beta\">beta<\/span>-Keto-Catinona<\/b> esta sustancia desempe\u00f1a un papel clave en la investigaci\u00f3n moderna de <b>nuevas sustancias psicotr\u00f3picas (NSP)<\/b>. Su estructura molecular est\u00e1 estrechamente relacionada con la de otros estimulantes de importancia cl\u00ednica y forense, como el <b>MDPV<\/b> y <b>Pirovalerona<\/b>, Esto convierte a la D-tertilona en una importante mol\u00e9cula de control para la comprensi\u00f3n y el an\u00e1lisis de mecanismos complejos de inhibici\u00f3n de la recaptaci\u00f3n.<\/p>\n<p>Nuestro lote de D-Tertylone HCl est\u00e1 estrictamente limitado al uso en <b>entornos de laboratorio controlados<\/b> orientado. Es exclusivamente para <b>Expertos cualificados<\/b> y <b>Instituciones de investigaci\u00f3n acreditadas<\/b> que exigen la m\u00e1xima pureza y documentaci\u00f3n de sus reactivos. Con una <b>pureza confirmada anal\u00edticamente de <span class=\"math-inline\" data-math=\"ge98,%\">98%<\/span><\/b>\u00a0nuestra norma garantiza la <b>Precisi\u00f3n<\/b> y <b>Reproducibilidad<\/b> para su <b>espectrosc\u00f3pico<\/b> y <b>cromatogr\u00e1fico<\/b> Mediciones. Para laboratorios especializados en el establecimiento de <b>Proyecciones NPS<\/b> y el <b>Validaci\u00f3n de m\u00e9todos toxicol\u00f3gicos<\/b> es el <b>Norma de referencia D-Tertilona<\/b> la base de la integridad cient\u00edfica.<\/p>\n<h2>Precisi\u00f3n en qu\u00edmica: estructura, especificaciones y garant\u00eda de pureza<\/h2>\n<p>La claridad estructural y la pureza qu\u00edmica del material de referencia son los fundamentos de cualquier trabajo anal\u00edtico v\u00e1lido. La D-Tertilona (MDPT) no es una excepci\u00f3n y su caracterizaci\u00f3n requiere el m\u00e1ximo cuidado.<\/p>\n<h3>La huella qu\u00edmica detallada de la D-Tertilona<\/h3>\n<p>La nomenclatura describe los grupos funcionales espec\u00edficos que confieren a la D-Tertilona sus propiedades \u00fanicas. La sustancia pertenece al grupo de <b><span class=\"math-inline\" data-math=\"beta\">beta<\/span>-Keto-Catinona<\/b> (<span class=\"math-inline\" data-math=\"beta\">beta-<\/span>cetonas), que se caracteriza por el sustituyente grupo ceto en el <span class=\"math-inline\" data-math=\"beta\">beta<\/span>-carbono. Estructuralmente, la mol\u00e9cula se caracteriza por la <b>Grupo metilendioxifenilo<\/b> en el anillo arom\u00e1tico y el voluminoso <b>sustituyentes tert-butilamino<\/b> en el grupo amino.<\/p>\n<ul>\n<li><b>Clase qu\u00edmica:<\/b> Sint\u00e9tico <span class=\"math-inline\" data-math=\"beta\">beta<\/span>-Keto-Catinona<\/li>\n<li><b>Nombre IUPAC:<\/b> El nombre qu\u00edmico exacto es <b>1-(3,4-metilendioxifenil)-2-(terc-butilamino)-propan-1-ona<\/b>.<\/li>\n<li><b>Forma molecular:<\/b> Generalmente se utiliza como establo <b>Sal clorhidrato<\/b> entregado.<\/li>\n<li><b>Estado agregado:<\/b> Alta pureza, <b>polvo cristalino<\/b>, que permite un pesaje sencillo y preciso en balanzas anal\u00edticas.<\/li>\n<li><b>Peso molecular:<\/b> <span class=\"math-inline\" data-math=\"213.69 , text{g\/mol}\">213,69 g\/mol <\/span>(clorhidrato), crucial para la preparaci\u00f3n de soluciones est\u00e1ndar molares.<\/li>\n<li><b>Perfil de solubilidad:<\/b> Excelente <b>Solubilidad en disolventes polares<\/b> (como metanol y acetonitrilo) y en agua, lo que facilita la preparaci\u00f3n de patrones de calibraci\u00f3n para <span class=\"math-inline\" data-math=\"LC-MS\/MS\">LC-MS\/MS<\/span>\u00a0y <span class=\"math-inline\" data-math=\"HPLC\">HPLC<\/span>\u00a0simplificado.<\/li>\n<\/ul>\n<h3>Calidad anal\u00edtica y documentaci\u00f3n garantizadas<\/h3>\n<p>Nuestro compromiso con la calidad va m\u00e1s all\u00e1 de una simple declaraci\u00f3n de pureza. Ofrecemos una completa <b>Garant\u00eda de calidad<\/b>, que es esencial para el cumplimiento de las normas internacionales de laboratorio.<\/p>\n<ol start=\"1\">\n<li><b>An\u00e1lisis de pureza:<\/b> Un <b>pureza anal\u00edtica de <span class=\"math-inline\" data-math=\"ge98,%\">98%<\/span><\/b>\u00a0es el requisito m\u00ednimo. Esto se consigue principalmente <b>HPLC (cromatograf\u00eda l\u00edquida de alto rendimiento)<\/b> confirmado con detecci\u00f3n UV o DAD. T\u00e9cnicas complementarias como <b>cromatograf\u00eda en capa fina (TLC)<\/b> o <b>cromatograf\u00eda de gases (GC)<\/b> Los an\u00e1lisis tambi\u00e9n pueden utilizarse para la verificaci\u00f3n.<\/li>\n<li><b>Certificado de an\u00e1lisis (CoA):<\/b> Cada unidad suministrada est\u00e1 etiquetada con un <b>CoA completo<\/b> proporcionado. Este documento contiene no s\u00f3lo la evaluaci\u00f3n de la pureza, sino tambi\u00e9n importantes <b>Datos espectrom\u00e9tricos<\/b> (<b>Espectrometr\u00eda de masas (EM)<\/b> y <b><a href=\"\/product\/d-tertylone-bestellung-online-kaufen\/\">Espectroscopia de resonancia magn\u00e9tica nuclear<\/a> (RMN)<\/b>), que se utilizan para el <b>Validaci\u00f3n<\/b> de la estructura molecular y la creaci\u00f3n de <b>Espectros de referencia<\/b> en la base de datos de su laboratorio.<\/li>\n<li><b>Trazabilidad:<\/b> Nuestros protocolos de producci\u00f3n y pruebas garantizan un <b>Trazabilidad<\/b> de cada lote, un factor decisivo para la <b>Certificaci\u00f3n ISO 17025<\/b> y el cumplimiento de la <b>Normas BPL<\/b> (Buenas pr\u00e1cticas de laboratorio).<\/li>\n<\/ol>\n<h2>\u00a0Campos centrales de investigaci\u00f3n y relevancia toxicol\u00f3gica<\/h2>\n<p>La investigaci\u00f3n con D-Tertilona (MDPT) es crucial para la comprensi\u00f3n de la farmacolog\u00eda de las catinonas sint\u00e9ticas y el desarrollo de m\u00e9todos de detecci\u00f3n forense.<\/p>\n<h3>Toxicolog\u00eda forense y detecci\u00f3n de NSP<\/h3>\n<p>Ante la constante aparici\u00f3n de nuevos derivados de la catinona, la D-Tertilona es una mol\u00e9cula clave en el an\u00e1lisis forense. Los laboratorios necesitan la <b>Norma de referencia MDPT<\/b>, optimizar sus procedimientos de ensayo anal\u00edtico. <b>valide<\/b> y actualizar sus bases de datos.<\/p>\n<ul>\n<li><b>Validaci\u00f3n del m\u00e9todo:<\/b> La D-Tertilona sirve como un esencial <b>Norma de control de calidad<\/b> en el desarrollo de <b>Ensayos de cribado multiobjetivo<\/b> para la identificaci\u00f3n de catinonas en muestras biol\u00f3gicas (por ejemplo, orina, sangre, pelo).<\/li>\n<li><b>Calibraci\u00f3n y cuantificaci\u00f3n:<\/b> El material de gran pureza se utiliza para producir <b>Curvas de calibraci\u00f3n<\/b> para <b>LC-MS\/MS<\/b> y otras t\u00e9cnicas cuantitativas, lo que permite determinar con precisi\u00f3n las concentraciones en los casos forenses.<\/li>\n<li><b>An\u00e1lisis post-mortem:<\/b> La sustancia es un punto de referencia cr\u00edtico para el an\u00e1lisis de material cadav\u00e9rico, en el que se plantean grandes exigencias a la sensibilidad y selectividad del m\u00e9todo.<\/li>\n<\/ul>\n<h3>Investigaci\u00f3n farmacol\u00f3gica y metab\u00f3lica<\/h3>\n<p>Las similitudes estructurales con destacados IRM (inhibidores de la recaptaci\u00f3n de monoaminas) hacen de la D-Tertilona un importante modelo para estudios farmacol\u00f3gicos.<\/p>\n<ul>\n<li><b>Estudios sobre transportadores de neurotransmisores:<\/b> La D-Tertilona se utiliza para estabilizar la <b>Afinidad<\/b> y <b>Potencia<\/b> de la mol\u00e9cula <b>Transportadores de dopamina, noradrenalina y serotonina<\/b> a investigar. Estos estudios ayudan a descifrar los riesgos potenciales y el perfil molecular de la sustancia.<\/li>\n<li><b>Cribado del metabolismo:<\/b> Para que los laboratorios forenses puedan reconocer la sustancia incluso despu\u00e9s de su degradaci\u00f3n metab\u00f3lica, la D-Tertilona se utiliza para <b><span class=\"math-inline\" data-math=\"In\">En <\/span><span class=\"math-inline\" data-math=\"vitro\">vitro<\/span>-Estudios de metabolismo<\/b> se utiliza. El valor exacto <b>productos qu\u00edmicos de degradaci\u00f3n<\/b> (metabolitos) y caracterizado su estructura mediante espectrometr\u00eda de masas de alta resoluci\u00f3n. La identificaci\u00f3n de estos metabolitos es clave para el desarrollo de nuevas t\u00e9cnicas forenses. <b>Biomarcadores<\/b>.<\/li>\n<\/ul>\n<h2>\u00a0Marco jur\u00eddico y conformidad de los laboratorios<\/h2>\n<p>La compra y manipulaci\u00f3n de clorhidrato de D-Tertilona est\u00e1n sujetas a estrictas normas legales y se reservan exclusivamente para uso cient\u00edfico.<\/p>\n<h3>Requisitos legales y reglamentarios<\/h3>\n<p>Independientemente de la clasificaci\u00f3n nacional respectiva (que puede cambiar constantemente, por ejemplo, mediante la inclusi\u00f3n en el <b>NpSG<\/b> o el <b>BtMG<\/b>), la D-Tertilona se utiliza como <b>investigaci\u00f3n qu\u00edmica controlada<\/b> manejado.<\/p>\n<ul>\n<li><b>Restricci\u00f3n de ventas:<\/b> La venta se realiza estrictamente <b>s\u00f3lo a instituciones de investigaci\u00f3n autorizadas<\/b> o empresas con las licencias y permisos adecuados para manipular sustancias controladas.<\/li>\n<li><b>Responsabilidad de cumplimiento:<\/b> El comprador ser\u00e1 plenamente responsable del cumplimiento de todos los <b>legislaci\u00f3n local, nacional e internacional<\/b> relativa a la importaci\u00f3n, posesi\u00f3n, almacenamiento y utilizaci\u00f3n de este producto qu\u00edmico controlado.<\/li>\n<\/ul>\n<h3>Seguridad y manipulaci\u00f3n adecuada en el laboratorio<\/h3>\n<p>El tratamiento seguro de esta norma anal\u00edtica debe llevarse a cabo respetando los m\u00e1s estrictos <b>Conforme a las BPL<\/b> condiciones:<\/p>\n<ul>\n<li><b>PSA:<\/b> El empleado del laboratorio siempre debe <b>Equipos de protecci\u00f3n individual<\/b> incluyendo <b>Bata de laboratorio, guantes resistentes a productos qu\u00edmicos<\/b> y <b>Gafas de protecci\u00f3n<\/b>.<\/li>\n<li><b>Ventilaci\u00f3n:<\/b> El tratamiento de los <b>polvo cristalino<\/b> y la preparaci\u00f3n de soluciones madre debe llevarse a cabo <b>sistema de vitrinas de gases eficiente y certificado<\/b> (campana extractora) para evitar la exposici\u00f3n a aerosoles o polvos.<\/li>\n<li><b>Protocolo de almacenamiento:<\/b> El almacenamiento debe realizarse de acuerdo con las recomendaciones del <b>FDS (Ficha de datos de seguridad)<\/b> tener lugar: <b>Genial (<span class=\"math-inline\" data-math=\"text{2\u20138 \u00b0C}\">2-8 \u00b0C<\/span>), seco y completamente protegido de la luz<\/b>para optimizar la <b>Estabilidad qu\u00edmica<\/b> de la norma de referencia de alta calidad.<\/li>\n<\/ul>\n<h2>\u00a0Proceso de pedido y atenci\u00f3n al cliente de normas anal\u00edticas<\/h2>\n<p>Somos su socio de confianza para <b>Normas de referencia de alta calidad<\/b>.<\/p>\n<h3 style=\"text-align: left;\">Cantidades disponibles y requisitos de pedido<\/h3>\n<p>Ofrecemos clorhidrato de D-Tertilona en las siguientes cantidades anal\u00edticamente relevantes, que se adaptan a las necesidades de calibraciones y pruebas de control de calidad:<\/p>\n<ul>\n<li><b>Muestra de referencia:<\/b> 100 mg<\/li>\n<li><b>Cantidad est\u00e1ndar:<\/b> 500 mg<\/li>\n<li><b>Cantidad a granel:<\/b> 1 g<\/li>\n<\/ul>\n<p><b>La orden es obligatoria:<\/b><\/p>\n<ol start=\"1\">\n<li>Prueba de la <b>Autorizaci\u00f3n<\/b> y la propiedad como <b>Organizaci\u00f3n de la investigaci\u00f3n<\/b> (prueba del estatuto institucional).<\/li>\n<li>Confirmaci\u00f3n por escrito de que la sustancia <b>exclusivamente con fines anal\u00edticos y de referencia cient\u00edfica<\/b> se utiliza.<\/li>\n<li>Reconocimiento de la <b>Limitaciones de responsabilidad<\/b> y el <b>FDS<\/b>.<\/li>\n<\/ol>","protected":false},"excerpt":{"rendered":"<p><strong>D-Tertilona<\/strong> es una catinona de investigaci\u00f3n vers\u00e1til especialmente desarrollada para el an\u00e1lisis qu\u00edmico moderno. Ideal para estudios farmac\u00e9uticos y anal\u00edticos.<\/p>","protected":false},"featured_media":7048,"comment_status":"open","ping_status":"closed","template":"","meta":{"_joinchat":[]},"product_brand":[],"product_cat":[49],"product_tag":[1932,1938,1933,1936,1937,1935,1934,188,1814,248],"class_list":{"0":"post-7009","1":"product","2":"type-product","3":"status-publish","4":"has-post-thumbnail","6":"product_cat-cathinones","7":"product_tag-d-tertylone","8":"product_tag-d-tertylone-chemikalien","9":"product_tag-d-tertylone-kaufen","10":"product_tag-d-tertylone-kristalle","11":"product_tag-d-tertylone-online","12":"product_tag-d-tertylone-pulver","13":"product_tag-d-tertylone-zum-verkauf","14":"product_tag-forschungschemikalien","15":"product_tag-forschungsstoffe-kaufen","16":"product_tag-synthetische-stimulanzien","18":"first","19":"instock","20":"shipping-taxable","21":"purchasable","22":"product-type-variable"},"yoast_head":"<!-- This site is optimized with the Yoast SEO plugin v27.5 - https:\/\/yoast.com\/product\/yoast-seo-wordpress\/ -->\n<title>D-Tertylone Bestellung Online Kaufen<\/title>\n<meta name=\"description\" content=\"D-Tertylon zu verkaufen ist jetzt ganz einfach in unserem Chemgramx-Onlineshop erh\u00e4ltlich.\" \/>\n<meta name=\"robots\" content=\"index, follow, max-snippet:-1, max-image-preview:large, max-video-preview:-1\" \/>\n<link rel=\"canonical\" href=\"https:\/\/chemgramx.com\/es\/producto-1\/d-tertylone-order-online\/\" \/>\n<meta property=\"og:locale\" content=\"es_ES\" \/>\n<meta property=\"og:type\" content=\"article\" \/>\n<meta property=\"og:title\" content=\"D-Tertylone Bestellung Online Kaufen\" \/>\n<meta property=\"og:description\" content=\"D-Tertylon zu verkaufen ist jetzt ganz einfach in unserem Chemgramx-Onlineshop erh\u00e4ltlich.\" \/>\n<meta property=\"og:url\" content=\"https:\/\/chemgramx.com\/es\/producto-1\/d-tertylone-order-online\/\" \/>\n<meta property=\"og:site_name\" content=\"Chemgramx\" \/>\n<meta property=\"article:modified_time\" content=\"2025-11-21T11:13:32+00:00\" \/>\n<meta property=\"og:image\" content=\"https:\/\/chemgramx.com\/wp-content\/uploads\/2025\/11\/dtertiloyn.png\" \/>\n\t<meta property=\"og:image:width\" content=\"600\" \/>\n\t<meta property=\"og:image:height\" content=\"400\" \/>\n\t<meta property=\"og:image:type\" content=\"image\/png\" \/>\n<meta name=\"twitter:card\" content=\"summary_large_image\" \/>\n<meta name=\"twitter:label1\" content=\"Tiempo de lectura\" \/>\n\t<meta name=\"twitter:data1\" content=\"5 minutos\" \/>\n<script type=\"application\/ld+json\" class=\"yoast-schema-graph\">{\"@context\":\"https:\\\/\\\/schema.org\",\"@graph\":[{\"@type\":\"WebPage\",\"@id\":\"https:\\\/\\\/chemgramx.com\\\/product\\\/d-tertylone-bestellung-online\\\/\",\"url\":\"https:\\\/\\\/chemgramx.com\\\/product\\\/d-tertylone-bestellung-online\\\/\",\"name\":\"D-Tertylone Bestellung Online Kaufen\",\"isPartOf\":{\"@id\":\"https:\\\/\\\/chemgramx.com\\\/#website\"},\"primaryImageOfPage\":{\"@id\":\"https:\\\/\\\/chemgramx.com\\\/product\\\/d-tertylone-bestellung-online\\\/#primaryimage\"},\"image\":{\"@id\":\"https:\\\/\\\/chemgramx.com\\\/product\\\/d-tertylone-bestellung-online\\\/#primaryimage\"},\"thumbnailUrl\":\"https:\\\/\\\/chemgramx.com\\\/wp-content\\\/uploads\\\/2025\\\/11\\\/dtertiloyn.png\",\"datePublished\":\"2025-11-21T11:11:34+00:00\",\"dateModified\":\"2025-11-21T11:13:32+00:00\",\"description\":\"D-Tertylon zu verkaufen ist jetzt ganz einfach in unserem Chemgramx-Onlineshop erh\u00e4ltlich.\",\"breadcrumb\":{\"@id\":\"https:\\\/\\\/chemgramx.com\\\/product\\\/d-tertylone-bestellung-online\\\/#breadcrumb\"},\"inLanguage\":\"es\",\"potentialAction\":[{\"@type\":\"ReadAction\",\"target\":[\"https:\\\/\\\/chemgramx.com\\\/product\\\/d-tertylone-bestellung-online\\\/\"]}]},{\"@type\":\"ImageObject\",\"inLanguage\":\"es\",\"@id\":\"https:\\\/\\\/chemgramx.com\\\/product\\\/d-tertylone-bestellung-online\\\/#primaryimage\",\"url\":\"https:\\\/\\\/chemgramx.com\\\/wp-content\\\/uploads\\\/2025\\\/11\\\/dtertiloyn.png\",\"contentUrl\":\"https:\\\/\\\/chemgramx.com\\\/wp-content\\\/uploads\\\/2025\\\/11\\\/dtertiloyn.png\",\"width\":600,\"height\":400},{\"@type\":\"BreadcrumbList\",\"@id\":\"https:\\\/\\\/chemgramx.com\\\/product\\\/d-tertylone-bestellung-online\\\/#breadcrumb\",\"itemListElement\":[{\"@type\":\"ListItem\",\"position\":1,\"name\":\"Home\",\"item\":\"https:\\\/\\\/chemgramx.com\\\/\"},{\"@type\":\"ListItem\",\"position\":2,\"name\":\"Shop\",\"item\":\"https:\\\/\\\/chemgramx.com\\\/shop\\\/\"},{\"@type\":\"ListItem\",\"position\":3,\"name\":\"D-Tertylone Bestellung Online\"}]},{\"@type\":\"WebSite\",\"@id\":\"https:\\\/\\\/chemgramx.com\\\/#website\",\"url\":\"https:\\\/\\\/chemgramx.com\\\/\",\"name\":\"Chemgramx\",\"description\":\"\",\"publisher\":{\"@id\":\"https:\\\/\\\/chemgramx.com\\\/#organization\"},\"potentialAction\":[{\"@type\":\"SearchAction\",\"target\":{\"@type\":\"EntryPoint\",\"urlTemplate\":\"https:\\\/\\\/chemgramx.com\\\/?s={search_term_string}\"},\"query-input\":{\"@type\":\"PropertyValueSpecification\",\"valueRequired\":true,\"valueName\":\"search_term_string\"}}],\"inLanguage\":\"es\"},{\"@type\":\"Organization\",\"@id\":\"https:\\\/\\\/chemgramx.com\\\/#organization\",\"name\":\"Chemgramx\",\"url\":\"https:\\\/\\\/chemgramx.com\\\/\",\"logo\":{\"@type\":\"ImageObject\",\"inLanguage\":\"es\",\"@id\":\"https:\\\/\\\/chemgramx.com\\\/#\\\/schema\\\/logo\\\/image\\\/\",\"url\":\"https:\\\/\\\/chemgramx.com\\\/wp-content\\\/uploads\\\/2024\\\/10\\\/final-logo.png\",\"contentUrl\":\"https:\\\/\\\/chemgramx.com\\\/wp-content\\\/uploads\\\/2024\\\/10\\\/final-logo.png\",\"width\":250,\"height\":48,\"caption\":\"Chemgramx\"},\"image\":{\"@id\":\"https:\\\/\\\/chemgramx.com\\\/#\\\/schema\\\/logo\\\/image\\\/\"}}]}<\/script>\n<!-- \/ Yoast SEO plugin. -->","yoast_head_json":{"title":"Comprar D-Tertylone Orden Online","description":"D-Tertylon a la venta ya est\u00e1 f\u00e1cilmente disponible en nuestra tienda online Chemgramx.","robots":{"index":"index","follow":"follow","max-snippet":"max-snippet:-1","max-image-preview":"max-image-preview:large","max-video-preview":"max-video-preview:-1"},"canonical":"https:\/\/chemgramx.com\/es\/producto-1\/d-tertylone-order-online\/","og_locale":"es_ES","og_type":"article","og_title":"D-Tertylone Bestellung Online Kaufen","og_description":"D-Tertylon zu verkaufen ist jetzt ganz einfach in unserem Chemgramx-Onlineshop erh\u00e4ltlich.","og_url":"https:\/\/chemgramx.com\/es\/producto-1\/d-tertylone-order-online\/","og_site_name":"Chemgramx","article_modified_time":"2025-11-21T11:13:32+00:00","og_image":[{"width":600,"height":400,"url":"https:\/\/chemgramx.com\/wp-content\/uploads\/2025\/11\/dtertiloyn.png","type":"image\/png"}],"twitter_card":"summary_large_image","twitter_misc":{"Tiempo de lectura":"5 minutos"},"schema":{"@context":"https:\/\/schema.org","@graph":[{"@type":"WebPage","@id":"https:\/\/chemgramx.com\/product\/d-tertylone-bestellung-online\/","url":"https:\/\/chemgramx.com\/product\/d-tertylone-bestellung-online\/","name":"Comprar D-Tertylone Orden Online","isPartOf":{"@id":"https:\/\/chemgramx.com\/#website"},"primaryImageOfPage":{"@id":"https:\/\/chemgramx.com\/product\/d-tertylone-bestellung-online\/#primaryimage"},"image":{"@id":"https:\/\/chemgramx.com\/product\/d-tertylone-bestellung-online\/#primaryimage"},"thumbnailUrl":"https:\/\/chemgramx.com\/wp-content\/uploads\/2025\/11\/dtertiloyn.png","datePublished":"2025-11-21T11:11:34+00:00","dateModified":"2025-11-21T11:13:32+00:00","description":"D-Tertylon a la venta ya est\u00e1 f\u00e1cilmente disponible en nuestra tienda online Chemgramx.","breadcrumb":{"@id":"https:\/\/chemgramx.com\/product\/d-tertylone-bestellung-online\/#breadcrumb"},"inLanguage":"es","potentialAction":[{"@type":"ReadAction","target":["https:\/\/chemgramx.com\/product\/d-tertylone-bestellung-online\/"]}]},{"@type":"ImageObject","inLanguage":"es","@id":"https:\/\/chemgramx.com\/product\/d-tertylone-bestellung-online\/#primaryimage","url":"https:\/\/chemgramx.com\/wp-content\/uploads\/2025\/11\/dtertiloyn.png","contentUrl":"https:\/\/chemgramx.com\/wp-content\/uploads\/2025\/11\/dtertiloyn.png","width":600,"height":400},{"@type":"BreadcrumbList","@id":"https:\/\/chemgramx.com\/product\/d-tertylone-bestellung-online\/#breadcrumb","itemListElement":[{"@type":"ListItem","position":1,"name":"Home","item":"https:\/\/chemgramx.com\/"},{"@type":"ListItem","position":2,"name":"Shop","item":"https:\/\/chemgramx.com\/shop\/"},{"@type":"ListItem","position":3,"name":"D-Tertylone Bestellung Online"}]},{"@type":"WebSite","@id":"https:\/\/chemgramx.com\/#website","url":"https:\/\/chemgramx.com\/","name":"Chemgramx","description":"","publisher":{"@id":"https:\/\/chemgramx.com\/#organization"},"potentialAction":[{"@type":"SearchAction","target":{"@type":"EntryPoint","urlTemplate":"https:\/\/chemgramx.com\/?s={search_term_string}"},"query-input":{"@type":"PropertyValueSpecification","valueRequired":true,"valueName":"search_term_string"}}],"inLanguage":"es"},{"@type":"Organization","@id":"https:\/\/chemgramx.com\/#organization","name":"Chemgramx","url":"https:\/\/chemgramx.com\/","logo":{"@type":"ImageObject","inLanguage":"es","@id":"https:\/\/chemgramx.com\/#\/schema\/logo\/image\/","url":"https:\/\/chemgramx.com\/wp-content\/uploads\/2024\/10\/final-logo.png","contentUrl":"https:\/\/chemgramx.com\/wp-content\/uploads\/2024\/10\/final-logo.png","width":250,"height":48,"caption":"Chemgramx"},"image":{"@id":"https:\/\/chemgramx.com\/#\/schema\/logo\/image\/"}}]}},"_links":{"self":[{"href":"https:\/\/chemgramx.com\/es\/wp-json\/wp\/v2\/product\/7009","targetHints":{"allow":["GET"]}}],"collection":[{"href":"https:\/\/chemgramx.com\/es\/wp-json\/wp\/v2\/product"}],"about":[{"href":"https:\/\/chemgramx.com\/es\/wp-json\/wp\/v2\/types\/product"}],"replies":[{"embeddable":true,"href":"https:\/\/chemgramx.com\/es\/wp-json\/wp\/v2\/comments?post=7009"}],"wp:featuredmedia":[{"embeddable":true,"href":"https:\/\/chemgramx.com\/es\/wp-json\/wp\/v2\/media\/7048"}],"wp:attachment":[{"href":"https:\/\/chemgramx.com\/es\/wp-json\/wp\/v2\/media?parent=7009"}],"wp:term":[{"taxonomy":"product_brand","embeddable":true,"href":"https:\/\/chemgramx.com\/es\/wp-json\/wp\/v2\/product_brand?post=7009"},{"taxonomy":"product_cat","embeddable":true,"href":"https:\/\/chemgramx.com\/es\/wp-json\/wp\/v2\/product_cat?post=7009"},{"taxonomy":"product_tag","embeddable":true,"href":"https:\/\/chemgramx.com\/es\/wp-json\/wp\/v2\/product_tag?post=7009"}],"curies":[{"name":"wp","href":"https:\/\/api.w.org\/{rel}","templated":true}]}}