{"id":7010,"date":"2025-11-21T11:11:34","date_gmt":"2025-11-21T11:11:34","guid":{"rendered":"https:\/\/chemgramx.com\/?post_type=product&#038;p=7010"},"modified":"2025-11-21T11:13:32","modified_gmt":"2025-11-21T11:13:32","slug":"comprar-ebk-online","status":"publish","type":"product","link":"https:\/\/chemgramx.com\/es\/product\/ebk-online-kaufen\/","title":{"rendered":"Comprar EBK en l\u00ednea"},"content":{"rendered":"<p>El mundo de los productos qu\u00edmicos para investigaci\u00f3n es complejo y est\u00e1 en constante evoluci\u00f3n. Una sustancia que est\u00e1 despertando cada vez m\u00e1s inter\u00e9s en los c\u00edrculos cient\u00edficos y m\u00e1s all\u00e1 es <a href=\"\/product\/ebk-online-kaufen\/\"><b>Eutilonas<\/b><\/a>, a menudo abreviado como <b>FBC<\/b>. Cuando los investigadores y los laboratorios <b>Comprar EBK en l\u00ednea<\/b> quieren, se enfrentan al reto de encontrar fuentes fiables que garanticen la m\u00e1xima pureza y calidad. Esta completa gu\u00eda analiza la naturaleza qu\u00edmica del EBK, sus posibles aplicaciones en la investigaci\u00f3n y los aspectos cr\u00edticos que deben tenerse en cuenta al <b>Solicitar EBK<\/b> que deben tenerse en cuenta, desde la situaci\u00f3n jur\u00eddica hasta el control de calidad.<\/p>\n<h2><b>\u00bfQu\u00e9 es EBK (eutilona)? Estructura qu\u00edmica y clasificaci\u00f3n<\/b><\/h2>\n<p><b>Eutilonas<\/b> (nombre qu\u00edmico: \u03b2k-EBDB, N-etilbutilona o 1-(1,3-benzodioxol-5-il)-2-(etilamino)butan-1-ona) es una catinona sint\u00e9tica que pertenece a la familia m\u00e1s amplia de las <b>nuevas sustancias psicotr\u00f3picas (NSP)<\/b> cuenta. Su estructura es caracter\u00edstica de las drogas de dise\u00f1o, cuyo objetivo es imitar las propiedades investigadas de los estimulantes cl\u00e1sicos.<\/p>\n<p>La eutilona comparte similitudes estructurales con otras sustancias psicoactivas conocidas, como <b>Metilona<\/b> y <b>pentilona<\/b>. Es un <b>\u03b2-ceto-catinona<\/b> con la f\u00f3rmula qu\u00edmica <span class=\"math-inline\" data-math=\"C_{13}H_{17}NO_3\">$C_{13}H_{17}NO_3$<\/span>. En la investigaci\u00f3n, la eutilonas se est\u00e1 estudiando como un principio activo que inhibe la recaptaci\u00f3n de <b>Dopamina, noradrenalina y serotonina<\/b> en la hendidura sin\u00e1ptica. Este efecto sugiere que, en modelos precl\u00ednicos, provoca un aumento de la concentraci\u00f3n de estos neurotransmisores, lo que explica sus propiedades estimulantes. Para los laboratorios que <b>Solicitar EBK aut\u00e9ntico<\/b> , la pureza qu\u00edmica es decisiva para validar los resultados de la investigaci\u00f3n.<\/p>\n<h2><b>Por qu\u00e9 aumenta la demanda de EBK online<\/b><\/h2>\n<p>La b\u00fasqueda intensificada de oportunidades para, <b>Comprar EBK en l\u00ednea<\/b> se debe principalmente a su uso como <b>Research Chemical (sustancia qu\u00edmica para investigaci\u00f3n)<\/b>. Los laboratorios necesitan patrones de referencia certificados para realizar pruebas anal\u00edticas, especialmente en la investigaci\u00f3n forense y toxicol\u00f3gica, con el fin de poder detectar la presencia de la sustancia en las muestras.<\/p>\n<h3><b>Potencial y aplicaciones de la investigaci\u00f3n<\/b><\/h3>\n<p>Las principales \u00e1reas de aplicaci\u00f3n de EBK son:<\/p>\n<ul>\n<li><b>Toxicolog\u00eda y medicina forense:<\/b> En <b>Norma de referencia<\/b> para la detecci\u00f3n e identificaci\u00f3n de la sustancia en muestras biol\u00f3gicas. Esto es especialmente importante, ya que el EBK se reconoce como una NPS en muchas regiones.<\/li>\n<li><b>Estudios farmacol\u00f3gicos:<\/b> Investigaci\u00f3n de los mecanismos exactos que intervienen en el <b>Transportadores de monoaminas<\/b> interact\u00faa para obtener nuevos conocimientos sobre estimulantes relacionados.<\/li>\n<li><b>Qu\u00edmica anal\u00edtica:<\/b> Desarrollo y validaci\u00f3n de nuevos m\u00e9todos anal\u00edticos para determinar la pureza y concentraci\u00f3n de catinonas sint\u00e9ticas.<\/li>\n<\/ul>\n<h3><b>Efectos notificados en el contexto de la investigaci\u00f3n<\/b><\/h3>\n<p>En informes precl\u00ednicos y anecd\u00f3ticos en el marco de estudios de investigaci\u00f3n se observaron los siguientes efectos, que subrayan la necesidad de muestras de control y de referencia:<\/p>\n<h4><b>Efectos cognitivos y psicol\u00f3gicos de la investigaci\u00f3n<\/b><\/h4>\n<ul>\n<li>Los estudios sugieren que la EBK tiene el potencial de <b>vigilancia<\/b> y <b>Concentraci\u00f3n<\/b> aumentar.<\/li>\n<li>Los investigadores informan de una posible inducci\u00f3n de <b>Euforia<\/b> y un aumento de <b>Bienestar<\/b> en modelos experimentales.<\/li>\n<li>Podr\u00eda haber una tendencia al aumento de <b>apertura social<\/b> y <b>facilidad para comunicarse<\/b> observarse.<\/li>\n<li>Estos efectos se deben al supuesto mecanismo de acci\u00f3n como <b>Inhibidores de la recaptaci\u00f3n de monoaminas<\/b> atribuible.<\/li>\n<\/ul>\n<h4><b>Efectos fisiol\u00f3gicos de la investigaci\u00f3n<\/b><\/h4>\n<ul>\n<li>A nivel f\u00edsico, se observ\u00f3 un aumento de <b>Energ\u00eda<\/b> y un aumento de <b>nivel de actividad<\/b> determinado.<\/li>\n<li>Fisiol\u00f3gicamente, puede producirse un aumento de <b>Frecuencia cardiaca<\/b> y un aumento de <b>Tensi\u00f3n arterial<\/b> venir.<\/li>\n<li>Una potencial <b>Control del apetito<\/b> Se menciona a menudo en estudios.<\/li>\n<li>Los usuarios informan que, en concentraciones m\u00e1s altas, se producen efectos secundarios como <b>miedo<\/b> o <b>Insomnio<\/b> pueden aparecer.<\/li>\n<\/ul>\n<h2><b>La complicada situaci\u00f3n jur\u00eddica de las compras online en EBK<\/b><\/h2>\n<p>Uno de los aspectos m\u00e1s importantes en el <b>Pedir EBK online<\/b> es la compleja y cambiante situaci\u00f3n jur\u00eddica. Como NPS, la eutilonas est\u00e1 sujeta a controles cada vez m\u00e1s estrictos. La sustancia ha sido incluida por la OMS en la <b>Lista II del Convenio sobre Sustancias Sicotr\u00f3picas de 1971<\/b> recomendado, y en Alemania, Eutylone (seg\u00fan los resultados de Google) se encuentra en <b>Anexo II de la Ley de estupefacientes (BtMG)<\/b> . Esto significa que su comercio y posesi\u00f3n sin autorizaci\u00f3n son ilegales (el comercio autorizado solo se permite con fines cient\u00edficos u otros intereses p\u00fablicos). <b>Es imprescindible consultar la legislaci\u00f3n vigente en cada pa\u00eds.<\/b>, antes de <b>Comprar EBK legal online<\/b> o <b>Solicitar EBK<\/b>.<\/p>\n<h2><b>Calidad y pureza: qu\u00e9 hay que tener en cuenta al comprar EBK<\/b><\/h2>\n<p>Para una investigaci\u00f3n seria, es importante que la <b>Pureza<\/b> el factor m\u00e1s importante de la sustancia. El mercado de NPS es conocido por sus impurezas y falsificaciones (las llamadas <b>EBK falsificada<\/b>). \u00bfQui\u00e9n? <b>Comprar EBK online a buen precio<\/b> quiere, corre el riesgo de obtener muestras contaminadas que proporcionen resultados imprevisibles en la investigaci\u00f3n.<\/p>\n<h3><b>Criterios para elegir el mejor lugar para comprar EBK<\/b><\/h3>\n<p>Para asegurarse de que <b>Comprar EBK puro<\/b>, debe tener en cuenta los siguientes criterios:<\/p>\n<ol start=\"1\">\n<li><b>An\u00e1lisis certificados (COA):<\/b> El comerciante debe disponer de informaci\u00f3n actualizada e independiente. <b>Certificados de an\u00e1lisis (COA)<\/b> presentar, que demuestren la pureza y la identidad qu\u00edmica mediante m\u00e9todos como <b>RMN, GC-MS o HPLC<\/b> confirmar.<\/li>\n<li><b>Transparencia:<\/b> Indicaci\u00f3n completa de la f\u00f3rmula qu\u00edmica, el n\u00famero CAS y la denominaci\u00f3n IUPAC.<\/li>\n<li><b>Embalaje y almacenamiento:<\/b> La sustancia debe suministrarse en un envase herm\u00e9tico y opaco para evitar la contaminaci\u00f3n y la degradaci\u00f3n.<\/li>\n<li><b>Cumplimiento de la normativa:<\/b> El distribuidor debe comunicar claramente las restricciones legales y hacer hincapi\u00e9 en el uso previsto (solo para fines de investigaci\u00f3n).<\/li>\n<li><b>Comparaci\u00f3n de precios:<\/b> Compare el <b>Premio EBK<\/b> Cr\u00edtico; los precios extremadamente bajos pueden indicar una pureza baja. Invierta en est\u00e1ndares de referencia certificados para obtener resultados de investigaci\u00f3n m\u00e1s v\u00e1lidos.<\/li>\n<\/ol>\n<h3><b>La elecci\u00f3n del distribuidor adecuado<\/b><\/h3>\n<p>En <b>El mejor lugar para comprar EBK<\/b> es un <b>distribuidor especializado en productos qu\u00edmicos<\/b> con muchos a\u00f1os de experiencia en el manejo de productos qu\u00edmicos de investigaci\u00f3n. Estos proveedores garantizan <b>Control de calidad<\/b> por laboratorios internos o socios externos de ensayo.<\/p>\n<h2><b>Resumen: Compra online segura y fiable en EBK<\/b><\/h2>\n<p><b>EBK (Eutylone)<\/b> es un potente producto qu\u00edmico de investigaci\u00f3n cuya importancia en la investigaci\u00f3n forense y farmacol\u00f3gica no deja de crecer. \u00bfQui\u00e9n <b>Comprar EBK en l\u00ednea<\/b> quiere, debe ser consciente de los estrictos controles legales y dar prioridad absoluta a la pureza de la sustancia. El <b>El mejor lugar para comprar EBK<\/b> es siempre un distribuidor certificado de productos qu\u00edmicos especiales que garantiza an\u00e1lisis transparentes y la m\u00e1xima calidad para asegurar la integridad del trabajo cient\u00edfico.<\/p>","protected":false},"excerpt":{"rendered":"<p><strong>FBC<\/strong> es una catinona sint\u00e9tica innovadora especialmente desarrollada para la investigaci\u00f3n qu\u00edmica y farmacol\u00f3gica. Con una gran pureza y estabilidad, ofrece resultados fiables para experimentos cient\u00edficos exigentes.<\/p>","protected":false},"featured_media":7049,"comment_status":"open","ping_status":"closed","template":"","meta":{"_joinchat":[]},"product_brand":[],"product_cat":[49],"product_tag":[1925,1931,1926,1929,1930,1928,1927,188,1814,248],"class_list":{"0":"post-7010","1":"product","2":"type-product","3":"status-publish","4":"has-post-thumbnail","6":"product_cat-cathinones","7":"product_tag-ebk","8":"product_tag-ebk-chemikalien","9":"product_tag-ebk-kaufen","10":"product_tag-ebk-kristalle","11":"product_tag-ebk-online","12":"product_tag-ebk-pulver","13":"product_tag-ebk-zum-verkauf","14":"product_tag-forschungschemikalien","15":"product_tag-forschungsstoffe-kaufen","16":"product_tag-synthetische-stimulanzien","18":"first","19":"instock","20":"shipping-taxable","21":"purchasable","22":"product-type-variable"},"yoast_head":"<!-- This site is optimized with the Yoast SEO plugin v27.5 - https:\/\/yoast.com\/product\/yoast-seo-wordpress\/ -->\n<title>EBK kaufen | Hochreines Forschungscathinon f\u00fcr Labore<\/title>\n<meta name=\"description\" content=\"Erforschen Sie EBK, ein hochwertiges synthetisches Cathinon f\u00fcr chemische und pharmakologische Studien. Nur f\u00fcr Forschung und Analyse in autorisierten Laboren.\" \/>\n<meta name=\"robots\" content=\"index, follow, max-snippet:-1, max-image-preview:large, max-video-preview:-1\" \/>\n<link rel=\"canonical\" href=\"https:\/\/chemgramx.com\/es\/producto-1\/comprar-ebk-online\/\" \/>\n<meta property=\"og:locale\" content=\"es_ES\" \/>\n<meta property=\"og:type\" content=\"article\" \/>\n<meta property=\"og:title\" content=\"EBK kaufen | Hochreines Forschungscathinon f\u00fcr Labore\" \/>\n<meta property=\"og:description\" content=\"Erforschen Sie EBK, ein hochwertiges synthetisches Cathinon f\u00fcr chemische und pharmakologische Studien. Nur f\u00fcr Forschung und Analyse in autorisierten Laboren.\" \/>\n<meta property=\"og:url\" content=\"https:\/\/chemgramx.com\/es\/producto-1\/comprar-ebk-online\/\" \/>\n<meta property=\"og:site_name\" content=\"Chemgramx\" \/>\n<meta property=\"article:modified_time\" content=\"2025-11-21T11:13:32+00:00\" \/>\n<meta property=\"og:image\" content=\"https:\/\/chemgramx.com\/wp-content\/uploads\/2025\/11\/ebk.png\" \/>\n\t<meta property=\"og:image:width\" content=\"600\" \/>\n\t<meta property=\"og:image:height\" content=\"400\" \/>\n\t<meta property=\"og:image:type\" content=\"image\/png\" \/>\n<meta name=\"twitter:card\" content=\"summary_large_image\" \/>\n<meta name=\"twitter:label1\" content=\"Tiempo de lectura\" \/>\n\t<meta name=\"twitter:data1\" content=\"4 minutos\" \/>\n<script type=\"application\/ld+json\" class=\"yoast-schema-graph\">{\"@context\":\"https:\\\/\\\/schema.org\",\"@graph\":[{\"@type\":\"WebPage\",\"@id\":\"https:\\\/\\\/chemgramx.com\\\/product\\\/ebk-online-kaufen\\\/\",\"url\":\"https:\\\/\\\/chemgramx.com\\\/product\\\/ebk-online-kaufen\\\/\",\"name\":\"EBK kaufen | Hochreines Forschungscathinon f\u00fcr Labore\",\"isPartOf\":{\"@id\":\"https:\\\/\\\/chemgramx.com\\\/#website\"},\"primaryImageOfPage\":{\"@id\":\"https:\\\/\\\/chemgramx.com\\\/product\\\/ebk-online-kaufen\\\/#primaryimage\"},\"image\":{\"@id\":\"https:\\\/\\\/chemgramx.com\\\/product\\\/ebk-online-kaufen\\\/#primaryimage\"},\"thumbnailUrl\":\"https:\\\/\\\/chemgramx.com\\\/wp-content\\\/uploads\\\/2025\\\/11\\\/ebk.png\",\"datePublished\":\"2025-11-21T11:11:34+00:00\",\"dateModified\":\"2025-11-21T11:13:32+00:00\",\"description\":\"Erforschen Sie EBK, ein hochwertiges synthetisches Cathinon f\u00fcr chemische und pharmakologische Studien. Nur f\u00fcr Forschung und Analyse in autorisierten Laboren.\",\"breadcrumb\":{\"@id\":\"https:\\\/\\\/chemgramx.com\\\/product\\\/ebk-online-kaufen\\\/#breadcrumb\"},\"inLanguage\":\"es\",\"potentialAction\":[{\"@type\":\"ReadAction\",\"target\":[\"https:\\\/\\\/chemgramx.com\\\/product\\\/ebk-online-kaufen\\\/\"]}]},{\"@type\":\"ImageObject\",\"inLanguage\":\"es\",\"@id\":\"https:\\\/\\\/chemgramx.com\\\/product\\\/ebk-online-kaufen\\\/#primaryimage\",\"url\":\"https:\\\/\\\/chemgramx.com\\\/wp-content\\\/uploads\\\/2025\\\/11\\\/ebk.png\",\"contentUrl\":\"https:\\\/\\\/chemgramx.com\\\/wp-content\\\/uploads\\\/2025\\\/11\\\/ebk.png\",\"width\":600,\"height\":400},{\"@type\":\"BreadcrumbList\",\"@id\":\"https:\\\/\\\/chemgramx.com\\\/product\\\/ebk-online-kaufen\\\/#breadcrumb\",\"itemListElement\":[{\"@type\":\"ListItem\",\"position\":1,\"name\":\"Home\",\"item\":\"https:\\\/\\\/chemgramx.com\\\/\"},{\"@type\":\"ListItem\",\"position\":2,\"name\":\"Shop\",\"item\":\"https:\\\/\\\/chemgramx.com\\\/shop\\\/\"},{\"@type\":\"ListItem\",\"position\":3,\"name\":\"EBK Online Kaufen\"}]},{\"@type\":\"WebSite\",\"@id\":\"https:\\\/\\\/chemgramx.com\\\/#website\",\"url\":\"https:\\\/\\\/chemgramx.com\\\/\",\"name\":\"Chemgramx\",\"description\":\"\",\"publisher\":{\"@id\":\"https:\\\/\\\/chemgramx.com\\\/#organization\"},\"potentialAction\":[{\"@type\":\"SearchAction\",\"target\":{\"@type\":\"EntryPoint\",\"urlTemplate\":\"https:\\\/\\\/chemgramx.com\\\/?s={search_term_string}\"},\"query-input\":{\"@type\":\"PropertyValueSpecification\",\"valueRequired\":true,\"valueName\":\"search_term_string\"}}],\"inLanguage\":\"es\"},{\"@type\":\"Organization\",\"@id\":\"https:\\\/\\\/chemgramx.com\\\/#organization\",\"name\":\"Chemgramx\",\"url\":\"https:\\\/\\\/chemgramx.com\\\/\",\"logo\":{\"@type\":\"ImageObject\",\"inLanguage\":\"es\",\"@id\":\"https:\\\/\\\/chemgramx.com\\\/#\\\/schema\\\/logo\\\/image\\\/\",\"url\":\"https:\\\/\\\/chemgramx.com\\\/wp-content\\\/uploads\\\/2024\\\/10\\\/final-logo.png\",\"contentUrl\":\"https:\\\/\\\/chemgramx.com\\\/wp-content\\\/uploads\\\/2024\\\/10\\\/final-logo.png\",\"width\":250,\"height\":48,\"caption\":\"Chemgramx\"},\"image\":{\"@id\":\"https:\\\/\\\/chemgramx.com\\\/#\\\/schema\\\/logo\\\/image\\\/\"}}]}<\/script>\n<!-- \/ Yoast SEO plugin. -->","yoast_head_json":{"title":"Comprar EBK | Catinona de investigaci\u00f3n de alta pureza para laboratorios","description":"Explore EBK, una catinona sint\u00e9tica de alta calidad para estudios qu\u00edmicos y farmacol\u00f3gicos. Para investigaci\u00f3n y an\u00e1lisis \u00fanicamente en laboratorios autorizados.","robots":{"index":"index","follow":"follow","max-snippet":"max-snippet:-1","max-image-preview":"max-image-preview:large","max-video-preview":"max-video-preview:-1"},"canonical":"https:\/\/chemgramx.com\/es\/producto-1\/comprar-ebk-online\/","og_locale":"es_ES","og_type":"article","og_title":"EBK kaufen | Hochreines Forschungscathinon f\u00fcr Labore","og_description":"Erforschen Sie EBK, ein hochwertiges synthetisches Cathinon f\u00fcr chemische und pharmakologische Studien. Nur f\u00fcr Forschung und Analyse in autorisierten Laboren.","og_url":"https:\/\/chemgramx.com\/es\/producto-1\/comprar-ebk-online\/","og_site_name":"Chemgramx","article_modified_time":"2025-11-21T11:13:32+00:00","og_image":[{"width":600,"height":400,"url":"https:\/\/chemgramx.com\/wp-content\/uploads\/2025\/11\/ebk.png","type":"image\/png"}],"twitter_card":"summary_large_image","twitter_misc":{"Tiempo de lectura":"4 minutos"},"schema":{"@context":"https:\/\/schema.org","@graph":[{"@type":"WebPage","@id":"https:\/\/chemgramx.com\/product\/ebk-online-kaufen\/","url":"https:\/\/chemgramx.com\/product\/ebk-online-kaufen\/","name":"Comprar EBK | Catinona de investigaci\u00f3n de alta pureza para laboratorios","isPartOf":{"@id":"https:\/\/chemgramx.com\/#website"},"primaryImageOfPage":{"@id":"https:\/\/chemgramx.com\/product\/ebk-online-kaufen\/#primaryimage"},"image":{"@id":"https:\/\/chemgramx.com\/product\/ebk-online-kaufen\/#primaryimage"},"thumbnailUrl":"https:\/\/chemgramx.com\/wp-content\/uploads\/2025\/11\/ebk.png","datePublished":"2025-11-21T11:11:34+00:00","dateModified":"2025-11-21T11:13:32+00:00","description":"Explore EBK, una catinona sint\u00e9tica de alta calidad para estudios qu\u00edmicos y farmacol\u00f3gicos. Para investigaci\u00f3n y an\u00e1lisis \u00fanicamente en laboratorios autorizados.","breadcrumb":{"@id":"https:\/\/chemgramx.com\/product\/ebk-online-kaufen\/#breadcrumb"},"inLanguage":"es","potentialAction":[{"@type":"ReadAction","target":["https:\/\/chemgramx.com\/product\/ebk-online-kaufen\/"]}]},{"@type":"ImageObject","inLanguage":"es","@id":"https:\/\/chemgramx.com\/product\/ebk-online-kaufen\/#primaryimage","url":"https:\/\/chemgramx.com\/wp-content\/uploads\/2025\/11\/ebk.png","contentUrl":"https:\/\/chemgramx.com\/wp-content\/uploads\/2025\/11\/ebk.png","width":600,"height":400},{"@type":"BreadcrumbList","@id":"https:\/\/chemgramx.com\/product\/ebk-online-kaufen\/#breadcrumb","itemListElement":[{"@type":"ListItem","position":1,"name":"Home","item":"https:\/\/chemgramx.com\/"},{"@type":"ListItem","position":2,"name":"Shop","item":"https:\/\/chemgramx.com\/shop\/"},{"@type":"ListItem","position":3,"name":"EBK Online Kaufen"}]},{"@type":"WebSite","@id":"https:\/\/chemgramx.com\/#website","url":"https:\/\/chemgramx.com\/","name":"Chemgramx","description":"","publisher":{"@id":"https:\/\/chemgramx.com\/#organization"},"potentialAction":[{"@type":"SearchAction","target":{"@type":"EntryPoint","urlTemplate":"https:\/\/chemgramx.com\/?s={search_term_string}"},"query-input":{"@type":"PropertyValueSpecification","valueRequired":true,"valueName":"search_term_string"}}],"inLanguage":"es"},{"@type":"Organization","@id":"https:\/\/chemgramx.com\/#organization","name":"Chemgramx","url":"https:\/\/chemgramx.com\/","logo":{"@type":"ImageObject","inLanguage":"es","@id":"https:\/\/chemgramx.com\/#\/schema\/logo\/image\/","url":"https:\/\/chemgramx.com\/wp-content\/uploads\/2024\/10\/final-logo.png","contentUrl":"https:\/\/chemgramx.com\/wp-content\/uploads\/2024\/10\/final-logo.png","width":250,"height":48,"caption":"Chemgramx"},"image":{"@id":"https:\/\/chemgramx.com\/#\/schema\/logo\/image\/"}}]}},"_links":{"self":[{"href":"https:\/\/chemgramx.com\/es\/wp-json\/wp\/v2\/product\/7010","targetHints":{"allow":["GET"]}}],"collection":[{"href":"https:\/\/chemgramx.com\/es\/wp-json\/wp\/v2\/product"}],"about":[{"href":"https:\/\/chemgramx.com\/es\/wp-json\/wp\/v2\/types\/product"}],"replies":[{"embeddable":true,"href":"https:\/\/chemgramx.com\/es\/wp-json\/wp\/v2\/comments?post=7010"}],"wp:featuredmedia":[{"embeddable":true,"href":"https:\/\/chemgramx.com\/es\/wp-json\/wp\/v2\/media\/7049"}],"wp:attachment":[{"href":"https:\/\/chemgramx.com\/es\/wp-json\/wp\/v2\/media?parent=7010"}],"wp:term":[{"taxonomy":"product_brand","embeddable":true,"href":"https:\/\/chemgramx.com\/es\/wp-json\/wp\/v2\/product_brand?post=7010"},{"taxonomy":"product_cat","embeddable":true,"href":"https:\/\/chemgramx.com\/es\/wp-json\/wp\/v2\/product_cat?post=7010"},{"taxonomy":"product_tag","embeddable":true,"href":"https:\/\/chemgramx.com\/es\/wp-json\/wp\/v2\/product_tag?post=7010"}],"curies":[{"name":"wp","href":"https:\/\/api.w.org\/{rel}","templated":true}]}}