{"id":7012,"date":"2025-11-21T11:11:35","date_gmt":"2025-11-21T11:11:35","guid":{"rendered":"https:\/\/chemgramx.com\/?post_type=product&#038;p=7012"},"modified":"2025-11-21T14:28:34","modified_gmt":"2025-11-21T14:28:34","slug":"md-php-comprar-online","status":"publish","type":"product","link":"https:\/\/chemgramx.com\/es\/product\/md-php-online-kaufen\/","title":{"rendered":"Comprar MD-PHP en l\u00ednea"},"content":{"rendered":"<p><b>MD-PHP<\/b>, conocido qu\u00edmicamente como 3\u2032,4\u2032-metilendioxi-\u03b1-pirrolidinohexiofenona, es una catinona sint\u00e9tica muy potente que ha suscitado gran inter\u00e9s en el mundo de la investigaci\u00f3n debido a sus similitudes estructurales con la m\u00e1s conocida MDPV. Desarrollada originalmente en la d\u00e9cada de 1960, pertenece a la clase de las <b>\u03b1-<a href=\"\/product\/a-pvp-alpha-pyrrolidinovalerophenon-online-kaufen\/\">pirrolidinohexiofenonas<\/a><\/b>. Tras la regulaci\u00f3n m\u00e1s estricta del MDPV en muchos pa\u00edses, el MD-PHP se estableci\u00f3 como una alternativa muy demandada en la investigaci\u00f3n precl\u00ednica. La b\u00fasqueda de formas de, <b>Comprar MD-PHP en l\u00ednea<\/b> o el mejor proveedor para <b>MD-PHP para comprar<\/b> por lo tanto, ha aumentado considerablemente en Internet. Esta gu\u00eda detallada analiza la composici\u00f3n qu\u00edmica, los efectos observados en la investigaci\u00f3n y los aspectos cr\u00edticos de la legalidad y la pureza en la adquisici\u00f3n de este producto qu\u00edmico de investigaci\u00f3n.<\/p>\n<h2><b>La qu\u00edmica detr\u00e1s del MD-PHP: estructura y modo de acci\u00f3n<\/b><\/h2>\n<p>MD-PHP es un <b>\u03b2-ceto-catinona<\/b> con la f\u00f3rmula qu\u00edmica <span class=\"math-inline\" data-math=\"C_{17}H_{23}NO_3\">$C_{17}H_{23}NO_3$<\/span>. La denominaci\u00f3n 3\u2032,4\u2032-metilendioxi-\u03b1-pirrolidinohexiofenona describe su compleja estructura, que combina el patr\u00f3n metilendioxi (conocido por el MDMA) con un grupo pirrolidina (conocido por el MDPV).<\/p>\n<h3><b>Clasificaci\u00f3n qu\u00edmica y comparaci\u00f3n con otros estimulantes<\/b><\/h3>\n<p>MD-PHP pertenece a la clase de <b>catinonas sint\u00e9ticas<\/b> y es un pariente directo del MDPV (metilendioxipirovalerona).<\/p>\n<ul>\n<li><b>Mecanismo de acci\u00f3n:<\/b> MD-PHP act\u00faa como <b>Inhibidores de la recaptaci\u00f3n de monoamina (MRI)<\/b>, lo que refuerza especialmente la reanudaci\u00f3n de <b>Dopamina, noradrenalina y serotonina<\/b> inhibe. En el contexto de la investigaci\u00f3n, este efecto provoca un aumento de la concentraci\u00f3n de neurotransmisores, lo que explica las propiedades estimulantes observadas.<\/li>\n<li><b>Potencia en comparaci\u00f3n con el MDPV:<\/b> En comparaci\u00f3n con el MDPV, el MD-PHP se considera en muchos estudios como <b>m\u00e1s potente<\/b> considerado, con similares, pero posiblemente <b>intensificar<\/b> Efectos de la investigaci\u00f3n. Esta mayor potencia es una de las principales razones por las que los investigadores buscan <b>MD-PHP aut\u00e9ntico o falsificado a la venta<\/b> para investigar las diferencias farmacol\u00f3gicas exactas.<\/li>\n<\/ul>\n<h2><b>Por qu\u00e9 los investigadores quieren comprar MD-PHP online<\/b><\/h2>\n<p>La demanda de MD-PHP se debe a su disponibilidad como sustancia qu\u00edmica para investigaci\u00f3n y al inter\u00e9s cient\u00edfico por su potencia. Muchas personas interesadas buscan espec\u00edficamente: \u00bfD\u00f3nde se puede comprar MD-PHP? o \u00bfQu\u00e9 es el <b>El mejor lugar para comprar MD-PHP online<\/b>?<\/p>\n<h3><b>Efectos f\u00edsicos y psicol\u00f3gicos notificados<\/b><\/h3>\n<p>En informes precl\u00ednicos y anecd\u00f3ticos en el marco de estudios de investigaci\u00f3n se observan los siguientes efectos, que requieren un manejo cuidadoso y una documentaci\u00f3n precisa:<\/p>\n<h4><b>Efectos ps\u00edquicos (par\u00e1metros de investigaci\u00f3n cognitiva)<\/b><\/h4>\n<ul>\n<li><b>Mayor vigilancia y concentraci\u00f3n:<\/b> La sustancia puede aumentar la atenci\u00f3n y la concentraci\u00f3n en modelos experimentales.<\/li>\n<li><b>Euforia y mayor bienestar:<\/b> Esto indica una fuerte activaci\u00f3n del sistema de recompensa en el cerebro.<\/li>\n<li><b>Apertura social y facilidad para comunicarse:<\/b> Las observaciones apuntan a un posible componente empat\u00f3geno, similar al de otras sustancias metilendiox\u00eddicas.<\/li>\n<\/ul>\n<h4><b>Efectos f\u00edsicos (observaciones fisiol\u00f3gicas)<\/b><\/h4>\n<ul>\n<li><b>Aumento de la energ\u00eda y el nivel de actividad:<\/b> A menudo se observa un aumento significativo de la actividad f\u00edsica.<\/li>\n<li><b>Control del apetito:<\/b> Este es un efecto t\u00edpico de los estimulantes fuertes.<\/li>\n<li><b>Aumento de la frecuencia card\u00edaca y la presi\u00f3n arterial:<\/b> Se trata de efectos cardiovasculares cr\u00edticos que requieren especial precauci\u00f3n en la investigaci\u00f3n.<\/li>\n<\/ul>\n<p>Los informes muestran que los usuarios hablan de un aumento del rendimiento y una mayor vigilancia. Estas caracter\u00edsticas lo convierten en un producto que se utiliza con frecuencia en <b>MD-PHP en venta<\/b> o <b>Comprar MD-PHP online al mejor precio<\/b> Se busca.<\/p>\n<h2><b>Dosis, duraci\u00f3n y aspectos de seguridad en la investigaci\u00f3n<\/b><\/h2>\n<p>Dado que el MD-PHP se comercializa principalmente como sustancia qu\u00edmica para investigaci\u00f3n, <b>No existen recomendaciones oficiales sobre la dosis para el consumo humano.<\/b>. <b>Cada consumo supone un riesgo elevado e incalculable para la salud.<\/b><\/p>\n<ul>\n<li><b>Pautas de dosificaci\u00f3n:<\/b> Los usuarios que <b>Pedir MD-PHP online<\/b>, deben ser extremadamente cautelosos y <b>comenzar con dosis m\u00ednimas<\/b>, para probar reacciones individuales en el laboratorio. Debido a la alta potencia del MD-PHP, es imprescindible utilizar una microbalanza para su manipulaci\u00f3n.<\/li>\n<li><b>Duraci\u00f3n de los efectos:<\/b> El efecto del MD-PHP puede <b>durar varias horas<\/b>.<\/li>\n<li><b>Precauci\u00f3n con la redosificaci\u00f3n:<\/b> Debido al potencial <b>Desarrollo de la tolerancia<\/b> y el riesgo de efectos secundarios como psicosis, estr\u00e9s card\u00edaco o insomnio, se debe <b>Se evita o se limita considerablemente la redosificaci\u00f3n.<\/b> convertirse.<\/li>\n<\/ul>\n<h2><b>El proceso de compra: comodidad, legalidad y pureza<\/b><\/h2>\n<p>La compra online de MD-PHP ofrece ventajas como comodidad, accesibilidad (para comparar precios y encontrar el mejor <b>Precio MD-PHP<\/b> determinar) y discreci\u00f3n. Para muchos compradores es importante que el <b>El mejor lugar para comprar MD-PHP<\/b> encontrando proveedores que <b>MD-PHP en venta<\/b> ofrecer.<\/p>\n<h3><b>La situaci\u00f3n jur\u00eddica de MD-PHP<\/b><\/h3>\n<p>La legalidad del <b>Pedir MD-PHP online<\/b> Es complejo y var\u00eda mucho:<\/p>\n<ul>\n<li><b>Alemania y Europa:<\/b> El MD-PHP no suele figurar expl\u00edcitamente en el anexo I de la BtMG, pero podr\u00eda estar incluido en el <b>Nueva Ley de Sustancias Psicoactivas (NpSG)<\/b> o el <b>Ley de medicamentos<\/b> caer, lo que hace que su posesi\u00f3n y comercio sean ilegales.<\/li>\n<li><b>Control internacional:<\/b> Debido a su estrecha relaci\u00f3n con el MDPV y a su potencial de abuso, el MD-PHP est\u00e1 bajo observaci\u00f3n internacional.<\/li>\n<\/ul>\n<p>Nosotros <b>Pida MD-PHP aut\u00e9ntico o falsificado<\/b> quiere, debe conocer la legislaci\u00f3n vigente en su pa\u00eds. <b>comprobar con precisi\u00f3n<\/b> y solo debe actuar de conformidad con todas las normativas locales.<\/p>\n<h3><b>\u00bfC\u00f3mo elegir un MD-PHP de alta calidad?<\/b><\/h3>\n<p>En vista de la oferta de <b>Comprar MD-PHP real o falso<\/b> En el mercado, es fundamental seleccionar cuidadosamente el producto.<\/p>\n<ul>\n<li><b>Pureza:<\/b> Este es el criterio m\u00e1s importante. Preste atenci\u00f3n a la informaci\u00f3n actualizada e independiente. <b>An\u00e1lisis de laboratorio y certificados (COA)<\/b>, que confirmen la identidad qu\u00edmica y la pureza.<\/li>\n<li><b>Embalaje:<\/b> La sustancia debe suministrarse en un envase seguro, sellado y protegido de la luz para garantizar su protecci\u00f3n frente a la contaminaci\u00f3n y la degradaci\u00f3n qu\u00edmica.<\/li>\n<li><b>Relaci\u00f3n calidad-precio:<\/b> Compare el <b>Precio MD-PHP<\/b> por gramo o dosis, pero desconf\u00ede de los precios extremadamente bajos, ya que pueden indicar una falta de pureza.<\/li>\n<li><b>Elecci\u00f3n del distribuidor:<\/b> En <b>El mejor lugar para comprar MD-PHP<\/b> son distribuidores especializados en productos qu\u00edmicos con una reputaci\u00f3n consolidada y procesos de control de calidad transparentes. Los mercados online suelen ofrecer ofertas como <b>Comprar MD-PHP online al mejor precio<\/b>, pero entra\u00f1an un mayor riesgo de falsificaci\u00f3n.<\/li>\n<\/ul>\n<h2><b>Resumen<\/b><\/h2>\n<p>El MD-PHP es un potente estimulante sint\u00e9tico cuyos efectos est\u00e1n siendo objeto de intensas investigaciones. \u00bfQui\u00e9n? <b>Comprar MD-PHP en l\u00ednea<\/b> o <b>MD-PHP comprar online<\/b> quiere, debe <b>Pureza<\/b> y el <b>Legalidad<\/b> , ya que el producto conlleva riesgos considerables. El mercado ofrece muchas opciones, pero la compra siempre debe realizarse a un proveedor de confianza con <b>Calidad certificada<\/b> tener lugar<\/p>","protected":false},"excerpt":{"rendered":"<p><strong>MD-PHP<\/strong> es un producto qu\u00edmico de investigaci\u00f3n de alta calidad, ideal para estudios qu\u00edmicos y farmacol\u00f3gicos avanzados. Desarrollado para an\u00e1lisis precisos y resultados reproducibles.<\/p>","protected":false},"featured_media":7059,"comment_status":"open","ping_status":"closed","template":"","meta":{"_joinchat":[]},"product_brand":[],"product_cat":[49,53],"product_tag":[188,1814,1911,1917,1912,1915,1916,1914,1913,248],"class_list":{"0":"post-7012","1":"product","2":"type-product","3":"status-publish","4":"has-post-thumbnail","6":"product_cat-cathinones","7":"product_cat-dissociatives","8":"product_tag-forschungschemikalien","9":"product_tag-forschungsstoffe-kaufen","10":"product_tag-md-php","11":"product_tag-md-php-chemikalien","12":"product_tag-md-php-kaufen","13":"product_tag-md-php-kristalle","14":"product_tag-md-php-online","15":"product_tag-md-php-pulver","16":"product_tag-md-php-zum-verkauf","17":"product_tag-synthetische-stimulanzien","19":"first","20":"instock","21":"shipping-taxable","22":"purchasable","23":"product-type-variable"},"yoast_head":"<!-- This site is optimized with the Yoast SEO plugin v27.5 - https:\/\/yoast.com\/product\/yoast-seo-wordpress\/ -->\n<title>MD-PHP kaufen | Hochreine Forschungssubstanz online bestellen<\/title>\n<meta name=\"description\" content=\"Erwerben Sie MD-PHP, eine hochwertige Substanz f\u00fcr chemische und pharmakologische Forschung. Perfekt f\u00fcr pr\u00e4zise Analysen in professionellen Laboren.\" \/>\n<meta name=\"robots\" content=\"index, follow, max-snippet:-1, max-image-preview:large, max-video-preview:-1\" \/>\n<link rel=\"canonical\" href=\"https:\/\/chemgramx.com\/es\/producto-1\/md-php-comprar-online\/\" \/>\n<meta property=\"og:locale\" content=\"es_ES\" \/>\n<meta property=\"og:type\" content=\"article\" \/>\n<meta property=\"og:title\" content=\"MD-PHP kaufen | Hochreine Forschungssubstanz online bestellen\" \/>\n<meta property=\"og:description\" content=\"Erwerben Sie MD-PHP, eine hochwertige Substanz f\u00fcr chemische und pharmakologische Forschung. Perfekt f\u00fcr pr\u00e4zise Analysen in professionellen Laboren.\" \/>\n<meta property=\"og:url\" content=\"https:\/\/chemgramx.com\/es\/producto-1\/md-php-comprar-online\/\" \/>\n<meta property=\"og:site_name\" content=\"Chemgramx\" \/>\n<meta property=\"article:modified_time\" content=\"2025-11-21T14:28:34+00:00\" \/>\n<meta property=\"og:image\" content=\"https:\/\/chemgramx.com\/wp-content\/uploads\/2025\/11\/mdphp.png\" \/>\n\t<meta property=\"og:image:width\" content=\"600\" \/>\n\t<meta property=\"og:image:height\" content=\"400\" \/>\n\t<meta property=\"og:image:type\" content=\"image\/png\" \/>\n<meta name=\"twitter:card\" content=\"summary_large_image\" \/>\n<meta name=\"twitter:label1\" content=\"Tiempo de lectura\" \/>\n\t<meta name=\"twitter:data1\" content=\"4 minutos\" \/>\n<script type=\"application\/ld+json\" class=\"yoast-schema-graph\">{\"@context\":\"https:\\\/\\\/schema.org\",\"@graph\":[{\"@type\":\"WebPage\",\"@id\":\"https:\\\/\\\/chemgramx.com\\\/product\\\/md-php-online-kaufen\\\/\",\"url\":\"https:\\\/\\\/chemgramx.com\\\/product\\\/md-php-online-kaufen\\\/\",\"name\":\"MD-PHP kaufen | Hochreine Forschungssubstanz online bestellen\",\"isPartOf\":{\"@id\":\"https:\\\/\\\/chemgramx.com\\\/#website\"},\"primaryImageOfPage\":{\"@id\":\"https:\\\/\\\/chemgramx.com\\\/product\\\/md-php-online-kaufen\\\/#primaryimage\"},\"image\":{\"@id\":\"https:\\\/\\\/chemgramx.com\\\/product\\\/md-php-online-kaufen\\\/#primaryimage\"},\"thumbnailUrl\":\"https:\\\/\\\/chemgramx.com\\\/wp-content\\\/uploads\\\/2025\\\/11\\\/mdphp.png\",\"datePublished\":\"2025-11-21T11:11:35+00:00\",\"dateModified\":\"2025-11-21T14:28:34+00:00\",\"description\":\"Erwerben Sie MD-PHP, eine hochwertige Substanz f\u00fcr chemische und pharmakologische Forschung. Perfekt f\u00fcr pr\u00e4zise Analysen in professionellen Laboren.\",\"breadcrumb\":{\"@id\":\"https:\\\/\\\/chemgramx.com\\\/product\\\/md-php-online-kaufen\\\/#breadcrumb\"},\"inLanguage\":\"es\",\"potentialAction\":[{\"@type\":\"ReadAction\",\"target\":[\"https:\\\/\\\/chemgramx.com\\\/product\\\/md-php-online-kaufen\\\/\"]}]},{\"@type\":\"ImageObject\",\"inLanguage\":\"es\",\"@id\":\"https:\\\/\\\/chemgramx.com\\\/product\\\/md-php-online-kaufen\\\/#primaryimage\",\"url\":\"https:\\\/\\\/chemgramx.com\\\/wp-content\\\/uploads\\\/2025\\\/11\\\/mdphp.png\",\"contentUrl\":\"https:\\\/\\\/chemgramx.com\\\/wp-content\\\/uploads\\\/2025\\\/11\\\/mdphp.png\",\"width\":600,\"height\":400},{\"@type\":\"BreadcrumbList\",\"@id\":\"https:\\\/\\\/chemgramx.com\\\/product\\\/md-php-online-kaufen\\\/#breadcrumb\",\"itemListElement\":[{\"@type\":\"ListItem\",\"position\":1,\"name\":\"Home\",\"item\":\"https:\\\/\\\/chemgramx.com\\\/\"},{\"@type\":\"ListItem\",\"position\":2,\"name\":\"Shop\",\"item\":\"https:\\\/\\\/chemgramx.com\\\/shop\\\/\"},{\"@type\":\"ListItem\",\"position\":3,\"name\":\"MD-PHP Online Kaufen\"}]},{\"@type\":\"WebSite\",\"@id\":\"https:\\\/\\\/chemgramx.com\\\/#website\",\"url\":\"https:\\\/\\\/chemgramx.com\\\/\",\"name\":\"Chemgramx\",\"description\":\"\",\"publisher\":{\"@id\":\"https:\\\/\\\/chemgramx.com\\\/#organization\"},\"potentialAction\":[{\"@type\":\"SearchAction\",\"target\":{\"@type\":\"EntryPoint\",\"urlTemplate\":\"https:\\\/\\\/chemgramx.com\\\/?s={search_term_string}\"},\"query-input\":{\"@type\":\"PropertyValueSpecification\",\"valueRequired\":true,\"valueName\":\"search_term_string\"}}],\"inLanguage\":\"es\"},{\"@type\":\"Organization\",\"@id\":\"https:\\\/\\\/chemgramx.com\\\/#organization\",\"name\":\"Chemgramx\",\"url\":\"https:\\\/\\\/chemgramx.com\\\/\",\"logo\":{\"@type\":\"ImageObject\",\"inLanguage\":\"es\",\"@id\":\"https:\\\/\\\/chemgramx.com\\\/#\\\/schema\\\/logo\\\/image\\\/\",\"url\":\"https:\\\/\\\/chemgramx.com\\\/wp-content\\\/uploads\\\/2024\\\/10\\\/final-logo.png\",\"contentUrl\":\"https:\\\/\\\/chemgramx.com\\\/wp-content\\\/uploads\\\/2024\\\/10\\\/final-logo.png\",\"width\":250,\"height\":48,\"caption\":\"Chemgramx\"},\"image\":{\"@id\":\"https:\\\/\\\/chemgramx.com\\\/#\\\/schema\\\/logo\\\/image\\\/\"}}]}<\/script>\n<!-- \/ Yoast SEO plugin. -->","yoast_head_json":{"title":"Comprar MD-PHP | Solicitar sustancia de investigaci\u00f3n de alta pureza en l\u00ednea","description":"Adquiera MD-PHP, una sustancia de alta calidad para investigaci\u00f3n qu\u00edmica y farmacol\u00f3gica. Ideal para an\u00e1lisis precisos en laboratorios profesionales.","robots":{"index":"index","follow":"follow","max-snippet":"max-snippet:-1","max-image-preview":"max-image-preview:large","max-video-preview":"max-video-preview:-1"},"canonical":"https:\/\/chemgramx.com\/es\/producto-1\/md-php-comprar-online\/","og_locale":"es_ES","og_type":"article","og_title":"MD-PHP kaufen | Hochreine Forschungssubstanz online bestellen","og_description":"Erwerben Sie MD-PHP, eine hochwertige Substanz f\u00fcr chemische und pharmakologische Forschung. Perfekt f\u00fcr pr\u00e4zise Analysen in professionellen Laboren.","og_url":"https:\/\/chemgramx.com\/es\/producto-1\/md-php-comprar-online\/","og_site_name":"Chemgramx","article_modified_time":"2025-11-21T14:28:34+00:00","og_image":[{"width":600,"height":400,"url":"https:\/\/chemgramx.com\/wp-content\/uploads\/2025\/11\/mdphp.png","type":"image\/png"}],"twitter_card":"summary_large_image","twitter_misc":{"Tiempo de lectura":"4 minutos"},"schema":{"@context":"https:\/\/schema.org","@graph":[{"@type":"WebPage","@id":"https:\/\/chemgramx.com\/product\/md-php-online-kaufen\/","url":"https:\/\/chemgramx.com\/product\/md-php-online-kaufen\/","name":"Comprar MD-PHP | Solicitar sustancia de investigaci\u00f3n de alta pureza en l\u00ednea","isPartOf":{"@id":"https:\/\/chemgramx.com\/#website"},"primaryImageOfPage":{"@id":"https:\/\/chemgramx.com\/product\/md-php-online-kaufen\/#primaryimage"},"image":{"@id":"https:\/\/chemgramx.com\/product\/md-php-online-kaufen\/#primaryimage"},"thumbnailUrl":"https:\/\/chemgramx.com\/wp-content\/uploads\/2025\/11\/mdphp.png","datePublished":"2025-11-21T11:11:35+00:00","dateModified":"2025-11-21T14:28:34+00:00","description":"Adquiera MD-PHP, una sustancia de alta calidad para investigaci\u00f3n qu\u00edmica y farmacol\u00f3gica. Ideal para an\u00e1lisis precisos en laboratorios profesionales.","breadcrumb":{"@id":"https:\/\/chemgramx.com\/product\/md-php-online-kaufen\/#breadcrumb"},"inLanguage":"es","potentialAction":[{"@type":"ReadAction","target":["https:\/\/chemgramx.com\/product\/md-php-online-kaufen\/"]}]},{"@type":"ImageObject","inLanguage":"es","@id":"https:\/\/chemgramx.com\/product\/md-php-online-kaufen\/#primaryimage","url":"https:\/\/chemgramx.com\/wp-content\/uploads\/2025\/11\/mdphp.png","contentUrl":"https:\/\/chemgramx.com\/wp-content\/uploads\/2025\/11\/mdphp.png","width":600,"height":400},{"@type":"BreadcrumbList","@id":"https:\/\/chemgramx.com\/product\/md-php-online-kaufen\/#breadcrumb","itemListElement":[{"@type":"ListItem","position":1,"name":"Home","item":"https:\/\/chemgramx.com\/"},{"@type":"ListItem","position":2,"name":"Shop","item":"https:\/\/chemgramx.com\/shop\/"},{"@type":"ListItem","position":3,"name":"MD-PHP Online Kaufen"}]},{"@type":"WebSite","@id":"https:\/\/chemgramx.com\/#website","url":"https:\/\/chemgramx.com\/","name":"Chemgramx","description":"","publisher":{"@id":"https:\/\/chemgramx.com\/#organization"},"potentialAction":[{"@type":"SearchAction","target":{"@type":"EntryPoint","urlTemplate":"https:\/\/chemgramx.com\/?s={search_term_string}"},"query-input":{"@type":"PropertyValueSpecification","valueRequired":true,"valueName":"search_term_string"}}],"inLanguage":"es"},{"@type":"Organization","@id":"https:\/\/chemgramx.com\/#organization","name":"Chemgramx","url":"https:\/\/chemgramx.com\/","logo":{"@type":"ImageObject","inLanguage":"es","@id":"https:\/\/chemgramx.com\/#\/schema\/logo\/image\/","url":"https:\/\/chemgramx.com\/wp-content\/uploads\/2024\/10\/final-logo.png","contentUrl":"https:\/\/chemgramx.com\/wp-content\/uploads\/2024\/10\/final-logo.png","width":250,"height":48,"caption":"Chemgramx"},"image":{"@id":"https:\/\/chemgramx.com\/#\/schema\/logo\/image\/"}}]}},"_links":{"self":[{"href":"https:\/\/chemgramx.com\/es\/wp-json\/wp\/v2\/product\/7012","targetHints":{"allow":["GET"]}}],"collection":[{"href":"https:\/\/chemgramx.com\/es\/wp-json\/wp\/v2\/product"}],"about":[{"href":"https:\/\/chemgramx.com\/es\/wp-json\/wp\/v2\/types\/product"}],"replies":[{"embeddable":true,"href":"https:\/\/chemgramx.com\/es\/wp-json\/wp\/v2\/comments?post=7012"}],"wp:featuredmedia":[{"embeddable":true,"href":"https:\/\/chemgramx.com\/es\/wp-json\/wp\/v2\/media\/7059"}],"wp:attachment":[{"href":"https:\/\/chemgramx.com\/es\/wp-json\/wp\/v2\/media?parent=7012"}],"wp:term":[{"taxonomy":"product_brand","embeddable":true,"href":"https:\/\/chemgramx.com\/es\/wp-json\/wp\/v2\/product_brand?post=7012"},{"taxonomy":"product_cat","embeddable":true,"href":"https:\/\/chemgramx.com\/es\/wp-json\/wp\/v2\/product_cat?post=7012"},{"taxonomy":"product_tag","embeddable":true,"href":"https:\/\/chemgramx.com\/es\/wp-json\/wp\/v2\/product_tag?post=7012"}],"curies":[{"name":"wp","href":"https:\/\/api.w.org\/{rel}","templated":true}]}}