{"id":7218,"date":"2025-11-21T11:13:36","date_gmt":"2025-11-21T11:13:36","guid":{"rendered":"https:\/\/chemgramx.com\/?post_type=product&#038;p=7218"},"modified":"2025-12-09T07:16:38","modified_gmt":"2025-12-09T07:16:38","slug":"1p-lsd-100mcg-blotters-kaufen","status":"publish","type":"product","link":"https:\/\/chemgramx.com\/es\/product\/1p-lsd-100mcg-blotters-kaufen\/","title":{"rendered":"Comprar 1P-LSD 100mcg Blotters"},"content":{"rendered":"<p>En <b>1P-LSD 100mcg Blotters<\/b> son un reactivo altamente puro y fiable de la <b>dietilamidas del \u00e1cido 1-propionil-al\u00e9rgico<\/b>. Este producto es una opci\u00f3n probada para organizaciones de investigaci\u00f3n de todo el mundo y se ha dise\u00f1ado espec\u00edficamente para cumplir los estrictos requisitos de <b>proyectos de investigaci\u00f3n cualificados<\/b> en qu\u00edmica anal\u00edtica y farmacolog\u00eda. La forma farmac\u00e9utica como <b>Papel secante<\/b> permite una manipulaci\u00f3n y un control de la dosificaci\u00f3n sencillos pero precisos en entornos de laboratorio controlados. Es de suma importancia destacar que este material <b>exclusivamente para an\u00e1lisis cient\u00edficos<\/b> y cualquier consumo por parte de personas o animales est\u00e1 estrictamente prohibido.<\/p>\n<p>Institutos de investigaci\u00f3n, universidades y laboratorios privados que exigen el m\u00e1ximo de <b>Precisi\u00f3n, pureza y homogeneidad de los lotes<\/b> elija estos secantes. Con una dosis garantizada de <b>100 microgramos <span class=\"math-inline\" data-math=\"text{mcg}\">mcg<\/span>\u00a0por secante<\/b> crea un punto de partida estandarizado y reproducible para estudios detallados. Al adquirir este producto, los investigadores se comprometen a cumplir todas las normativas legales y de seguridad pertinentes.<\/p>\n<h2>\u00a0Informaci\u00f3n detallada sobre el producto y especificaciones anal\u00edticas<\/h2>\n<p>La validez de los resultados cient\u00edficos depende directamente de la calidad y la especificaci\u00f3n exacta del material de investigaci\u00f3n utilizado. Nuestros secantes 1P-LSD cumplen las normas anal\u00edticas m\u00e1s exigentes para garantizar la integridad de su investigaci\u00f3n.<\/p>\n<h3>Especificaciones anal\u00edticas y garant\u00eda de pureza<\/h3>\n<ul>\n<li><b>Designaci\u00f3n de la sustancia:<\/b> Dietilamida del \u00e1cido 1-propionil-lis\u00e9rgico (a menudo abreviada como 1P-LSD). La identidad qu\u00edmica correcta se confirma a efectos de documentaci\u00f3n.<\/li>\n<li><b>Forma farmac\u00e9utica:<\/b> <b>Papel secante<\/b>. Esta forma de eficacia probada facilita la extracci\u00f3n y la aplicaci\u00f3n de la cantidad de principio activo.<\/li>\n<li><b>Dosificaci\u00f3n:<\/b> <b>100mcg por papel secante<\/b> con una peque\u00f1a desviaci\u00f3n de <span class=\"math-inline\" data-math=\"pm 4text{mcg}\">4mcg<\/span>. Esto garantiza una <b>Cantidad uniforme y controlada de principio activo<\/b>, ideal para experimentos precisos.<\/li>\n<li><b>Grado de pureza:<\/b> Garantizado <b><span class=\"math-inline\" data-math=\"geq 98%\">98%<\/span>\u00a0Pureza<\/b> de la sustancia activa, <b>analizados mediante cromatograf\u00eda l\u00edquida de alto rendimiento (HPLC)<\/b>. Esta elevada pureza es esencial para obtener resultados anal\u00edticos v\u00e1lidos.<\/li>\n<li><b>Estabilidad:<\/b> Si se respetan las condiciones de almacenamiento recomendadas, se considera que el producto est\u00e1 <a href=\"\/product\/afghani-dara-i-suf-hash-kaufen\/\"><b>Estabilidad a largo plazo<\/b><\/a>.<\/li>\n<li><b>Documentaci\u00f3n:<\/b> Cada entrega va acompa\u00f1ada de un <b>Certificado de an\u00e1lisis completo<\/b> que documenta la pureza, la concentraci\u00f3n exacta y la consistencia del lote.<\/li>\n<\/ul>\n<h3>Caracter\u00edsticas de calidad para una fiabilidad cient\u00edfica<\/h3>\n<p>La idoneidad de nuestros secantes 1P-LSD para fines de investigaci\u00f3n exigentes se sustenta en los siguientes criterios de calidad:<\/p>\n<ol start=\"1\">\n<li><b>Control preciso de la dosificaci\u00f3n:<\/b> Se utilizan t\u00e9cnicas de aplicaci\u00f3n especializadas para <b>Distribuci\u00f3n uniforme de los principios activos<\/b> en el material de soporte. Esto es para <b>Estudios de dosificaci\u00f3n<\/b> de importancia fundamental.<\/li>\n<li><b>Documentaci\u00f3n anal\u00edtica:<\/b> Facilitamos todos los datos pertinentes <b>Coherencia de los lotes<\/b> y <b>pureza anal\u00edtica<\/b> para que los investigadores puedan demostrar la calidad del reactivo en sus publicaciones.<\/li>\n<li><b>Calidad reproducible:<\/b> Los estrictos protocolos de control durante la producci\u00f3n garantizan un alto nivel de calidad. <b>Reproducibilidad de la calidad de cada lote<\/b>. Esta es la base de las comparaciones entre laboratorios.<\/li>\n<li><b>Datos exhaustivos sobre estabilidad:<\/b> Existen <b>Informaci\u00f3n documentada sobre la vida \u00fatil<\/b> que ayudan a los laboratorios a cumplir los plazos y almacenar el material a largo plazo.<\/li>\n<\/ol>\n<h2>Aplicaciones de la investigaci\u00f3n y relevancia anal\u00edtica<\/h2>\n<p>En <b>1P-LSD 100mcg Blotters<\/b> sirven de referencia esencial y de material de investigaci\u00f3n en diversos \u00e1mbitos cient\u00edficos.<\/p>\n<h3>Posibles \u00e1mbitos de aplicaci\u00f3n en la investigaci\u00f3n<\/h3>\n<ul>\n<li><b>Estudios de dosificaci\u00f3n y aplicaci\u00f3n de f\u00e1rmacos:<\/b> La dosificaci\u00f3n precisa permite una <b>Aplicaci\u00f3n de principios activos<\/b> en el marco de <i>In vitro<\/i>-estudios que investigan las relaciones concentraci\u00f3n-efecto.<\/li>\n<li><b>Investigaci\u00f3n de la estabilidad y degradaci\u00f3n:<\/b> Dirigido a <b>Pruebas de caducidad<\/b> en diferentes condiciones de almacenamiento (temperatura, luz, valor de pH) para analizar la estabilidad qu\u00edmica y las v\u00edas de descomposici\u00f3n de la sustancia.<\/li>\n<li><b>An\u00e1lisis comparativos:<\/b> Utilizaci\u00f3n como material est\u00e1ndar para <b>Comparaci\u00f3n de m\u00e9todos<\/b> nuevos m\u00e9todos anal\u00edticos (por ejemplo, en el desarrollo de pruebas r\u00e1pidas) o para la calibraci\u00f3n de instrumentos de medici\u00f3n de alta sensibilidad.<\/li>\n<li><b>Investigaci\u00f3n de metabolitos:<\/b> Investigaci\u00f3n de la <b>Procesos de transformaci\u00f3n<\/b> de 1P-LSD en sus metabolitos en condiciones <i>In vitro<\/i>-modelos para la investigaci\u00f3n de perfiles farmacol\u00f3gicos.<\/li>\n<li><b>Propiedades del material:<\/b> F\u00edsico <b>Caracterizaci\u00f3n<\/b> de la sustancia sobre el material de soporte (solubilidad, velocidad de liberaci\u00f3n).<\/li>\n<\/ul>\n<h2>Seguridad, cumplimiento de la legislaci\u00f3n y protocolos de almacenamiento<\/h2>\n<p>Trabajar con productos qu\u00edmicos de investigaci\u00f3n de gran pureza exige un alto grado de responsabilidad y el estricto cumplimiento de todas las normas de seguridad nacionales y de los institutos.<\/p>\n<h3>Precauciones importantes para los laboratorios<\/h3>\n<ul>\n<li><b>S\u00f3lo con fines de investigaci\u00f3n:<\/b> Existe una estricta <b>Prohibici\u00f3n de cualquier otro uso<\/b> que el an\u00e1lisis cient\u00edfico definido.<\/li>\n<li><b>Condiciones de laboratorio controladas:<\/b> La manipulaci\u00f3n de los papeles secantes debe <b>exclusivamente en instalaciones de laboratorio controladas y destinadas a este fin<\/b> por personal especializado formado.<\/li>\n<li><b>Equipo de protecci\u00f3n adecuado:<\/b> El personal siempre debe <b>Ropa de protecci\u00f3n adecuada<\/b> (guantes, bata de laboratorio, protecci\u00f3n ocular) para evitar el contacto directo con la sustancia de gran pureza.<\/li>\n<li><b>Cumplimiento legal:<\/b> La organizaci\u00f3n de investigaci\u00f3n es <b>Cumplimiento de todas las leyes y normativas locales aplicables<\/b> en relaci\u00f3n con la adquisici\u00f3n y el almacenamiento de este material de investigaci\u00f3n.<\/li>\n<\/ul>\n<h3>Almacenamiento y manipulaci\u00f3n optimizados para garantizar la calidad<\/h3>\n<p>La integridad qu\u00edmica del 1P-LSD es crucial para la calidad de la investigaci\u00f3n. Deben observarse las siguientes condiciones de almacenamiento:<\/p>\n<ul>\n<li><b>Control de temperatura:<\/b> Idealmente refrigerado a <b><span class=\"math-inline\" data-math=\"2-8^circtext{C}\">2-8{C}<\/span>\u00a0(Frigor\u00edfico)<\/b> para ralentizar la descomposici\u00f3n qu\u00edmica.<\/li>\n<li><b>Control de la humedad:<\/b> Almacenamiento en un <b>ambiente seco<\/b> <span class=\"math-inline\" data-math=\"&lt;60%\">&lt;60%<\/span>\u00a0humedad relativa) es esencial para proteger el sustrato y la sustancia.<\/li>\n<li><b>Protecci\u00f3n contra la luz:<\/b> Los papeles secantes deben <b>de la luz solar directa<\/b> y la luz ultravioleta intensa (en recipientes oscuros o envases opacos).<\/li>\n<li><b>Protecci\u00f3n del embalaje:<\/b> El material debe almacenarse en el <b>Embalaje original<\/b> para evitar la contaminaci\u00f3n y garantizar la estabilidad.<\/li>\n<\/ul>\n<h2>Informaci\u00f3n sobre pedidos y requisitos de compra<\/h2>\n<p>La compra de secantes de 1P-LSD 100mcg est\u00e1 restringida a instituciones cient\u00edficas y requiere pruebas estrictas para garantizar un uso responsable.<\/p>\n<h3>Cantidades disponibles para proyectos de investigaci\u00f3n<\/h3>\n<p>Ofrecemos cantidades de pedido flexibles para cubrir de forma \u00f3ptima las necesidades de las instituciones de investigaci\u00f3n:<\/p>\n<ul>\n<li><b>Paquete peque\u00f1o:<\/b> 50 papel secante: ideal para calibraciones y estudios piloto.<\/li>\n<li><b>Embalaje est\u00e1ndar:<\/b> 100 papel secante - Para an\u00e1lisis continuos m\u00e1s peque\u00f1os.<\/li>\n<li><b>Paquete a granel:<\/b> 200 papel secante - Adecuado para proyectos de investigaci\u00f3n m\u00e1s extensos.<\/li>\n<li><b>Paquete de investigaci\u00f3n a granel:<\/b> 250 papel secante - Para grandes consorcios o estudios a largo plazo.<\/li>\n<\/ul>\n<h3>Requisitos necesarios para el pedido<\/h3>\n<ol start=\"1\">\n<li><b>Prueba de la organizaci\u00f3n de la investigaci\u00f3n:<\/b> El pedido debe ser realizado por un <b>instituci\u00f3n acreditada<\/b> (universidad, instituto de investigaci\u00f3n o laboratorio certificado).<\/li>\n<li><b>Prueba del uso previsto:<\/b> Una formal <b>Descripci\u00f3n del proyecto de investigaci\u00f3n<\/b> que demuestre claramente el uso cient\u00edfico de la sustancia.<\/li>\n<li><b>Confirmaci\u00f3n de los conocimientos sobre seguridad:<\/b> El comprador confirma el conocimiento y <b>Aplicaci\u00f3n de protocolos de seguridad y protecci\u00f3n de los laboratorios<\/b> por personal cualificado.<\/li>\n<\/ol>\n<h2>Aviso legal<\/h2>\n<p>Este producto es <b>exclusivamente con fines de investigaci\u00f3n<\/b> determinado. Al realizar la compra, el comprador confirma sin reservas:<\/p>\n<ul>\n<li>En <b>Uso exclusivo en entornos de investigaci\u00f3n jur\u00eddica<\/b> cumpliendo todas las normas de seguridad.<\/li>\n<li>En <b>Cumplimiento de todas las leyes y reglamentos aplicables<\/b> de la legislaci\u00f3n nacional respectiva en materia de posesi\u00f3n y manipulaci\u00f3n de sustancias qu\u00edmicas destinadas a la investigaci\u00f3n.<\/li>\n<li>En <b>Aplicaci\u00f3n de medidas de seguridad adecuadas<\/b> para proteger al personal y minimizar los riesgos.<\/li>\n<li>En <b>Prohibici\u00f3n de uso no autorizado<\/b>, incluido el consumo humano o animal, se respete estrictamente.<\/li>\n<\/ul>","protected":false},"excerpt":{"rendered":"<p>Comprar papel secante 1P-LSD 100mcg: Producto qu\u00edmico de investigaci\u00f3n en blotters dosificados con precisi\u00f3n para trabajos cient\u00edficos. Exclusivamente para fines de investigaci\u00f3n en entornos de laboratorio.<\/p>","protected":false},"featured_media":7244,"comment_status":"open","ping_status":"closed","template":"","meta":{"_joinchat":[]},"product_brand":[],"product_cat":[43,53,55],"product_tag":[],"class_list":{"0":"post-7218","1":"product","2":"type-product","3":"status-publish","4":"has-post-thumbnail","6":"product_cat-chemgramx","7":"product_cat-dissociatives","8":"product_cat-lysergamides","10":"first","11":"instock","12":"shipping-taxable","13":"purchasable","14":"product-type-variable"},"yoast_head":"<!-- This site is optimized with the Yoast SEO plugin v27.5 - https:\/\/yoast.com\/product\/yoast-seo-wordpress\/ -->\n<title>1P-LSD Blotters Kaufen | 100mcg | Research Chemical Chemgramx<\/title>\n<meta name=\"description\" content=\"1P-LSD 100mcg Blotters kaufen - Forschungschemikalie in Blotter-Form. F\u00fcr wissenschaftliche Analysen. Laborgepr\u00fcft &amp; diskret.\" \/>\n<meta name=\"robots\" content=\"index, follow, max-snippet:-1, max-image-preview:large, max-video-preview:-1\" \/>\n<link rel=\"canonical\" href=\"https:\/\/chemgramx.com\/es\/producto-1\/1p-lsd-100mcg-blotters-kaufen\/\" \/>\n<meta property=\"og:locale\" content=\"es_ES\" \/>\n<meta property=\"og:type\" content=\"article\" \/>\n<meta property=\"og:title\" content=\"1P-LSD Blotters Kaufen | 100mcg | Research Chemical Chemgramx\" \/>\n<meta property=\"og:description\" content=\"1P-LSD 100mcg Blotters kaufen - Forschungschemikalie in Blotter-Form. F\u00fcr wissenschaftliche Analysen. Laborgepr\u00fcft &amp; diskret.\" \/>\n<meta property=\"og:url\" content=\"https:\/\/chemgramx.com\/es\/producto-1\/1p-lsd-100mcg-blotters-kaufen\/\" \/>\n<meta property=\"og:site_name\" content=\"Chemgramx\" \/>\n<meta property=\"article:modified_time\" content=\"2025-12-09T07:16:38+00:00\" \/>\n<meta property=\"og:image\" content=\"https:\/\/chemgramx.com\/wp-content\/uploads\/2025\/11\/1p-lsd-100-mcg-blotters-chem-store-online.png\" \/>\n\t<meta property=\"og:image:width\" content=\"569\" \/>\n\t<meta property=\"og:image:height\" content=\"523\" \/>\n\t<meta property=\"og:image:type\" content=\"image\/png\" \/>\n<meta name=\"twitter:card\" content=\"summary_large_image\" \/>\n<meta name=\"twitter:label1\" content=\"Tiempo de lectura\" \/>\n\t<meta name=\"twitter:data1\" content=\"5 minutos\" \/>\n<script type=\"application\/ld+json\" class=\"yoast-schema-graph\">{\"@context\":\"https:\\\/\\\/schema.org\",\"@graph\":[{\"@type\":\"WebPage\",\"@id\":\"https:\\\/\\\/chemgramx.com\\\/product\\\/1p-lsd-100mcg-blotters-kaufen\\\/\",\"url\":\"https:\\\/\\\/chemgramx.com\\\/product\\\/1p-lsd-100mcg-blotters-kaufen\\\/\",\"name\":\"1P-LSD Blotters Kaufen | 100mcg | Research Chemical Chemgramx\",\"isPartOf\":{\"@id\":\"https:\\\/\\\/chemgramx.com\\\/#website\"},\"primaryImageOfPage\":{\"@id\":\"https:\\\/\\\/chemgramx.com\\\/product\\\/1p-lsd-100mcg-blotters-kaufen\\\/#primaryimage\"},\"image\":{\"@id\":\"https:\\\/\\\/chemgramx.com\\\/product\\\/1p-lsd-100mcg-blotters-kaufen\\\/#primaryimage\"},\"thumbnailUrl\":\"https:\\\/\\\/chemgramx.com\\\/wp-content\\\/uploads\\\/2025\\\/11\\\/1p-lsd-100-mcg-blotters-chem-store-online.png\",\"datePublished\":\"2025-11-21T11:13:36+00:00\",\"dateModified\":\"2025-12-09T07:16:38+00:00\",\"description\":\"1P-LSD 100mcg Blotters kaufen - Forschungschemikalie in Blotter-Form. F\u00fcr wissenschaftliche Analysen. Laborgepr\u00fcft & diskret.\",\"breadcrumb\":{\"@id\":\"https:\\\/\\\/chemgramx.com\\\/product\\\/1p-lsd-100mcg-blotters-kaufen\\\/#breadcrumb\"},\"inLanguage\":\"es\",\"potentialAction\":[{\"@type\":\"ReadAction\",\"target\":[\"https:\\\/\\\/chemgramx.com\\\/product\\\/1p-lsd-100mcg-blotters-kaufen\\\/\"]}]},{\"@type\":\"ImageObject\",\"inLanguage\":\"es\",\"@id\":\"https:\\\/\\\/chemgramx.com\\\/product\\\/1p-lsd-100mcg-blotters-kaufen\\\/#primaryimage\",\"url\":\"https:\\\/\\\/chemgramx.com\\\/wp-content\\\/uploads\\\/2025\\\/11\\\/1p-lsd-100-mcg-blotters-chem-store-online.png\",\"contentUrl\":\"https:\\\/\\\/chemgramx.com\\\/wp-content\\\/uploads\\\/2025\\\/11\\\/1p-lsd-100-mcg-blotters-chem-store-online.png\",\"width\":569,\"height\":523},{\"@type\":\"BreadcrumbList\",\"@id\":\"https:\\\/\\\/chemgramx.com\\\/product\\\/1p-lsd-100mcg-blotters-kaufen\\\/#breadcrumb\",\"itemListElement\":[{\"@type\":\"ListItem\",\"position\":1,\"name\":\"Home\",\"item\":\"https:\\\/\\\/chemgramx.com\\\/\"},{\"@type\":\"ListItem\",\"position\":2,\"name\":\"Shop\",\"item\":\"https:\\\/\\\/chemgramx.com\\\/shop\\\/\"},{\"@type\":\"ListItem\",\"position\":3,\"name\":\"1P-LSD 100mcg Blotters kaufen\"}]},{\"@type\":\"WebSite\",\"@id\":\"https:\\\/\\\/chemgramx.com\\\/#website\",\"url\":\"https:\\\/\\\/chemgramx.com\\\/\",\"name\":\"Chemgramx\",\"description\":\"\",\"publisher\":{\"@id\":\"https:\\\/\\\/chemgramx.com\\\/#organization\"},\"potentialAction\":[{\"@type\":\"SearchAction\",\"target\":{\"@type\":\"EntryPoint\",\"urlTemplate\":\"https:\\\/\\\/chemgramx.com\\\/?s={search_term_string}\"},\"query-input\":{\"@type\":\"PropertyValueSpecification\",\"valueRequired\":true,\"valueName\":\"search_term_string\"}}],\"inLanguage\":\"es\"},{\"@type\":\"Organization\",\"@id\":\"https:\\\/\\\/chemgramx.com\\\/#organization\",\"name\":\"Chemgramx\",\"url\":\"https:\\\/\\\/chemgramx.com\\\/\",\"logo\":{\"@type\":\"ImageObject\",\"inLanguage\":\"es\",\"@id\":\"https:\\\/\\\/chemgramx.com\\\/#\\\/schema\\\/logo\\\/image\\\/\",\"url\":\"https:\\\/\\\/chemgramx.com\\\/wp-content\\\/uploads\\\/2024\\\/10\\\/final-logo.png\",\"contentUrl\":\"https:\\\/\\\/chemgramx.com\\\/wp-content\\\/uploads\\\/2024\\\/10\\\/final-logo.png\",\"width\":250,\"height\":48,\"caption\":\"Chemgramx\"},\"image\":{\"@id\":\"https:\\\/\\\/chemgramx.com\\\/#\\\/schema\\\/logo\\\/image\\\/\"}}]}<\/script>\n<!-- \/ Yoast SEO plugin. -->","yoast_head_json":{"title":"Comprar 1P-LSD Blotters | 100mcg | Investigaci\u00f3n Qu\u00edmica Chemgramx","description":"Comprar 1P-LSD 100mcg Blotters - Producto qu\u00edmico de investigaci\u00f3n en forma de papel secante. Para an\u00e1lisis cient\u00edficos. Probado en laboratorio y discreto.","robots":{"index":"index","follow":"follow","max-snippet":"max-snippet:-1","max-image-preview":"max-image-preview:large","max-video-preview":"max-video-preview:-1"},"canonical":"https:\/\/chemgramx.com\/es\/producto-1\/1p-lsd-100mcg-blotters-kaufen\/","og_locale":"es_ES","og_type":"article","og_title":"1P-LSD Blotters Kaufen | 100mcg | Research Chemical Chemgramx","og_description":"1P-LSD 100mcg Blotters kaufen - Forschungschemikalie in Blotter-Form. F\u00fcr wissenschaftliche Analysen. Laborgepr\u00fcft & diskret.","og_url":"https:\/\/chemgramx.com\/es\/producto-1\/1p-lsd-100mcg-blotters-kaufen\/","og_site_name":"Chemgramx","article_modified_time":"2025-12-09T07:16:38+00:00","og_image":[{"width":569,"height":523,"url":"https:\/\/chemgramx.com\/wp-content\/uploads\/2025\/11\/1p-lsd-100-mcg-blotters-chem-store-online.png","type":"image\/png"}],"twitter_card":"summary_large_image","twitter_misc":{"Tiempo de lectura":"5 minutos"},"schema":{"@context":"https:\/\/schema.org","@graph":[{"@type":"WebPage","@id":"https:\/\/chemgramx.com\/product\/1p-lsd-100mcg-blotters-kaufen\/","url":"https:\/\/chemgramx.com\/product\/1p-lsd-100mcg-blotters-kaufen\/","name":"Comprar 1P-LSD Blotters | 100mcg | Investigaci\u00f3n Qu\u00edmica Chemgramx","isPartOf":{"@id":"https:\/\/chemgramx.com\/#website"},"primaryImageOfPage":{"@id":"https:\/\/chemgramx.com\/product\/1p-lsd-100mcg-blotters-kaufen\/#primaryimage"},"image":{"@id":"https:\/\/chemgramx.com\/product\/1p-lsd-100mcg-blotters-kaufen\/#primaryimage"},"thumbnailUrl":"https:\/\/chemgramx.com\/wp-content\/uploads\/2025\/11\/1p-lsd-100-mcg-blotters-chem-store-online.png","datePublished":"2025-11-21T11:13:36+00:00","dateModified":"2025-12-09T07:16:38+00:00","description":"Comprar 1P-LSD 100mcg Blotters - Producto qu\u00edmico de investigaci\u00f3n en forma de papel secante. Para an\u00e1lisis cient\u00edficos. Probado en laboratorio y discreto.","breadcrumb":{"@id":"https:\/\/chemgramx.com\/product\/1p-lsd-100mcg-blotters-kaufen\/#breadcrumb"},"inLanguage":"es","potentialAction":[{"@type":"ReadAction","target":["https:\/\/chemgramx.com\/product\/1p-lsd-100mcg-blotters-kaufen\/"]}]},{"@type":"ImageObject","inLanguage":"es","@id":"https:\/\/chemgramx.com\/product\/1p-lsd-100mcg-blotters-kaufen\/#primaryimage","url":"https:\/\/chemgramx.com\/wp-content\/uploads\/2025\/11\/1p-lsd-100-mcg-blotters-chem-store-online.png","contentUrl":"https:\/\/chemgramx.com\/wp-content\/uploads\/2025\/11\/1p-lsd-100-mcg-blotters-chem-store-online.png","width":569,"height":523},{"@type":"BreadcrumbList","@id":"https:\/\/chemgramx.com\/product\/1p-lsd-100mcg-blotters-kaufen\/#breadcrumb","itemListElement":[{"@type":"ListItem","position":1,"name":"Home","item":"https:\/\/chemgramx.com\/"},{"@type":"ListItem","position":2,"name":"Shop","item":"https:\/\/chemgramx.com\/shop\/"},{"@type":"ListItem","position":3,"name":"1P-LSD 100mcg Blotters kaufen"}]},{"@type":"WebSite","@id":"https:\/\/chemgramx.com\/#website","url":"https:\/\/chemgramx.com\/","name":"Chemgramx","description":"","publisher":{"@id":"https:\/\/chemgramx.com\/#organization"},"potentialAction":[{"@type":"SearchAction","target":{"@type":"EntryPoint","urlTemplate":"https:\/\/chemgramx.com\/?s={search_term_string}"},"query-input":{"@type":"PropertyValueSpecification","valueRequired":true,"valueName":"search_term_string"}}],"inLanguage":"es"},{"@type":"Organization","@id":"https:\/\/chemgramx.com\/#organization","name":"Chemgramx","url":"https:\/\/chemgramx.com\/","logo":{"@type":"ImageObject","inLanguage":"es","@id":"https:\/\/chemgramx.com\/#\/schema\/logo\/image\/","url":"https:\/\/chemgramx.com\/wp-content\/uploads\/2024\/10\/final-logo.png","contentUrl":"https:\/\/chemgramx.com\/wp-content\/uploads\/2024\/10\/final-logo.png","width":250,"height":48,"caption":"Chemgramx"},"image":{"@id":"https:\/\/chemgramx.com\/#\/schema\/logo\/image\/"}}]}},"_links":{"self":[{"href":"https:\/\/chemgramx.com\/es\/wp-json\/wp\/v2\/product\/7218","targetHints":{"allow":["GET"]}}],"collection":[{"href":"https:\/\/chemgramx.com\/es\/wp-json\/wp\/v2\/product"}],"about":[{"href":"https:\/\/chemgramx.com\/es\/wp-json\/wp\/v2\/types\/product"}],"replies":[{"embeddable":true,"href":"https:\/\/chemgramx.com\/es\/wp-json\/wp\/v2\/comments?post=7218"}],"wp:featuredmedia":[{"embeddable":true,"href":"https:\/\/chemgramx.com\/es\/wp-json\/wp\/v2\/media\/7244"}],"wp:attachment":[{"href":"https:\/\/chemgramx.com\/es\/wp-json\/wp\/v2\/media?parent=7218"}],"wp:term":[{"taxonomy":"product_brand","embeddable":true,"href":"https:\/\/chemgramx.com\/es\/wp-json\/wp\/v2\/product_brand?post=7218"},{"taxonomy":"product_cat","embeddable":true,"href":"https:\/\/chemgramx.com\/es\/wp-json\/wp\/v2\/product_cat?post=7218"},{"taxonomy":"product_tag","embeddable":true,"href":"https:\/\/chemgramx.com\/es\/wp-json\/wp\/v2\/product_tag?post=7218"}],"curies":[{"name":"wp","href":"https:\/\/api.w.org\/{rel}","templated":true}]}}