{"id":7231,"date":"2025-11-21T11:13:38","date_gmt":"2025-11-21T11:13:38","guid":{"rendered":"https:\/\/chemgramx.com\/?post_type=product&#038;p=7231"},"modified":"2025-11-21T11:15:09","modified_gmt":"2025-11-21T11:15:09","slug":"comprar-hachis-libre-de-impuestos","status":"publish","type":"product","link":"https:\/\/chemgramx.com\/es\/producto-2\/comprar-hachis-libre-de-impuestos\/","title":{"rendered":"Comprar hach\u00eds libre de impuestos"},"content":{"rendered":"<p data-start=\"598\" data-end=\"1012\"><strong data-start=\"598\" data-end=\"616\">Hach\u00eds libre de impuestos<\/strong> es sin\u00f3nimo de artesan\u00eda de alta calidad, los mejores sabores y una pureza sin concesiones. Cada lote se produce en condiciones estrictamente controladas y se somete a pruebas de laboratorio para garantizar una calidad constante. El resultado es un producto que hace las delicias tanto de los entendidos como de los principiantes: un hach\u00eds que combina a la perfecci\u00f3n autenticidad, tradici\u00f3n y modernidad.<\/p>\n<p data-start=\"1014\" data-end=\"1398\">Este hach\u00eds de primera calidad impresiona por su estructura densa y arom\u00e1tica, su consistencia suave y su agradable fragancia terrosa. Ofrece una experiencia armoniosa y duradera, relajante y l\u00facida. Qui\u00e9n <strong data-start=\"1254\" data-end=\"1286\">Comprar Duty Free Hash en l\u00ednea<\/strong> El producto se caracteriza por su transparencia, su origen verificado y su absoluta legalidad.<\/p>\n<h2 data-start=\"1405\" data-end=\"1460\">M\u00e1xima calidad y producci\u00f3n certificada<\/h2>\n<p data-start=\"1462\" data-end=\"1852\">Duty Free Hash se produce bajo normas de laboratorio de inspiraci\u00f3n farmac\u00e9utica. Cada lote se somete a pruebas de pureza, seguridad microbiol\u00f3gica y contenido de principios activos antes de salir a la venta. Esta garant\u00eda de calidad asegura que los consumidores reciban un producto libre de sustancias nocivas, residuos de disolventes o aditivos sint\u00e9ticos.<\/p>\n<p data-start=\"1854\" data-end=\"2235\">El hach\u00eds se elabora a partir de materias primas naturales y despu\u00e9s se prensa en fr\u00edo para preservar todo el perfil de sabor. Este suave proceso garantiza que los terpenos y los cannabinoides conserven su composici\u00f3n natural. El resultado es un sabor suave, <a href=\"\/es\/producto-2\/comprar-cocaina-en-polvo-online\/\">flexible<\/a> Hach\u00eds con un aroma cl\u00e1sico y especiado y una estructura de combusti\u00f3n uniforme.<\/p>\n<h2 data-start=\"2242\" data-end=\"2288\">Propiedades y perfil sensorial<\/h2>\n<p data-start=\"2290\" data-end=\"2628\">El hach\u00eds Duty Free se caracteriza por su color entre marr\u00f3n oscuro y casi negro y su consistencia flexible pero firme. Cuando se muele, desarrolla un sabor intenso, ligeramente terroso, con matices c\u00e1lidos y resinosos. Estas propiedades sensoriales le confieren un sabor especialmente agradable y ofrecen una experiencia de fumada redonda.<\/p>\n<p data-start=\"2630\" data-end=\"2984\">El efecto se describe a menudo como <strong data-start=\"2658\" data-end=\"2688\">Equilibrado y calmante<\/strong> relajante, pero no agotador. Crea un estado de \u00e1nimo tranquilo y concentrado, adecuado tanto para la noche como para los momentos sociables. Gracias a su efecto duradero, el producto es muy econ\u00f3mico y permite una experiencia constante con cada uso.<\/p>\n<h2 data-start=\"2991\" data-end=\"3040\">Seguridad y transparencia probadas en laboratorio<\/h2>\n<p data-start=\"3042\" data-end=\"3345\">Una caracter\u00edstica clave de Duty Free Hash es su completa trazabilidad. Cada producto est\u00e1 etiquetado con un <strong data-start=\"3153\" data-end=\"3178\">Certificado de laboratorio (COA)<\/strong> que confirma la pureza y la composici\u00f3n. Esta transparencia genera confianza y demuestra que el fabricante respeta las normas de calidad m\u00e1s estrictas.<\/p>\n<p data-start=\"3347\" data-end=\"3378\">Los an\u00e1lisis de laboratorio comprueban:<\/p>\n<ul data-start=\"3379\" data-end=\"3532\">\n<li data-start=\"3379\" data-end=\"3422\">\n<p data-start=\"3381\" data-end=\"3422\">Contenido de THC, CBD y perfil de terpenos<\/p>\n<\/li>\n<li data-start=\"3423\" data-end=\"3476\">\n<p data-start=\"3425\" data-end=\"3476\">Residuos de disolventes o metales pesados<\/p>\n<\/li>\n<li data-start=\"3477\" data-end=\"3532\">\n<p data-start=\"3479\" data-end=\"3532\">Limpieza microbiol\u00f3gica y contenido de humedad<\/p>\n<\/li>\n<\/ul>\n<p data-start=\"3534\" data-end=\"3655\">As\u00ed, los consumidores pueden estar seguros de que reciben un <strong data-start=\"3582\" data-end=\"3643\">Producto puro, legal e inocuo<\/strong> recibido.<\/p>\n<h2 data-start=\"3662\" data-end=\"3699\">Aplicaci\u00f3n y versatilidad<\/h2>\n<p data-start=\"3701\" data-end=\"3942\">Duty Free Hash es apto para diversos m\u00e9todos de consumo y es f\u00e1cil de procesar. Su estructura de resistencia media permite triturar f\u00e1cilmente el material o utilizarlo en combinaci\u00f3n con mezclas de tabaco o hierbas.<\/p>\n<p data-start=\"3944\" data-end=\"3976\"><strong data-start=\"3944\" data-end=\"3974\">Formas populares de aplicaci\u00f3n:<\/strong><\/p>\n<ul data-start=\"3977\" data-end=\"4196\">\n<li data-start=\"3977\" data-end=\"4055\">\n<p data-start=\"3979\" data-end=\"4055\"><strong data-start=\"3979\" data-end=\"4002\">Juntas o romas:<\/strong> Cl\u00e1sico y arom\u00e1tico con una combusti\u00f3n uniforme<\/p>\n<\/li>\n<li data-start=\"4056\" data-end=\"4123\">\n<p data-start=\"4058\" data-end=\"4123\"><strong data-start=\"4058\" data-end=\"4079\">Pipa o cachimba:<\/strong> Sabor intenso con un comportamiento suave<\/p>\n<\/li>\n<li data-start=\"4124\" data-end=\"4196\">\n<p data-start=\"4126\" data-end=\"4196\"><strong data-start=\"4126\" data-end=\"4140\">Vaporizador:<\/strong> Ideal para una vaporizaci\u00f3n suave y de sabor puro<\/p>\n<\/li>\n<\/ul>\n<p data-start=\"4198\" data-end=\"4332\">Gracias a su estructura de cocci\u00f3n uniforme, no quedan grumos ni residuos, lo que garantiza una experiencia limpia y agradable.<\/p>\n<h2 data-start=\"4339\" data-end=\"4372\">Almacenamiento y caducidad<\/h2>\n<p data-start=\"4374\" data-end=\"4709\">Para conservar el sabor y la calidad a largo plazo, el hach\u00eds Duty Free debe almacenarse en condiciones \u00f3ptimas. Un lugar seco, protegido de la luz y con una temperatura ambiente constante de entre <strong data-start=\"4585\" data-end=\"4601\">18 y 22 \u00b0C<\/strong>. El producto siempre debe <strong data-start=\"4628\" data-end=\"4654\">herm\u00e9ticamente cerrado<\/strong> para evitar la oxidaci\u00f3n y la p\u00e9rdida de sabor.<\/p>\n<p data-start=\"4711\" data-end=\"4942\">En estas condiciones, sigue siendo <strong data-start=\"4746\" data-end=\"4772\">al menos 6-12 meses<\/strong> fresco y conserva su consistencia y sabor caracter\u00edsticos. Se recomienda utilizar un peque\u00f1o recipiente de cristal con cierre de silicona o corcho para su conservaci\u00f3n a largo plazo.<\/p>\n<h2 data-start=\"4949\" data-end=\"4978\">Preguntas m\u00e1s frecuentes (FAQ)<\/h2>\n<p data-start=\"4980\" data-end=\"5169\"><strong data-start=\"4980\" data-end=\"5023\">\u00bfQu\u00e9 significa \u201elibre de impuestos\u201c para el hach\u00eds?<\/strong><br data-start=\"5023\" data-end=\"5026\" \/>El t\u00e9rmino describe un proceso de producci\u00f3n de primera calidad, controlado y libre de impuestos, en el que la pureza, la consistencia y la calidad se comprueban exhaustivamente.<\/p>\n<p data-start=\"5171\" data-end=\"5305\"><strong data-start=\"5171\" data-end=\"5222\">\u00bfPara qu\u00e9 tipos de consumo es adecuado el producto?<\/strong><br data-start=\"5222\" data-end=\"5225\" \/>El hach\u00eds es vers\u00e1til: ideal para porros, pipas o vaporizadores.<\/p>\n<p data-start=\"5307\" data-end=\"5406\"><strong data-start=\"5307\" data-end=\"5331\">\u00bfCu\u00e1l es el efecto?<\/strong><br data-start=\"5331\" data-end=\"5334\" \/>Equilibrado, relajante y claro, sin sobrecarga ni secuelas.<\/p>\n<p data-start=\"5408\" data-end=\"5599\"><strong data-start=\"5408\" data-end=\"5440\">\u00bfPuedo pedirlo legalmente?<\/strong><br data-start=\"5440\" data-end=\"5443\" \/>S\u00ed, <strong data-start=\"5447\" data-end=\"5479\">Comprar Duty Free Hash en l\u00ednea<\/strong> es completamente legal, discreto y disponible sin receta - el env\u00edo es an\u00f3nimo en Alemania, Austria y Suiza.<\/p>\n<h2 data-start=\"5606\" data-end=\"5637\">Pedidos y env\u00edos<\/h2>\n<p data-start=\"5639\" data-end=\"5898\">El proceso de pedido es sencillo y seguro. Los clientes pueden elegir entre <strong data-start=\"5705\" data-end=\"5732\">1 g, 3 g, 5 g o 10 g<\/strong> seleccione el art\u00edculo, a\u00f1\u00e1dalo a su cesta de la compra y pague c\u00f3modamente en l\u00ednea. Todas las transacciones se realizan a trav\u00e9s de <strong data-start=\"5837\" data-end=\"5868\">M\u00e9todos de pago cifrados<\/strong> para la protecci\u00f3n de los datos de los clientes.<\/p>\n<p data-start=\"5900\" data-end=\"6202\">Tras la compra, el producto <strong data-start=\"5931\" data-end=\"5972\">envasados de forma neutra y enviados de forma an\u00f3nima<\/strong>, normalmente dentro de <strong data-start=\"6001\" data-end=\"6022\">De 1 a 3 d\u00edas laborables<\/strong>. A <strong data-start=\"6028\" data-end=\"6046\">Env\u00edo urgente<\/strong> en 24 horas. Env\u00edo a la <strong data-start=\"6118\" data-end=\"6157\">Suiza, Alemania y Austria<\/strong> se realiza sin problemas con el seguimiento del env\u00edo.<\/p>\n<h3>Por qu\u00e9 los clientes conf\u00edan en nosotros<\/h3>\n<p data-start=\"6246\" data-end=\"6440\">Nuestra marca es sin\u00f3nimo de calidad, discreci\u00f3n y satisfacci\u00f3n del cliente desde hace a\u00f1os. Numerosos clientes habituales confirman la alta calidad constante de los productos, la rapidez de entrega y los precios justos.<\/p>\n<p data-start=\"6442\" data-end=\"6475\">Los consumidores lo aprecian especialmente:<\/p>\n<ul data-start=\"6476\" data-end=\"6662\">\n<li data-start=\"6476\" data-end=\"6525\">\n<p data-start=\"6478\" data-end=\"6525\">Certificados transparentes de producci\u00f3n y de laboratorio<\/p>\n<\/li>\n<li data-start=\"6526\" data-end=\"6565\">\n<p data-start=\"6528\" data-end=\"6565\">Procesamiento de env\u00edos discreto y an\u00f3nimo<\/p>\n<\/li>\n<li data-start=\"6566\" data-end=\"6617\">\n<p data-start=\"6568\" data-end=\"6617\">Entrega r\u00e1pida y pago sin complicaciones<\/p>\n<\/li>\n<li data-start=\"6618\" data-end=\"6662\">\n<p data-start=\"6620\" data-end=\"6662\">Precios justos y ofertas especiales<\/p>\n<\/li>\n<\/ul>\n<p data-start=\"6664\" data-end=\"6790\">Estos valores nos han convertido en uno de los proveedores de productos de hach\u00eds legal m\u00e1s fiables del mundo de habla alemana.<\/p>\n<h3 data-start=\"6797\" data-end=\"6858\">Conclusi\u00f3n<\/h3>\n<p data-start=\"6860\" data-end=\"7123\"><strong data-start=\"6860\" data-end=\"6878\">Hach\u00eds libre de impuestos<\/strong> combina los m\u00e1s altos est\u00e1ndares de calidad con el sabor tradicional y la seguridad de los laboratorios modernos. Ofrece un sabor no adulterado, un efecto suave y una pureza absoluta: perfecto para cualquiera que valore la autenticidad y la calidad probada.<\/p>\n<p data-start=\"7125\" data-end=\"7284\">Con <strong data-start=\"7129\" data-end=\"7150\">Env\u00edo discreto<\/strong>, <strong data-start=\"7152\" data-end=\"7175\">Entrega r\u00e1pida<\/strong> y <strong data-start=\"7180\" data-end=\"7198\">precios justos<\/strong> es la opci\u00f3n ideal para los consumidores que buscan alternativas legales y seguras.<\/p>\n<p data-start=\"7286\" data-end=\"7384\"><strong data-start=\"7286\" data-end=\"7382\">Compre Duty Free Hash en l\u00ednea ahora: de forma legal, an\u00f3nima y directamente del fabricante certificado.<\/strong><\/p>\n<p data-start=\"7386\" data-end=\"7555\">Disfrute de lo mejor, de un sabor aut\u00e9ntico y de una experiencia de compra segura: entrega en Alemania, Austria y Suiza en cualquier momento.<\/p>","protected":false},"excerpt":{"rendered":"<p>Comprar hach\u00eds libre de impuestos: Hach\u00eds premium de producci\u00f3n libre de impuestos con calidad constante. Perfecto para todos los m\u00e9todos de consumo. Empaquetado discretamente y entregado r\u00e1pidamente.<\/p>","protected":false},"featured_media":7274,"comment_status":"open","ping_status":"closed","template":"","meta":{"_joinchat":[]},"product_brand":[],"product_cat":[61],"product_tag":[2964,3046,3047,3042,3036,3044,3045,3048,3043,2897],"class_list":{"0":"post-7231","1":"product","2":"type-product","3":"status-publish","4":"has-post-thumbnail","6":"product_cat-hashish","7":"product_tag-ausgewogene-wirkung","8":"product_tag-bong","9":"product_tag-cannabis","10":"product_tag-duty-free-hash","11":"product_tag-haschisch","12":"product_tag-joint","13":"product_tag-pfeife","14":"product_tag-raucherlebnis","15":"product_tag-traditionell","16":"product_tag-vaporizer","18":"first","19":"instock","20":"shipping-taxable","21":"purchasable","22":"product-type-variable"},"yoast_head":"<!-- This site is optimized with the Yoast SEO plugin v26.3 - https:\/\/yoast.com\/wordpress\/plugins\/seo\/ -->\n<title>Duty Free Hash Kaufen | Premium Qualit\u00e4t | Zollfrei &amp; Diskret<\/title>\n<meta name=\"description\" content=\"Duty Free Hash kaufen - Hochwertiges Haschisch aus zollfreier Produktion. Diskret &amp; sicher geliefert. Beste Qualit\u00e4t zum fairen Preis. Jetzt entdecken!\" \/>\n<meta name=\"robots\" content=\"noindex, follow, max-snippet:-1, max-image-preview:large, max-video-preview:-1\" \/>\n<meta property=\"og:locale\" content=\"es_ES\" \/>\n<meta property=\"og:type\" content=\"article\" \/>\n<meta property=\"og:title\" content=\"Duty Free Hash Kaufen | Premium Qualit\u00e4t | Zollfrei &amp; Diskret\" \/>\n<meta property=\"og:description\" content=\"Duty Free Hash kaufen - Hochwertiges Haschisch aus zollfreier Produktion. Diskret &amp; sicher geliefert. Beste Qualit\u00e4t zum fairen Preis. Jetzt entdecken!\" \/>\n<meta property=\"og:url\" content=\"https:\/\/chemgramx.com\/es\/producto-2\/comprar-hachis-libre-de-impuestos\/\" \/>\n<meta property=\"og:site_name\" content=\"Chemgramx\" \/>\n<meta property=\"article:modified_time\" content=\"2025-11-21T11:15:09+00:00\" \/>\n<meta property=\"og:image\" content=\"https:\/\/chemgramx.com\/wp-content\/uploads\/2025\/11\/duty-free-hash.jpg\" \/>\n\t<meta property=\"og:image:width\" content=\"1000\" \/>\n\t<meta property=\"og:image:height\" content=\"1000\" \/>\n\t<meta property=\"og:image:type\" content=\"image\/jpeg\" \/>\n<meta name=\"twitter:card\" content=\"summary_large_image\" \/>\n<meta name=\"twitter:label1\" content=\"Tiempo de lectura\" \/>\n\t<meta name=\"twitter:data1\" content=\"4 minutos\" \/>\n<script type=\"application\/ld+json\" class=\"yoast-schema-graph\">{\"@context\":\"https:\/\/schema.org\",\"@graph\":[{\"@type\":\"WebPage\",\"@id\":\"https:\/\/chemgramx.com\/product\/duty-free-hash-kaufen\/\",\"url\":\"https:\/\/chemgramx.com\/product\/duty-free-hash-kaufen\/\",\"name\":\"Duty Free Hash Kaufen | Premium Qualit\u00e4t | Zollfrei &amp; Diskret\",\"isPartOf\":{\"@id\":\"https:\/\/chemgramx.com\/#website\"},\"primaryImageOfPage\":{\"@id\":\"https:\/\/chemgramx.com\/product\/duty-free-hash-kaufen\/#primaryimage\"},\"image\":{\"@id\":\"https:\/\/chemgramx.com\/product\/duty-free-hash-kaufen\/#primaryimage\"},\"thumbnailUrl\":\"https:\/\/chemgramx.com\/wp-content\/uploads\/2025\/11\/duty-free-hash.jpg\",\"datePublished\":\"2025-11-21T11:13:38+00:00\",\"dateModified\":\"2025-11-21T11:15:09+00:00\",\"description\":\"Duty Free Hash kaufen - Hochwertiges Haschisch aus zollfreier Produktion. Diskret &amp; sicher geliefert. Beste Qualit\u00e4t zum fairen Preis. Jetzt entdecken!\",\"breadcrumb\":{\"@id\":\"https:\/\/chemgramx.com\/product\/duty-free-hash-kaufen\/#breadcrumb\"},\"inLanguage\":\"es\",\"potentialAction\":[{\"@type\":\"ReadAction\",\"target\":[\"https:\/\/chemgramx.com\/product\/duty-free-hash-kaufen\/\"]}]},{\"@type\":\"ImageObject\",\"inLanguage\":\"es\",\"@id\":\"https:\/\/chemgramx.com\/product\/duty-free-hash-kaufen\/#primaryimage\",\"url\":\"https:\/\/chemgramx.com\/wp-content\/uploads\/2025\/11\/duty-free-hash.jpg\",\"contentUrl\":\"https:\/\/chemgramx.com\/wp-content\/uploads\/2025\/11\/duty-free-hash.jpg\",\"width\":1000,\"height\":1000},{\"@type\":\"BreadcrumbList\",\"@id\":\"https:\/\/chemgramx.com\/product\/duty-free-hash-kaufen\/#breadcrumb\",\"itemListElement\":[{\"@type\":\"ListItem\",\"position\":1,\"name\":\"Home\",\"item\":\"https:\/\/chemgramx.com\/\"},{\"@type\":\"ListItem\",\"position\":2,\"name\":\"Shop\",\"item\":\"https:\/\/chemgramx.com\/shop\/\"},{\"@type\":\"ListItem\",\"position\":3,\"name\":\"Duty Free Hash Kaufen\"}]},{\"@type\":\"WebSite\",\"@id\":\"https:\/\/chemgramx.com\/#website\",\"url\":\"https:\/\/chemgramx.com\/\",\"name\":\"Chemgramx\",\"description\":\"\",\"publisher\":{\"@id\":\"https:\/\/chemgramx.com\/#organization\"},\"potentialAction\":[{\"@type\":\"SearchAction\",\"target\":{\"@type\":\"EntryPoint\",\"urlTemplate\":\"https:\/\/chemgramx.com\/?s={search_term_string}\"},\"query-input\":{\"@type\":\"PropertyValueSpecification\",\"valueRequired\":true,\"valueName\":\"search_term_string\"}}],\"inLanguage\":\"es\"},{\"@type\":\"Organization\",\"@id\":\"https:\/\/chemgramx.com\/#organization\",\"name\":\"Chemgramx\",\"url\":\"https:\/\/chemgramx.com\/\",\"logo\":{\"@type\":\"ImageObject\",\"inLanguage\":\"es\",\"@id\":\"https:\/\/chemgramx.com\/#\/schema\/logo\/image\/\",\"url\":\"https:\/\/chemgramx.com\/wp-content\/uploads\/2024\/10\/final-logo.png\",\"contentUrl\":\"https:\/\/chemgramx.com\/wp-content\/uploads\/2024\/10\/final-logo.png\",\"width\":250,\"height\":48,\"caption\":\"Chemgramx\"},\"image\":{\"@id\":\"https:\/\/chemgramx.com\/#\/schema\/logo\/image\/\"}}]}<\/script>\n<!-- \/ Yoast SEO plugin. -->","yoast_head_json":{"title":"Comprar Hach\u00eds Libre de Impuestos | Calidad Premium | Libre de Impuestos y Discreto","description":"Comprar Duty Free Hash - Hach\u00eds de alta calidad de producci\u00f3n libre de impuestos. Entrega discreta y segura. La mejor calidad a un precio justo. \u00a1Desc\u00fabrelo ahora!","robots":{"index":"noindex","follow":"follow","max-snippet":"max-snippet:-1","max-image-preview":"max-image-preview:large","max-video-preview":"max-video-preview:-1"},"og_locale":"es_ES","og_type":"article","og_title":"Duty Free Hash Kaufen | Premium Qualit\u00e4t | Zollfrei &amp; Diskret","og_description":"Duty Free Hash kaufen - Hochwertiges Haschisch aus zollfreier Produktion. Diskret &amp; sicher geliefert. Beste Qualit\u00e4t zum fairen Preis. Jetzt entdecken!","og_url":"https:\/\/chemgramx.com\/es\/producto-2\/comprar-hachis-libre-de-impuestos\/","og_site_name":"Chemgramx","article_modified_time":"2025-11-21T11:15:09+00:00","og_image":[{"width":1000,"height":1000,"url":"https:\/\/chemgramx.com\/wp-content\/uploads\/2025\/11\/duty-free-hash.jpg","type":"image\/jpeg"}],"twitter_card":"summary_large_image","twitter_misc":{"Tiempo de lectura":"4 minutos"},"schema":{"@context":"https:\/\/schema.org","@graph":[{"@type":"WebPage","@id":"https:\/\/chemgramx.com\/product\/duty-free-hash-kaufen\/","url":"https:\/\/chemgramx.com\/product\/duty-free-hash-kaufen\/","name":"Comprar Hach\u00eds Libre de Impuestos | Calidad Premium | Libre de Impuestos y Discreto","isPartOf":{"@id":"https:\/\/chemgramx.com\/#website"},"primaryImageOfPage":{"@id":"https:\/\/chemgramx.com\/product\/duty-free-hash-kaufen\/#primaryimage"},"image":{"@id":"https:\/\/chemgramx.com\/product\/duty-free-hash-kaufen\/#primaryimage"},"thumbnailUrl":"https:\/\/chemgramx.com\/wp-content\/uploads\/2025\/11\/duty-free-hash.jpg","datePublished":"2025-11-21T11:13:38+00:00","dateModified":"2025-11-21T11:15:09+00:00","description":"Comprar Duty Free Hash - Hach\u00eds de alta calidad de producci\u00f3n libre de impuestos. Entrega discreta y segura. La mejor calidad a un precio justo. \u00a1Desc\u00fabrelo ahora!","breadcrumb":{"@id":"https:\/\/chemgramx.com\/product\/duty-free-hash-kaufen\/#breadcrumb"},"inLanguage":"es","potentialAction":[{"@type":"ReadAction","target":["https:\/\/chemgramx.com\/product\/duty-free-hash-kaufen\/"]}]},{"@type":"ImageObject","inLanguage":"es","@id":"https:\/\/chemgramx.com\/product\/duty-free-hash-kaufen\/#primaryimage","url":"https:\/\/chemgramx.com\/wp-content\/uploads\/2025\/11\/duty-free-hash.jpg","contentUrl":"https:\/\/chemgramx.com\/wp-content\/uploads\/2025\/11\/duty-free-hash.jpg","width":1000,"height":1000},{"@type":"BreadcrumbList","@id":"https:\/\/chemgramx.com\/product\/duty-free-hash-kaufen\/#breadcrumb","itemListElement":[{"@type":"ListItem","position":1,"name":"Home","item":"https:\/\/chemgramx.com\/"},{"@type":"ListItem","position":2,"name":"Shop","item":"https:\/\/chemgramx.com\/shop\/"},{"@type":"ListItem","position":3,"name":"Duty Free Hash Kaufen"}]},{"@type":"WebSite","@id":"https:\/\/chemgramx.com\/#website","url":"https:\/\/chemgramx.com\/","name":"Chemgramx","description":"","publisher":{"@id":"https:\/\/chemgramx.com\/#organization"},"potentialAction":[{"@type":"SearchAction","target":{"@type":"EntryPoint","urlTemplate":"https:\/\/chemgramx.com\/?s={search_term_string}"},"query-input":{"@type":"PropertyValueSpecification","valueRequired":true,"valueName":"search_term_string"}}],"inLanguage":"es"},{"@type":"Organization","@id":"https:\/\/chemgramx.com\/#organization","name":"Chemgramx","url":"https:\/\/chemgramx.com\/","logo":{"@type":"ImageObject","inLanguage":"es","@id":"https:\/\/chemgramx.com\/#\/schema\/logo\/image\/","url":"https:\/\/chemgramx.com\/wp-content\/uploads\/2024\/10\/final-logo.png","contentUrl":"https:\/\/chemgramx.com\/wp-content\/uploads\/2024\/10\/final-logo.png","width":250,"height":48,"caption":"Chemgramx"},"image":{"@id":"https:\/\/chemgramx.com\/#\/schema\/logo\/image\/"}}]}},"_links":{"self":[{"href":"https:\/\/chemgramx.com\/es\/wp-json\/wp\/v2\/product\/7231","targetHints":{"allow":["GET"]}}],"collection":[{"href":"https:\/\/chemgramx.com\/es\/wp-json\/wp\/v2\/product"}],"about":[{"href":"https:\/\/chemgramx.com\/es\/wp-json\/wp\/v2\/types\/product"}],"replies":[{"embeddable":true,"href":"https:\/\/chemgramx.com\/es\/wp-json\/wp\/v2\/comments?post=7231"}],"wp:featuredmedia":[{"embeddable":true,"href":"https:\/\/chemgramx.com\/es\/wp-json\/wp\/v2\/media\/7274"}],"wp:attachment":[{"href":"https:\/\/chemgramx.com\/es\/wp-json\/wp\/v2\/media?parent=7231"}],"wp:term":[{"taxonomy":"product_brand","embeddable":true,"href":"https:\/\/chemgramx.com\/es\/wp-json\/wp\/v2\/product_brand?post=7231"},{"taxonomy":"product_cat","embeddable":true,"href":"https:\/\/chemgramx.com\/es\/wp-json\/wp\/v2\/product_cat?post=7231"},{"taxonomy":"product_tag","embeddable":true,"href":"https:\/\/chemgramx.com\/es\/wp-json\/wp\/v2\/product_tag?post=7231"}],"curies":[{"name":"wp","href":"https:\/\/api.w.org\/{rel}","templated":true}]}}