{"id":7333,"date":"2025-11-21T11:15:13","date_gmt":"2025-11-21T11:15:13","guid":{"rendered":"https:\/\/chemgramx.com\/?post_type=product&#038;p=7333"},"modified":"2025-11-21T14:28:13","modified_gmt":"2025-11-21T14:28:13","slug":"black-cbd-oil","status":"publish","type":"product","link":"https:\/\/chemgramx.com\/es\/product\/black-cbd-oil\/","title":{"rendered":"Aceite de CBD negro"},"content":{"rendered":"<p><b>Aceite de CBD negro 5000mg<\/b> representa un <b>Forma altamente concentrada<\/b> de extracto de cannabidiol (CBD). <b>Estos<\/b> La concentraci\u00f3n es en el mercado como <b>especialmente potente<\/b> posicionado. <b>El t\u00e9rmino \u201eAceite de CBD negro\u201c<\/b> suele referirse al <b>Extracto crudo sin filtrar o m\u00ednimamente purificado<\/b>. <b>Este<\/b> conserva el color oscuro del material vegetal original. <b>En consecuencia<\/b> contiene un gran n\u00famero de sustancias vegetales secundarias adem\u00e1s del CBD. <b>Adem\u00e1s<\/b> incluyen clorofilas, ceras y l\u00edpidos. <b>Este producto<\/b> constituye un importante objeto de estudio. <b>En<\/b> permite examinar la <b>Efecto s\u00e9quito<\/b> con concentraciones de CBD extremadamente altas (5000 mg por frasco). <b>Por lo tanto<\/b> es esencial un examen detallado de la qu\u00edmica de extracci\u00f3n, el espectro farmacol\u00f3gico y el cumplimiento de la legislaci\u00f3n.<\/p>\n<h2><b>La qu\u00edmica detr\u00e1s del extracto \u201eNegro<\/b><\/h2>\n<p>La coloraci\u00f3n oscura del <b>\u201eAceite de CBD negro\u201c<\/b> es un resultado directo del proceso de extracci\u00f3n y del grado de pureza seleccionado.<\/p>\n<h4><b>Extracto crudo y diversidad fitoqu\u00edmica<\/b><\/h4>\n<ul>\n<li><b>M\u00e9todos de extracci\u00f3n:<\/b> <b>En primer lugar<\/b> El material de c\u00e1\u00f1amo suele procesarse con <b>Etanol-<\/b> o <b>Extracci\u00f3n de CO2<\/b> tratado. <b>Extracci\u00f3n de CO2<\/b>, especialmente a alta presi\u00f3n, disuelve todo el espectro lipof\u00edlico de la planta.<\/li>\n<li><b>El color \u201enegro\u201c:<\/b> <b>En<\/b> color oscuro, casi negro, se debe principalmente al <b>clorofilas co-extra\u00eddas<\/b> atribuible. <b>Estos<\/b> confieren al aceite un sabor intenso, a menudo amargo o herb\u00e1ceo. <b>En cambio<\/b> Adem\u00e1s, se utilizan aceites dorados o transparentes en un paso adicional: el <b>Invernaje<\/b> y <b>Filtraci\u00f3n<\/b> - se han eliminado la clorofila y las ceras.<\/li>\n<li><b>Espectro completo frente a amplio espectro:<\/b> <b>\u201eAceite de CBD negro\u201c<\/b> suele ser un <b>Extracto de espectro completo<\/b>. <b>En<\/b> significa que contiene todo el espectro de cannabinoides (CBN, CBG, THCV adem\u00e1s de CBD) y una rica mezcla de <b>Terpenos y flavonoides<\/b>. <b>Aceites de amplio espectro<\/b> (amplio espectro) son <b>tambi\u00e9n extractos de espectro completo<\/b>. <b>Sin embargo<\/b> Estos fueron completamente liberados de THC detectable mediante un paso de purificaci\u00f3n adicional (cromatograf\u00eda), mientras que los cannabinoides secundarios y terpenos se conservan.<\/li>\n<\/ul>\n<h2><b>Potencia y farmacolog\u00eda: concentraci\u00f3n de 5000 mg<\/b><\/h2>\n<p>La concentraci\u00f3n de <b>5000 mg de CBD por frasco<\/b> (normalmente 10 ml) representa un <b>Muy alta potencia<\/b> representar. <b>Estos<\/b> tiene un impacto significativo en la dosis y el efecto.<\/p>\n<h4><b>Relaci\u00f3n dosis-respuesta<\/b><\/h4>\n<ul>\n<li><b>C\u00e1lculo:<\/b> <b>En un frasco de 10 ml<\/b> con 5000 mg de CBD, cada mililitro corresponde a una concentraci\u00f3n de 500 mg de CBD. <b>Aceptado<\/b>, una gota corresponde a unos 0,05 ml. <b>De ello se desprende<\/b>, que <b>una gota<\/b> de este aceite sobre <b>25 mg de CBD<\/b> contiene.<\/li>\n<li><b>Efecto intensivo:<\/b> <b>Estos<\/b> alta concentraci\u00f3n permite a los usuarios <b>Dosis diaria elevada<\/b> con s\u00f3lo unas gotas. <b>En investigaci\u00f3n<\/b> dicha potencia se utiliza para determinar la <b>Umbral<\/b> para posibles efectos terap\u00e9uticos en afecciones m\u00e1s complejas.<\/li>\n<li><b>Espectro de acci\u00f3n:<\/b> <b>CBD<\/b> Ayuda a trav\u00e9s del sistema endocannabinoide <b>(ECS)<\/b> el <b>bienestar general<\/b>. <b>En<\/b> act\u00faa indirectamente sobre diversos receptores del organismo. <b>En<\/b> Los efectos notificados incluyen <b><a href=\"\/product\/boh-2c-b-hcl-kaufen\/\">Apoyo a<\/a> para reducir el estr\u00e9s<\/b>que <b>Fomento de la paz interior<\/b> y un papel potencial en la <b>Alivio de las molestias<\/b> (molestias musculares y articulares).<\/li>\n<\/ul>\n<h2><b>Retos normativos y normas de calidad en Alemania<\/b><\/h2>\n<p>La comercializaci\u00f3n de aceites de CBD, especialmente de productos de espectro completo altamente concentrados, est\u00e1 restringida en la UE y Alemania. <b>Estrictamente regulado y complejo<\/b>.<\/p>\n<h4><b>Cumplimiento de los l\u00edmites de THC<\/b><\/h4>\n<ul>\n<li><b>Conformidad:<\/b> <b>Aceites de espectro completo altamente concentrados<\/b> debe cumplir los <b>l\u00edmite legal de THC<\/b> estrictamente. <b>Este<\/b> es muy bajo en Alemania (actualmente suele interpretarse como 0,2 % en el producto acabado o t\u00e9cnicamente indetectable, seg\u00fan la situaci\u00f3n legal y el contexto). <b>En<\/b> Las autoridades reguladoras garantizan escrupulosamente que el uso de estos productos <b>Sin efecto psicoactivo<\/b> ocurre.<\/li>\n<li><b>Detecci\u00f3n por CoAs:<\/b> <b>En<\/b> anunciado <b>\u201epureza probada\u201c<\/b> debe pasar por <b>An\u00e1lisis de laboratorio independientes<\/b> (certificados CoA). <b>Estos<\/b> documentar no s\u00f3lo el <b>contenido exacto de CBD (5000 mg)<\/b>, sino tambi\u00e9n la <b>Conformidad del contenido de THC<\/b> y el <b>Ausencia de sustancias nocivas<\/b> (pesticidas, metales pesados, disolventes).<\/li>\n<\/ul>\n<h4><b>Nueva normativa alimentaria<\/b><\/h4>\n<p><b>Adem\u00e1s<\/b> est\u00e1n sujetos a los aceites de CBD, que <b>consumo oral<\/b> est\u00e1n destinados, el <b>Reglamento sobre nuevos alimentos de la UE<\/b>. <b>Este<\/b> significa que un producto s\u00f3lo puede distribuirse legalmente si contiene un <b>Nuevo alimento autorizado<\/b> propios. <b>Por lo tanto<\/b> el etiquetado como complemento alimenticio sin la autorizaci\u00f3n correspondiente no es conforme en muchos casos. <b>En<\/b> Los fabricantes de aceites altamente concentrados deben cumplir este complejo marco normativo.<\/p>\n<h2><b>Aplicaci\u00f3n y aspectos de seguridad<\/b><\/h2>\n<p>El aceite suele aplicarse <b>sublingual<\/b> (debajo de la lengua). <b>Este<\/b> permite una absorci\u00f3n comparativamente r\u00e1pida a trav\u00e9s de la mucosa oral.<\/p>\n<ul>\n<li><b>Precisi\u00f3n de dosificaci\u00f3n:<\/b> <b>Debido a<\/b> la alt\u00edsima concentraci\u00f3n es <b>Dosificaci\u00f3n precisa<\/b> esencial. <b>En<\/b> recomendado <b>aumento lento<\/b> de la dosis es una indicaci\u00f3n importante. <b>Usted<\/b> sirve para evitar efectos secundarios indeseables.<\/li>\n<li><b>Aceite portador:<\/b> <b>En<\/b> Uso de <b>Aceite de semillas de c\u00e1\u00f1amo o aceite MCT<\/b> (triglic\u00e9ridos de cadena media) como aceite portador mejora la <b>Biodisponibilidad<\/b> del CBD liposoluble en el organismo.<\/li>\n<\/ul>","protected":false},"excerpt":{"rendered":"<p data-start=\"2518\" data-end=\"2657\">Aceite de CBD negro 5000mg - CBD altamente concentrado para la m\u00e1xima relajaci\u00f3n, alivio del estr\u00e9s y bienestar. Probado en laboratorio y entregado discretamente.<\/p>","protected":false},"featured_media":7358,"comment_status":"open","ping_status":"closed","template":"","meta":{"_joinchat":[]},"product_brand":[],"product_cat":[53,62],"product_tag":[],"class_list":{"0":"post-7333","1":"product","2":"type-product","3":"status-publish","4":"has-post-thumbnail","6":"product_cat-dissociatives","7":"product_cat-marijuana","9":"first","10":"instock","11":"shipping-taxable","12":"purchasable","13":"product-type-variable"},"yoast_head":"<!-- This site is optimized with the Yoast SEO plugin v27.5 - https:\/\/yoast.com\/product\/yoast-seo-wordpress\/ -->\n<title>Black CBD Oil 5000mg kaufen | Hochkonzentriert &amp; Laborgepr\u00fcft<\/title>\n<meta name=\"description\" content=\"Black CBD Oil 5000mg online kaufen. Starkes CBD, laborgepr\u00fcft, f\u00fcr Entspannung, Stressabbau und Wohlbefinden. Diskreter Versand in Deutschland &amp; EU.\" \/>\n<meta name=\"robots\" content=\"index, follow, max-snippet:-1, max-image-preview:large, max-video-preview:-1\" \/>\n<link rel=\"canonical\" href=\"https:\/\/chemgramx.com\/es\/producto-1\/black-cbd-oil\/\" \/>\n<meta property=\"og:locale\" content=\"es_ES\" \/>\n<meta property=\"og:type\" content=\"article\" \/>\n<meta property=\"og:title\" content=\"Black CBD Oil 5000mg kaufen | Hochkonzentriert &amp; Laborgepr\u00fcft\" \/>\n<meta property=\"og:description\" content=\"Black CBD Oil 5000mg online kaufen. Starkes CBD, laborgepr\u00fcft, f\u00fcr Entspannung, Stressabbau und Wohlbefinden. Diskreter Versand in Deutschland &amp; EU.\" \/>\n<meta property=\"og:url\" content=\"https:\/\/chemgramx.com\/es\/producto-1\/black-cbd-oil\/\" \/>\n<meta property=\"og:site_name\" content=\"Chemgramx\" \/>\n<meta property=\"article:modified_time\" content=\"2025-11-21T14:28:13+00:00\" \/>\n<meta property=\"og:image\" content=\"https:\/\/chemgramx.com\/wp-content\/uploads\/2025\/11\/black-cbd-oil-5000mg.webp\" \/>\n\t<meta property=\"og:image:width\" content=\"2560\" \/>\n\t<meta property=\"og:image:height\" content=\"2560\" \/>\n\t<meta property=\"og:image:type\" content=\"image\/webp\" \/>\n<meta name=\"twitter:card\" content=\"summary_large_image\" \/>\n<meta name=\"twitter:label1\" content=\"Tiempo de lectura\" \/>\n\t<meta name=\"twitter:data1\" content=\"4 minutos\" \/>\n<script type=\"application\/ld+json\" class=\"yoast-schema-graph\">{\"@context\":\"https:\\\/\\\/schema.org\",\"@graph\":[{\"@type\":\"WebPage\",\"@id\":\"https:\\\/\\\/chemgramx.com\\\/product\\\/black-cbd-oil\\\/\",\"url\":\"https:\\\/\\\/chemgramx.com\\\/product\\\/black-cbd-oil\\\/\",\"name\":\"Black CBD Oil 5000mg kaufen | Hochkonzentriert &amp; Laborgepr\u00fcft\",\"isPartOf\":{\"@id\":\"https:\\\/\\\/chemgramx.com\\\/#website\"},\"primaryImageOfPage\":{\"@id\":\"https:\\\/\\\/chemgramx.com\\\/product\\\/black-cbd-oil\\\/#primaryimage\"},\"image\":{\"@id\":\"https:\\\/\\\/chemgramx.com\\\/product\\\/black-cbd-oil\\\/#primaryimage\"},\"thumbnailUrl\":\"https:\\\/\\\/chemgramx.com\\\/wp-content\\\/uploads\\\/2025\\\/11\\\/black-cbd-oil-5000mg.webp\",\"datePublished\":\"2025-11-21T11:15:13+00:00\",\"dateModified\":\"2025-11-21T14:28:13+00:00\",\"description\":\"Black CBD Oil 5000mg online kaufen. Starkes CBD, laborgepr\u00fcft, f\u00fcr Entspannung, Stressabbau und Wohlbefinden. Diskreter Versand in Deutschland &amp; EU.\",\"breadcrumb\":{\"@id\":\"https:\\\/\\\/chemgramx.com\\\/product\\\/black-cbd-oil\\\/#breadcrumb\"},\"inLanguage\":\"es\",\"potentialAction\":[{\"@type\":\"ReadAction\",\"target\":[\"https:\\\/\\\/chemgramx.com\\\/product\\\/black-cbd-oil\\\/\"]}]},{\"@type\":\"ImageObject\",\"inLanguage\":\"es\",\"@id\":\"https:\\\/\\\/chemgramx.com\\\/product\\\/black-cbd-oil\\\/#primaryimage\",\"url\":\"https:\\\/\\\/chemgramx.com\\\/wp-content\\\/uploads\\\/2025\\\/11\\\/black-cbd-oil-5000mg.webp\",\"contentUrl\":\"https:\\\/\\\/chemgramx.com\\\/wp-content\\\/uploads\\\/2025\\\/11\\\/black-cbd-oil-5000mg.webp\",\"width\":2560,\"height\":2560},{\"@type\":\"BreadcrumbList\",\"@id\":\"https:\\\/\\\/chemgramx.com\\\/product\\\/black-cbd-oil\\\/#breadcrumb\",\"itemListElement\":[{\"@type\":\"ListItem\",\"position\":1,\"name\":\"Home\",\"item\":\"https:\\\/\\\/chemgramx.com\\\/\"},{\"@type\":\"ListItem\",\"position\":2,\"name\":\"Shop\",\"item\":\"https:\\\/\\\/chemgramx.com\\\/shop\\\/\"},{\"@type\":\"ListItem\",\"position\":3,\"name\":\"Black CBD Oil\"}]},{\"@type\":\"WebSite\",\"@id\":\"https:\\\/\\\/chemgramx.com\\\/#website\",\"url\":\"https:\\\/\\\/chemgramx.com\\\/\",\"name\":\"Chemgramx\",\"description\":\"\",\"publisher\":{\"@id\":\"https:\\\/\\\/chemgramx.com\\\/#organization\"},\"potentialAction\":[{\"@type\":\"SearchAction\",\"target\":{\"@type\":\"EntryPoint\",\"urlTemplate\":\"https:\\\/\\\/chemgramx.com\\\/?s={search_term_string}\"},\"query-input\":{\"@type\":\"PropertyValueSpecification\",\"valueRequired\":true,\"valueName\":\"search_term_string\"}}],\"inLanguage\":\"es\"},{\"@type\":\"Organization\",\"@id\":\"https:\\\/\\\/chemgramx.com\\\/#organization\",\"name\":\"Chemgramx\",\"url\":\"https:\\\/\\\/chemgramx.com\\\/\",\"logo\":{\"@type\":\"ImageObject\",\"inLanguage\":\"es\",\"@id\":\"https:\\\/\\\/chemgramx.com\\\/#\\\/schema\\\/logo\\\/image\\\/\",\"url\":\"https:\\\/\\\/chemgramx.com\\\/wp-content\\\/uploads\\\/2024\\\/10\\\/final-logo.png\",\"contentUrl\":\"https:\\\/\\\/chemgramx.com\\\/wp-content\\\/uploads\\\/2024\\\/10\\\/final-logo.png\",\"width\":250,\"height\":48,\"caption\":\"Chemgramx\"},\"image\":{\"@id\":\"https:\\\/\\\/chemgramx.com\\\/#\\\/schema\\\/logo\\\/image\\\/\"}}]}<\/script>\n<!-- \/ Yoast SEO plugin. -->","yoast_head_json":{"title":"Comprar Aceite de CBD Negro 5000mg | Altamente concentrado y testado en laboratorio","description":"Comprar Aceite de CBD Negro 5000mg online. CBD fuerte, probado en laboratorio, para relajaci\u00f3n, reducci\u00f3n del estr\u00e9s y bienestar. Env\u00edo discreto en Alemania y UE.","robots":{"index":"index","follow":"follow","max-snippet":"max-snippet:-1","max-image-preview":"max-image-preview:large","max-video-preview":"max-video-preview:-1"},"canonical":"https:\/\/chemgramx.com\/es\/producto-1\/black-cbd-oil\/","og_locale":"es_ES","og_type":"article","og_title":"Black CBD Oil 5000mg kaufen | Hochkonzentriert &amp; Laborgepr\u00fcft","og_description":"Black CBD Oil 5000mg online kaufen. Starkes CBD, laborgepr\u00fcft, f\u00fcr Entspannung, Stressabbau und Wohlbefinden. Diskreter Versand in Deutschland &amp; EU.","og_url":"https:\/\/chemgramx.com\/es\/producto-1\/black-cbd-oil\/","og_site_name":"Chemgramx","article_modified_time":"2025-11-21T14:28:13+00:00","og_image":[{"width":2560,"height":2560,"url":"https:\/\/chemgramx.com\/wp-content\/uploads\/2025\/11\/black-cbd-oil-5000mg.webp","type":"image\/webp"}],"twitter_card":"summary_large_image","twitter_misc":{"Tiempo de lectura":"4 minutos"},"schema":{"@context":"https:\/\/schema.org","@graph":[{"@type":"WebPage","@id":"https:\/\/chemgramx.com\/product\/black-cbd-oil\/","url":"https:\/\/chemgramx.com\/product\/black-cbd-oil\/","name":"Comprar Aceite de CBD Negro 5000mg | Altamente concentrado y testado en laboratorio","isPartOf":{"@id":"https:\/\/chemgramx.com\/#website"},"primaryImageOfPage":{"@id":"https:\/\/chemgramx.com\/product\/black-cbd-oil\/#primaryimage"},"image":{"@id":"https:\/\/chemgramx.com\/product\/black-cbd-oil\/#primaryimage"},"thumbnailUrl":"https:\/\/chemgramx.com\/wp-content\/uploads\/2025\/11\/black-cbd-oil-5000mg.webp","datePublished":"2025-11-21T11:15:13+00:00","dateModified":"2025-11-21T14:28:13+00:00","description":"Comprar Aceite de CBD Negro 5000mg online. CBD fuerte, probado en laboratorio, para relajaci\u00f3n, reducci\u00f3n del estr\u00e9s y bienestar. Env\u00edo discreto en Alemania y UE.","breadcrumb":{"@id":"https:\/\/chemgramx.com\/product\/black-cbd-oil\/#breadcrumb"},"inLanguage":"es","potentialAction":[{"@type":"ReadAction","target":["https:\/\/chemgramx.com\/product\/black-cbd-oil\/"]}]},{"@type":"ImageObject","inLanguage":"es","@id":"https:\/\/chemgramx.com\/product\/black-cbd-oil\/#primaryimage","url":"https:\/\/chemgramx.com\/wp-content\/uploads\/2025\/11\/black-cbd-oil-5000mg.webp","contentUrl":"https:\/\/chemgramx.com\/wp-content\/uploads\/2025\/11\/black-cbd-oil-5000mg.webp","width":2560,"height":2560},{"@type":"BreadcrumbList","@id":"https:\/\/chemgramx.com\/product\/black-cbd-oil\/#breadcrumb","itemListElement":[{"@type":"ListItem","position":1,"name":"Home","item":"https:\/\/chemgramx.com\/"},{"@type":"ListItem","position":2,"name":"Shop","item":"https:\/\/chemgramx.com\/shop\/"},{"@type":"ListItem","position":3,"name":"Black CBD Oil"}]},{"@type":"WebSite","@id":"https:\/\/chemgramx.com\/#website","url":"https:\/\/chemgramx.com\/","name":"Chemgramx","description":"","publisher":{"@id":"https:\/\/chemgramx.com\/#organization"},"potentialAction":[{"@type":"SearchAction","target":{"@type":"EntryPoint","urlTemplate":"https:\/\/chemgramx.com\/?s={search_term_string}"},"query-input":{"@type":"PropertyValueSpecification","valueRequired":true,"valueName":"search_term_string"}}],"inLanguage":"es"},{"@type":"Organization","@id":"https:\/\/chemgramx.com\/#organization","name":"Chemgramx","url":"https:\/\/chemgramx.com\/","logo":{"@type":"ImageObject","inLanguage":"es","@id":"https:\/\/chemgramx.com\/#\/schema\/logo\/image\/","url":"https:\/\/chemgramx.com\/wp-content\/uploads\/2024\/10\/final-logo.png","contentUrl":"https:\/\/chemgramx.com\/wp-content\/uploads\/2024\/10\/final-logo.png","width":250,"height":48,"caption":"Chemgramx"},"image":{"@id":"https:\/\/chemgramx.com\/#\/schema\/logo\/image\/"}}]}},"_links":{"self":[{"href":"https:\/\/chemgramx.com\/es\/wp-json\/wp\/v2\/product\/7333","targetHints":{"allow":["GET"]}}],"collection":[{"href":"https:\/\/chemgramx.com\/es\/wp-json\/wp\/v2\/product"}],"about":[{"href":"https:\/\/chemgramx.com\/es\/wp-json\/wp\/v2\/types\/product"}],"replies":[{"embeddable":true,"href":"https:\/\/chemgramx.com\/es\/wp-json\/wp\/v2\/comments?post=7333"}],"wp:featuredmedia":[{"embeddable":true,"href":"https:\/\/chemgramx.com\/es\/wp-json\/wp\/v2\/media\/7358"}],"wp:attachment":[{"href":"https:\/\/chemgramx.com\/es\/wp-json\/wp\/v2\/media?parent=7333"}],"wp:term":[{"taxonomy":"product_brand","embeddable":true,"href":"https:\/\/chemgramx.com\/es\/wp-json\/wp\/v2\/product_brand?post=7333"},{"taxonomy":"product_cat","embeddable":true,"href":"https:\/\/chemgramx.com\/es\/wp-json\/wp\/v2\/product_cat?post=7333"},{"taxonomy":"product_tag","embeddable":true,"href":"https:\/\/chemgramx.com\/es\/wp-json\/wp\/v2\/product_tag?post=7333"}],"curies":[{"name":"wp","href":"https:\/\/api.w.org\/{rel}","templated":true}]}}