{"id":7334,"date":"2025-11-21T11:15:13","date_gmt":"2025-11-21T11:15:13","guid":{"rendered":"https:\/\/chemgramx.com\/?post_type=product&#038;p=7334"},"modified":"2025-11-21T11:17:03","modified_gmt":"2025-11-21T11:17:03","slug":"afghani-kush-17-25-thc","status":"publish","type":"product","link":"https:\/\/chemgramx.com\/es\/product\/afghani-kush-17-25-thc\/","title":{"rendered":"Afghani kush 17 - 25% THC"},"content":{"rendered":"<p><b>Kush afgano<\/b> es mucho m\u00e1s que una variedad de cannabis; <b>ellos<\/b> es un <b>Testimonio vivo de la historia del cannabis<\/b>. <b>Usted<\/b> es uno de los <b>variedades aut\u00f3ctonas Indica puras m\u00e1s antiguas y conocidas<\/b> en todo el mundo. <b>Atentamente<\/b> Sus or\u00edgenes se remontan a las inh\u00f3spitas regiones monta\u00f1osas de gran altitud de Afganist\u00e1n, m\u00e1s concretamente en el <b>Monta\u00f1as del Hindu Kush<\/b>. <b>Estos<\/b> variedad ic\u00f3nica es famosa por su <b>flores resinosas y densas<\/b>, su sabor profundo y terroso y su <b>Fuerte efecto sedante sin igual<\/b>. <b>En consecuencia<\/b> La Afghani Kush sirve de base gen\u00e9tica para innumerables variedades h\u00edbridas modernas de predominancia \u00edndica y, por lo tanto, es un importante objeto de investigaci\u00f3n. <b>De hecho<\/b> ofrece un potente contenido de THC de entre <b>17 % y 25 %<\/b> una profunda relajaci\u00f3n f\u00edsica que capta la esencia de la cultura \u00edndica tradicional.<\/p>\n<h2><b>La gen\u00e9tica de la resistencia: evoluci\u00f3n en el Hindu Kush<\/b><\/h2>\n<p>Afghani Kush es casi <b>100 % pura Indica landrace<\/b>. <b>Usted<\/b> se cultiva en su forma pura en su regi\u00f3n hom\u00f3nima desde hace siglos. <b>Su<\/b> La gen\u00e9tica es el resultado directo de la <b>condiciones ambientales extremas<\/b> en las altas monta\u00f1as.<\/p>\n<h4><b>Adaptaci\u00f3n al clima de alta monta\u00f1a<\/b><\/h4>\n<ul>\n<li><b>Gran robustez:<\/b> El duro clima de la regi\u00f3n de alta monta\u00f1a, caracterizado por <b>Veranos cortos y noches fr\u00edas<\/b>, ha obligado a las plantas a desarrollar una robustez \u00fanica. <b>Por lo tanto<\/b> las plantas son por naturaleza <b>corto, tupido<\/b> y resistente a las plagas y el moho.<\/li>\n<li><b>Gran producci\u00f3n de resina (tricomas):<\/b> Como mecanismo de defensa biol\u00f3gica contra la extrema radiaci\u00f3n UV y la aridez de las tierras altas, Afghani Kush desarroll\u00f3 un <b>excepcionalmente denso, pegajoso <a href=\"\/product\/ultimate-mushroom-kaufen\/\">Capa de resina<\/a><\/b>. <b>Estos<\/b> Los tricomas son los lugares de producci\u00f3n de los cannabinoides y los terpenos. <b>Por lo tanto<\/b> esta gen\u00e9tica forma hist\u00f3ricamente la <b>Base<\/b> para la producci\u00f3n de hach\u00eds tradicional (como <b>Charas<\/b>) en la regi\u00f3n.<\/li>\n<li><b>Las bases de la gen\u00e9tica moderna:<\/b> La pureza gen\u00e9tica y la estabilidad de la Afghani Kush tienen un valor incalculable. <b>Usted<\/b> forma el <b>bases evolutivas y de cr\u00eda<\/b> para innumerables variedades h\u00edbridas modernas con dominancia Indica en todo el mundo. <b>Nosotros<\/b> Si quieres entender las ra\u00edces de la cultura Indica, tienes que estudiar esta variedad aut\u00f3ctona.<\/li>\n<\/ul>\n<h2><b>Sabor, terpenos y el aut\u00e9ntico aroma Kush<\/b><\/h2>\n<p>El sabor de Afghani Kush es uno de sus <b>caracter\u00edsticas definitorias<\/b> - aut\u00e9ntico, genuino y profundo. <b>En<\/b> es una fragancia que evoca la tierra \u00e1spera y los bosques resinosos de su tierra natal. <b>Este<\/b> El sabor intenso y c\u00e1lido viene determinado principalmente por tres terpenos dominantes, que contribuyen significativamente al efecto:<\/p>\n<ul>\n<li><b>Mirceno (terroso, sedante):<\/b> <b>En<\/b> el terpeno m\u00e1s abundante del cannabis, el mirceno desempe\u00f1a un papel fundamental. <b>En<\/b> es para el <b>cl\u00e1sica nota de fondo terrosa y ligeramente dulce<\/b> y est\u00e1 fuertemente asociado farmacol\u00f3gicamente con la <b>efecto calmante, sedante<\/b> asociado a ella.<\/li>\n<li><b>Beta-cariofileno (picante, antiinflamatorio):<\/b> <b>Este<\/b> El terpeno confiere a la variedad su <b>matices especiados y amaderados<\/b>. <b>En<\/b> es el \u00fanico terpeno que se une directamente a los receptores cannabinoides (CB2), por lo que es tan importante por su <b>Posibles propiedades antiinflamatorias<\/b> se analiza.<\/li>\n<li><b>Limoneno \/ Pineno (resinoso, fresco):<\/b> <b>Partituras<\/b> de pino y hierbas frescas completan el perfil. <b>Estos<\/b> apuntan al <b>Alta concentraci\u00f3n de resina<\/b> de las flores.<\/li>\n<\/ul>\n<p><b>Consumo<\/b> se despliega un sabor profundo y natural que recuerda a la <b>tierra fresca y resina de hach\u00eds dulce<\/b> recuerda. <b>En consecuencia<\/b> este aut\u00e9ntico perfil de terpenos garantiza una experiencia sensorial duradera.<\/p>\n<h2><b>Efecto, potencia del THC y \u201ecoloc\u00f3n corporal\u201c<\/b><\/h2>\n<p>Con un contenido de THC de entre <b>17 % y 25 %<\/b> mentiras, Afghani Kush es una <b>gran variedad<\/b>. <b>Su<\/b> Conjuntos de efectos <b>Fuerte, r\u00e1pido y duradero<\/b> en. <b>Usted<\/b> es el ep\u00edtome de una \u00edndica y representa la relajaci\u00f3n f\u00edsica completa, la llamada <b>\u201eCuerpo-Alto\u201c<\/b>.<\/p>\n<ul>\n<li><b>Relajaci\u00f3n profunda:<\/b> <b>Ya<\/b> Al poco tiempo se <b>Efecto sedante profundo<\/b> que muchos usuarios describen como una intensa calma f\u00edsica.<\/li>\n<li><b>Reducci\u00f3n del estr\u00e9s y la tensi\u00f3n:<\/b> <b>En<\/b> variedad es ideal para <b>Estr\u00e9s, tensi\u00f3n interior y nerviosismo<\/b> notablemente y favorecen la desconexi\u00f3n.<\/li>\n<li><b>Promoci\u00f3n del sue\u00f1o:<\/b> <b>Debido a<\/b> sus fuertes propiedades sedantes, a menudo se utiliza expl\u00edcitamente por su <b>efecto promotor del sue\u00f1o<\/b> apreciadas, lo que las hace <b>variedad ideal para la noche<\/b> hace.<\/li>\n<li><b>Estimulaci\u00f3n del apetito:<\/b> <b>Adem\u00e1s<\/b> puede contribuir a aumentar el apetito (efecto munchies).<\/li>\n<\/ul>\n<p><b>La alta potencia<\/b> no debe subestimarse. <b>Usted<\/b> garantiza un <b>Coherencia y profundidad del efecto<\/b>, que las variedades h\u00edbridas modernas, a menudo aguadas, rara vez consiguen.<\/p>\n<h2><b>Normas de calidad y cumplimiento de la legislaci\u00f3n<\/b><\/h2>\n<p><b>Para la investigaci\u00f3n<\/b> y para cumplir la normativa legal, es esencial aplicar normas de calidad estrictas. <b>Por lo tanto<\/b> debe ser el <b>Pureza gen\u00e9tica<\/b> y el <b>Cumplimiento del contenido de THC<\/b> puede demostrarse.<\/p>\n<ul>\n<li><b>Transparencia anal\u00edtica:<\/b> <b>Real<\/b> Se requieren certificados de an\u00e1lisis (CoA). <b>Estos<\/b> garantizar el contenido de THC declarado y la <b>Ausencia de sustancias nocivas<\/b> (pesticidas, metales pesados).<\/li>\n<li><b>Situaci\u00f3n jur\u00eddica en Alemania:<\/b> Hay que subrayar inequ\u00edvocamente que <b>Kush afgano<\/b> debido a su contenido de THC en Alemania en virtud de la <b>Ley de estupefacientes (BtMG)<\/b> o el <b>Ley del Cannabis para los Consumidores (KCanG)<\/b> ca\u00eddas. <b>De ello se desprende<\/b>, que el <b>Adquisici\u00f3n, posesi\u00f3n o comercio ilegales<\/b> salvo prescripci\u00f3n m\u00e9dica o autorizaci\u00f3n oficial. <b>Por lo tanto<\/b> esta informaci\u00f3n detallada <b>fines puramente cient\u00edficos, bot\u00e1nicos e informativos<\/b>. <b>Usted<\/b> aplicar <b>ni consumo ni adquisici\u00f3n ilegal<\/b>.<\/li>\n<\/ul>","protected":false},"excerpt":{"rendered":"<p data-start=\"3534\" data-end=\"3671\">Afghani Kush - Indica pura con 17-25 % THC. Sabor terroso, relajaci\u00f3n profunda y calidad tradicional de las monta\u00f1as del Hindu Kush.<\/p>","protected":false},"featured_media":7359,"comment_status":"open","ping_status":"closed","template":"","meta":{"_joinchat":[]},"product_brand":[],"product_cat":[62],"product_tag":[],"class_list":{"0":"post-7334","1":"product","2":"type-product","3":"status-publish","4":"has-post-thumbnail","6":"product_cat-marijuana","8":"first","9":"instock","10":"shipping-taxable","11":"purchasable","12":"product-type-variable"},"yoast_head":"<!-- This site is optimized with the Yoast SEO plugin v27.5 - https:\/\/yoast.com\/product\/yoast-seo-wordpress\/ -->\n<title>Afghani Kush kaufen | 17\u201325% THC reine Indica<\/title>\n<meta name=\"description\" content=\"Afghani Kush kaufen \u2013 17\u201325% THC, erdig-w\u00fcrziges Aroma und tiefe Entspannung. Reine Indica mit traditioneller Qualit\u00e4t, diskret geliefert.\" \/>\n<meta name=\"robots\" content=\"index, follow, max-snippet:-1, max-image-preview:large, max-video-preview:-1\" \/>\n<link rel=\"canonical\" href=\"https:\/\/chemgramx.com\/es\/producto-1\/afghani-kush-17-25-thc\/\" \/>\n<meta property=\"og:locale\" content=\"es_ES\" \/>\n<meta property=\"og:type\" content=\"article\" \/>\n<meta property=\"og:title\" content=\"Afghani Kush kaufen | 17\u201325% THC reine Indica\" \/>\n<meta property=\"og:description\" content=\"Afghani Kush kaufen \u2013 17\u201325% THC, erdig-w\u00fcrziges Aroma und tiefe Entspannung. Reine Indica mit traditioneller Qualit\u00e4t, diskret geliefert.\" \/>\n<meta property=\"og:url\" content=\"https:\/\/chemgramx.com\/es\/producto-1\/afghani-kush-17-25-thc\/\" \/>\n<meta property=\"og:site_name\" content=\"Chemgramx\" \/>\n<meta property=\"article:modified_time\" content=\"2025-11-21T11:17:03+00:00\" \/>\n<meta property=\"og:image\" content=\"https:\/\/chemgramx.com\/wp-content\/uploads\/2025\/11\/afghani-kush-17-25-thc.jpg\" \/>\n\t<meta property=\"og:image:width\" content=\"800\" \/>\n\t<meta property=\"og:image:height\" content=\"800\" \/>\n\t<meta property=\"og:image:type\" content=\"image\/jpeg\" \/>\n<meta name=\"twitter:card\" content=\"summary_large_image\" \/>\n<meta name=\"twitter:label1\" content=\"Tiempo de lectura\" \/>\n\t<meta name=\"twitter:data1\" content=\"4 minutos\" \/>\n<script type=\"application\/ld+json\" class=\"yoast-schema-graph\">{\"@context\":\"https:\\\/\\\/schema.org\",\"@graph\":[{\"@type\":\"WebPage\",\"@id\":\"https:\\\/\\\/chemgramx.com\\\/product\\\/afghani-kush-17-25-thc\\\/\",\"url\":\"https:\\\/\\\/chemgramx.com\\\/product\\\/afghani-kush-17-25-thc\\\/\",\"name\":\"Afghani Kush kaufen | 17\u201325% THC reine Indica\",\"isPartOf\":{\"@id\":\"https:\\\/\\\/chemgramx.com\\\/#website\"},\"primaryImageOfPage\":{\"@id\":\"https:\\\/\\\/chemgramx.com\\\/product\\\/afghani-kush-17-25-thc\\\/#primaryimage\"},\"image\":{\"@id\":\"https:\\\/\\\/chemgramx.com\\\/product\\\/afghani-kush-17-25-thc\\\/#primaryimage\"},\"thumbnailUrl\":\"https:\\\/\\\/chemgramx.com\\\/wp-content\\\/uploads\\\/2025\\\/11\\\/afghani-kush-17-25-thc.jpg\",\"datePublished\":\"2025-11-21T11:15:13+00:00\",\"dateModified\":\"2025-11-21T11:17:03+00:00\",\"description\":\"Afghani Kush kaufen \u2013 17\u201325% THC, erdig-w\u00fcrziges Aroma und tiefe Entspannung. Reine Indica mit traditioneller Qualit\u00e4t, diskret geliefert.\",\"breadcrumb\":{\"@id\":\"https:\\\/\\\/chemgramx.com\\\/product\\\/afghani-kush-17-25-thc\\\/#breadcrumb\"},\"inLanguage\":\"es\",\"potentialAction\":[{\"@type\":\"ReadAction\",\"target\":[\"https:\\\/\\\/chemgramx.com\\\/product\\\/afghani-kush-17-25-thc\\\/\"]}]},{\"@type\":\"ImageObject\",\"inLanguage\":\"es\",\"@id\":\"https:\\\/\\\/chemgramx.com\\\/product\\\/afghani-kush-17-25-thc\\\/#primaryimage\",\"url\":\"https:\\\/\\\/chemgramx.com\\\/wp-content\\\/uploads\\\/2025\\\/11\\\/afghani-kush-17-25-thc.jpg\",\"contentUrl\":\"https:\\\/\\\/chemgramx.com\\\/wp-content\\\/uploads\\\/2025\\\/11\\\/afghani-kush-17-25-thc.jpg\",\"width\":800,\"height\":800},{\"@type\":\"BreadcrumbList\",\"@id\":\"https:\\\/\\\/chemgramx.com\\\/product\\\/afghani-kush-17-25-thc\\\/#breadcrumb\",\"itemListElement\":[{\"@type\":\"ListItem\",\"position\":1,\"name\":\"Home\",\"item\":\"https:\\\/\\\/chemgramx.com\\\/\"},{\"@type\":\"ListItem\",\"position\":2,\"name\":\"Shop\",\"item\":\"https:\\\/\\\/chemgramx.com\\\/shop\\\/\"},{\"@type\":\"ListItem\",\"position\":3,\"name\":\"Afghani kush 17 \u2013 25% THC\"}]},{\"@type\":\"WebSite\",\"@id\":\"https:\\\/\\\/chemgramx.com\\\/#website\",\"url\":\"https:\\\/\\\/chemgramx.com\\\/\",\"name\":\"Chemgramx\",\"description\":\"\",\"publisher\":{\"@id\":\"https:\\\/\\\/chemgramx.com\\\/#organization\"},\"potentialAction\":[{\"@type\":\"SearchAction\",\"target\":{\"@type\":\"EntryPoint\",\"urlTemplate\":\"https:\\\/\\\/chemgramx.com\\\/?s={search_term_string}\"},\"query-input\":{\"@type\":\"PropertyValueSpecification\",\"valueRequired\":true,\"valueName\":\"search_term_string\"}}],\"inLanguage\":\"es\"},{\"@type\":\"Organization\",\"@id\":\"https:\\\/\\\/chemgramx.com\\\/#organization\",\"name\":\"Chemgramx\",\"url\":\"https:\\\/\\\/chemgramx.com\\\/\",\"logo\":{\"@type\":\"ImageObject\",\"inLanguage\":\"es\",\"@id\":\"https:\\\/\\\/chemgramx.com\\\/#\\\/schema\\\/logo\\\/image\\\/\",\"url\":\"https:\\\/\\\/chemgramx.com\\\/wp-content\\\/uploads\\\/2024\\\/10\\\/final-logo.png\",\"contentUrl\":\"https:\\\/\\\/chemgramx.com\\\/wp-content\\\/uploads\\\/2024\\\/10\\\/final-logo.png\",\"width\":250,\"height\":48,\"caption\":\"Chemgramx\"},\"image\":{\"@id\":\"https:\\\/\\\/chemgramx.com\\\/#\\\/schema\\\/logo\\\/image\\\/\"}}]}<\/script>\n<!-- \/ Yoast SEO plugin. -->","yoast_head_json":{"title":"Comprar Afghani Kush | 17-25% THC pura Indica","description":"Comprar Afghani Kush - 17-25% THC, sabor terroso-picante y relajaci\u00f3n profunda. Indica pura con calidad tradicional, entregada discretamente.","robots":{"index":"index","follow":"follow","max-snippet":"max-snippet:-1","max-image-preview":"max-image-preview:large","max-video-preview":"max-video-preview:-1"},"canonical":"https:\/\/chemgramx.com\/es\/producto-1\/afghani-kush-17-25-thc\/","og_locale":"es_ES","og_type":"article","og_title":"Afghani Kush kaufen | 17\u201325% THC reine Indica","og_description":"Afghani Kush kaufen \u2013 17\u201325% THC, erdig-w\u00fcrziges Aroma und tiefe Entspannung. Reine Indica mit traditioneller Qualit\u00e4t, diskret geliefert.","og_url":"https:\/\/chemgramx.com\/es\/producto-1\/afghani-kush-17-25-thc\/","og_site_name":"Chemgramx","article_modified_time":"2025-11-21T11:17:03+00:00","og_image":[{"width":800,"height":800,"url":"https:\/\/chemgramx.com\/wp-content\/uploads\/2025\/11\/afghani-kush-17-25-thc.jpg","type":"image\/jpeg"}],"twitter_card":"summary_large_image","twitter_misc":{"Tiempo de lectura":"4 minutos"},"schema":{"@context":"https:\/\/schema.org","@graph":[{"@type":"WebPage","@id":"https:\/\/chemgramx.com\/product\/afghani-kush-17-25-thc\/","url":"https:\/\/chemgramx.com\/product\/afghani-kush-17-25-thc\/","name":"Comprar Afghani Kush | 17-25% THC pura Indica","isPartOf":{"@id":"https:\/\/chemgramx.com\/#website"},"primaryImageOfPage":{"@id":"https:\/\/chemgramx.com\/product\/afghani-kush-17-25-thc\/#primaryimage"},"image":{"@id":"https:\/\/chemgramx.com\/product\/afghani-kush-17-25-thc\/#primaryimage"},"thumbnailUrl":"https:\/\/chemgramx.com\/wp-content\/uploads\/2025\/11\/afghani-kush-17-25-thc.jpg","datePublished":"2025-11-21T11:15:13+00:00","dateModified":"2025-11-21T11:17:03+00:00","description":"Comprar Afghani Kush - 17-25% THC, sabor terroso-picante y relajaci\u00f3n profunda. Indica pura con calidad tradicional, entregada discretamente.","breadcrumb":{"@id":"https:\/\/chemgramx.com\/product\/afghani-kush-17-25-thc\/#breadcrumb"},"inLanguage":"es","potentialAction":[{"@type":"ReadAction","target":["https:\/\/chemgramx.com\/product\/afghani-kush-17-25-thc\/"]}]},{"@type":"ImageObject","inLanguage":"es","@id":"https:\/\/chemgramx.com\/product\/afghani-kush-17-25-thc\/#primaryimage","url":"https:\/\/chemgramx.com\/wp-content\/uploads\/2025\/11\/afghani-kush-17-25-thc.jpg","contentUrl":"https:\/\/chemgramx.com\/wp-content\/uploads\/2025\/11\/afghani-kush-17-25-thc.jpg","width":800,"height":800},{"@type":"BreadcrumbList","@id":"https:\/\/chemgramx.com\/product\/afghani-kush-17-25-thc\/#breadcrumb","itemListElement":[{"@type":"ListItem","position":1,"name":"Home","item":"https:\/\/chemgramx.com\/"},{"@type":"ListItem","position":2,"name":"Shop","item":"https:\/\/chemgramx.com\/shop\/"},{"@type":"ListItem","position":3,"name":"Afghani kush 17 \u2013 25% THC"}]},{"@type":"WebSite","@id":"https:\/\/chemgramx.com\/#website","url":"https:\/\/chemgramx.com\/","name":"Chemgramx","description":"","publisher":{"@id":"https:\/\/chemgramx.com\/#organization"},"potentialAction":[{"@type":"SearchAction","target":{"@type":"EntryPoint","urlTemplate":"https:\/\/chemgramx.com\/?s={search_term_string}"},"query-input":{"@type":"PropertyValueSpecification","valueRequired":true,"valueName":"search_term_string"}}],"inLanguage":"es"},{"@type":"Organization","@id":"https:\/\/chemgramx.com\/#organization","name":"Chemgramx","url":"https:\/\/chemgramx.com\/","logo":{"@type":"ImageObject","inLanguage":"es","@id":"https:\/\/chemgramx.com\/#\/schema\/logo\/image\/","url":"https:\/\/chemgramx.com\/wp-content\/uploads\/2024\/10\/final-logo.png","contentUrl":"https:\/\/chemgramx.com\/wp-content\/uploads\/2024\/10\/final-logo.png","width":250,"height":48,"caption":"Chemgramx"},"image":{"@id":"https:\/\/chemgramx.com\/#\/schema\/logo\/image\/"}}]}},"_links":{"self":[{"href":"https:\/\/chemgramx.com\/es\/wp-json\/wp\/v2\/product\/7334","targetHints":{"allow":["GET"]}}],"collection":[{"href":"https:\/\/chemgramx.com\/es\/wp-json\/wp\/v2\/product"}],"about":[{"href":"https:\/\/chemgramx.com\/es\/wp-json\/wp\/v2\/types\/product"}],"replies":[{"embeddable":true,"href":"https:\/\/chemgramx.com\/es\/wp-json\/wp\/v2\/comments?post=7334"}],"wp:featuredmedia":[{"embeddable":true,"href":"https:\/\/chemgramx.com\/es\/wp-json\/wp\/v2\/media\/7359"}],"wp:attachment":[{"href":"https:\/\/chemgramx.com\/es\/wp-json\/wp\/v2\/media?parent=7334"}],"wp:term":[{"taxonomy":"product_brand","embeddable":true,"href":"https:\/\/chemgramx.com\/es\/wp-json\/wp\/v2\/product_brand?post=7334"},{"taxonomy":"product_cat","embeddable":true,"href":"https:\/\/chemgramx.com\/es\/wp-json\/wp\/v2\/product_cat?post=7334"},{"taxonomy":"product_tag","embeddable":true,"href":"https:\/\/chemgramx.com\/es\/wp-json\/wp\/v2\/product_tag?post=7334"}],"curies":[{"name":"wp","href":"https:\/\/api.w.org\/{rel}","templated":true}]}}