{"id":7335,"date":"2025-11-21T11:15:13","date_gmt":"2025-11-21T11:15:13","guid":{"rendered":"https:\/\/chemgramx.com\/?post_type=product&#038;p=7335"},"modified":"2025-11-21T11:17:03","modified_gmt":"2025-11-21T11:17:03","slug":"ak-47-cepa-hibrida-sativa-dominante-13-20thc","status":"publish","type":"product","link":"https:\/\/chemgramx.com\/es\/product\/ak-47-sativa-dominant-hybrid-strain-13-20thc\/","title":{"rendered":"AK-47 Variedad h\u00edbrida con sativa dominante 13% - 20%THC"},"content":{"rendered":"<p>La variedad <b>AK-47<\/b> es reconocida mundialmente como una de las <b>los h\u00edbridos con sativa dominante m\u00e1s estables y conocidos<\/b> establecido en la ciencia del cannabis. <b>Usted<\/b> es reconocida por su <b>Efecto potente pero muy equilibrado<\/b> apreciado, que <b>Estimulaci\u00f3n mental clara<\/b> con un <b>relajaci\u00f3n f\u00edsica suave<\/b> conecta. <b>De hecho<\/b> AK-47 a menudo sirve como <b>Punto de referencia<\/b> para analizar los efectos de la gen\u00e9tica compleja y polih\u00edbrida. <b>Con un contenido de THC<\/b> que suele oscilar entre <b>13 % y 20 %<\/b> ofrece una <b>potencia controlable<\/b>, que es adecuado para una amplia gama de estudios. <b>Por lo tanto<\/b> esta variedad reconocida internacionalmente requiere un examen cient\u00edfico detallado de sus caracter\u00edsticas \u00fanicas.<\/p>\n<h2><b>Origen gen\u00e9tico complejo y estabilidad de la cr\u00eda<\/b><\/h2>\n<p>La base gen\u00e9tica del AK-47 es excepcionalmente compleja y tiene su origen en un <b>cruce cuidadoso<\/b> de cuatro variedades locales muy separadas geogr\u00e1ficamente. <b>Estos<\/b> llamada <b>Polih\u00edbridos<\/b> unidos:<\/p>\n<ol start=\"1\">\n<li><b>Sativa colombiana:<\/b> Proporciona informaci\u00f3n cerebral, a menudo <b>efectos euforizantes<\/b> y contribuye a la altura de la planta.<\/li>\n<li><b>Sativa mexicana:<\/b> Contribuye a <b>Claridad y concentraci\u00f3n<\/b> el efecto espiritual.<\/li>\n<li><b>Sativa tailandesa:<\/b> Conocido por su <b>efectos duraderos y energizantes<\/b>.<\/li>\n<li><b>Indica afgana:<\/b> Controla el <b>relajaci\u00f3n f\u00edsica<\/b> y el <b>Producci\u00f3n de resina<\/b> con.<\/li>\n<\/ol>\n<p><b>El resultado<\/b> de esta fusi\u00f3n a varios niveles es un <b>planta con sativa dominante extraordinariamente estable<\/b>. <b>Usted<\/b> muestra un <b><a href=\"\/product\/bc-premo-cured-hash-kaufen\/\">coherente<\/a> Patr\u00f3n de crecimiento<\/b> y un <b>Producci\u00f3n fiable de cannabinoides<\/b>. <b>Estos<\/b> La estabilidad, confirmada por numerosos premios internacionales, hace del AK-47 un <b>organismo modelo ideal<\/b> para la investigaci\u00f3n sobre la <b>efecto duradero<\/b> de cannabis.<\/p>\n<h2><b>Complejidad arom\u00e1tica y perfil de terpenos<\/b><\/h2>\n<p>AK-47 convence con un <b>sabor complejo<\/b>, que refleja el diverso origen gen\u00e9tico. <b>Aqu\u00ed<\/b> dominan las notas dulces, terrosas y ligeramente especiadas. <b>Estos<\/b> La profundidad sensorial es creada por un perfil de terpenos que es particularmente rico en los siguientes componentes:<\/p>\n<ul>\n<li><b>Mirceno:<\/b> <b>Este<\/b> El terpeno contribuye a <b>base terrosa<\/b> y al <b>matices dulces y afrutados<\/b> con. <b>Farmacol\u00f3gico<\/b> ser\u00e1 con el <b>relajaci\u00f3n f\u00edsica suave<\/b> que constituye la parte \u00edndica de la cepa.<\/li>\n<li><b>Cariofileno:<\/b> <b>En<\/b> proporciona la <b>acentos picantes y de pimienta<\/b>. <b>Cient\u00edfico<\/b> es por su capacidad para conectarse directamente a la <b>Receptores CB2<\/b> de inter\u00e9s en el futuro.<\/li>\n<li><b>Pineno:<\/b> <b>En<\/b> controla el <b>notas amaderadas y frescas<\/b> y a menudo se combina con un <b>Aumentar la atenci\u00f3n<\/b> y una reducci\u00f3n del deterioro de la memoria inducido por el THC.<\/li>\n<\/ul>\n<p><b>En resumen:<\/b> Este espectro de terpenos permite <b>Sabor intenso y con cuerpo<\/b>, lo que convierte al AK-47 en el favorito de los usuarios experimentados. <b>En<\/b> es la base del llamado <b>Efecto s\u00e9quito<\/b>, que modula y equilibra el efecto del THC.<\/p>\n<h2><b>Efecto farmacol\u00f3gico y potencial de aplicaci\u00f3n<\/b><\/h2>\n<p>La eficacia de los AK-47 es la principal raz\u00f3n de su perdurable popularidad. <b>Usted<\/b> se llama <b>Claridad, creatividad y buen humor<\/b> descrito.<\/p>\n<ul>\n<li><b>Estimulaci\u00f3n mental:<\/b> El contenido sativa proporciona un <b>Mayor motivaci\u00f3n y concentraci\u00f3n<\/b>. <b>Por lo tanto<\/b> la variedad es ideal para <b>Actividades creativas, m\u00fasica o experiencias en la naturaleza<\/b>.<\/li>\n<li><b>Equilibrio f\u00edsico:<\/b> <b>A pesar de<\/b> el fuerte efecto cerebral, el componente \u00edndica afgano evita que la estimulaci\u00f3n llegue a ser abrumadora. <b>\u00c9l<\/b> proporciona una <b>Relajaci\u00f3n f\u00edsica suave<\/b>, que alivia la tensi\u00f3n sin provocar una sedaci\u00f3n intensa.<\/li>\n<li><b>Importancia cl\u00ednica:<\/b> <b>En<\/b> Combinaci\u00f3n de <b>Alta concentraci\u00f3n y relajaci\u00f3n<\/b> fabrica AK-47 para investigar <b>Medicamentos diarios<\/b> o a la <b>Apoyo a la reducci\u00f3n del estr\u00e9s leve<\/b> interesante. <b>Este<\/b> es porque minimiza el riesgo de fatiga grave.<\/li>\n<\/ul>\n<p>Con un contenido de THC que se sit\u00faa en el <b>gama media a fuerte<\/b> (13-20 %), el AK-47 ofrece una <b>Efecto fiable y r\u00e1pido<\/b>. <b>Estos<\/b> El equilibrio duradero entre los efectos de cabeza y cuerpo es un sello distintivo de los h\u00edbridos estables con sativa dominante.<\/p>\n<h2><b>Garant\u00eda de calidad y cumplimiento de la legislaci\u00f3n<\/b><\/h2>\n<p><b>Para uso cient\u00edfico<\/b> y el <b>Cumplimiento de la normativa legal<\/b> Es esencial aplicar normas de calidad estrictas.<\/p>\n<ul>\n<li><b>Transparencia anal\u00edtica:<\/b> <b>An\u00e1lisis de laboratorio<\/b> (certificados de an\u00e1lisis, CoA) son obligatorios. <b>Estos<\/b> el <b>valores de THC comprobados<\/b> y la ausencia de contaminantes (pesticidas, metales pesados). <b>As\u00ed<\/b> se puede garantizar una eficacia estable.<\/li>\n<li><b>Situaci\u00f3n jur\u00eddica en Alemania:<\/b> Hay que subrayar inequ\u00edvocamente que <b>AK-47<\/b> debido a su contenido de THC en Alemania en virtud de la <b>Ley de estupefacientes (BtMG)<\/b> o el <b>Ley del Cannabis para los Consumidores (KCanG)<\/b> ca\u00eddas. <b>De ello se desprende<\/b>, que el <b>Adquisici\u00f3n, posesi\u00f3n o comercio ilegales<\/b> salvo prescripci\u00f3n m\u00e9dica o autorizaci\u00f3n oficial. <b>Por lo tanto<\/b> esta informaci\u00f3n detallada <b>fines puramente cient\u00edficos, bot\u00e1nicos e informativos<\/b>. <b>Usted<\/b> aplicar <b>ni consumo ni adquisici\u00f3n ilegal<\/b>.<\/li>\n<\/ul>","protected":false},"excerpt":{"rendered":"<p data-start=\"3115\" data-end=\"3244\">AK-47 - H\u00edbrido con sativa dominante (13-20 % THC) de sabor dulce y terroso. Creativa, energizante y equilibrada para el d\u00eda y la noche.<\/p>","protected":false},"featured_media":7360,"comment_status":"open","ping_status":"closed","template":"","meta":{"_joinchat":[]},"product_brand":[],"product_cat":[62],"product_tag":[],"class_list":{"0":"post-7335","1":"product","2":"type-product","3":"status-publish","4":"has-post-thumbnail","6":"product_cat-marijuana","8":"first","9":"instock","10":"shipping-taxable","11":"purchasable","12":"product-type-variable"},"yoast_head":"<!-- This site is optimized with the Yoast SEO plugin v27.5 - https:\/\/yoast.com\/product\/yoast-seo-wordpress\/ -->\n<title>AK-47 kaufen | 13\u201320% THC Sativa Hybrid<\/title>\n<meta name=\"description\" content=\"AK-47 online kaufen \u2013 Sativa-Hybrid mit 13\u201320 % THC. Klarer Kopf, kreative Energie und ausgewogene Entspannung. Diskret geliefert in Deutschland.\" \/>\n<meta name=\"robots\" content=\"index, follow, max-snippet:-1, max-image-preview:large, max-video-preview:-1\" \/>\n<link rel=\"canonical\" href=\"https:\/\/chemgramx.com\/es\/producto-1\/ak-47-cepa-hibrida-sativa-dominante-13-20thc\/\" \/>\n<meta property=\"og:locale\" content=\"es_ES\" \/>\n<meta property=\"og:type\" content=\"article\" \/>\n<meta property=\"og:title\" content=\"AK-47 kaufen | 13\u201320% THC Sativa Hybrid\" \/>\n<meta property=\"og:description\" content=\"AK-47 online kaufen \u2013 Sativa-Hybrid mit 13\u201320 % THC. Klarer Kopf, kreative Energie und ausgewogene Entspannung. Diskret geliefert in Deutschland.\" \/>\n<meta property=\"og:url\" content=\"https:\/\/chemgramx.com\/es\/producto-1\/ak-47-cepa-hibrida-sativa-dominante-13-20thc\/\" \/>\n<meta property=\"og:site_name\" content=\"Chemgramx\" \/>\n<meta property=\"article:modified_time\" content=\"2025-11-21T11:17:03+00:00\" \/>\n<meta property=\"og:image\" content=\"https:\/\/chemgramx.com\/wp-content\/uploads\/2025\/11\/ak-47-sativa-dominant-hybrid-strain-13-20-thc.jpg\" \/>\n\t<meta property=\"og:image:width\" content=\"800\" \/>\n\t<meta property=\"og:image:height\" content=\"800\" \/>\n\t<meta property=\"og:image:type\" content=\"image\/jpeg\" \/>\n<meta name=\"twitter:card\" content=\"summary_large_image\" \/>\n<meta name=\"twitter:label1\" content=\"Tiempo de lectura\" \/>\n\t<meta name=\"twitter:data1\" content=\"3 minutos\" \/>\n<script type=\"application\/ld+json\" class=\"yoast-schema-graph\">{\"@context\":\"https:\\\/\\\/schema.org\",\"@graph\":[{\"@type\":\"WebPage\",\"@id\":\"https:\\\/\\\/chemgramx.com\\\/product\\\/ak-47-sativa-dominant-hybrid-strain-13-20thc\\\/\",\"url\":\"https:\\\/\\\/chemgramx.com\\\/product\\\/ak-47-sativa-dominant-hybrid-strain-13-20thc\\\/\",\"name\":\"AK-47 kaufen | 13\u201320% THC Sativa Hybrid\",\"isPartOf\":{\"@id\":\"https:\\\/\\\/chemgramx.com\\\/#website\"},\"primaryImageOfPage\":{\"@id\":\"https:\\\/\\\/chemgramx.com\\\/product\\\/ak-47-sativa-dominant-hybrid-strain-13-20thc\\\/#primaryimage\"},\"image\":{\"@id\":\"https:\\\/\\\/chemgramx.com\\\/product\\\/ak-47-sativa-dominant-hybrid-strain-13-20thc\\\/#primaryimage\"},\"thumbnailUrl\":\"https:\\\/\\\/chemgramx.com\\\/wp-content\\\/uploads\\\/2025\\\/11\\\/ak-47-sativa-dominant-hybrid-strain-13-20-thc.jpg\",\"datePublished\":\"2025-11-21T11:15:13+00:00\",\"dateModified\":\"2025-11-21T11:17:03+00:00\",\"description\":\"AK-47 online kaufen \u2013 Sativa-Hybrid mit 13\u201320 % THC. Klarer Kopf, kreative Energie und ausgewogene Entspannung. Diskret geliefert in Deutschland.\",\"breadcrumb\":{\"@id\":\"https:\\\/\\\/chemgramx.com\\\/product\\\/ak-47-sativa-dominant-hybrid-strain-13-20thc\\\/#breadcrumb\"},\"inLanguage\":\"es\",\"potentialAction\":[{\"@type\":\"ReadAction\",\"target\":[\"https:\\\/\\\/chemgramx.com\\\/product\\\/ak-47-sativa-dominant-hybrid-strain-13-20thc\\\/\"]}]},{\"@type\":\"ImageObject\",\"inLanguage\":\"es\",\"@id\":\"https:\\\/\\\/chemgramx.com\\\/product\\\/ak-47-sativa-dominant-hybrid-strain-13-20thc\\\/#primaryimage\",\"url\":\"https:\\\/\\\/chemgramx.com\\\/wp-content\\\/uploads\\\/2025\\\/11\\\/ak-47-sativa-dominant-hybrid-strain-13-20-thc.jpg\",\"contentUrl\":\"https:\\\/\\\/chemgramx.com\\\/wp-content\\\/uploads\\\/2025\\\/11\\\/ak-47-sativa-dominant-hybrid-strain-13-20-thc.jpg\",\"width\":800,\"height\":800},{\"@type\":\"BreadcrumbList\",\"@id\":\"https:\\\/\\\/chemgramx.com\\\/product\\\/ak-47-sativa-dominant-hybrid-strain-13-20thc\\\/#breadcrumb\",\"itemListElement\":[{\"@type\":\"ListItem\",\"position\":1,\"name\":\"Home\",\"item\":\"https:\\\/\\\/chemgramx.com\\\/\"},{\"@type\":\"ListItem\",\"position\":2,\"name\":\"Shop\",\"item\":\"https:\\\/\\\/chemgramx.com\\\/shop\\\/\"},{\"@type\":\"ListItem\",\"position\":3,\"name\":\"AK-47 Sativa Dominant Hybrid Strain 13% &#8211; 20%THC\"}]},{\"@type\":\"WebSite\",\"@id\":\"https:\\\/\\\/chemgramx.com\\\/#website\",\"url\":\"https:\\\/\\\/chemgramx.com\\\/\",\"name\":\"Chemgramx\",\"description\":\"\",\"publisher\":{\"@id\":\"https:\\\/\\\/chemgramx.com\\\/#organization\"},\"potentialAction\":[{\"@type\":\"SearchAction\",\"target\":{\"@type\":\"EntryPoint\",\"urlTemplate\":\"https:\\\/\\\/chemgramx.com\\\/?s={search_term_string}\"},\"query-input\":{\"@type\":\"PropertyValueSpecification\",\"valueRequired\":true,\"valueName\":\"search_term_string\"}}],\"inLanguage\":\"es\"},{\"@type\":\"Organization\",\"@id\":\"https:\\\/\\\/chemgramx.com\\\/#organization\",\"name\":\"Chemgramx\",\"url\":\"https:\\\/\\\/chemgramx.com\\\/\",\"logo\":{\"@type\":\"ImageObject\",\"inLanguage\":\"es\",\"@id\":\"https:\\\/\\\/chemgramx.com\\\/#\\\/schema\\\/logo\\\/image\\\/\",\"url\":\"https:\\\/\\\/chemgramx.com\\\/wp-content\\\/uploads\\\/2024\\\/10\\\/final-logo.png\",\"contentUrl\":\"https:\\\/\\\/chemgramx.com\\\/wp-content\\\/uploads\\\/2024\\\/10\\\/final-logo.png\",\"width\":250,\"height\":48,\"caption\":\"Chemgramx\"},\"image\":{\"@id\":\"https:\\\/\\\/chemgramx.com\\\/#\\\/schema\\\/logo\\\/image\\\/\"}}]}<\/script>\n<!-- \/ Yoast SEO plugin. -->","yoast_head_json":{"title":"Comprar AK-47 | 13-20% H\u00edbrido THC Sativa","description":"Comprar AK-47 online - Hibrido Sativa con 13-20 % THC. Cabeza despejada, energ\u00eda creativa y relajaci\u00f3n equilibrada. Entrega discreta en Alemania.","robots":{"index":"index","follow":"follow","max-snippet":"max-snippet:-1","max-image-preview":"max-image-preview:large","max-video-preview":"max-video-preview:-1"},"canonical":"https:\/\/chemgramx.com\/es\/producto-1\/ak-47-cepa-hibrida-sativa-dominante-13-20thc\/","og_locale":"es_ES","og_type":"article","og_title":"AK-47 kaufen | 13\u201320% THC Sativa Hybrid","og_description":"AK-47 online kaufen \u2013 Sativa-Hybrid mit 13\u201320 % THC. Klarer Kopf, kreative Energie und ausgewogene Entspannung. Diskret geliefert in Deutschland.","og_url":"https:\/\/chemgramx.com\/es\/producto-1\/ak-47-cepa-hibrida-sativa-dominante-13-20thc\/","og_site_name":"Chemgramx","article_modified_time":"2025-11-21T11:17:03+00:00","og_image":[{"width":800,"height":800,"url":"https:\/\/chemgramx.com\/wp-content\/uploads\/2025\/11\/ak-47-sativa-dominant-hybrid-strain-13-20-thc.jpg","type":"image\/jpeg"}],"twitter_card":"summary_large_image","twitter_misc":{"Tiempo de lectura":"3 minutos"},"schema":{"@context":"https:\/\/schema.org","@graph":[{"@type":"WebPage","@id":"https:\/\/chemgramx.com\/product\/ak-47-sativa-dominant-hybrid-strain-13-20thc\/","url":"https:\/\/chemgramx.com\/product\/ak-47-sativa-dominant-hybrid-strain-13-20thc\/","name":"Comprar AK-47 | 13-20% H\u00edbrido THC Sativa","isPartOf":{"@id":"https:\/\/chemgramx.com\/#website"},"primaryImageOfPage":{"@id":"https:\/\/chemgramx.com\/product\/ak-47-sativa-dominant-hybrid-strain-13-20thc\/#primaryimage"},"image":{"@id":"https:\/\/chemgramx.com\/product\/ak-47-sativa-dominant-hybrid-strain-13-20thc\/#primaryimage"},"thumbnailUrl":"https:\/\/chemgramx.com\/wp-content\/uploads\/2025\/11\/ak-47-sativa-dominant-hybrid-strain-13-20-thc.jpg","datePublished":"2025-11-21T11:15:13+00:00","dateModified":"2025-11-21T11:17:03+00:00","description":"Comprar AK-47 online - Hibrido Sativa con 13-20 % THC. Cabeza despejada, energ\u00eda creativa y relajaci\u00f3n equilibrada. Entrega discreta en Alemania.","breadcrumb":{"@id":"https:\/\/chemgramx.com\/product\/ak-47-sativa-dominant-hybrid-strain-13-20thc\/#breadcrumb"},"inLanguage":"es","potentialAction":[{"@type":"ReadAction","target":["https:\/\/chemgramx.com\/product\/ak-47-sativa-dominant-hybrid-strain-13-20thc\/"]}]},{"@type":"ImageObject","inLanguage":"es","@id":"https:\/\/chemgramx.com\/product\/ak-47-sativa-dominant-hybrid-strain-13-20thc\/#primaryimage","url":"https:\/\/chemgramx.com\/wp-content\/uploads\/2025\/11\/ak-47-sativa-dominant-hybrid-strain-13-20-thc.jpg","contentUrl":"https:\/\/chemgramx.com\/wp-content\/uploads\/2025\/11\/ak-47-sativa-dominant-hybrid-strain-13-20-thc.jpg","width":800,"height":800},{"@type":"BreadcrumbList","@id":"https:\/\/chemgramx.com\/product\/ak-47-sativa-dominant-hybrid-strain-13-20thc\/#breadcrumb","itemListElement":[{"@type":"ListItem","position":1,"name":"Home","item":"https:\/\/chemgramx.com\/"},{"@type":"ListItem","position":2,"name":"Shop","item":"https:\/\/chemgramx.com\/shop\/"},{"@type":"ListItem","position":3,"name":"AK-47 Sativa Dominant Hybrid Strain 13% &#8211; 20%THC"}]},{"@type":"WebSite","@id":"https:\/\/chemgramx.com\/#website","url":"https:\/\/chemgramx.com\/","name":"Chemgramx","description":"","publisher":{"@id":"https:\/\/chemgramx.com\/#organization"},"potentialAction":[{"@type":"SearchAction","target":{"@type":"EntryPoint","urlTemplate":"https:\/\/chemgramx.com\/?s={search_term_string}"},"query-input":{"@type":"PropertyValueSpecification","valueRequired":true,"valueName":"search_term_string"}}],"inLanguage":"es"},{"@type":"Organization","@id":"https:\/\/chemgramx.com\/#organization","name":"Chemgramx","url":"https:\/\/chemgramx.com\/","logo":{"@type":"ImageObject","inLanguage":"es","@id":"https:\/\/chemgramx.com\/#\/schema\/logo\/image\/","url":"https:\/\/chemgramx.com\/wp-content\/uploads\/2024\/10\/final-logo.png","contentUrl":"https:\/\/chemgramx.com\/wp-content\/uploads\/2024\/10\/final-logo.png","width":250,"height":48,"caption":"Chemgramx"},"image":{"@id":"https:\/\/chemgramx.com\/#\/schema\/logo\/image\/"}}]}},"_links":{"self":[{"href":"https:\/\/chemgramx.com\/es\/wp-json\/wp\/v2\/product\/7335","targetHints":{"allow":["GET"]}}],"collection":[{"href":"https:\/\/chemgramx.com\/es\/wp-json\/wp\/v2\/product"}],"about":[{"href":"https:\/\/chemgramx.com\/es\/wp-json\/wp\/v2\/types\/product"}],"replies":[{"embeddable":true,"href":"https:\/\/chemgramx.com\/es\/wp-json\/wp\/v2\/comments?post=7335"}],"wp:featuredmedia":[{"embeddable":true,"href":"https:\/\/chemgramx.com\/es\/wp-json\/wp\/v2\/media\/7360"}],"wp:attachment":[{"href":"https:\/\/chemgramx.com\/es\/wp-json\/wp\/v2\/media?parent=7335"}],"wp:term":[{"taxonomy":"product_brand","embeddable":true,"href":"https:\/\/chemgramx.com\/es\/wp-json\/wp\/v2\/product_brand?post=7335"},{"taxonomy":"product_cat","embeddable":true,"href":"https:\/\/chemgramx.com\/es\/wp-json\/wp\/v2\/product_cat?post=7335"},{"taxonomy":"product_tag","embeddable":true,"href":"https:\/\/chemgramx.com\/es\/wp-json\/wp\/v2\/product_tag?post=7335"}],"curies":[{"name":"wp","href":"https:\/\/api.w.org\/{rel}","templated":true}]}}