{"id":7337,"date":"2025-11-21T11:15:13","date_gmt":"2025-11-21T11:15:13","guid":{"rendered":"https:\/\/chemgramx.com\/?post_type=product&#038;p=7337"},"modified":"2025-11-21T11:17:14","modified_gmt":"2025-11-21T11:17:14","slug":"puros-backwoods","status":"publish","type":"product","link":"https:\/\/chemgramx.com\/es\/product\/backwoods-cigars\/","title":{"rendered":"Puros Backwoods"},"content":{"rendered":"<p><b>Puros Backwoods<\/b> representan una categor\u00eda espec\u00edfica de <b>Puros de hoja natural<\/b>, que se caracterizan por su <b>Aspecto r\u00fastico<\/b> y el uso de <b>hojas de tabaco recogidas a mano<\/b> caracterizar. <b>Estos<\/b> Este tipo de tabaco est\u00e1 profundamente arraigado en la tradici\u00f3n estadounidense. <b>Usted<\/b> contrasta con los cigarrillos fabricados industrialmente. <b>Sin embargo<\/b> comparte la base <b>riesgos qu\u00edmicos y sanitarios<\/b> de todos los productos de combusti\u00f3n del tabaco. <b>En consecuencia<\/b> una consideraci\u00f3n objetiva de estos productos requiere un an\u00e1lisis de los m\u00e9todos de elaboraci\u00f3n, los aromas a\u00f1adidos y los peligros documentados del consumo de tabaco.<\/p>\n<h2><b>Tradici\u00f3n de producci\u00f3n y fundamentos bot\u00e1nicos<\/b><\/h2>\n<p>La producci\u00f3n de puros Backwoods se basa en una <b>tecnolog\u00eda de laminaci\u00f3n tradicional<\/b>. <b>Aqu\u00ed<\/b> el relleno del tabaco se coloca en un <b>Hoja natural<\/b> (portada). <b>Este<\/b> confiere al puro su sabor inconfundible, <b>textura r\u00fastica<\/b> y contribuye a la <a href=\"\/product\/1cp-lsd-l-tartrate-kaufen\/\"><b>sabor con cuerpo<\/b><\/a> con.<\/p>\n<ul>\n<li><b>Hoja de tabaco:<\/b> <b>En<\/b> Se basa en tabaco fermentado y secado (Nicotiana tabacum). <b>Este<\/b> contiene por naturaleza <b>Nicotina<\/b>. <b>Nicotina<\/b> es la principal, <b>alcaloide altamente adictivo<\/b>.<\/li>\n<li><b>Cubierta de hojas naturales:<\/b> <b>En cambio<\/b> a muchos cigarrillos o cigarritos hechos a m\u00e1quina, aqu\u00ed es donde un <b>hoja de tabaco aut\u00e9ntica<\/b> utilizado como revestimiento exterior. <b>Este<\/b> La portada influye en el <b>Propiedades de combusti\u00f3n<\/b> y el <b>Perfil de humo<\/b>.<\/li>\n<li><b>Procesando:<\/b> <b>En<\/b> La fermentaci\u00f3n tradicional del tabaco tiene por objeto reducir el contenido de az\u00facar y minimizar la <b>compuestos arom\u00e1ticos<\/b> desarrollar. <b>Este<\/b> proceso es decisivo para la caracterizaci\u00f3n de las notas de <b>Madera, tierra y especias<\/b>.<\/li>\n<\/ul>\n<h2><b>Perfil de sabor y composici\u00f3n qu\u00edmica del humo<\/b><\/h2>\n<p>Los puros Backwoods son famosos por su <b>Sabor intenso y ligeramente dulce<\/b> conocido. <b>Este<\/b> se produce por los ingredientes naturales del tabaco y los aromas potencialmente a\u00f1adidos.<\/p>\n<ul>\n<li><b>Componentes del sabor:<\/b> Lo descrito <a href=\"\/product\/afghani-dara-i-suf-hash-kaufen\/\"><b>Sabor dulz\u00f3n<\/b><\/a> puede proceder de residuos de az\u00facares naturales del tabaco o de az\u00facares a\u00f1adidos. <b>Sabores<\/b> que pretenden hacer el sabor m\u00e1s suave y atractivo. <b>Para ello<\/b> a menudo incluyen <b>\u00c9steres, aldeh\u00eddos y cetonas<\/b>.<\/li>\n<li><b>Ingredientes del humo:<\/b> <b>Independientemente de<\/b> del aspecto r\u00fastico, el proceso de combusti\u00f3n de un puro produce un humo complejo. <b>Este<\/b> contiene m\u00e1s de <b>4.000 compuestos qu\u00edmicos<\/b>. <b>En el proceso<\/b> son muchos <b>T\u00f3xico, mut\u00e1geno o cancer\u00edgeno<\/b>. <b>Componentes principales<\/b> incluyen:\n<ul>\n<li><b>Alquitr\u00e1n:<\/b> <b>Un<\/b> Mezcla de part\u00edculas s\u00f3lidas que se depositan en los pulmones.<\/li>\n<li><b>Mon\u00f3xido de carbono (CO):<\/b> <b>A<\/b> gas t\u00f3xico que reduce la capacidad de la sangre para transportar ox\u00edgeno.<\/li>\n<li><b>Nitrosaminas:<\/b> <b>Estos<\/b> son altamente cancer\u00edgenos y se producen durante la fermentaci\u00f3n y combusti\u00f3n del tabaco.<\/li>\n<\/ul>\n<\/li>\n<\/ul>\n<p><b>As\u00ed<\/b> el perfil de humo con cuerpo y armonioso <b>qu\u00edmicamente por una variedad de sustancias peligrosas<\/b> acompa\u00f1ado.<\/p>\n<h2><b>Farmacolog\u00eda y potencial adictivo<\/b><\/h2>\n<p>El consumo de productos del tabaco, incluidos los puros, se ve alimentado por la <b>Nicotina<\/b> conducido.<\/p>\n<ul>\n<li><b>Efecto de la nicotina:<\/b> <b>Nicotina<\/b> es un <b>sustancia altamente adictiva<\/b>. <b>Usted<\/b> act\u00faa como agonista en los receptores nicot\u00ednicos de acetilcolina del sistema nervioso central. <b>Este<\/b> provoca la liberaci\u00f3n de neurotransmisores como <b>Dopamina<\/b>. <b>Dopamina<\/b> es una parte importante del <b>Sistema de recompensas<\/b>. <b>Este<\/b> desencadena sentimientos a corto plazo de <b>Bienestar y relajaci\u00f3n<\/b> que fomenta el comportamiento adictivo.<\/li>\n<li><b>Resorci\u00f3n:<\/b> <b>Para puros<\/b> La ingesta de nicotina se produce principalmente a trav\u00e9s de la <b>Mucosa oral<\/b>. <b>Este<\/b> se debe a que el humo de los puros es menos \u00e1cido debido a su mayor valor de pH y a que la nicotina est\u00e1 presente en forma no ionizada. <b>Aunque<\/b> el humo no suele inhalarse, la cantidad de nicotina absorbida a trav\u00e9s de la mucosa oral puede ser importante y contribuir a mantener la dependencia.<\/li>\n<\/ul>\n<h2><b>Riesgos sanitarios y cumplimiento de la normativa<\/b><\/h2>\n<p><b>El consumo de puros Backwoods o de otros productos del tabaco entra\u00f1a riesgos considerables para la salud.<\/b><\/p>\n<ul>\n<li><b>Riesgo de c\u00e1ncer:<\/b> <b>En<\/b> La exposici\u00f3n a las nitrosaminas cancer\u00edgenas y a los hidrocarburos arom\u00e1ticos polic\u00edclicos del humo de los cigarros aumenta el riesgo de padecer diversos tipos de c\u00e1ncer. <b>Adem\u00e1s<\/b> incluyen el c\u00e1ncer de pulm\u00f3n, cavidad oral, laringe, es\u00f3fago y p\u00e1ncreas.<\/li>\n<li><b>Riesgos cardiovasculares:<\/b> <b>Nicotina<\/b> aumenta el ritmo card\u00edaco y la presi\u00f3n arterial. <b>Adem\u00e1s<\/b> El mon\u00f3xido de carbono puede da\u00f1ar las arterias. <b>Este<\/b> aumenta el riesgo de cardiopat\u00edas y accidentes cerebrovasculares.<\/li>\n<li><b>Cumplimiento de la normativa:<\/b> <b>Todos<\/b> Los productos del tabaco vendidos en Alemania y la UE est\u00e1n sujetos a normas estrictas. <b>Para ello<\/b> contar el <b>Directiva comunitaria sobre productos del tabaco<\/b> y el <b>Ley sobre productos del tabaco (TabakerzG)<\/b>. <b>Estos<\/b> escriba a <b>Advertencias<\/b> regular la venta a menores y fijar l\u00edmites para determinadas emisiones. <b>Independientemente de<\/b> la presentaci\u00f3n tradicional o r\u00fastica de un producto, \u00e9stos se aplican <b>advertencias sanitarias obligatorias sin excepci\u00f3n<\/b>.<\/li>\n<\/ul>","protected":false},"excerpt":{"rendered":"<p data-start=\"2458\" data-end=\"2587\">Puros Backwoods - liados a mano, con cuerpo y r\u00fasticos. Puros de hoja natural para un placer intenso de fumar y momentos relajados.<\/p>","protected":false},"featured_media":7374,"comment_status":"open","ping_status":"closed","template":"","meta":{"_joinchat":[]},"product_brand":[],"product_cat":[62],"product_tag":[],"class_list":{"0":"post-7337","1":"product","2":"type-product","3":"status-publish","4":"has-post-thumbnail","6":"product_cat-marijuana","8":"first","9":"instock","10":"shipping-taxable","11":"purchasable","12":"product-type-variable"},"yoast_head":"<!-- This site is optimized with the Yoast SEO plugin v27.5 - https:\/\/yoast.com\/product\/yoast-seo-wordpress\/ -->\n<title>Backwoods Cigars online kaufen | Rustikal &amp; vollmundig<\/title>\n<meta name=\"description\" content=\"Backwoods Cigars kaufen \u2013 handgerollt, naturbelassen und vollmundig. Genie\u00dfen Sie rustikalen Rauchgenuss bequem online.\" \/>\n<meta name=\"robots\" content=\"index, follow, max-snippet:-1, max-image-preview:large, max-video-preview:-1\" \/>\n<link rel=\"canonical\" href=\"https:\/\/chemgramx.com\/es\/producto-1\/puros-backwoods\/\" \/>\n<meta property=\"og:locale\" content=\"es_ES\" \/>\n<meta property=\"og:type\" content=\"article\" \/>\n<meta property=\"og:title\" content=\"Backwoods Cigars online kaufen | Rustikal &amp; vollmundig\" \/>\n<meta property=\"og:description\" content=\"Backwoods Cigars kaufen \u2013 handgerollt, naturbelassen und vollmundig. Genie\u00dfen Sie rustikalen Rauchgenuss bequem online.\" \/>\n<meta property=\"og:url\" content=\"https:\/\/chemgramx.com\/es\/producto-1\/puros-backwoods\/\" \/>\n<meta property=\"og:site_name\" content=\"Chemgramx\" \/>\n<meta property=\"article:modified_time\" content=\"2025-11-21T11:17:14+00:00\" \/>\n<meta property=\"og:image\" content=\"https:\/\/chemgramx.com\/wp-content\/uploads\/2025\/11\/backwoods-cigars.jpeg\" \/>\n\t<meta property=\"og:image:width\" content=\"1080\" \/>\n\t<meta property=\"og:image:height\" content=\"1080\" \/>\n\t<meta property=\"og:image:type\" content=\"image\/jpeg\" \/>\n<meta name=\"twitter:card\" content=\"summary_large_image\" \/>\n<meta name=\"twitter:label1\" content=\"Tiempo de lectura\" \/>\n\t<meta name=\"twitter:data1\" content=\"3 minutos\" \/>\n<script type=\"application\/ld+json\" class=\"yoast-schema-graph\">{\"@context\":\"https:\\\/\\\/schema.org\",\"@graph\":[{\"@type\":\"WebPage\",\"@id\":\"https:\\\/\\\/chemgramx.com\\\/product\\\/backwoods-cigars\\\/\",\"url\":\"https:\\\/\\\/chemgramx.com\\\/product\\\/backwoods-cigars\\\/\",\"name\":\"Backwoods Cigars online kaufen | Rustikal &amp; vollmundig\",\"isPartOf\":{\"@id\":\"https:\\\/\\\/chemgramx.com\\\/#website\"},\"primaryImageOfPage\":{\"@id\":\"https:\\\/\\\/chemgramx.com\\\/product\\\/backwoods-cigars\\\/#primaryimage\"},\"image\":{\"@id\":\"https:\\\/\\\/chemgramx.com\\\/product\\\/backwoods-cigars\\\/#primaryimage\"},\"thumbnailUrl\":\"https:\\\/\\\/chemgramx.com\\\/wp-content\\\/uploads\\\/2025\\\/11\\\/backwoods-cigars.jpeg\",\"datePublished\":\"2025-11-21T11:15:13+00:00\",\"dateModified\":\"2025-11-21T11:17:14+00:00\",\"description\":\"Backwoods Cigars kaufen \u2013 handgerollt, naturbelassen und vollmundig. Genie\u00dfen Sie rustikalen Rauchgenuss bequem online.\",\"breadcrumb\":{\"@id\":\"https:\\\/\\\/chemgramx.com\\\/product\\\/backwoods-cigars\\\/#breadcrumb\"},\"inLanguage\":\"es\",\"potentialAction\":[{\"@type\":\"ReadAction\",\"target\":[\"https:\\\/\\\/chemgramx.com\\\/product\\\/backwoods-cigars\\\/\"]}]},{\"@type\":\"ImageObject\",\"inLanguage\":\"es\",\"@id\":\"https:\\\/\\\/chemgramx.com\\\/product\\\/backwoods-cigars\\\/#primaryimage\",\"url\":\"https:\\\/\\\/chemgramx.com\\\/wp-content\\\/uploads\\\/2025\\\/11\\\/backwoods-cigars.jpeg\",\"contentUrl\":\"https:\\\/\\\/chemgramx.com\\\/wp-content\\\/uploads\\\/2025\\\/11\\\/backwoods-cigars.jpeg\",\"width\":1080,\"height\":1080},{\"@type\":\"BreadcrumbList\",\"@id\":\"https:\\\/\\\/chemgramx.com\\\/product\\\/backwoods-cigars\\\/#breadcrumb\",\"itemListElement\":[{\"@type\":\"ListItem\",\"position\":1,\"name\":\"Home\",\"item\":\"https:\\\/\\\/chemgramx.com\\\/\"},{\"@type\":\"ListItem\",\"position\":2,\"name\":\"Shop\",\"item\":\"https:\\\/\\\/chemgramx.com\\\/shop\\\/\"},{\"@type\":\"ListItem\",\"position\":3,\"name\":\"Backwoods Cigars\"}]},{\"@type\":\"WebSite\",\"@id\":\"https:\\\/\\\/chemgramx.com\\\/#website\",\"url\":\"https:\\\/\\\/chemgramx.com\\\/\",\"name\":\"Chemgramx\",\"description\":\"\",\"publisher\":{\"@id\":\"https:\\\/\\\/chemgramx.com\\\/#organization\"},\"potentialAction\":[{\"@type\":\"SearchAction\",\"target\":{\"@type\":\"EntryPoint\",\"urlTemplate\":\"https:\\\/\\\/chemgramx.com\\\/?s={search_term_string}\"},\"query-input\":{\"@type\":\"PropertyValueSpecification\",\"valueRequired\":true,\"valueName\":\"search_term_string\"}}],\"inLanguage\":\"es\"},{\"@type\":\"Organization\",\"@id\":\"https:\\\/\\\/chemgramx.com\\\/#organization\",\"name\":\"Chemgramx\",\"url\":\"https:\\\/\\\/chemgramx.com\\\/\",\"logo\":{\"@type\":\"ImageObject\",\"inLanguage\":\"es\",\"@id\":\"https:\\\/\\\/chemgramx.com\\\/#\\\/schema\\\/logo\\\/image\\\/\",\"url\":\"https:\\\/\\\/chemgramx.com\\\/wp-content\\\/uploads\\\/2024\\\/10\\\/final-logo.png\",\"contentUrl\":\"https:\\\/\\\/chemgramx.com\\\/wp-content\\\/uploads\\\/2024\\\/10\\\/final-logo.png\",\"width\":250,\"height\":48,\"caption\":\"Chemgramx\"},\"image\":{\"@id\":\"https:\\\/\\\/chemgramx.com\\\/#\\\/schema\\\/logo\\\/image\\\/\"}}]}<\/script>\n<!-- \/ Yoast SEO plugin. -->","yoast_head_json":{"title":"Comprar puros Backwoods online | R\u00fasticos y con cuerpo","description":"Comprar puros Backwoods - liados a mano, naturales y con cuerpo. Disfrute del placer de fumar r\u00fastico c\u00f3modamente en l\u00ednea.","robots":{"index":"index","follow":"follow","max-snippet":"max-snippet:-1","max-image-preview":"max-image-preview:large","max-video-preview":"max-video-preview:-1"},"canonical":"https:\/\/chemgramx.com\/es\/producto-1\/puros-backwoods\/","og_locale":"es_ES","og_type":"article","og_title":"Backwoods Cigars online kaufen | Rustikal &amp; vollmundig","og_description":"Backwoods Cigars kaufen \u2013 handgerollt, naturbelassen und vollmundig. Genie\u00dfen Sie rustikalen Rauchgenuss bequem online.","og_url":"https:\/\/chemgramx.com\/es\/producto-1\/puros-backwoods\/","og_site_name":"Chemgramx","article_modified_time":"2025-11-21T11:17:14+00:00","og_image":[{"width":1080,"height":1080,"url":"https:\/\/chemgramx.com\/wp-content\/uploads\/2025\/11\/backwoods-cigars.jpeg","type":"image\/jpeg"}],"twitter_card":"summary_large_image","twitter_misc":{"Tiempo de lectura":"3 minutos"},"schema":{"@context":"https:\/\/schema.org","@graph":[{"@type":"WebPage","@id":"https:\/\/chemgramx.com\/product\/backwoods-cigars\/","url":"https:\/\/chemgramx.com\/product\/backwoods-cigars\/","name":"Comprar puros Backwoods online | R\u00fasticos y con cuerpo","isPartOf":{"@id":"https:\/\/chemgramx.com\/#website"},"primaryImageOfPage":{"@id":"https:\/\/chemgramx.com\/product\/backwoods-cigars\/#primaryimage"},"image":{"@id":"https:\/\/chemgramx.com\/product\/backwoods-cigars\/#primaryimage"},"thumbnailUrl":"https:\/\/chemgramx.com\/wp-content\/uploads\/2025\/11\/backwoods-cigars.jpeg","datePublished":"2025-11-21T11:15:13+00:00","dateModified":"2025-11-21T11:17:14+00:00","description":"Comprar puros Backwoods - liados a mano, naturales y con cuerpo. Disfrute del placer de fumar r\u00fastico c\u00f3modamente en l\u00ednea.","breadcrumb":{"@id":"https:\/\/chemgramx.com\/product\/backwoods-cigars\/#breadcrumb"},"inLanguage":"es","potentialAction":[{"@type":"ReadAction","target":["https:\/\/chemgramx.com\/product\/backwoods-cigars\/"]}]},{"@type":"ImageObject","inLanguage":"es","@id":"https:\/\/chemgramx.com\/product\/backwoods-cigars\/#primaryimage","url":"https:\/\/chemgramx.com\/wp-content\/uploads\/2025\/11\/backwoods-cigars.jpeg","contentUrl":"https:\/\/chemgramx.com\/wp-content\/uploads\/2025\/11\/backwoods-cigars.jpeg","width":1080,"height":1080},{"@type":"BreadcrumbList","@id":"https:\/\/chemgramx.com\/product\/backwoods-cigars\/#breadcrumb","itemListElement":[{"@type":"ListItem","position":1,"name":"Home","item":"https:\/\/chemgramx.com\/"},{"@type":"ListItem","position":2,"name":"Shop","item":"https:\/\/chemgramx.com\/shop\/"},{"@type":"ListItem","position":3,"name":"Backwoods Cigars"}]},{"@type":"WebSite","@id":"https:\/\/chemgramx.com\/#website","url":"https:\/\/chemgramx.com\/","name":"Chemgramx","description":"","publisher":{"@id":"https:\/\/chemgramx.com\/#organization"},"potentialAction":[{"@type":"SearchAction","target":{"@type":"EntryPoint","urlTemplate":"https:\/\/chemgramx.com\/?s={search_term_string}"},"query-input":{"@type":"PropertyValueSpecification","valueRequired":true,"valueName":"search_term_string"}}],"inLanguage":"es"},{"@type":"Organization","@id":"https:\/\/chemgramx.com\/#organization","name":"Chemgramx","url":"https:\/\/chemgramx.com\/","logo":{"@type":"ImageObject","inLanguage":"es","@id":"https:\/\/chemgramx.com\/#\/schema\/logo\/image\/","url":"https:\/\/chemgramx.com\/wp-content\/uploads\/2024\/10\/final-logo.png","contentUrl":"https:\/\/chemgramx.com\/wp-content\/uploads\/2024\/10\/final-logo.png","width":250,"height":48,"caption":"Chemgramx"},"image":{"@id":"https:\/\/chemgramx.com\/#\/schema\/logo\/image\/"}}]}},"_links":{"self":[{"href":"https:\/\/chemgramx.com\/es\/wp-json\/wp\/v2\/product\/7337","targetHints":{"allow":["GET"]}}],"collection":[{"href":"https:\/\/chemgramx.com\/es\/wp-json\/wp\/v2\/product"}],"about":[{"href":"https:\/\/chemgramx.com\/es\/wp-json\/wp\/v2\/types\/product"}],"replies":[{"embeddable":true,"href":"https:\/\/chemgramx.com\/es\/wp-json\/wp\/v2\/comments?post=7337"}],"wp:featuredmedia":[{"embeddable":true,"href":"https:\/\/chemgramx.com\/es\/wp-json\/wp\/v2\/media\/7374"}],"wp:attachment":[{"href":"https:\/\/chemgramx.com\/es\/wp-json\/wp\/v2\/media?parent=7337"}],"wp:term":[{"taxonomy":"product_brand","embeddable":true,"href":"https:\/\/chemgramx.com\/es\/wp-json\/wp\/v2\/product_brand?post=7337"},{"taxonomy":"product_cat","embeddable":true,"href":"https:\/\/chemgramx.com\/es\/wp-json\/wp\/v2\/product_cat?post=7337"},{"taxonomy":"product_tag","embeddable":true,"href":"https:\/\/chemgramx.com\/es\/wp-json\/wp\/v2\/product_tag?post=7337"}],"curies":[{"name":"wp","href":"https:\/\/api.w.org\/{rel}","templated":true}]}}