{"id":7338,"date":"2025-11-21T11:15:14","date_gmt":"2025-11-21T11:15:14","guid":{"rendered":"https:\/\/chemgramx.com\/?post_type=product&#038;p=7338"},"modified":"2025-12-10T07:05:58","modified_gmt":"2025-12-10T07:05:58","slug":"hibrido-con-predominancia-indica-y-queso-azul-20-thc","status":"publish","type":"product","link":"https:\/\/chemgramx.com\/es\/product\/blue-cheese-indica-dominant-hybrid-20-thc\/","title":{"rendered":"Blue Cheese: relajaci\u00f3n profunda (a la venta | alta calidad)"},"content":{"rendered":"<p>La variedad <b>Queso azul<\/b> Se considera excepcional. <b>H\u00edbrido con predominancia Indica<\/b> y se encuentra en la moderna <b>Investigaci\u00f3n sobre el cannabis<\/b> y la cultura debido a su extraordinaria combinaci\u00f3n de aromas y su profundo efecto relajante. De hecho, representa un objeto de estudio fascinante para el an\u00e1lisis cient\u00edfico de perfiles complejos de cannabinoides y terpenos. Con un promedio de <b>Contenido de THC de aproximadamente 20 %<\/b> ofrece una potencia potente, pero armoniosamente equilibrada. Esto provoca una <b>Relajaci\u00f3n f\u00edsica profunda<\/b> con <b>suave euforia y equilibrio mental<\/b>.<\/p>\n<p>Para investigadores y analistas que necesitan un producto de m\u00e1xima pureza y calidad documentada, <b>Queso azul a la venta<\/b> como <b>La calidad de la investigaci\u00f3n a la venta<\/b> disponible. Adem\u00e1s, es un material de primera clase para investigar exhaustivamente la interacci\u00f3n entre la gen\u00e9tica Indica y Skunk, as\u00ed como sus efectos en el perfil de terpenos, los mecanismos de acci\u00f3n y las propiedades farmacol\u00f3gicas. Por lo tanto, puede <b>Queso azul de alta calidad<\/b> en Chemgramx para sus proyectos m\u00e1s exigentes.<\/p>\n<h2>Origen gen\u00e9tico: UK Cheese \u00d7 Blueberry<\/h2>\n<p>La base gen\u00e9tica de Blue Cheese es un ejemplo paradigm\u00e1tico de hibridaci\u00f3n selectiva. Combina <b>Perfiles arom\u00e1ticos contrastantes pero complementarios.<\/b> una planta estable y robusta. Esto crea una combinaci\u00f3n \u00fanica de propiedades sensoriales y farmacol\u00f3gicas que convierten a esta variedad en un objeto de investigaci\u00f3n muy codiciado. Adem\u00e1s, esta ascendencia ofrece una base excelente para el estudio de la estabilidad gen\u00e9tica en los h\u00edbridos de cannabis.<\/p>\n<h3>UK Cheese (derivado de Skunk)<\/h3>\n<p>Esta variedad brit\u00e1nica de culto, un fenotipo de <i>Skunk #1<\/i>, aporta las caracter\u00edsticas <b>Notas especiadas y a queso (\u201echeesy\u201c)<\/b> . Es conocida por su <b>Efecto estimulante y ligeramente euf\u00f3rico.<\/b>, que, sin embargo, siempre est\u00e1 acompa\u00f1ada de una <b>profunda relajaci\u00f3n f\u00edsica<\/b> . Por lo tanto, UK Cheese contribuye de manera significativa al complejo efecto del Blue Cheese. Adem\u00e1s, proporciona la base para el aroma inconfundible que muchos usuarios aprecian.<\/p>\n<h3>Blueberry (predominancia Indica)<\/h3>\n<p>El cl\u00e1sico de <i>DJ Short<\/i> lleva la <b>Aromas dulces a ar\u00e1ndanos negros.<\/b> . Su gen\u00e9tica garantiza <b>Flores compactas, fuerte producci\u00f3n de resina.<\/b> y un <b>Efecto sedante y relajante muscular potente.<\/b>. En este caso, la Blueberry complementa a la perfecci\u00f3n las notas m\u00e1s picantes de la UK Cheese y redondea el perfil general. Asimismo, le confiere al h\u00edbrido el marcado predominio \u00edndica, responsable de sus profundos efectos f\u00edsicos.<\/p>\n<p>El resultado de este cruce es un <b>H\u00edbrido con predominancia Indica (\u2248 80 % Indica \/ 20 % Sativa)<\/b>. La planta forma <b>flores densas y ricas en resina<\/b> con un perfil arom\u00e1tico caracter\u00edstico y se utiliza en estudios farmacol\u00f3gicos especialmente por sus <b>Efecto dual equilibrado<\/b> (relajaci\u00f3n sin anestesia inmediata). Por lo tanto, es <b>aut\u00e9ntico queso azul<\/b> un producto que cumple con los m\u00e1s altos est\u00e1ndares tanto en t\u00e9rminos de gen\u00e9tica como de efectos. Adem\u00e1s, esto subraya su idoneidad como <b>Calidad de laboratorio a la venta<\/b>.<\/p>\n<h2>Perfil de terpenos y aromas: la bioqu\u00edmica del contraste<\/h2>\n<p>El perfil sensorial del Blue Cheese es uno de los m\u00e1s complejos de su tipo. Combina <b>queso curado<\/b> con <b>Notas dulces de ar\u00e1ndanos<\/b> una experiencia olfativa \u00fanica tanto desde el punto de vista qu\u00edmico como cultural. La composici\u00f3n bioqu\u00edmica de este perfil es objeto de intensa investigaci\u00f3n, ya que contribuye de manera significativa al efecto general. Por lo tanto, es de gran inter\u00e9s para los cient\u00edficos que estudian los perfiles de terpenos y aromas del cannabis.<\/p>\n<h3>Los componentes arom\u00e1ticos caracter\u00edsticos<\/h3>\n<p>En <b>Aroma a queso<\/b> se muestra en <b>compuestos org\u00e1nicos vol\u00e1tiles de azufre (VSC)<\/b> as\u00ed como determinados <b>\u00c9steres y \u00e1cidos grasos<\/b> , en particular los \u00e9steres de \u00e1cido but\u00edrico, que le confieren su caracter\u00edstico aroma picante y especiado. Esta es una caracter\u00edstica especial que distingue a la Blue Cheese de muchas otras variedades. Adem\u00e1s, el limeno y el pineno aportan los matices afrutados y frescos de la gen\u00e9tica Blueberry, lo que suaviza elegantemente el componente \u00e1cido del queso.<\/p>\n<h3>El d\u00fao dominante de terpenos: mirceno y cariofileno<\/h3>\n<p>En <b>El d\u00fao de terpenos mirceno y cariofileno<\/b> constituye la base arom\u00e1tica y es decisiva para la experiencia integral. <b>Mirceno<\/b> Aporta notas terrosas y almizcladas y se combina con la <b>efecto sedante<\/b> asociado (efecto s\u00e9quito). Adem\u00e1s, es uno de los terpenos m\u00e1s comunes en las variedades de cannabis. <b>Cariofileno<\/b> Aporta un sabor picante y tiene propiedades farmacol\u00f3gicas interesantes, ya que <b>directamente a los receptores CB\u2082<\/b> del sistema endocannabinoide. Por ejemplo, esto contribuye al potencial efecto antiinflamatorio. Si usted <b>Pedir Blue Cheese online<\/b>, obtendr\u00e1 un producto con este perfil de terpenos tan variado.<\/p>\n<p>Finalmente, el limeno y el pineno, en combinaci\u00f3n con los dem\u00e1s componentes, producen un <b>Sabor redondo y arom\u00e1ticamente complejo.<\/b>. Esto crea una experiencia sensorial \u00fanica que muchos usuarios encuentran extremadamente agradable. Para aquellos que <b>El mejor queso azul disponible<\/b> buscar, este perfil de terpenos ofrece un claro valor a\u00f1adido para los an\u00e1lisis sensoriales.<\/p>\n<h2>Efecto farmacol\u00f3gico y perfil de indicaciones<\/h2>\n<p>Con un <b>Contenido de THC de alrededor del 20 %<\/b> Blue Cheese es uno de los <b>h\u00edbridos potentes<\/b> con <b>Relajaci\u00f3n profunda y duradera<\/b> y, sin embargo, <b>Efecto mental clarificador<\/b>. Este equilibrio \u00fanico lo convierte en un valioso objeto de estudio para la investigaci\u00f3n del efecto s\u00e9quito. Por lo tanto, esta variedad es ideal para investigar las sinergias entre los cannabinoides y los terpenos. De hecho, el efecto es una sinergia compleja de <b>Cannabinoides y terpenos<\/b>.<\/p>\n<h3>Efectos f\u00edsicos (componente \u00edndica)<\/h3>\n<p>Blue Cheese proporciona una profunda relajaci\u00f3n muscular, alivia la tensi\u00f3n y reduce el estr\u00e9s de forma generalizada. El mirceno contribuye de manera decisiva a <b>efecto sedante<\/b> al interactuar sin\u00e9rgicamente con el THC. Adem\u00e1s, el marcado predominio de Indica puede ser muy \u00fatil en el an\u00e1lisis del alivio del dolor y el potencial relajante muscular. Por lo tanto, es un excelente modelo para estudios farmacol\u00f3gicos.<\/p>\n<h3>Efectos mentales (componente sativa)<\/h3>\n<p>Aunque es principalmente \u00edndica, Blue Cheese proporciona una ligera euforia, tranquilidad mental y mejora del estado de \u00e1nimo, sin la pesadez cognitiva t\u00edpica de algunas \u00edndicas. Esto se debe a los componentes sativa de su gen\u00e9tica. Por lo tanto, es muy apreciada por los investigadores que buscan compuestos que puedan tener un efecto relajante y estimulante a la vez. El <b>Queso azul de primera calidad<\/b>, que usted <b>Comprar en Chemgramx<\/b> le permite realizar estudios precisos de estos efectos duales.<\/p>\n<p>Debido a estas caracter\u00edsticas, el Blue Cheese se utiliza en la <b>investigaci\u00f3n m\u00e9dica<\/b> especialmente para <b>Aplicaciones nocturnas y para dormir<\/b> investigado. Esto incluye estudios en <b>ligeros trastornos del sue\u00f1o<\/b>, <b>S\u00edntomas de estr\u00e9s<\/b> y <b>tensi\u00f3n cr\u00f3nica<\/b>. En consecuencia, los vers\u00e1tiles mecanismos de acci\u00f3n de la Blue Cheese ofrecen numerosos puntos de partida para futuros proyectos cient\u00edficos. Por lo tanto, es un recurso ideal para la investigaci\u00f3n m\u00e9dica especializada en cannabis.<\/p>\n<h2>Normas de calidad y avisos legales<\/h2>\n<p>La alta potencia de 20 % THC requiere <b>estricto control de calidad<\/b> y <b>Cumplimiento normativo completo<\/b>, especialmente en el \u00e1mbito jur\u00eddico alem\u00e1n. Esto garantiza no solo la seguridad, sino tambi\u00e9n la fiabilidad de los resultados de la investigaci\u00f3n. Por lo tanto, el cumplimiento de estas normas es imprescindible para todos los \u00e1mbitos de aplicaci\u00f3n, especialmente si usted <b>Queso azul a la venta<\/b> desean adquirir.<\/p>\n<h3>Garant\u00eda de calidad con fines de investigaci\u00f3n<\/h3>\n<p>Para <b>fines cient\u00edficos y m\u00e9dicos<\/b> son <b>An\u00e1lisis de laboratorio (certificados CoA)<\/b> obligatorio. Estos deben cumplir con los <b>contenido de THC declarado<\/b> y el <b>Ausencia de contaminantes<\/b> (por ejemplo, pesticidas, moho, metales pesados). De este modo se garantiza la integridad de los materiales de investigaci\u00f3n. Encontrar\u00e1 m\u00e1s informaci\u00f3n sobre nuestros controles de calidad, por ejemplo, en nuestros productos, como <a href=\"https:\/\/chemgramx.com\/product\/valoron-liquid-e-liquid-online-bestellung\/\">E-l\u00edquido Valoron Liquid<\/a> o <a href=\"https:\/\/chemgramx.com\/product\/md-pihp-online-kaufen\/\">MD-PHP en l\u00ednea<\/a>, que tambi\u00e9n est\u00e1n sujetos a normas estrictas. Por lo tanto, siempre ofrecemos <b>Alta pureza a la venta<\/b> a.<\/p>\n<h3>Fabricaci\u00f3n seg\u00fan las normas GMP<\/h3>\n<p>La fabricaci\u00f3n y el procesamiento con fines de investigaci\u00f3n deben realizarse de acuerdo con <b>Normas GMP (Buenas Pr\u00e1cticas de Fabricaci\u00f3n)<\/b> para garantizar la pureza y la consistencia. Este es un requisito b\u00e1sico para obtener resultados de investigaci\u00f3n reproducibles y v\u00e1lidos. Por lo tanto, garantizamos que el <b>Queso azul<\/b>, que adquiere en nuestra empresa cumple con los m\u00e1s altos est\u00e1ndares de laboratorio y, por lo tanto, la denominaci\u00f3n <b>Calidad de laboratorio a la venta<\/b> merecido.<\/p>\n<h3>Marco jur\u00eddico en Alemania<\/h3>\n<p>De acuerdo con <b>Ley de estupefacientes (BtMG)<\/b> y <b>Ley del Cannabis para los Consumidores (KCanG)<\/b> El cannabis con un contenido de THC superior al 20 % est\u00e1 sujeto a restricciones en Alemania. <b>restricciones legales estrictas<\/b>. La adquisici\u00f3n, posesi\u00f3n o comercio sin receta m\u00e9dica o autorizaci\u00f3n oficial est\u00e1 <b>ilegal<\/b>. Adem\u00e1s, esta situaci\u00f3n jur\u00eddica garantiza que el manejo de tales sustancias se realice de forma controlada. Sin embargo, esta informaci\u00f3n sirve <b>exclusivamente con fines cient\u00edficos, bot\u00e1nicos e informativos<\/b>. Usted presenta <b>No se incita al consumo ni a la adquisici\u00f3n.<\/b> . El cumplimiento de todas las disposiciones legales vigentes es <b>obligatorio<\/b>. A <b>adquisici\u00f3n segura<\/b> dentro del marco de las disposiciones legales es nuestra prioridad.<\/p>","protected":false},"excerpt":{"rendered":"<p data-start=\"2801\" data-end=\"2933\">Blue Cheese: h\u00edbrido con predominancia Indica y un 20 % de THC. Aroma cremoso y especiado, efecto relajante y calidad superior para sibaritas.<\/p>","protected":false},"featured_media":7375,"comment_status":"open","ping_status":"closed","template":"","meta":{"_joinchat":[]},"product_brand":[],"product_cat":[62],"product_tag":[],"class_list":{"0":"post-7338","1":"product","2":"type-product","3":"status-publish","4":"has-post-thumbnail","6":"product_cat-marijuana","8":"first","9":"instock","10":"shipping-taxable","11":"purchasable","12":"product-type-variable"},"yoast_head":"<!-- This site is optimized with the Yoast SEO plugin v27.5 - https:\/\/yoast.com\/product\/yoast-seo-wordpress\/ -->\n<title>Blue Cheese kaufen | 20% THC Indica Hybrid<\/title>\n<meta name=\"description\" content=\"Blue Cheese online kaufen \u2013 20 % THC, w\u00fcrzig-cremiges Aroma, entspannende Wirkung. Premium-Indica mit diskretem Versand in Deutschland &amp; EU.\" \/>\n<meta name=\"robots\" content=\"index, follow, max-snippet:-1, max-image-preview:large, max-video-preview:-1\" \/>\n<link rel=\"canonical\" href=\"https:\/\/chemgramx.com\/es\/producto-1\/hibrido-con-predominancia-indica-y-queso-azul-20-thc\/\" \/>\n<meta property=\"og:locale\" content=\"es_ES\" \/>\n<meta property=\"og:type\" content=\"article\" \/>\n<meta property=\"og:title\" content=\"Blue Cheese kaufen | 20% THC Indica Hybrid\" \/>\n<meta property=\"og:description\" content=\"Blue Cheese online kaufen \u2013 20 % THC, w\u00fcrzig-cremiges Aroma, entspannende Wirkung. Premium-Indica mit diskretem Versand in Deutschland &amp; EU.\" \/>\n<meta property=\"og:url\" content=\"https:\/\/chemgramx.com\/es\/producto-1\/hibrido-con-predominancia-indica-y-queso-azul-20-thc\/\" \/>\n<meta property=\"og:site_name\" content=\"Chemgramx\" \/>\n<meta property=\"article:modified_time\" content=\"2025-12-10T07:05:58+00:00\" \/>\n<meta property=\"og:image\" content=\"https:\/\/chemgramx.com\/wp-content\/uploads\/2025\/11\/blue-cheese-indica-dominant-hybrid-20-thc.jpg\" \/>\n\t<meta property=\"og:image:width\" content=\"800\" \/>\n\t<meta property=\"og:image:height\" content=\"800\" \/>\n\t<meta property=\"og:image:type\" content=\"image\/jpeg\" \/>\n<meta name=\"twitter:card\" content=\"summary_large_image\" \/>\n<meta name=\"twitter:label1\" content=\"Tiempo de lectura\" \/>\n\t<meta name=\"twitter:data1\" content=\"3 minutos\" \/>\n<script type=\"application\/ld+json\" class=\"yoast-schema-graph\">{\"@context\":\"https:\\\/\\\/schema.org\",\"@graph\":[{\"@type\":\"WebPage\",\"@id\":\"https:\\\/\\\/chemgramx.com\\\/product\\\/blue-cheese-indica-dominant-hybrid-20-thc\\\/\",\"url\":\"https:\\\/\\\/chemgramx.com\\\/product\\\/blue-cheese-indica-dominant-hybrid-20-thc\\\/\",\"name\":\"Blue Cheese kaufen | 20% THC Indica Hybrid\",\"isPartOf\":{\"@id\":\"https:\\\/\\\/chemgramx.com\\\/#website\"},\"primaryImageOfPage\":{\"@id\":\"https:\\\/\\\/chemgramx.com\\\/product\\\/blue-cheese-indica-dominant-hybrid-20-thc\\\/#primaryimage\"},\"image\":{\"@id\":\"https:\\\/\\\/chemgramx.com\\\/product\\\/blue-cheese-indica-dominant-hybrid-20-thc\\\/#primaryimage\"},\"thumbnailUrl\":\"https:\\\/\\\/chemgramx.com\\\/wp-content\\\/uploads\\\/2025\\\/11\\\/blue-cheese-indica-dominant-hybrid-20-thc.jpg\",\"datePublished\":\"2025-11-21T11:15:14+00:00\",\"dateModified\":\"2025-12-10T07:05:58+00:00\",\"description\":\"Blue Cheese online kaufen \u2013 20 % THC, w\u00fcrzig-cremiges Aroma, entspannende Wirkung. Premium-Indica mit diskretem Versand in Deutschland &amp; EU.\",\"breadcrumb\":{\"@id\":\"https:\\\/\\\/chemgramx.com\\\/product\\\/blue-cheese-indica-dominant-hybrid-20-thc\\\/#breadcrumb\"},\"inLanguage\":\"es\",\"potentialAction\":[{\"@type\":\"ReadAction\",\"target\":[\"https:\\\/\\\/chemgramx.com\\\/product\\\/blue-cheese-indica-dominant-hybrid-20-thc\\\/\"]}]},{\"@type\":\"ImageObject\",\"inLanguage\":\"es\",\"@id\":\"https:\\\/\\\/chemgramx.com\\\/product\\\/blue-cheese-indica-dominant-hybrid-20-thc\\\/#primaryimage\",\"url\":\"https:\\\/\\\/chemgramx.com\\\/wp-content\\\/uploads\\\/2025\\\/11\\\/blue-cheese-indica-dominant-hybrid-20-thc.jpg\",\"contentUrl\":\"https:\\\/\\\/chemgramx.com\\\/wp-content\\\/uploads\\\/2025\\\/11\\\/blue-cheese-indica-dominant-hybrid-20-thc.jpg\",\"width\":800,\"height\":800},{\"@type\":\"BreadcrumbList\",\"@id\":\"https:\\\/\\\/chemgramx.com\\\/product\\\/blue-cheese-indica-dominant-hybrid-20-thc\\\/#breadcrumb\",\"itemListElement\":[{\"@type\":\"ListItem\",\"position\":1,\"name\":\"Home\",\"item\":\"https:\\\/\\\/chemgramx.com\\\/\"},{\"@type\":\"ListItem\",\"position\":2,\"name\":\"Shop\",\"item\":\"https:\\\/\\\/chemgramx.com\\\/shop\\\/\"},{\"@type\":\"ListItem\",\"position\":3,\"name\":\"Blue Cheese &#8211; Tiefenentspannung (zum Verkauf|hochwertig)\"}]},{\"@type\":\"WebSite\",\"@id\":\"https:\\\/\\\/chemgramx.com\\\/#website\",\"url\":\"https:\\\/\\\/chemgramx.com\\\/\",\"name\":\"Chemgramx\",\"description\":\"\",\"publisher\":{\"@id\":\"https:\\\/\\\/chemgramx.com\\\/#organization\"},\"potentialAction\":[{\"@type\":\"SearchAction\",\"target\":{\"@type\":\"EntryPoint\",\"urlTemplate\":\"https:\\\/\\\/chemgramx.com\\\/?s={search_term_string}\"},\"query-input\":{\"@type\":\"PropertyValueSpecification\",\"valueRequired\":true,\"valueName\":\"search_term_string\"}}],\"inLanguage\":\"es\"},{\"@type\":\"Organization\",\"@id\":\"https:\\\/\\\/chemgramx.com\\\/#organization\",\"name\":\"Chemgramx\",\"url\":\"https:\\\/\\\/chemgramx.com\\\/\",\"logo\":{\"@type\":\"ImageObject\",\"inLanguage\":\"es\",\"@id\":\"https:\\\/\\\/chemgramx.com\\\/#\\\/schema\\\/logo\\\/image\\\/\",\"url\":\"https:\\\/\\\/chemgramx.com\\\/wp-content\\\/uploads\\\/2024\\\/10\\\/final-logo.png\",\"contentUrl\":\"https:\\\/\\\/chemgramx.com\\\/wp-content\\\/uploads\\\/2024\\\/10\\\/final-logo.png\",\"width\":250,\"height\":48,\"caption\":\"Chemgramx\"},\"image\":{\"@id\":\"https:\\\/\\\/chemgramx.com\\\/#\\\/schema\\\/logo\\\/image\\\/\"}}]}<\/script>\n<!-- \/ Yoast SEO plugin. -->","yoast_head_json":{"title":"Comprar Blue Cheese | 20% THC Indica Hybrid","description":"Blue Cheese online kaufen \u2013 20 % THC, w\u00fcrzig-cremiges Aroma, entspannende Wirkung. Premium-Indica mit diskretem Versand in Deutschland &amp; EU.","robots":{"index":"index","follow":"follow","max-snippet":"max-snippet:-1","max-image-preview":"max-image-preview:large","max-video-preview":"max-video-preview:-1"},"canonical":"https:\/\/chemgramx.com\/es\/producto-1\/hibrido-con-predominancia-indica-y-queso-azul-20-thc\/","og_locale":"es_ES","og_type":"article","og_title":"Blue Cheese kaufen | 20% THC Indica Hybrid","og_description":"Blue Cheese online kaufen \u2013 20 % THC, w\u00fcrzig-cremiges Aroma, entspannende Wirkung. Premium-Indica mit diskretem Versand in Deutschland &amp; EU.","og_url":"https:\/\/chemgramx.com\/es\/producto-1\/hibrido-con-predominancia-indica-y-queso-azul-20-thc\/","og_site_name":"Chemgramx","article_modified_time":"2025-12-10T07:05:58+00:00","og_image":[{"width":800,"height":800,"url":"https:\/\/chemgramx.com\/wp-content\/uploads\/2025\/11\/blue-cheese-indica-dominant-hybrid-20-thc.jpg","type":"image\/jpeg"}],"twitter_card":"summary_large_image","twitter_misc":{"Tiempo de lectura":"3 minutos"},"schema":{"@context":"https:\/\/schema.org","@graph":[{"@type":"WebPage","@id":"https:\/\/chemgramx.com\/product\/blue-cheese-indica-dominant-hybrid-20-thc\/","url":"https:\/\/chemgramx.com\/product\/blue-cheese-indica-dominant-hybrid-20-thc\/","name":"Comprar Blue Cheese | 20% THC Indica Hybrid","isPartOf":{"@id":"https:\/\/chemgramx.com\/#website"},"primaryImageOfPage":{"@id":"https:\/\/chemgramx.com\/product\/blue-cheese-indica-dominant-hybrid-20-thc\/#primaryimage"},"image":{"@id":"https:\/\/chemgramx.com\/product\/blue-cheese-indica-dominant-hybrid-20-thc\/#primaryimage"},"thumbnailUrl":"https:\/\/chemgramx.com\/wp-content\/uploads\/2025\/11\/blue-cheese-indica-dominant-hybrid-20-thc.jpg","datePublished":"2025-11-21T11:15:14+00:00","dateModified":"2025-12-10T07:05:58+00:00","description":"Blue Cheese online kaufen \u2013 20 % THC, w\u00fcrzig-cremiges Aroma, entspannende Wirkung. Premium-Indica mit diskretem Versand in Deutschland &amp; EU.","breadcrumb":{"@id":"https:\/\/chemgramx.com\/product\/blue-cheese-indica-dominant-hybrid-20-thc\/#breadcrumb"},"inLanguage":"es","potentialAction":[{"@type":"ReadAction","target":["https:\/\/chemgramx.com\/product\/blue-cheese-indica-dominant-hybrid-20-thc\/"]}]},{"@type":"ImageObject","inLanguage":"es","@id":"https:\/\/chemgramx.com\/product\/blue-cheese-indica-dominant-hybrid-20-thc\/#primaryimage","url":"https:\/\/chemgramx.com\/wp-content\/uploads\/2025\/11\/blue-cheese-indica-dominant-hybrid-20-thc.jpg","contentUrl":"https:\/\/chemgramx.com\/wp-content\/uploads\/2025\/11\/blue-cheese-indica-dominant-hybrid-20-thc.jpg","width":800,"height":800},{"@type":"BreadcrumbList","@id":"https:\/\/chemgramx.com\/product\/blue-cheese-indica-dominant-hybrid-20-thc\/#breadcrumb","itemListElement":[{"@type":"ListItem","position":1,"name":"Home","item":"https:\/\/chemgramx.com\/"},{"@type":"ListItem","position":2,"name":"Shop","item":"https:\/\/chemgramx.com\/shop\/"},{"@type":"ListItem","position":3,"name":"Blue Cheese &#8211; Tiefenentspannung (zum Verkauf|hochwertig)"}]},{"@type":"WebSite","@id":"https:\/\/chemgramx.com\/#website","url":"https:\/\/chemgramx.com\/","name":"Chemgramx","description":"","publisher":{"@id":"https:\/\/chemgramx.com\/#organization"},"potentialAction":[{"@type":"SearchAction","target":{"@type":"EntryPoint","urlTemplate":"https:\/\/chemgramx.com\/?s={search_term_string}"},"query-input":{"@type":"PropertyValueSpecification","valueRequired":true,"valueName":"search_term_string"}}],"inLanguage":"es"},{"@type":"Organization","@id":"https:\/\/chemgramx.com\/#organization","name":"Chemgramx","url":"https:\/\/chemgramx.com\/","logo":{"@type":"ImageObject","inLanguage":"es","@id":"https:\/\/chemgramx.com\/#\/schema\/logo\/image\/","url":"https:\/\/chemgramx.com\/wp-content\/uploads\/2024\/10\/final-logo.png","contentUrl":"https:\/\/chemgramx.com\/wp-content\/uploads\/2024\/10\/final-logo.png","width":250,"height":48,"caption":"Chemgramx"},"image":{"@id":"https:\/\/chemgramx.com\/#\/schema\/logo\/image\/"}}]}},"_links":{"self":[{"href":"https:\/\/chemgramx.com\/es\/wp-json\/wp\/v2\/product\/7338","targetHints":{"allow":["GET"]}}],"collection":[{"href":"https:\/\/chemgramx.com\/es\/wp-json\/wp\/v2\/product"}],"about":[{"href":"https:\/\/chemgramx.com\/es\/wp-json\/wp\/v2\/types\/product"}],"replies":[{"embeddable":true,"href":"https:\/\/chemgramx.com\/es\/wp-json\/wp\/v2\/comments?post=7338"}],"wp:featuredmedia":[{"embeddable":true,"href":"https:\/\/chemgramx.com\/es\/wp-json\/wp\/v2\/media\/7375"}],"wp:attachment":[{"href":"https:\/\/chemgramx.com\/es\/wp-json\/wp\/v2\/media?parent=7338"}],"wp:term":[{"taxonomy":"product_brand","embeddable":true,"href":"https:\/\/chemgramx.com\/es\/wp-json\/wp\/v2\/product_brand?post=7338"},{"taxonomy":"product_cat","embeddable":true,"href":"https:\/\/chemgramx.com\/es\/wp-json\/wp\/v2\/product_cat?post=7338"},{"taxonomy":"product_tag","embeddable":true,"href":"https:\/\/chemgramx.com\/es\/wp-json\/wp\/v2\/product_tag?post=7338"}],"curies":[{"name":"wp","href":"https:\/\/api.w.org\/{rel}","templated":true}]}}