{"id":7339,"date":"2025-11-21T11:15:14","date_gmt":"2025-11-21T11:15:14","guid":{"rendered":"https:\/\/chemgramx.com\/?post_type=product&#038;p=7339"},"modified":"2025-11-21T11:17:15","modified_gmt":"2025-11-21T11:17:15","slug":"arandano-kush-24-thc","status":"publish","type":"product","link":"https:\/\/chemgramx.com\/es\/product\/blueberry-kush-24-thc\/","title":{"rendered":"Blueberry Kush 24% THC"},"content":{"rendered":"<p>La variedad <b>Blueberry Kush<\/b> es uno de los <b>variedades h\u00edbridas con dominancia Indica m\u00e1s apreciadas<\/b> en todo el mundo. <b>Usted<\/b> es conocida por su intensidad, <b>Efecto profundamente relajante<\/b> y su sabor excepcionalmente rico. <b>Con un contenido de THC<\/b> de <b>hasta 24 %<\/b> esta variedad es una de las <b>l\u00edneas gen\u00e9ticas muy potentes<\/b>. <b>En consecuencia<\/b> Se utiliza en la investigaci\u00f3n para estudiar los efectos de las variedades de cannabis de fuerte dominancia \u00edndica sobre <b>Reducci\u00f3n del estr\u00e9s y sue\u00f1o<\/b> usado. <b>De hecho<\/b> la combinaci\u00f3n del car\u00e1cter dulce y afrutado con el efecto terroso y pesado representa una sinergia perfecta. <b>Por lo tanto<\/b> un an\u00e1lisis detallado del linaje gen\u00e9tico, el complejo perfil qu\u00edmico y los efectos farmacol\u00f3gicos espec\u00edficos es de gran relevancia.<\/p>\n<h2><b>Obra maestra gen\u00e9tica: la fusi\u00f3n de Blueberry y OG Kush<\/b><\/h2>\n<p>Blueberry Kush es el resultado de un cruce entre dos <b>variedades legendarias y gen\u00e9ticamente dominantes<\/b>. <b>Estos<\/b> garantiza una gen\u00e9tica estable y un perfil de fragancia intenso.<\/p>\n<ul>\n<li><b>Ar\u00e1ndano (el componente arom\u00e1tico):<\/b> <b>Estos<\/b> l\u00ednea Indica cl\u00e1sica, conocida por sus profundos sabores afrutados (ar\u00e1ndanos) y su <b>Fuerte efecto calmante f\u00edsico<\/b>, es el principal contribuyente a la dominancia \u00edndica sedante.<\/li>\n<li><b>OG Kush (El componente de potencia y estructura):<\/b> <b>En<\/b> La l\u00ednea OG Kush controla el <b>base terrosa y especiada<\/b> y el <b>Solidez estructural<\/b> con. <b>Sobre todo<\/b> es para el <b>Alta producci\u00f3n de resina<\/b> que eleva el contenido de THC hasta 24 %.<\/li>\n<\/ul>\n<p><b>El resultado<\/b> es un <b>h\u00edbrido de alta calidad con dominancia \u00edndica<\/b>. <b>\u00c9l<\/b> combina el sabor dulce de la Blueberry con la potencia intensa, casi narc\u00f3tica, de la OG Kush. <b>As\u00ed<\/b> Blueberry Kush es una de las <b>los h\u00edbridos Indica m\u00e1s estables y fiables<\/b> en el mercado.<\/p>\n<h2><b>Perfil terp\u00e9nico: la qu\u00edmica detr\u00e1s del sabor a magdalena de ar\u00e1ndanos<\/b><\/h2>\n<p>El sabor rico y afrutado de Blueberry Kush es uno de sus <b>caracter\u00edsticas definitorias<\/b>. <b>En<\/b> viene determinada por un complejo perfil de terpenos, que constituye la base de la experiencia sensorial.<\/p>\n<h3><b>Los terpenos dominantes y su efecto<\/b><\/h3>\n<ol start=\"1\">\n<li><b>Mirceno (afrutado, calmante):<\/b> <b>Mirceno<\/b> es el terpeno dominante. <b>En<\/b> tiene la caracter\u00edstica <b>notas dulces de ar\u00e1ndanos maduros<\/b> con. <a href=\"\/product\/green-mandala-mix-kaufen\/\"><b>Farmacol\u00f3gico<\/b> <\/a>mirceno se convierte en un fuerte <b>sedante y relajante muscular<\/b> se atribuye el efecto. <b>Este<\/b> El terpeno es un actor clave en el llamado <b>\u201eEfecto \u201cBloqueo del sof\u00e1<\/b>, que caracteriza la profunda relajaci\u00f3n f\u00edsica de Blueberry Kush.<\/li>\n<li><b>Limoneno (c\u00edtrico, mejora el estado de \u00e1nimo):<\/b> <b>Limas<\/b> puede estar presente en cantidades m\u00e1s peque\u00f1as y proporciona <b>Toques ligeramente picantes<\/b> y contribuye a la <b>sensaci\u00f3n suave y euf\u00f3rica<\/b> con.<\/li>\n<li><b>Cariofileno (picante, terroso):<\/b> <b>Este<\/b> El terpeno proporciona la <b>base terrosa y picante<\/b> de la l\u00ednea OG Kush. <b>En<\/b> es importante para la <b>Profundidad de sabor<\/b>. <b>C\u00f3mo<\/b> mencionado anteriormente, el cariofileno es \u00fanico en el sentido de que afecta directamente a los receptores CB2.<\/li>\n<\/ol>\n<p><b>En<\/b> La combinaci\u00f3n de estos terpenos produce un <b>sabor cremoso y dulce<\/b>, que recuerdan a productos horneados o bayas silvestres frescas. <b>Este<\/b> perfil armonioso contribuye significativamente a la <b>bienestar integral<\/b> con.<\/p>\n<h2><b>Efecto farmacol\u00f3gico y perfil de aplicaci\u00f3n<\/b><\/h2>\n<p>Con <b>hasta 24 % THC<\/b> Blueberry Kush es uno de los h\u00edbridos m\u00e1s fuertes. <b>Estos<\/b> alta concentraci\u00f3n permite una <b>Efecto profundo y duradero<\/b>, ideal para consumidores experimentados.<\/p>\n<ul>\n<li><b>Dominio f\u00edsico:<\/b> El efecto se establece r\u00e1pidamente con un <b>suave sensaci\u00f3n de euforia<\/b> en. <b>Este<\/b> se convierte r\u00e1pidamente en un <b>Aliviar la pesadez f\u00edsica<\/b> m\u00e1s o menos. <b>Estos<\/b> La relajaci\u00f3n f\u00edsica profunda es caracter\u00edstica de las variedades \u00edndicas puras o \u00edndicas dominantes.<\/li>\n<li><b>Potencial terap\u00e9utico:<\/b> <b>En<\/b> inform\u00f3 <b>Relajaci\u00f3n muscular<\/b> y el <b>Fomento de la paz interior<\/b> hacen de Blueberry Kush un objeto de investigaci\u00f3n en t\u00e9rminos de:\n<ul>\n<li><b>Problemas de sue\u00f1o (insomnio):<\/b> La fuerte sedaci\u00f3n puede ayudarle a conciliar el sue\u00f1o.<\/li>\n<li><b>Tensi\u00f3n cr\u00f3nica:<\/b> Las propiedades relajantes musculares son \u00fatiles para la tensi\u00f3n f\u00edsica.<\/li>\n<li><b>Estr\u00e9s y ansiedad:<\/b> El efecto igualador mental ayuda a calmar los pensamientos relacionados con el estr\u00e9s.<\/li>\n<\/ul>\n<\/li>\n<\/ul>\n<p><b>Recto<\/b> Debido a estas propiedades fuertemente sedantes, la variedad se destina principalmente a la <b>Aplicaci\u00f3n nocturna<\/b> y <b>Momentos tranquilos de regeneraci\u00f3n<\/b> adecuado.<\/p>\n<h2><b>Normas de calidad y cumplimiento de la legislaci\u00f3n<\/b><\/h2>\n<p>En <b>alta potencia<\/b> de 24 % THC necesarios <b>M\u00e1ximo control de calidad<\/b> y el estricto cumplimiento de la ley.<\/p>\n<ul>\n<li><b>Transparencia anal\u00edtica:<\/b> <b>Real<\/b> Se requieren certificados de an\u00e1lisis (CoA). <b>Estos<\/b> debe cumplir los <b>contenido de THC declarado<\/b> de 24 % y el <b>Ausencia de contaminantes<\/b> (pesticidas, moho).<\/li>\n<li><b>Situaci\u00f3n jur\u00eddica en Alemania:<\/b> Hay que subrayar inequ\u00edvocamente que <b>Blueberry Kush<\/b> debido a su contenido de THC en Alemania en virtud de la <b>Ley de estupefacientes (BtMG)<\/b> o el <b>Ley del Cannabis para los Consumidores (KCanG)<\/b> ca\u00eddas. <b>De ello se desprende<\/b>, que el <b>Adquisici\u00f3n, posesi\u00f3n o comercio ilegales<\/b> salvo prescripci\u00f3n m\u00e9dica o autorizaci\u00f3n oficial. <b>Por lo tanto<\/b> esta informaci\u00f3n detallada <b>fines puramente cient\u00edficos, bot\u00e1nicos e informativos<\/b>. <b>Usted<\/b> aplicar <b>ni consumo ni adquisici\u00f3n ilegal<\/b>.<\/li>\n<\/ul>","protected":false},"excerpt":{"rendered":"<p data-start=\"3482\" data-end=\"3618\">Blueberry Kush - H\u00edbrido \u00edndica con 24 % de THC. Intenso sabor a ar\u00e1ndanos, relajaci\u00f3n profunda y calidad premium para entendidos y entendidas.<\/p>","protected":false},"featured_media":7376,"comment_status":"open","ping_status":"closed","template":"","meta":{"_joinchat":[]},"product_brand":[],"product_cat":[62],"product_tag":[],"class_list":{"0":"post-7339","1":"product","2":"type-product","3":"status-publish","4":"has-post-thumbnail","6":"product_cat-marijuana","8":"first","9":"instock","10":"shipping-taxable","11":"purchasable","12":"product-type-variable"},"yoast_head":"<!-- This site is optimized with the Yoast SEO plugin v27.5 - https:\/\/yoast.com\/product\/yoast-seo-wordpress\/ -->\n<title>Blueberry Kush kaufen | 24% THC Premium Indica<\/title>\n<meta name=\"description\" content=\"Blueberry Kush kaufen \u2013 24% THC, s\u00fc\u00dfer Blaubeergeschmack und tiefe Entspannung. Premiumqualit\u00e4t, diskret geliefert in Deutschland &amp; EU.\" \/>\n<meta name=\"robots\" content=\"index, follow, max-snippet:-1, max-image-preview:large, max-video-preview:-1\" \/>\n<link rel=\"canonical\" href=\"https:\/\/chemgramx.com\/es\/producto-1\/arandano-kush-24-thc\/\" \/>\n<meta property=\"og:locale\" content=\"es_ES\" \/>\n<meta property=\"og:type\" content=\"article\" \/>\n<meta property=\"og:title\" content=\"Blueberry Kush kaufen | 24% THC Premium Indica\" \/>\n<meta property=\"og:description\" content=\"Blueberry Kush kaufen \u2013 24% THC, s\u00fc\u00dfer Blaubeergeschmack und tiefe Entspannung. Premiumqualit\u00e4t, diskret geliefert in Deutschland &amp; EU.\" \/>\n<meta property=\"og:url\" content=\"https:\/\/chemgramx.com\/es\/producto-1\/arandano-kush-24-thc\/\" \/>\n<meta property=\"og:site_name\" content=\"Chemgramx\" \/>\n<meta property=\"article:modified_time\" content=\"2025-11-21T11:17:15+00:00\" \/>\n<meta property=\"og:image\" content=\"https:\/\/chemgramx.com\/wp-content\/uploads\/2025\/11\/blueberry-kush-24-thc.jpg\" \/>\n\t<meta property=\"og:image:width\" content=\"800\" \/>\n\t<meta property=\"og:image:height\" content=\"800\" \/>\n\t<meta property=\"og:image:type\" content=\"image\/jpeg\" \/>\n<meta name=\"twitter:card\" content=\"summary_large_image\" \/>\n<meta name=\"twitter:label1\" content=\"Tiempo de lectura\" \/>\n\t<meta name=\"twitter:data1\" content=\"3 minutos\" \/>\n<script type=\"application\/ld+json\" class=\"yoast-schema-graph\">{\"@context\":\"https:\\\/\\\/schema.org\",\"@graph\":[{\"@type\":\"WebPage\",\"@id\":\"https:\\\/\\\/chemgramx.com\\\/product\\\/blueberry-kush-24-thc\\\/\",\"url\":\"https:\\\/\\\/chemgramx.com\\\/product\\\/blueberry-kush-24-thc\\\/\",\"name\":\"Blueberry Kush kaufen | 24% THC Premium Indica\",\"isPartOf\":{\"@id\":\"https:\\\/\\\/chemgramx.com\\\/#website\"},\"primaryImageOfPage\":{\"@id\":\"https:\\\/\\\/chemgramx.com\\\/product\\\/blueberry-kush-24-thc\\\/#primaryimage\"},\"image\":{\"@id\":\"https:\\\/\\\/chemgramx.com\\\/product\\\/blueberry-kush-24-thc\\\/#primaryimage\"},\"thumbnailUrl\":\"https:\\\/\\\/chemgramx.com\\\/wp-content\\\/uploads\\\/2025\\\/11\\\/blueberry-kush-24-thc.jpg\",\"datePublished\":\"2025-11-21T11:15:14+00:00\",\"dateModified\":\"2025-11-21T11:17:15+00:00\",\"description\":\"Blueberry Kush kaufen \u2013 24% THC, s\u00fc\u00dfer Blaubeergeschmack und tiefe Entspannung. Premiumqualit\u00e4t, diskret geliefert in Deutschland &amp; EU.\",\"breadcrumb\":{\"@id\":\"https:\\\/\\\/chemgramx.com\\\/product\\\/blueberry-kush-24-thc\\\/#breadcrumb\"},\"inLanguage\":\"es\",\"potentialAction\":[{\"@type\":\"ReadAction\",\"target\":[\"https:\\\/\\\/chemgramx.com\\\/product\\\/blueberry-kush-24-thc\\\/\"]}]},{\"@type\":\"ImageObject\",\"inLanguage\":\"es\",\"@id\":\"https:\\\/\\\/chemgramx.com\\\/product\\\/blueberry-kush-24-thc\\\/#primaryimage\",\"url\":\"https:\\\/\\\/chemgramx.com\\\/wp-content\\\/uploads\\\/2025\\\/11\\\/blueberry-kush-24-thc.jpg\",\"contentUrl\":\"https:\\\/\\\/chemgramx.com\\\/wp-content\\\/uploads\\\/2025\\\/11\\\/blueberry-kush-24-thc.jpg\",\"width\":800,\"height\":800},{\"@type\":\"BreadcrumbList\",\"@id\":\"https:\\\/\\\/chemgramx.com\\\/product\\\/blueberry-kush-24-thc\\\/#breadcrumb\",\"itemListElement\":[{\"@type\":\"ListItem\",\"position\":1,\"name\":\"Home\",\"item\":\"https:\\\/\\\/chemgramx.com\\\/\"},{\"@type\":\"ListItem\",\"position\":2,\"name\":\"Shop\",\"item\":\"https:\\\/\\\/chemgramx.com\\\/shop\\\/\"},{\"@type\":\"ListItem\",\"position\":3,\"name\":\"Blueberry Kush 24% THC\"}]},{\"@type\":\"WebSite\",\"@id\":\"https:\\\/\\\/chemgramx.com\\\/#website\",\"url\":\"https:\\\/\\\/chemgramx.com\\\/\",\"name\":\"Chemgramx\",\"description\":\"\",\"publisher\":{\"@id\":\"https:\\\/\\\/chemgramx.com\\\/#organization\"},\"potentialAction\":[{\"@type\":\"SearchAction\",\"target\":{\"@type\":\"EntryPoint\",\"urlTemplate\":\"https:\\\/\\\/chemgramx.com\\\/?s={search_term_string}\"},\"query-input\":{\"@type\":\"PropertyValueSpecification\",\"valueRequired\":true,\"valueName\":\"search_term_string\"}}],\"inLanguage\":\"es\"},{\"@type\":\"Organization\",\"@id\":\"https:\\\/\\\/chemgramx.com\\\/#organization\",\"name\":\"Chemgramx\",\"url\":\"https:\\\/\\\/chemgramx.com\\\/\",\"logo\":{\"@type\":\"ImageObject\",\"inLanguage\":\"es\",\"@id\":\"https:\\\/\\\/chemgramx.com\\\/#\\\/schema\\\/logo\\\/image\\\/\",\"url\":\"https:\\\/\\\/chemgramx.com\\\/wp-content\\\/uploads\\\/2024\\\/10\\\/final-logo.png\",\"contentUrl\":\"https:\\\/\\\/chemgramx.com\\\/wp-content\\\/uploads\\\/2024\\\/10\\\/final-logo.png\",\"width\":250,\"height\":48,\"caption\":\"Chemgramx\"},\"image\":{\"@id\":\"https:\\\/\\\/chemgramx.com\\\/#\\\/schema\\\/logo\\\/image\\\/\"}}]}<\/script>\n<!-- \/ Yoast SEO plugin. -->","yoast_head_json":{"title":"Comprar Blueberry Kush | 24% THC Premium Indica","description":"Blueberry Kush kaufen \u2013 24% THC, s\u00fc\u00dfer Blaubeergeschmack und tiefe Entspannung. Premiumqualit\u00e4t, diskret geliefert in Deutschland &amp; EU.","robots":{"index":"index","follow":"follow","max-snippet":"max-snippet:-1","max-image-preview":"max-image-preview:large","max-video-preview":"max-video-preview:-1"},"canonical":"https:\/\/chemgramx.com\/es\/producto-1\/arandano-kush-24-thc\/","og_locale":"es_ES","og_type":"article","og_title":"Blueberry Kush kaufen | 24% THC Premium Indica","og_description":"Blueberry Kush kaufen \u2013 24% THC, s\u00fc\u00dfer Blaubeergeschmack und tiefe Entspannung. Premiumqualit\u00e4t, diskret geliefert in Deutschland &amp; EU.","og_url":"https:\/\/chemgramx.com\/es\/producto-1\/arandano-kush-24-thc\/","og_site_name":"Chemgramx","article_modified_time":"2025-11-21T11:17:15+00:00","og_image":[{"width":800,"height":800,"url":"https:\/\/chemgramx.com\/wp-content\/uploads\/2025\/11\/blueberry-kush-24-thc.jpg","type":"image\/jpeg"}],"twitter_card":"summary_large_image","twitter_misc":{"Tiempo de lectura":"3 minutos"},"schema":{"@context":"https:\/\/schema.org","@graph":[{"@type":"WebPage","@id":"https:\/\/chemgramx.com\/product\/blueberry-kush-24-thc\/","url":"https:\/\/chemgramx.com\/product\/blueberry-kush-24-thc\/","name":"Comprar Blueberry Kush | 24% THC Premium Indica","isPartOf":{"@id":"https:\/\/chemgramx.com\/#website"},"primaryImageOfPage":{"@id":"https:\/\/chemgramx.com\/product\/blueberry-kush-24-thc\/#primaryimage"},"image":{"@id":"https:\/\/chemgramx.com\/product\/blueberry-kush-24-thc\/#primaryimage"},"thumbnailUrl":"https:\/\/chemgramx.com\/wp-content\/uploads\/2025\/11\/blueberry-kush-24-thc.jpg","datePublished":"2025-11-21T11:15:14+00:00","dateModified":"2025-11-21T11:17:15+00:00","description":"Blueberry Kush kaufen \u2013 24% THC, s\u00fc\u00dfer Blaubeergeschmack und tiefe Entspannung. Premiumqualit\u00e4t, diskret geliefert in Deutschland &amp; EU.","breadcrumb":{"@id":"https:\/\/chemgramx.com\/product\/blueberry-kush-24-thc\/#breadcrumb"},"inLanguage":"es","potentialAction":[{"@type":"ReadAction","target":["https:\/\/chemgramx.com\/product\/blueberry-kush-24-thc\/"]}]},{"@type":"ImageObject","inLanguage":"es","@id":"https:\/\/chemgramx.com\/product\/blueberry-kush-24-thc\/#primaryimage","url":"https:\/\/chemgramx.com\/wp-content\/uploads\/2025\/11\/blueberry-kush-24-thc.jpg","contentUrl":"https:\/\/chemgramx.com\/wp-content\/uploads\/2025\/11\/blueberry-kush-24-thc.jpg","width":800,"height":800},{"@type":"BreadcrumbList","@id":"https:\/\/chemgramx.com\/product\/blueberry-kush-24-thc\/#breadcrumb","itemListElement":[{"@type":"ListItem","position":1,"name":"Home","item":"https:\/\/chemgramx.com\/"},{"@type":"ListItem","position":2,"name":"Shop","item":"https:\/\/chemgramx.com\/shop\/"},{"@type":"ListItem","position":3,"name":"Blueberry Kush 24% THC"}]},{"@type":"WebSite","@id":"https:\/\/chemgramx.com\/#website","url":"https:\/\/chemgramx.com\/","name":"Chemgramx","description":"","publisher":{"@id":"https:\/\/chemgramx.com\/#organization"},"potentialAction":[{"@type":"SearchAction","target":{"@type":"EntryPoint","urlTemplate":"https:\/\/chemgramx.com\/?s={search_term_string}"},"query-input":{"@type":"PropertyValueSpecification","valueRequired":true,"valueName":"search_term_string"}}],"inLanguage":"es"},{"@type":"Organization","@id":"https:\/\/chemgramx.com\/#organization","name":"Chemgramx","url":"https:\/\/chemgramx.com\/","logo":{"@type":"ImageObject","inLanguage":"es","@id":"https:\/\/chemgramx.com\/#\/schema\/logo\/image\/","url":"https:\/\/chemgramx.com\/wp-content\/uploads\/2024\/10\/final-logo.png","contentUrl":"https:\/\/chemgramx.com\/wp-content\/uploads\/2024\/10\/final-logo.png","width":250,"height":48,"caption":"Chemgramx"},"image":{"@id":"https:\/\/chemgramx.com\/#\/schema\/logo\/image\/"}}]}},"_links":{"self":[{"href":"https:\/\/chemgramx.com\/es\/wp-json\/wp\/v2\/product\/7339","targetHints":{"allow":["GET"]}}],"collection":[{"href":"https:\/\/chemgramx.com\/es\/wp-json\/wp\/v2\/product"}],"about":[{"href":"https:\/\/chemgramx.com\/es\/wp-json\/wp\/v2\/types\/product"}],"replies":[{"embeddable":true,"href":"https:\/\/chemgramx.com\/es\/wp-json\/wp\/v2\/comments?post=7339"}],"wp:featuredmedia":[{"embeddable":true,"href":"https:\/\/chemgramx.com\/es\/wp-json\/wp\/v2\/media\/7376"}],"wp:attachment":[{"href":"https:\/\/chemgramx.com\/es\/wp-json\/wp\/v2\/media?parent=7339"}],"wp:term":[{"taxonomy":"product_brand","embeddable":true,"href":"https:\/\/chemgramx.com\/es\/wp-json\/wp\/v2\/product_brand?post=7339"},{"taxonomy":"product_cat","embeddable":true,"href":"https:\/\/chemgramx.com\/es\/wp-json\/wp\/v2\/product_cat?post=7339"},{"taxonomy":"product_tag","embeddable":true,"href":"https:\/\/chemgramx.com\/es\/wp-json\/wp\/v2\/product_tag?post=7339"}],"curies":[{"name":"wp","href":"https:\/\/api.w.org\/{rel}","templated":true}]}}