{"id":7340,"date":"2025-11-21T11:15:14","date_gmt":"2025-11-21T11:15:14","guid":{"rendered":"https:\/\/chemgramx.com\/?post_type=product&#038;p=7340"},"modified":"2025-11-21T11:17:15","modified_gmt":"2025-11-21T11:17:15","slug":"blue-dream-variedad-hibrida-sativa-dominante-17-24-thc","status":"publish","type":"product","link":"https:\/\/chemgramx.com\/es\/product\/blue-dream-sativa-dominant-hybrid-strain-17-24-thc\/","title":{"rendered":"Blue Dream Variedad h\u00edbrida con sativa dominante 17% - 24% THC"},"content":{"rendered":"<p>La variedad <b>Sue\u00f1o azul<\/b> es reconocida mundialmente como una de las <b>variedades de cannabis m\u00e1s conocidas y apreciadas<\/b>. <b>Usted<\/b> es un <b>H\u00edbrido con sativa dominante<\/b>, que combina magistralmente la estimulaci\u00f3n energ\u00e9tica de la gen\u00e9tica sativa con la relajaci\u00f3n suave y f\u00edsica del componente \u00edndica. <b>En particular<\/b> Debido a este perfil equilibrado, que tiene un contenido de THC entre <b>17 % y 24 %<\/b> Sue\u00f1o Azul sirve a menudo de <b>Variedad de referencia<\/b> en la investigaci\u00f3n. <a href=\"\/product\/bc-premo-cured-hash-kaufen\/\"><b>De hecho<\/b><\/a> los contrata <b>potente, pero al mismo tiempo agradablemente controlable<\/b> objeto de estudio. <b>Por lo tanto<\/b> un examen cient\u00edfico detallado de su ascendencia gen\u00e9tica, su complejo perfil qu\u00edmico y sus efectos farmacol\u00f3gicos es de gran relevancia para comprender las variedades h\u00edbridas modernas.<\/p>\n<h2><b>La ascendencia gen\u00e9tica y la qu\u00edmica del equilibrio<\/b><\/h2>\n<p>La base gen\u00e9tica de Blue Dream es la clave de su notable popularidad. <b>Originalmente<\/b> Criada en California, esta variedad se cre\u00f3 cruzando dos pesos pesados del cannabis. <b>En el proceso<\/b> se encontr\u00f3 con el profundamente relajante <b>Gen\u00e9tica \u00edndica de la Blueberry<\/b> a la <b>Gen\u00e9tica sativa de estimulaci\u00f3n cerebral de Haze<\/b>. <b>En consecuencia<\/b> Esta fusi\u00f3n dio como resultado una variedad gen\u00e9ticamente estable que ofrece un crecimiento robusto, un sabor fuerte y, sobre todo, un <b>Perfil equilibrado de cannabinoides y terpenos<\/b> ofertas. <b>Estos<\/b> equilibrio perfecto de caracter\u00edsticas sativa e \u00edndica ha hecho de Blue Dream una de las variedades m\u00e1s vendidas en Norteam\u00e9rica. <b>Bot\u00e1nicamente hablando<\/b> la planta suele tener un h\u00e1bito de crecimiento alto y esbelto, herencia de la l\u00ednea Haze, pero desarrolla flores densas y resinosas.<\/p>\n<h4><b>Espectro de potencia y consistencia del THC<\/b><\/h4>\n<p>Con un contenido de THC que oscila entre 17 % y 24 %, Blue Dream pertenece al grupo de los <b>variedades medianas a fuertes<\/b>. <b>Estos<\/b> El ancho de banda garantiza que el efecto sea intenso, pero en comparaci\u00f3n con cepas extremadamente potentes (m\u00e1s de 25 % de THC) <b>mejor controlable<\/b> restos. <b>Recto<\/b> Esta consistencia en el rango de potencia medio y alto es una ventaja para la investigaci\u00f3n. <b>Usted<\/b> permite realizar estudios con un <b>dosis fiable y reproducible<\/b> del principio activo. <b>Por lo tanto<\/b> la cepa es apreciada tanto por usuarios experimentados como por investigadores que desean explorar detenidamente el efecto sativa.<\/p>\n<h2><b>El perfil sensorial y su base terp\u00e9nica<\/b><\/h2>\n<p>En <b>Sabor afrutado-dulce intenso<\/b> de Blue Dream es una de sus caracter\u00edsticas m\u00e1s llamativas. <b>En<\/b> se debe a un complejo perfil de terpenos que constituye la base qu\u00edmica de la experiencia sensorial.<\/p>\n<h4><b>Los terpenos como moduladores del efecto<\/b><\/h4>\n<p>En <b>Sabor \u00fanico<\/b> de Blue Dream viene determinada por los terpenos predominantes. <b>Estos<\/b> no s\u00f3lo son responsables del sabor, sino que tambi\u00e9n desempe\u00f1an un importante <b>papel decisivo en la modulaci\u00f3n del efecto del THC<\/b> (efecto s\u00e9quito). <b>Aqu\u00ed<\/b> los siguientes terpenos son dominantes:<\/p>\n<ol start=\"1\">\n<li><b>Mirceno:<\/b> <b>Este<\/b> El terpeno lleva el <b>dulce, notas de bayas<\/b> con. <b>En<\/b> es el terpeno m\u00e1s abundante en el cannabis. <b>Farmacol\u00f3gico<\/b> el mirceno se convierte en un agente calmante, <b>relajante muscular<\/b> que potencia el componente \u00edndico de Blue Dream.<\/li>\n<li><b>Alfa-pineno:<\/b> <b>En<\/b> proporciona la <b>ligero sabor a hierbas y pino<\/b> Notas. <b>Este<\/b> El terpeno es conocido por su <b>propiedades broncodilatadoras<\/b> conocido. <b>Sobre todo<\/b> se supone que el alfa-pineno <b>claridad mental<\/b> y aten\u00faa el deterioro de la memoria causado por el THC.<\/li>\n<li><b>Limas:<\/b> <b>En<\/b> controla el <b>Notas c\u00edtricas<\/b> y est\u00e1 ligada a la gen\u00e9tica Haze Sativa. <b>Limas<\/b> se reconoce por su potencial <b>para levantar el \u00e1nimo<\/b> y propiedades ansiol\u00edticas (ansiol\u00edtico).<\/li>\n<\/ol>\n<p><b>En resumen:<\/b> Este perfil de terpenos explica el fen\u00f3meno de que Blue Dream simult\u00e1neamente <b>Revitalizante y calmante<\/b> puede tener un efecto. <b>El sabor<\/b> es <b>suave, cremoso<\/b> y recuerda a los ar\u00e1ndanos dulces, redondeado con un toque de tierra y c\u00edtricos.<\/p>\n<h2><b>Efecto farmacol\u00f3gico e inter\u00e9s aplicativo<\/b><\/h2>\n<p>El perfil de efectos de Blue Dream se describe en la literatura cient\u00edfica como <b>Mejora el estado de \u00e1nimo, revitaliza y alivia las tensiones.<\/b> descrito.<\/p>\n<ul>\n<li><b>Influencia sativa (espiritual):<\/b> El fuerte contenido de sativa favorece <b>Energ\u00eda, concentraci\u00f3n y creatividad<\/b>. <b>Por lo tanto<\/b> la variedad se utiliza a menudo para <b>Horas del d\u00eda<\/b> recomendada en la que la actividad mental o <b>trabajo creativo<\/b> es necesario.<\/li>\n<li><b>Influencia \u00edndica (f\u00edsica):<\/b> <b>Al mismo tiempo<\/b> la parte \u00edndica de la gen\u00e9tica Blueberry garantiza que <b>liberaci\u00f3n de tensiones f\u00edsicas<\/b> convertirse. <b>Este<\/b> da a la experiencia una agradable calma f\u00edsica.<\/li>\n<li><b>Equilibrio:<\/b> <b>Muchos informes<\/b> describen el efecto como <b>Claro en la cabeza<\/b>, pero <b>Relajaci\u00f3n profunda del cuerpo<\/b>. <b>As\u00ed<\/b> Blue Dream es perfecto para estilos de vida activos que buscan una relajaci\u00f3n ligera. <b>Posibilidades de aplicaci\u00f3n<\/b> van desde la promoci\u00f3n de <b>Creatividad y concentraci\u00f3n<\/b> para apoyar con <b>Reducci\u00f3n del estr\u00e9s y relajaci\u00f3n<\/b>.<\/li>\n<\/ul>","protected":false},"excerpt":{"rendered":"<p data-start=\"3458\" data-end=\"3616\">Blue Dream - Hibrido Sativa-dominante (17-24 % THC) con sabor afrutado-dulce. Vigorizante, claro y relajante al mismo tiempo. Una verdadera variedad premium para entendidos.<\/p>","protected":false},"featured_media":7377,"comment_status":"open","ping_status":"closed","template":"","meta":{"_joinchat":[]},"product_brand":[],"product_cat":[62],"product_tag":[],"class_list":{"0":"post-7340","1":"product","2":"type-product","3":"status-publish","4":"has-post-thumbnail","6":"product_cat-marijuana","8":"first","9":"instock","10":"shipping-taxable","11":"purchasable","12":"product-type-variable"},"yoast_head":"<!-- This site is optimized with the Yoast SEO plugin v27.5 - https:\/\/yoast.com\/product\/yoast-seo-wordpress\/ -->\n<title>Blue Dream Sativa Hybrid kaufen | 17\u201324% THC Genuss<\/title>\n<meta name=\"description\" content=\"Blue Dream kaufen \u2013 Sativa-dominanter Hybrid mit 17\u201324% THC. Fruchtig, klar und entspannend. Premiumqualit\u00e4t jetzt diskret online bestellen!\" \/>\n<meta name=\"robots\" content=\"index, follow, max-snippet:-1, max-image-preview:large, max-video-preview:-1\" \/>\n<link rel=\"canonical\" href=\"https:\/\/chemgramx.com\/es\/producto-1\/blue-dream-variedad-hibrida-sativa-dominante-17-24-thc\/\" \/>\n<meta property=\"og:locale\" content=\"es_ES\" \/>\n<meta property=\"og:type\" content=\"article\" \/>\n<meta property=\"og:title\" content=\"Blue Dream Sativa Hybrid kaufen | 17\u201324% THC Genuss\" \/>\n<meta property=\"og:description\" content=\"Blue Dream kaufen \u2013 Sativa-dominanter Hybrid mit 17\u201324% THC. Fruchtig, klar und entspannend. Premiumqualit\u00e4t jetzt diskret online bestellen!\" \/>\n<meta property=\"og:url\" content=\"https:\/\/chemgramx.com\/es\/producto-1\/blue-dream-variedad-hibrida-sativa-dominante-17-24-thc\/\" \/>\n<meta property=\"og:site_name\" content=\"Chemgramx\" \/>\n<meta property=\"article:modified_time\" content=\"2025-11-21T11:17:15+00:00\" \/>\n<meta property=\"og:image\" content=\"https:\/\/chemgramx.com\/wp-content\/uploads\/2025\/11\/blue-dream-sativa-dominant-hybrid-strain-17-24-thc.jpg\" \/>\n\t<meta property=\"og:image:width\" content=\"800\" \/>\n\t<meta property=\"og:image:height\" content=\"800\" \/>\n\t<meta property=\"og:image:type\" content=\"image\/jpeg\" \/>\n<meta name=\"twitter:card\" content=\"summary_large_image\" \/>\n<meta name=\"twitter:label1\" content=\"Tiempo de lectura\" \/>\n\t<meta name=\"twitter:data1\" content=\"3 minutos\" \/>\n<script type=\"application\/ld+json\" class=\"yoast-schema-graph\">{\"@context\":\"https:\\\/\\\/schema.org\",\"@graph\":[{\"@type\":\"WebPage\",\"@id\":\"https:\\\/\\\/chemgramx.com\\\/product\\\/blue-dream-sativa-dominant-hybrid-strain-17-24-thc\\\/\",\"url\":\"https:\\\/\\\/chemgramx.com\\\/product\\\/blue-dream-sativa-dominant-hybrid-strain-17-24-thc\\\/\",\"name\":\"Blue Dream Sativa Hybrid kaufen | 17\u201324% THC Genuss\",\"isPartOf\":{\"@id\":\"https:\\\/\\\/chemgramx.com\\\/#website\"},\"primaryImageOfPage\":{\"@id\":\"https:\\\/\\\/chemgramx.com\\\/product\\\/blue-dream-sativa-dominant-hybrid-strain-17-24-thc\\\/#primaryimage\"},\"image\":{\"@id\":\"https:\\\/\\\/chemgramx.com\\\/product\\\/blue-dream-sativa-dominant-hybrid-strain-17-24-thc\\\/#primaryimage\"},\"thumbnailUrl\":\"https:\\\/\\\/chemgramx.com\\\/wp-content\\\/uploads\\\/2025\\\/11\\\/blue-dream-sativa-dominant-hybrid-strain-17-24-thc.jpg\",\"datePublished\":\"2025-11-21T11:15:14+00:00\",\"dateModified\":\"2025-11-21T11:17:15+00:00\",\"description\":\"Blue Dream kaufen \u2013 Sativa-dominanter Hybrid mit 17\u201324% THC. Fruchtig, klar und entspannend. Premiumqualit\u00e4t jetzt diskret online bestellen!\",\"breadcrumb\":{\"@id\":\"https:\\\/\\\/chemgramx.com\\\/product\\\/blue-dream-sativa-dominant-hybrid-strain-17-24-thc\\\/#breadcrumb\"},\"inLanguage\":\"es\",\"potentialAction\":[{\"@type\":\"ReadAction\",\"target\":[\"https:\\\/\\\/chemgramx.com\\\/product\\\/blue-dream-sativa-dominant-hybrid-strain-17-24-thc\\\/\"]}]},{\"@type\":\"ImageObject\",\"inLanguage\":\"es\",\"@id\":\"https:\\\/\\\/chemgramx.com\\\/product\\\/blue-dream-sativa-dominant-hybrid-strain-17-24-thc\\\/#primaryimage\",\"url\":\"https:\\\/\\\/chemgramx.com\\\/wp-content\\\/uploads\\\/2025\\\/11\\\/blue-dream-sativa-dominant-hybrid-strain-17-24-thc.jpg\",\"contentUrl\":\"https:\\\/\\\/chemgramx.com\\\/wp-content\\\/uploads\\\/2025\\\/11\\\/blue-dream-sativa-dominant-hybrid-strain-17-24-thc.jpg\",\"width\":800,\"height\":800},{\"@type\":\"BreadcrumbList\",\"@id\":\"https:\\\/\\\/chemgramx.com\\\/product\\\/blue-dream-sativa-dominant-hybrid-strain-17-24-thc\\\/#breadcrumb\",\"itemListElement\":[{\"@type\":\"ListItem\",\"position\":1,\"name\":\"Home\",\"item\":\"https:\\\/\\\/chemgramx.com\\\/\"},{\"@type\":\"ListItem\",\"position\":2,\"name\":\"Shop\",\"item\":\"https:\\\/\\\/chemgramx.com\\\/shop\\\/\"},{\"@type\":\"ListItem\",\"position\":3,\"name\":\"Blue Dream Sativa Dominant Hybrid Strain 17% &#8211; 24% THC\"}]},{\"@type\":\"WebSite\",\"@id\":\"https:\\\/\\\/chemgramx.com\\\/#website\",\"url\":\"https:\\\/\\\/chemgramx.com\\\/\",\"name\":\"Chemgramx\",\"description\":\"\",\"publisher\":{\"@id\":\"https:\\\/\\\/chemgramx.com\\\/#organization\"},\"potentialAction\":[{\"@type\":\"SearchAction\",\"target\":{\"@type\":\"EntryPoint\",\"urlTemplate\":\"https:\\\/\\\/chemgramx.com\\\/?s={search_term_string}\"},\"query-input\":{\"@type\":\"PropertyValueSpecification\",\"valueRequired\":true,\"valueName\":\"search_term_string\"}}],\"inLanguage\":\"es\"},{\"@type\":\"Organization\",\"@id\":\"https:\\\/\\\/chemgramx.com\\\/#organization\",\"name\":\"Chemgramx\",\"url\":\"https:\\\/\\\/chemgramx.com\\\/\",\"logo\":{\"@type\":\"ImageObject\",\"inLanguage\":\"es\",\"@id\":\"https:\\\/\\\/chemgramx.com\\\/#\\\/schema\\\/logo\\\/image\\\/\",\"url\":\"https:\\\/\\\/chemgramx.com\\\/wp-content\\\/uploads\\\/2024\\\/10\\\/final-logo.png\",\"contentUrl\":\"https:\\\/\\\/chemgramx.com\\\/wp-content\\\/uploads\\\/2024\\\/10\\\/final-logo.png\",\"width\":250,\"height\":48,\"caption\":\"Chemgramx\"},\"image\":{\"@id\":\"https:\\\/\\\/chemgramx.com\\\/#\\\/schema\\\/logo\\\/image\\\/\"}}]}<\/script>\n<!-- \/ Yoast SEO plugin. -->","yoast_head_json":{"title":"Comprar Blue Dream H\u00edbrido Sativa | 17-24% THC Placer","description":"Comprar Blue Dream - Hibrido Sativa-dominante con 17-24% THC. Afrutado, claro y relajante. \u00a1Pida calidad premium discretamente en l\u00ednea ahora!","robots":{"index":"index","follow":"follow","max-snippet":"max-snippet:-1","max-image-preview":"max-image-preview:large","max-video-preview":"max-video-preview:-1"},"canonical":"https:\/\/chemgramx.com\/es\/producto-1\/blue-dream-variedad-hibrida-sativa-dominante-17-24-thc\/","og_locale":"es_ES","og_type":"article","og_title":"Blue Dream Sativa Hybrid kaufen | 17\u201324% THC Genuss","og_description":"Blue Dream kaufen \u2013 Sativa-dominanter Hybrid mit 17\u201324% THC. Fruchtig, klar und entspannend. Premiumqualit\u00e4t jetzt diskret online bestellen!","og_url":"https:\/\/chemgramx.com\/es\/producto-1\/blue-dream-variedad-hibrida-sativa-dominante-17-24-thc\/","og_site_name":"Chemgramx","article_modified_time":"2025-11-21T11:17:15+00:00","og_image":[{"width":800,"height":800,"url":"https:\/\/chemgramx.com\/wp-content\/uploads\/2025\/11\/blue-dream-sativa-dominant-hybrid-strain-17-24-thc.jpg","type":"image\/jpeg"}],"twitter_card":"summary_large_image","twitter_misc":{"Tiempo de lectura":"3 minutos"},"schema":{"@context":"https:\/\/schema.org","@graph":[{"@type":"WebPage","@id":"https:\/\/chemgramx.com\/product\/blue-dream-sativa-dominant-hybrid-strain-17-24-thc\/","url":"https:\/\/chemgramx.com\/product\/blue-dream-sativa-dominant-hybrid-strain-17-24-thc\/","name":"Comprar Blue Dream H\u00edbrido Sativa | 17-24% THC Placer","isPartOf":{"@id":"https:\/\/chemgramx.com\/#website"},"primaryImageOfPage":{"@id":"https:\/\/chemgramx.com\/product\/blue-dream-sativa-dominant-hybrid-strain-17-24-thc\/#primaryimage"},"image":{"@id":"https:\/\/chemgramx.com\/product\/blue-dream-sativa-dominant-hybrid-strain-17-24-thc\/#primaryimage"},"thumbnailUrl":"https:\/\/chemgramx.com\/wp-content\/uploads\/2025\/11\/blue-dream-sativa-dominant-hybrid-strain-17-24-thc.jpg","datePublished":"2025-11-21T11:15:14+00:00","dateModified":"2025-11-21T11:17:15+00:00","description":"Comprar Blue Dream - Hibrido Sativa-dominante con 17-24% THC. Afrutado, claro y relajante. \u00a1Pida calidad premium discretamente en l\u00ednea ahora!","breadcrumb":{"@id":"https:\/\/chemgramx.com\/product\/blue-dream-sativa-dominant-hybrid-strain-17-24-thc\/#breadcrumb"},"inLanguage":"es","potentialAction":[{"@type":"ReadAction","target":["https:\/\/chemgramx.com\/product\/blue-dream-sativa-dominant-hybrid-strain-17-24-thc\/"]}]},{"@type":"ImageObject","inLanguage":"es","@id":"https:\/\/chemgramx.com\/product\/blue-dream-sativa-dominant-hybrid-strain-17-24-thc\/#primaryimage","url":"https:\/\/chemgramx.com\/wp-content\/uploads\/2025\/11\/blue-dream-sativa-dominant-hybrid-strain-17-24-thc.jpg","contentUrl":"https:\/\/chemgramx.com\/wp-content\/uploads\/2025\/11\/blue-dream-sativa-dominant-hybrid-strain-17-24-thc.jpg","width":800,"height":800},{"@type":"BreadcrumbList","@id":"https:\/\/chemgramx.com\/product\/blue-dream-sativa-dominant-hybrid-strain-17-24-thc\/#breadcrumb","itemListElement":[{"@type":"ListItem","position":1,"name":"Home","item":"https:\/\/chemgramx.com\/"},{"@type":"ListItem","position":2,"name":"Shop","item":"https:\/\/chemgramx.com\/shop\/"},{"@type":"ListItem","position":3,"name":"Blue Dream Sativa Dominant Hybrid Strain 17% &#8211; 24% THC"}]},{"@type":"WebSite","@id":"https:\/\/chemgramx.com\/#website","url":"https:\/\/chemgramx.com\/","name":"Chemgramx","description":"","publisher":{"@id":"https:\/\/chemgramx.com\/#organization"},"potentialAction":[{"@type":"SearchAction","target":{"@type":"EntryPoint","urlTemplate":"https:\/\/chemgramx.com\/?s={search_term_string}"},"query-input":{"@type":"PropertyValueSpecification","valueRequired":true,"valueName":"search_term_string"}}],"inLanguage":"es"},{"@type":"Organization","@id":"https:\/\/chemgramx.com\/#organization","name":"Chemgramx","url":"https:\/\/chemgramx.com\/","logo":{"@type":"ImageObject","inLanguage":"es","@id":"https:\/\/chemgramx.com\/#\/schema\/logo\/image\/","url":"https:\/\/chemgramx.com\/wp-content\/uploads\/2024\/10\/final-logo.png","contentUrl":"https:\/\/chemgramx.com\/wp-content\/uploads\/2024\/10\/final-logo.png","width":250,"height":48,"caption":"Chemgramx"},"image":{"@id":"https:\/\/chemgramx.com\/#\/schema\/logo\/image\/"}}]}},"_links":{"self":[{"href":"https:\/\/chemgramx.com\/es\/wp-json\/wp\/v2\/product\/7340","targetHints":{"allow":["GET"]}}],"collection":[{"href":"https:\/\/chemgramx.com\/es\/wp-json\/wp\/v2\/product"}],"about":[{"href":"https:\/\/chemgramx.com\/es\/wp-json\/wp\/v2\/types\/product"}],"replies":[{"embeddable":true,"href":"https:\/\/chemgramx.com\/es\/wp-json\/wp\/v2\/comments?post=7340"}],"wp:featuredmedia":[{"embeddable":true,"href":"https:\/\/chemgramx.com\/es\/wp-json\/wp\/v2\/media\/7377"}],"wp:attachment":[{"href":"https:\/\/chemgramx.com\/es\/wp-json\/wp\/v2\/media?parent=7340"}],"wp:term":[{"taxonomy":"product_brand","embeddable":true,"href":"https:\/\/chemgramx.com\/es\/wp-json\/wp\/v2\/product_brand?post=7340"},{"taxonomy":"product_cat","embeddable":true,"href":"https:\/\/chemgramx.com\/es\/wp-json\/wp\/v2\/product_cat?post=7340"},{"taxonomy":"product_tag","embeddable":true,"href":"https:\/\/chemgramx.com\/es\/wp-json\/wp\/v2\/product_tag?post=7340"}],"curies":[{"name":"wp","href":"https:\/\/api.w.org\/{rel}","templated":true}]}}