{"id":7342,"date":"2025-11-21T11:15:14","date_gmt":"2025-11-21T11:15:14","guid":{"rendered":"https:\/\/chemgramx.com\/?post_type=product&#038;p=7342"},"modified":"2025-11-21T11:17:15","modified_gmt":"2025-11-21T11:17:15","slug":"fruta-prohibida-variedad-hibrida-indica-23-26-thc","status":"publish","type":"product","link":"https:\/\/chemgramx.com\/es\/product\/forbidden-fruit-indica-hybrid-strain-23-26-thc\/","title":{"rendered":"Fruta Prohibida Variedad H\u00edbrida Indica 23% - 26% THC"},"content":{"rendered":"<p><b>Fruta prohibida<\/b> es una variedad de cannabis que est\u00e1 despertando un gran inter\u00e9s en la investigaci\u00f3n bot\u00e1nica y farmacol\u00f3gica. <b>Principalmente<\/b> ella es para ella <b>Sabor intenso y afrutado<\/b> y su efecto profundamente relajante. Con una concentraci\u00f3n de THC comunicada de <b>23 % a 26 %<\/b> es uno de los h\u00edbridos m\u00e1s fuertes con dominancia \u00edndica. <b>En consecuencia<\/b> es un valioso objeto de investigaci\u00f3n para estudiar los efectos sin\u00e9rgicos de los cannabinoides y los terpenos.<\/p>\n<p>Este art\u00edculo ofrece una <b>An\u00e1lisis detallado<\/b> el parentesco gen\u00e9tico, el perfil qu\u00edmico y las caracter\u00edsticas bot\u00e1nicas de la Fruta Prohibida. <b>En el proceso<\/b> siempre insistimos en la necesidad de cumplir estrictas normas de calidad y legales en el trabajo cient\u00edfico.<\/p>\n<h2><b>Ascendencia gen\u00e9tica y clasificaci\u00f3n<\/b><\/h2>\n<p>Forbidden Fruit se cri\u00f3 con el objetivo de crear una variedad con un sabor excepcional y un fuerte efecto relajante. <b>De hecho<\/b> Esta variedad es el resultado del cruce de dos variedades extremadamente populares.<\/p>\n<h3><b>El origen de los genes<\/b><\/h3>\n<p>Fruta Prohibida es un cruce entre:<\/p>\n<ul>\n<li><b>Pastel de cerezas (h\u00edbrido):<\/b> Esta variedad contribuye a las notas dulces y a cereza. <b>Adem\u00e1s<\/b> proporciona un efecto equilibrado y relajante.<\/li>\n<li><b>Tangie (Sativa dominante):<\/b> <b>Estos<\/b> Esta variedad es conocida por sus intensos sabores a c\u00edtricos y naranja. <b>As\u00ed,<\/b> aporta un componente euf\u00f3rico y cerebral al perfil de predominancia \u00edndica.<\/li>\n<\/ul>\n<p><b>En resumen:<\/b> El resultado es un <b>h\u00edbrido estable de dominancia \u00edndica<\/b>. Se caracteriza por su fuerte efecto f\u00edsico sin suprimir por completo la claridad mental.<\/p>\n<h2><b>Contenido de THC y potencia<\/b><\/h2>\n<p>Con una potencia de entre 23 % y 26 % de THC, Forbidden Fruit es una de las variedades m\u00e1s potentes del mercado. <b>H\u00edbridos premium<\/b>. <b>En consecuencia<\/b> la cepa es objeto de investigaci\u00f3n cl\u00ednica en lo que respecta a los m\u00e1ximos efectos analg\u00e9sicos (alivio del dolor) y ansiol\u00edticos (alivio de la ansiedad) del THC. <b>En<\/b> El efecto es duradero e intenso.<\/p>\n<h2><b>Perfil sensorial y base qu\u00edmica<\/b><\/h2>\n<p>El sabor es un factor clave en la popularidad de la Fruta Prohibida. <b>En particular<\/b> es una compleja mezcla de frutos negros, cerezas y frescor c\u00edtrico.<\/p>\n<h3><b>Componentes arom\u00e1ticos y de sabor<\/b><\/h3>\n<p>El perfil olfativo es lujoso y afrutado:<\/p>\n<ol start=\"1\">\n<li><b>Notas afrutadas dominantes:<\/b> La fragancia es una rica mezcla de <b>Cerezas, bayas y c\u00edtricos<\/b> (heredado de Cherry Pie y Tangie).<\/li>\n<li><b>Nota cremosa:<\/b> <b>Una nota<\/b> un sabor con cuerpo, cremoso y suavemente dulce cuando se consume.<\/li>\n<li><b>Fondo picante:<\/b> <b>Por \u00faltimo<\/b> sutiles notas especiadas o terrosas proporcionan un final complejo.<\/li>\n<\/ol>\n<h2><b>Los terpenos como moduladores del efecto<\/b><\/h2>\n<p>El sabor afrutado y el efecto calmante indican los siguientes terpenos primarios:<\/p>\n<ul>\n<li><b>Mirceno:<\/b> Este terpeno contribuye a las notas afrutadas y terrosas. <b>Al mismo tiempo<\/b> es el factor m\u00e1s importante para una relajaci\u00f3n f\u00edsica profunda.<\/li>\n<li><b>Limas:<\/b> Aporta el frescor de los c\u00edtricos. <b>Aunque<\/b> Indica-dominante, el limoneno puede evitar que la relajaci\u00f3n sea demasiado sedante y promover una ligera euforia.<\/li>\n<li><b>Cariofileno:<\/b> <b>Este terpeno<\/b> aporta los acentos picantes.<a href=\"\/product\/alchemist-afghani-hash-kaufen\/\"> <b>Adem\u00e1s<\/b><\/a> se est\u00e1 investigando por sus posibles propiedades antiinflamatorias.<\/li>\n<\/ul>\n<h2><b>Perfil de impacto declarado e inter\u00e9s de la aplicaci\u00f3n<\/b><\/h2>\n<p>La Fruta Prohibida se valora por su habilidad, <b>Relajaci\u00f3n f\u00edsica profunda<\/b> con un <b>estado mental suave y positivo<\/b> para combinar. <b>Este efecto<\/b> es t\u00edpico de los h\u00edbridos con una fuerte dominancia \u00edndica.<\/p>\n<h2><b>Efectos t\u00edpicos<\/b><\/h2>\n<p>Los informes indican los siguientes patrones de efectos caracter\u00edsticos:<\/p>\n<ul>\n<li><b>Relajaci\u00f3n corporal profunda:<\/b> <b>Usuarios<\/b> informan de un gran alivio de la tensi\u00f3n muscular y el estr\u00e9s f\u00edsico.<\/li>\n<li><b>Euforia suave:<\/b> <b>El efecto mental<\/b> es tranquilizador, pero al mismo tiempo positivo y ligeramente euf\u00f3rico.<\/li>\n<li><b>Reducci\u00f3n del estr\u00e9s:<\/b> <b>Debido a<\/b> El perfil relajante de esta variedad la hace ideal para la relajaci\u00f3n nocturna.<\/li>\n<\/ul>\n<h3><b>Potencial de investigaci\u00f3n<\/b><\/h3>\n<p>La combinaci\u00f3n de alta potencia y efecto profundamente relajante hace que la Fruta Prohibida sea interesante para la investigaci\u00f3n en las siguientes \u00e1reas:<\/p>\n<ul>\n<li><b>Trastornos del sue\u00f1o y ansiedad:<\/b> <b>Se podr\u00eda<\/b> investigar en qu\u00e9 medida la variedad puede contribuir a aliviar las dificultades para conciliar el sue\u00f1o o el estr\u00e9s cr\u00f3nico.<\/li>\n<li><b>Dolor cr\u00f3nico:<\/b> El fuerte efecto f\u00edsico es de inter\u00e9s para la terapia del dolor.<\/li>\n<\/ul>\n<h2><b>Requisitos bot\u00e1nicos y garant\u00eda de calidad<\/b><\/h2>\n<p>Fruta prohibida es un <b>rentable<\/b> Variedad con flores ricas en resina.<\/p>\n<ul>\n<li><b>Caracter\u00edsticas florales:<\/b> Los brotes son <b>denso<\/b> y tienen una fuerte producci\u00f3n de resina. <b>Este<\/b> subraya su gran potencia.<\/li>\n<li><b>Control de calidad:<\/b> Por la integridad de las muestras de la investigaci\u00f3n <b>Valores de THC analizados en laboratorio<\/b> y la ausencia de contaminantes. <b>As\u00ed<\/b> puede garantizarse una calidad superior.<\/li>\n<\/ul>","protected":false},"excerpt":{"rendered":"<p data-start=\"2810\" data-end=\"2934\">Forbidden Fruit - H\u00edbrido Indica con 23-26 % THC. Sabor dulce y afrutado, relajaci\u00f3n profunda y calidad premium para entendidos.<\/p>","protected":false},"featured_media":7379,"comment_status":"open","ping_status":"closed","template":"","meta":{"_joinchat":[]},"product_brand":[],"product_cat":[62],"product_tag":[],"class_list":{"0":"post-7342","1":"product","2":"type-product","3":"status-publish","4":"has-post-thumbnail","6":"product_cat-marijuana","8":"first","9":"instock","10":"shipping-taxable","11":"purchasable","12":"product-type-variable"},"yoast_head":"<!-- This site is optimized with the Yoast SEO plugin v27.5 - https:\/\/yoast.com\/product\/yoast-seo-wordpress\/ -->\n<title>Forbidden Fruit kaufen | 23\u201326% THC Indica Hybrid<\/title>\n<meta name=\"description\" content=\"Forbidden Fruit online kaufen \u2013 23\u201326 % THC, s\u00fc\u00df-fruchtiges Aroma, starke Entspannung. Premium-Indica-Hybrid mit diskretem Versand in Deutschland &amp; EU.\" \/>\n<meta name=\"robots\" content=\"index, follow, max-snippet:-1, max-image-preview:large, max-video-preview:-1\" \/>\n<link rel=\"canonical\" href=\"https:\/\/chemgramx.com\/es\/producto-1\/fruta-prohibida-variedad-hibrida-indica-23-26-thc\/\" \/>\n<meta property=\"og:locale\" content=\"es_ES\" \/>\n<meta property=\"og:type\" content=\"article\" \/>\n<meta property=\"og:title\" content=\"Forbidden Fruit kaufen | 23\u201326% THC Indica Hybrid\" \/>\n<meta property=\"og:description\" content=\"Forbidden Fruit online kaufen \u2013 23\u201326 % THC, s\u00fc\u00df-fruchtiges Aroma, starke Entspannung. Premium-Indica-Hybrid mit diskretem Versand in Deutschland &amp; EU.\" \/>\n<meta property=\"og:url\" content=\"https:\/\/chemgramx.com\/es\/producto-1\/fruta-prohibida-variedad-hibrida-indica-23-26-thc\/\" \/>\n<meta property=\"og:site_name\" content=\"Chemgramx\" \/>\n<meta property=\"article:modified_time\" content=\"2025-11-21T11:17:15+00:00\" \/>\n<meta property=\"og:image\" content=\"https:\/\/chemgramx.com\/wp-content\/uploads\/2025\/11\/forbidden-fruit-indica-hybrid-strain-23-26-thc.jpg\" \/>\n\t<meta property=\"og:image:width\" content=\"274\" \/>\n\t<meta property=\"og:image:height\" content=\"184\" \/>\n\t<meta property=\"og:image:type\" content=\"image\/jpeg\" \/>\n<meta name=\"twitter:card\" content=\"summary_large_image\" \/>\n<meta name=\"twitter:label1\" content=\"Tiempo de lectura\" \/>\n\t<meta name=\"twitter:data1\" content=\"3 minutos\" \/>\n<script type=\"application\/ld+json\" class=\"yoast-schema-graph\">{\"@context\":\"https:\\\/\\\/schema.org\",\"@graph\":[{\"@type\":\"WebPage\",\"@id\":\"https:\\\/\\\/chemgramx.com\\\/product\\\/forbidden-fruit-indica-hybrid-strain-23-26-thc\\\/\",\"url\":\"https:\\\/\\\/chemgramx.com\\\/product\\\/forbidden-fruit-indica-hybrid-strain-23-26-thc\\\/\",\"name\":\"Forbidden Fruit kaufen | 23\u201326% THC Indica Hybrid\",\"isPartOf\":{\"@id\":\"https:\\\/\\\/chemgramx.com\\\/#website\"},\"primaryImageOfPage\":{\"@id\":\"https:\\\/\\\/chemgramx.com\\\/product\\\/forbidden-fruit-indica-hybrid-strain-23-26-thc\\\/#primaryimage\"},\"image\":{\"@id\":\"https:\\\/\\\/chemgramx.com\\\/product\\\/forbidden-fruit-indica-hybrid-strain-23-26-thc\\\/#primaryimage\"},\"thumbnailUrl\":\"https:\\\/\\\/chemgramx.com\\\/wp-content\\\/uploads\\\/2025\\\/11\\\/forbidden-fruit-indica-hybrid-strain-23-26-thc.jpg\",\"datePublished\":\"2025-11-21T11:15:14+00:00\",\"dateModified\":\"2025-11-21T11:17:15+00:00\",\"description\":\"Forbidden Fruit online kaufen \u2013 23\u201326 % THC, s\u00fc\u00df-fruchtiges Aroma, starke Entspannung. Premium-Indica-Hybrid mit diskretem Versand in Deutschland &amp; EU.\",\"breadcrumb\":{\"@id\":\"https:\\\/\\\/chemgramx.com\\\/product\\\/forbidden-fruit-indica-hybrid-strain-23-26-thc\\\/#breadcrumb\"},\"inLanguage\":\"es\",\"potentialAction\":[{\"@type\":\"ReadAction\",\"target\":[\"https:\\\/\\\/chemgramx.com\\\/product\\\/forbidden-fruit-indica-hybrid-strain-23-26-thc\\\/\"]}]},{\"@type\":\"ImageObject\",\"inLanguage\":\"es\",\"@id\":\"https:\\\/\\\/chemgramx.com\\\/product\\\/forbidden-fruit-indica-hybrid-strain-23-26-thc\\\/#primaryimage\",\"url\":\"https:\\\/\\\/chemgramx.com\\\/wp-content\\\/uploads\\\/2025\\\/11\\\/forbidden-fruit-indica-hybrid-strain-23-26-thc.jpg\",\"contentUrl\":\"https:\\\/\\\/chemgramx.com\\\/wp-content\\\/uploads\\\/2025\\\/11\\\/forbidden-fruit-indica-hybrid-strain-23-26-thc.jpg\",\"width\":274,\"height\":184},{\"@type\":\"BreadcrumbList\",\"@id\":\"https:\\\/\\\/chemgramx.com\\\/product\\\/forbidden-fruit-indica-hybrid-strain-23-26-thc\\\/#breadcrumb\",\"itemListElement\":[{\"@type\":\"ListItem\",\"position\":1,\"name\":\"Home\",\"item\":\"https:\\\/\\\/chemgramx.com\\\/\"},{\"@type\":\"ListItem\",\"position\":2,\"name\":\"Shop\",\"item\":\"https:\\\/\\\/chemgramx.com\\\/shop\\\/\"},{\"@type\":\"ListItem\",\"position\":3,\"name\":\"Forbidden Fruit Indica Hybrid Strain 23% &#8211; 26% THC\"}]},{\"@type\":\"WebSite\",\"@id\":\"https:\\\/\\\/chemgramx.com\\\/#website\",\"url\":\"https:\\\/\\\/chemgramx.com\\\/\",\"name\":\"Chemgramx\",\"description\":\"\",\"publisher\":{\"@id\":\"https:\\\/\\\/chemgramx.com\\\/#organization\"},\"potentialAction\":[{\"@type\":\"SearchAction\",\"target\":{\"@type\":\"EntryPoint\",\"urlTemplate\":\"https:\\\/\\\/chemgramx.com\\\/?s={search_term_string}\"},\"query-input\":{\"@type\":\"PropertyValueSpecification\",\"valueRequired\":true,\"valueName\":\"search_term_string\"}}],\"inLanguage\":\"es\"},{\"@type\":\"Organization\",\"@id\":\"https:\\\/\\\/chemgramx.com\\\/#organization\",\"name\":\"Chemgramx\",\"url\":\"https:\\\/\\\/chemgramx.com\\\/\",\"logo\":{\"@type\":\"ImageObject\",\"inLanguage\":\"es\",\"@id\":\"https:\\\/\\\/chemgramx.com\\\/#\\\/schema\\\/logo\\\/image\\\/\",\"url\":\"https:\\\/\\\/chemgramx.com\\\/wp-content\\\/uploads\\\/2024\\\/10\\\/final-logo.png\",\"contentUrl\":\"https:\\\/\\\/chemgramx.com\\\/wp-content\\\/uploads\\\/2024\\\/10\\\/final-logo.png\",\"width\":250,\"height\":48,\"caption\":\"Chemgramx\"},\"image\":{\"@id\":\"https:\\\/\\\/chemgramx.com\\\/#\\\/schema\\\/logo\\\/image\\\/\"}}]}<\/script>\n<!-- \/ Yoast SEO plugin. -->","yoast_head_json":{"title":"Comprar Fruta Prohibida | 23-26% H\u00edbrido THC Indica","description":"Forbidden Fruit online kaufen \u2013 23\u201326 % THC, s\u00fc\u00df-fruchtiges Aroma, starke Entspannung. Premium-Indica-Hybrid mit diskretem Versand in Deutschland &amp; EU.","robots":{"index":"index","follow":"follow","max-snippet":"max-snippet:-1","max-image-preview":"max-image-preview:large","max-video-preview":"max-video-preview:-1"},"canonical":"https:\/\/chemgramx.com\/es\/producto-1\/fruta-prohibida-variedad-hibrida-indica-23-26-thc\/","og_locale":"es_ES","og_type":"article","og_title":"Forbidden Fruit kaufen | 23\u201326% THC Indica Hybrid","og_description":"Forbidden Fruit online kaufen \u2013 23\u201326 % THC, s\u00fc\u00df-fruchtiges Aroma, starke Entspannung. Premium-Indica-Hybrid mit diskretem Versand in Deutschland &amp; EU.","og_url":"https:\/\/chemgramx.com\/es\/producto-1\/fruta-prohibida-variedad-hibrida-indica-23-26-thc\/","og_site_name":"Chemgramx","article_modified_time":"2025-11-21T11:17:15+00:00","og_image":[{"width":274,"height":184,"url":"https:\/\/chemgramx.com\/wp-content\/uploads\/2025\/11\/forbidden-fruit-indica-hybrid-strain-23-26-thc.jpg","type":"image\/jpeg"}],"twitter_card":"summary_large_image","twitter_misc":{"Tiempo de lectura":"3 minutos"},"schema":{"@context":"https:\/\/schema.org","@graph":[{"@type":"WebPage","@id":"https:\/\/chemgramx.com\/product\/forbidden-fruit-indica-hybrid-strain-23-26-thc\/","url":"https:\/\/chemgramx.com\/product\/forbidden-fruit-indica-hybrid-strain-23-26-thc\/","name":"Comprar Fruta Prohibida | 23-26% H\u00edbrido THC Indica","isPartOf":{"@id":"https:\/\/chemgramx.com\/#website"},"primaryImageOfPage":{"@id":"https:\/\/chemgramx.com\/product\/forbidden-fruit-indica-hybrid-strain-23-26-thc\/#primaryimage"},"image":{"@id":"https:\/\/chemgramx.com\/product\/forbidden-fruit-indica-hybrid-strain-23-26-thc\/#primaryimage"},"thumbnailUrl":"https:\/\/chemgramx.com\/wp-content\/uploads\/2025\/11\/forbidden-fruit-indica-hybrid-strain-23-26-thc.jpg","datePublished":"2025-11-21T11:15:14+00:00","dateModified":"2025-11-21T11:17:15+00:00","description":"Forbidden Fruit online kaufen \u2013 23\u201326 % THC, s\u00fc\u00df-fruchtiges Aroma, starke Entspannung. Premium-Indica-Hybrid mit diskretem Versand in Deutschland &amp; EU.","breadcrumb":{"@id":"https:\/\/chemgramx.com\/product\/forbidden-fruit-indica-hybrid-strain-23-26-thc\/#breadcrumb"},"inLanguage":"es","potentialAction":[{"@type":"ReadAction","target":["https:\/\/chemgramx.com\/product\/forbidden-fruit-indica-hybrid-strain-23-26-thc\/"]}]},{"@type":"ImageObject","inLanguage":"es","@id":"https:\/\/chemgramx.com\/product\/forbidden-fruit-indica-hybrid-strain-23-26-thc\/#primaryimage","url":"https:\/\/chemgramx.com\/wp-content\/uploads\/2025\/11\/forbidden-fruit-indica-hybrid-strain-23-26-thc.jpg","contentUrl":"https:\/\/chemgramx.com\/wp-content\/uploads\/2025\/11\/forbidden-fruit-indica-hybrid-strain-23-26-thc.jpg","width":274,"height":184},{"@type":"BreadcrumbList","@id":"https:\/\/chemgramx.com\/product\/forbidden-fruit-indica-hybrid-strain-23-26-thc\/#breadcrumb","itemListElement":[{"@type":"ListItem","position":1,"name":"Home","item":"https:\/\/chemgramx.com\/"},{"@type":"ListItem","position":2,"name":"Shop","item":"https:\/\/chemgramx.com\/shop\/"},{"@type":"ListItem","position":3,"name":"Forbidden Fruit Indica Hybrid Strain 23% &#8211; 26% THC"}]},{"@type":"WebSite","@id":"https:\/\/chemgramx.com\/#website","url":"https:\/\/chemgramx.com\/","name":"Chemgramx","description":"","publisher":{"@id":"https:\/\/chemgramx.com\/#organization"},"potentialAction":[{"@type":"SearchAction","target":{"@type":"EntryPoint","urlTemplate":"https:\/\/chemgramx.com\/?s={search_term_string}"},"query-input":{"@type":"PropertyValueSpecification","valueRequired":true,"valueName":"search_term_string"}}],"inLanguage":"es"},{"@type":"Organization","@id":"https:\/\/chemgramx.com\/#organization","name":"Chemgramx","url":"https:\/\/chemgramx.com\/","logo":{"@type":"ImageObject","inLanguage":"es","@id":"https:\/\/chemgramx.com\/#\/schema\/logo\/image\/","url":"https:\/\/chemgramx.com\/wp-content\/uploads\/2024\/10\/final-logo.png","contentUrl":"https:\/\/chemgramx.com\/wp-content\/uploads\/2024\/10\/final-logo.png","width":250,"height":48,"caption":"Chemgramx"},"image":{"@id":"https:\/\/chemgramx.com\/#\/schema\/logo\/image\/"}}]}},"_links":{"self":[{"href":"https:\/\/chemgramx.com\/es\/wp-json\/wp\/v2\/product\/7342","targetHints":{"allow":["GET"]}}],"collection":[{"href":"https:\/\/chemgramx.com\/es\/wp-json\/wp\/v2\/product"}],"about":[{"href":"https:\/\/chemgramx.com\/es\/wp-json\/wp\/v2\/types\/product"}],"replies":[{"embeddable":true,"href":"https:\/\/chemgramx.com\/es\/wp-json\/wp\/v2\/comments?post=7342"}],"wp:featuredmedia":[{"embeddable":true,"href":"https:\/\/chemgramx.com\/es\/wp-json\/wp\/v2\/media\/7379"}],"wp:attachment":[{"href":"https:\/\/chemgramx.com\/es\/wp-json\/wp\/v2\/media?parent=7342"}],"wp:term":[{"taxonomy":"product_brand","embeddable":true,"href":"https:\/\/chemgramx.com\/es\/wp-json\/wp\/v2\/product_brand?post=7342"},{"taxonomy":"product_cat","embeddable":true,"href":"https:\/\/chemgramx.com\/es\/wp-json\/wp\/v2\/product_cat?post=7342"},{"taxonomy":"product_tag","embeddable":true,"href":"https:\/\/chemgramx.com\/es\/wp-json\/wp\/v2\/product_tag?post=7342"}],"curies":[{"name":"wp","href":"https:\/\/api.w.org\/{rel}","templated":true}]}}