{"id":7366,"date":"2025-11-21T11:15:41","date_gmt":"2025-11-21T11:15:41","guid":{"rendered":"https:\/\/chemgramx.com\/?post_type=product&#038;p=7366"},"modified":"2025-12-10T07:05:13","modified_gmt":"2025-12-10T07:05:13","slug":"lemon-haze-hibrido-sativa-17-22-thc-cannabis-premium","status":"publish","type":"product","link":"https:\/\/chemgramx.com\/es\/product\/lemon-haze-sativa-hybrid-17-22-thc-premium-cannabis\/","title":{"rendered":"Comprar Lemon Haze - citrus, energy (online | calidad superior)"},"content":{"rendered":"<p><b>Lim\u00f3n Haze<\/b>, una de las variedades de cannabis m\u00e1s conocidas del mundo, fascina por su inconfundible sabor a lim\u00f3n y su efecto vigorizante. Tambi\u00e9n impresiona por su potencia fuerte y equilibrada. Con <b>17 % a 22 % THC<\/b> Lemon Haze es una de las m\u00e1s buscadas <b>H\u00edbridos sativa<\/b> para cualquiera que busque un efecto claro, energizante y que mejore el estado de \u00e1nimo. En Chemgramx puede <b>Venta de Lemon Haze<\/b> descubra el m\u00e1s alto <b>Clase de investigaci\u00f3n en venta<\/b> e impresionante <b>Alta pureza a la venta<\/b> tiene. Esta variedad de primera calidad se procesa y manipula con sumo cuidado.<\/p>\n<h2>Gen\u00e9tica y origen<\/h2>\n<p><b>Lim\u00f3n Haze<\/b> naci\u00f3 del cruce de dos leyendas del cannabis: <b>Lemon Skunk<\/b> y <b>Niebla plateada<\/b>. Esta combinaci\u00f3n gen\u00e9tica garantiza un perfil perfectamente equilibrado. Sus or\u00edgenes est\u00e1n profundamente arraigados en la historia del cannabis, por lo que garantiza una calidad inigualable. <b>Lemon Skunk<\/b> aporta el sabor afrutado y penetrante del lim\u00f3n y el subid\u00f3n sativa. <b>Niebla plateada<\/b> proporciona profundidad, claridad y un subid\u00f3n duradero. El resultado es un <b>70 % H\u00edbrido Sativa \/ 30 % H\u00edbrido Indica<\/b>, que ofrece estimulaci\u00f3n mental y relajaci\u00f3n suave sin pesadez. Se trata de un <b>Aut\u00e9ntica Lemon Haze<\/b>.<\/p>\n<h2>Aroma, sabor y perfil terp\u00e9nico<\/h2>\n<p>Incluso al abrir un contenedor con <b>Lim\u00f3n Haze<\/b> despliega una intensa fragancia de <b>lim\u00f3n fresco, lima y pomelo dulce<\/b>, acompa\u00f1ado de matices ligeramente picantes y terrosos. El pronunciado <b>Perfil terp\u00e9nico<\/b> contiene sobre todo:<\/p>\n<ul>\n<li><b>Limas:<\/b> Para un sabor c\u00edtrico y efectos que mejoran el estado de \u00e1nimo.<\/li>\n<li><b>Cariofileno:<\/b> Picante, picante, potencialmente antiinflamatorio.<\/li>\n<li><b>Mirceno:<\/b> Proporciona una suave relajaci\u00f3n y equilibrio.<\/li>\n<li><b>Pineno:<\/b> Favorece la concentraci\u00f3n y el estado de alerta.<\/li>\n<\/ul>\n<p>El sabor es fresco, \u00e1cido y agradablemente agridulce, como el de una limonada natural con notas herb\u00e1ceas. Esto hace que <b>Lemon Haze de primera clase<\/b> tan codiciado.<\/p>\n<h2>Efecto y efectos de Lemon Haze<\/h2>\n<p>Con <b>17 - 22 % THC<\/b> ofrece <b>Lim\u00f3n Haze<\/b> un efecto potente pero no abrumador. El car\u00e1cter sativa dominante conduce a una estimulaci\u00f3n principalmente cerebral, por lo que es una excelente opci\u00f3n para el uso diurno. Muchos usuarios describen el efecto como:<\/p>\n<ul>\n<li><b>Euf\u00f3rico<\/b> - anima notablemente el ambiente.<\/li>\n<li><b>Claridad y concentraci\u00f3n<\/b> - Ideal para tareas creativas.<\/li>\n<li><b>Lleno de energ\u00eda<\/b> - fomenta la motivaci\u00f3n y la productividad.<\/li>\n<li><b>Suavemente relajante<\/b> - alivia la tensi\u00f3n f\u00edsica.<\/li>\n<\/ul>\n<p> \u0924\u0930\u0932.<br \/>Gracias a este perfil equilibrado, Lemon Haze es ideal para el uso diurno. Es la <b>La mejor Lemon Haze disponible<\/b>. Descubra otras sustancias como <b><a href=\"https:\/\/chemgramx.com\/product\/2c-b-fly-10mg-pellets-kaufen\/\">2C-B-FLY 10mg gr\u00e1nulos<\/a><\/b>.<\/p>\n<h2>Posibles aplicaciones m\u00e9dicas<\/h2>\n<p>En investigaci\u00f3n m\u00e9dica <b>Lim\u00f3n Haze<\/b> debido a su <b>propiedades estabilizadoras del humor y analg\u00e9sicas<\/b> apreciados. Las investigaciones sugieren que esta combinaci\u00f3n \u00fanica produce efectos sin\u00e9rgicos. Puede ser de apoyo para:<\/p>\n<ul>\n<li><b>Estr\u00e9s, ansiedad y depresi\u00f3n.<\/b><\/li>\n<li><b>Problemas de concentraci\u00f3n o agotamiento mental.<\/b><\/li>\n<li><b>Dolor cr\u00f3nico leve o migra\u00f1a.<\/b><\/li>\n<li><b>P\u00e9rdida de apetito y cansancio.<\/b><\/li>\n<\/ul>\n<p>Gracias a la elevada <b>Contenido de cal<\/b> la variedad tiene potencial <b>antidepresivo y ansiol\u00edtico<\/b> efectos. \u00c9stos son cada vez m\u00e1s objeto de estudios cl\u00ednicos. Para preguntas de investigaci\u00f3n puede <b><a href=\"https:\/\/chemgramx.com\/product\/4-fa-4-fluoroamphetamine-online-kaufen\/\">4-FA (4-fluoroanfetamina)<\/a><\/b> considerar.<\/p>\n<h2>Aspecto y estructura<\/h2>\n<p>Los brotes de <b>Lim\u00f3n Haze<\/b> son grandes, densas y de color verde claro brillante. A menudo intercalados con pelos de color amarillo y naranja y una densa, <b>recubrimiento cristalino de tricomas<\/b>. Esta capa de resina indica el alto contenido de THC y el rico perfil de terpenos. Una estructura impecable es se\u00f1al de <b>Lemon Haze de primera calidad<\/b>. Cuando se aplastan, las flores desprenden una intensa fragancia agridulce, una clara caracter\u00edstica de esta variedad.<\/p>\n<h2>Cultivo y rendimiento<\/h2>\n<p><b>Lim\u00f3n Haze<\/b> prefiere los climas c\u00e1lidos y soleados y puede cultivarse tanto en interior como en exterior. La planta tiende a crecer en altura. Por lo tanto, los cultivadores de interior deben garantizar una buena ventilaci\u00f3n y una poda regular.<\/p>\n<ul>\n<li><b>\u00c9poca de floraci\u00f3n:<\/b> 8 - 10 semanas.<\/li>\n<li><b>Rendimiento en interiores:<\/b> hasta 550 g\/m\u00b2.<\/li>\n<li><b>Rendimiento al aire libre:<\/b> hasta 700 g por planta.<\/li>\n<li><b>Grado de dificultad:<\/b> Media (requiere experiencia con h\u00edbridos sativa).<\/li>\n<\/ul>\n<p>El suministro adecuado de nutrientes tambi\u00e9n es crucial para el \u00e9xito del cultivo. S\u00f3lo as\u00ed se garantiza la potencia y el sabor. As\u00ed se consigue <b>La mejor Lemon Haze disponible<\/b>.<\/p>\n<h2>Contenido de THC y CBD<\/h2>\n<p>El an\u00e1lisis del perfil cannabinoide de <b>Lim\u00f3n Haze<\/b> espect\u00e1culos:<\/p>\n<ul>\n<li><b>THC:<\/b> 17 % - 22 %. Responsable de los efectos euf\u00f3ricos y cerebrales.<\/li>\n<li><b>CBD:<\/b> &lt; 0,5 %. Bajo contenido en CBD para una experiencia de THC m\u00e1s directa.<\/li>\n<li><b>Tipo:<\/b> H\u00edbrido con sativa dominante (70 % Sativa \/ 30 % Indica). Proporciona claridad mental y una ligera relajaci\u00f3n f\u00edsica.<\/li>\n<\/ul>\n<p>Esta composici\u00f3n garantiza un efecto potente y claro con una pesadez m\u00ednima. A <b>Compra segura<\/b> garantizado con nosotros.<\/p>\n<h2>Almacenamiento y control de calidad<\/h2>\n<p>Para mantener la potencia y la frescura <b>Lim\u00f3n Haze<\/b> siempre <b>fresco, oscuro y herm\u00e9tico<\/b> almacenarse. Condiciones \u00f3ptimas:<\/p>\n<ul>\n<li><b>Temperatura:<\/b> 18 - 22 \u00b0C.<\/li>\n<li><b>Humedad:<\/b> 55 - 60 %.<\/li>\n<li><b>Contenedor:<\/b> Tarro herm\u00e9tico de cristal o con protecci\u00f3n UV.<\/li>\n<\/ul>\n<p>Cada lote <b>Lim\u00f3n Haze<\/b> es con Chemgramx <b>Probado en laboratorio<\/b> y contiene un certificado de an\u00e1lisis (COA). \u00c9ste confirma los niveles de THC, CBD y terpenos, as\u00ed como la ausencia de contaminantes. Si usted <b>Comprar ahora online<\/b>, recibir\u00e1 un producto de eficacia demostrada <b>Clase de investigaci\u00f3n en venta<\/b>.<\/p>\n<h2>Conclusi\u00f3n<\/h2>\n<p><b>Lim\u00f3n Haze<\/b> es un cl\u00e1sico de culto. Su refrescante aroma c\u00edtrico, su efecto vigorizante y su contenido equilibrado de THC hacen de este h\u00edbrido sativa un favorito en todo el mundo. No importa si <b>Encargar Lemon Haze en l\u00ednea<\/b> o informaci\u00f3n sobre el <b>Efecto Lemon Haze<\/b> b\u00fasqueda - esta variedad significa <b>Calidad, pureza y energ\u00eda<\/b>. En Chemgramx encontrar\u00e1 <b>Aut\u00e9ntica Lemon Haze<\/b>, que cumple las normas m\u00e1s estrictas. Asegure su <b>La mejor Lemon Haze disponible<\/b> incluso hoy en d\u00eda.<\/p>","protected":false},"excerpt":{"rendered":"<p data-start=\"447\" data-end=\"636\">Lemon Haze (17-22 % THC) es un h\u00edbrido sativa dominante con un intenso sabor a lim\u00f3n. Conocida por su efecto en\u00e9rgico y claro y su calidad premium - ideal para entendidos e investigadores.<\/p>","protected":false},"featured_media":7419,"comment_status":"open","ping_status":"closed","template":"","meta":{"_joinchat":[]},"product_brand":[],"product_cat":[62],"product_tag":[],"class_list":{"0":"post-7366","1":"product","2":"type-product","3":"status-publish","4":"has-post-thumbnail","6":"product_cat-marijuana","8":"first","9":"instock","10":"shipping-taxable","11":"purchasable","12":"product-type-variable"},"yoast_head":"<!-- This site is optimized with the Yoast SEO plugin v27.5 - https:\/\/yoast.com\/product\/yoast-seo-wordpress\/ -->\n<title>Lemon Haze kaufen - Zitrus, Energie (online | Spitzenqualit\u00e4t) - Chemgramx<\/title>\n<meta name=\"description\" content=\"Entdecke Lemon Haze \u2013 Sativa-Hybrid mit 17\u201322 % THC. Frisches Zitronenaroma, belebende Wirkung &amp; gepr\u00fcfte Qualit\u00e4t. Jetzt online kaufen \u2013 diskret &amp; sicher.\" \/>\n<meta name=\"robots\" content=\"index, follow, max-snippet:-1, max-image-preview:large, max-video-preview:-1\" \/>\n<link rel=\"canonical\" href=\"https:\/\/chemgramx.com\/es\/producto-1\/lemon-haze-hibrido-sativa-17-22-thc-cannabis-premium\/\" \/>\n<meta property=\"og:locale\" content=\"es_ES\" \/>\n<meta property=\"og:type\" content=\"article\" \/>\n<meta property=\"og:title\" content=\"Lemon Haze kaufen - Zitrus, Energie (online | Spitzenqualit\u00e4t) - Chemgramx\" \/>\n<meta property=\"og:description\" content=\"Entdecke Lemon Haze \u2013 Sativa-Hybrid mit 17\u201322 % THC. Frisches Zitronenaroma, belebende Wirkung &amp; gepr\u00fcfte Qualit\u00e4t. Jetzt online kaufen \u2013 diskret &amp; sicher.\" \/>\n<meta property=\"og:url\" content=\"https:\/\/chemgramx.com\/es\/producto-1\/lemon-haze-hibrido-sativa-17-22-thc-cannabis-premium\/\" \/>\n<meta property=\"og:site_name\" content=\"Chemgramx\" \/>\n<meta property=\"article:modified_time\" content=\"2025-12-10T07:05:13+00:00\" \/>\n<meta property=\"og:image\" content=\"https:\/\/chemgramx.com\/wp-content\/uploads\/2025\/11\/lemon-haze-strain-17-22-thc.jpg\" \/>\n\t<meta property=\"og:image:width\" content=\"800\" \/>\n\t<meta property=\"og:image:height\" content=\"800\" \/>\n\t<meta property=\"og:image:type\" content=\"image\/jpeg\" \/>\n<meta name=\"twitter:card\" content=\"summary_large_image\" \/>\n<meta name=\"twitter:label1\" content=\"Tiempo de lectura\" \/>\n\t<meta name=\"twitter:data1\" content=\"3 minutos\" \/>\n<script type=\"application\/ld+json\" class=\"yoast-schema-graph\">{\"@context\":\"https:\\\/\\\/schema.org\",\"@graph\":[{\"@type\":\"WebPage\",\"@id\":\"https:\\\/\\\/chemgramx.com\\\/product\\\/lemon-haze-sativa-hybrid-17-22-thc-premium-cannabis\\\/\",\"url\":\"https:\\\/\\\/chemgramx.com\\\/product\\\/lemon-haze-sativa-hybrid-17-22-thc-premium-cannabis\\\/\",\"name\":\"Lemon Haze kaufen - Zitrus, Energie (online | Spitzenqualit\u00e4t) - Chemgramx\",\"isPartOf\":{\"@id\":\"https:\\\/\\\/chemgramx.com\\\/#website\"},\"primaryImageOfPage\":{\"@id\":\"https:\\\/\\\/chemgramx.com\\\/product\\\/lemon-haze-sativa-hybrid-17-22-thc-premium-cannabis\\\/#primaryimage\"},\"image\":{\"@id\":\"https:\\\/\\\/chemgramx.com\\\/product\\\/lemon-haze-sativa-hybrid-17-22-thc-premium-cannabis\\\/#primaryimage\"},\"thumbnailUrl\":\"https:\\\/\\\/chemgramx.com\\\/wp-content\\\/uploads\\\/2025\\\/11\\\/lemon-haze-strain-17-22-thc.jpg\",\"datePublished\":\"2025-11-21T11:15:41+00:00\",\"dateModified\":\"2025-12-10T07:05:13+00:00\",\"description\":\"Entdecke Lemon Haze \u2013 Sativa-Hybrid mit 17\u201322 % THC. Frisches Zitronenaroma, belebende Wirkung &amp; gepr\u00fcfte Qualit\u00e4t. Jetzt online kaufen \u2013 diskret &amp; sicher.\",\"breadcrumb\":{\"@id\":\"https:\\\/\\\/chemgramx.com\\\/product\\\/lemon-haze-sativa-hybrid-17-22-thc-premium-cannabis\\\/#breadcrumb\"},\"inLanguage\":\"es\",\"potentialAction\":[{\"@type\":\"ReadAction\",\"target\":[\"https:\\\/\\\/chemgramx.com\\\/product\\\/lemon-haze-sativa-hybrid-17-22-thc-premium-cannabis\\\/\"]}]},{\"@type\":\"ImageObject\",\"inLanguage\":\"es\",\"@id\":\"https:\\\/\\\/chemgramx.com\\\/product\\\/lemon-haze-sativa-hybrid-17-22-thc-premium-cannabis\\\/#primaryimage\",\"url\":\"https:\\\/\\\/chemgramx.com\\\/wp-content\\\/uploads\\\/2025\\\/11\\\/lemon-haze-strain-17-22-thc.jpg\",\"contentUrl\":\"https:\\\/\\\/chemgramx.com\\\/wp-content\\\/uploads\\\/2025\\\/11\\\/lemon-haze-strain-17-22-thc.jpg\",\"width\":800,\"height\":800},{\"@type\":\"BreadcrumbList\",\"@id\":\"https:\\\/\\\/chemgramx.com\\\/product\\\/lemon-haze-sativa-hybrid-17-22-thc-premium-cannabis\\\/#breadcrumb\",\"itemListElement\":[{\"@type\":\"ListItem\",\"position\":1,\"name\":\"Home\",\"item\":\"https:\\\/\\\/chemgramx.com\\\/\"},{\"@type\":\"ListItem\",\"position\":2,\"name\":\"Shop\",\"item\":\"https:\\\/\\\/chemgramx.com\\\/shop\\\/\"},{\"@type\":\"ListItem\",\"position\":3,\"name\":\"Lemon Haze kaufen &#8211; Zitrus, Energie (online | Spitzenqualit\u00e4t)\"}]},{\"@type\":\"WebSite\",\"@id\":\"https:\\\/\\\/chemgramx.com\\\/#website\",\"url\":\"https:\\\/\\\/chemgramx.com\\\/\",\"name\":\"Chemgramx\",\"description\":\"\",\"publisher\":{\"@id\":\"https:\\\/\\\/chemgramx.com\\\/#organization\"},\"potentialAction\":[{\"@type\":\"SearchAction\",\"target\":{\"@type\":\"EntryPoint\",\"urlTemplate\":\"https:\\\/\\\/chemgramx.com\\\/?s={search_term_string}\"},\"query-input\":{\"@type\":\"PropertyValueSpecification\",\"valueRequired\":true,\"valueName\":\"search_term_string\"}}],\"inLanguage\":\"es\"},{\"@type\":\"Organization\",\"@id\":\"https:\\\/\\\/chemgramx.com\\\/#organization\",\"name\":\"Chemgramx\",\"url\":\"https:\\\/\\\/chemgramx.com\\\/\",\"logo\":{\"@type\":\"ImageObject\",\"inLanguage\":\"es\",\"@id\":\"https:\\\/\\\/chemgramx.com\\\/#\\\/schema\\\/logo\\\/image\\\/\",\"url\":\"https:\\\/\\\/chemgramx.com\\\/wp-content\\\/uploads\\\/2024\\\/10\\\/final-logo.png\",\"contentUrl\":\"https:\\\/\\\/chemgramx.com\\\/wp-content\\\/uploads\\\/2024\\\/10\\\/final-logo.png\",\"width\":250,\"height\":48,\"caption\":\"Chemgramx\"},\"image\":{\"@id\":\"https:\\\/\\\/chemgramx.com\\\/#\\\/schema\\\/logo\\\/image\\\/\"}}]}<\/script>\n<!-- \/ Yoast SEO plugin. -->","yoast_head_json":{"title":"Comprar Lemon Haze - Citrus, Energy (online | calidad superior) - Chemgramx","description":"Descubre Lemon Haze - Hibrido Sativa con 17-22 % THC. Sabor a lim\u00f3n fresco, efecto vigorizante y calidad probada. Comprar en l\u00ednea ahora - discreto y seguro.","robots":{"index":"index","follow":"follow","max-snippet":"max-snippet:-1","max-image-preview":"max-image-preview:large","max-video-preview":"max-video-preview:-1"},"canonical":"https:\/\/chemgramx.com\/es\/producto-1\/lemon-haze-hibrido-sativa-17-22-thc-cannabis-premium\/","og_locale":"es_ES","og_type":"article","og_title":"Lemon Haze kaufen - Zitrus, Energie (online | Spitzenqualit\u00e4t) - Chemgramx","og_description":"Entdecke Lemon Haze \u2013 Sativa-Hybrid mit 17\u201322 % THC. Frisches Zitronenaroma, belebende Wirkung &amp; gepr\u00fcfte Qualit\u00e4t. Jetzt online kaufen \u2013 diskret &amp; sicher.","og_url":"https:\/\/chemgramx.com\/es\/producto-1\/lemon-haze-hibrido-sativa-17-22-thc-cannabis-premium\/","og_site_name":"Chemgramx","article_modified_time":"2025-12-10T07:05:13+00:00","og_image":[{"width":800,"height":800,"url":"https:\/\/chemgramx.com\/wp-content\/uploads\/2025\/11\/lemon-haze-strain-17-22-thc.jpg","type":"image\/jpeg"}],"twitter_card":"summary_large_image","twitter_misc":{"Tiempo de lectura":"3 minutos"},"schema":{"@context":"https:\/\/schema.org","@graph":[{"@type":"WebPage","@id":"https:\/\/chemgramx.com\/product\/lemon-haze-sativa-hybrid-17-22-thc-premium-cannabis\/","url":"https:\/\/chemgramx.com\/product\/lemon-haze-sativa-hybrid-17-22-thc-premium-cannabis\/","name":"Comprar Lemon Haze - Citrus, Energy (online | calidad superior) - Chemgramx","isPartOf":{"@id":"https:\/\/chemgramx.com\/#website"},"primaryImageOfPage":{"@id":"https:\/\/chemgramx.com\/product\/lemon-haze-sativa-hybrid-17-22-thc-premium-cannabis\/#primaryimage"},"image":{"@id":"https:\/\/chemgramx.com\/product\/lemon-haze-sativa-hybrid-17-22-thc-premium-cannabis\/#primaryimage"},"thumbnailUrl":"https:\/\/chemgramx.com\/wp-content\/uploads\/2025\/11\/lemon-haze-strain-17-22-thc.jpg","datePublished":"2025-11-21T11:15:41+00:00","dateModified":"2025-12-10T07:05:13+00:00","description":"Descubre Lemon Haze - Hibrido Sativa con 17-22 % THC. Sabor a lim\u00f3n fresco, efecto vigorizante y calidad probada. Comprar en l\u00ednea ahora - discreto y seguro.","breadcrumb":{"@id":"https:\/\/chemgramx.com\/product\/lemon-haze-sativa-hybrid-17-22-thc-premium-cannabis\/#breadcrumb"},"inLanguage":"es","potentialAction":[{"@type":"ReadAction","target":["https:\/\/chemgramx.com\/product\/lemon-haze-sativa-hybrid-17-22-thc-premium-cannabis\/"]}]},{"@type":"ImageObject","inLanguage":"es","@id":"https:\/\/chemgramx.com\/product\/lemon-haze-sativa-hybrid-17-22-thc-premium-cannabis\/#primaryimage","url":"https:\/\/chemgramx.com\/wp-content\/uploads\/2025\/11\/lemon-haze-strain-17-22-thc.jpg","contentUrl":"https:\/\/chemgramx.com\/wp-content\/uploads\/2025\/11\/lemon-haze-strain-17-22-thc.jpg","width":800,"height":800},{"@type":"BreadcrumbList","@id":"https:\/\/chemgramx.com\/product\/lemon-haze-sativa-hybrid-17-22-thc-premium-cannabis\/#breadcrumb","itemListElement":[{"@type":"ListItem","position":1,"name":"Home","item":"https:\/\/chemgramx.com\/"},{"@type":"ListItem","position":2,"name":"Shop","item":"https:\/\/chemgramx.com\/shop\/"},{"@type":"ListItem","position":3,"name":"Lemon Haze kaufen &#8211; Zitrus, Energie (online | Spitzenqualit\u00e4t)"}]},{"@type":"WebSite","@id":"https:\/\/chemgramx.com\/#website","url":"https:\/\/chemgramx.com\/","name":"Chemgramx","description":"","publisher":{"@id":"https:\/\/chemgramx.com\/#organization"},"potentialAction":[{"@type":"SearchAction","target":{"@type":"EntryPoint","urlTemplate":"https:\/\/chemgramx.com\/?s={search_term_string}"},"query-input":{"@type":"PropertyValueSpecification","valueRequired":true,"valueName":"search_term_string"}}],"inLanguage":"es"},{"@type":"Organization","@id":"https:\/\/chemgramx.com\/#organization","name":"Chemgramx","url":"https:\/\/chemgramx.com\/","logo":{"@type":"ImageObject","inLanguage":"es","@id":"https:\/\/chemgramx.com\/#\/schema\/logo\/image\/","url":"https:\/\/chemgramx.com\/wp-content\/uploads\/2024\/10\/final-logo.png","contentUrl":"https:\/\/chemgramx.com\/wp-content\/uploads\/2024\/10\/final-logo.png","width":250,"height":48,"caption":"Chemgramx"},"image":{"@id":"https:\/\/chemgramx.com\/#\/schema\/logo\/image\/"}}]}},"_links":{"self":[{"href":"https:\/\/chemgramx.com\/es\/wp-json\/wp\/v2\/product\/7366","targetHints":{"allow":["GET"]}}],"collection":[{"href":"https:\/\/chemgramx.com\/es\/wp-json\/wp\/v2\/product"}],"about":[{"href":"https:\/\/chemgramx.com\/es\/wp-json\/wp\/v2\/types\/product"}],"replies":[{"embeddable":true,"href":"https:\/\/chemgramx.com\/es\/wp-json\/wp\/v2\/comments?post=7366"}],"wp:featuredmedia":[{"embeddable":true,"href":"https:\/\/chemgramx.com\/es\/wp-json\/wp\/v2\/media\/7419"}],"wp:attachment":[{"href":"https:\/\/chemgramx.com\/es\/wp-json\/wp\/v2\/media?parent=7366"}],"wp:term":[{"taxonomy":"product_brand","embeddable":true,"href":"https:\/\/chemgramx.com\/es\/wp-json\/wp\/v2\/product_brand?post=7366"},{"taxonomy":"product_cat","embeddable":true,"href":"https:\/\/chemgramx.com\/es\/wp-json\/wp\/v2\/product_cat?post=7366"},{"taxonomy":"product_tag","embeddable":true,"href":"https:\/\/chemgramx.com\/es\/wp-json\/wp\/v2\/product_tag?post=7366"}],"curies":[{"name":"wp","href":"https:\/\/api.w.org\/{rel}","templated":true}]}}