{"id":7480,"date":"2025-11-21T11:17:29","date_gmt":"2025-11-21T11:17:29","guid":{"rendered":"https:\/\/chemgramx.com\/?post_type=product&#038;p=7480"},"modified":"2025-11-21T11:17:53","modified_gmt":"2025-11-21T11:17:53","slug":"5f-akb-48-pedido-en-linea","status":"publish","type":"product","link":"https:\/\/chemgramx.com\/es\/product\/5f-akb-48-online-bestellung\/","title":{"rendered":"5F-AKB-48 pedido en l\u00ednea"},"content":{"rendered":"<p data-start=\"108\" data-end=\"607\"><strong data-start=\"108\" data-end=\"121\">5F-AKB-48<\/strong> es un cannabinoide sint\u00e9tico muy potente utilizado en la investigaci\u00f3n farmacol\u00f3gica y neuroqu\u00edmica moderna. Se utiliza para estudiar la uni\u00f3n y activaci\u00f3n de <strong data-start=\"312\" data-end=\"352\">Receptores cannabinoides (CB1 y CB2)<\/strong>, que desempe\u00f1an un papel central en el sistema endocannabinoide humano. Los investigadores que <strong data-start=\"436\" data-end=\"463\">Comprar 5F-AKB-48 en l\u00ednea<\/strong>, Esto les proporciona una valiosa sustancia para investigar la transducci\u00f3n de se\u00f1ales, la actividad de los receptores y las posibles aplicaciones terap\u00e9uticas.<\/p>\n<p data-start=\"609\" data-end=\"919\">Dado que el mercado tambi\u00e9n <em data-start=\"631\" data-end=\"664\">se vende 5F-AKB-48 real o falso<\/em> es especialmente importante hacer pedidos exclusivamente a fuentes acreditadas y certificadas. S\u00f3lo los <strong data-start=\"791\" data-end=\"829\">mejor lugar para comprar 5F-AKB-48<\/strong>, ofrece calidad probada de laboratorio, certificados de an\u00e1lisis transparentes y entrega discreta.<\/p>\n<h2 data-start=\"926\" data-end=\"949\">\u00bfQu\u00e9 es 5F-AKB-48?<\/h2>\n<p data-start=\"951\" data-end=\"1212\"><strong data-start=\"951\" data-end=\"964\">5F-AKB-48<\/strong>tambi\u00e9n conocido como <strong data-start=\"983\" data-end=\"997\">5F-APINACA<\/strong>, pertenece al grupo de los cannabinoides sint\u00e9ticos a base de indazol. Estas sustancias son an\u00e1logos estructurales de los cannabinoides naturales y se desarrollaron para investigar sus propiedades farmacol\u00f3gicas.<\/p>\n<p data-start=\"1214\" data-end=\"1553\">A diferencia de los cannabinoides cl\u00e1sicos, el 5F-AKB-48 se une a los receptores CB1 con una afinidad especialmente alta, lo que lo convierte en una herramienta importante en el <strong data-start=\"1364\" data-end=\"1401\">Investigaci\u00f3n de receptores y toxicolog\u00eda<\/strong> hace. Estas propiedades lo convierten en un material de an\u00e1lisis muy solicitado por los laboratorios que investigan los mecanismos de acci\u00f3n de los cannabinoides sint\u00e9ticos.<\/p>\n<p data-start=\"1555\" data-end=\"1661\">Orden de institutos cient\u00edficos y organizaciones de investigaci\u00f3n <strong data-start=\"1622\" data-end=\"1644\">5F-AKB-48 en venta<\/strong> sobre todo, a:<\/p>\n<ul data-start=\"1662\" data-end=\"1853\">\n<li data-start=\"1662\" data-end=\"1705\">\n<p data-start=\"1664\" data-end=\"1705\">estudios de uni\u00f3n a receptores,<\/p>\n<\/li>\n<li data-start=\"1706\" data-end=\"1780\">\n<p data-start=\"1708\" data-end=\"1780\">efectos farmacol\u00f3gicos con cannabinoides naturales,<\/p>\n<\/li>\n<li data-start=\"1781\" data-end=\"1853\">\n<p data-start=\"1783\" data-end=\"1853\">y desarrollar nuevos m\u00e9todos de detecci\u00f3n para aplicaciones forenses.<\/p>\n<\/li>\n<\/ul>\n<h2 data-start=\"1860\" data-end=\"1882\">Perfil qu\u00edmico<\/h2>\n<ul data-start=\"1884\" data-end=\"2239\">\n<li data-start=\"1884\" data-end=\"1975\">\n<p data-start=\"1886\" data-end=\"1975\"><strong data-start=\"1886\" data-end=\"1912\">Nombre qu\u00edmico:<\/strong> N-(adamantan-1-il)-1-(5-fluoropentil)-1H-indazol-3-carboxamida<\/p>\n<\/li>\n<li data-start=\"1976\" data-end=\"2009\">\n<p data-start=\"1978\" data-end=\"2009\"><strong data-start=\"1978\" data-end=\"1996\">F\u00f3rmula molecular:<\/strong> C23H31FN2O<\/p>\n<\/li>\n<li data-start=\"2010\" data-end=\"2047\">\n<p data-start=\"2012\" data-end=\"2047\"><strong data-start=\"2012\" data-end=\"2033\">Peso molecular:<\/strong> 370,5 g\/mol<\/p>\n<\/li>\n<li data-start=\"2048\" data-end=\"2088\">\n<p data-start=\"2050\" data-end=\"2088\"><strong data-start=\"2050\" data-end=\"2059\">Molde:<\/strong> Polvo cristalino fino<\/p>\n<\/li>\n<li data-start=\"2089\" data-end=\"2127\">\n<p data-start=\"2091\" data-end=\"2127\"><strong data-start=\"2091\" data-end=\"2104\">Pureza:<\/strong> \u226598 % (probado por HPLC)<\/p>\n<\/li>\n<li data-start=\"2128\" data-end=\"2186\">\n<p data-start=\"2130\" data-end=\"2186\"><strong data-start=\"2130\" data-end=\"2146\">Solubilidad:<\/strong> Soluble en disolventes org\u00e1nicos<\/p>\n<\/li>\n<li data-start=\"2187\" data-end=\"2239\">\n<p data-start=\"2189\" data-end=\"2239\"><strong data-start=\"2189\" data-end=\"2204\">Estabilidad:<\/strong> Sensible a la luz y a la temperatura<\/p>\n<\/li>\n<\/ul>\n<p data-start=\"2241\" data-end=\"2438\">Cada lote de 5F-AKB-48 se somete a pruebas en laboratorios independientes para detectar <a href=\"\/product\/mexikanisches-kokain\/\">Pureza<\/a>, identidad y estabilidad. Los asociados <strong data-start=\"2359\" data-end=\"2392\">Certificado de an\u00e1lisis (COA)<\/strong> confirma la calidad verificada anal\u00edticamente.<\/p>\n<h2 data-start=\"2445\" data-end=\"2471\">Aplicaciones de la investigaci\u00f3n<\/h2>\n<p data-start=\"2473\" data-end=\"2732\"><strong data-start=\"2473\" data-end=\"2486\">5F-AKB-48<\/strong> se ofrece exclusivamente para la investigaci\u00f3n cient\u00edfica y no puede ser <strong data-start=\"2558\" data-end=\"2578\">no consumido<\/strong> utilizarse. Se utiliza en laboratorios para <strong data-start=\"2622\" data-end=\"2683\">propiedades farmacodin\u00e1micas y farmacocin\u00e9ticas<\/strong> de cannabinoides sint\u00e9ticos.<\/p>\n<p data-start=\"2734\" data-end=\"2784\">Las aplicaciones de investigaci\u00f3n m\u00e1s comunes son<\/p>\n<ul data-start=\"2785\" data-end=\"3126\">\n<li data-start=\"2785\" data-end=\"2861\">\n<p data-start=\"2787\" data-end=\"2861\"><strong data-start=\"2787\" data-end=\"2815\">Estudios sobre los receptores CB1\/CB2:<\/strong> Investigaci\u00f3n de la afinidad y la selectividad<\/p>\n<\/li>\n<li data-start=\"2862\" data-end=\"2938\">\n<p data-start=\"2864\" data-end=\"2938\"><strong data-start=\"2864\" data-end=\"2896\">An\u00e1lisis de la transducci\u00f3n de se\u00f1ales:<\/strong> Investigaci\u00f3n de los mecanismos intracelulares<\/p>\n<\/li>\n<li data-start=\"2939\" data-end=\"3040\">\n<p data-start=\"2941\" data-end=\"3040\"><strong data-start=\"2941\" data-end=\"2963\">Estudios comparativos:<\/strong> Comparaci\u00f3n con otros cannabinoides (por ejemplo, AMB-FUBINACA, 5F-MN-18)<\/p>\n<\/li>\n<li data-start=\"3041\" data-end=\"3126\">\n<p data-start=\"3043\" data-end=\"3126\"><strong data-start=\"3043\" data-end=\"3068\">Pruebas toxicol\u00f3gicas:<\/strong> Evaluaci\u00f3n de posibles efectos secundarios y v\u00edas metab\u00f3licas<\/p>\n<\/li>\n<\/ul>\n<p data-start=\"3128\" data-end=\"3327\">Utilizando el 5F-AKB-48, los cient\u00edficos pueden comprender mejor el comportamiento de los cannabinoides sint\u00e9ticos en el organismo y obtener conclusiones con fines m\u00e9dicos o forenses.<\/p>\n<h2 data-start=\"3334\" data-end=\"3364\">Seguridad y manipulaci\u00f3n<\/h2>\n<p data-start=\"3366\" data-end=\"3522\">La sustancia es <strong data-start=\"3383\" data-end=\"3412\">no apto para el consumo humano<\/strong> y s\u00f3lo puede ser utilizado por personal de laboratorio cualificado en condiciones controladas.<\/p>\n<p data-start=\"3524\" data-end=\"3582\">Las siguientes normas de seguridad se aplican a la manipulaci\u00f3n:<\/p>\n<ul data-start=\"3583\" data-end=\"3825\">\n<li data-start=\"3583\" data-end=\"3635\">\n<p data-start=\"3585\" data-end=\"3635\">Trabajar bajo una vitrina de gases qu\u00edmicos ventilada<\/p>\n<\/li>\n<li data-start=\"3636\" data-end=\"3702\">\n<p data-start=\"3638\" data-end=\"3702\">Uso de bata de laboratorio, guantes de protecci\u00f3n y gafas de seguridad<\/p>\n<\/li>\n<li data-start=\"3703\" data-end=\"3769\">\n<p data-start=\"3705\" data-end=\"3769\">Conservar en recipientes herm\u00e9ticos protegidos de la luz a 2-8 \u00b0C<\/p>\n<\/li>\n<li data-start=\"3770\" data-end=\"3825\">\n<p data-start=\"3772\" data-end=\"3825\">Documentaci\u00f3n en el cuaderno de laboratorio de acuerdo con las directrices BPL<\/p>\n<\/li>\n<\/ul>\n<p data-start=\"3827\" data-end=\"3934\">Estas medidas garantizan un uso seguro y evitan la contaminaci\u00f3n o la descomposici\u00f3n qu\u00edmica.<\/p>\n<h2 data-start=\"3941\" data-end=\"3985\">Ventajas de comprar 5F-AKB-48 en l\u00ednea<\/h2>\n<p data-start=\"3987\" data-end=\"4145\">La compra en l\u00ednea ofrece a los cient\u00edficos numerosas ventajas, en particular gracias a la calidad probada en laboratorio, la rapidez de entrega y la transparencia de precios.<\/p>\n<ul data-start=\"4147\" data-end=\"4515\">\n<li data-start=\"4147\" data-end=\"4210\">\n<p data-start=\"4149\" data-end=\"4210\"><strong data-start=\"4149\" data-end=\"4171\">Calidad probada:<\/strong> Cada lote analizado en laboratorio<\/p>\n<\/li>\n<li data-start=\"4211\" data-end=\"4292\">\n<p data-start=\"4213\" data-end=\"4292\"><strong data-start=\"4213\" data-end=\"4244\">Estructura de precios transparente:<\/strong> Clear 5F-AKB-48 precio sin costes ocultos<\/p>\n<\/li>\n<li data-start=\"4293\" data-end=\"4392\">\n<p data-start=\"4295\" data-end=\"4392\"><strong data-start=\"4295\" data-end=\"4317\">Descuentos por volumen:<\/strong> Es posible, <strong data-start=\"4331\" data-end=\"4369\">5F-AKB-48 comprar barato online<\/strong> con fines de investigaci\u00f3n<\/p>\n<\/li>\n<li data-start=\"4393\" data-end=\"4454\">\n<p data-start=\"4395\" data-end=\"4454\"><strong data-start=\"4395\" data-end=\"4417\">Env\u00edo discreto:<\/strong> Envase neutro, entrega an\u00f3nima<\/p>\n<\/li>\n<li data-start=\"4455\" data-end=\"4515\">\n<p data-start=\"4457\" data-end=\"4515\"><strong data-start=\"4457\" data-end=\"4484\">Origen certificado:<\/strong> S\u00f3lo productos originales con COA<\/p>\n<\/li>\n<\/ul>\n<p data-start=\"4517\" data-end=\"4668\">En <strong data-start=\"4521\" data-end=\"4559\">mejor lugar para comprar 5F-AKB-48<\/strong>, ofrece estas prestaciones de forma fiable, con env\u00edos seguros a Alemania, Austria y Suiza.<\/p>\n<h2 data-start=\"4675\" data-end=\"4704\">Informaci\u00f3n jur\u00eddica<\/h2>\n<p data-start=\"4706\" data-end=\"4976\">La categorizaci\u00f3n jur\u00eddica de <strong data-start=\"4736\" data-end=\"4749\">5F-AKB-48<\/strong> var\u00eda en funci\u00f3n del pa\u00eds.<br data-start=\"4772\" data-end=\"4775\" \/>En Alemania, la sustancia entra dentro de la <strong data-start=\"4819\" data-end=\"4861\">Nuevo-psicoactivo-<a href=\"\/product\/4-ho-mipt-20mg-pellets-kaufen\/\">Tejidos<\/a>-Act (NpSG)<\/strong> y, por tanto, s\u00f3lo pueden utilizarse para investigaci\u00f3n. En Suiza y Austria se aplican restricciones similares.<\/p>\n<p data-start=\"4978\" data-end=\"5218\">Los compradores est\u00e1n obligados a informarse sobre la normativa aplicable en su pa\u00eds antes de realizar un pedido. La venta se realiza exclusivamente a <strong data-start=\"5128\" data-end=\"5168\">instituciones de investigaci\u00f3n registradas<\/strong> o laboratorios con un prop\u00f3sito de investigaci\u00f3n documentado.<\/p>\n<h2 data-start=\"5225\" data-end=\"5253\">Prijs en beschikbaarheid<\/h2>\n<p data-start=\"5255\" data-end=\"5464\">En <strong data-start=\"5259\" data-end=\"5278\">5F-AKB-48 Precio<\/strong> depende de la cantidad, el grado de pureza y la regi\u00f3n de suministro. Los institutos cient\u00edficos que necesiten regularmente grandes cantidades pueden hacer sus pedidos a trav\u00e9s de <strong data-start=\"5413\" data-end=\"5452\">Condiciones especiales y descuentos por volumen<\/strong> disponible.<\/p>\n<p data-start=\"5466\" data-end=\"5634\">El env\u00edo suele realizarse en un plazo de <strong data-start=\"5513\" data-end=\"5530\">1-3 d\u00edas laborables<\/strong>, opcionalmente tambi\u00e9n como <strong data-start=\"5550\" data-end=\"5575\">Env\u00edo urgente (24h)<\/strong>. El embalaje y la manipulaci\u00f3n son totalmente discretos.<\/p>\n<h3 data-start=\"2464\" data-end=\"2474\">Conclusi\u00f3n<\/h3>\n<p data-start=\"2476\" data-end=\"2900\">Quien desee comprar 5F-AKB-48 en l\u00ednea debe investigar d\u00f3nde adquirirlo y comparar precios. El mejor lugar para comprar 5F-AKB-48 garantiza calidad de laboratorio comprobada, precios justos y env\u00edo discreto. Ya sea que solicite 5F-AKB-48 genuino o falsificado para an\u00e1lisis cient\u00edficos o busque comprarlo a bajo precio en l\u00ednea para proyectos de investigaci\u00f3n m\u00e1s extensos, elegir una fuente confiable es fundamental.<\/p>","protected":false},"excerpt":{"rendered":"<p><strong>5F-AKB-48<\/strong> es un cannabinoide sint\u00e9tico utilizado en investigaci\u00f3n para estudiar los efectos de los receptores cannabinoides. Es una mol\u00e9cula potente destinada exclusivamente a experimentos cient\u00edficos y no es apta para el consumo humano.<\/p>","protected":false},"featured_media":7510,"comment_status":"open","ping_status":"closed","template":"","meta":{"_joinchat":[]},"product_brand":[],"product_cat":[1805],"product_tag":[2033,2039,2034,2037,2038,2036,2035,188,1814,333],"class_list":{"0":"post-7480","1":"product","2":"type-product","3":"status-publish","4":"has-post-thumbnail","6":"product_cat-indazol-basiert","7":"product_tag-5f-akb-48","8":"product_tag-5f-akb-48-chemikalien","9":"product_tag-5f-akb-48-kaufen","10":"product_tag-5f-akb-48-kristalle","11":"product_tag-5f-akb-48-online","12":"product_tag-5f-akb-48-pulver","13":"product_tag-5f-akb-48-zum-verkauf","14":"product_tag-forschungschemikalien","15":"product_tag-forschungsstoffe-kaufen","16":"product_tag-synthetische-cannabinoide","18":"first","19":"instock","20":"shipping-taxable","21":"purchasable","22":"product-type-variable"},"yoast_head":"<!-- This site is optimized with the Yoast SEO plugin v27.5 - https:\/\/yoast.com\/product\/yoast-seo-wordpress\/ -->\n<title>5F-AKB-48 online kaufen \u2013 5F-AKB-48 zu verkaufen | chemgramx<\/title>\n<meta name=\"description\" content=\"Verpassen Sie keine Gelegenheit, 5f-akb-48 online in unserem Shop zu kaufen. Wir verkaufen ausschlie\u00dflich 5f-akb-48 zu g\u00fcnstigen Preisen. Wir sind hier, um Ihnen zu helfen. Bestellen Sie jetzt!\" \/>\n<meta name=\"robots\" content=\"index, follow, max-snippet:-1, max-image-preview:large, max-video-preview:-1\" \/>\n<link rel=\"canonical\" href=\"https:\/\/chemgramx.com\/es\/producto-1\/5f-akb-48-pedido-en-linea\/\" \/>\n<meta property=\"og:locale\" content=\"es_ES\" \/>\n<meta property=\"og:type\" content=\"article\" \/>\n<meta property=\"og:title\" content=\"5F-AKB-48 online kaufen \u2013 5F-AKB-48 zu verkaufen | chemgramx\" \/>\n<meta property=\"og:description\" content=\"Verpassen Sie keine Gelegenheit, 5f-akb-48 online in unserem Shop zu kaufen. Wir verkaufen ausschlie\u00dflich 5f-akb-48 zu g\u00fcnstigen Preisen. Wir sind hier, um Ihnen zu helfen. Bestellen Sie jetzt!\" \/>\n<meta property=\"og:url\" content=\"https:\/\/chemgramx.com\/es\/producto-1\/5f-akb-48-pedido-en-linea\/\" \/>\n<meta property=\"og:site_name\" content=\"Chemgramx\" \/>\n<meta property=\"article:modified_time\" content=\"2025-11-21T11:17:53+00:00\" \/>\n<meta property=\"og:image\" content=\"https:\/\/chemgramx.com\/wp-content\/uploads\/2025\/11\/5fak48.png\" \/>\n\t<meta property=\"og:image:width\" content=\"600\" \/>\n\t<meta property=\"og:image:height\" content=\"400\" \/>\n\t<meta property=\"og:image:type\" content=\"image\/png\" \/>\n<meta name=\"twitter:card\" content=\"summary_large_image\" \/>\n<meta name=\"twitter:label1\" content=\"Tiempo de lectura\" \/>\n\t<meta name=\"twitter:data1\" content=\"4 minutos\" \/>\n<script type=\"application\/ld+json\" class=\"yoast-schema-graph\">{\"@context\":\"https:\\\/\\\/schema.org\",\"@graph\":[{\"@type\":\"WebPage\",\"@id\":\"https:\\\/\\\/chemgramx.com\\\/product\\\/5f-akb-48-online-bestellung\\\/\",\"url\":\"https:\\\/\\\/chemgramx.com\\\/product\\\/5f-akb-48-online-bestellung\\\/\",\"name\":\"5F-AKB-48 online kaufen \u2013 5F-AKB-48 zu verkaufen | chemgramx\",\"isPartOf\":{\"@id\":\"https:\\\/\\\/chemgramx.com\\\/#website\"},\"primaryImageOfPage\":{\"@id\":\"https:\\\/\\\/chemgramx.com\\\/product\\\/5f-akb-48-online-bestellung\\\/#primaryimage\"},\"image\":{\"@id\":\"https:\\\/\\\/chemgramx.com\\\/product\\\/5f-akb-48-online-bestellung\\\/#primaryimage\"},\"thumbnailUrl\":\"https:\\\/\\\/chemgramx.com\\\/wp-content\\\/uploads\\\/2025\\\/11\\\/5fak48.png\",\"datePublished\":\"2025-11-21T11:17:29+00:00\",\"dateModified\":\"2025-11-21T11:17:53+00:00\",\"description\":\"Verpassen Sie keine Gelegenheit, 5f-akb-48 online in unserem Shop zu kaufen. Wir verkaufen ausschlie\u00dflich 5f-akb-48 zu g\u00fcnstigen Preisen. Wir sind hier, um Ihnen zu helfen. Bestellen Sie jetzt!\",\"breadcrumb\":{\"@id\":\"https:\\\/\\\/chemgramx.com\\\/product\\\/5f-akb-48-online-bestellung\\\/#breadcrumb\"},\"inLanguage\":\"es\",\"potentialAction\":[{\"@type\":\"ReadAction\",\"target\":[\"https:\\\/\\\/chemgramx.com\\\/product\\\/5f-akb-48-online-bestellung\\\/\"]}]},{\"@type\":\"ImageObject\",\"inLanguage\":\"es\",\"@id\":\"https:\\\/\\\/chemgramx.com\\\/product\\\/5f-akb-48-online-bestellung\\\/#primaryimage\",\"url\":\"https:\\\/\\\/chemgramx.com\\\/wp-content\\\/uploads\\\/2025\\\/11\\\/5fak48.png\",\"contentUrl\":\"https:\\\/\\\/chemgramx.com\\\/wp-content\\\/uploads\\\/2025\\\/11\\\/5fak48.png\",\"width\":600,\"height\":400},{\"@type\":\"BreadcrumbList\",\"@id\":\"https:\\\/\\\/chemgramx.com\\\/product\\\/5f-akb-48-online-bestellung\\\/#breadcrumb\",\"itemListElement\":[{\"@type\":\"ListItem\",\"position\":1,\"name\":\"Home\",\"item\":\"https:\\\/\\\/chemgramx.com\\\/\"},{\"@type\":\"ListItem\",\"position\":2,\"name\":\"Shop\",\"item\":\"https:\\\/\\\/chemgramx.com\\\/shop\\\/\"},{\"@type\":\"ListItem\",\"position\":3,\"name\":\"5F-AKB-48 online bestellung\"}]},{\"@type\":\"WebSite\",\"@id\":\"https:\\\/\\\/chemgramx.com\\\/#website\",\"url\":\"https:\\\/\\\/chemgramx.com\\\/\",\"name\":\"Chemgramx\",\"description\":\"\",\"publisher\":{\"@id\":\"https:\\\/\\\/chemgramx.com\\\/#organization\"},\"potentialAction\":[{\"@type\":\"SearchAction\",\"target\":{\"@type\":\"EntryPoint\",\"urlTemplate\":\"https:\\\/\\\/chemgramx.com\\\/?s={search_term_string}\"},\"query-input\":{\"@type\":\"PropertyValueSpecification\",\"valueRequired\":true,\"valueName\":\"search_term_string\"}}],\"inLanguage\":\"es\"},{\"@type\":\"Organization\",\"@id\":\"https:\\\/\\\/chemgramx.com\\\/#organization\",\"name\":\"Chemgramx\",\"url\":\"https:\\\/\\\/chemgramx.com\\\/\",\"logo\":{\"@type\":\"ImageObject\",\"inLanguage\":\"es\",\"@id\":\"https:\\\/\\\/chemgramx.com\\\/#\\\/schema\\\/logo\\\/image\\\/\",\"url\":\"https:\\\/\\\/chemgramx.com\\\/wp-content\\\/uploads\\\/2024\\\/10\\\/final-logo.png\",\"contentUrl\":\"https:\\\/\\\/chemgramx.com\\\/wp-content\\\/uploads\\\/2024\\\/10\\\/final-logo.png\",\"width\":250,\"height\":48,\"caption\":\"Chemgramx\"},\"image\":{\"@id\":\"https:\\\/\\\/chemgramx.com\\\/#\\\/schema\\\/logo\\\/image\\\/\"}}]}<\/script>\n<!-- \/ Yoast SEO plugin. -->","yoast_head_json":{"title":"Compre 5F-AKB-48 en l\u00ednea \u2013 5F-AKB-48 en venta | Chemgramx","description":"No pierda la oportunidad de comprar el 5f-akb-48 en l\u00ednea en nuestra tienda. Vendemos exclusivamente el 5f-akb-48 a precios asequibles. Estamos aqu\u00ed para ayudarle. \u00a1Haga su pedido ahora!","robots":{"index":"index","follow":"follow","max-snippet":"max-snippet:-1","max-image-preview":"max-image-preview:large","max-video-preview":"max-video-preview:-1"},"canonical":"https:\/\/chemgramx.com\/es\/producto-1\/5f-akb-48-pedido-en-linea\/","og_locale":"es_ES","og_type":"article","og_title":"5F-AKB-48 online kaufen \u2013 5F-AKB-48 zu verkaufen | chemgramx","og_description":"Verpassen Sie keine Gelegenheit, 5f-akb-48 online in unserem Shop zu kaufen. Wir verkaufen ausschlie\u00dflich 5f-akb-48 zu g\u00fcnstigen Preisen. Wir sind hier, um Ihnen zu helfen. Bestellen Sie jetzt!","og_url":"https:\/\/chemgramx.com\/es\/producto-1\/5f-akb-48-pedido-en-linea\/","og_site_name":"Chemgramx","article_modified_time":"2025-11-21T11:17:53+00:00","og_image":[{"width":600,"height":400,"url":"https:\/\/chemgramx.com\/wp-content\/uploads\/2025\/11\/5fak48.png","type":"image\/png"}],"twitter_card":"summary_large_image","twitter_misc":{"Tiempo de lectura":"4 minutos"},"schema":{"@context":"https:\/\/schema.org","@graph":[{"@type":"WebPage","@id":"https:\/\/chemgramx.com\/product\/5f-akb-48-online-bestellung\/","url":"https:\/\/chemgramx.com\/product\/5f-akb-48-online-bestellung\/","name":"Compre 5F-AKB-48 en l\u00ednea \u2013 5F-AKB-48 en venta | Chemgramx","isPartOf":{"@id":"https:\/\/chemgramx.com\/#website"},"primaryImageOfPage":{"@id":"https:\/\/chemgramx.com\/product\/5f-akb-48-online-bestellung\/#primaryimage"},"image":{"@id":"https:\/\/chemgramx.com\/product\/5f-akb-48-online-bestellung\/#primaryimage"},"thumbnailUrl":"https:\/\/chemgramx.com\/wp-content\/uploads\/2025\/11\/5fak48.png","datePublished":"2025-11-21T11:17:29+00:00","dateModified":"2025-11-21T11:17:53+00:00","description":"No pierda la oportunidad de comprar el 5f-akb-48 en l\u00ednea en nuestra tienda. Vendemos exclusivamente el 5f-akb-48 a precios asequibles. Estamos aqu\u00ed para ayudarle. \u00a1Haga su pedido ahora!","breadcrumb":{"@id":"https:\/\/chemgramx.com\/product\/5f-akb-48-online-bestellung\/#breadcrumb"},"inLanguage":"es","potentialAction":[{"@type":"ReadAction","target":["https:\/\/chemgramx.com\/product\/5f-akb-48-online-bestellung\/"]}]},{"@type":"ImageObject","inLanguage":"es","@id":"https:\/\/chemgramx.com\/product\/5f-akb-48-online-bestellung\/#primaryimage","url":"https:\/\/chemgramx.com\/wp-content\/uploads\/2025\/11\/5fak48.png","contentUrl":"https:\/\/chemgramx.com\/wp-content\/uploads\/2025\/11\/5fak48.png","width":600,"height":400},{"@type":"BreadcrumbList","@id":"https:\/\/chemgramx.com\/product\/5f-akb-48-online-bestellung\/#breadcrumb","itemListElement":[{"@type":"ListItem","position":1,"name":"Home","item":"https:\/\/chemgramx.com\/"},{"@type":"ListItem","position":2,"name":"Shop","item":"https:\/\/chemgramx.com\/shop\/"},{"@type":"ListItem","position":3,"name":"5F-AKB-48 online bestellung"}]},{"@type":"WebSite","@id":"https:\/\/chemgramx.com\/#website","url":"https:\/\/chemgramx.com\/","name":"Chemgramx","description":"","publisher":{"@id":"https:\/\/chemgramx.com\/#organization"},"potentialAction":[{"@type":"SearchAction","target":{"@type":"EntryPoint","urlTemplate":"https:\/\/chemgramx.com\/?s={search_term_string}"},"query-input":{"@type":"PropertyValueSpecification","valueRequired":true,"valueName":"search_term_string"}}],"inLanguage":"es"},{"@type":"Organization","@id":"https:\/\/chemgramx.com\/#organization","name":"Chemgramx","url":"https:\/\/chemgramx.com\/","logo":{"@type":"ImageObject","inLanguage":"es","@id":"https:\/\/chemgramx.com\/#\/schema\/logo\/image\/","url":"https:\/\/chemgramx.com\/wp-content\/uploads\/2024\/10\/final-logo.png","contentUrl":"https:\/\/chemgramx.com\/wp-content\/uploads\/2024\/10\/final-logo.png","width":250,"height":48,"caption":"Chemgramx"},"image":{"@id":"https:\/\/chemgramx.com\/#\/schema\/logo\/image\/"}}]}},"_links":{"self":[{"href":"https:\/\/chemgramx.com\/es\/wp-json\/wp\/v2\/product\/7480","targetHints":{"allow":["GET"]}}],"collection":[{"href":"https:\/\/chemgramx.com\/es\/wp-json\/wp\/v2\/product"}],"about":[{"href":"https:\/\/chemgramx.com\/es\/wp-json\/wp\/v2\/types\/product"}],"replies":[{"embeddable":true,"href":"https:\/\/chemgramx.com\/es\/wp-json\/wp\/v2\/comments?post=7480"}],"wp:featuredmedia":[{"embeddable":true,"href":"https:\/\/chemgramx.com\/es\/wp-json\/wp\/v2\/media\/7510"}],"wp:attachment":[{"href":"https:\/\/chemgramx.com\/es\/wp-json\/wp\/v2\/media?parent=7480"}],"wp:term":[{"taxonomy":"product_brand","embeddable":true,"href":"https:\/\/chemgramx.com\/es\/wp-json\/wp\/v2\/product_brand?post=7480"},{"taxonomy":"product_cat","embeddable":true,"href":"https:\/\/chemgramx.com\/es\/wp-json\/wp\/v2\/product_cat?post=7480"},{"taxonomy":"product_tag","embeddable":true,"href":"https:\/\/chemgramx.com\/es\/wp-json\/wp\/v2\/product_tag?post=7480"}],"curies":[{"name":"wp","href":"https:\/\/api.w.org\/{rel}","templated":true}]}}