{"id":7481,"date":"2025-11-21T11:17:29","date_gmt":"2025-11-21T11:17:29","guid":{"rendered":"https:\/\/chemgramx.com\/?post_type=product&#038;p=7481"},"modified":"2025-11-21T11:17:54","modified_gmt":"2025-11-21T11:17:54","slug":"comprar-5f-mn-18-online","status":"publish","type":"product","link":"https:\/\/chemgramx.com\/es\/product\/5f-mn-18-online-kaufen\/","title":{"rendered":"Comprar 5F-MN-18 en l\u00ednea"},"content":{"rendered":"<p data-start=\"88\" data-end=\"551\"><strong data-start=\"88\" data-end=\"100\">5F-MN-18<\/strong> es un cannabinoide sint\u00e9tico moderno desarrollado espec\u00edficamente para fines de investigaci\u00f3n cient\u00edfica. Esta sustancia permite a los cient\u00edficos estudiar con precisi\u00f3n la interacci\u00f3n entre los cannabinoides y el sistema endocannabinoide humano. Los investigadores que <strong data-start=\"383\" data-end=\"409\">Comprar 5F-MN-18 en l\u00ednea<\/strong>, suelen hacerlo para realizar estudios sobre las uniones de los receptores, los mecanismos de acci\u00f3n farmacol\u00f3gicos y las propiedades toxicol\u00f3gicas.<\/p>\n<p data-start=\"553\" data-end=\"790\">Dado que tambi\u00e9n circulan <em data-start=\"571\" data-end=\"603\">\u00bf5F-MN-18 real o falso a la venta?<\/em> , es fundamental seleccionar una fuente verificada. Solo el <strong data-start=\"692\" data-end=\"722\">El mejor lugar para comprar 5F-MN-18<\/strong> Garantiza pureza, calidad de laboratorio y datos de an\u00e1lisis transparentes.<\/p>\n<h2 data-start=\"797\" data-end=\"819\">\u00bfQu\u00e9 es el 5F-MN-18?<\/h2>\n<p data-start=\"821\" data-end=\"1268\"><strong data-start=\"821\" data-end=\"833\">5F-MN-18<\/strong> Pertenece al grupo de los cannabinoides sint\u00e9ticos, cuya estructura se basa en el indazol o el indol. Es un compuesto que se utiliza con frecuencia en la investigaci\u00f3n farmacol\u00f3gica moderna para <strong data-start=\"1035\" data-end=\"1071\">Actividades de los receptores CB1 y CB2<\/strong> . Estos receptores desempe\u00f1an un papel importante en el sistema nervioso central e influyen en procesos fisiol\u00f3gicos como la percepci\u00f3n del dolor, el apetito, el estado de \u00e1nimo y la regulaci\u00f3n de la inflamaci\u00f3n.<\/p>\n<p data-start=\"1270\" data-end=\"1505\">A diferencia de sustancias m\u00e1s antiguas como AM-2201 o 5F-PB-22, 5F-MN-18 se caracteriza por su alta estabilidad y consistencia. Esto lo hace adecuado <a href=\"\/product\/reines-unverschnittenes-kokain\/\">excelente<\/a> como <strong data-start=\"1441\" data-end=\"1502\">Est\u00e1ndar de referencia en estudios anal\u00edticos y forenses<\/strong>.<\/p>\n<p data-start=\"1507\" data-end=\"1691\">Investigadores que <strong data-start=\"1521\" data-end=\"1542\">5F-MN-18 en venta<\/strong> buscan, se benefician adem\u00e1s de certificados COA (Certificate of Analysis) claros, que confirman la pureza, la estructura qu\u00edmica y la concentraci\u00f3n.<\/p>\n<h2 data-start=\"1698\" data-end=\"1724\">Aplicaciones de la investigaci\u00f3n<\/h2>\n<p data-start=\"1726\" data-end=\"1982\">El 5F-MN-18 se fabrica exclusivamente con fines cient\u00edficos y no debe consumirse. Se utiliza en la investigaci\u00f3n para comprender mejor el funcionamiento de los receptores cannabinoides y sus efectos en el sistema nervioso.<\/p>\n<p data-start=\"1984\" data-end=\"2030\">Entre los campos de aplicaci\u00f3n m\u00e1s frecuentes se encuentran:<\/p>\n<ul data-start=\"2032\" data-end=\"2369\">\n<li data-start=\"2032\" data-end=\"2108\">\n<p data-start=\"2034\" data-end=\"2108\"><strong data-start=\"2034\" data-end=\"2063\">Estudios farmacol\u00f3gicos:<\/strong> Investigaci\u00f3n de la afinidad de uni\u00f3n del receptor<\/p>\n<\/li>\n<li data-start=\"2109\" data-end=\"2205\">\n<p data-start=\"2111\" data-end=\"2205\"><strong data-start=\"2111\" data-end=\"2139\">An\u00e1lisis toxicol\u00f3gicos:<\/strong> Evaluaci\u00f3n de los efectos en comparaci\u00f3n con los cannabinoides naturales<\/p>\n<\/li>\n<li data-start=\"2206\" data-end=\"2285\">\n<p data-start=\"2208\" data-end=\"2285\"><strong data-start=\"2208\" data-end=\"2234\">Investigaci\u00f3n anal\u00edtica:<\/strong> Desarrollo y validaci\u00f3n de m\u00e9todos de detecci\u00f3n<\/p>\n<\/li>\n<li data-start=\"2286\" data-end=\"2369\">\n<p data-start=\"2288\" data-end=\"2369\"><strong data-start=\"2288\" data-end=\"2315\">Estudios neuroqu\u00edmicos:<\/strong> An\u00e1lisis del efecto sobre la transmisi\u00f3n de se\u00f1ales neuronales<\/p>\n<\/li>\n<\/ul>\n<p data-start=\"2371\" data-end=\"2493\">Estas vers\u00e1tiles posibilidades de aplicaci\u00f3n convierten al 5F-MN-18 en un componente central de la investigaci\u00f3n moderna sobre cannabinoides.<\/p>\n<h2 data-start=\"2500\" data-end=\"2538\">Instrucciones de seguridad y uso<\/h2>\n<p data-start=\"2540\" data-end=\"2727\">El tejido es <strong data-start=\"2554\" data-end=\"2583\">no apto para el consumo humano<\/strong> y solo puede utilizarse en entornos controlados. <a href=\"\/product\/egg-rolls-tomorrow-land-286-mg-mdma-online-kaufen\/\">Entornos de laboratorio<\/a> . Solo debe ser manipulado por personal cualificado.<\/p>\n<p data-start=\"2729\" data-end=\"2820\">Al manipular 5F-MN-18, deben respetarse las normas de seguridad habituales en los laboratorios:<\/p>\n<ul data-start=\"2821\" data-end=\"3041\">\n<li data-start=\"2821\" data-end=\"2873\">\n<p data-start=\"2823\" data-end=\"2873\">Trabajar bajo una vitrina de gases qu\u00edmicos ventilada<\/p>\n<\/li>\n<li data-start=\"2874\" data-end=\"2934\">\n<p data-start=\"2876\" data-end=\"2934\">Uso de bata de laboratorio, guantes y gafas de seguridad<\/p>\n<\/li>\n<li data-start=\"2935\" data-end=\"2990\">\n<p data-start=\"2937\" data-end=\"2990\">Almacenamiento en recipientes herm\u00e9ticos protegidos de la luz.<\/p>\n<\/li>\n<li data-start=\"2991\" data-end=\"3041\">\n<p data-start=\"2993\" data-end=\"3041\">Documentaci\u00f3n del uso en el protocolo de laboratorio.<\/p>\n<\/li>\n<\/ul>\n<p data-start=\"3043\" data-end=\"3187\">Estas medidas de seguridad no solo garantizan la protecci\u00f3n de los investigadores, sino tambi\u00e9n la reproducibilidad de los resultados cient\u00edficos.<\/p>\n<h2 data-start=\"3194\" data-end=\"3229\">Perfil qu\u00edmico y pureza<\/h2>\n<ul data-start=\"3231\" data-end=\"3487\">\n<li data-start=\"3231\" data-end=\"3322\">\n<p data-start=\"3233\" data-end=\"3322\"><strong data-start=\"3233\" data-end=\"3259\">Nombre qu\u00edmico:<\/strong> 1-(5-fluoropentil)-N-(adamantano-1-il)-1H-indazol-3-carboxamida<\/p>\n<\/li>\n<li data-start=\"3323\" data-end=\"3356\">\n<p data-start=\"3325\" data-end=\"3356\"><strong data-start=\"3325\" data-end=\"3343\">F\u00f3rmula molecular:<\/strong> C24H32FN3O<\/p>\n<\/li>\n<li data-start=\"3357\" data-end=\"3394\">\n<p data-start=\"3359\" data-end=\"3394\"><strong data-start=\"3359\" data-end=\"3380\">Peso molecular:<\/strong> 397,5 g\/mol<\/p>\n<\/li>\n<li data-start=\"3395\" data-end=\"3435\">\n<p data-start=\"3397\" data-end=\"3435\"><strong data-start=\"3397\" data-end=\"3406\">Molde:<\/strong> Polvo cristalino fino<\/p>\n<\/li>\n<li data-start=\"3436\" data-end=\"3487\">\n<p data-start=\"3438\" data-end=\"3487\"><strong data-start=\"3438\" data-end=\"3451\">Pureza:<\/strong> \u226598 % (confirmado anal\u00edticamente mediante HPLC)<\/p>\n<\/li>\n<\/ul>\n<p data-start=\"3489\" data-end=\"3634\">Cada lote de 5F-MN-18 se analiza en laboratorios certificados para garantizar los m\u00e1s altos est\u00e1ndares de pureza, consistencia y estabilidad.<\/p>\n<h2 data-start=\"3641\" data-end=\"3684\">Ventajas de comprar 5F-MN-18 online<\/h2>\n<p data-start=\"3686\" data-end=\"3897\">Nosotros <strong data-start=\"3690\" data-end=\"3716\">Comprar 5F-MN-18 en l\u00ednea<\/strong> quiere, se beneficia de numerosas ventajas frente a la compra convencional. Los proveedores serios ofrecen pureza certificada, precios transparentes y env\u00edos discretos.<\/p>\n<h3 data-start=\"3899\" data-end=\"3942\">Resumen de las ventajas m\u00e1s importantes<\/h3>\n<ul data-start=\"3943\" data-end=\"4311\">\n<li data-start=\"3943\" data-end=\"4005\">\n<p data-start=\"3945\" data-end=\"4005\"><strong data-start=\"3945\" data-end=\"3972\">Calidad probada en laboratorio:<\/strong> Cada lote con certificado COA<\/p>\n<\/li>\n<li data-start=\"4006\" data-end=\"4071\">\n<p data-start=\"4008\" data-end=\"4071\"><strong data-start=\"4008\" data-end=\"4032\">Precios transparentes:<\/strong> Informaci\u00f3n clara sin costes ocultos<\/p>\n<\/li>\n<li data-start=\"4072\" data-end=\"4158\">\n<p data-start=\"4074\" data-end=\"4158\"><strong data-start=\"4074\" data-end=\"4096\">Env\u00edo r\u00e1pido:<\/strong> Entrega discreta a Alemania, Austria y Suiza.<\/p>\n<\/li>\n<li data-start=\"4159\" data-end=\"4237\">\n<p data-start=\"4161\" data-end=\"4237\"><strong data-start=\"4161\" data-end=\"4183\">Descuentos por volumen:<\/strong> Comprar 5F-MN-18 online a buen precio en Forschungsbedarf<\/p>\n<\/li>\n<li data-start=\"4238\" data-end=\"4311\">\n<p data-start=\"4240\" data-end=\"4311\"><strong data-start=\"4240\" data-end=\"4266\">Origen fiable:<\/strong> Producto original con an\u00e1lisis documentado<\/p>\n<\/li>\n<\/ul>\n<p data-start=\"4313\" data-end=\"4438\">En <strong data-start=\"4317\" data-end=\"4354\">El mejor lugar para comprar 5F-MN-18<\/strong>, por lo tanto, es siempre una fuente de investigaci\u00f3n certificada con calidad de laboratorio comprobada.<\/p>\n<h2 data-start=\"4445\" data-end=\"4483\">Precios y disponibilidad<\/h2>\n<p data-start=\"4485\" data-end=\"4701\">En <strong data-start=\"4489\" data-end=\"4507\">5F-MN-18 Precio<\/strong> Var\u00eda seg\u00fan el proveedor, la cantidad y el grado de pureza. Los distribuidores serios publican sus datos COA y ofrecen precios justos que cumplen con los requisitos de las instituciones cient\u00edficas.<\/p>\n<p data-start=\"4703\" data-end=\"4914\">Los investigadores que realizan pedidos regulares de grandes cantidades pueden beneficiarse de <strong data-start=\"4765\" data-end=\"4804\">Descuentos por volumen y ofertas especiales<\/strong> beneficiarse. El env\u00edo se realiza normalmente en un plazo de <strong data-start=\"4858\" data-end=\"4875\">1-3 d\u00edas laborables<\/strong>, a menudo tambi\u00e9n con <strong data-start=\"4893\" data-end=\"4911\">Opci\u00f3n expr\u00e9s<\/strong>.<\/p>\n<h2 data-start=\"4921\" data-end=\"4946\">Situaci\u00f3n jur\u00eddica<\/h2>\n<p data-start=\"4948\" data-end=\"5184\">La clasificaci\u00f3n legal del 5F-MN-18 var\u00eda de un pa\u00eds a otro. En Alemania, est\u00e1 sujeto a la Ley de Nuevas Sustancias Psicoactivas (NpSG) y, por lo tanto, es <strong data-start=\"5111\" data-end=\"5181\">No est\u00e1 permitido para el consumo, sino exclusivamente para la investigaci\u00f3n.<\/strong>.<\/p>\n<p data-start=\"5186\" data-end=\"5367\">En Austria y Suiza tambi\u00e9n puede estar regulado. Es responsabilidad del comprador informarse sobre las disposiciones nacionales antes de realizar el pedido.<\/p>\n<h3 data-start=\"2303\" data-end=\"2313\">Conclusi\u00f3n<\/h3>\n<p data-start=\"2315\" data-end=\"2758\">Si desea comprar 5F-MN-18 en l\u00ednea, debe verificar cuidadosamente d\u00f3nde puede adquirirlo y comparar ofertas. El mejor lugar para comprar 5F-MN-18 ofrece pureza verificada, precios transparentes y env\u00edo discreto. Ya sea que necesite 5F-MN-18 genuino o falsificado para estudios comparativos o desee comprarlo a bajo precio en l\u00ednea para proyectos de investigaci\u00f3n extensos, la calidad y la confiabilidad son fundamentales.<\/p>","protected":false},"excerpt":{"rendered":"<p><strong>5F-MN-18<\/strong> es un cannabinoide sint\u00e9tico utilizado en la investigaci\u00f3n cient\u00edfica para estudiar los receptores cannabinoides y sus efectos en el sistema endocannabinoide humano. Se ofrece \u00fanicamente con fines de investigaci\u00f3n y no es apto para el consumo humano.<\/p>","protected":false},"featured_media":7511,"comment_status":"open","ping_status":"closed","template":"","meta":{"_joinchat":[]},"product_brand":[],"product_cat":[1805],"product_tag":[2026,2032,2027,2030,2031,2029,2028,188,1814,333],"class_list":{"0":"post-7481","1":"product","2":"type-product","3":"status-publish","4":"has-post-thumbnail","6":"product_cat-indazol-basiert","7":"product_tag-5f-mn-18","8":"product_tag-5f-mn-18-chemikalien","9":"product_tag-5f-mn-18-kaufen","10":"product_tag-5f-mn-18-kristalle","11":"product_tag-5f-mn-18-online","12":"product_tag-5f-mn-18-pulver","13":"product_tag-5f-mn-18-zum-verkauf","14":"product_tag-forschungschemikalien","15":"product_tag-forschungsstoffe-kaufen","16":"product_tag-synthetische-cannabinoide","18":"first","19":"instock","20":"shipping-taxable","21":"purchasable","22":"product-type-variable"},"yoast_head":"<!-- This site is optimized with the Yoast SEO plugin v27.5 - https:\/\/yoast.com\/product\/yoast-seo-wordpress\/ -->\n<title>5F-MN-18 online kaufen \u2013 5F-MN-18 zu verkaufen | chemgramx<\/title>\n<meta name=\"description\" content=\"Sie m\u00f6chten 5f-mn-18 online zu einem vern\u00fcnftigen Preis kaufen? Besuchen Sie unseren renommierten Online-Chemikalienladen und kaufen Sie 5f-mn-18 noch heute. Bestellen Sie jetzt und erhalten Sie den besten Preis in unserem Laden.\" \/>\n<meta name=\"robots\" content=\"index, follow, max-snippet:-1, max-image-preview:large, max-video-preview:-1\" \/>\n<link rel=\"canonical\" href=\"https:\/\/chemgramx.com\/es\/producto-1\/comprar-5f-mn-18-online\/\" \/>\n<meta property=\"og:locale\" content=\"es_ES\" \/>\n<meta property=\"og:type\" content=\"article\" \/>\n<meta property=\"og:title\" content=\"5F-MN-18 online kaufen \u2013 5F-MN-18 zu verkaufen | chemgramx\" \/>\n<meta property=\"og:description\" content=\"Sie m\u00f6chten 5f-mn-18 online zu einem vern\u00fcnftigen Preis kaufen? Besuchen Sie unseren renommierten Online-Chemikalienladen und kaufen Sie 5f-mn-18 noch heute. Bestellen Sie jetzt und erhalten Sie den besten Preis in unserem Laden.\" \/>\n<meta property=\"og:url\" content=\"https:\/\/chemgramx.com\/es\/producto-1\/comprar-5f-mn-18-online\/\" \/>\n<meta property=\"og:site_name\" content=\"Chemgramx\" \/>\n<meta property=\"article:modified_time\" content=\"2025-11-21T11:17:54+00:00\" \/>\n<meta property=\"og:image\" content=\"https:\/\/chemgramx.com\/wp-content\/uploads\/2025\/11\/244195-32-2.gif\" \/>\n\t<meta property=\"og:image:width\" content=\"388\" \/>\n\t<meta property=\"og:image:height\" content=\"314\" \/>\n\t<meta property=\"og:image:type\" content=\"image\/gif\" \/>\n<meta name=\"twitter:card\" content=\"summary_large_image\" \/>\n<meta name=\"twitter:label1\" content=\"Tiempo de lectura\" \/>\n\t<meta name=\"twitter:data1\" content=\"4 minutos\" \/>\n<script type=\"application\/ld+json\" class=\"yoast-schema-graph\">{\"@context\":\"https:\\\/\\\/schema.org\",\"@graph\":[{\"@type\":\"WebPage\",\"@id\":\"https:\\\/\\\/chemgramx.com\\\/product\\\/5f-mn-18-online-kaufen\\\/\",\"url\":\"https:\\\/\\\/chemgramx.com\\\/product\\\/5f-mn-18-online-kaufen\\\/\",\"name\":\"5F-MN-18 online kaufen \u2013 5F-MN-18 zu verkaufen | chemgramx\",\"isPartOf\":{\"@id\":\"https:\\\/\\\/chemgramx.com\\\/#website\"},\"primaryImageOfPage\":{\"@id\":\"https:\\\/\\\/chemgramx.com\\\/product\\\/5f-mn-18-online-kaufen\\\/#primaryimage\"},\"image\":{\"@id\":\"https:\\\/\\\/chemgramx.com\\\/product\\\/5f-mn-18-online-kaufen\\\/#primaryimage\"},\"thumbnailUrl\":\"https:\\\/\\\/chemgramx.com\\\/wp-content\\\/uploads\\\/2025\\\/11\\\/244195-32-2.gif\",\"datePublished\":\"2025-11-21T11:17:29+00:00\",\"dateModified\":\"2025-11-21T11:17:54+00:00\",\"description\":\"Sie m\u00f6chten 5f-mn-18 online zu einem vern\u00fcnftigen Preis kaufen? Besuchen Sie unseren renommierten Online-Chemikalienladen und kaufen Sie 5f-mn-18 noch heute. Bestellen Sie jetzt und erhalten Sie den besten Preis in unserem Laden.\",\"breadcrumb\":{\"@id\":\"https:\\\/\\\/chemgramx.com\\\/product\\\/5f-mn-18-online-kaufen\\\/#breadcrumb\"},\"inLanguage\":\"es\",\"potentialAction\":[{\"@type\":\"ReadAction\",\"target\":[\"https:\\\/\\\/chemgramx.com\\\/product\\\/5f-mn-18-online-kaufen\\\/\"]}]},{\"@type\":\"ImageObject\",\"inLanguage\":\"es\",\"@id\":\"https:\\\/\\\/chemgramx.com\\\/product\\\/5f-mn-18-online-kaufen\\\/#primaryimage\",\"url\":\"https:\\\/\\\/chemgramx.com\\\/wp-content\\\/uploads\\\/2025\\\/11\\\/244195-32-2.gif\",\"contentUrl\":\"https:\\\/\\\/chemgramx.com\\\/wp-content\\\/uploads\\\/2025\\\/11\\\/244195-32-2.gif\",\"width\":388,\"height\":314},{\"@type\":\"BreadcrumbList\",\"@id\":\"https:\\\/\\\/chemgramx.com\\\/product\\\/5f-mn-18-online-kaufen\\\/#breadcrumb\",\"itemListElement\":[{\"@type\":\"ListItem\",\"position\":1,\"name\":\"Home\",\"item\":\"https:\\\/\\\/chemgramx.com\\\/\"},{\"@type\":\"ListItem\",\"position\":2,\"name\":\"Shop\",\"item\":\"https:\\\/\\\/chemgramx.com\\\/shop\\\/\"},{\"@type\":\"ListItem\",\"position\":3,\"name\":\"5F-MN-18 online kaufen\"}]},{\"@type\":\"WebSite\",\"@id\":\"https:\\\/\\\/chemgramx.com\\\/#website\",\"url\":\"https:\\\/\\\/chemgramx.com\\\/\",\"name\":\"Chemgramx\",\"description\":\"\",\"publisher\":{\"@id\":\"https:\\\/\\\/chemgramx.com\\\/#organization\"},\"potentialAction\":[{\"@type\":\"SearchAction\",\"target\":{\"@type\":\"EntryPoint\",\"urlTemplate\":\"https:\\\/\\\/chemgramx.com\\\/?s={search_term_string}\"},\"query-input\":{\"@type\":\"PropertyValueSpecification\",\"valueRequired\":true,\"valueName\":\"search_term_string\"}}],\"inLanguage\":\"es\"},{\"@type\":\"Organization\",\"@id\":\"https:\\\/\\\/chemgramx.com\\\/#organization\",\"name\":\"Chemgramx\",\"url\":\"https:\\\/\\\/chemgramx.com\\\/\",\"logo\":{\"@type\":\"ImageObject\",\"inLanguage\":\"es\",\"@id\":\"https:\\\/\\\/chemgramx.com\\\/#\\\/schema\\\/logo\\\/image\\\/\",\"url\":\"https:\\\/\\\/chemgramx.com\\\/wp-content\\\/uploads\\\/2024\\\/10\\\/final-logo.png\",\"contentUrl\":\"https:\\\/\\\/chemgramx.com\\\/wp-content\\\/uploads\\\/2024\\\/10\\\/final-logo.png\",\"width\":250,\"height\":48,\"caption\":\"Chemgramx\"},\"image\":{\"@id\":\"https:\\\/\\\/chemgramx.com\\\/#\\\/schema\\\/logo\\\/image\\\/\"}}]}<\/script>\n<!-- \/ Yoast SEO plugin. -->","yoast_head_json":{"title":"Compre 5F-MN-18 en l\u00ednea \u2013 5F-MN-18 a la venta | chemgramx","description":"\u00bfQuieres comprar 5f-mn-18 online a un precio razonable? Visita nuestra prestigiosa tienda de productos qu\u00edmicos online y compra 5f-mn-18 hoy mismo. Haz tu pedido ahora y consigue el mejor precio en nuestra tienda.","robots":{"index":"index","follow":"follow","max-snippet":"max-snippet:-1","max-image-preview":"max-image-preview:large","max-video-preview":"max-video-preview:-1"},"canonical":"https:\/\/chemgramx.com\/es\/producto-1\/comprar-5f-mn-18-online\/","og_locale":"es_ES","og_type":"article","og_title":"5F-MN-18 online kaufen \u2013 5F-MN-18 zu verkaufen | chemgramx","og_description":"Sie m\u00f6chten 5f-mn-18 online zu einem vern\u00fcnftigen Preis kaufen? Besuchen Sie unseren renommierten Online-Chemikalienladen und kaufen Sie 5f-mn-18 noch heute. Bestellen Sie jetzt und erhalten Sie den besten Preis in unserem Laden.","og_url":"https:\/\/chemgramx.com\/es\/producto-1\/comprar-5f-mn-18-online\/","og_site_name":"Chemgramx","article_modified_time":"2025-11-21T11:17:54+00:00","og_image":[{"width":388,"height":314,"url":"https:\/\/chemgramx.com\/wp-content\/uploads\/2025\/11\/244195-32-2.gif","type":"image\/gif"}],"twitter_card":"summary_large_image","twitter_misc":{"Tiempo de lectura":"4 minutos"},"schema":{"@context":"https:\/\/schema.org","@graph":[{"@type":"WebPage","@id":"https:\/\/chemgramx.com\/product\/5f-mn-18-online-kaufen\/","url":"https:\/\/chemgramx.com\/product\/5f-mn-18-online-kaufen\/","name":"Compre 5F-MN-18 en l\u00ednea \u2013 5F-MN-18 a la venta | chemgramx","isPartOf":{"@id":"https:\/\/chemgramx.com\/#website"},"primaryImageOfPage":{"@id":"https:\/\/chemgramx.com\/product\/5f-mn-18-online-kaufen\/#primaryimage"},"image":{"@id":"https:\/\/chemgramx.com\/product\/5f-mn-18-online-kaufen\/#primaryimage"},"thumbnailUrl":"https:\/\/chemgramx.com\/wp-content\/uploads\/2025\/11\/244195-32-2.gif","datePublished":"2025-11-21T11:17:29+00:00","dateModified":"2025-11-21T11:17:54+00:00","description":"\u00bfQuieres comprar 5f-mn-18 online a un precio razonable? Visita nuestra prestigiosa tienda de productos qu\u00edmicos online y compra 5f-mn-18 hoy mismo. Haz tu pedido ahora y consigue el mejor precio en nuestra tienda.","breadcrumb":{"@id":"https:\/\/chemgramx.com\/product\/5f-mn-18-online-kaufen\/#breadcrumb"},"inLanguage":"es","potentialAction":[{"@type":"ReadAction","target":["https:\/\/chemgramx.com\/product\/5f-mn-18-online-kaufen\/"]}]},{"@type":"ImageObject","inLanguage":"es","@id":"https:\/\/chemgramx.com\/product\/5f-mn-18-online-kaufen\/#primaryimage","url":"https:\/\/chemgramx.com\/wp-content\/uploads\/2025\/11\/244195-32-2.gif","contentUrl":"https:\/\/chemgramx.com\/wp-content\/uploads\/2025\/11\/244195-32-2.gif","width":388,"height":314},{"@type":"BreadcrumbList","@id":"https:\/\/chemgramx.com\/product\/5f-mn-18-online-kaufen\/#breadcrumb","itemListElement":[{"@type":"ListItem","position":1,"name":"Home","item":"https:\/\/chemgramx.com\/"},{"@type":"ListItem","position":2,"name":"Shop","item":"https:\/\/chemgramx.com\/shop\/"},{"@type":"ListItem","position":3,"name":"5F-MN-18 online kaufen"}]},{"@type":"WebSite","@id":"https:\/\/chemgramx.com\/#website","url":"https:\/\/chemgramx.com\/","name":"Chemgramx","description":"","publisher":{"@id":"https:\/\/chemgramx.com\/#organization"},"potentialAction":[{"@type":"SearchAction","target":{"@type":"EntryPoint","urlTemplate":"https:\/\/chemgramx.com\/?s={search_term_string}"},"query-input":{"@type":"PropertyValueSpecification","valueRequired":true,"valueName":"search_term_string"}}],"inLanguage":"es"},{"@type":"Organization","@id":"https:\/\/chemgramx.com\/#organization","name":"Chemgramx","url":"https:\/\/chemgramx.com\/","logo":{"@type":"ImageObject","inLanguage":"es","@id":"https:\/\/chemgramx.com\/#\/schema\/logo\/image\/","url":"https:\/\/chemgramx.com\/wp-content\/uploads\/2024\/10\/final-logo.png","contentUrl":"https:\/\/chemgramx.com\/wp-content\/uploads\/2024\/10\/final-logo.png","width":250,"height":48,"caption":"Chemgramx"},"image":{"@id":"https:\/\/chemgramx.com\/#\/schema\/logo\/image\/"}}]}},"_links":{"self":[{"href":"https:\/\/chemgramx.com\/es\/wp-json\/wp\/v2\/product\/7481","targetHints":{"allow":["GET"]}}],"collection":[{"href":"https:\/\/chemgramx.com\/es\/wp-json\/wp\/v2\/product"}],"about":[{"href":"https:\/\/chemgramx.com\/es\/wp-json\/wp\/v2\/types\/product"}],"replies":[{"embeddable":true,"href":"https:\/\/chemgramx.com\/es\/wp-json\/wp\/v2\/comments?post=7481"}],"wp:featuredmedia":[{"embeddable":true,"href":"https:\/\/chemgramx.com\/es\/wp-json\/wp\/v2\/media\/7511"}],"wp:attachment":[{"href":"https:\/\/chemgramx.com\/es\/wp-json\/wp\/v2\/media?parent=7481"}],"wp:term":[{"taxonomy":"product_brand","embeddable":true,"href":"https:\/\/chemgramx.com\/es\/wp-json\/wp\/v2\/product_brand?post=7481"},{"taxonomy":"product_cat","embeddable":true,"href":"https:\/\/chemgramx.com\/es\/wp-json\/wp\/v2\/product_cat?post=7481"},{"taxonomy":"product_tag","embeddable":true,"href":"https:\/\/chemgramx.com\/es\/wp-json\/wp\/v2\/product_tag?post=7481"}],"curies":[{"name":"wp","href":"https:\/\/api.w.org\/{rel}","templated":true}]}}