{"id":7484,"date":"2025-11-21T11:17:30","date_gmt":"2025-11-21T11:17:30","guid":{"rendered":"https:\/\/chemgramx.com\/?post_type=product&#038;p=7484"},"modified":"2025-11-21T11:18:24","modified_gmt":"2025-11-21T11:18:24","slug":"bb-22-pedido-en-linea","status":"publish","type":"product","link":"https:\/\/chemgramx.com\/es\/product\/bb-22-online-bestellung\/","title":{"rendered":"BB-22 pedido en l\u00ednea"},"content":{"rendered":"<p data-start=\"113\" data-end=\"495\"><strong data-start=\"113\" data-end=\"122\">BB-22<\/strong> es un cannabinoide sint\u00e9tico avanzado utilizado en la investigaci\u00f3n farmacol\u00f3gica moderna para estudiar las interacciones entre los cannabinoides y los receptores cannabinoides humanos CB1 y CB2. Pertenece a la nueva generaci\u00f3n de productos qu\u00edmicos de investigaci\u00f3n desarrollados para an\u00e1lisis de laboratorio y estudios experimentales precisos.<\/p>\n<p data-start=\"497\" data-end=\"973\">Cada vez m\u00e1s instituciones y laboratorios de investigaci\u00f3n buscan fuentes fiables para <strong data-start=\"581\" data-end=\"604\">Comprar BB-22 en l\u00ednea<\/strong> para poder hacerlo. Como tambi\u00e9n <em data-start=\"624\" data-end=\"653\">se vende BB-22 real o falso<\/em> puede estar en circulaci\u00f3n, la elecci\u00f3n de una fuente probada y certificada es crucial para garantizar la autenticidad y la pureza. <a href=\"\/product\/kaufen-sie-kokain-online\/\">garantizar<\/a>. Cient\u00edficos que se preguntan, <em data-start=\"825\" data-end=\"845\">d\u00f3nde comprar BB-22<\/em>, preste atenci\u00f3n a la <strong data-start=\"864\" data-end=\"879\">BB-22 Precio<\/strong> en particular en informes de laboratorio transparentes, certificados COA y condiciones de entrega fiables.<\/p>\n<h2 data-start=\"980\" data-end=\"999\">\u00bfQu\u00e9 es BB-22?<\/h2>\n<p data-start=\"1001\" data-end=\"1316\"><strong data-start=\"1001\" data-end=\"1010\">BB-22<\/strong> (nombre qu\u00edmico: quinolin-8-il 1-(ciclohexilmetil)-1H-indol-3-carboxilato) es un cannabinoide sint\u00e9tico que act\u00faa como agonista de los receptores cannabinoides. Estos receptores desempe\u00f1an un papel importante en procesos fisiol\u00f3gicos como la percepci\u00f3n del dolor, el estado de \u00e1nimo, el apetito y las reacciones inflamatorias.<\/p>\n<p data-start=\"1318\" data-end=\"1671\">Debido a su estructura molecular, el BB-22 se une con gran afinidad a los receptores CB1 y CB2, lo que lo convierte en una valiosa herramienta en la investigaci\u00f3n bioqu\u00edmica. Se utiliza para comprender los mecanismos de activaci\u00f3n de los receptores, obtener nuevos conocimientos farmacol\u00f3gicos e investigar posibles aplicaciones terap\u00e9uticas.<\/p>\n<p data-start=\"1673\" data-end=\"1943\">En comparaci\u00f3n con cannabinoides m\u00e1s antiguos como el AM-2201 o el JWH-018 <strong data-start=\"1743\" data-end=\"1752\">BB-22<\/strong> una estructura m\u00e1s estable, una mayor uni\u00f3n a los receptores y unas propiedades farmacol\u00f3gicas claramente definidas, una de las razones por las que cada vez se utiliza m\u00e1s como <strong data-start=\"1890\" data-end=\"1910\">Norma de referencia<\/strong> se utiliza en los an\u00e1lisis de laboratorio.<\/p>\n<h2 data-start=\"1950\" data-end=\"1976\">Aplicaciones de la investigaci\u00f3n<\/h2>\n<p data-start=\"1978\" data-end=\"2221\">La sustancia <strong data-start=\"1991\" data-end=\"2000\">BB-22<\/strong> se destina exclusivamente a fines cient\u00edficos y no puede ser <strong data-start=\"2067\" data-end=\"2087\">no <a href=\"\/product\/peruanisches-kokain-sicher-online-kaufen\/\">consumido<\/a><\/strong> utilizarse. Se utiliza en entornos de laboratorio controlados para investigar los procesos moleculares del sistema endocannabinoide.<\/p>\n<p data-start=\"2223\" data-end=\"2273\">Las aplicaciones de investigaci\u00f3n m\u00e1s comunes son<\/p>\n<ul data-start=\"2274\" data-end=\"2628\">\n<li data-start=\"2274\" data-end=\"2350\">\n<p data-start=\"2276\" data-end=\"2350\"><strong data-start=\"2276\" data-end=\"2305\">Estudios farmacol\u00f3gicos:<\/strong> An\u00e1lisis de la actividad de los receptores CB1 y CB2<\/p>\n<\/li>\n<li data-start=\"2351\" data-end=\"2442\">\n<p data-start=\"2353\" data-end=\"2442\"><strong data-start=\"2353\" data-end=\"2387\">Pruebas toxicol\u00f3gicas:<\/strong> Evaluaci\u00f3n de posibles efectos secundarios y productos de degradaci\u00f3n<\/p>\n<\/li>\n<li data-start=\"2443\" data-end=\"2527\">\n<p data-start=\"2445\" data-end=\"2527\"><strong data-start=\"2445\" data-end=\"2467\">Estudios comparativos:<\/strong> Comparaci\u00f3n con otros cannabinoides sint\u00e9ticos<\/p>\n<\/li>\n<li data-start=\"2528\" data-end=\"2628\">\n<p data-start=\"2530\" data-end=\"2628\"><strong data-start=\"2530\" data-end=\"2567\">Desarrollo de m\u00e9todos de detecci\u00f3n:<\/strong> Elaboraci\u00f3n de normas anal\u00edticas para pruebas de laboratorio y forenses<\/p>\n<\/li>\n<\/ul>\n<p data-start=\"2630\" data-end=\"2806\">Mediante estos enfoques de investigaci\u00f3n, el BB-22 contribuye a obtener nuevos conocimientos sobre las interacciones de los cannabinoides y a comprender mejor sus posibles aplicaciones m\u00e9dicas.<\/p>\n<h2 data-start=\"2813\" data-end=\"2854\">Instrucciones de seguridad y manipulaci\u00f3n<\/h2>\n<p data-start=\"2856\" data-end=\"3070\"><strong data-start=\"2856\" data-end=\"2865\">BB-22<\/strong> s\u00f3lo puede utilizarse en entornos de laboratorio autorizados y por personal formado. Es <strong data-start=\"2966\" data-end=\"2995\">no apto para el consumo humano<\/strong> y destinados exclusivamente a fines anal\u00edticos y experimentales.<\/p>\n<p data-start=\"3072\" data-end=\"3168\">Cuando se trabaja con BB-22, se aplican las normas generales de seguridad de la investigaci\u00f3n qu\u00edmica:<\/p>\n<ul data-start=\"3169\" data-end=\"3384\">\n<li data-start=\"3169\" data-end=\"3229\">\n<p data-start=\"3171\" data-end=\"3229\">Uso de bata de laboratorio, guantes y gafas de seguridad<\/p>\n<\/li>\n<li data-start=\"3230\" data-end=\"3271\">\n<p data-start=\"3232\" data-end=\"3271\">Trabajar bajo una vitrina de gases qu\u00edmicos<\/p>\n<\/li>\n<li data-start=\"3272\" data-end=\"3319\">\n<p data-start=\"3274\" data-end=\"3319\">Documentaci\u00f3n de la utilizaci\u00f3n en el protocolo del laboratorio<\/p>\n<\/li>\n<li data-start=\"3320\" data-end=\"3384\">\n<p data-start=\"3322\" data-end=\"3384\">Conservar en recipientes frescos, secos y protegidos de la luz<\/p>\n<\/li>\n<\/ul>\n<p data-start=\"3386\" data-end=\"3500\">Estas directrices garantizan la seguridad de los empleados y la fiabilidad de los resultados de la investigaci\u00f3n.<\/p>\n<h2 data-start=\"3507\" data-end=\"3529\">Perfil qu\u00edmico<\/h2>\n<ul data-start=\"3531\" data-end=\"3848\">\n<li data-start=\"3531\" data-end=\"3618\">\n<p data-start=\"3533\" data-end=\"3618\"><strong data-start=\"3533\" data-end=\"3559\">Nombre qu\u00edmico:<\/strong> 1-(ciclohexilmetil)-1H-indol-3-carboxilato de quinolin-8-ilo<\/p>\n<\/li>\n<li data-start=\"3619\" data-end=\"3652\">\n<p data-start=\"3621\" data-end=\"3652\"><strong data-start=\"3621\" data-end=\"3639\">F\u00f3rmula molecular:<\/strong> C25H24N2O2<\/p>\n<\/li>\n<li data-start=\"3653\" data-end=\"3690\">\n<p data-start=\"3655\" data-end=\"3690\"><strong data-start=\"3655\" data-end=\"3676\">Peso molecular:<\/strong> 384,5 g\/mol<\/p>\n<\/li>\n<li data-start=\"3691\" data-end=\"3740\">\n<p data-start=\"3693\" data-end=\"3740\"><strong data-start=\"3693\" data-end=\"3702\">Molde:<\/strong> Polvo fino entre blanco y beige claro<\/p>\n<\/li>\n<li data-start=\"3741\" data-end=\"3779\">\n<p data-start=\"3743\" data-end=\"3779\"><strong data-start=\"3743\" data-end=\"3756\">Pureza:<\/strong> \u226598 % (probado por HPLC)<\/p>\n<\/li>\n<li data-start=\"3780\" data-end=\"3848\">\n<p data-start=\"3782\" data-end=\"3848\"><strong data-start=\"3782\" data-end=\"3797\">Estabilidad:<\/strong> Estable en almacenamiento a temperatura ambiente bajo protecci\u00f3n lum\u00ednica<\/p>\n<\/li>\n<\/ul>\n<p data-start=\"3850\" data-end=\"4149\">Cada lote de <strong data-start=\"3866\" data-end=\"3884\">BB-22 en venta<\/strong> se somete a pruebas en un laboratorio independiente para garantizar su pureza, estructura y consistencia qu\u00edmica. Los <strong data-start=\"4007\" data-end=\"4051\">Certificado COA (Certificado de An\u00e1lisis)<\/strong> garantiza la calidad del laboratorio y confirma que la sustancia cumple todas las normas de investigaci\u00f3n.<\/p>\n<h2 data-start=\"4156\" data-end=\"4196\">Ventajas de comprar BB-22 por Internet<\/h2>\n<p data-start=\"4198\" data-end=\"4325\">Investigadores que <strong data-start=\"4212\" data-end=\"4235\">Comprar BB-22 en l\u00ednea<\/strong>, Benef\u00edciese de una calidad de laboratorio probada, un env\u00edo discreto y precios justos.<\/p>\n<h3 data-start=\"4327\" data-end=\"4350\">Ventajas centrales<\/h3>\n<ul data-start=\"4351\" data-end=\"4774\">\n<li data-start=\"4351\" data-end=\"4431\">\n<p data-start=\"4353\" data-end=\"4431\"><strong data-start=\"4353\" data-end=\"4375\">Calidad probada:<\/strong> Cada lote se somete a pruebas anal\u00edticas y se certifica<\/p>\n<\/li>\n<li data-start=\"4432\" data-end=\"4528\">\n<p data-start=\"4434\" data-end=\"4528\"><strong data-start=\"4434\" data-end=\"4467\">Precios transparentes:<\/strong> En <strong data-start=\"4472\" data-end=\"4487\">BB-22 Precio<\/strong> sea clara y comprensible<\/p>\n<\/li>\n<li data-start=\"4529\" data-end=\"4627\">\n<p data-start=\"4531\" data-end=\"4627\"><strong data-start=\"4531\" data-end=\"4554\">Opciones a granel:<\/strong> Es posible, <strong data-start=\"4568\" data-end=\"4602\">Comprar BB-22 barato online<\/strong> para proyectos de investigaci\u00f3n<\/p>\n<\/li>\n<li data-start=\"4628\" data-end=\"4697\">\n<p data-start=\"4630\" data-end=\"4697\"><strong data-start=\"4630\" data-end=\"4652\">Env\u00edo discreto:<\/strong> Embalaje neutro y entrega r\u00e1pida<\/p>\n<\/li>\n<li data-start=\"4698\" data-end=\"4774\">\n<p data-start=\"4700\" data-end=\"4774\"><strong data-start=\"4700\" data-end=\"4727\">Origen certificado:<\/strong> S\u00f3lo fuentes de suministro verificadas y documentadas<\/p>\n<\/li>\n<\/ul>\n<p data-start=\"4776\" data-end=\"4921\">En <strong data-start=\"4780\" data-end=\"4814\">Mejor lugar para comprar BB-22<\/strong>, es, por tanto, siempre un distribuidor con calidad de laboratorio verificable y fiabilidad de env\u00edo internacional.<\/p>\n<h2 data-start=\"4928\" data-end=\"4956\">Prijs en beschikbaarheid<\/h2>\n<p data-start=\"4958\" data-end=\"5145\">En <strong data-start=\"4962\" data-end=\"4977\">BB-22 Precio<\/strong> depende de la cantidad, la regi\u00f3n de suministro y el nivel de certificaci\u00f3n. Las instituciones de investigaci\u00f3n con necesidades regulares pueden beneficiarse a menudo de <strong data-start=\"5103\" data-end=\"5130\">Descuentos por grandes cantidades<\/strong> beneficio.<\/p>\n<p data-start=\"5147\" data-end=\"5382\">Por regla general, la entrega se realiza en <strong data-start=\"5196\" data-end=\"5213\">1-3 d\u00edas laborables<\/strong>, opcionalmente tambi\u00e9n a trav\u00e9s de <strong data-start=\"5233\" data-end=\"5257\">Entrega urgente (24h)<\/strong>. Proveedores reputados entregan en Alemania, Austria y Suiza con seguimiento del env\u00edo y embalaje neutro.<\/p>\n<h2 data-start=\"5389\" data-end=\"5413\">Aviso legal<\/h2>\n<p data-start=\"5415\" data-end=\"5697\">La categorizaci\u00f3n jur\u00eddica de <strong data-start=\"5445\" data-end=\"5454\">BB-22<\/strong> var\u00eda a escala internacional. En Alemania pertenece a la <strong data-start=\"5513\" data-end=\"5555\">Nueva Ley de Sustancias Psicoactivas (NpSG)<\/strong> y, por tanto, s\u00f3lo pueden adquirirse y utilizarse con fines de investigaci\u00f3n. En Austria y Suiza se aplican normas similares.<\/p>\n<p data-start=\"5699\" data-end=\"5837\">Los compradores deben asegurarse de cumplir la normativa aplicable y utilizar la sustancia \u00fanicamente con fines cient\u00edficos.<\/p>\n<h2 data-start=\"2095\" data-end=\"2105\">Conclusi\u00f3n<\/h2>\n<p data-start=\"2107\" data-end=\"2480\">Si desea comprar BB-22 en l\u00ednea, debe comprobar exactamente d\u00f3nde puede comprar BB-22 y qu\u00e9 proveedores ofrecen la mejor pureza y un precio justo de BB-22. El mejor lugar para comprar BB-22 es un minorista que ofrezca calidad comprobada, env\u00edo discreto y pruebas transparentes. Esta es la \u00fanica forma de garantizar que el producto respalde de forma fiable la investigaci\u00f3n.<\/p>","protected":false},"excerpt":{"rendered":"<p><strong>BB-22<\/strong> es un cannabinoide sint\u00e9tico utilizado en investigaci\u00f3n para ampliar la comprensi\u00f3n del efecto de los cannabinoides en el sistema endocannabinoide humano. Est\u00e1 destinado \u00fanicamente a estudios cient\u00edficos y no al consumo humano.<\/p>","protected":false},"featured_media":7514,"comment_status":"open","ping_status":"closed","template":"","meta":{"_joinchat":[]},"product_brand":[],"product_cat":[1805],"product_tag":[1995,2001,1996,1999,2000,1998,1997,188,1814,333],"class_list":{"0":"post-7484","1":"product","2":"type-product","3":"status-publish","4":"has-post-thumbnail","6":"product_cat-indazol-basiert","7":"product_tag-bb-22","8":"product_tag-bb-22-chemikalien","9":"product_tag-bb-22-kaufen","10":"product_tag-bb-22-kristalle","11":"product_tag-bb-22-online","12":"product_tag-bb-22-pulver","13":"product_tag-bb-22-zum-verkauf","14":"product_tag-forschungschemikalien","15":"product_tag-forschungsstoffe-kaufen","16":"product_tag-synthetische-cannabinoide","18":"first","19":"instock","20":"shipping-taxable","21":"purchasable","22":"product-type-variable"},"yoast_head":"<!-- This site is optimized with the Yoast SEO plugin v27.5 - https:\/\/yoast.com\/product\/yoast-seo-wordpress\/ -->\n<title>BB-22 online kaufen \u2013 BB-22 zu verkaufen | chemgramx<\/title>\n<meta name=\"description\" content=\"Unser Gesch\u00e4ft hat bb-22 in Topqualit\u00e4t zum Verkauf. Die Qualit\u00e4t unserer Produkte ist einfach unschlagbar. Wenn Sie es brauchen, kaufen Sie bb-22 gleich online. Jetzt bestellen!\" \/>\n<meta name=\"robots\" content=\"index, follow, max-snippet:-1, max-image-preview:large, max-video-preview:-1\" \/>\n<link rel=\"canonical\" href=\"https:\/\/chemgramx.com\/es\/producto-1\/bb-22-pedido-en-linea\/\" \/>\n<meta property=\"og:locale\" content=\"es_ES\" \/>\n<meta property=\"og:type\" content=\"article\" \/>\n<meta property=\"og:title\" content=\"BB-22 online kaufen \u2013 BB-22 zu verkaufen | chemgramx\" \/>\n<meta property=\"og:description\" content=\"Unser Gesch\u00e4ft hat bb-22 in Topqualit\u00e4t zum Verkauf. Die Qualit\u00e4t unserer Produkte ist einfach unschlagbar. Wenn Sie es brauchen, kaufen Sie bb-22 gleich online. Jetzt bestellen!\" \/>\n<meta property=\"og:url\" content=\"https:\/\/chemgramx.com\/es\/producto-1\/bb-22-pedido-en-linea\/\" \/>\n<meta property=\"og:site_name\" content=\"Chemgramx\" \/>\n<meta property=\"article:modified_time\" content=\"2025-11-21T11:18:24+00:00\" \/>\n<meta property=\"og:image\" content=\"https:\/\/chemgramx.com\/wp-content\/uploads\/2025\/11\/bb22.png\" \/>\n\t<meta property=\"og:image:width\" content=\"600\" \/>\n\t<meta property=\"og:image:height\" content=\"400\" \/>\n\t<meta property=\"og:image:type\" content=\"image\/png\" \/>\n<meta name=\"twitter:card\" content=\"summary_large_image\" \/>\n<meta name=\"twitter:label1\" content=\"Tiempo de lectura\" \/>\n\t<meta name=\"twitter:data1\" content=\"4 minutos\" \/>\n<script type=\"application\/ld+json\" class=\"yoast-schema-graph\">{\"@context\":\"https:\\\/\\\/schema.org\",\"@graph\":[{\"@type\":\"WebPage\",\"@id\":\"https:\\\/\\\/chemgramx.com\\\/product\\\/bb-22-online-bestellung\\\/\",\"url\":\"https:\\\/\\\/chemgramx.com\\\/product\\\/bb-22-online-bestellung\\\/\",\"name\":\"BB-22 online kaufen \u2013 BB-22 zu verkaufen | chemgramx\",\"isPartOf\":{\"@id\":\"https:\\\/\\\/chemgramx.com\\\/#website\"},\"primaryImageOfPage\":{\"@id\":\"https:\\\/\\\/chemgramx.com\\\/product\\\/bb-22-online-bestellung\\\/#primaryimage\"},\"image\":{\"@id\":\"https:\\\/\\\/chemgramx.com\\\/product\\\/bb-22-online-bestellung\\\/#primaryimage\"},\"thumbnailUrl\":\"https:\\\/\\\/chemgramx.com\\\/wp-content\\\/uploads\\\/2025\\\/11\\\/bb22.png\",\"datePublished\":\"2025-11-21T11:17:30+00:00\",\"dateModified\":\"2025-11-21T11:18:24+00:00\",\"description\":\"Unser Gesch\u00e4ft hat bb-22 in Topqualit\u00e4t zum Verkauf. Die Qualit\u00e4t unserer Produkte ist einfach unschlagbar. Wenn Sie es brauchen, kaufen Sie bb-22 gleich online. Jetzt bestellen!\",\"breadcrumb\":{\"@id\":\"https:\\\/\\\/chemgramx.com\\\/product\\\/bb-22-online-bestellung\\\/#breadcrumb\"},\"inLanguage\":\"es\",\"potentialAction\":[{\"@type\":\"ReadAction\",\"target\":[\"https:\\\/\\\/chemgramx.com\\\/product\\\/bb-22-online-bestellung\\\/\"]}]},{\"@type\":\"ImageObject\",\"inLanguage\":\"es\",\"@id\":\"https:\\\/\\\/chemgramx.com\\\/product\\\/bb-22-online-bestellung\\\/#primaryimage\",\"url\":\"https:\\\/\\\/chemgramx.com\\\/wp-content\\\/uploads\\\/2025\\\/11\\\/bb22.png\",\"contentUrl\":\"https:\\\/\\\/chemgramx.com\\\/wp-content\\\/uploads\\\/2025\\\/11\\\/bb22.png\",\"width\":600,\"height\":400},{\"@type\":\"BreadcrumbList\",\"@id\":\"https:\\\/\\\/chemgramx.com\\\/product\\\/bb-22-online-bestellung\\\/#breadcrumb\",\"itemListElement\":[{\"@type\":\"ListItem\",\"position\":1,\"name\":\"Home\",\"item\":\"https:\\\/\\\/chemgramx.com\\\/\"},{\"@type\":\"ListItem\",\"position\":2,\"name\":\"Shop\",\"item\":\"https:\\\/\\\/chemgramx.com\\\/shop\\\/\"},{\"@type\":\"ListItem\",\"position\":3,\"name\":\"BB-22 online bestellung\"}]},{\"@type\":\"WebSite\",\"@id\":\"https:\\\/\\\/chemgramx.com\\\/#website\",\"url\":\"https:\\\/\\\/chemgramx.com\\\/\",\"name\":\"Chemgramx\",\"description\":\"\",\"publisher\":{\"@id\":\"https:\\\/\\\/chemgramx.com\\\/#organization\"},\"potentialAction\":[{\"@type\":\"SearchAction\",\"target\":{\"@type\":\"EntryPoint\",\"urlTemplate\":\"https:\\\/\\\/chemgramx.com\\\/?s={search_term_string}\"},\"query-input\":{\"@type\":\"PropertyValueSpecification\",\"valueRequired\":true,\"valueName\":\"search_term_string\"}}],\"inLanguage\":\"es\"},{\"@type\":\"Organization\",\"@id\":\"https:\\\/\\\/chemgramx.com\\\/#organization\",\"name\":\"Chemgramx\",\"url\":\"https:\\\/\\\/chemgramx.com\\\/\",\"logo\":{\"@type\":\"ImageObject\",\"inLanguage\":\"es\",\"@id\":\"https:\\\/\\\/chemgramx.com\\\/#\\\/schema\\\/logo\\\/image\\\/\",\"url\":\"https:\\\/\\\/chemgramx.com\\\/wp-content\\\/uploads\\\/2024\\\/10\\\/final-logo.png\",\"contentUrl\":\"https:\\\/\\\/chemgramx.com\\\/wp-content\\\/uploads\\\/2024\\\/10\\\/final-logo.png\",\"width\":250,\"height\":48,\"caption\":\"Chemgramx\"},\"image\":{\"@id\":\"https:\\\/\\\/chemgramx.com\\\/#\\\/schema\\\/logo\\\/image\\\/\"}}]}<\/script>\n<!-- \/ Yoast SEO plugin. -->","yoast_head_json":{"title":"Comprar BB-22 en l\u00ednea \u2013 BB-22 en venta | chemgramx","description":"En nuestra tienda vendemos BB-22 de primera calidad. La calidad de nuestros productos es simplemente insuperable. Si lo necesita, compre BB-22 en l\u00ednea ahora mismo. \u00a1P\u00eddalo ya!","robots":{"index":"index","follow":"follow","max-snippet":"max-snippet:-1","max-image-preview":"max-image-preview:large","max-video-preview":"max-video-preview:-1"},"canonical":"https:\/\/chemgramx.com\/es\/producto-1\/bb-22-pedido-en-linea\/","og_locale":"es_ES","og_type":"article","og_title":"BB-22 online kaufen \u2013 BB-22 zu verkaufen | chemgramx","og_description":"Unser Gesch\u00e4ft hat bb-22 in Topqualit\u00e4t zum Verkauf. Die Qualit\u00e4t unserer Produkte ist einfach unschlagbar. Wenn Sie es brauchen, kaufen Sie bb-22 gleich online. Jetzt bestellen!","og_url":"https:\/\/chemgramx.com\/es\/producto-1\/bb-22-pedido-en-linea\/","og_site_name":"Chemgramx","article_modified_time":"2025-11-21T11:18:24+00:00","og_image":[{"width":600,"height":400,"url":"https:\/\/chemgramx.com\/wp-content\/uploads\/2025\/11\/bb22.png","type":"image\/png"}],"twitter_card":"summary_large_image","twitter_misc":{"Tiempo de lectura":"4 minutos"},"schema":{"@context":"https:\/\/schema.org","@graph":[{"@type":"WebPage","@id":"https:\/\/chemgramx.com\/product\/bb-22-online-bestellung\/","url":"https:\/\/chemgramx.com\/product\/bb-22-online-bestellung\/","name":"Comprar BB-22 en l\u00ednea \u2013 BB-22 en venta | chemgramx","isPartOf":{"@id":"https:\/\/chemgramx.com\/#website"},"primaryImageOfPage":{"@id":"https:\/\/chemgramx.com\/product\/bb-22-online-bestellung\/#primaryimage"},"image":{"@id":"https:\/\/chemgramx.com\/product\/bb-22-online-bestellung\/#primaryimage"},"thumbnailUrl":"https:\/\/chemgramx.com\/wp-content\/uploads\/2025\/11\/bb22.png","datePublished":"2025-11-21T11:17:30+00:00","dateModified":"2025-11-21T11:18:24+00:00","description":"En nuestra tienda vendemos BB-22 de primera calidad. La calidad de nuestros productos es simplemente insuperable. Si lo necesita, compre BB-22 en l\u00ednea ahora mismo. \u00a1P\u00eddalo ya!","breadcrumb":{"@id":"https:\/\/chemgramx.com\/product\/bb-22-online-bestellung\/#breadcrumb"},"inLanguage":"es","potentialAction":[{"@type":"ReadAction","target":["https:\/\/chemgramx.com\/product\/bb-22-online-bestellung\/"]}]},{"@type":"ImageObject","inLanguage":"es","@id":"https:\/\/chemgramx.com\/product\/bb-22-online-bestellung\/#primaryimage","url":"https:\/\/chemgramx.com\/wp-content\/uploads\/2025\/11\/bb22.png","contentUrl":"https:\/\/chemgramx.com\/wp-content\/uploads\/2025\/11\/bb22.png","width":600,"height":400},{"@type":"BreadcrumbList","@id":"https:\/\/chemgramx.com\/product\/bb-22-online-bestellung\/#breadcrumb","itemListElement":[{"@type":"ListItem","position":1,"name":"Home","item":"https:\/\/chemgramx.com\/"},{"@type":"ListItem","position":2,"name":"Shop","item":"https:\/\/chemgramx.com\/shop\/"},{"@type":"ListItem","position":3,"name":"BB-22 online bestellung"}]},{"@type":"WebSite","@id":"https:\/\/chemgramx.com\/#website","url":"https:\/\/chemgramx.com\/","name":"Chemgramx","description":"","publisher":{"@id":"https:\/\/chemgramx.com\/#organization"},"potentialAction":[{"@type":"SearchAction","target":{"@type":"EntryPoint","urlTemplate":"https:\/\/chemgramx.com\/?s={search_term_string}"},"query-input":{"@type":"PropertyValueSpecification","valueRequired":true,"valueName":"search_term_string"}}],"inLanguage":"es"},{"@type":"Organization","@id":"https:\/\/chemgramx.com\/#organization","name":"Chemgramx","url":"https:\/\/chemgramx.com\/","logo":{"@type":"ImageObject","inLanguage":"es","@id":"https:\/\/chemgramx.com\/#\/schema\/logo\/image\/","url":"https:\/\/chemgramx.com\/wp-content\/uploads\/2024\/10\/final-logo.png","contentUrl":"https:\/\/chemgramx.com\/wp-content\/uploads\/2024\/10\/final-logo.png","width":250,"height":48,"caption":"Chemgramx"},"image":{"@id":"https:\/\/chemgramx.com\/#\/schema\/logo\/image\/"}}]}},"_links":{"self":[{"href":"https:\/\/chemgramx.com\/es\/wp-json\/wp\/v2\/product\/7484","targetHints":{"allow":["GET"]}}],"collection":[{"href":"https:\/\/chemgramx.com\/es\/wp-json\/wp\/v2\/product"}],"about":[{"href":"https:\/\/chemgramx.com\/es\/wp-json\/wp\/v2\/types\/product"}],"replies":[{"embeddable":true,"href":"https:\/\/chemgramx.com\/es\/wp-json\/wp\/v2\/comments?post=7484"}],"wp:featuredmedia":[{"embeddable":true,"href":"https:\/\/chemgramx.com\/es\/wp-json\/wp\/v2\/media\/7514"}],"wp:attachment":[{"href":"https:\/\/chemgramx.com\/es\/wp-json\/wp\/v2\/media?parent=7484"}],"wp:term":[{"taxonomy":"product_brand","embeddable":true,"href":"https:\/\/chemgramx.com\/es\/wp-json\/wp\/v2\/product_brand?post=7484"},{"taxonomy":"product_cat","embeddable":true,"href":"https:\/\/chemgramx.com\/es\/wp-json\/wp\/v2\/product_cat?post=7484"},{"taxonomy":"product_tag","embeddable":true,"href":"https:\/\/chemgramx.com\/es\/wp-json\/wp\/v2\/product_tag?post=7484"}],"curies":[{"name":"wp","href":"https:\/\/api.w.org\/{rel}","templated":true}]}}