{"id":7485,"date":"2025-11-21T11:17:30","date_gmt":"2025-11-21T11:17:30","guid":{"rendered":"https:\/\/chemgramx.com\/?post_type=product&#038;p=7485"},"modified":"2025-11-21T11:18:24","modified_gmt":"2025-11-21T11:18:24","slug":"comprar-px-1-online","status":"publish","type":"product","link":"https:\/\/chemgramx.com\/es\/product\/px-1-online-kaufen\/","title":{"rendered":"Comprar PX-1 en l\u00ednea"},"content":{"rendered":"<p data-start=\"110\" data-end=\"466\"><strong data-start=\"110\" data-end=\"118\">PX-1<\/strong> es un producto sint\u00e9tico avanzado, desarrollado espec\u00edficamente para su uso en estudios cient\u00edficos. Se utiliza en proyectos de investigaci\u00f3n centrados en el <strong data-start=\"304\" data-end=\"330\">Sistema endocannabinoide<\/strong> y su papel en procesos fisiol\u00f3gicos como la regulaci\u00f3n del dolor, la inhibici\u00f3n de la inflamaci\u00f3n y la comunicaci\u00f3n neuronal.<\/p>\n<p data-start=\"468\" data-end=\"982\">Cada vez m\u00e1s centros de investigaci\u00f3n se informan sobre fuentes de suministro fiables para <strong data-start=\"556\" data-end=\"578\">Comprar PX-1 en l\u00ednea<\/strong> para poder hacerlo. Como tambi\u00e9n <em data-start=\"598\" data-end=\"626\">PX-1 real o falso a la venta<\/em> puede aparecer en el mercado, es fundamental elegir una fuente fiable. Los cient\u00edficos que <strong data-start=\"728\" data-end=\"747\">Comprar PX-1 en l\u00ednea<\/strong>, prestan especial atenci\u00f3n a la calidad certificada en laboratorio, la pureza y la transparencia en los precios. El <strong data-start=\"841\" data-end=\"874\">El mejor lugar para comprar PX-1<\/strong>, ofrece sustancias certificadas que cumplen con los altos requisitos de la investigaci\u00f3n moderna en laboratorio.<\/p>\n<h2 data-start=\"989\" data-end=\"1007\">\u00bfQu\u00e9 es PX-1?<\/h2>\n<p data-start=\"1009\" data-end=\"1401\"><strong data-start=\"1009\" data-end=\"1017\">PX-1<\/strong> (tambi\u00e9n conocido como <em data-start=\"1036\" data-end=\"1058\">5F-ADB-PINACA anal\u00f3gico<\/em>) pertenece a la clase de cannabinoides sint\u00e9ticos desarrollados para estudiar el comportamiento de los receptores cannabinoides en el cuerpo humano. La sustancia act\u00faa como un potente <strong data-start=\"1248\" data-end=\"1281\">Agonista de los receptores CB1 y CB2<\/strong> y permite a los investigadores analizar la transmisi\u00f3n de se\u00f1ales y los mecanismos moleculares en el sistema endocannabinoide.<\/p>\n<p data-start=\"1403\" data-end=\"1691\">A diferencia de los cannabinoides naturales, el PX-1 ofrece una estructura qu\u00edmica definida con precisi\u00f3n que garantiza resultados consistentes en entornos de laboratorio controlados. Esto lo hace ideal para estudios cient\u00edficos reproducibles y pruebas farmacol\u00f3gicas.<\/p>\n<h2 data-start=\"1698\" data-end=\"1726\">Propiedades qu\u00edmicas<\/h2>\n<ul data-start=\"1728\" data-end=\"2127\">\n<li data-start=\"1728\" data-end=\"1836\">\n<p data-start=\"1730\" data-end=\"1836\"><strong data-start=\"1730\" data-end=\"1750\">Nombre qu\u00edmico:<\/strong> N-(1-amino-3,3-dimetil-1-oxobutano-2-il)-1-(5-fluoropentil)-1H-indazol-3-carboxamida<\/p>\n<\/li>\n<li data-start=\"1837\" data-end=\"1871\">\n<p data-start=\"1839\" data-end=\"1871\"><strong data-start=\"1839\" data-end=\"1857\">F\u00f3rmula molecular:<\/strong> C22H30FN3O3<\/p>\n<\/li>\n<li data-start=\"1872\" data-end=\"1909\">\n<p data-start=\"1874\" data-end=\"1909\"><strong data-start=\"1874\" data-end=\"1895\">Peso molecular:<\/strong> 403,5 g\/mol<\/p>\n<\/li>\n<li data-start=\"1910\" data-end=\"1965\">\n<p data-start=\"1912\" data-end=\"1965\"><strong data-start=\"1912\" data-end=\"1921\">Molde:<\/strong> Polvo cristalino entre blanco y amarillo claro<\/p>\n<\/li>\n<li data-start=\"1966\" data-end=\"2004\">\n<p data-start=\"1968\" data-end=\"2004\"><strong data-start=\"1968\" data-end=\"1981\">Pureza:<\/strong> \u226598 % (probado por HPLC)<\/p>\n<\/li>\n<li data-start=\"2005\" data-end=\"2067\">\n<p data-start=\"2007\" data-end=\"2067\"><strong data-start=\"2007\" data-end=\"2023\">Solubilidad:<\/strong> F\u00e1cilmente soluble en etanol, metanol y DMSO.<\/p>\n<\/li>\n<li data-start=\"2068\" data-end=\"2127\">\n<p data-start=\"2070\" data-end=\"2127\"><strong data-start=\"2070\" data-end=\"2083\">Almacenamiento:<\/strong> En lugar fresco (2-8 \u00b0C), seco y protegido de la luz.<\/p>\n<\/li>\n<\/ul>\n<p data-start=\"2129\" data-end=\"2298\">Cada lote de PX-1 se analiza en el laboratorio. <a href=\"\/product\/duty-free-hash-kaufen\/\">examinado<\/a> y con un <strong data-start=\"2186\" data-end=\"2219\">Certificado de an\u00e1lisis (COA)<\/strong> Entregado para confirmar la pureza, identidad y estabilidad qu\u00edmica.<\/p>\n<h2 data-start=\"2305\" data-end=\"2331\">Aplicaciones de la investigaci\u00f3n<\/h2>\n<p data-start=\"2333\" data-end=\"2539\"><strong data-start=\"2333\" data-end=\"2341\">PX-1<\/strong> Se utiliza exclusivamente con fines de investigaci\u00f3n y es <strong data-start=\"2401\" data-end=\"2438\">no apto para el consumo humano<\/strong> determinado. Sirve como una valiosa herramienta en la investigaci\u00f3n bioqu\u00edmica y farmacol\u00f3gica.<\/p>\n<p data-start=\"2541\" data-end=\"2581\">Entre sus principales \u00e1mbitos de aplicaci\u00f3n se encuentran:<\/p>\n<ul data-start=\"2583\" data-end=\"3030\">\n<li data-start=\"2583\" data-end=\"2673\">\n<p data-start=\"2585\" data-end=\"2673\"><strong data-start=\"2585\" data-end=\"2614\">Estudios farmacol\u00f3gicos:<\/strong> <a href=\"\/product\/kokain-volkswagen-90-rein\/\">Investigaci\u00f3n<\/a> la activaci\u00f3n de los receptores CB1 y CB2<\/p>\n<\/li>\n<li data-start=\"2674\" data-end=\"2746\">\n<p data-start=\"2676\" data-end=\"2746\"><strong data-start=\"2676\" data-end=\"2705\">Investigaci\u00f3n neuroqu\u00edmica:<\/strong> An\u00e1lisis de las v\u00edas de se\u00f1alizaci\u00f3n en el sistema nervioso<\/p>\n<\/li>\n<li data-start=\"2747\" data-end=\"2821\">\n<p data-start=\"2749\" data-end=\"2821\"><strong data-start=\"2749\" data-end=\"2774\">Pruebas toxicol\u00f3gicas:<\/strong> Evaluaci\u00f3n de metabolitos y productos de degradaci\u00f3n<\/p>\n<\/li>\n<li data-start=\"2822\" data-end=\"2922\">\n<p data-start=\"2824\" data-end=\"2922\"><strong data-start=\"2824\" data-end=\"2845\">An\u00e1lisis de referencia:<\/strong> Desarrollo de m\u00e9todos anal\u00edticos para la detecci\u00f3n de cannabinoides sint\u00e9ticos.<\/p>\n<\/li>\n<li data-start=\"2923\" data-end=\"3030\">\n<p data-start=\"2925\" data-end=\"3030\"><strong data-start=\"2925\" data-end=\"2947\">Estudios comparativos:<\/strong> Comparaci\u00f3n del PX-1 con sustancias relacionadas, como el 5F-ADB o el AB-FUBINACA.<\/p>\n<\/li>\n<\/ul>\n<p data-start=\"3032\" data-end=\"3211\">A trav\u00e9s de estas aplicaciones, PX-1 contribuye a ampliar la comprensi\u00f3n sobre el efecto molecular de los cannabinoides y a identificar posibles enfoques terap\u00e9uticos.<\/p>\n<h2 data-start=\"3218\" data-end=\"3256\">Instrucciones de seguridad y uso<\/h2>\n<p data-start=\"3258\" data-end=\"3484\"><strong data-start=\"3258\" data-end=\"3266\">PX-1<\/strong> Solo puede ser utilizado por personal especializado y cualificado en centros de investigaci\u00f3n autorizados. Es <strong data-start=\"3380\" data-end=\"3409\">no apto para el consumo humano<\/strong> y destinados exclusivamente a fines anal\u00edticos y experimentales.<\/p>\n<p data-start=\"3486\" data-end=\"3570\">Durante la manipulaci\u00f3n deben respetarse las directrices de seguridad vigentes:<\/p>\n<ul data-start=\"3571\" data-end=\"3832\">\n<li data-start=\"3571\" data-end=\"3646\">\n<p data-start=\"3573\" data-end=\"3646\">Uso de equipos de protecci\u00f3n (bata de laboratorio, guantes, gafas protectoras)<\/p>\n<\/li>\n<li data-start=\"3647\" data-end=\"3719\">\n<p data-start=\"3649\" data-end=\"3719\">Trabajar en \u00e1reas bien ventiladas o bajo una campana extractora de productos qu\u00edmicos.<\/p>\n<\/li>\n<li data-start=\"3720\" data-end=\"3772\">\n<p data-start=\"3722\" data-end=\"3772\">Almacenamiento en recipientes herm\u00e9ticos y etiquetados.<\/p>\n<\/li>\n<li data-start=\"3773\" data-end=\"3832\">\n<p data-start=\"3775\" data-end=\"3832\">Eliminaci\u00f3n seg\u00fan las normas de seguridad qu\u00edmica.<\/p>\n<\/li>\n<\/ul>\n<p data-start=\"3834\" data-end=\"3953\">Estas medidas de precauci\u00f3n garantizan la seguridad del personal de laboratorio y la integridad de los resultados de la investigaci\u00f3n.<\/p>\n<h2 data-start=\"3960\" data-end=\"3999\">Ventajas de comprar PX-1 online<\/h2>\n<p data-start=\"4001\" data-end=\"4122\">Investigadores que <strong data-start=\"4015\" data-end=\"4037\">Comprar PX-1 en l\u00ednea<\/strong>, se benefician de una calidad comprobada, una entrega discreta y una estructura de precios clara.<\/p>\n<h3 data-start=\"4124\" data-end=\"4156\">Principales caracter\u00edsticas y ventajas<\/h3>\n<ul data-start=\"4157\" data-end=\"4609\">\n<li data-start=\"4157\" data-end=\"4263\">\n<p data-start=\"4159\" data-end=\"4263\"><strong data-start=\"4159\" data-end=\"4185\">Producto sint\u00e9tico:<\/strong> Desarrollado para investigaciones cient\u00edficas sobre el sistema endocannabinoide.<\/p>\n<\/li>\n<li data-start=\"4264\" data-end=\"4362\">\n<p data-start=\"4266\" data-end=\"4362\"><strong data-start=\"4266\" data-end=\"4298\">Investigaci\u00f3n cient\u00edfica:<\/strong> Apoya los an\u00e1lisis de posibles aplicaciones terap\u00e9uticas.<\/p>\n<\/li>\n<li data-start=\"4363\" data-end=\"4447\">\n<p data-start=\"4365\" data-end=\"4447\"><strong data-start=\"4365\" data-end=\"4393\">Disponibilidad exclusiva:<\/strong> Solo proveedores certificados <strong data-start=\"4428\" data-end=\"4445\">PX-1 en venta<\/strong><\/p>\n<\/li>\n<li data-start=\"4448\" data-end=\"4530\">\n<p data-start=\"4450\" data-end=\"4530\"><strong data-start=\"4450\" data-end=\"4474\">Precio transparente:<\/strong> Claramente definido <strong data-start=\"4492\" data-end=\"4506\">Precio del PX-1<\/strong> para presupuestos de investigaci\u00f3n<\/p>\n<\/li>\n<li data-start=\"4531\" data-end=\"4609\">\n<p data-start=\"4533\" data-end=\"4609\"><strong data-start=\"4533\" data-end=\"4555\">Env\u00edo discreto:<\/strong> Embalaje neutro, seguro y con seguimiento del env\u00edo.<\/p>\n<\/li>\n<\/ul>\n<p data-start=\"4611\" data-end=\"4808\">En <strong data-start=\"4615\" data-end=\"4648\">El mejor lugar para comprar PX-1<\/strong>, ofrece calidad de laboratorio certificada, producci\u00f3n con certificaci\u00f3n ISO y un servicio adaptado a las necesidades de las instituciones cient\u00edficas.<\/p>\n<h2 data-start=\"4815\" data-end=\"4843\">Prijs en beschikbaarheid<\/h2>\n<p data-start=\"4845\" data-end=\"5068\">En <strong data-start=\"4849\" data-end=\"4863\">Precio del PX-1<\/strong> var\u00eda seg\u00fan el proveedor, la cantidad solicitada y el grado de pureza. Los centros de investigaci\u00f3n que realizan pedidos regulares de grandes cantidades pueden <strong data-start=\"4996\" data-end=\"5026\">Comprar PX-1 online al mejor precio<\/strong> y beneficiarse de descuentos por grandes cantidades.<\/p>\n<p data-start=\"5070\" data-end=\"5311\">Los proveedores certificados realizan entregas en un plazo de <strong data-start=\"5115\" data-end=\"5132\">1-3 d\u00edas laborables<\/strong>, opcionalmente mediante <strong data-start=\"5148\" data-end=\"5172\">Entrega urgente (24h)<\/strong>. Env\u00edo discreto tras <strong data-start=\"5207\" data-end=\"5253\">Alemania, Austria y Suiza<\/strong>, embalaje neutro y seguimiento completo.<\/p>\n<h2 data-start=\"5318\" data-end=\"5342\">Aviso legal<\/h2>\n<p data-start=\"5344\" data-end=\"5571\"><strong data-start=\"5344\" data-end=\"5352\">PX-1<\/strong> En Alemania, esto entra dentro del \u00e1mbito de aplicaci\u00f3n de la <strong data-start=\"5384\" data-end=\"5426\">Nueva Ley de Sustancias Psicoactivas (NpSG)<\/strong> y solo se puede utilizar para <strong data-start=\"5454\" data-end=\"5475\">Investigaci\u00f3n<\/strong> adquirirse y utilizarse. En Suiza y Austria se aplican disposiciones similares.<\/p>\n<p data-start=\"5573\" data-end=\"5745\">Antes de realizar la compra, los investigadores deben comprobar la situaci\u00f3n legal en el pa\u00eds correspondiente para asegurarse de que la adquisici\u00f3n y el uso de PX-1 son legalmente admisibles.<\/p>\n<h2 data-start=\"1952\" data-end=\"1962\">Conclusi\u00f3n<\/h2>\n<p data-start=\"1964\" data-end=\"2319\">El PX-1 est\u00e1 destinado exclusivamente a fines de investigaci\u00f3n y nunca debe utilizarse para el consumo. Si desea comprar PX-1 en l\u00ednea, debe comprobar cuidadosamente d\u00f3nde se puede comprar PX-1 y qu\u00e9 proveedores ofrecen el mejor servicio. El mejor lugar para comprar PX-1 es siempre un distribuidor con pureza certificada, opciones de pago seguras y env\u00edo discreto.<\/p>","protected":false},"excerpt":{"rendered":"<p><strong>PX-1<\/strong> es un producto sint\u00e9tico altamente potente desarrollado exclusivamente con fines de investigaci\u00f3n cient\u00edfica. Se utiliza para profundizar en el conocimiento de determinados procesos bioqu\u00edmicos relacionados con el sistema endocannabinoide. <strong>PX-1<\/strong> no es apto para el consumo humano y s\u00f3lo debe utilizarse bajo estrictas precauciones de seguridad.<\/p>","protected":false},"featured_media":7515,"comment_status":"open","ping_status":"closed","template":"","meta":{"_joinchat":[]},"product_brand":[],"product_cat":[1805],"product_tag":[188,1814,1988,1994,1989,1992,1993,1991,1990,248],"class_list":{"0":"post-7485","1":"product","2":"type-product","3":"status-publish","4":"has-post-thumbnail","6":"product_cat-indazol-basiert","7":"product_tag-forschungschemikalien","8":"product_tag-forschungsstoffe-kaufen","9":"product_tag-px-1","10":"product_tag-px-1-chemikalien","11":"product_tag-px-1-kaufen","12":"product_tag-px-1-kristalle","13":"product_tag-px-1-online","14":"product_tag-px-1-pulver","15":"product_tag-px-1-zum-verkauf","16":"product_tag-synthetische-stimulanzien","18":"first","19":"instock","20":"shipping-taxable","21":"purchasable","22":"product-type-variable"},"yoast_head":"<!-- This site is optimized with the Yoast SEO plugin v27.5 - https:\/\/yoast.com\/product\/yoast-seo-wordpress\/ -->\n<title>PX-1 | Synthetisches Produkt f\u00fcr wissenschaftliche Forschung<\/title>\n<meta name=\"description\" content=\"PX-1 ist ein synthetisches Produkt f\u00fcr die Forschung, das hilft, das Endocannabinoid-System und seine therapeutischen M\u00f6glichkeiten zu untersuchen. Nur f\u00fcr Laborzwecke.\" \/>\n<meta name=\"robots\" content=\"index, follow, max-snippet:-1, max-image-preview:large, max-video-preview:-1\" \/>\n<link rel=\"canonical\" href=\"https:\/\/chemgramx.com\/es\/producto-1\/comprar-px-1-online\/\" \/>\n<meta property=\"og:locale\" content=\"es_ES\" \/>\n<meta property=\"og:type\" content=\"article\" \/>\n<meta property=\"og:title\" content=\"PX-1 | Synthetisches Produkt f\u00fcr wissenschaftliche Forschung\" \/>\n<meta property=\"og:description\" content=\"PX-1 ist ein synthetisches Produkt f\u00fcr die Forschung, das hilft, das Endocannabinoid-System und seine therapeutischen M\u00f6glichkeiten zu untersuchen. Nur f\u00fcr Laborzwecke.\" \/>\n<meta property=\"og:url\" content=\"https:\/\/chemgramx.com\/es\/producto-1\/comprar-px-1-online\/\" \/>\n<meta property=\"og:site_name\" content=\"Chemgramx\" \/>\n<meta property=\"article:modified_time\" content=\"2025-11-21T11:18:24+00:00\" \/>\n<meta property=\"og:image\" content=\"https:\/\/chemgramx.com\/wp-content\/uploads\/2025\/11\/px-1.png\" \/>\n\t<meta property=\"og:image:width\" content=\"600\" \/>\n\t<meta property=\"og:image:height\" content=\"400\" \/>\n\t<meta property=\"og:image:type\" content=\"image\/png\" \/>\n<meta name=\"twitter:card\" content=\"summary_large_image\" \/>\n<meta name=\"twitter:label1\" content=\"Tiempo de lectura\" \/>\n\t<meta name=\"twitter:data1\" content=\"4 minutos\" \/>\n<script type=\"application\/ld+json\" class=\"yoast-schema-graph\">{\"@context\":\"https:\\\/\\\/schema.org\",\"@graph\":[{\"@type\":\"WebPage\",\"@id\":\"https:\\\/\\\/chemgramx.com\\\/product\\\/px-1-online-kaufen\\\/\",\"url\":\"https:\\\/\\\/chemgramx.com\\\/product\\\/px-1-online-kaufen\\\/\",\"name\":\"PX-1 | Synthetisches Produkt f\u00fcr wissenschaftliche Forschung\",\"isPartOf\":{\"@id\":\"https:\\\/\\\/chemgramx.com\\\/#website\"},\"primaryImageOfPage\":{\"@id\":\"https:\\\/\\\/chemgramx.com\\\/product\\\/px-1-online-kaufen\\\/#primaryimage\"},\"image\":{\"@id\":\"https:\\\/\\\/chemgramx.com\\\/product\\\/px-1-online-kaufen\\\/#primaryimage\"},\"thumbnailUrl\":\"https:\\\/\\\/chemgramx.com\\\/wp-content\\\/uploads\\\/2025\\\/11\\\/px-1.png\",\"datePublished\":\"2025-11-21T11:17:30+00:00\",\"dateModified\":\"2025-11-21T11:18:24+00:00\",\"description\":\"PX-1 ist ein synthetisches Produkt f\u00fcr die Forschung, das hilft, das Endocannabinoid-System und seine therapeutischen M\u00f6glichkeiten zu untersuchen. Nur f\u00fcr Laborzwecke.\",\"breadcrumb\":{\"@id\":\"https:\\\/\\\/chemgramx.com\\\/product\\\/px-1-online-kaufen\\\/#breadcrumb\"},\"inLanguage\":\"es\",\"potentialAction\":[{\"@type\":\"ReadAction\",\"target\":[\"https:\\\/\\\/chemgramx.com\\\/product\\\/px-1-online-kaufen\\\/\"]}]},{\"@type\":\"ImageObject\",\"inLanguage\":\"es\",\"@id\":\"https:\\\/\\\/chemgramx.com\\\/product\\\/px-1-online-kaufen\\\/#primaryimage\",\"url\":\"https:\\\/\\\/chemgramx.com\\\/wp-content\\\/uploads\\\/2025\\\/11\\\/px-1.png\",\"contentUrl\":\"https:\\\/\\\/chemgramx.com\\\/wp-content\\\/uploads\\\/2025\\\/11\\\/px-1.png\",\"width\":600,\"height\":400},{\"@type\":\"BreadcrumbList\",\"@id\":\"https:\\\/\\\/chemgramx.com\\\/product\\\/px-1-online-kaufen\\\/#breadcrumb\",\"itemListElement\":[{\"@type\":\"ListItem\",\"position\":1,\"name\":\"Home\",\"item\":\"https:\\\/\\\/chemgramx.com\\\/\"},{\"@type\":\"ListItem\",\"position\":2,\"name\":\"Shop\",\"item\":\"https:\\\/\\\/chemgramx.com\\\/shop\\\/\"},{\"@type\":\"ListItem\",\"position\":3,\"name\":\"PX-1 online kaufen\"}]},{\"@type\":\"WebSite\",\"@id\":\"https:\\\/\\\/chemgramx.com\\\/#website\",\"url\":\"https:\\\/\\\/chemgramx.com\\\/\",\"name\":\"Chemgramx\",\"description\":\"\",\"publisher\":{\"@id\":\"https:\\\/\\\/chemgramx.com\\\/#organization\"},\"potentialAction\":[{\"@type\":\"SearchAction\",\"target\":{\"@type\":\"EntryPoint\",\"urlTemplate\":\"https:\\\/\\\/chemgramx.com\\\/?s={search_term_string}\"},\"query-input\":{\"@type\":\"PropertyValueSpecification\",\"valueRequired\":true,\"valueName\":\"search_term_string\"}}],\"inLanguage\":\"es\"},{\"@type\":\"Organization\",\"@id\":\"https:\\\/\\\/chemgramx.com\\\/#organization\",\"name\":\"Chemgramx\",\"url\":\"https:\\\/\\\/chemgramx.com\\\/\",\"logo\":{\"@type\":\"ImageObject\",\"inLanguage\":\"es\",\"@id\":\"https:\\\/\\\/chemgramx.com\\\/#\\\/schema\\\/logo\\\/image\\\/\",\"url\":\"https:\\\/\\\/chemgramx.com\\\/wp-content\\\/uploads\\\/2024\\\/10\\\/final-logo.png\",\"contentUrl\":\"https:\\\/\\\/chemgramx.com\\\/wp-content\\\/uploads\\\/2024\\\/10\\\/final-logo.png\",\"width\":250,\"height\":48,\"caption\":\"Chemgramx\"},\"image\":{\"@id\":\"https:\\\/\\\/chemgramx.com\\\/#\\\/schema\\\/logo\\\/image\\\/\"}}]}<\/script>\n<!-- \/ Yoast SEO plugin. -->","yoast_head_json":{"title":"PX-1 | Producto sint\u00e9tico para investigaci\u00f3n cient\u00edfica","description":"El PX-1 es un producto de investigaci\u00f3n sint\u00e9tico utilizado para estudiar el sistema endocannabinoide y su potencial terap\u00e9utico. Solo para uso en laboratorio.","robots":{"index":"index","follow":"follow","max-snippet":"max-snippet:-1","max-image-preview":"max-image-preview:large","max-video-preview":"max-video-preview:-1"},"canonical":"https:\/\/chemgramx.com\/es\/producto-1\/comprar-px-1-online\/","og_locale":"es_ES","og_type":"article","og_title":"PX-1 | Synthetisches Produkt f\u00fcr wissenschaftliche Forschung","og_description":"PX-1 ist ein synthetisches Produkt f\u00fcr die Forschung, das hilft, das Endocannabinoid-System und seine therapeutischen M\u00f6glichkeiten zu untersuchen. Nur f\u00fcr Laborzwecke.","og_url":"https:\/\/chemgramx.com\/es\/producto-1\/comprar-px-1-online\/","og_site_name":"Chemgramx","article_modified_time":"2025-11-21T11:18:24+00:00","og_image":[{"width":600,"height":400,"url":"https:\/\/chemgramx.com\/wp-content\/uploads\/2025\/11\/px-1.png","type":"image\/png"}],"twitter_card":"summary_large_image","twitter_misc":{"Tiempo de lectura":"4 minutos"},"schema":{"@context":"https:\/\/schema.org","@graph":[{"@type":"WebPage","@id":"https:\/\/chemgramx.com\/product\/px-1-online-kaufen\/","url":"https:\/\/chemgramx.com\/product\/px-1-online-kaufen\/","name":"PX-1 | Producto sint\u00e9tico para investigaci\u00f3n cient\u00edfica","isPartOf":{"@id":"https:\/\/chemgramx.com\/#website"},"primaryImageOfPage":{"@id":"https:\/\/chemgramx.com\/product\/px-1-online-kaufen\/#primaryimage"},"image":{"@id":"https:\/\/chemgramx.com\/product\/px-1-online-kaufen\/#primaryimage"},"thumbnailUrl":"https:\/\/chemgramx.com\/wp-content\/uploads\/2025\/11\/px-1.png","datePublished":"2025-11-21T11:17:30+00:00","dateModified":"2025-11-21T11:18:24+00:00","description":"El PX-1 es un producto de investigaci\u00f3n sint\u00e9tico utilizado para estudiar el sistema endocannabinoide y su potencial terap\u00e9utico. Solo para uso en laboratorio.","breadcrumb":{"@id":"https:\/\/chemgramx.com\/product\/px-1-online-kaufen\/#breadcrumb"},"inLanguage":"es","potentialAction":[{"@type":"ReadAction","target":["https:\/\/chemgramx.com\/product\/px-1-online-kaufen\/"]}]},{"@type":"ImageObject","inLanguage":"es","@id":"https:\/\/chemgramx.com\/product\/px-1-online-kaufen\/#primaryimage","url":"https:\/\/chemgramx.com\/wp-content\/uploads\/2025\/11\/px-1.png","contentUrl":"https:\/\/chemgramx.com\/wp-content\/uploads\/2025\/11\/px-1.png","width":600,"height":400},{"@type":"BreadcrumbList","@id":"https:\/\/chemgramx.com\/product\/px-1-online-kaufen\/#breadcrumb","itemListElement":[{"@type":"ListItem","position":1,"name":"Home","item":"https:\/\/chemgramx.com\/"},{"@type":"ListItem","position":2,"name":"Shop","item":"https:\/\/chemgramx.com\/shop\/"},{"@type":"ListItem","position":3,"name":"PX-1 online kaufen"}]},{"@type":"WebSite","@id":"https:\/\/chemgramx.com\/#website","url":"https:\/\/chemgramx.com\/","name":"Chemgramx","description":"","publisher":{"@id":"https:\/\/chemgramx.com\/#organization"},"potentialAction":[{"@type":"SearchAction","target":{"@type":"EntryPoint","urlTemplate":"https:\/\/chemgramx.com\/?s={search_term_string}"},"query-input":{"@type":"PropertyValueSpecification","valueRequired":true,"valueName":"search_term_string"}}],"inLanguage":"es"},{"@type":"Organization","@id":"https:\/\/chemgramx.com\/#organization","name":"Chemgramx","url":"https:\/\/chemgramx.com\/","logo":{"@type":"ImageObject","inLanguage":"es","@id":"https:\/\/chemgramx.com\/#\/schema\/logo\/image\/","url":"https:\/\/chemgramx.com\/wp-content\/uploads\/2024\/10\/final-logo.png","contentUrl":"https:\/\/chemgramx.com\/wp-content\/uploads\/2024\/10\/final-logo.png","width":250,"height":48,"caption":"Chemgramx"},"image":{"@id":"https:\/\/chemgramx.com\/#\/schema\/logo\/image\/"}}]}},"_links":{"self":[{"href":"https:\/\/chemgramx.com\/es\/wp-json\/wp\/v2\/product\/7485","targetHints":{"allow":["GET"]}}],"collection":[{"href":"https:\/\/chemgramx.com\/es\/wp-json\/wp\/v2\/product"}],"about":[{"href":"https:\/\/chemgramx.com\/es\/wp-json\/wp\/v2\/types\/product"}],"replies":[{"embeddable":true,"href":"https:\/\/chemgramx.com\/es\/wp-json\/wp\/v2\/comments?post=7485"}],"wp:featuredmedia":[{"embeddable":true,"href":"https:\/\/chemgramx.com\/es\/wp-json\/wp\/v2\/media\/7515"}],"wp:attachment":[{"href":"https:\/\/chemgramx.com\/es\/wp-json\/wp\/v2\/media?parent=7485"}],"wp:term":[{"taxonomy":"product_brand","embeddable":true,"href":"https:\/\/chemgramx.com\/es\/wp-json\/wp\/v2\/product_brand?post=7485"},{"taxonomy":"product_cat","embeddable":true,"href":"https:\/\/chemgramx.com\/es\/wp-json\/wp\/v2\/product_cat?post=7485"},{"taxonomy":"product_tag","embeddable":true,"href":"https:\/\/chemgramx.com\/es\/wp-json\/wp\/v2\/product_tag?post=7485"}],"curies":[{"name":"wp","href":"https:\/\/api.w.org\/{rel}","templated":true}]}}