{"id":7601,"date":"2025-11-21T11:18:50","date_gmt":"2025-11-21T11:18:50","guid":{"rendered":"https:\/\/chemgramx.com\/?post_type=product&#038;p=7601"},"modified":"2025-11-21T11:19:55","modified_gmt":"2025-11-21T11:19:55","slug":"2cl-2-chlor-lysergsaeurediethylamid-online-kaufen","status":"publish","type":"product","link":"https:\/\/chemgramx.com\/es\/product\/2cl-2-chlor-lysergsaeurediethylamid-online-kaufen\/","title":{"rendered":"2CL (dietilamida del \u00e1cido 2-cloro-lis\u00e9rgico) Comprar en l\u00ednea"},"content":{"rendered":"<p>\u00bfBusca una fuente confiable para comprar 2C-L en l\u00ednea? ChemGramX le ofrece pureza y pruebas de laboratorio. <a href=\"https:\/\/chemgramx.com\/product\/2cl-2-chlor-lysergsaurediethylamid\/\">2C-L<\/a> Para fines de investigaci\u00f3n cient\u00edfica. El 2C-L es una de las sustancias menos conocidas de la serie 2C de psicod\u00e9licos, utilizada en investigaciones para estudiar la percepci\u00f3n y la consciencia alteradas. ChemGramX garantiza la m\u00e1xima pureza y un env\u00edo discreto para sus necesidades de investigaci\u00f3n.<a href=\"https:\/\/medicijnenkoop.com\/es\/producto\/methylfenidaat-poeder\/\">.<\/a><\/p>\n<h3>\u00bfQu\u00e9 es 2C-L?<\/h3>\n<p><a href=\"https:\/\/en.wikipedia.org\/wiki\/2-Chloroethanol\">2C-L<\/a>\u00a0Behoort tot de fenethylamineklasse van psychedelica en staat bekend om zijn hallucinogene effecten en de interactie met serotoninereceptoren in de hersenen. Onderzoekers die 2C-L kopen, gebruiken het om gedragsveranderingen, emotionele reacties en de effecten ervan op het centrale zenuwstelsel te bestuderen. Deze stof biedt diepgaande inzichten in de werking van neurotransmitters, met name serotonine, en hun rol in perceptie en stemming.<\/p>\n<h3>\u00bfPor qu\u00e9 comprar 2C-L?<\/h3>\n<p>Al comprar 2C-L, obtienes un compuesto altamente purificado, ideal para la investigaci\u00f3n psicod\u00e9lica. El 2C-L se utiliza en estudios cient\u00edficos para analizar los efectos de las sustancias psicod\u00e9licas en el cerebro y el comportamiento. Gracias a sus efectos psicoactivos, es una herramienta valiosa para quienes investigan los mecanismos que subyacen a los cambios en la percepci\u00f3n y los estados de consciencia.<\/p>\n<h3>Comprar 2C-L online en ChemGramX<\/h3>\n<p>ChemGramX ofrece una forma segura y sencilla de comprar 2C-L en l\u00ednea. Nuestro polvo de 2C-L se prueba en laboratorios independientes y cumple con los m\u00e1s altos est\u00e1ndares de calidad. Si necesita 2C-L para investigaci\u00f3n, puede confiar en ChemGramX como proveedor confiable, que le ofrece la mejor pureza y calidad.<\/p>\n<h3>Ventajas de comprar 2C-L en ChemGramX<\/h3>\n<ul>\n<li>Pureza probada en laboratorio: Nuestro 2C-L se somete a rigurosas pruebas para garantizar la m\u00e1xima pureza y consistencia.<\/li>\n<li>Env\u00edo discreto: su pedido se entregar\u00e1 de forma segura y discreta para proteger su privacidad.<\/li>\n<li>Ideal para la investigaci\u00f3n: 2C-L es perfecto para estudios cient\u00edficos sobre la actividad de los neurotransmisores, los efectos de la serotonina y la investigaci\u00f3n psicod\u00e9lica.<\/li>\n<\/ul>\n<h3>2C-L Legalidad y seguridad del env\u00edo<\/h3>\n<p>De legaliteit van 2C-L verschilt per land, dus controleer de wettelijke voorschriften in uw land voordat u 2C-L koopt. ChemGramX verkoopt 2C-L uitsluitend voor wetenschappelijke doeleinden en garandeert dat aan alle wettelijke vereisten wordt voldaan. We bieden discrete verzending, zodat uw bestelling veilig en anoniem wordt bezorgd.<\/p>\n<h3>Comprar 2C-L ahora<\/h3>\n<p>Si busca comprar 2C-L, ChemGramX le ofrece una soluci\u00f3n sencilla y segura. Compre ahora y benef\u00edciese de nuestra entrega r\u00e1pida y discreta, as\u00ed como de la pureza garantizada de nuestros productos. \u00a1Comprar 2C-L en l\u00ednea nunca ha sido tan f\u00e1cil ni tan confiable!<\/p>\n<p>ChemGramX - Su fuente de confianza para 2C-L y productos qu\u00edmicos de investigaci\u00f3n de alta calidad<\/p>","protected":false},"excerpt":{"rendered":"<p><strong>2CL (dietilamida del \u00e1cido 2-cloro-lis\u00e9rgico)<\/strong> pertenece a la familia de las lisergamidas y es conocida por sus fuertes efectos psicod\u00e9licos. Desarrollada con fines de investigaci\u00f3n, la 2CL se utiliza habitualmente en qu\u00edmica experimental y por usuarios que buscan nuevas experiencias. Tiene el potencial de expandir la conciencia y ofrecer visiones m\u00e1s profundas.<\/p>\n<ul>\n<li><strong>F\u00f3rmula<\/strong>C20H25ClN2O | <strong>Peso molecular<\/strong>344,88 g\/mol<\/li>\n<li><strong>Propiedad importante<\/strong>El \u00e1tomo de cloro en el anillo de indol aumenta la estabilidad y modifica el perfil farmacol\u00f3gico.<\/li>\n<\/ul>\n<p><strong>C\u00f3mo funciona 2CL<\/strong><br \/>\n2CL interact\u00faa con los receptores de serotonina en el cerebro, en particular <strong>5-HT2A<\/strong>e influye en la neurotransmisi\u00f3n:<\/p>\n<ul>\n<li><strong>Uni\u00f3n de receptores<\/strong>Modifica las v\u00edas de se\u00f1alizaci\u00f3n de la serotonina.<\/li>\n<li><strong>Efectos neurol\u00f3gicos<\/strong>Afecta a las v\u00edas de la serotonina, la dopamina y la noradrenalina y altera la cognici\u00f3n, el estado de \u00e1nimo y la percepci\u00f3n.<\/li>\n<\/ul>","protected":false},"featured_media":7609,"comment_status":"open","ping_status":"closed","template":"","meta":{"_joinchat":[]},"product_brand":[],"product_cat":[96],"product_tag":[1121,1114,1102,1107,1123,1111,1106,1119,1120,1104,1116,1101,1117,1113,1108,1105,1112,1126,1140,1133,1103,1122,1110,1132,1115,1118,1109,1137,1138,1125,1124,1136,1142,1141,1139,1129,1134,1131,1130,1128,1135,1127],"class_list":{"0":"post-7601","1":"product","2":"type-product","3":"status-publish","4":"has-post-thumbnail","6":"product_cat-psychedelische-droge","7":"product_tag-2-chlor-lysergsaurediethylamid-lieferant","8":"product_tag-2cl-anbieter","9":"product_tag-2cl-bestellen","10":"product_tag-2cl-chemikalie","11":"product_tag-2cl-distributoren-weltweit","12":"product_tag-2cl-experimente","13":"product_tag-2cl-forschung","14":"product_tag-2cl-forschung-chemikalie","15":"product_tag-2cl-forschung-chemikalie-kaufen","16":"product_tag-2cl-groshandel","17":"product_tag-2cl-gunstig","18":"product_tag-2cl-kaufen","19":"product_tag-2cl-kaufen-online","20":"product_tag-2cl-labor","21":"product_tag-2cl-legal","22":"product_tag-2cl-lieferant","23":"product_tag-2cl-lysergamid","24":"product_tag-2cl-lysergamid-groshandel","25":"product_tag-2cl-markttrends","26":"product_tag-2cl-neurowissenschaftliche-experimente","27":"product_tag-2cl-online","28":"product_tag-2cl-online-bestellen","29":"product_tag-2cl-preis","30":"product_tag-2cl-psychoaktive-forschung-chemikalie","31":"product_tag-2cl-qualitat","32":"product_tag-2cl-sicher","33":"product_tag-2cl-versand","34":"product_tag-5-ht2a-agonist-verbindungen","35":"product_tag-akademischer-2cl-kauf","36":"product_tag-erschwingliche-2cl-fur-forscher","37":"product_tag-forschung-chemikalien-anbieter","38":"product_tag-hochreines-2cl-chemikalie","39":"product_tag-individuelle-chemikalienbeschaffung-2cl","40":"product_tag-innovative-lysergamide-im-angebot","41":"product_tag-klinische-studienverbindungen-2cl","42":"product_tag-laborqualitat-2cl","43":"product_tag-legaler-lysergamid-lieferant","44":"product_tag-lysergamid-verbindungen-kaufen","45":"product_tag-pharmazeutische-qualitat-2cl","46":"product_tag-serotonin-modulator-fur-studien","47":"product_tag-sicherer-2cl-versand","48":"product_tag-vertrauenswurdiger-2cl-verkaufer","50":"first","51":"instock","52":"shipping-taxable","53":"purchasable","54":"product-type-variable"},"yoast_head":"<!-- This site is optimized with the Yoast SEO plugin v27.5 - https:\/\/yoast.com\/product\/yoast-seo-wordpress\/ -->\n<title>2CL (2-Chlor-Lysergs\u00e4urediethylamid) online kaufen<\/title>\n<meta name=\"description\" content=\"Ihre Bestellung von 2cl (2-Chlor-Lysergs\u00e4urediethylamid) zum Verkauf liegt in unserer Verantwortung. Wir werden Ihre Anfrage zum Online-Kauf von 2cl (2-Chlor-Lysergs\u00e4urediethylamid) ber\u00fccksichtigen und Sie in kurzer Zeit erreichen. Jetzt Gro\u00dfbestellungen aufgeben!\" \/>\n<meta name=\"robots\" content=\"index, follow, max-snippet:-1, max-image-preview:large, max-video-preview:-1\" \/>\n<link rel=\"canonical\" href=\"https:\/\/chemgramx.com\/es\/producto-1\/2cl-2-chlor-lysergsaeurediethylamid-online-kaufen\/\" \/>\n<meta property=\"og:locale\" content=\"es_ES\" \/>\n<meta property=\"og:type\" content=\"article\" \/>\n<meta property=\"og:title\" content=\"2CL (2-Chlor-Lysergs\u00e4urediethylamid) online kaufen\" \/>\n<meta property=\"og:description\" content=\"Ihre Bestellung von 2cl (2-Chlor-Lysergs\u00e4urediethylamid) zum Verkauf liegt in unserer Verantwortung. Wir werden Ihre Anfrage zum Online-Kauf von 2cl (2-Chlor-Lysergs\u00e4urediethylamid) ber\u00fccksichtigen und Sie in kurzer Zeit erreichen. Jetzt Gro\u00dfbestellungen aufgeben!\" \/>\n<meta property=\"og:url\" content=\"https:\/\/chemgramx.com\/es\/producto-1\/2cl-2-chlor-lysergsaeurediethylamid-online-kaufen\/\" \/>\n<meta property=\"og:site_name\" content=\"Chemgramx\" \/>\n<meta property=\"article:modified_time\" content=\"2025-11-21T11:19:55+00:00\" \/>\n<meta property=\"og:image\" content=\"https:\/\/chemgramx.com\/wp-content\/uploads\/2025\/11\/2C-L-kaufen.webp\" \/>\n\t<meta property=\"og:image:width\" content=\"375\" \/>\n\t<meta property=\"og:image:height\" content=\"500\" \/>\n\t<meta property=\"og:image:type\" content=\"image\/webp\" \/>\n<meta name=\"twitter:card\" content=\"summary_large_image\" \/>\n<meta name=\"twitter:label1\" content=\"Tiempo de lectura\" \/>\n\t<meta name=\"twitter:data1\" content=\"2 minutos\" \/>\n<script type=\"application\/ld+json\" class=\"yoast-schema-graph\">{\"@context\":\"https:\\\/\\\/schema.org\",\"@graph\":[{\"@type\":\"WebPage\",\"@id\":\"https:\\\/\\\/chemgramx.com\\\/product\\\/2cl-2-chlor-lysergsaeurediethylamid-online-kaufen\\\/\",\"url\":\"https:\\\/\\\/chemgramx.com\\\/product\\\/2cl-2-chlor-lysergsaeurediethylamid-online-kaufen\\\/\",\"name\":\"2CL (2-Chlor-Lysergs\u00e4urediethylamid) online kaufen\",\"isPartOf\":{\"@id\":\"https:\\\/\\\/chemgramx.com\\\/#website\"},\"primaryImageOfPage\":{\"@id\":\"https:\\\/\\\/chemgramx.com\\\/product\\\/2cl-2-chlor-lysergsaeurediethylamid-online-kaufen\\\/#primaryimage\"},\"image\":{\"@id\":\"https:\\\/\\\/chemgramx.com\\\/product\\\/2cl-2-chlor-lysergsaeurediethylamid-online-kaufen\\\/#primaryimage\"},\"thumbnailUrl\":\"https:\\\/\\\/chemgramx.com\\\/wp-content\\\/uploads\\\/2025\\\/11\\\/2C-L-kaufen.webp\",\"datePublished\":\"2025-11-21T11:18:50+00:00\",\"dateModified\":\"2025-11-21T11:19:55+00:00\",\"description\":\"Ihre Bestellung von 2cl (2-Chlor-Lysergs\u00e4urediethylamid) zum Verkauf liegt in unserer Verantwortung. Wir werden Ihre Anfrage zum Online-Kauf von 2cl (2-Chlor-Lysergs\u00e4urediethylamid) ber\u00fccksichtigen und Sie in kurzer Zeit erreichen. Jetzt Gro\u00dfbestellungen aufgeben!\",\"breadcrumb\":{\"@id\":\"https:\\\/\\\/chemgramx.com\\\/product\\\/2cl-2-chlor-lysergsaeurediethylamid-online-kaufen\\\/#breadcrumb\"},\"inLanguage\":\"es\",\"potentialAction\":[{\"@type\":\"ReadAction\",\"target\":[\"https:\\\/\\\/chemgramx.com\\\/product\\\/2cl-2-chlor-lysergsaeurediethylamid-online-kaufen\\\/\"]}]},{\"@type\":\"ImageObject\",\"inLanguage\":\"es\",\"@id\":\"https:\\\/\\\/chemgramx.com\\\/product\\\/2cl-2-chlor-lysergsaeurediethylamid-online-kaufen\\\/#primaryimage\",\"url\":\"https:\\\/\\\/chemgramx.com\\\/wp-content\\\/uploads\\\/2025\\\/11\\\/2C-L-kaufen.webp\",\"contentUrl\":\"https:\\\/\\\/chemgramx.com\\\/wp-content\\\/uploads\\\/2025\\\/11\\\/2C-L-kaufen.webp\",\"width\":375,\"height\":500},{\"@type\":\"BreadcrumbList\",\"@id\":\"https:\\\/\\\/chemgramx.com\\\/product\\\/2cl-2-chlor-lysergsaeurediethylamid-online-kaufen\\\/#breadcrumb\",\"itemListElement\":[{\"@type\":\"ListItem\",\"position\":1,\"name\":\"Home\",\"item\":\"https:\\\/\\\/chemgramx.com\\\/\"},{\"@type\":\"ListItem\",\"position\":2,\"name\":\"Shop\",\"item\":\"https:\\\/\\\/chemgramx.com\\\/shop\\\/\"},{\"@type\":\"ListItem\",\"position\":3,\"name\":\"2CL (2-Chlor-Lysergs\u00e4urediethylamid) Online Kaufen\"}]},{\"@type\":\"WebSite\",\"@id\":\"https:\\\/\\\/chemgramx.com\\\/#website\",\"url\":\"https:\\\/\\\/chemgramx.com\\\/\",\"name\":\"Chemgramx\",\"description\":\"\",\"publisher\":{\"@id\":\"https:\\\/\\\/chemgramx.com\\\/#organization\"},\"potentialAction\":[{\"@type\":\"SearchAction\",\"target\":{\"@type\":\"EntryPoint\",\"urlTemplate\":\"https:\\\/\\\/chemgramx.com\\\/?s={search_term_string}\"},\"query-input\":{\"@type\":\"PropertyValueSpecification\",\"valueRequired\":true,\"valueName\":\"search_term_string\"}}],\"inLanguage\":\"es\"},{\"@type\":\"Organization\",\"@id\":\"https:\\\/\\\/chemgramx.com\\\/#organization\",\"name\":\"Chemgramx\",\"url\":\"https:\\\/\\\/chemgramx.com\\\/\",\"logo\":{\"@type\":\"ImageObject\",\"inLanguage\":\"es\",\"@id\":\"https:\\\/\\\/chemgramx.com\\\/#\\\/schema\\\/logo\\\/image\\\/\",\"url\":\"https:\\\/\\\/chemgramx.com\\\/wp-content\\\/uploads\\\/2024\\\/10\\\/final-logo.png\",\"contentUrl\":\"https:\\\/\\\/chemgramx.com\\\/wp-content\\\/uploads\\\/2024\\\/10\\\/final-logo.png\",\"width\":250,\"height\":48,\"caption\":\"Chemgramx\"},\"image\":{\"@id\":\"https:\\\/\\\/chemgramx.com\\\/#\\\/schema\\\/logo\\\/image\\\/\"}}]}<\/script>\n<!-- \/ Yoast SEO plugin. -->","yoast_head_json":{"title":"Comprar 2CL (dietilamida del \u00e1cido 2-cloro-lis\u00e9rgico) en l\u00ednea","description":"Su pedido de 2 cl (dietilamida del \u00e1cido 2-clorolis\u00e9rgico) para la venta es nuestra responsabilidad. Consideraremos su solicitud de compra de 2 cl (dietilamida del \u00e1cido 2-clorolis\u00e9rgico) en l\u00ednea y nos pondremos en contacto con usted en breve. \u00a1Haga pedidos al por mayor ahora!","robots":{"index":"index","follow":"follow","max-snippet":"max-snippet:-1","max-image-preview":"max-image-preview:large","max-video-preview":"max-video-preview:-1"},"canonical":"https:\/\/chemgramx.com\/es\/producto-1\/2cl-2-chlor-lysergsaeurediethylamid-online-kaufen\/","og_locale":"es_ES","og_type":"article","og_title":"2CL (2-Chlor-Lysergs\u00e4urediethylamid) online kaufen","og_description":"Ihre Bestellung von 2cl (2-Chlor-Lysergs\u00e4urediethylamid) zum Verkauf liegt in unserer Verantwortung. Wir werden Ihre Anfrage zum Online-Kauf von 2cl (2-Chlor-Lysergs\u00e4urediethylamid) ber\u00fccksichtigen und Sie in kurzer Zeit erreichen. Jetzt Gro\u00dfbestellungen aufgeben!","og_url":"https:\/\/chemgramx.com\/es\/producto-1\/2cl-2-chlor-lysergsaeurediethylamid-online-kaufen\/","og_site_name":"Chemgramx","article_modified_time":"2025-11-21T11:19:55+00:00","og_image":[{"width":375,"height":500,"url":"https:\/\/chemgramx.com\/wp-content\/uploads\/2025\/11\/2C-L-kaufen.webp","type":"image\/webp"}],"twitter_card":"summary_large_image","twitter_misc":{"Tiempo de lectura":"2 minutos"},"schema":{"@context":"https:\/\/schema.org","@graph":[{"@type":"WebPage","@id":"https:\/\/chemgramx.com\/product\/2cl-2-chlor-lysergsaeurediethylamid-online-kaufen\/","url":"https:\/\/chemgramx.com\/product\/2cl-2-chlor-lysergsaeurediethylamid-online-kaufen\/","name":"Comprar 2CL (dietilamida del \u00e1cido 2-cloro-lis\u00e9rgico) en l\u00ednea","isPartOf":{"@id":"https:\/\/chemgramx.com\/#website"},"primaryImageOfPage":{"@id":"https:\/\/chemgramx.com\/product\/2cl-2-chlor-lysergsaeurediethylamid-online-kaufen\/#primaryimage"},"image":{"@id":"https:\/\/chemgramx.com\/product\/2cl-2-chlor-lysergsaeurediethylamid-online-kaufen\/#primaryimage"},"thumbnailUrl":"https:\/\/chemgramx.com\/wp-content\/uploads\/2025\/11\/2C-L-kaufen.webp","datePublished":"2025-11-21T11:18:50+00:00","dateModified":"2025-11-21T11:19:55+00:00","description":"Su pedido de 2 cl (dietilamida del \u00e1cido 2-clorolis\u00e9rgico) para la venta es nuestra responsabilidad. Consideraremos su solicitud de compra de 2 cl (dietilamida del \u00e1cido 2-clorolis\u00e9rgico) en l\u00ednea y nos pondremos en contacto con usted en breve. \u00a1Haga pedidos al por mayor ahora!","breadcrumb":{"@id":"https:\/\/chemgramx.com\/product\/2cl-2-chlor-lysergsaeurediethylamid-online-kaufen\/#breadcrumb"},"inLanguage":"es","potentialAction":[{"@type":"ReadAction","target":["https:\/\/chemgramx.com\/product\/2cl-2-chlor-lysergsaeurediethylamid-online-kaufen\/"]}]},{"@type":"ImageObject","inLanguage":"es","@id":"https:\/\/chemgramx.com\/product\/2cl-2-chlor-lysergsaeurediethylamid-online-kaufen\/#primaryimage","url":"https:\/\/chemgramx.com\/wp-content\/uploads\/2025\/11\/2C-L-kaufen.webp","contentUrl":"https:\/\/chemgramx.com\/wp-content\/uploads\/2025\/11\/2C-L-kaufen.webp","width":375,"height":500},{"@type":"BreadcrumbList","@id":"https:\/\/chemgramx.com\/product\/2cl-2-chlor-lysergsaeurediethylamid-online-kaufen\/#breadcrumb","itemListElement":[{"@type":"ListItem","position":1,"name":"Home","item":"https:\/\/chemgramx.com\/"},{"@type":"ListItem","position":2,"name":"Shop","item":"https:\/\/chemgramx.com\/shop\/"},{"@type":"ListItem","position":3,"name":"2CL (2-Chlor-Lysergs\u00e4urediethylamid) Online Kaufen"}]},{"@type":"WebSite","@id":"https:\/\/chemgramx.com\/#website","url":"https:\/\/chemgramx.com\/","name":"Chemgramx","description":"","publisher":{"@id":"https:\/\/chemgramx.com\/#organization"},"potentialAction":[{"@type":"SearchAction","target":{"@type":"EntryPoint","urlTemplate":"https:\/\/chemgramx.com\/?s={search_term_string}"},"query-input":{"@type":"PropertyValueSpecification","valueRequired":true,"valueName":"search_term_string"}}],"inLanguage":"es"},{"@type":"Organization","@id":"https:\/\/chemgramx.com\/#organization","name":"Chemgramx","url":"https:\/\/chemgramx.com\/","logo":{"@type":"ImageObject","inLanguage":"es","@id":"https:\/\/chemgramx.com\/#\/schema\/logo\/image\/","url":"https:\/\/chemgramx.com\/wp-content\/uploads\/2024\/10\/final-logo.png","contentUrl":"https:\/\/chemgramx.com\/wp-content\/uploads\/2024\/10\/final-logo.png","width":250,"height":48,"caption":"Chemgramx"},"image":{"@id":"https:\/\/chemgramx.com\/#\/schema\/logo\/image\/"}}]}},"_links":{"self":[{"href":"https:\/\/chemgramx.com\/es\/wp-json\/wp\/v2\/product\/7601","targetHints":{"allow":["GET"]}}],"collection":[{"href":"https:\/\/chemgramx.com\/es\/wp-json\/wp\/v2\/product"}],"about":[{"href":"https:\/\/chemgramx.com\/es\/wp-json\/wp\/v2\/types\/product"}],"replies":[{"embeddable":true,"href":"https:\/\/chemgramx.com\/es\/wp-json\/wp\/v2\/comments?post=7601"}],"wp:featuredmedia":[{"embeddable":true,"href":"https:\/\/chemgramx.com\/es\/wp-json\/wp\/v2\/media\/7609"}],"wp:attachment":[{"href":"https:\/\/chemgramx.com\/es\/wp-json\/wp\/v2\/media?parent=7601"}],"wp:term":[{"taxonomy":"product_brand","embeddable":true,"href":"https:\/\/chemgramx.com\/es\/wp-json\/wp\/v2\/product_brand?post=7601"},{"taxonomy":"product_cat","embeddable":true,"href":"https:\/\/chemgramx.com\/es\/wp-json\/wp\/v2\/product_cat?post=7601"},{"taxonomy":"product_tag","embeddable":true,"href":"https:\/\/chemgramx.com\/es\/wp-json\/wp\/v2\/product_tag?post=7601"}],"curies":[{"name":"wp","href":"https:\/\/api.w.org\/{rel}","templated":true}]}}