{"id":7602,"date":"2025-11-21T11:18:50","date_gmt":"2025-11-21T11:18:50","guid":{"rendered":"https:\/\/chemgramx.com\/?post_type=product&#038;p=7602"},"modified":"2025-11-21T11:20:08","modified_gmt":"2025-11-21T11:20:08","slug":"2c-d-25-dimetoxi-4-clorofenetilamina-comprar-online","status":"publish","type":"product","link":"https:\/\/chemgramx.com\/es\/product\/2c-d-25-dimethoxy-4-chlorphenethylamin-online-kaufen\/","title":{"rendered":"Comprar 2C-D (2,5-dimetoxi-4-clorofenetilamina) en l\u00ednea"},"content":{"rendered":"<p data-start=\"200\" data-end=\"633\">Si desea comprar 2C-D en l\u00ednea, ChemGramX ofrece 2C-D (2,5-dimetoxi-4-metilfenetilamina) probado en laboratorio de la m\u00e1s alta calidad, espec\u00edficamente para fines de investigaci\u00f3n cient\u00edfica. <a href=\"https:\/\/chemgramx.com\/product\/2c-d-25-dimethoxy-4-chlorphenethylamin\/\">2C-D en venta<\/a> Aquellos que buscan un producto puro y confiable lo encontrar\u00e1n en ChemGramX. 2C-D pertenece a la familia de psicod\u00e9licos 2C y se utiliza con frecuencia en investigaciones para estudiar la percepci\u00f3n, el estado de \u00e1nimo y la actividad de los neurotransmisores.<\/p>\n<h3 data-start=\"635\" data-end=\"653\">\u00bfQu\u00e9 es 2C-D?<\/h3>\n<p data-start=\"655\" data-end=\"1083\"><a href=\"https:\/\/en.wikipedia.org\/wiki\/2C-D\">2C-D<\/a> Es una fenetilamina psicod\u00e9lica conocida por sus efectos sobre los receptores de serotonina, como el 5-HT\u2082A y el 5-HT\u2082C. Los investigadores que utilizan el 5-HT\u2082C-D lo emplean para estudiar la alteraci\u00f3n de la consciencia, las reacciones emocionales y las percepciones sensoriales. Este compuesto proporciona informaci\u00f3n valiosa sobre las funciones de los neurotransmisores y los efectos de las sustancias psicod\u00e9licas en el sistema nervioso central.<\/p>\n<h3 data-start=\"1085\" data-end=\"1114\">Mecanismo de acci\u00f3n del 2C-D<\/h3>\n<ul data-start=\"1116\" data-end=\"1471\">\n<li data-start=\"1116\" data-end=\"1232\">\n<p data-start=\"1118\" data-end=\"1232\">Uni\u00f3n al receptor: Agonista parcial de los receptores de serotonina, afecta los procesos sensoriales y cognitivos.<\/p>\n<\/li>\n<li data-start=\"1233\" data-end=\"1347\">\n<p data-start=\"1235\" data-end=\"1347\">Efectos neurol\u00f3gicos: Promueve cambios visuales y auditivos y modula el estado de \u00e1nimo y la percepci\u00f3n.<\/p>\n<\/li>\n<li data-start=\"1348\" data-end=\"1471\">\n<p data-start=\"1350\" data-end=\"1471\">Actividad modificada: El grupo cloro en la posici\u00f3n 4 distingue al 2C-D de otras fenetilaminas.<\/p>\n<\/li>\n<\/ul>\n<h3 data-start=\"1473\" data-end=\"1496\">\u00bfPor qu\u00e9 comprar 2C-D?<\/h3>\n<p data-start=\"1498\" data-end=\"1872\">Cualquiera que desee comprar 2C-D recibir\u00e1 un compuesto de eficacia comprobada en neurociencia e investigaci\u00f3n psicod\u00e9lica. El 2C-D se utiliza para analizar los efectos de los psicod\u00e9licos en las funciones cognitivas, el comportamiento y la percepci\u00f3n. Esta sustancia proporciona informaci\u00f3n valiosa sobre la funci\u00f3n de la serotonina en el cerebro y su influencia en el estado de \u00e1nimo y la consciencia.<\/p>\n<h3 data-start=\"1874\" data-end=\"1911\">Comprar 2C-D online en ChemGramX<\/h3>\n<p data-start=\"1913\" data-end=\"2203\">ChemGramX ofrece una forma segura de comprar 2C-D en l\u00ednea. Nuestro polvo de 2C-D se analiza en laboratorios independientes para garantizar la m\u00e1xima pureza y calidad. Si busca d\u00f3nde comprar 2C-D, ChemGramX es su fuente confiable de sustancias de investigaci\u00f3n de alta calidad.<\/p>\n<h3 data-start=\"2205\" data-end=\"2251\">Ventajas de comprar 2C-D en ChemGramX<\/h3>\n<ul data-start=\"2253\" data-end=\"2509\">\n<li data-start=\"2253\" data-end=\"2330\">\n<p data-start=\"2255\" data-end=\"2330\">Pureza probada en laboratorio: m\u00e1xima calidad y consistencia garantizadas.<\/p>\n<\/li>\n<li data-start=\"2331\" data-end=\"2407\">\n<p data-start=\"2333\" data-end=\"2407\">Env\u00edo discreto: Entrega segura que protege tu privacidad.<\/p>\n<\/li>\n<li data-start=\"2408\" data-end=\"2509\">\n<p data-start=\"2410\" data-end=\"2509\">Ideal para investigaci\u00f3n: Perfecto para estudios sobre serotonina, psicod\u00e9licos y procesos cognitivos.<\/p>\n<\/li>\n<\/ul>\n<h3 data-start=\"2511\" data-end=\"2546\">Legaliteit en veilige verzending<\/h3>\n<p data-start=\"2548\" data-end=\"2832\">La legalidad de la venta de 2C-D var\u00eda a nivel mundial. Antes de comprar, consulte la normativa legal de su regi\u00f3n. ChemGramX vende 2C-D exclusivamente con fines cient\u00edficos y garantiza entregas legalmente seguras y discretas.<\/p>\n<h3 data-start=\"2834\" data-end=\"2856\">Comprar 2C-D ahora<\/h3>\n<p data-start=\"2858\" data-end=\"3174\">\u00bfListo para comprar 2C-D en l\u00ednea para sus proyectos de investigaci\u00f3n? Compre 2C-D en l\u00ednea en ChemGramX y benef\u00edciese de entrega r\u00e1pida, env\u00edo discreto y pureza garantizada. Haga su pedido hoy mismo y consiga 2C-D de alta calidad para sus estudios cient\u00edficos.<\/p>\n<p data-start=\"3176\" data-end=\"3267\">ChemGramX: su fuente confiable de 2C-D y productos qu\u00edmicos de investigaci\u00f3n de alta calidad<\/p>","protected":false},"excerpt":{"rendered":"<p>La 2C-D (2,5-dimetoxi-4-clorofenetilamina) pertenece a la familia de las fenetilaminas y es conocida por sus fuertes efectos psicod\u00e9licos. Utilizada a menudo con fines de investigaci\u00f3n, la 2CD es cada vez m\u00e1s popular entre los usuarios que buscan experiencias profundas y transformadoras.<\/p>","protected":false},"featured_media":7610,"comment_status":"open","ping_status":"closed","template":"","meta":{"_joinchat":[]},"product_brand":[],"product_cat":[96],"product_tag":[1246,1263,1260,1270,1256,1269,1253,1254,1249,1245,1265,1267,1250,1261,1264,1248,1255,1266,1271,1268,1247,1251,1252,1262,1257,1259,1258],"class_list":{"0":"post-7602","1":"product","2":"type-product","3":"status-publish","4":"has-post-thumbnail","6":"product_cat-psychedelische-droge","7":"product_tag-1246","8":"product_tag-2c-d-bestellen","9":"product_tag-2c-d-bulk-bestellung","10":"product_tag-2c-d-chemikalie","11":"product_tag-2c-d-experimente","12":"product_tag-2c-d-forschung","13":"product_tag-2c-d-forschung-chemikalie","14":"product_tag-2c-d-fur-neurowissenschaftliche-studien","15":"product_tag-2c-d-groshandel","16":"product_tag-2c-d-kaufen","17":"product_tag-2c-d-labor","18":"product_tag-2c-d-legal","19":"product_tag-2c-d-lieferant","20":"product_tag-2c-d-marktanalyse","21":"product_tag-2c-d-online","22":"product_tag-2c-d-online-bestellen","23":"product_tag-2c-d-pharmazeutische-forschung","24":"product_tag-2c-d-sicher","25":"product_tag-2c-d-versand","26":"product_tag-2cd-gunstig","27":"product_tag-5-dimethoxy-4-chlorphenethylamin-bestellen","28":"product_tag-forschung-chemikalien-2c-d","29":"product_tag-hochwertige-2c-d-kaufen","30":"product_tag-innovative-2c-d-forschung","31":"product_tag-laborqualitat-2c-d","32":"product_tag-legaler-2c-d-anbieter","33":"product_tag-sicherer-2c-d-versand","35":"first","36":"instock","37":"shipping-taxable","38":"purchasable","39":"product-type-variable"},"yoast_head":"<!-- This site is optimized with the Yoast SEO plugin v27.5 - https:\/\/yoast.com\/product\/yoast-seo-wordpress\/ -->\n<title>2C-D (2,5-Dimethoxy-4-chlorphenethylamin) online kaufen<\/title>\n<meta name=\"description\" content=\"Ihre Bestellung von 2C-D (2,5-Dimethoxy-4-chlorphenethylamin) zum Verkauf liegt in unserer Verantwortung.\" \/>\n<meta name=\"robots\" content=\"index, follow, max-snippet:-1, max-image-preview:large, max-video-preview:-1\" \/>\n<link rel=\"canonical\" href=\"https:\/\/chemgramx.com\/es\/producto-1\/2c-d-25-dimetoxi-4-clorofenetilamina-comprar-online\/\" \/>\n<meta property=\"og:locale\" content=\"es_ES\" \/>\n<meta property=\"og:type\" content=\"article\" \/>\n<meta property=\"og:title\" content=\"2C-D (2,5-Dimethoxy-4-chlorphenethylamin) online kaufen\" \/>\n<meta property=\"og:description\" content=\"Ihre Bestellung von 2C-D (2,5-Dimethoxy-4-chlorphenethylamin) zum Verkauf liegt in unserer Verantwortung.\" \/>\n<meta property=\"og:url\" content=\"https:\/\/chemgramx.com\/es\/producto-1\/2c-d-25-dimetoxi-4-clorofenetilamina-comprar-online\/\" \/>\n<meta property=\"og:site_name\" content=\"Chemgramx\" \/>\n<meta property=\"article:modified_time\" content=\"2025-11-21T11:20:08+00:00\" \/>\n<meta property=\"og:image\" content=\"https:\/\/chemgramx.com\/wp-content\/uploads\/2025\/11\/2C-D-kaufen.jpg\" \/>\n\t<meta property=\"og:image:width\" content=\"600\" \/>\n\t<meta property=\"og:image:height\" content=\"431\" \/>\n\t<meta property=\"og:image:type\" content=\"image\/jpeg\" \/>\n<meta name=\"twitter:card\" content=\"summary_large_image\" \/>\n<meta name=\"twitter:label1\" content=\"Tiempo de lectura\" \/>\n\t<meta name=\"twitter:data1\" content=\"2 minutos\" \/>\n<script type=\"application\/ld+json\" class=\"yoast-schema-graph\">{\"@context\":\"https:\\\/\\\/schema.org\",\"@graph\":[{\"@type\":\"WebPage\",\"@id\":\"https:\\\/\\\/chemgramx.com\\\/product\\\/2c-d-25-dimethoxy-4-chlorphenethylamin-online-kaufen\\\/\",\"url\":\"https:\\\/\\\/chemgramx.com\\\/product\\\/2c-d-25-dimethoxy-4-chlorphenethylamin-online-kaufen\\\/\",\"name\":\"2C-D (2,5-Dimethoxy-4-chlorphenethylamin) online kaufen\",\"isPartOf\":{\"@id\":\"https:\\\/\\\/chemgramx.com\\\/#website\"},\"primaryImageOfPage\":{\"@id\":\"https:\\\/\\\/chemgramx.com\\\/product\\\/2c-d-25-dimethoxy-4-chlorphenethylamin-online-kaufen\\\/#primaryimage\"},\"image\":{\"@id\":\"https:\\\/\\\/chemgramx.com\\\/product\\\/2c-d-25-dimethoxy-4-chlorphenethylamin-online-kaufen\\\/#primaryimage\"},\"thumbnailUrl\":\"https:\\\/\\\/chemgramx.com\\\/wp-content\\\/uploads\\\/2025\\\/11\\\/2C-D-kaufen.jpg\",\"datePublished\":\"2025-11-21T11:18:50+00:00\",\"dateModified\":\"2025-11-21T11:20:08+00:00\",\"description\":\"Ihre Bestellung von 2C-D (2,5-Dimethoxy-4-chlorphenethylamin) zum Verkauf liegt in unserer Verantwortung.\",\"breadcrumb\":{\"@id\":\"https:\\\/\\\/chemgramx.com\\\/product\\\/2c-d-25-dimethoxy-4-chlorphenethylamin-online-kaufen\\\/#breadcrumb\"},\"inLanguage\":\"es\",\"potentialAction\":[{\"@type\":\"ReadAction\",\"target\":[\"https:\\\/\\\/chemgramx.com\\\/product\\\/2c-d-25-dimethoxy-4-chlorphenethylamin-online-kaufen\\\/\"]}]},{\"@type\":\"ImageObject\",\"inLanguage\":\"es\",\"@id\":\"https:\\\/\\\/chemgramx.com\\\/product\\\/2c-d-25-dimethoxy-4-chlorphenethylamin-online-kaufen\\\/#primaryimage\",\"url\":\"https:\\\/\\\/chemgramx.com\\\/wp-content\\\/uploads\\\/2025\\\/11\\\/2C-D-kaufen.jpg\",\"contentUrl\":\"https:\\\/\\\/chemgramx.com\\\/wp-content\\\/uploads\\\/2025\\\/11\\\/2C-D-kaufen.jpg\",\"width\":600,\"height\":431},{\"@type\":\"BreadcrumbList\",\"@id\":\"https:\\\/\\\/chemgramx.com\\\/product\\\/2c-d-25-dimethoxy-4-chlorphenethylamin-online-kaufen\\\/#breadcrumb\",\"itemListElement\":[{\"@type\":\"ListItem\",\"position\":1,\"name\":\"Home\",\"item\":\"https:\\\/\\\/chemgramx.com\\\/\"},{\"@type\":\"ListItem\",\"position\":2,\"name\":\"Shop\",\"item\":\"https:\\\/\\\/chemgramx.com\\\/shop\\\/\"},{\"@type\":\"ListItem\",\"position\":3,\"name\":\"2C-D (2,5-Dimethoxy-4-chlorphenethylamin) Online kaufen\"}]},{\"@type\":\"WebSite\",\"@id\":\"https:\\\/\\\/chemgramx.com\\\/#website\",\"url\":\"https:\\\/\\\/chemgramx.com\\\/\",\"name\":\"Chemgramx\",\"description\":\"\",\"publisher\":{\"@id\":\"https:\\\/\\\/chemgramx.com\\\/#organization\"},\"potentialAction\":[{\"@type\":\"SearchAction\",\"target\":{\"@type\":\"EntryPoint\",\"urlTemplate\":\"https:\\\/\\\/chemgramx.com\\\/?s={search_term_string}\"},\"query-input\":{\"@type\":\"PropertyValueSpecification\",\"valueRequired\":true,\"valueName\":\"search_term_string\"}}],\"inLanguage\":\"es\"},{\"@type\":\"Organization\",\"@id\":\"https:\\\/\\\/chemgramx.com\\\/#organization\",\"name\":\"Chemgramx\",\"url\":\"https:\\\/\\\/chemgramx.com\\\/\",\"logo\":{\"@type\":\"ImageObject\",\"inLanguage\":\"es\",\"@id\":\"https:\\\/\\\/chemgramx.com\\\/#\\\/schema\\\/logo\\\/image\\\/\",\"url\":\"https:\\\/\\\/chemgramx.com\\\/wp-content\\\/uploads\\\/2024\\\/10\\\/final-logo.png\",\"contentUrl\":\"https:\\\/\\\/chemgramx.com\\\/wp-content\\\/uploads\\\/2024\\\/10\\\/final-logo.png\",\"width\":250,\"height\":48,\"caption\":\"Chemgramx\"},\"image\":{\"@id\":\"https:\\\/\\\/chemgramx.com\\\/#\\\/schema\\\/logo\\\/image\\\/\"}}]}<\/script>\n<!-- \/ Yoast SEO plugin. -->","yoast_head_json":{"title":"2C-D (2,5-Dimetoxi-4-clorfenetilamina) online kaufen","description":"Su pedido de 2C-D (2,5-dimetoxi-4-clorofenetilamina) en venta es nuestra responsabilidad.","robots":{"index":"index","follow":"follow","max-snippet":"max-snippet:-1","max-image-preview":"max-image-preview:large","max-video-preview":"max-video-preview:-1"},"canonical":"https:\/\/chemgramx.com\/es\/producto-1\/2c-d-25-dimetoxi-4-clorofenetilamina-comprar-online\/","og_locale":"es_ES","og_type":"article","og_title":"2C-D (2,5-Dimethoxy-4-chlorphenethylamin) online kaufen","og_description":"Ihre Bestellung von 2C-D (2,5-Dimethoxy-4-chlorphenethylamin) zum Verkauf liegt in unserer Verantwortung.","og_url":"https:\/\/chemgramx.com\/es\/producto-1\/2c-d-25-dimetoxi-4-clorofenetilamina-comprar-online\/","og_site_name":"Chemgramx","article_modified_time":"2025-11-21T11:20:08+00:00","og_image":[{"width":600,"height":431,"url":"https:\/\/chemgramx.com\/wp-content\/uploads\/2025\/11\/2C-D-kaufen.jpg","type":"image\/jpeg"}],"twitter_card":"summary_large_image","twitter_misc":{"Tiempo de lectura":"2 minutos"},"schema":{"@context":"https:\/\/schema.org","@graph":[{"@type":"WebPage","@id":"https:\/\/chemgramx.com\/product\/2c-d-25-dimethoxy-4-chlorphenethylamin-online-kaufen\/","url":"https:\/\/chemgramx.com\/product\/2c-d-25-dimethoxy-4-chlorphenethylamin-online-kaufen\/","name":"2C-D (2,5-Dimetoxi-4-clorfenetilamina) online kaufen","isPartOf":{"@id":"https:\/\/chemgramx.com\/#website"},"primaryImageOfPage":{"@id":"https:\/\/chemgramx.com\/product\/2c-d-25-dimethoxy-4-chlorphenethylamin-online-kaufen\/#primaryimage"},"image":{"@id":"https:\/\/chemgramx.com\/product\/2c-d-25-dimethoxy-4-chlorphenethylamin-online-kaufen\/#primaryimage"},"thumbnailUrl":"https:\/\/chemgramx.com\/wp-content\/uploads\/2025\/11\/2C-D-kaufen.jpg","datePublished":"2025-11-21T11:18:50+00:00","dateModified":"2025-11-21T11:20:08+00:00","description":"Su pedido de 2C-D (2,5-dimetoxi-4-clorofenetilamina) en venta es nuestra responsabilidad.","breadcrumb":{"@id":"https:\/\/chemgramx.com\/product\/2c-d-25-dimethoxy-4-chlorphenethylamin-online-kaufen\/#breadcrumb"},"inLanguage":"es","potentialAction":[{"@type":"ReadAction","target":["https:\/\/chemgramx.com\/product\/2c-d-25-dimethoxy-4-chlorphenethylamin-online-kaufen\/"]}]},{"@type":"ImageObject","inLanguage":"es","@id":"https:\/\/chemgramx.com\/product\/2c-d-25-dimethoxy-4-chlorphenethylamin-online-kaufen\/#primaryimage","url":"https:\/\/chemgramx.com\/wp-content\/uploads\/2025\/11\/2C-D-kaufen.jpg","contentUrl":"https:\/\/chemgramx.com\/wp-content\/uploads\/2025\/11\/2C-D-kaufen.jpg","width":600,"height":431},{"@type":"BreadcrumbList","@id":"https:\/\/chemgramx.com\/product\/2c-d-25-dimethoxy-4-chlorphenethylamin-online-kaufen\/#breadcrumb","itemListElement":[{"@type":"ListItem","position":1,"name":"Home","item":"https:\/\/chemgramx.com\/"},{"@type":"ListItem","position":2,"name":"Shop","item":"https:\/\/chemgramx.com\/shop\/"},{"@type":"ListItem","position":3,"name":"2C-D (2,5-Dimethoxy-4-chlorphenethylamin) Online kaufen"}]},{"@type":"WebSite","@id":"https:\/\/chemgramx.com\/#website","url":"https:\/\/chemgramx.com\/","name":"Chemgramx","description":"","publisher":{"@id":"https:\/\/chemgramx.com\/#organization"},"potentialAction":[{"@type":"SearchAction","target":{"@type":"EntryPoint","urlTemplate":"https:\/\/chemgramx.com\/?s={search_term_string}"},"query-input":{"@type":"PropertyValueSpecification","valueRequired":true,"valueName":"search_term_string"}}],"inLanguage":"es"},{"@type":"Organization","@id":"https:\/\/chemgramx.com\/#organization","name":"Chemgramx","url":"https:\/\/chemgramx.com\/","logo":{"@type":"ImageObject","inLanguage":"es","@id":"https:\/\/chemgramx.com\/#\/schema\/logo\/image\/","url":"https:\/\/chemgramx.com\/wp-content\/uploads\/2024\/10\/final-logo.png","contentUrl":"https:\/\/chemgramx.com\/wp-content\/uploads\/2024\/10\/final-logo.png","width":250,"height":48,"caption":"Chemgramx"},"image":{"@id":"https:\/\/chemgramx.com\/#\/schema\/logo\/image\/"}}]}},"_links":{"self":[{"href":"https:\/\/chemgramx.com\/es\/wp-json\/wp\/v2\/product\/7602","targetHints":{"allow":["GET"]}}],"collection":[{"href":"https:\/\/chemgramx.com\/es\/wp-json\/wp\/v2\/product"}],"about":[{"href":"https:\/\/chemgramx.com\/es\/wp-json\/wp\/v2\/types\/product"}],"replies":[{"embeddable":true,"href":"https:\/\/chemgramx.com\/es\/wp-json\/wp\/v2\/comments?post=7602"}],"wp:featuredmedia":[{"embeddable":true,"href":"https:\/\/chemgramx.com\/es\/wp-json\/wp\/v2\/media\/7610"}],"wp:attachment":[{"href":"https:\/\/chemgramx.com\/es\/wp-json\/wp\/v2\/media?parent=7602"}],"wp:term":[{"taxonomy":"product_brand","embeddable":true,"href":"https:\/\/chemgramx.com\/es\/wp-json\/wp\/v2\/product_brand?post=7602"},{"taxonomy":"product_cat","embeddable":true,"href":"https:\/\/chemgramx.com\/es\/wp-json\/wp\/v2\/product_cat?post=7602"},{"taxonomy":"product_tag","embeddable":true,"href":"https:\/\/chemgramx.com\/es\/wp-json\/wp\/v2\/product_tag?post=7602"}],"curies":[{"name":"wp","href":"https:\/\/api.w.org\/{rel}","templated":true}]}}