{"id":7603,"date":"2025-11-21T11:18:51","date_gmt":"2025-11-21T11:18:51","guid":{"rendered":"https:\/\/chemgramx.com\/?post_type=product&#038;p=7603"},"modified":"2025-12-10T06:52:52","modified_gmt":"2025-12-10T06:52:52","slug":"5-comprar-meo-mipt-en-linea","status":"publish","type":"product","link":"https:\/\/chemgramx.com\/es\/product\/5-meo-mipt-online-kaufen\/","title":{"rendered":"Comprar 5-MeO-MiPT en l\u00ednea"},"content":{"rendered":"<p>Para cient\u00edficos ambiciosos e instituciones de investigaci\u00f3n comprometidas que <b>5-MeO-MiPT a la venta<\/b> busca, Chemgramx ofrece una soluci\u00f3n de primera clase. Le presentamos un producto de excepcional <b>Calidad de laboratorio a la venta<\/b>, desarrollado espec\u00edficamente para investigaciones cient\u00edficas exigentes. Nuestro 5-MeO-MiPT, una triptamina sint\u00e9tica, es una herramienta fundamental para explorar procesos neurol\u00f3gicos complejos. Ha sido cuidadosamente probado y est\u00e1 disponible como <b>5-MeO-MiPT de m\u00e1xima calidad<\/b> a su disposici\u00f3n para ayudarle a alcanzar sus objetivos de investigaci\u00f3n. Adem\u00e1s, garantizamos un origen transparente y una pureza sin igual.<\/p>\n<h2>\u00bfQu\u00e9 es el 5-MeO-MiPT y cu\u00e1l es su importancia en la investigaci\u00f3n?<\/h2>\n<p><b>5-MeO-MiPT<\/b>, tambi\u00e9n conocida como 5-metoxi-N-metil-N-isopropiltriptamina, pertenece a la familia de las triptaminas. Esta sustancia ha despertado un gran inter\u00e9s en la comunidad cient\u00edfica en los \u00faltimos a\u00f1os, especialmente en el campo de la neurofarmacolog\u00eda. B\u00e1sicamente, sirve como un valioso producto qu\u00edmico de investigaci\u00f3n para estudiar las complejas interacciones de los receptores de serotonina en el cerebro.<\/p>\n<h3>La estructura molecular del 5-MeO-MiPT<\/h3>\n<p>La estructura qu\u00edmica \u00fanica del 5-MeO-MiPT es caracter\u00edstica de sus propiedades triptamin\u00e9rgicas. Incluye un grupo metoxi en la posici\u00f3n 5 del anillo ind\u00f3lico, lo que influye en su afinidad por determinados receptores de serotonina. Por consiguiente, la sustancia es muy valiosa para el an\u00e1lisis preciso de las relaciones estructura-efecto en estudios farmac\u00e9uticos. Adem\u00e1s, esto permite a los investigadores formular hip\u00f3tesis espec\u00edficas sobre los mecanismos de acci\u00f3n psicod\u00e9licos.<\/p>\n<h3>Potencial de investigaci\u00f3n y \u00e1mbitos de aplicaci\u00f3n<\/h3>\n<p>El 5-MeO-MiPT se utiliza principalmente en estudios in vitro y en modelos animales para investigar los efectos de las sustancias psicod\u00e9licas en el sistema nervioso central. Por lo tanto, ofrece informaci\u00f3n importante sobre los mecanismos que influyen en la percepci\u00f3n, el estado de \u00e1nimo y la conciencia. Adem\u00e1s, es una herramienta indispensable para los estudios sobre las funciones de los neurotransmisores y el desarrollo de nuevos enfoques terap\u00e9uticos. \u00bfQui\u00e9n? <b>Comprar 5-MeO-MiPT online<\/b> quiere, encontrar\u00e1 en esta combinaci\u00f3n una herramienta de an\u00e1lisis vers\u00e1til.<\/p>\n<h2>\u00bfPor qu\u00e9 elegir 5-MeO-MiPT para sus estudios?<\/h2>\n<p>La elecci\u00f3n de los productos qu\u00edmicos de investigaci\u00f3n adecuados es fundamental para la validez y reproducibilidad de sus experimentos. Por lo tanto, es de suma importancia elegir productos que cumplan con los m\u00e1s altos est\u00e1ndares de pureza y calidad. Nuestro 5-MeO-MiPT est\u00e1 dise\u00f1ado para superar precisamente estos requisitos.<\/p>\n<h3>Est\u00e1ndares de calidad y garant\u00eda de pureza<\/h3>\n<p>Chemgramx se compromete a ofrecer una calidad sin concesiones. Cada lote <b>5-MeO-MiPT aut\u00e9ntico<\/b> se somete a rigurosas pruebas en laboratorios independientes y certificados. Como resultado, garantizamos una <b>Alta pureza a la venta<\/b>, que supera con creces los est\u00e1ndares del sector. Esto garantiza que pueda confiar en la integridad de sus resultados. De este modo, siempre obtendr\u00e1 <b>El mejor 5-MeO-MiPT disponible<\/b>, que satisface los requisitos de los estudios m\u00e1s exigentes.<\/p>\n<h3>El papel en los estudios neurol\u00f3gicos<\/h3>\n<p>La investigaci\u00f3n con 5-MeO-MiPT proporciona datos valiosos sobre las complejas v\u00edas cerebrales que intervienen en los estados mentales. Por ejemplo, los estudios pueden arrojar luz sobre su interacci\u00f3n con los receptores de serotonina 5HT2A, lo cual es fundamental para comprender trastornos como la depresi\u00f3n o la ansiedad. En consecuencia, los cient\u00edficos que <b>La calidad de la investigaci\u00f3n a la venta<\/b> buscan abrir nuevas perspectivas en la investigaci\u00f3n psicofarmacol\u00f3gica con el 5-MeO-MiPT. Esto, a su vez, podr\u00eda contribuir al desarrollo de estrategias terap\u00e9uticas innovadoras.<\/p>\n<h2>Compra de 5-MeO-MiPT en Chemgramx: tu socio de confianza<\/h2>\n<p>La adquisici\u00f3n de productos qu\u00edmicos especiales requiere un proveedor en el que pueda confiar plenamente. Chemgramx se ha consolidado como proveedor l\u00edder de productos qu\u00edmicos para investigaci\u00f3n y ofrece un suministro fluido y seguro. Somos su primera opci\u00f3n si necesita <b>Comprar 5-MeO-MiPT en Chemgramx<\/b> Adem\u00e1s, damos gran importancia a la discreci\u00f3n y a la gesti\u00f3n profesional.<\/p>\n<h3>Nuestro compromiso con la calidad y la satisfacci\u00f3n del cliente<\/h3>\n<p>Entendemos las altas exigencias de la investigaci\u00f3n cient\u00edfica. Por eso, nuestro objetivo no es solo suministrar productos qu\u00edmicos, sino tambi\u00e9n garantizar su plena satisfacci\u00f3n. Cada producto se trata con el m\u00e1ximo cuidado para garantizar su integridad hasta que llega a sus manos. En consecuencia, ofrecemos precios transparentes y un excelente servicio de atenci\u00f3n al cliente. Adem\u00e1s, nos esforzamos constantemente por ampliar nuestra gama de productos de alta calidad. <a href='https:\/\/chemgramx.com\/products\/research-chemicals'>Preparaciones para investigaci\u00f3n<\/a> ampliar, incluyendo productos como <a href='https:\/\/chemgramx.com\/product\/peruanisches-kokain-sicher-online-kaufen\/'>Coca\u00edna peruana<\/a> y <a href='https:\/\/chemgramx.com\/product\/4-ho-met-kaufen\/'>4-HO-MET<\/a>.<\/p>\n<h3>Aspectos legales y manejo seguro<\/h3>\n<p>La legalidad de los productos qu\u00edmicos para investigaci\u00f3n, como el 5-MeO-MiPT, var\u00eda considerablemente seg\u00fan la jurisdicci\u00f3n. Por este motivo, es imprescindible que los compradores se informen sobre la legislaci\u00f3n espec\u00edfica de su pa\u00eds antes de realizar un pedido. Chemgramx vende 5-MeO-MiPT exclusivamente para fines de investigaci\u00f3n cient\u00edfica y se asegura de que se cumplan todas las normativas aplicables. Adem\u00e1s, hacemos hincapi\u00e9 en la necesidad de almacenar y manipular estas sustancias de forma segura en un entorno de laboratorio controlado. Un <b>adquisici\u00f3n segura<\/b> En nuestra empresa, esto significa que todos los procesos se llevan a cabo con el m\u00e1ximo cuidado.<\/p>\n<h2>Instrucciones de uso y protocolos de seguridad<\/h2>\n<p>El uso correcto y el cumplimiento de estrictos protocolos de seguridad son de suma importancia cuando se manipulan productos qu\u00edmicos para investigaci\u00f3n. No solo es importante comprender las propiedades moleculares del 5-MeO-MiPT, sino tambi\u00e9n los riesgos potenciales asociados a su manipulaci\u00f3n. Por lo tanto, proporcionamos informaci\u00f3n y recomendaciones exhaustivas para que su investigaci\u00f3n sea segura y eficaz.<\/p>\n<h3>Investigaci\u00f3n responsable<\/h3>\n<p>Cada investigador es responsable de llevar a cabo sus estudios de forma \u00e9tica y segura. Esto incluye el uso de equipos de protecci\u00f3n adecuados, trabajar bajo una campana extractora y eliminar correctamente los residuos. Adem\u00e1s, siempre debe garantizarse el cumplimiento de las directrices nacionales e internacionales. Solo as\u00ed se puede preservar la integridad de la investigaci\u00f3n y proteger la seguridad de todos los participantes. \u00bfQui\u00e9n? <b>Comprar ahora online<\/b> debe tener en cuenta estos principios.<\/p>\n<h2>Conclusi\u00f3n y recomendaci\u00f3n<\/h2>\n<p>En resumen, se puede decir que el 5-MeO-MiPT es un reactivo indispensable para estudios neurol\u00f3gicos y psicofarmacol\u00f3gicos avanzados. Dada su acci\u00f3n precisa y la posibilidad de obtener informaci\u00f3n detallada sobre el sistema serotonin\u00e9rgico, es la opci\u00f3n preferida por cient\u00edficos de todo el mundo. Por lo tanto, recomendamos encarecidamente adquirir 5-MeO-MiPT de un proveedor de confianza como Chemgramx. Solo as\u00ed podr\u00e1 garantizar la m\u00e1xima calidad y pureza para su investigaci\u00f3n. Estamos siempre dispuestos a atender sus consultas y ayudarle en la adquisici\u00f3n de sus productos qu\u00edmicos para investigaci\u00f3n.<\/p>","protected":false},"excerpt":{"rendered":"<p>La 5-MeO-MiPT, tambi\u00e9n conocida como 5-metoxi-N-metil-N-isopropiltriptamina, es una sustancia qu\u00edmica de investigaci\u00f3n de la familia de las triptaminas. Se utiliza ampliamente en neurociencia y farmacolog\u00eda para estudiar las interacciones con los receptores de serotonina, en particular <strong>5-HT2A<\/strong>as\u00ed como los efectos sobre la percepci\u00f3n y la cognici\u00f3n.<\/p>","protected":false},"featured_media":7611,"comment_status":"open","ping_status":"closed","template":"","meta":{"_joinchat":[]},"product_brand":[],"product_cat":[96],"product_tag":[1719,1716,1726,1712,1725,1709,1710,1705,1702,1721,1723,1706,1717,1720,1704,1711,1722,1727,1703,1724,1707,1708,1718,1713,1715,1714],"class_list":{"0":"post-7603","1":"product","2":"type-product","3":"status-publish","4":"has-post-thumbnail","6":"product_cat-psychedelische-droge","7":"product_tag-5-meo-mipt-bestellen","8":"product_tag-5-meo-mipt-bulk-bestellung","9":"product_tag-5-meo-mipt-chemikalie","10":"product_tag-5-meo-mipt-experimente","11":"product_tag-5-meo-mipt-forschung","12":"product_tag-5-meo-mipt-forschung-chemikalie","13":"product_tag-5-meo-mipt-fur-neurowissenschaftliche-studien","14":"product_tag-5-meo-mipt-groshandel","15":"product_tag-5-meo-mipt-kaufen","16":"product_tag-5-meo-mipt-labor","17":"product_tag-5-meo-mipt-legal","18":"product_tag-5-meo-mipt-lieferant","19":"product_tag-5-meo-mipt-marktanalyse","20":"product_tag-5-meo-mipt-online","21":"product_tag-5-meo-mipt-online-bestellen","22":"product_tag-5-meo-mipt-pharmazeutische-forschung","23":"product_tag-5-meo-mipt-sicher","24":"product_tag-5-meo-mipt-versand","25":"product_tag-5-methoxy-n-methyl-n-isopropyltryptamin-bestellen","26":"product_tag-5meomipt-gunstig","27":"product_tag-forschung-chemikalien-5-meo-mipt","28":"product_tag-hochwertige-5-meo-mipt-kaufen","29":"product_tag-innovative-5-meo-mipt-forschung","30":"product_tag-laborqualitat-5-meo-mipt","31":"product_tag-legaler-5-meo-mipt-anbieter","32":"product_tag-sicherer-5-meo-mipt-versand","34":"first","35":"instock","36":"shipping-taxable","37":"purchasable","38":"product-type-variable"},"yoast_head":"<!-- This site is optimized with the Yoast SEO plugin v27.5 - https:\/\/yoast.com\/product\/yoast-seo-wordpress\/ -->\n<title>5-MeO-MiPT online kaufen \u2013 5-MeO-MiPT zu verkaufen<\/title>\n<meta name=\"description\" content=\"Sie k\u00f6nnen 5-Meo-Mipt online zu den besten Preisen in unserem Online-Shop kaufen. Wir haben g\u00fcnstiges und hochwertiges 5-Meo-Mipt zum Verkauf und liefern weltweit.\" \/>\n<meta name=\"robots\" content=\"index, follow, max-snippet:-1, max-image-preview:large, max-video-preview:-1\" \/>\n<link rel=\"canonical\" href=\"https:\/\/chemgramx.com\/es\/producto-1\/5-comprar-meo-mipt-en-linea\/\" \/>\n<meta property=\"og:locale\" content=\"es_ES\" \/>\n<meta property=\"og:type\" content=\"article\" \/>\n<meta property=\"og:title\" content=\"5-MeO-MiPT online kaufen \u2013 5-MeO-MiPT zu verkaufen\" \/>\n<meta property=\"og:description\" content=\"Sie k\u00f6nnen 5-Meo-Mipt online zu den besten Preisen in unserem Online-Shop kaufen. Wir haben g\u00fcnstiges und hochwertiges 5-Meo-Mipt zum Verkauf und liefern weltweit.\" \/>\n<meta property=\"og:url\" content=\"https:\/\/chemgramx.com\/es\/producto-1\/5-comprar-meo-mipt-en-linea\/\" \/>\n<meta property=\"og:site_name\" content=\"Chemgramx\" \/>\n<meta property=\"article:modified_time\" content=\"2025-12-10T06:52:52+00:00\" \/>\n<meta property=\"og:image\" content=\"https:\/\/chemgramx.com\/wp-content\/uploads\/2025\/11\/5-MeO-MiP.webp\" \/>\n\t<meta property=\"og:image:width\" content=\"1500\" \/>\n\t<meta property=\"og:image:height\" content=\"1125\" \/>\n\t<meta property=\"og:image:type\" content=\"image\/webp\" \/>\n<meta name=\"twitter:card\" content=\"summary_large_image\" \/>\n<meta name=\"twitter:label1\" content=\"Tiempo de lectura\" \/>\n\t<meta name=\"twitter:data1\" content=\"2 minutos\" \/>\n<script type=\"application\/ld+json\" class=\"yoast-schema-graph\">{\"@context\":\"https:\\\/\\\/schema.org\",\"@graph\":[{\"@type\":\"WebPage\",\"@id\":\"https:\\\/\\\/chemgramx.com\\\/product\\\/5-meo-mipt-online-kaufen\\\/\",\"url\":\"https:\\\/\\\/chemgramx.com\\\/product\\\/5-meo-mipt-online-kaufen\\\/\",\"name\":\"5-MeO-MiPT online kaufen \u2013 5-MeO-MiPT zu verkaufen\",\"isPartOf\":{\"@id\":\"https:\\\/\\\/chemgramx.com\\\/#website\"},\"primaryImageOfPage\":{\"@id\":\"https:\\\/\\\/chemgramx.com\\\/product\\\/5-meo-mipt-online-kaufen\\\/#primaryimage\"},\"image\":{\"@id\":\"https:\\\/\\\/chemgramx.com\\\/product\\\/5-meo-mipt-online-kaufen\\\/#primaryimage\"},\"thumbnailUrl\":\"https:\\\/\\\/chemgramx.com\\\/wp-content\\\/uploads\\\/2025\\\/11\\\/5-MeO-MiP.webp\",\"datePublished\":\"2025-11-21T11:18:51+00:00\",\"dateModified\":\"2025-12-10T06:52:52+00:00\",\"description\":\"Sie k\u00f6nnen 5-Meo-Mipt online zu den besten Preisen in unserem Online-Shop kaufen. Wir haben g\u00fcnstiges und hochwertiges 5-Meo-Mipt zum Verkauf und liefern weltweit.\",\"breadcrumb\":{\"@id\":\"https:\\\/\\\/chemgramx.com\\\/product\\\/5-meo-mipt-online-kaufen\\\/#breadcrumb\"},\"inLanguage\":\"es\",\"potentialAction\":[{\"@type\":\"ReadAction\",\"target\":[\"https:\\\/\\\/chemgramx.com\\\/product\\\/5-meo-mipt-online-kaufen\\\/\"]}]},{\"@type\":\"ImageObject\",\"inLanguage\":\"es\",\"@id\":\"https:\\\/\\\/chemgramx.com\\\/product\\\/5-meo-mipt-online-kaufen\\\/#primaryimage\",\"url\":\"https:\\\/\\\/chemgramx.com\\\/wp-content\\\/uploads\\\/2025\\\/11\\\/5-MeO-MiP.webp\",\"contentUrl\":\"https:\\\/\\\/chemgramx.com\\\/wp-content\\\/uploads\\\/2025\\\/11\\\/5-MeO-MiP.webp\",\"width\":1500,\"height\":1125},{\"@type\":\"BreadcrumbList\",\"@id\":\"https:\\\/\\\/chemgramx.com\\\/product\\\/5-meo-mipt-online-kaufen\\\/#breadcrumb\",\"itemListElement\":[{\"@type\":\"ListItem\",\"position\":1,\"name\":\"Home\",\"item\":\"https:\\\/\\\/chemgramx.com\\\/\"},{\"@type\":\"ListItem\",\"position\":2,\"name\":\"Shop\",\"item\":\"https:\\\/\\\/chemgramx.com\\\/shop\\\/\"},{\"@type\":\"ListItem\",\"position\":3,\"name\":\"5-MeO-MiPT Online Kaufen\"}]},{\"@type\":\"WebSite\",\"@id\":\"https:\\\/\\\/chemgramx.com\\\/#website\",\"url\":\"https:\\\/\\\/chemgramx.com\\\/\",\"name\":\"Chemgramx\",\"description\":\"\",\"publisher\":{\"@id\":\"https:\\\/\\\/chemgramx.com\\\/#organization\"},\"potentialAction\":[{\"@type\":\"SearchAction\",\"target\":{\"@type\":\"EntryPoint\",\"urlTemplate\":\"https:\\\/\\\/chemgramx.com\\\/?s={search_term_string}\"},\"query-input\":{\"@type\":\"PropertyValueSpecification\",\"valueRequired\":true,\"valueName\":\"search_term_string\"}}],\"inLanguage\":\"es\"},{\"@type\":\"Organization\",\"@id\":\"https:\\\/\\\/chemgramx.com\\\/#organization\",\"name\":\"Chemgramx\",\"url\":\"https:\\\/\\\/chemgramx.com\\\/\",\"logo\":{\"@type\":\"ImageObject\",\"inLanguage\":\"es\",\"@id\":\"https:\\\/\\\/chemgramx.com\\\/#\\\/schema\\\/logo\\\/image\\\/\",\"url\":\"https:\\\/\\\/chemgramx.com\\\/wp-content\\\/uploads\\\/2024\\\/10\\\/final-logo.png\",\"contentUrl\":\"https:\\\/\\\/chemgramx.com\\\/wp-content\\\/uploads\\\/2024\\\/10\\\/final-logo.png\",\"width\":250,\"height\":48,\"caption\":\"Chemgramx\"},\"image\":{\"@id\":\"https:\\\/\\\/chemgramx.com\\\/#\\\/schema\\\/logo\\\/image\\\/\"}}]}<\/script>\n<!-- \/ Yoast SEO plugin. -->","yoast_head_json":{"title":"Compre 5-MeO-MiPT en l\u00ednea \u2013 5-MeO-MiPT a la venta","description":"Puede comprar 5-Meo-Mipt en l\u00ednea a los mejores precios en nuestra tienda online. Tenemos 5-Meo-Mipt barato y de alta calidad a la venta y entregamos en todo el mundo.","robots":{"index":"index","follow":"follow","max-snippet":"max-snippet:-1","max-image-preview":"max-image-preview:large","max-video-preview":"max-video-preview:-1"},"canonical":"https:\/\/chemgramx.com\/es\/producto-1\/5-comprar-meo-mipt-en-linea\/","og_locale":"es_ES","og_type":"article","og_title":"5-MeO-MiPT online kaufen \u2013 5-MeO-MiPT zu verkaufen","og_description":"Sie k\u00f6nnen 5-Meo-Mipt online zu den besten Preisen in unserem Online-Shop kaufen. Wir haben g\u00fcnstiges und hochwertiges 5-Meo-Mipt zum Verkauf und liefern weltweit.","og_url":"https:\/\/chemgramx.com\/es\/producto-1\/5-comprar-meo-mipt-en-linea\/","og_site_name":"Chemgramx","article_modified_time":"2025-12-10T06:52:52+00:00","og_image":[{"width":1500,"height":1125,"url":"https:\/\/chemgramx.com\/wp-content\/uploads\/2025\/11\/5-MeO-MiP.webp","type":"image\/webp"}],"twitter_card":"summary_large_image","twitter_misc":{"Tiempo de lectura":"2 minutos"},"schema":{"@context":"https:\/\/schema.org","@graph":[{"@type":"WebPage","@id":"https:\/\/chemgramx.com\/product\/5-meo-mipt-online-kaufen\/","url":"https:\/\/chemgramx.com\/product\/5-meo-mipt-online-kaufen\/","name":"Compre 5-MeO-MiPT en l\u00ednea \u2013 5-MeO-MiPT a la venta","isPartOf":{"@id":"https:\/\/chemgramx.com\/#website"},"primaryImageOfPage":{"@id":"https:\/\/chemgramx.com\/product\/5-meo-mipt-online-kaufen\/#primaryimage"},"image":{"@id":"https:\/\/chemgramx.com\/product\/5-meo-mipt-online-kaufen\/#primaryimage"},"thumbnailUrl":"https:\/\/chemgramx.com\/wp-content\/uploads\/2025\/11\/5-MeO-MiP.webp","datePublished":"2025-11-21T11:18:51+00:00","dateModified":"2025-12-10T06:52:52+00:00","description":"Puede comprar 5-Meo-Mipt en l\u00ednea a los mejores precios en nuestra tienda online. Tenemos 5-Meo-Mipt barato y de alta calidad a la venta y entregamos en todo el mundo.","breadcrumb":{"@id":"https:\/\/chemgramx.com\/product\/5-meo-mipt-online-kaufen\/#breadcrumb"},"inLanguage":"es","potentialAction":[{"@type":"ReadAction","target":["https:\/\/chemgramx.com\/product\/5-meo-mipt-online-kaufen\/"]}]},{"@type":"ImageObject","inLanguage":"es","@id":"https:\/\/chemgramx.com\/product\/5-meo-mipt-online-kaufen\/#primaryimage","url":"https:\/\/chemgramx.com\/wp-content\/uploads\/2025\/11\/5-MeO-MiP.webp","contentUrl":"https:\/\/chemgramx.com\/wp-content\/uploads\/2025\/11\/5-MeO-MiP.webp","width":1500,"height":1125},{"@type":"BreadcrumbList","@id":"https:\/\/chemgramx.com\/product\/5-meo-mipt-online-kaufen\/#breadcrumb","itemListElement":[{"@type":"ListItem","position":1,"name":"Home","item":"https:\/\/chemgramx.com\/"},{"@type":"ListItem","position":2,"name":"Shop","item":"https:\/\/chemgramx.com\/shop\/"},{"@type":"ListItem","position":3,"name":"5-MeO-MiPT Online Kaufen"}]},{"@type":"WebSite","@id":"https:\/\/chemgramx.com\/#website","url":"https:\/\/chemgramx.com\/","name":"Chemgramx","description":"","publisher":{"@id":"https:\/\/chemgramx.com\/#organization"},"potentialAction":[{"@type":"SearchAction","target":{"@type":"EntryPoint","urlTemplate":"https:\/\/chemgramx.com\/?s={search_term_string}"},"query-input":{"@type":"PropertyValueSpecification","valueRequired":true,"valueName":"search_term_string"}}],"inLanguage":"es"},{"@type":"Organization","@id":"https:\/\/chemgramx.com\/#organization","name":"Chemgramx","url":"https:\/\/chemgramx.com\/","logo":{"@type":"ImageObject","inLanguage":"es","@id":"https:\/\/chemgramx.com\/#\/schema\/logo\/image\/","url":"https:\/\/chemgramx.com\/wp-content\/uploads\/2024\/10\/final-logo.png","contentUrl":"https:\/\/chemgramx.com\/wp-content\/uploads\/2024\/10\/final-logo.png","width":250,"height":48,"caption":"Chemgramx"},"image":{"@id":"https:\/\/chemgramx.com\/#\/schema\/logo\/image\/"}}]}},"_links":{"self":[{"href":"https:\/\/chemgramx.com\/es\/wp-json\/wp\/v2\/product\/7603","targetHints":{"allow":["GET"]}}],"collection":[{"href":"https:\/\/chemgramx.com\/es\/wp-json\/wp\/v2\/product"}],"about":[{"href":"https:\/\/chemgramx.com\/es\/wp-json\/wp\/v2\/types\/product"}],"replies":[{"embeddable":true,"href":"https:\/\/chemgramx.com\/es\/wp-json\/wp\/v2\/comments?post=7603"}],"wp:featuredmedia":[{"embeddable":true,"href":"https:\/\/chemgramx.com\/es\/wp-json\/wp\/v2\/media\/7611"}],"wp:attachment":[{"href":"https:\/\/chemgramx.com\/es\/wp-json\/wp\/v2\/media?parent=7603"}],"wp:term":[{"taxonomy":"product_brand","embeddable":true,"href":"https:\/\/chemgramx.com\/es\/wp-json\/wp\/v2\/product_brand?post=7603"},{"taxonomy":"product_cat","embeddable":true,"href":"https:\/\/chemgramx.com\/es\/wp-json\/wp\/v2\/product_cat?post=7603"},{"taxonomy":"product_tag","embeddable":true,"href":"https:\/\/chemgramx.com\/es\/wp-json\/wp\/v2\/product_tag?post=7603"}],"curies":[{"name":"wp","href":"https:\/\/api.w.org\/{rel}","templated":true}]}}