{"id":7605,"date":"2025-11-21T11:18:51","date_gmt":"2025-11-21T11:18:51","guid":{"rendered":"https:\/\/chemgramx.com\/?post_type=product&#038;p=7605"},"modified":"2025-11-21T11:20:08","modified_gmt":"2025-11-21T11:20:08","slug":"4-ho-met-4-hidroxi-n-metil-n-etiltriptamina-comprar-online","status":"publish","type":"product","link":"https:\/\/chemgramx.com\/es\/product\/4-ho-met-4-hydroxy-n-methyl-n-ethyltryptamin-online-kaufen\/","title":{"rendered":"4-HO-MET (4-Hidroxi-N-metil-N-etiltriptamina) Comprar Online"},"content":{"rendered":"<p data-start=\"246\" data-end=\"756\">\u00bfDesea comprar 4-HO-MET en l\u00ednea a un proveedor confiable? Chemgramx ofrece 4-HO-MET (4-hidroxi-N-metil-N-etiltriptamina) de alta pureza y probado en laboratorio para fines de investigaci\u00f3n. El 4-HO-MET es un compuesto qu\u00edmico de la familia de las triptaminas utilizado en estudios cient\u00edficos para investigar los efectos psicod\u00e9licos y la actividad de los neurotransmisores en el cerebro. <a href=\"https:\/\/chemgramx.com\/product\/4-ho-met\/\">Pedido 4-HO-MET<\/a>\u00a0Se beneficia de productos probados de la m\u00e1s alta pureza y calidad.<\/p>\n<h3 data-start=\"758\" data-end=\"780\">\u00bfQu\u00e9 es la 4-HO-MET?<\/h3>\n<p data-start=\"782\" data-end=\"1259\"><a href=\"https:\/\/en.wikipedia.org\/wiki\/4-HO-MET\">4-HO-MET<\/a> Es una triptamina psicod\u00e9lica estructuralmente relacionada con la psilocina (el ingrediente activo de los hongos alucin\u00f3genos). Se utiliza en investigaciones para analizar sus efectos sobre los receptores de serotonina, cruciales para la cognici\u00f3n y la regulaci\u00f3n del estado de \u00e1nimo. Muchos investigadores y usuarios que compran 4-HO-MET en l\u00ednea utilizan esta sustancia para explorar sus efectos psicoactivos, reacciones emocionales y cambios cognitivos.<\/p>\n<h3 data-start=\"1261\" data-end=\"1302\">\u00bfPor qu\u00e9 elegir 4-HO-MET para la investigaci\u00f3n?<\/h3>\n<p data-start=\"1304\" data-end=\"1718\">El 4-HO-MET es una sustancia valiosa para el estudio de los efectos psicod\u00e9licos y la modulaci\u00f3n de neurotransmisores. Los investigadores utilizan el 4-HO-MET en l\u00ednea para comprender c\u00f3mo los agonistas de los receptores de serotonina influyen en la percepci\u00f3n, la consciencia y las respuestas emocionales. Este compuesto es ideal para estudios que abordan los cambios en la percepci\u00f3n, la cognici\u00f3n y el procesamiento emocional.<\/p>\n<h3 data-start=\"1720\" data-end=\"1759\">4-HO-MET a la venta en Chemgramx<\/h3>\n<p data-start=\"1761\" data-end=\"2208\">En Chemgramx, ofrecemos 4-HO-MET de la m\u00e1s alta calidad para su investigaci\u00f3n. Nuestras rigurosas pruebas de laboratorio garantizan pureza y precisi\u00f3n, asegurando la fiabilidad y reproducibilidad de sus experimentos. Ya sea que investigue la actividad de los receptores de serotonina, las respuestas conductuales o las propiedades psicoactivas de las triptaminas, le ofrecemos pedidos en l\u00ednea verificados.<\/p>\n<h3 data-start=\"2210\" data-end=\"2260\">Ventajas de comprar 4-HO-MET a Chemgramx<\/h3>\n<ul data-start=\"2262\" data-end=\"2797\">\n<li data-start=\"2262\" data-end=\"2387\">\n<p data-start=\"2264\" data-end=\"2387\">Pruebas de laboratorio de pureza: Nuestra compra en l\u00ednea de 4-HO-MET se prueba exhaustivamente para garantizar los m\u00e1s altos est\u00e1ndares.<\/p>\n<\/li>\n<li data-start=\"2388\" data-end=\"2523\">\n<p data-start=\"2390\" data-end=\"2523\">Entrega r\u00e1pida y discreta: ofrecemos opciones de env\u00edo r\u00e1pidas y discretas para garantizar que su pedido llegue de forma segura.<\/p>\n<\/li>\n<li data-start=\"2524\" data-end=\"2675\">\n<p data-start=\"2526\" data-end=\"2675\">Perfecto para la investigaci\u00f3n: 4-HO-MET es ideal para estudios sobre la actividad del receptor de serotonina, los efectos psicod\u00e9licos y los cambios de comportamiento.<\/p>\n<\/li>\n<li data-start=\"2676\" data-end=\"2797\">\n<p data-start=\"2678\" data-end=\"2797\">Precios transparentes: Inf\u00f3rmate sobre los precios de 4-HO-MET y realiza tu pedido sin sorpresas.<\/p>\n<\/li>\n<\/ul>\n<h3 data-start=\"2799\" data-end=\"2844\">Estatus legal y entrega segura<\/h3>\n<p data-start=\"2846\" data-end=\"3095\">Consulte la legalidad del 4-HO-MET en su pa\u00eds. Chemgramx vende 4-HO-MET exclusivamente para fines de investigaci\u00f3n y cumple estrictamente con todas las normativas legales. Nuestros env\u00edos son discretos y seguros.<\/p>\n<h3 data-start=\"3097\" data-end=\"3144\">Ordene 4-HO-MET para investigaci\u00f3n hoy<\/h3>\n<p data-start=\"3146\" data-end=\"3442\">\u00bfListo para comenzar su investigaci\u00f3n con 4-HO-MET en l\u00ednea? Solicite 4-HO-MET en l\u00ednea a Chemgramx y benef\u00edciese de sustancias de investigaci\u00f3n de alta pureza y probadas en laboratorio. Chemgramx es su proveedor confiable de 4-HO-MET para la venta y otras sustancias de investigaci\u00f3n de alta calidad.<\/p>\n<p data-start=\"3449\" data-end=\"3549\">Chemgramx \u2013 Su proveedor de confianza de 4-HO-MET y sustancias de investigaci\u00f3n de alta calidad<\/p>","protected":false},"excerpt":{"rendered":"<p><strong>4-HO-MET (4-hidroxi-N-metil-N-etiltriptamina)<\/strong> es un derivado psicod\u00e9lico sint\u00e9tico de la triptamina que a menudo se considera un producto qu\u00edmico de investigaci\u00f3n. Ha ganado popularidad en la comunidad psicod\u00e9lica en los \u00faltimos a\u00f1os. Esta gu\u00eda ofrece una visi\u00f3n detallada de la 4-HO-MET, incluyendo su estructura qu\u00edmica, efectos, riesgos y estatus legal.<\/p>","protected":false},"featured_media":7642,"comment_status":"open","ping_status":"closed","template":"","meta":{"_joinchat":[]},"product_brand":[],"product_cat":[96],"product_tag":[605,578,592,584,1550,1547,593,1555,1543,581,1540,597,1541,596,579,582,585,1553,580,590,1548,1551,1537,1542,583,595,587,1552,586,594,588,1556,591,589,598,1536,1554,229,599,606,1538,188,251,1539,1549,1544,1546,607,187,601,602,1545,250,603,604,600],"class_list":{"0":"post-7605","1":"product","2":"type-product","3":"status-publish","4":"has-post-thumbnail","6":"product_cat-psychedelische-droge","7":"product_tag-4-aco-dmt","8":"product_tag-4-ho-met","9":"product_tag-4-ho-met-analyse","10":"product_tag-4-ho-met-anwendung","11":"product_tag-4-ho-met-bestellen","12":"product_tag-4-ho-met-bulk-bestellung","13":"product_tag-4-ho-met-chemie","14":"product_tag-4-ho-met-chemikalie","15":"product_tag-4-ho-met-experimente","16":"product_tag-4-ho-met-forschung","17":"product_tag-4-ho-met-forschung-chemikalie","18":"product_tag-4-ho-met-forschungslabor","19":"product_tag-4-ho-met-fur-neurowissenschaftliche-studien","20":"product_tag-4-ho-met-groshandel","21":"product_tag-4-ho-met-kaufen","22":"product_tag-4-ho-met-labor","23":"product_tag-4-ho-met-lagerung","24":"product_tag-4-ho-met-legal","25":"product_tag-4-ho-met-lieferant","26":"product_tag-4-ho-met-markt","27":"product_tag-4-ho-met-marktanalyse","28":"product_tag-4-ho-met-online","29":"product_tag-4-ho-met-online-bestellen","30":"product_tag-4-ho-met-pharmazeutische-forschung","31":"product_tag-4-ho-met-preis","32":"product_tag-4-ho-met-referenzmaterial","33":"product_tag-4-ho-met-risiken","34":"product_tag-4-ho-met-sicher","35":"product_tag-4-ho-met-sicherheit","36":"product_tag-4-ho-met-substanz","37":"product_tag-4-ho-met-verfugbarkeit","38":"product_tag-4-ho-met-versand","39":"product_tag-4-ho-met-vertrieb","40":"product_tag-4-ho-met-vorschriften","41":"product_tag-4-hydroxy-n-methyl-n-ethyltryptamin","42":"product_tag-4-hydroxy-n-methyl-n-ethyltryptamin-bestellen","43":"product_tag-4homet-gunstig","44":"product_tag-5-meo-dmt","45":"product_tag-chemische-formel-4-ho-met","46":"product_tag-dmt","47":"product_tag-forschung-chemikalien-4-ho-met","48":"product_tag-forschungschemikalien","49":"product_tag-gesundheitliche-risiken","50":"product_tag-hochwertige-4-ho-met-kaufen","51":"product_tag-innovative-4-ho-met-forschung","52":"product_tag-laborqualitat-4-ho-met","53":"product_tag-legaler-4-ho-met-anbieter","54":"product_tag-lsd","55":"product_tag-psychedelische-substanzen","56":"product_tag-rechtlicher-status-4-ho-met","57":"product_tag-risiken-4-ho-met","58":"product_tag-sicherer-4-ho-met-versand","59":"product_tag-suchtgefahr","60":"product_tag-synthetische-tryptamine","61":"product_tag-vergleich-zu-psilocin","62":"product_tag-wirkungen-von-4-ho-met","64":"first","65":"instock","66":"shipping-taxable","67":"purchasable","68":"product-type-variable"},"yoast_head":"<!-- This site is optimized with the Yoast SEO plugin v27.5 - https:\/\/yoast.com\/product\/yoast-seo-wordpress\/ -->\n<title>4-HO-MET zu verkaufen \u2013 4-HO-MET online kaufen | chemgramx<\/title>\n<meta name=\"description\" content=\"Sie k\u00f6nnen 4-HO-Met zu den besten Preisen in unserem Chemgramx-Onlineshop kaufen. Wir sind hier, um Ihnen zu helfen, 4-HO-Met online zu kaufen.\" \/>\n<meta name=\"robots\" content=\"index, follow, max-snippet:-1, max-image-preview:large, max-video-preview:-1\" \/>\n<link rel=\"canonical\" href=\"https:\/\/chemgramx.com\/es\/producto-1\/4-ho-met-4-hidroxi-n-metil-n-etiltriptamina-comprar-online\/\" \/>\n<meta property=\"og:locale\" content=\"es_ES\" \/>\n<meta property=\"og:type\" content=\"article\" \/>\n<meta property=\"og:title\" content=\"4-HO-MET zu verkaufen \u2013 4-HO-MET online kaufen | chemgramx\" \/>\n<meta property=\"og:description\" content=\"Sie k\u00f6nnen 4-HO-Met zu den besten Preisen in unserem Chemgramx-Onlineshop kaufen. Wir sind hier, um Ihnen zu helfen, 4-HO-Met online zu kaufen.\" \/>\n<meta property=\"og:url\" content=\"https:\/\/chemgramx.com\/es\/producto-1\/4-ho-met-4-hidroxi-n-metil-n-etiltriptamina-comprar-online\/\" \/>\n<meta property=\"og:site_name\" content=\"Chemgramx\" \/>\n<meta property=\"article:modified_time\" content=\"2025-11-21T11:20:08+00:00\" \/>\n<meta property=\"og:image\" content=\"https:\/\/chemgramx.com\/wp-content\/uploads\/2025\/11\/4-HO-MET-4-Hydroxy-N-methyl-N-ethyltryptamin.jpg\" \/>\n\t<meta property=\"og:image:width\" content=\"700\" \/>\n\t<meta property=\"og:image:height\" content=\"600\" \/>\n\t<meta property=\"og:image:type\" content=\"image\/jpeg\" \/>\n<meta name=\"twitter:card\" content=\"summary_large_image\" \/>\n<meta name=\"twitter:label1\" content=\"Tiempo de lectura\" \/>\n\t<meta name=\"twitter:data1\" content=\"2 minutos\" \/>\n<script type=\"application\/ld+json\" class=\"yoast-schema-graph\">{\"@context\":\"https:\\\/\\\/schema.org\",\"@graph\":[{\"@type\":\"WebPage\",\"@id\":\"https:\\\/\\\/chemgramx.com\\\/product\\\/4-ho-met-4-hydroxy-n-methyl-n-ethyltryptamin-online-kaufen\\\/\",\"url\":\"https:\\\/\\\/chemgramx.com\\\/product\\\/4-ho-met-4-hydroxy-n-methyl-n-ethyltryptamin-online-kaufen\\\/\",\"name\":\"4-HO-MET zu verkaufen \u2013 4-HO-MET online kaufen | chemgramx\",\"isPartOf\":{\"@id\":\"https:\\\/\\\/chemgramx.com\\\/#website\"},\"primaryImageOfPage\":{\"@id\":\"https:\\\/\\\/chemgramx.com\\\/product\\\/4-ho-met-4-hydroxy-n-methyl-n-ethyltryptamin-online-kaufen\\\/#primaryimage\"},\"image\":{\"@id\":\"https:\\\/\\\/chemgramx.com\\\/product\\\/4-ho-met-4-hydroxy-n-methyl-n-ethyltryptamin-online-kaufen\\\/#primaryimage\"},\"thumbnailUrl\":\"https:\\\/\\\/chemgramx.com\\\/wp-content\\\/uploads\\\/2025\\\/11\\\/4-HO-MET-4-Hydroxy-N-methyl-N-ethyltryptamin.jpg\",\"datePublished\":\"2025-11-21T11:18:51+00:00\",\"dateModified\":\"2025-11-21T11:20:08+00:00\",\"description\":\"Sie k\u00f6nnen 4-HO-Met zu den besten Preisen in unserem Chemgramx-Onlineshop kaufen. Wir sind hier, um Ihnen zu helfen, 4-HO-Met online zu kaufen.\",\"breadcrumb\":{\"@id\":\"https:\\\/\\\/chemgramx.com\\\/product\\\/4-ho-met-4-hydroxy-n-methyl-n-ethyltryptamin-online-kaufen\\\/#breadcrumb\"},\"inLanguage\":\"es\",\"potentialAction\":[{\"@type\":\"ReadAction\",\"target\":[\"https:\\\/\\\/chemgramx.com\\\/product\\\/4-ho-met-4-hydroxy-n-methyl-n-ethyltryptamin-online-kaufen\\\/\"]}]},{\"@type\":\"ImageObject\",\"inLanguage\":\"es\",\"@id\":\"https:\\\/\\\/chemgramx.com\\\/product\\\/4-ho-met-4-hydroxy-n-methyl-n-ethyltryptamin-online-kaufen\\\/#primaryimage\",\"url\":\"https:\\\/\\\/chemgramx.com\\\/wp-content\\\/uploads\\\/2025\\\/11\\\/4-HO-MET-4-Hydroxy-N-methyl-N-ethyltryptamin.jpg\",\"contentUrl\":\"https:\\\/\\\/chemgramx.com\\\/wp-content\\\/uploads\\\/2025\\\/11\\\/4-HO-MET-4-Hydroxy-N-methyl-N-ethyltryptamin.jpg\",\"width\":700,\"height\":600},{\"@type\":\"BreadcrumbList\",\"@id\":\"https:\\\/\\\/chemgramx.com\\\/product\\\/4-ho-met-4-hydroxy-n-methyl-n-ethyltryptamin-online-kaufen\\\/#breadcrumb\",\"itemListElement\":[{\"@type\":\"ListItem\",\"position\":1,\"name\":\"Home\",\"item\":\"https:\\\/\\\/chemgramx.com\\\/\"},{\"@type\":\"ListItem\",\"position\":2,\"name\":\"Shop\",\"item\":\"https:\\\/\\\/chemgramx.com\\\/shop\\\/\"},{\"@type\":\"ListItem\",\"position\":3,\"name\":\"4-HO-MET (4-Hydroxy-N-methyl-N-ethyltryptamin) Online Kaufen\"}]},{\"@type\":\"WebSite\",\"@id\":\"https:\\\/\\\/chemgramx.com\\\/#website\",\"url\":\"https:\\\/\\\/chemgramx.com\\\/\",\"name\":\"Chemgramx\",\"description\":\"\",\"publisher\":{\"@id\":\"https:\\\/\\\/chemgramx.com\\\/#organization\"},\"potentialAction\":[{\"@type\":\"SearchAction\",\"target\":{\"@type\":\"EntryPoint\",\"urlTemplate\":\"https:\\\/\\\/chemgramx.com\\\/?s={search_term_string}\"},\"query-input\":{\"@type\":\"PropertyValueSpecification\",\"valueRequired\":true,\"valueName\":\"search_term_string\"}}],\"inLanguage\":\"es\"},{\"@type\":\"Organization\",\"@id\":\"https:\\\/\\\/chemgramx.com\\\/#organization\",\"name\":\"Chemgramx\",\"url\":\"https:\\\/\\\/chemgramx.com\\\/\",\"logo\":{\"@type\":\"ImageObject\",\"inLanguage\":\"es\",\"@id\":\"https:\\\/\\\/chemgramx.com\\\/#\\\/schema\\\/logo\\\/image\\\/\",\"url\":\"https:\\\/\\\/chemgramx.com\\\/wp-content\\\/uploads\\\/2024\\\/10\\\/final-logo.png\",\"contentUrl\":\"https:\\\/\\\/chemgramx.com\\\/wp-content\\\/uploads\\\/2024\\\/10\\\/final-logo.png\",\"width\":250,\"height\":48,\"caption\":\"Chemgramx\"},\"image\":{\"@id\":\"https:\\\/\\\/chemgramx.com\\\/#\\\/schema\\\/logo\\\/image\\\/\"}}]}<\/script>\n<!-- \/ Yoast SEO plugin. -->","yoast_head_json":{"title":"4-HO-MET en venta \u2013 Comprar 4-HO-MET en l\u00ednea | chemgramx","description":"Puedes comprar 4-HO-Met a los mejores precios en nuestra tienda online Chemgramx. Estamos aqu\u00ed para ayudarte a comprar 4-HO-Met online.","robots":{"index":"index","follow":"follow","max-snippet":"max-snippet:-1","max-image-preview":"max-image-preview:large","max-video-preview":"max-video-preview:-1"},"canonical":"https:\/\/chemgramx.com\/es\/producto-1\/4-ho-met-4-hidroxi-n-metil-n-etiltriptamina-comprar-online\/","og_locale":"es_ES","og_type":"article","og_title":"4-HO-MET zu verkaufen \u2013 4-HO-MET online kaufen | chemgramx","og_description":"Sie k\u00f6nnen 4-HO-Met zu den besten Preisen in unserem Chemgramx-Onlineshop kaufen. Wir sind hier, um Ihnen zu helfen, 4-HO-Met online zu kaufen.","og_url":"https:\/\/chemgramx.com\/es\/producto-1\/4-ho-met-4-hidroxi-n-metil-n-etiltriptamina-comprar-online\/","og_site_name":"Chemgramx","article_modified_time":"2025-11-21T11:20:08+00:00","og_image":[{"width":700,"height":600,"url":"https:\/\/chemgramx.com\/wp-content\/uploads\/2025\/11\/4-HO-MET-4-Hydroxy-N-methyl-N-ethyltryptamin.jpg","type":"image\/jpeg"}],"twitter_card":"summary_large_image","twitter_misc":{"Tiempo de lectura":"2 minutos"},"schema":{"@context":"https:\/\/schema.org","@graph":[{"@type":"WebPage","@id":"https:\/\/chemgramx.com\/product\/4-ho-met-4-hydroxy-n-methyl-n-ethyltryptamin-online-kaufen\/","url":"https:\/\/chemgramx.com\/product\/4-ho-met-4-hydroxy-n-methyl-n-ethyltryptamin-online-kaufen\/","name":"4-HO-MET en venta \u2013 Comprar 4-HO-MET en l\u00ednea | chemgramx","isPartOf":{"@id":"https:\/\/chemgramx.com\/#website"},"primaryImageOfPage":{"@id":"https:\/\/chemgramx.com\/product\/4-ho-met-4-hydroxy-n-methyl-n-ethyltryptamin-online-kaufen\/#primaryimage"},"image":{"@id":"https:\/\/chemgramx.com\/product\/4-ho-met-4-hydroxy-n-methyl-n-ethyltryptamin-online-kaufen\/#primaryimage"},"thumbnailUrl":"https:\/\/chemgramx.com\/wp-content\/uploads\/2025\/11\/4-HO-MET-4-Hydroxy-N-methyl-N-ethyltryptamin.jpg","datePublished":"2025-11-21T11:18:51+00:00","dateModified":"2025-11-21T11:20:08+00:00","description":"Puedes comprar 4-HO-Met a los mejores precios en nuestra tienda online Chemgramx. Estamos aqu\u00ed para ayudarte a comprar 4-HO-Met online.","breadcrumb":{"@id":"https:\/\/chemgramx.com\/product\/4-ho-met-4-hydroxy-n-methyl-n-ethyltryptamin-online-kaufen\/#breadcrumb"},"inLanguage":"es","potentialAction":[{"@type":"ReadAction","target":["https:\/\/chemgramx.com\/product\/4-ho-met-4-hydroxy-n-methyl-n-ethyltryptamin-online-kaufen\/"]}]},{"@type":"ImageObject","inLanguage":"es","@id":"https:\/\/chemgramx.com\/product\/4-ho-met-4-hydroxy-n-methyl-n-ethyltryptamin-online-kaufen\/#primaryimage","url":"https:\/\/chemgramx.com\/wp-content\/uploads\/2025\/11\/4-HO-MET-4-Hydroxy-N-methyl-N-ethyltryptamin.jpg","contentUrl":"https:\/\/chemgramx.com\/wp-content\/uploads\/2025\/11\/4-HO-MET-4-Hydroxy-N-methyl-N-ethyltryptamin.jpg","width":700,"height":600},{"@type":"BreadcrumbList","@id":"https:\/\/chemgramx.com\/product\/4-ho-met-4-hydroxy-n-methyl-n-ethyltryptamin-online-kaufen\/#breadcrumb","itemListElement":[{"@type":"ListItem","position":1,"name":"Home","item":"https:\/\/chemgramx.com\/"},{"@type":"ListItem","position":2,"name":"Shop","item":"https:\/\/chemgramx.com\/shop\/"},{"@type":"ListItem","position":3,"name":"4-HO-MET (4-Hydroxy-N-methyl-N-ethyltryptamin) Online Kaufen"}]},{"@type":"WebSite","@id":"https:\/\/chemgramx.com\/#website","url":"https:\/\/chemgramx.com\/","name":"Chemgramx","description":"","publisher":{"@id":"https:\/\/chemgramx.com\/#organization"},"potentialAction":[{"@type":"SearchAction","target":{"@type":"EntryPoint","urlTemplate":"https:\/\/chemgramx.com\/?s={search_term_string}"},"query-input":{"@type":"PropertyValueSpecification","valueRequired":true,"valueName":"search_term_string"}}],"inLanguage":"es"},{"@type":"Organization","@id":"https:\/\/chemgramx.com\/#organization","name":"Chemgramx","url":"https:\/\/chemgramx.com\/","logo":{"@type":"ImageObject","inLanguage":"es","@id":"https:\/\/chemgramx.com\/#\/schema\/logo\/image\/","url":"https:\/\/chemgramx.com\/wp-content\/uploads\/2024\/10\/final-logo.png","contentUrl":"https:\/\/chemgramx.com\/wp-content\/uploads\/2024\/10\/final-logo.png","width":250,"height":48,"caption":"Chemgramx"},"image":{"@id":"https:\/\/chemgramx.com\/#\/schema\/logo\/image\/"}}]}},"_links":{"self":[{"href":"https:\/\/chemgramx.com\/es\/wp-json\/wp\/v2\/product\/7605","targetHints":{"allow":["GET"]}}],"collection":[{"href":"https:\/\/chemgramx.com\/es\/wp-json\/wp\/v2\/product"}],"about":[{"href":"https:\/\/chemgramx.com\/es\/wp-json\/wp\/v2\/types\/product"}],"replies":[{"embeddable":true,"href":"https:\/\/chemgramx.com\/es\/wp-json\/wp\/v2\/comments?post=7605"}],"wp:featuredmedia":[{"embeddable":true,"href":"https:\/\/chemgramx.com\/es\/wp-json\/wp\/v2\/media\/7642"}],"wp:attachment":[{"href":"https:\/\/chemgramx.com\/es\/wp-json\/wp\/v2\/media?parent=7605"}],"wp:term":[{"taxonomy":"product_brand","embeddable":true,"href":"https:\/\/chemgramx.com\/es\/wp-json\/wp\/v2\/product_brand?post=7605"},{"taxonomy":"product_cat","embeddable":true,"href":"https:\/\/chemgramx.com\/es\/wp-json\/wp\/v2\/product_cat?post=7605"},{"taxonomy":"product_tag","embeddable":true,"href":"https:\/\/chemgramx.com\/es\/wp-json\/wp\/v2\/product_tag?post=7605"}],"curies":[{"name":"wp","href":"https:\/\/api.w.org\/{rel}","templated":true}]}}