{"id":7613,"date":"2025-11-21T11:19:16","date_gmt":"2025-11-21T11:19:16","guid":{"rendered":"https:\/\/chemgramx.com\/?post_type=product&#038;p=7613"},"modified":"2025-11-21T11:20:09","modified_gmt":"2025-11-21T11:20:09","slug":"6-mapb-6-metil-2-aminopropilbenzofurano-comprar-online","status":"publish","type":"product","link":"https:\/\/chemgramx.com\/es\/product\/6-mapb-6-methyl-2-aminopropylbenzofuran-online-kaufen\/","title":{"rendered":"Comprar 6-MAPB (6-metil-2-aminopropilbenzofurano) en l\u00ednea"},"content":{"rendered":"<p data-start=\"294\" data-end=\"740\">\u00bfBusca una fuente confiable para comprar 6-MAPB en l\u00ednea de un proveedor de investigaci\u00f3n de confianza? Entonces ha llegado al lugar indicado. Chemgramx ofrece 6-MAPB altamente purificado y probado en laboratorio, destinado exclusivamente a fines de investigaci\u00f3n. Cada vez m\u00e1s investigadores eligen comprar 6-MAPB con nosotros. <a href=\"https:\/\/chemgramx.com\/product\/6-mapb-6-methyl-2-aminopropylbenzofuran\/\">Comprar 6-MAPB en l\u00ednea<\/a>Investigar los efectos de los estimulantes y entact\u00f3genos sobre los neurotransmisores, el estado de \u00e1nimo y el comportamiento.<\/p>\n<h3 data-start=\"742\" data-end=\"762\">\u00bfQu\u00e9 es el 6-MAPB?<\/h3>\n<p data-start=\"764\" data-end=\"1211\"><a href=\"https:\/\/en.wikipedia.org\/wiki\/6-MAPB\">6-MAPB<\/a> El 6-metil-2-aminopropilbenzofurano est\u00e1 estructuralmente relacionado con el MDMA y act\u00faa principalmente sobre los transportadores de serotonina, dopamina y noradrenalina. Debido a sus propiedades entactog\u00e9nicas y estimulantes, se utiliza con frecuencia en estudios para explorar estados emocionales, interacciones sociales y efectos cognitivos. Muchos cient\u00edficos solicitan 6-MAPB para comprender mejor los efectos de esta sustancia.<\/p>\n<h3 data-start=\"1213\" data-end=\"1256\">\u00bfPor qu\u00e9 elegir 6-MAPB para la investigaci\u00f3n?<\/h3>\n<p data-start=\"1258\" data-end=\"1598\">La investigaci\u00f3n con 6-MAPB proporciona informaci\u00f3n valiosa sobre el funcionamiento de los neurotransmisores y el papel de los estimulantes en la modulaci\u00f3n del estado de \u00e1nimo y el comportamiento. Tambi\u00e9n ayuda a investigar posibles aplicaciones terap\u00e9uticas. Quienes se pregunten d\u00f3nde comprar 6-MAPB encontrar\u00e1n un proveedor confiable y certificado en Chemgramx.<\/p>\n<h3 data-start=\"1600\" data-end=\"1634\">6-MAPB en venta en Chemgramx<\/h3>\n<p data-start=\"1636\" data-end=\"2016\">Chemgramx ofrece 6-MAPB altamente purificado y sometido a rigurosas pruebas. Cada lote se somete a exhaustivas pruebas de calidad y pureza para garantizar la fiabilidad de los resultados de investigaci\u00f3n. Tanto si su investigaci\u00f3n se centra en neurotransmisores, efectos psicoactivos o an\u00e1lisis de comportamiento, Chemgramx le proporciona el reactivo qu\u00edmico adecuado.<\/p>\n<h3 data-start=\"2018\" data-end=\"2067\">Ventajas de comprar 6-MAPB en Chemgramx<\/h3>\n<ul data-start=\"2068\" data-end=\"2327\">\n<li data-start=\"2068\" data-end=\"2152\">\n<p data-start=\"2070\" data-end=\"2152\">Pruebas de laboratorio de pureza: Calidad garantizada para estudios cient\u00edficos.<\/p>\n<\/li>\n<li data-start=\"2153\" data-end=\"2222\">\n<p data-start=\"2155\" data-end=\"2222\">Entrega discreta: Entrega r\u00e1pida y segura en todo el mundo.<\/p>\n<\/li>\n<li data-start=\"2223\" data-end=\"2327\">\n<p data-start=\"2225\" data-end=\"2327\">Investigaci\u00f3n confiable: ideal para estudios sobre el estado de \u00e1nimo, el comportamiento y la actividad de los neurotransmisores.<\/p>\n<\/li>\n<\/ul>\n<h3 data-start=\"2329\" data-end=\"2374\">Estatus legal y entrega segura<\/h3>\n<p data-start=\"2376\" data-end=\"2695\">Antes de comprar 6-MAPB en l\u00ednea, debe comprobar los requisitos legales de su pa\u00eds. Chemgramx vende 6-MAPB \u00fanicamente con fines de investigaci\u00f3n y cumple estrictamente todas las normativas. Gracias a la entrega discreta, puede estar seguro de que su pedido llegar\u00e1 de forma confidencial y segura.<\/p>\n<h3 data-start=\"2697\" data-end=\"2733\">6-MAPB Price und Bestellprozess<\/h3>\n<p data-start=\"2735\" data-end=\"2982\">Ofrecemos precios justos y transparentes para 6-MAPB, lo que le permite realizar su pedido de forma flexible seg\u00fan sus necesidades de investigaci\u00f3n. El proceso de compra es sencillo, r\u00e1pido y seguro: ideal para quienes buscan el mejor lugar para comprar 6-MAPB en l\u00ednea.<\/p>\n<h3 data-start=\"2984\" data-end=\"3026\">Conclusi\u00f3n: \u00a1Compre 6-MAPB en l\u00ednea ahora!<\/h3>\n<p data-start=\"3028\" data-end=\"3346\">Si buscas apoyar un laboratorio o proyecto de investigaci\u00f3n de prestigio, Chemgramx es tu socio ideal. Explora nuestra selecci\u00f3n ahora y pide 6-MAPB c\u00f3modamente en l\u00ednea. Con calidad garantizada, env\u00edo discreto y precios justos, Chemgramx es la mejor opci\u00f3n para comprar 6-MAPB en l\u00ednea.<\/p>\n<p data-start=\"3348\" data-end=\"3481\">Haga su pedido hoy mismo y benef\u00edciese de nuestro servicio seguro: compre 6-MAPB en l\u00ednea a un proveedor de confianza.<\/p>","protected":false},"excerpt":{"rendered":"<div class=\"group\/conversation-turn relative flex w-full min-w-0 flex-col agent-turn\">\n<div class=\"flex-col gap-1 md:gap-3\">\n<div class=\"flex max-w-full flex-col flex-grow\">\n<div class=\"min-h-8 text-message flex w-full flex-col items-end gap-2 whitespace-normal break-words [.text-message+&amp;]:mt-5\" dir=\"auto\" data-message-author-role=\"assistant\" data-message-id=\"62779292-48b5-4968-bc2b-acb51772039b\" data-message-model-slug=\"gpt-4o-mini\">\n<div class=\"flex w-full flex-col gap-1 empty:hidden first:pt-[3px]\">\n<div class=\"markdown prose w-full break-words dark:prose-invert light\">\n<p><strong>6-MAPB<\/strong> ist eine psychoaktive Substanz, die zur Klasse der empathogenen und stimulierenden Verbindungen geh\u00f6rt. \u00c4hnlich wie andere Verbindungen in dieser Klasse wird sie h\u00e4ufig f\u00fcr ihre positiven Wirkungen auf das Wohlbefinden und die soziale Interaktion untersucht.<\/p>\n<div class=\"group\/conversation-turn relative flex w-full min-w-0 flex-col agent-turn\">\n<div class=\"flex-col gap-1 md:gap-3\">\n<div class=\"flex max-w-full flex-col flex-grow\">\n<div class=\"min-h-8 text-message flex w-full flex-col items-end gap-2 whitespace-normal break-words [.text-message+&amp;]:mt-5\" dir=\"auto\" data-message-author-role=\"assistant\" data-message-id=\"62779292-48b5-4968-bc2b-acb51772039b\" data-message-model-slug=\"gpt-4o-mini\">\n<div class=\"flex w-full flex-col gap-1 empty:hidden first:pt-[3px]\">\n<div class=\"markdown prose w-full break-words dark:prose-invert light\">\n<ul>\n<li><strong>CAS Number:<\/strong> <strong>145204-55-7<\/strong><\/li>\n<li><strong>Chemical Formula:<\/strong> <strong>C12H15N<\/strong><\/li>\n<\/ul>\n<\/div>\n<\/div>\n<\/div>\n<\/div>\n<\/div>\n<\/div>\n<\/div>\n<\/div>\n<\/div>\n<\/div>\n<\/div>\n<\/div>\n","protected":false},"featured_media":7643,"comment_status":"open","ping_status":"closed","template":"","meta":{"_joinchat":[]},"product_brand":[],"product_cat":[96],"product_tag":[2392,2697,2387,2696,2393,2390,2692,2694,2693,2695],"class_list":{"0":"post-7613","1":"product","2":"type-product","3":"status-publish","4":"has-post-thumbnail","6":"product_cat-psychedelische-droge","7":"product_tag-6-mapb-chemikalien","8":"product_tag-6-mapb-drogen","9":"product_tag-6-mapb-kaufen","10":"product_tag-6-mapb-kaufen-deutschland","11":"product_tag-6-mapb-kaufen-online","12":"product_tag-6-mapb-kristalle","13":"product_tag-6-mapb-online-kaufen","14":"product_tag-6-mapb-preis","15":"product_tag-6-mapb-prodej","16":"product_tag-6-methyl-2-aminopropylbenzofuran","18":"first","19":"instock","20":"shipping-taxable","21":"purchasable","22":"product-type-variable"},"yoast_head":"<!-- This site is optimized with the Yoast SEO plugin v27.5 - https:\/\/yoast.com\/product\/yoast-seo-wordpress\/ -->\n<title>6-MAPB (6-Methyl-2-Aminopropylbenzofuran) online kaufen<\/title>\n<meta name=\"description\" content=\"Sie m\u00f6chten 6-MAPB (6-Methyl-2-Aminopropylbenzofuran) online zu einem vern\u00fcnftigen Preis kaufen? Besuchen Sie unseren renommierten Chemgramx-Onlineshop und holen Sie sich noch heute 6-mapb zu verkaufen. Jetzt bestellen!\" \/>\n<meta name=\"robots\" content=\"index, follow, max-snippet:-1, max-image-preview:large, max-video-preview:-1\" \/>\n<link rel=\"canonical\" href=\"https:\/\/chemgramx.com\/es\/producto-1\/6-mapb-6-metil-2-aminopropilbenzofurano-comprar-online\/\" \/>\n<meta property=\"og:locale\" content=\"es_ES\" \/>\n<meta property=\"og:type\" content=\"article\" \/>\n<meta property=\"og:title\" content=\"6-MAPB (6-Methyl-2-Aminopropylbenzofuran) online kaufen\" \/>\n<meta property=\"og:description\" content=\"Sie m\u00f6chten 6-MAPB (6-Methyl-2-Aminopropylbenzofuran) online zu einem vern\u00fcnftigen Preis kaufen? Besuchen Sie unseren renommierten Chemgramx-Onlineshop und holen Sie sich noch heute 6-mapb zu verkaufen. Jetzt bestellen!\" \/>\n<meta property=\"og:url\" content=\"https:\/\/chemgramx.com\/es\/producto-1\/6-mapb-6-metil-2-aminopropilbenzofurano-comprar-online\/\" \/>\n<meta property=\"og:site_name\" content=\"Chemgramx\" \/>\n<meta property=\"article:modified_time\" content=\"2025-11-21T11:20:09+00:00\" \/>\n<meta property=\"og:image\" content=\"https:\/\/chemgramx.com\/wp-content\/uploads\/2025\/11\/6-MAPB-Online-Kaufen.jpeg\" \/>\n\t<meta property=\"og:image:width\" content=\"800\" \/>\n\t<meta property=\"og:image:height\" content=\"600\" \/>\n\t<meta property=\"og:image:type\" content=\"image\/jpeg\" \/>\n<meta name=\"twitter:card\" content=\"summary_large_image\" \/>\n<meta name=\"twitter:label1\" content=\"Tiempo de lectura\" \/>\n\t<meta name=\"twitter:data1\" content=\"2 minutos\" \/>\n<script type=\"application\/ld+json\" class=\"yoast-schema-graph\">{\"@context\":\"https:\\\/\\\/schema.org\",\"@graph\":[{\"@type\":\"WebPage\",\"@id\":\"https:\\\/\\\/chemgramx.com\\\/product\\\/6-mapb-6-methyl-2-aminopropylbenzofuran-online-kaufen\\\/\",\"url\":\"https:\\\/\\\/chemgramx.com\\\/product\\\/6-mapb-6-methyl-2-aminopropylbenzofuran-online-kaufen\\\/\",\"name\":\"6-MAPB (6-Methyl-2-Aminopropylbenzofuran) online kaufen\",\"isPartOf\":{\"@id\":\"https:\\\/\\\/chemgramx.com\\\/#website\"},\"primaryImageOfPage\":{\"@id\":\"https:\\\/\\\/chemgramx.com\\\/product\\\/6-mapb-6-methyl-2-aminopropylbenzofuran-online-kaufen\\\/#primaryimage\"},\"image\":{\"@id\":\"https:\\\/\\\/chemgramx.com\\\/product\\\/6-mapb-6-methyl-2-aminopropylbenzofuran-online-kaufen\\\/#primaryimage\"},\"thumbnailUrl\":\"https:\\\/\\\/chemgramx.com\\\/wp-content\\\/uploads\\\/2025\\\/11\\\/6-MAPB-Online-Kaufen.jpeg\",\"datePublished\":\"2025-11-21T11:19:16+00:00\",\"dateModified\":\"2025-11-21T11:20:09+00:00\",\"description\":\"Sie m\u00f6chten 6-MAPB (6-Methyl-2-Aminopropylbenzofuran) online zu einem vern\u00fcnftigen Preis kaufen? Besuchen Sie unseren renommierten Chemgramx-Onlineshop und holen Sie sich noch heute 6-mapb zu verkaufen. Jetzt bestellen!\",\"breadcrumb\":{\"@id\":\"https:\\\/\\\/chemgramx.com\\\/product\\\/6-mapb-6-methyl-2-aminopropylbenzofuran-online-kaufen\\\/#breadcrumb\"},\"inLanguage\":\"es\",\"potentialAction\":[{\"@type\":\"ReadAction\",\"target\":[\"https:\\\/\\\/chemgramx.com\\\/product\\\/6-mapb-6-methyl-2-aminopropylbenzofuran-online-kaufen\\\/\"]}]},{\"@type\":\"ImageObject\",\"inLanguage\":\"es\",\"@id\":\"https:\\\/\\\/chemgramx.com\\\/product\\\/6-mapb-6-methyl-2-aminopropylbenzofuran-online-kaufen\\\/#primaryimage\",\"url\":\"https:\\\/\\\/chemgramx.com\\\/wp-content\\\/uploads\\\/2025\\\/11\\\/6-MAPB-Online-Kaufen.jpeg\",\"contentUrl\":\"https:\\\/\\\/chemgramx.com\\\/wp-content\\\/uploads\\\/2025\\\/11\\\/6-MAPB-Online-Kaufen.jpeg\",\"width\":800,\"height\":600},{\"@type\":\"BreadcrumbList\",\"@id\":\"https:\\\/\\\/chemgramx.com\\\/product\\\/6-mapb-6-methyl-2-aminopropylbenzofuran-online-kaufen\\\/#breadcrumb\",\"itemListElement\":[{\"@type\":\"ListItem\",\"position\":1,\"name\":\"Home\",\"item\":\"https:\\\/\\\/chemgramx.com\\\/\"},{\"@type\":\"ListItem\",\"position\":2,\"name\":\"Shop\",\"item\":\"https:\\\/\\\/chemgramx.com\\\/shop\\\/\"},{\"@type\":\"ListItem\",\"position\":3,\"name\":\"6-MAPB (6-Methyl-2-Aminopropylbenzofuran) online kaufen\"}]},{\"@type\":\"WebSite\",\"@id\":\"https:\\\/\\\/chemgramx.com\\\/#website\",\"url\":\"https:\\\/\\\/chemgramx.com\\\/\",\"name\":\"Chemgramx\",\"description\":\"\",\"publisher\":{\"@id\":\"https:\\\/\\\/chemgramx.com\\\/#organization\"},\"potentialAction\":[{\"@type\":\"SearchAction\",\"target\":{\"@type\":\"EntryPoint\",\"urlTemplate\":\"https:\\\/\\\/chemgramx.com\\\/?s={search_term_string}\"},\"query-input\":{\"@type\":\"PropertyValueSpecification\",\"valueRequired\":true,\"valueName\":\"search_term_string\"}}],\"inLanguage\":\"es\"},{\"@type\":\"Organization\",\"@id\":\"https:\\\/\\\/chemgramx.com\\\/#organization\",\"name\":\"Chemgramx\",\"url\":\"https:\\\/\\\/chemgramx.com\\\/\",\"logo\":{\"@type\":\"ImageObject\",\"inLanguage\":\"es\",\"@id\":\"https:\\\/\\\/chemgramx.com\\\/#\\\/schema\\\/logo\\\/image\\\/\",\"url\":\"https:\\\/\\\/chemgramx.com\\\/wp-content\\\/uploads\\\/2024\\\/10\\\/final-logo.png\",\"contentUrl\":\"https:\\\/\\\/chemgramx.com\\\/wp-content\\\/uploads\\\/2024\\\/10\\\/final-logo.png\",\"width\":250,\"height\":48,\"caption\":\"Chemgramx\"},\"image\":{\"@id\":\"https:\\\/\\\/chemgramx.com\\\/#\\\/schema\\\/logo\\\/image\\\/\"}}]}<\/script>\n<!-- \/ Yoast SEO plugin. -->","yoast_head_json":{"title":"Comprar 6-MAPB (6-metil-2-aminopropilbenzofurano) en l\u00ednea","description":"\u00bfBuscas comprar 6-MAPB (6-metil-2-aminopropilbenzofurano) en l\u00ednea a un precio razonable? Visita nuestra reconocida tienda en l\u00ednea Chemgramx y consigue 6-MAPB hoy mismo. \u00a1P\u00eddelo ya!","robots":{"index":"index","follow":"follow","max-snippet":"max-snippet:-1","max-image-preview":"max-image-preview:large","max-video-preview":"max-video-preview:-1"},"canonical":"https:\/\/chemgramx.com\/es\/producto-1\/6-mapb-6-metil-2-aminopropilbenzofurano-comprar-online\/","og_locale":"es_ES","og_type":"article","og_title":"6-MAPB (6-Methyl-2-Aminopropylbenzofuran) online kaufen","og_description":"Sie m\u00f6chten 6-MAPB (6-Methyl-2-Aminopropylbenzofuran) online zu einem vern\u00fcnftigen Preis kaufen? Besuchen Sie unseren renommierten Chemgramx-Onlineshop und holen Sie sich noch heute 6-mapb zu verkaufen. Jetzt bestellen!","og_url":"https:\/\/chemgramx.com\/es\/producto-1\/6-mapb-6-metil-2-aminopropilbenzofurano-comprar-online\/","og_site_name":"Chemgramx","article_modified_time":"2025-11-21T11:20:09+00:00","og_image":[{"width":800,"height":600,"url":"https:\/\/chemgramx.com\/wp-content\/uploads\/2025\/11\/6-MAPB-Online-Kaufen.jpeg","type":"image\/jpeg"}],"twitter_card":"summary_large_image","twitter_misc":{"Tiempo de lectura":"2 minutos"},"schema":{"@context":"https:\/\/schema.org","@graph":[{"@type":"WebPage","@id":"https:\/\/chemgramx.com\/product\/6-mapb-6-methyl-2-aminopropylbenzofuran-online-kaufen\/","url":"https:\/\/chemgramx.com\/product\/6-mapb-6-methyl-2-aminopropylbenzofuran-online-kaufen\/","name":"Comprar 6-MAPB (6-metil-2-aminopropilbenzofurano) en l\u00ednea","isPartOf":{"@id":"https:\/\/chemgramx.com\/#website"},"primaryImageOfPage":{"@id":"https:\/\/chemgramx.com\/product\/6-mapb-6-methyl-2-aminopropylbenzofuran-online-kaufen\/#primaryimage"},"image":{"@id":"https:\/\/chemgramx.com\/product\/6-mapb-6-methyl-2-aminopropylbenzofuran-online-kaufen\/#primaryimage"},"thumbnailUrl":"https:\/\/chemgramx.com\/wp-content\/uploads\/2025\/11\/6-MAPB-Online-Kaufen.jpeg","datePublished":"2025-11-21T11:19:16+00:00","dateModified":"2025-11-21T11:20:09+00:00","description":"\u00bfBuscas comprar 6-MAPB (6-metil-2-aminopropilbenzofurano) en l\u00ednea a un precio razonable? Visita nuestra reconocida tienda en l\u00ednea Chemgramx y consigue 6-MAPB hoy mismo. \u00a1P\u00eddelo ya!","breadcrumb":{"@id":"https:\/\/chemgramx.com\/product\/6-mapb-6-methyl-2-aminopropylbenzofuran-online-kaufen\/#breadcrumb"},"inLanguage":"es","potentialAction":[{"@type":"ReadAction","target":["https:\/\/chemgramx.com\/product\/6-mapb-6-methyl-2-aminopropylbenzofuran-online-kaufen\/"]}]},{"@type":"ImageObject","inLanguage":"es","@id":"https:\/\/chemgramx.com\/product\/6-mapb-6-methyl-2-aminopropylbenzofuran-online-kaufen\/#primaryimage","url":"https:\/\/chemgramx.com\/wp-content\/uploads\/2025\/11\/6-MAPB-Online-Kaufen.jpeg","contentUrl":"https:\/\/chemgramx.com\/wp-content\/uploads\/2025\/11\/6-MAPB-Online-Kaufen.jpeg","width":800,"height":600},{"@type":"BreadcrumbList","@id":"https:\/\/chemgramx.com\/product\/6-mapb-6-methyl-2-aminopropylbenzofuran-online-kaufen\/#breadcrumb","itemListElement":[{"@type":"ListItem","position":1,"name":"Home","item":"https:\/\/chemgramx.com\/"},{"@type":"ListItem","position":2,"name":"Shop","item":"https:\/\/chemgramx.com\/shop\/"},{"@type":"ListItem","position":3,"name":"6-MAPB (6-Methyl-2-Aminopropylbenzofuran) online kaufen"}]},{"@type":"WebSite","@id":"https:\/\/chemgramx.com\/#website","url":"https:\/\/chemgramx.com\/","name":"Chemgramx","description":"","publisher":{"@id":"https:\/\/chemgramx.com\/#organization"},"potentialAction":[{"@type":"SearchAction","target":{"@type":"EntryPoint","urlTemplate":"https:\/\/chemgramx.com\/?s={search_term_string}"},"query-input":{"@type":"PropertyValueSpecification","valueRequired":true,"valueName":"search_term_string"}}],"inLanguage":"es"},{"@type":"Organization","@id":"https:\/\/chemgramx.com\/#organization","name":"Chemgramx","url":"https:\/\/chemgramx.com\/","logo":{"@type":"ImageObject","inLanguage":"es","@id":"https:\/\/chemgramx.com\/#\/schema\/logo\/image\/","url":"https:\/\/chemgramx.com\/wp-content\/uploads\/2024\/10\/final-logo.png","contentUrl":"https:\/\/chemgramx.com\/wp-content\/uploads\/2024\/10\/final-logo.png","width":250,"height":48,"caption":"Chemgramx"},"image":{"@id":"https:\/\/chemgramx.com\/#\/schema\/logo\/image\/"}}]}},"_links":{"self":[{"href":"https:\/\/chemgramx.com\/es\/wp-json\/wp\/v2\/product\/7613","targetHints":{"allow":["GET"]}}],"collection":[{"href":"https:\/\/chemgramx.com\/es\/wp-json\/wp\/v2\/product"}],"about":[{"href":"https:\/\/chemgramx.com\/es\/wp-json\/wp\/v2\/types\/product"}],"replies":[{"embeddable":true,"href":"https:\/\/chemgramx.com\/es\/wp-json\/wp\/v2\/comments?post=7613"}],"wp:featuredmedia":[{"embeddable":true,"href":"https:\/\/chemgramx.com\/es\/wp-json\/wp\/v2\/media\/7643"}],"wp:attachment":[{"href":"https:\/\/chemgramx.com\/es\/wp-json\/wp\/v2\/media?parent=7613"}],"wp:term":[{"taxonomy":"product_brand","embeddable":true,"href":"https:\/\/chemgramx.com\/es\/wp-json\/wp\/v2\/product_brand?post=7613"},{"taxonomy":"product_cat","embeddable":true,"href":"https:\/\/chemgramx.com\/es\/wp-json\/wp\/v2\/product_cat?post=7613"},{"taxonomy":"product_tag","embeddable":true,"href":"https:\/\/chemgramx.com\/es\/wp-json\/wp\/v2\/product_tag?post=7613"}],"curies":[{"name":"wp","href":"https:\/\/api.w.org\/{rel}","templated":true}]}}