{"id":7614,"date":"2025-11-21T11:19:16","date_gmt":"2025-11-21T11:19:16","guid":{"rendered":"https:\/\/chemgramx.com\/?post_type=product&#038;p=7614"},"modified":"2025-11-21T11:20:22","modified_gmt":"2025-11-21T11:20:22","slug":"comprar-allylescaline-online","status":"publish","type":"product","link":"https:\/\/chemgramx.com\/es\/product\/allylescaline-online-kaufen\/","title":{"rendered":"Comprar Allylescaline online"},"content":{"rendered":"<p data-start=\"292\" data-end=\"649\">Busca una posibilidad, <a href=\"https:\/\/chemgramx.com\/product\/allylescaline\/\">Comprar Allilescalin en l\u00ednea<\/a> \u00bfBusca una fuente confiable para su investigaci\u00f3n? En Chemgramx, puede adquirir alilescalina de la m\u00e1s alta calidad para fines de investigaci\u00f3n. Ofrecemos alilescalina a la venta, rigurosamente probada y verificada en laboratorio para cumplir con los m\u00e1s altos est\u00e1ndares de pureza y confiabilidad.<\/p>\n<h2 data-start=\"651\" data-end=\"678\">\u00bfQu\u00e9 es la alilocalina?<\/h2>\n<p data-start=\"680\" data-end=\"1160\"><a href=\"https:\/\/en.wikipedia.org\/wiki\/Allylescaline\">Alilocalina<\/a> Es una fenetilamina psicod\u00e9lica estructuralmente relacionada con la mescalina. Se utiliza en investigaciones para estudiar los efectos de las sustancias psicod\u00e9licas en el sistema nervioso central y la actividad de los neurotransmisores. Los investigadores que compran alilescalina en l\u00ednea la utilizan principalmente para analizar los receptores de serotonina y su funci\u00f3n en la consciencia, la percepci\u00f3n y el procesamiento emocional.<\/p>\n<h3 data-start=\"1162\" data-end=\"1208\">\u00bfPor qu\u00e9 elegir Allylescaline para la investigaci\u00f3n?<\/h3>\n<p data-start=\"1210\" data-end=\"1394\">La demanda de alilescalina en l\u00ednea est\u00e1 creciendo, ya que esta sustancia ofrece informaci\u00f3n valiosa sobre los efectos de los compuestos psicod\u00e9licos. Los investigadores valoran la alilescalina por:<\/p>\n<ul data-start=\"1396\" data-end=\"1591\">\n<li data-start=\"1396\" data-end=\"1460\">\n<p data-start=\"1398\" data-end=\"1460\">para analizar el efecto de los agonistas del receptor de serotonina,<\/p>\n<\/li>\n<li data-start=\"1461\" data-end=\"1528\">\n<p data-start=\"1463\" data-end=\"1528\">para explorar los cambios en la percepci\u00f3n y la conciencia,<\/p>\n<\/li>\n<\/ul>\n<p data-start=\"1593\" data-end=\"1741\">Para muchos cient\u00edficos, Chemgramx es el mejor lugar para comprar Allylescaline en l\u00ednea porque garantizamos la m\u00e1xima pureza y calidad probada.<\/p>\n<h2 data-start=\"1743\" data-end=\"1787\">Allylescaline a la venta en Chemgramx<\/h2>\n<p data-start=\"1789\" data-end=\"2124\">Ofrecemos alilescalina a la venta, validada mediante rigurosas pruebas de laboratorio. Nuestro producto cumple con los m\u00e1s altos est\u00e1ndares y es la opci\u00f3n ideal para cualquier estudio de investigaci\u00f3n. Tanto si investiga los efectos psicod\u00e9licos como la modulaci\u00f3n de neurotransmisores, nuestra alilescalina es la soluci\u00f3n adecuada.<\/p>\n<h2 data-start=\"2126\" data-end=\"2165\">Ventajas de comprar en Chemgramx:<\/h2>\n<ul data-start=\"2167\" data-end=\"2425\">\n<li data-start=\"2167\" data-end=\"2244\">\n<p data-start=\"2169\" data-end=\"2244\">Pureza probada en laboratorio: garantiza resultados de investigaci\u00f3n confiables.<\/p>\n<\/li>\n<li data-start=\"2245\" data-end=\"2323\">\n<p data-start=\"2247\" data-end=\"2323\">Entrega r\u00e1pida y discreta: de forma segura y confidencial a su direcci\u00f3n.<\/p>\n<\/li>\n<li data-start=\"2324\" data-end=\"2425\">\n<p data-start=\"2326\" data-end=\"2425\">Idoneidad para la investigaci\u00f3n: perfecto para estudios sobre la conciencia, la percepci\u00f3n y la modulaci\u00f3n de la serotonina.<\/p>\n<\/li>\n<\/ul>\n<p data-start=\"2427\" data-end=\"2568\">Muchos investigadores se preguntan: <em data-start=\"2455\" data-end=\"2483\">d\u00f3nde comprar Allylescaline<\/em>? \u2013 La respuesta es Chemgramx, su proveedor confiable de sustancias de alta pureza.<\/p>\n<h2 data-start=\"2570\" data-end=\"2609\">Precio y pedido de Allilescalina<\/h2>\n<p data-start=\"2611\" data-end=\"2817\">Ofrecemos precios atractivos de Allylescaline para fines de investigaci\u00f3n. Al pedir Allylescaline, puede estar seguro de recibir un producto probado que cumple con los m\u00e1s altos est\u00e1ndares.<\/p>\n<h2 data-start=\"2819\" data-end=\"2864\">Estatus legal y entrega segura<\/h2>\n<p data-start=\"2866\" data-end=\"3120\">Por favor, verifique la situaci\u00f3n legal de la alilescalina en su pa\u00eds o regi\u00f3n antes de comprarla en l\u00ednea. Chemgramx vende alilescalina \u00fanicamente para fines de investigaci\u00f3n y garantiza una entrega segura y confidencial.<\/p>\n<h2 data-start=\"3122\" data-end=\"3163\">Comprar Allylescaline en l\u00ednea ahora<\/h2>\n<p data-start=\"3165\" data-end=\"3425\">\u00bfListo para ampliar su investigaci\u00f3n? Ahora puede adquirir alilescalina, ya sea directamente en nuestra plataforma o mediante un pedido discreto. Nuestra selecci\u00f3n de alilescalina a la venta garantiza pureza, calidad y entrega r\u00e1pida.<\/p>\n<p data-start=\"3427\" data-end=\"3594\">Chemgramx es su socio confiable para sustancias de investigaci\u00f3n: el mejor lugar para comprar Allylescaline en l\u00ednea con pureza probada y servicio profesional.<\/p>","protected":false},"excerpt":{"rendered":"<p>La alilcalina es una sustancia psicoactiva que pertenece a la clase de las feniletilaminas. Est\u00e1 qu\u00edmicamente relacionada con otros compuestos psicod\u00e9licos conocidos y atrae el inter\u00e9s de investigadores y usuarios por sus posibles efectos sobre la conciencia.<\/p>\n<ul>\n<li><strong>N\u00famero CAS:<\/strong> <strong>10064-94-1<\/strong><\/li>\n<li><strong>F\u00f3rmula qu\u00edmica:<\/strong> <strong>C12H17NO2<\/strong><\/li>\n<\/ul>","protected":false},"featured_media":7644,"comment_status":"open","ping_status":"closed","template":"","meta":{"_joinchat":[]},"product_brand":[],"product_cat":[96],"product_tag":[2679,2681,2673,2680,2678,2674,2675,2677,2676,2015],"class_list":{"0":"post-7614","1":"product","2":"type-product","3":"status-publish","4":"has-post-thumbnail","6":"product_cat-psychedelische-droge","7":"product_tag-allylescaline-chemikalien","8":"product_tag-allylescaline-drogen","9":"product_tag-allylescaline-kaufen","10":"product_tag-allylescaline-kaufen-deutschland","11":"product_tag-allylescaline-kaufen-online","12":"product_tag-allylescaline-kristalle","13":"product_tag-allylescaline-online-kaufen","14":"product_tag-allylescaline-preis","15":"product_tag-allylescaline-prodej","16":"product_tag-synthetische-drogen","18":"first","19":"instock","20":"shipping-taxable","21":"purchasable","22":"product-type-variable"},"yoast_head":"<!-- This site is optimized with the Yoast SEO plugin v27.5 - https:\/\/yoast.com\/product\/yoast-seo-wordpress\/ -->\n<title>Allylescaline online kaufen \u2013 Allylescaline zu verkaufen<\/title>\n<meta name=\"description\" content=\"Es ist die beste Zeit, unseren Chemgramx-Onlineshop zu besuchen und Allylescaline online zu kaufen. Wir haben hier Allylescaline zum Verkauf. Treffen Sie uns online und bestellen Sie noch heute!\" \/>\n<meta name=\"robots\" content=\"index, follow, max-snippet:-1, max-image-preview:large, max-video-preview:-1\" \/>\n<link rel=\"canonical\" href=\"https:\/\/chemgramx.com\/es\/producto-1\/comprar-allylescaline-online\/\" \/>\n<meta property=\"og:locale\" content=\"es_ES\" \/>\n<meta property=\"og:type\" content=\"article\" \/>\n<meta property=\"og:title\" content=\"Allylescaline online kaufen \u2013 Allylescaline zu verkaufen\" \/>\n<meta property=\"og:description\" content=\"Es ist die beste Zeit, unseren Chemgramx-Onlineshop zu besuchen und Allylescaline online zu kaufen. Wir haben hier Allylescaline zum Verkauf. Treffen Sie uns online und bestellen Sie noch heute!\" \/>\n<meta property=\"og:url\" content=\"https:\/\/chemgramx.com\/es\/producto-1\/comprar-allylescaline-online\/\" \/>\n<meta property=\"og:site_name\" content=\"Chemgramx\" \/>\n<meta property=\"article:modified_time\" content=\"2025-11-21T11:20:22+00:00\" \/>\n<meta property=\"og:image\" content=\"https:\/\/chemgramx.com\/wp-content\/uploads\/2025\/11\/Allylescaline.jpg\" \/>\n\t<meta property=\"og:image:width\" content=\"474\" \/>\n\t<meta property=\"og:image:height\" content=\"347\" \/>\n\t<meta property=\"og:image:type\" content=\"image\/jpeg\" \/>\n<meta name=\"twitter:card\" content=\"summary_large_image\" \/>\n<meta name=\"twitter:label1\" content=\"Tiempo de lectura\" \/>\n\t<meta name=\"twitter:data1\" content=\"2 minutos\" \/>\n<script type=\"application\/ld+json\" class=\"yoast-schema-graph\">{\"@context\":\"https:\\\/\\\/schema.org\",\"@graph\":[{\"@type\":\"WebPage\",\"@id\":\"https:\\\/\\\/chemgramx.com\\\/product\\\/allylescaline-online-kaufen\\\/\",\"url\":\"https:\\\/\\\/chemgramx.com\\\/product\\\/allylescaline-online-kaufen\\\/\",\"name\":\"Allylescaline online kaufen \u2013 Allylescaline zu verkaufen\",\"isPartOf\":{\"@id\":\"https:\\\/\\\/chemgramx.com\\\/#website\"},\"primaryImageOfPage\":{\"@id\":\"https:\\\/\\\/chemgramx.com\\\/product\\\/allylescaline-online-kaufen\\\/#primaryimage\"},\"image\":{\"@id\":\"https:\\\/\\\/chemgramx.com\\\/product\\\/allylescaline-online-kaufen\\\/#primaryimage\"},\"thumbnailUrl\":\"https:\\\/\\\/chemgramx.com\\\/wp-content\\\/uploads\\\/2025\\\/11\\\/Allylescaline.jpg\",\"datePublished\":\"2025-11-21T11:19:16+00:00\",\"dateModified\":\"2025-11-21T11:20:22+00:00\",\"description\":\"Es ist die beste Zeit, unseren Chemgramx-Onlineshop zu besuchen und Allylescaline online zu kaufen. Wir haben hier Allylescaline zum Verkauf. Treffen Sie uns online und bestellen Sie noch heute!\",\"breadcrumb\":{\"@id\":\"https:\\\/\\\/chemgramx.com\\\/product\\\/allylescaline-online-kaufen\\\/#breadcrumb\"},\"inLanguage\":\"es\",\"potentialAction\":[{\"@type\":\"ReadAction\",\"target\":[\"https:\\\/\\\/chemgramx.com\\\/product\\\/allylescaline-online-kaufen\\\/\"]}]},{\"@type\":\"ImageObject\",\"inLanguage\":\"es\",\"@id\":\"https:\\\/\\\/chemgramx.com\\\/product\\\/allylescaline-online-kaufen\\\/#primaryimage\",\"url\":\"https:\\\/\\\/chemgramx.com\\\/wp-content\\\/uploads\\\/2025\\\/11\\\/Allylescaline.jpg\",\"contentUrl\":\"https:\\\/\\\/chemgramx.com\\\/wp-content\\\/uploads\\\/2025\\\/11\\\/Allylescaline.jpg\",\"width\":474,\"height\":347},{\"@type\":\"BreadcrumbList\",\"@id\":\"https:\\\/\\\/chemgramx.com\\\/product\\\/allylescaline-online-kaufen\\\/#breadcrumb\",\"itemListElement\":[{\"@type\":\"ListItem\",\"position\":1,\"name\":\"Home\",\"item\":\"https:\\\/\\\/chemgramx.com\\\/\"},{\"@type\":\"ListItem\",\"position\":2,\"name\":\"Shop\",\"item\":\"https:\\\/\\\/chemgramx.com\\\/shop\\\/\"},{\"@type\":\"ListItem\",\"position\":3,\"name\":\"Allylescaline online kaufen\"}]},{\"@type\":\"WebSite\",\"@id\":\"https:\\\/\\\/chemgramx.com\\\/#website\",\"url\":\"https:\\\/\\\/chemgramx.com\\\/\",\"name\":\"Chemgramx\",\"description\":\"\",\"publisher\":{\"@id\":\"https:\\\/\\\/chemgramx.com\\\/#organization\"},\"potentialAction\":[{\"@type\":\"SearchAction\",\"target\":{\"@type\":\"EntryPoint\",\"urlTemplate\":\"https:\\\/\\\/chemgramx.com\\\/?s={search_term_string}\"},\"query-input\":{\"@type\":\"PropertyValueSpecification\",\"valueRequired\":true,\"valueName\":\"search_term_string\"}}],\"inLanguage\":\"es\"},{\"@type\":\"Organization\",\"@id\":\"https:\\\/\\\/chemgramx.com\\\/#organization\",\"name\":\"Chemgramx\",\"url\":\"https:\\\/\\\/chemgramx.com\\\/\",\"logo\":{\"@type\":\"ImageObject\",\"inLanguage\":\"es\",\"@id\":\"https:\\\/\\\/chemgramx.com\\\/#\\\/schema\\\/logo\\\/image\\\/\",\"url\":\"https:\\\/\\\/chemgramx.com\\\/wp-content\\\/uploads\\\/2024\\\/10\\\/final-logo.png\",\"contentUrl\":\"https:\\\/\\\/chemgramx.com\\\/wp-content\\\/uploads\\\/2024\\\/10\\\/final-logo.png\",\"width\":250,\"height\":48,\"caption\":\"Chemgramx\"},\"image\":{\"@id\":\"https:\\\/\\\/chemgramx.com\\\/#\\\/schema\\\/logo\\\/image\\\/\"}}]}<\/script>\n<!-- \/ Yoast SEO plugin. -->","yoast_head_json":{"title":"Comprar Allylescaline en l\u00ednea \u2013 Allylescaline en venta","description":"Es el mejor momento para visitar nuestra tienda en l\u00ednea Chemgramx y comprar Allylescaline. Tenemos Allylescaline a la venta aqu\u00ed. \u00a1Con\u00f3cenos en l\u00ednea y pide hoy mismo!","robots":{"index":"index","follow":"follow","max-snippet":"max-snippet:-1","max-image-preview":"max-image-preview:large","max-video-preview":"max-video-preview:-1"},"canonical":"https:\/\/chemgramx.com\/es\/producto-1\/comprar-allylescaline-online\/","og_locale":"es_ES","og_type":"article","og_title":"Allylescaline online kaufen \u2013 Allylescaline zu verkaufen","og_description":"Es ist die beste Zeit, unseren Chemgramx-Onlineshop zu besuchen und Allylescaline online zu kaufen. Wir haben hier Allylescaline zum Verkauf. Treffen Sie uns online und bestellen Sie noch heute!","og_url":"https:\/\/chemgramx.com\/es\/producto-1\/comprar-allylescaline-online\/","og_site_name":"Chemgramx","article_modified_time":"2025-11-21T11:20:22+00:00","og_image":[{"width":474,"height":347,"url":"https:\/\/chemgramx.com\/wp-content\/uploads\/2025\/11\/Allylescaline.jpg","type":"image\/jpeg"}],"twitter_card":"summary_large_image","twitter_misc":{"Tiempo de lectura":"2 minutos"},"schema":{"@context":"https:\/\/schema.org","@graph":[{"@type":"WebPage","@id":"https:\/\/chemgramx.com\/product\/allylescaline-online-kaufen\/","url":"https:\/\/chemgramx.com\/product\/allylescaline-online-kaufen\/","name":"Comprar Allylescaline en l\u00ednea \u2013 Allylescaline en venta","isPartOf":{"@id":"https:\/\/chemgramx.com\/#website"},"primaryImageOfPage":{"@id":"https:\/\/chemgramx.com\/product\/allylescaline-online-kaufen\/#primaryimage"},"image":{"@id":"https:\/\/chemgramx.com\/product\/allylescaline-online-kaufen\/#primaryimage"},"thumbnailUrl":"https:\/\/chemgramx.com\/wp-content\/uploads\/2025\/11\/Allylescaline.jpg","datePublished":"2025-11-21T11:19:16+00:00","dateModified":"2025-11-21T11:20:22+00:00","description":"Es el mejor momento para visitar nuestra tienda en l\u00ednea Chemgramx y comprar Allylescaline. Tenemos Allylescaline a la venta aqu\u00ed. \u00a1Con\u00f3cenos en l\u00ednea y pide hoy mismo!","breadcrumb":{"@id":"https:\/\/chemgramx.com\/product\/allylescaline-online-kaufen\/#breadcrumb"},"inLanguage":"es","potentialAction":[{"@type":"ReadAction","target":["https:\/\/chemgramx.com\/product\/allylescaline-online-kaufen\/"]}]},{"@type":"ImageObject","inLanguage":"es","@id":"https:\/\/chemgramx.com\/product\/allylescaline-online-kaufen\/#primaryimage","url":"https:\/\/chemgramx.com\/wp-content\/uploads\/2025\/11\/Allylescaline.jpg","contentUrl":"https:\/\/chemgramx.com\/wp-content\/uploads\/2025\/11\/Allylescaline.jpg","width":474,"height":347},{"@type":"BreadcrumbList","@id":"https:\/\/chemgramx.com\/product\/allylescaline-online-kaufen\/#breadcrumb","itemListElement":[{"@type":"ListItem","position":1,"name":"Home","item":"https:\/\/chemgramx.com\/"},{"@type":"ListItem","position":2,"name":"Shop","item":"https:\/\/chemgramx.com\/shop\/"},{"@type":"ListItem","position":3,"name":"Allylescaline online kaufen"}]},{"@type":"WebSite","@id":"https:\/\/chemgramx.com\/#website","url":"https:\/\/chemgramx.com\/","name":"Chemgramx","description":"","publisher":{"@id":"https:\/\/chemgramx.com\/#organization"},"potentialAction":[{"@type":"SearchAction","target":{"@type":"EntryPoint","urlTemplate":"https:\/\/chemgramx.com\/?s={search_term_string}"},"query-input":{"@type":"PropertyValueSpecification","valueRequired":true,"valueName":"search_term_string"}}],"inLanguage":"es"},{"@type":"Organization","@id":"https:\/\/chemgramx.com\/#organization","name":"Chemgramx","url":"https:\/\/chemgramx.com\/","logo":{"@type":"ImageObject","inLanguage":"es","@id":"https:\/\/chemgramx.com\/#\/schema\/logo\/image\/","url":"https:\/\/chemgramx.com\/wp-content\/uploads\/2024\/10\/final-logo.png","contentUrl":"https:\/\/chemgramx.com\/wp-content\/uploads\/2024\/10\/final-logo.png","width":250,"height":48,"caption":"Chemgramx"},"image":{"@id":"https:\/\/chemgramx.com\/#\/schema\/logo\/image\/"}}]}},"_links":{"self":[{"href":"https:\/\/chemgramx.com\/es\/wp-json\/wp\/v2\/product\/7614","targetHints":{"allow":["GET"]}}],"collection":[{"href":"https:\/\/chemgramx.com\/es\/wp-json\/wp\/v2\/product"}],"about":[{"href":"https:\/\/chemgramx.com\/es\/wp-json\/wp\/v2\/types\/product"}],"replies":[{"embeddable":true,"href":"https:\/\/chemgramx.com\/es\/wp-json\/wp\/v2\/comments?post=7614"}],"wp:featuredmedia":[{"embeddable":true,"href":"https:\/\/chemgramx.com\/es\/wp-json\/wp\/v2\/media\/7644"}],"wp:attachment":[{"href":"https:\/\/chemgramx.com\/es\/wp-json\/wp\/v2\/media?parent=7614"}],"wp:term":[{"taxonomy":"product_brand","embeddable":true,"href":"https:\/\/chemgramx.com\/es\/wp-json\/wp\/v2\/product_brand?post=7614"},{"taxonomy":"product_cat","embeddable":true,"href":"https:\/\/chemgramx.com\/es\/wp-json\/wp\/v2\/product_cat?post=7614"},{"taxonomy":"product_tag","embeddable":true,"href":"https:\/\/chemgramx.com\/es\/wp-json\/wp\/v2\/product_tag?post=7614"}],"curies":[{"name":"wp","href":"https:\/\/api.w.org\/{rel}","templated":true}]}}