{"id":7618,"date":"2025-11-21T11:19:17","date_gmt":"2025-11-21T11:19:17","guid":{"rendered":"https:\/\/chemgramx.com\/?post_type=product&#038;p=7618"},"modified":"2025-11-21T11:20:23","modified_gmt":"2025-11-21T11:20:23","slug":"comprar-dmt-dimetiltriptamina-online","status":"publish","type":"product","link":"https:\/\/chemgramx.com\/es\/product\/dmt-dimethyltryptamine-online-kaufen\/","title":{"rendered":"Comprar DMT Dimetiltriptamina online"},"content":{"rendered":"<p>La DMT-dimetiltriptamina es una potente sustancia psicod\u00e9lica utilizada en la investigaci\u00f3n cient\u00edfica para estudiar los efectos sobre la conciencia y la cognici\u00f3n humanas. Esta sustancia qu\u00edmica pertenece a la clase de las triptaminas y es conocida por sus intensos y r\u00e1pidos efectos psicod\u00e9licos, que provocan profundos cambios de conciencia e intensas alucinaciones. Los investigadores que <a href=\"https:\/\/chemgramx.com\/product\/dmt-dimethyltryptamine\/\">Comprar DMT dimetiltriptamina online<\/a> encontrar\u00e1 aqu\u00ed una fuente fiable de estudios de laboratorio controlados.<\/p>\n<h2>\u00bfPor qu\u00e9 comprar DMT dimetiltriptamina online?<\/h2>\n<p>Los cient\u00edficos est\u00e1n utilizando la DMT-dimetiltriptamina para investigar los mecanismos neuroqu\u00edmicos responsables de la percepci\u00f3n alterada y las experiencias alucinatorias. Esta investigaci\u00f3n puede contribuir al desarrollo de aplicaciones terap\u00e9uticas de las sustancias psicod\u00e9licas, sobre todo en el tratamiento de la salud mental y la investigaci\u00f3n de la conciencia. Si desea <a href=\"https:\/\/en.wikipedia.org\/wiki\/Dimethyltryptamine\">Comprar DMT-Dimetiltriptamina<\/a> ChemGramx ofrece productos de alta calidad para la investigaci\u00f3n de laboratorio. ChemGramx es el mejor lugar para comprar DMT-dimetiltriptamina de forma segura y fiable. Puede pedir DMT-dimetiltriptamina aut\u00e9ntica o falsificada para fines de investigaci\u00f3n sin dudarlo.<\/p>\n<h2>Aplicaciones y beneficios de la DMT-dimetiltriptamina<\/h2>\n<ul>\n<li>El uso de DMT-dimetiltriptamina en investigaci\u00f3n ofrece varias ventajas:<\/li>\n<li>Alta pureza: garantiza resultados precisos y fiables para estudios cient\u00edficos.<\/li>\n<li>Acci\u00f3n r\u00e1pida: Adecuado para estudios sobre efectos psicod\u00e9licos de acci\u00f3n r\u00e1pida.<\/li>\n<li>Estricto control de calidad: Cada lote de dimetiltriptamina DMT se somete a pruebas de pureza y consistencia.<\/li>\n<li>Solo para fines de investigaci\u00f3n: No apto para el consumo humano.<\/li>\n<\/ul>\n<p>Tanto si desea comprar DMT-Dimetiltriptamina barato online como si busca un proveedor verificado, ChemGramx es una fuente de confianza para comprar DMT-Dimetiltriptamina online de forma segura.<\/p>\n<h2>Manipulaci\u00f3n y almacenamiento seguros<\/h2>\n<p>Para mantener la integridad qu\u00edmica, la DMT-Dimetiltriptamina debe almacenarse en un lugar fresco y seco, lejos de la luz solar directa. Siga siempre las directrices de seguridad del laboratorio cuando manipule DMT-Dimetiltriptamina aut\u00e9ntica o falsificada para garantizar resultados de investigaci\u00f3n precisos y una manipulaci\u00f3n responsable.<\/p>","protected":false},"excerpt":{"rendered":"<p><strong>DMT<\/strong>tambi\u00e9n conocido como <strong>Dimetiltriptamina<\/strong>es un compuesto muy eficaz de la familia de las triptaminas. Se utiliza con frecuencia en la investigaci\u00f3n neurocient\u00edfica y farmacol\u00f3gica para estudiar las interacciones con los receptores de serotonina y sus efectos en el sistema nervioso central.<\/p>\n<h3><strong>Propiedades de la DMT:<\/strong><\/h3>\n<ul>\n<li><strong>F\u00f3rmula qu\u00edmica<\/strong>C12H16N2<\/li>\n<li><strong>Peso molecular<\/strong>188,27 g\/mol<\/li>\n<li><strong>Pureza<\/strong>Garantizado 99%, perfecto para obtener resultados de investigaci\u00f3n precisos.<\/li>\n<li><strong>Apariencia<\/strong>Polvo blanco o ligeramente amarillento, estable en condiciones de almacenamiento controladas.<\/li>\n<\/ul>\n<h3><strong>\u00c1mbitos de aplicaci\u00f3n:<\/strong><\/h3>\n<ol>\n<li><strong>Estudios neurocient\u00edficos<\/strong>Investigaci\u00f3n sobre los receptores de serotonina y su interacci\u00f3n con los neurotransmisores.<\/li>\n<li><strong>Investigaci\u00f3n farmacol\u00f3gica<\/strong>An\u00e1lisis de las relaciones estructura-actividad (SAR) y de los potenciales terap\u00e9uticos.<\/li>\n<li><strong>Estudios psicod\u00e9licos<\/strong>Investigaci\u00f3n de los efectos sobre la percepci\u00f3n, la conciencia y los estados emocionales.<\/li>\n<\/ol>\n<h3><strong>\u00bfPor qu\u00e9 comprar DMT?<\/strong><\/h3>\n<ul>\n<li><strong>M\u00e1xima pureza<\/strong>Para obtener resultados fiables en entornos de laboratorio e investigaci\u00f3n.<\/li>\n<li><strong>Env\u00edo discreto<\/strong>Seguro y an\u00f3nimo, entregado directamente en su direcci\u00f3n.<\/li>\n<li><strong>Amplia gama de aplicaciones<\/strong>Ideal para estudios y desarrollos cient\u00edficos.<\/li>\n<\/ul>\n<hr \/>","protected":false},"featured_media":7648,"comment_status":"open","ping_status":"closed","template":"","meta":{"_joinchat":[]},"product_brand":[],"product_cat":[96],"product_tag":[2312,2320,2314,606,2319,2318,2313,2317,2315,2316,2310],"class_list":{"0":"post-7618","1":"product","2":"type-product","3":"status-publish","4":"has-post-thumbnail","6":"product_cat-psychedelische-droge","7":"product_tag-dimethyltryptamin","8":"product_tag-dimethyltryptamin-forschung","9":"product_tag-dimethyltryptamin-kaufen","10":"product_tag-dmt","11":"product_tag-dmt-chemikalien","12":"product_tag-dmt-fur-forschung","13":"product_tag-dmt-kaufen","14":"product_tag-dmt-kristalle","15":"product_tag-dmt-online","16":"product_tag-dmt-pulver","17":"product_tag-synthetische-psychedelika","19":"first","20":"instock","21":"shipping-taxable","22":"purchasable","23":"product-type-variable"},"yoast_head":"<!-- This site is optimized with the Yoast SEO plugin v27.5 - https:\/\/yoast.com\/product\/yoast-seo-wordpress\/ -->\n<title>DMT Dimethyltryptamine | Chemische Verbindung f\u00fcr<\/title>\n<meta name=\"description\" content=\"Erwerben Sie DMT (Dimethyltryptamin), eine hochreine chemische Verbindung f\u00fcr wissenschaftliche Studien. Nur f\u00fcr Forschungslabore \u2013 nicht f\u00fcr den menschlichen Konsum geeignet. DMT Dimethyltryptamine\" \/>\n<meta name=\"robots\" content=\"index, follow, max-snippet:-1, max-image-preview:large, max-video-preview:-1\" \/>\n<link rel=\"canonical\" href=\"https:\/\/chemgramx.com\/es\/producto-1\/comprar-dmt-dimetiltriptamina-online\/\" \/>\n<meta property=\"og:locale\" content=\"es_ES\" \/>\n<meta property=\"og:type\" content=\"article\" \/>\n<meta property=\"og:title\" content=\"DMT Dimethyltryptamine | Chemische Verbindung f\u00fcr\" \/>\n<meta property=\"og:description\" content=\"Erwerben Sie DMT (Dimethyltryptamin), eine hochreine chemische Verbindung f\u00fcr wissenschaftliche Studien. Nur f\u00fcr Forschungslabore \u2013 nicht f\u00fcr den menschlichen Konsum geeignet. DMT Dimethyltryptamine\" \/>\n<meta property=\"og:url\" content=\"https:\/\/chemgramx.com\/es\/producto-1\/comprar-dmt-dimetiltriptamina-online\/\" \/>\n<meta property=\"og:site_name\" content=\"Chemgramx\" \/>\n<meta property=\"article:modified_time\" content=\"2025-11-21T11:20:23+00:00\" \/>\n<meta property=\"og:image\" content=\"https:\/\/chemgramx.com\/wp-content\/uploads\/2025\/11\/dmt.png\" \/>\n\t<meta property=\"og:image:width\" content=\"600\" \/>\n\t<meta property=\"og:image:height\" content=\"400\" \/>\n\t<meta property=\"og:image:type\" content=\"image\/png\" \/>\n<meta name=\"twitter:card\" content=\"summary_large_image\" \/>\n<meta name=\"twitter:label1\" content=\"Tiempo de lectura\" \/>\n\t<meta name=\"twitter:data1\" content=\"2 minutos\" \/>\n<script type=\"application\/ld+json\" class=\"yoast-schema-graph\">{\"@context\":\"https:\\\/\\\/schema.org\",\"@graph\":[{\"@type\":\"WebPage\",\"@id\":\"https:\\\/\\\/chemgramx.com\\\/product\\\/dmt-dimethyltryptamine-online-kaufen\\\/\",\"url\":\"https:\\\/\\\/chemgramx.com\\\/product\\\/dmt-dimethyltryptamine-online-kaufen\\\/\",\"name\":\"DMT Dimethyltryptamine | Chemische Verbindung f\u00fcr\",\"isPartOf\":{\"@id\":\"https:\\\/\\\/chemgramx.com\\\/#website\"},\"primaryImageOfPage\":{\"@id\":\"https:\\\/\\\/chemgramx.com\\\/product\\\/dmt-dimethyltryptamine-online-kaufen\\\/#primaryimage\"},\"image\":{\"@id\":\"https:\\\/\\\/chemgramx.com\\\/product\\\/dmt-dimethyltryptamine-online-kaufen\\\/#primaryimage\"},\"thumbnailUrl\":\"https:\\\/\\\/chemgramx.com\\\/wp-content\\\/uploads\\\/2025\\\/11\\\/dmt.png\",\"datePublished\":\"2025-11-21T11:19:17+00:00\",\"dateModified\":\"2025-11-21T11:20:23+00:00\",\"description\":\"Erwerben Sie DMT (Dimethyltryptamin), eine hochreine chemische Verbindung f\u00fcr wissenschaftliche Studien. Nur f\u00fcr Forschungslabore \u2013 nicht f\u00fcr den menschlichen Konsum geeignet. DMT Dimethyltryptamine\",\"breadcrumb\":{\"@id\":\"https:\\\/\\\/chemgramx.com\\\/product\\\/dmt-dimethyltryptamine-online-kaufen\\\/#breadcrumb\"},\"inLanguage\":\"es\",\"potentialAction\":[{\"@type\":\"ReadAction\",\"target\":[\"https:\\\/\\\/chemgramx.com\\\/product\\\/dmt-dimethyltryptamine-online-kaufen\\\/\"]}]},{\"@type\":\"ImageObject\",\"inLanguage\":\"es\",\"@id\":\"https:\\\/\\\/chemgramx.com\\\/product\\\/dmt-dimethyltryptamine-online-kaufen\\\/#primaryimage\",\"url\":\"https:\\\/\\\/chemgramx.com\\\/wp-content\\\/uploads\\\/2025\\\/11\\\/dmt.png\",\"contentUrl\":\"https:\\\/\\\/chemgramx.com\\\/wp-content\\\/uploads\\\/2025\\\/11\\\/dmt.png\",\"width\":600,\"height\":400},{\"@type\":\"BreadcrumbList\",\"@id\":\"https:\\\/\\\/chemgramx.com\\\/product\\\/dmt-dimethyltryptamine-online-kaufen\\\/#breadcrumb\",\"itemListElement\":[{\"@type\":\"ListItem\",\"position\":1,\"name\":\"Home\",\"item\":\"https:\\\/\\\/chemgramx.com\\\/\"},{\"@type\":\"ListItem\",\"position\":2,\"name\":\"Shop\",\"item\":\"https:\\\/\\\/chemgramx.com\\\/shop\\\/\"},{\"@type\":\"ListItem\",\"position\":3,\"name\":\"DMT Dimethyltryptamine online kaufen\"}]},{\"@type\":\"WebSite\",\"@id\":\"https:\\\/\\\/chemgramx.com\\\/#website\",\"url\":\"https:\\\/\\\/chemgramx.com\\\/\",\"name\":\"Chemgramx\",\"description\":\"\",\"publisher\":{\"@id\":\"https:\\\/\\\/chemgramx.com\\\/#organization\"},\"potentialAction\":[{\"@type\":\"SearchAction\",\"target\":{\"@type\":\"EntryPoint\",\"urlTemplate\":\"https:\\\/\\\/chemgramx.com\\\/?s={search_term_string}\"},\"query-input\":{\"@type\":\"PropertyValueSpecification\",\"valueRequired\":true,\"valueName\":\"search_term_string\"}}],\"inLanguage\":\"es\"},{\"@type\":\"Organization\",\"@id\":\"https:\\\/\\\/chemgramx.com\\\/#organization\",\"name\":\"Chemgramx\",\"url\":\"https:\\\/\\\/chemgramx.com\\\/\",\"logo\":{\"@type\":\"ImageObject\",\"inLanguage\":\"es\",\"@id\":\"https:\\\/\\\/chemgramx.com\\\/#\\\/schema\\\/logo\\\/image\\\/\",\"url\":\"https:\\\/\\\/chemgramx.com\\\/wp-content\\\/uploads\\\/2024\\\/10\\\/final-logo.png\",\"contentUrl\":\"https:\\\/\\\/chemgramx.com\\\/wp-content\\\/uploads\\\/2024\\\/10\\\/final-logo.png\",\"width\":250,\"height\":48,\"caption\":\"Chemgramx\"},\"image\":{\"@id\":\"https:\\\/\\\/chemgramx.com\\\/#\\\/schema\\\/logo\\\/image\\\/\"}}]}<\/script>\n<!-- \/ Yoast SEO plugin. -->","yoast_head_json":{"title":"DMT Dimetiltriptamina | Compuesto qu\u00edmico para","description":"Compre DMT (dimetiltriptamina), un compuesto qu\u00edmico altamente purificado para estudios cient\u00edficos. Solo para uso en laboratorios de investigaci\u00f3n; no apto para consumo humano.","robots":{"index":"index","follow":"follow","max-snippet":"max-snippet:-1","max-image-preview":"max-image-preview:large","max-video-preview":"max-video-preview:-1"},"canonical":"https:\/\/chemgramx.com\/es\/producto-1\/comprar-dmt-dimetiltriptamina-online\/","og_locale":"es_ES","og_type":"article","og_title":"DMT Dimethyltryptamine | Chemische Verbindung f\u00fcr","og_description":"Erwerben Sie DMT (Dimethyltryptamin), eine hochreine chemische Verbindung f\u00fcr wissenschaftliche Studien. Nur f\u00fcr Forschungslabore \u2013 nicht f\u00fcr den menschlichen Konsum geeignet. DMT Dimethyltryptamine","og_url":"https:\/\/chemgramx.com\/es\/producto-1\/comprar-dmt-dimetiltriptamina-online\/","og_site_name":"Chemgramx","article_modified_time":"2025-11-21T11:20:23+00:00","og_image":[{"width":600,"height":400,"url":"https:\/\/chemgramx.com\/wp-content\/uploads\/2025\/11\/dmt.png","type":"image\/png"}],"twitter_card":"summary_large_image","twitter_misc":{"Tiempo de lectura":"2 minutos"},"schema":{"@context":"https:\/\/schema.org","@graph":[{"@type":"WebPage","@id":"https:\/\/chemgramx.com\/product\/dmt-dimethyltryptamine-online-kaufen\/","url":"https:\/\/chemgramx.com\/product\/dmt-dimethyltryptamine-online-kaufen\/","name":"DMT Dimetiltriptamina | Compuesto qu\u00edmico para","isPartOf":{"@id":"https:\/\/chemgramx.com\/#website"},"primaryImageOfPage":{"@id":"https:\/\/chemgramx.com\/product\/dmt-dimethyltryptamine-online-kaufen\/#primaryimage"},"image":{"@id":"https:\/\/chemgramx.com\/product\/dmt-dimethyltryptamine-online-kaufen\/#primaryimage"},"thumbnailUrl":"https:\/\/chemgramx.com\/wp-content\/uploads\/2025\/11\/dmt.png","datePublished":"2025-11-21T11:19:17+00:00","dateModified":"2025-11-21T11:20:23+00:00","description":"Compre DMT (dimetiltriptamina), un compuesto qu\u00edmico altamente purificado para estudios cient\u00edficos. Solo para uso en laboratorios de investigaci\u00f3n; no apto para consumo humano.","breadcrumb":{"@id":"https:\/\/chemgramx.com\/product\/dmt-dimethyltryptamine-online-kaufen\/#breadcrumb"},"inLanguage":"es","potentialAction":[{"@type":"ReadAction","target":["https:\/\/chemgramx.com\/product\/dmt-dimethyltryptamine-online-kaufen\/"]}]},{"@type":"ImageObject","inLanguage":"es","@id":"https:\/\/chemgramx.com\/product\/dmt-dimethyltryptamine-online-kaufen\/#primaryimage","url":"https:\/\/chemgramx.com\/wp-content\/uploads\/2025\/11\/dmt.png","contentUrl":"https:\/\/chemgramx.com\/wp-content\/uploads\/2025\/11\/dmt.png","width":600,"height":400},{"@type":"BreadcrumbList","@id":"https:\/\/chemgramx.com\/product\/dmt-dimethyltryptamine-online-kaufen\/#breadcrumb","itemListElement":[{"@type":"ListItem","position":1,"name":"Home","item":"https:\/\/chemgramx.com\/"},{"@type":"ListItem","position":2,"name":"Shop","item":"https:\/\/chemgramx.com\/shop\/"},{"@type":"ListItem","position":3,"name":"DMT Dimethyltryptamine online kaufen"}]},{"@type":"WebSite","@id":"https:\/\/chemgramx.com\/#website","url":"https:\/\/chemgramx.com\/","name":"Chemgramx","description":"","publisher":{"@id":"https:\/\/chemgramx.com\/#organization"},"potentialAction":[{"@type":"SearchAction","target":{"@type":"EntryPoint","urlTemplate":"https:\/\/chemgramx.com\/?s={search_term_string}"},"query-input":{"@type":"PropertyValueSpecification","valueRequired":true,"valueName":"search_term_string"}}],"inLanguage":"es"},{"@type":"Organization","@id":"https:\/\/chemgramx.com\/#organization","name":"Chemgramx","url":"https:\/\/chemgramx.com\/","logo":{"@type":"ImageObject","inLanguage":"es","@id":"https:\/\/chemgramx.com\/#\/schema\/logo\/image\/","url":"https:\/\/chemgramx.com\/wp-content\/uploads\/2024\/10\/final-logo.png","contentUrl":"https:\/\/chemgramx.com\/wp-content\/uploads\/2024\/10\/final-logo.png","width":250,"height":48,"caption":"Chemgramx"},"image":{"@id":"https:\/\/chemgramx.com\/#\/schema\/logo\/image\/"}}]}},"_links":{"self":[{"href":"https:\/\/chemgramx.com\/es\/wp-json\/wp\/v2\/product\/7618","targetHints":{"allow":["GET"]}}],"collection":[{"href":"https:\/\/chemgramx.com\/es\/wp-json\/wp\/v2\/product"}],"about":[{"href":"https:\/\/chemgramx.com\/es\/wp-json\/wp\/v2\/types\/product"}],"replies":[{"embeddable":true,"href":"https:\/\/chemgramx.com\/es\/wp-json\/wp\/v2\/comments?post=7618"}],"wp:featuredmedia":[{"embeddable":true,"href":"https:\/\/chemgramx.com\/es\/wp-json\/wp\/v2\/media\/7648"}],"wp:attachment":[{"href":"https:\/\/chemgramx.com\/es\/wp-json\/wp\/v2\/media?parent=7618"}],"wp:term":[{"taxonomy":"product_brand","embeddable":true,"href":"https:\/\/chemgramx.com\/es\/wp-json\/wp\/v2\/product_brand?post=7618"},{"taxonomy":"product_cat","embeddable":true,"href":"https:\/\/chemgramx.com\/es\/wp-json\/wp\/v2\/product_cat?post=7618"},{"taxonomy":"product_tag","embeddable":true,"href":"https:\/\/chemgramx.com\/es\/wp-json\/wp\/v2\/product_tag?post=7618"}],"curies":[{"name":"wp","href":"https:\/\/api.w.org\/{rel}","templated":true}]}}