{"id":7619,"date":"2025-11-21T11:19:17","date_gmt":"2025-11-21T11:19:17","guid":{"rendered":"https:\/\/chemgramx.com\/?post_type=product&#038;p=7619"},"modified":"2025-11-21T11:20:53","modified_gmt":"2025-11-21T11:20:53","slug":"comprar-mescalina-en-polvo-online","status":"publish","type":"product","link":"https:\/\/chemgramx.com\/es\/product\/mescalin-pulver-online-kaufen\/","title":{"rendered":"Comprar mescalina en polvo en l\u00ednea"},"content":{"rendered":"<p data-start=\"583\" data-end=\"1140\">La mescalina es un alcaloide psicoactivo que se encuentra de forma natural en varias especies de cactus (por ejemplo, el peyote y el San Pedro). Debido a sus pronunciados efectos psicod\u00e9licos y a su conocido mecanismo de acci\u00f3n, la mescalina es objeto de inter\u00e9s en la investigaci\u00f3n acad\u00e9mica, especialmente en los campos de la neurofarmacolog\u00eda, la investigaci\u00f3n de la conciencia y la investigaci\u00f3n en psicoterapia. En los estudios cient\u00edficos se suele recurrir a muestras sint\u00e9ticas y caracterizadas anal\u00edticamente para obtener resultados reproducibles y controlados.<\/p>\n<h2>Objetivos de investigaci\u00f3n y valor a\u00f1adido cient\u00edfico<\/h2>\n<p data-start=\"1196\" data-end=\"1503\">En la investigaci\u00f3n, la mescalina se utiliza como sustancia modelo para estudiar las v\u00edas de se\u00f1alizaci\u00f3n serotonin\u00e9rgicas. Se une principalmente a <strong data-start=\"1314\" data-end=\"1335\">Receptores 5-HT2A<\/strong>, lo que modula la percepci\u00f3n, el procesamiento sensorial y los procesos cognitivos. Las cuestiones de investigaci\u00f3n en las que se utiliza la mescalina incluyen, entre otras:<\/p>\n<ul data-start=\"1504\" data-end=\"1868\">\n<li data-start=\"1504\" data-end=\"1596\">\n<p data-start=\"1506\" data-end=\"1596\">Mecanismos de cambio psicod\u00e9lico inducido en la percepci\u00f3n y la conciencia de uno mismo.,<\/p>\n<\/li>\n<li data-start=\"1597\" data-end=\"1665\">\n<p data-start=\"1599\" data-end=\"1665\">transducci\u00f3n de se\u00f1ales receptoras y relaciones dosis-respuesta,<\/p>\n<\/li>\n<li data-start=\"1666\" data-end=\"1784\">\n<p data-start=\"1668\" data-end=\"1784\">Potencial para su uso como apoyo en intervenciones psicoterap\u00e9uticas (estudios experimentales de entornos).,<\/p>\n<\/li>\n<li data-start=\"1785\" data-end=\"1868\">\n<p data-start=\"1787\" data-end=\"1868\">Desarrollo de m\u00e9todos anal\u00edticos de detecci\u00f3n y est\u00e1ndares de referencia para la medicina forense.<\/p>\n<\/li>\n<\/ul>\n<h2>Requisitos de calidad y documentaci\u00f3n anal\u00edtica<\/h2>\n<p data-start=\"1928\" data-end=\"2054\">Para fines cient\u00edficos, es esencial trabajar con muestras bien documentadas. Los criterios de calidad importantes son:<\/p>\n<ul data-start=\"2055\" data-end=\"2281\">\n<li data-start=\"2055\" data-end=\"2104\">\n<p data-start=\"2057\" data-end=\"2104\"><strong data-start=\"2057\" data-end=\"2069\">Pureza<\/strong> (informaci\u00f3n verificada, por ejemplo, mediante HPLC),<\/p>\n<\/li>\n<li data-start=\"2105\" data-end=\"2151\">\n<p data-start=\"2107\" data-end=\"2151\"><strong data-start=\"2107\" data-end=\"2132\">confirmaci\u00f3n de identidad<\/strong> (por ejemplo, RMN, MS),<\/p>\n<\/li>\n<li data-start=\"2152\" data-end=\"2189\">\n<p data-start=\"2154\" data-end=\"2189\"><strong data-start=\"2154\" data-end=\"2186\">Datos de lotes y estabilidad<\/strong>,<\/p>\n<\/li>\n<li data-start=\"2190\" data-end=\"2281\">\n<p data-start=\"2192\" data-end=\"2281\"><strong data-start=\"2192\" data-end=\"2225\">Certificado de an\u00e1lisis (COA)<\/strong> y, si procede, la ficha de datos de seguridad (MSDS).<\/p>\n<\/li>\n<\/ul>\n<p data-start=\"2283\" data-end=\"2381\">Solo as\u00ed es posible obtener condiciones de ensayo reproducibles y conclusiones cient\u00edficas fiables.<\/p>\n<h2 data-start=\"2383\" data-end=\"2428\">Recomendaciones de seguridad y manejo<\/h2>\n<p data-start=\"2429\" data-end=\"2564\">La mescalina es una sustancia psicoactiva potencialmente potente, por lo que en entornos de laboratorio se deben seguir estrictas <a href=\"\/product\/blue-punisher-220mg-mdma-online-kaufen\/\">Precauciones de seguridad<\/a> necesario:<\/p>\n<ul data-start=\"2565\" data-end=\"2965\">\n<li data-start=\"2565\" data-end=\"2652\">\n<p data-start=\"2567\" data-end=\"2652\">Trabajar \u00fanicamente en laboratorios autorizados y controlados, y con personal cualificado.;<\/p>\n<\/li>\n<li data-start=\"2653\" data-end=\"2738\">\n<p data-start=\"2655\" data-end=\"2738\">Uso de equipo de protecci\u00f3n personal (guantes, gafas protectoras, bata de laboratorio).;<\/p>\n<\/li>\n<li data-start=\"2739\" data-end=\"2827\">\n<p data-start=\"2741\" data-end=\"2827\">Medidas para minimizar la exposici\u00f3n involuntaria (campana extractora, sistemas cerrados).;<\/p>\n<\/li>\n<li data-start=\"2828\" data-end=\"2872\">\n<p data-start=\"2830\" data-end=\"2872\">Documentaci\u00f3n clara y registros de almacenamiento.;<\/p>\n<\/li>\n<li data-start=\"2873\" data-end=\"2965\">\n<p data-start=\"2875\" data-end=\"2965\">Eliminaci\u00f3n seg\u00fan las normativas locales para sustancias peligrosas o farmacol\u00f3gicamente activas.<\/p>\n<\/li>\n<\/ul>\n<h2 data-start=\"2967\" data-end=\"2995\">Almacenamiento y estabilidad<\/h2>\n<p data-start=\"2996\" data-end=\"3091\">Para garantizar la integridad qu\u00edmica y la precisi\u00f3n del an\u00e1lisis, se aplican los siguientes valores de referencia:<\/p>\n<ul data-start=\"3092\" data-end=\"3255\">\n<li data-start=\"3092\" data-end=\"3145\">\n<p data-start=\"3094\" data-end=\"3145\">Almacenamiento en lugar fresco y seco; se recomienda proteger de la luz.;<\/p>\n<\/li>\n<li data-start=\"3146\" data-end=\"3192\">\n<p data-start=\"3148\" data-end=\"3192\">Contenedores herm\u00e9ticos y aptos para productos qu\u00edmicos.;<\/p>\n<\/li>\n<li data-start=\"3193\" data-end=\"3255\">\n<p data-start=\"3195\" data-end=\"3255\">Almacenamiento documentado de lotes y control de caducidad.<\/p>\n<\/li>\n<\/ul>\n<p data-start=\"3257\" data-end=\"3366\">Las condiciones concretas de almacenamiento deben determinarse bas\u00e1ndose en la informaci\u00f3n del COA y la SDS del material correspondiente.<\/p>\n<h2 data-start=\"3368\" data-end=\"3392\">Aviso legal<\/h2>\n<p data-start=\"3393\" data-end=\"3634\">La mescalina y las plantas que la contienen est\u00e1n estrictamente reguladas o prohibidas en muchos pa\u00edses. La clasificaci\u00f3n legal var\u00eda considerablemente entre pa\u00edses y regiones. Antes de realizar cualquier investigaci\u00f3n con sustancias sujetas a regulaci\u00f3n legal, es obligatorio:<\/p>\n<ul data-start=\"3635\" data-end=\"3847\">\n<li data-start=\"3635\" data-end=\"3686\">\n<p data-start=\"3637\" data-end=\"3686\">Revisi\u00f3n jur\u00eddica de la legislaci\u00f3n nacional.,<\/p>\n<\/li>\n<li data-start=\"3687\" data-end=\"3779\">\n<p data-start=\"3689\" data-end=\"3779\">autorizaciones institucionales (por ejemplo, \u00e9tica, autoridad reguladora de medicamentos\/estupefacientes) y<\/p>\n<\/li>\n<li data-start=\"3780\" data-end=\"3847\">\n<p data-start=\"3782\" data-end=\"3847\">En su caso, licencias especiales para el almacenamiento, el transporte y el uso.<\/p>\n<\/li>\n<\/ul>\n<p data-start=\"3849\" data-end=\"3977\">La investigaci\u00f3n solo debe realizarse de conformidad con todas las normas vigentes y bajo la supervisi\u00f3n de instituciones autorizadas.<\/p>\n<h2 data-start=\"3979\" data-end=\"3989\">Conclusi\u00f3n<\/h2>\n<p data-start=\"3990\" data-end=\"4384\">La mescalina es interesante desde el punto de vista cient\u00edfico para estudios sobre los mecanismos de acci\u00f3n serotonin\u00e9rgicos, la percepci\u00f3n y las posibles aplicaciones terap\u00e9uticas. Para una investigaci\u00f3n fiable, es imprescindible contar con muestras anal\u00edticas verificadas, normas de seguridad estrictas y conformidad legal. Todo trabajo con este tipo de sustancias requiere un enfoque responsable, transparencia y autorizaciones institucionales.<\/p>","protected":false},"excerpt":{"rendered":"<p><strong>Mescalina en polvo<\/strong>un alcaloide natural, es conocido por sus propiedades \u00fanicas y se valora en la investigaci\u00f3n neurocient\u00edfica y farmacol\u00f3gica. Se extrae de diversas especies de cactus como el Peyote (Lophophora williamsii) y el San Pedro (Echinopsis pachanoi) y ofrece una pureza y precisi\u00f3n excepcionales para aplicaciones cient\u00edficas.<\/p>","protected":false},"featured_media":7649,"comment_status":"open","ping_status":"closed","template":"","meta":{"_joinchat":[]},"product_brand":[],"product_cat":[96],"product_tag":[2308,2311,2307,2303,2309,2306,2305,2302,2304,2310],"class_list":{"0":"post-7619","1":"product","2":"type-product","3":"status-publish","4":"has-post-thumbnail","6":"product_cat-psychedelische-droge","7":"product_tag-mescalin-chemikalien","8":"product_tag-mescalin-forschung","9":"product_tag-mescalin-fur-forschung","10":"product_tag-mescalin-kaufen","11":"product_tag-mescalin-kaufen-online","12":"product_tag-mescalin-kristalle","13":"product_tag-mescalin-online","14":"product_tag-mescalin-pulver","15":"product_tag-mescalin-pulver-kaufen","16":"product_tag-synthetische-psychedelika","18":"first","19":"instock","20":"shipping-taxable","21":"purchasable","22":"product-type-variable"},"yoast_head":"<!-- This site is optimized with the Yoast SEO plugin v27.5 - https:\/\/yoast.com\/product\/yoast-seo-wordpress\/ -->\n<title>Mescalin-Pulver | Chemische Verbindung f\u00fcr<\/title>\n<meta name=\"description\" content=\"Erwerben Sie Mescalin-Pulver, eine hochreine chemische Verbindung f\u00fcr wissenschaftliche Studien. Nur f\u00fcr Forschungslabore \u2013 nicht f\u00fcr den menschlichen Konsum geeignet.\" \/>\n<meta name=\"robots\" content=\"index, follow, max-snippet:-1, max-image-preview:large, max-video-preview:-1\" \/>\n<link rel=\"canonical\" href=\"https:\/\/chemgramx.com\/es\/producto-1\/comprar-mescalina-en-polvo-online\/\" \/>\n<meta property=\"og:locale\" content=\"es_ES\" \/>\n<meta property=\"og:type\" content=\"article\" \/>\n<meta property=\"og:title\" content=\"Mescalin-Pulver | Chemische Verbindung f\u00fcr\" \/>\n<meta property=\"og:description\" content=\"Erwerben Sie Mescalin-Pulver, eine hochreine chemische Verbindung f\u00fcr wissenschaftliche Studien. Nur f\u00fcr Forschungslabore \u2013 nicht f\u00fcr den menschlichen Konsum geeignet.\" \/>\n<meta property=\"og:url\" content=\"https:\/\/chemgramx.com\/es\/producto-1\/comprar-mescalina-en-polvo-online\/\" \/>\n<meta property=\"og:site_name\" content=\"Chemgramx\" \/>\n<meta property=\"article:modified_time\" content=\"2025-11-21T11:20:53+00:00\" \/>\n<meta property=\"og:image\" content=\"https:\/\/chemgramx.com\/wp-content\/uploads\/2025\/11\/mecalinepowder.png\" \/>\n\t<meta property=\"og:image:width\" content=\"600\" \/>\n\t<meta property=\"og:image:height\" content=\"400\" \/>\n\t<meta property=\"og:image:type\" content=\"image\/png\" \/>\n<meta name=\"twitter:card\" content=\"summary_large_image\" \/>\n<meta name=\"twitter:label1\" content=\"Tiempo de lectura\" \/>\n\t<meta name=\"twitter:data1\" content=\"2 minutos\" \/>\n<script type=\"application\/ld+json\" class=\"yoast-schema-graph\">{\"@context\":\"https:\\\/\\\/schema.org\",\"@graph\":[{\"@type\":\"WebPage\",\"@id\":\"https:\\\/\\\/chemgramx.com\\\/product\\\/mescalin-pulver-online-kaufen\\\/\",\"url\":\"https:\\\/\\\/chemgramx.com\\\/product\\\/mescalin-pulver-online-kaufen\\\/\",\"name\":\"Mescalin-Pulver | Chemische Verbindung f\u00fcr\",\"isPartOf\":{\"@id\":\"https:\\\/\\\/chemgramx.com\\\/#website\"},\"primaryImageOfPage\":{\"@id\":\"https:\\\/\\\/chemgramx.com\\\/product\\\/mescalin-pulver-online-kaufen\\\/#primaryimage\"},\"image\":{\"@id\":\"https:\\\/\\\/chemgramx.com\\\/product\\\/mescalin-pulver-online-kaufen\\\/#primaryimage\"},\"thumbnailUrl\":\"https:\\\/\\\/chemgramx.com\\\/wp-content\\\/uploads\\\/2025\\\/11\\\/mecalinepowder.png\",\"datePublished\":\"2025-11-21T11:19:17+00:00\",\"dateModified\":\"2025-11-21T11:20:53+00:00\",\"description\":\"Erwerben Sie Mescalin-Pulver, eine hochreine chemische Verbindung f\u00fcr wissenschaftliche Studien. Nur f\u00fcr Forschungslabore \u2013 nicht f\u00fcr den menschlichen Konsum geeignet.\",\"breadcrumb\":{\"@id\":\"https:\\\/\\\/chemgramx.com\\\/product\\\/mescalin-pulver-online-kaufen\\\/#breadcrumb\"},\"inLanguage\":\"es\",\"potentialAction\":[{\"@type\":\"ReadAction\",\"target\":[\"https:\\\/\\\/chemgramx.com\\\/product\\\/mescalin-pulver-online-kaufen\\\/\"]}]},{\"@type\":\"ImageObject\",\"inLanguage\":\"es\",\"@id\":\"https:\\\/\\\/chemgramx.com\\\/product\\\/mescalin-pulver-online-kaufen\\\/#primaryimage\",\"url\":\"https:\\\/\\\/chemgramx.com\\\/wp-content\\\/uploads\\\/2025\\\/11\\\/mecalinepowder.png\",\"contentUrl\":\"https:\\\/\\\/chemgramx.com\\\/wp-content\\\/uploads\\\/2025\\\/11\\\/mecalinepowder.png\",\"width\":600,\"height\":400},{\"@type\":\"BreadcrumbList\",\"@id\":\"https:\\\/\\\/chemgramx.com\\\/product\\\/mescalin-pulver-online-kaufen\\\/#breadcrumb\",\"itemListElement\":[{\"@type\":\"ListItem\",\"position\":1,\"name\":\"Home\",\"item\":\"https:\\\/\\\/chemgramx.com\\\/\"},{\"@type\":\"ListItem\",\"position\":2,\"name\":\"Shop\",\"item\":\"https:\\\/\\\/chemgramx.com\\\/shop\\\/\"},{\"@type\":\"ListItem\",\"position\":3,\"name\":\"Mescalin Pulver online kaufen\"}]},{\"@type\":\"WebSite\",\"@id\":\"https:\\\/\\\/chemgramx.com\\\/#website\",\"url\":\"https:\\\/\\\/chemgramx.com\\\/\",\"name\":\"Chemgramx\",\"description\":\"\",\"publisher\":{\"@id\":\"https:\\\/\\\/chemgramx.com\\\/#organization\"},\"potentialAction\":[{\"@type\":\"SearchAction\",\"target\":{\"@type\":\"EntryPoint\",\"urlTemplate\":\"https:\\\/\\\/chemgramx.com\\\/?s={search_term_string}\"},\"query-input\":{\"@type\":\"PropertyValueSpecification\",\"valueRequired\":true,\"valueName\":\"search_term_string\"}}],\"inLanguage\":\"es\"},{\"@type\":\"Organization\",\"@id\":\"https:\\\/\\\/chemgramx.com\\\/#organization\",\"name\":\"Chemgramx\",\"url\":\"https:\\\/\\\/chemgramx.com\\\/\",\"logo\":{\"@type\":\"ImageObject\",\"inLanguage\":\"es\",\"@id\":\"https:\\\/\\\/chemgramx.com\\\/#\\\/schema\\\/logo\\\/image\\\/\",\"url\":\"https:\\\/\\\/chemgramx.com\\\/wp-content\\\/uploads\\\/2024\\\/10\\\/final-logo.png\",\"contentUrl\":\"https:\\\/\\\/chemgramx.com\\\/wp-content\\\/uploads\\\/2024\\\/10\\\/final-logo.png\",\"width\":250,\"height\":48,\"caption\":\"Chemgramx\"},\"image\":{\"@id\":\"https:\\\/\\\/chemgramx.com\\\/#\\\/schema\\\/logo\\\/image\\\/\"}}]}<\/script>\n<!-- \/ Yoast SEO plugin. -->","yoast_head_json":{"title":"Polvo de mescalina | Compuesto qu\u00edmico para","description":"Adquiera mescalina en polvo, un compuesto qu\u00edmico de alta pureza para estudios cient\u00edficos. Solo para laboratorios de investigaci\u00f3n, no apto para el consumo humano.","robots":{"index":"index","follow":"follow","max-snippet":"max-snippet:-1","max-image-preview":"max-image-preview:large","max-video-preview":"max-video-preview:-1"},"canonical":"https:\/\/chemgramx.com\/es\/producto-1\/comprar-mescalina-en-polvo-online\/","og_locale":"es_ES","og_type":"article","og_title":"Mescalin-Pulver | Chemische Verbindung f\u00fcr","og_description":"Erwerben Sie Mescalin-Pulver, eine hochreine chemische Verbindung f\u00fcr wissenschaftliche Studien. Nur f\u00fcr Forschungslabore \u2013 nicht f\u00fcr den menschlichen Konsum geeignet.","og_url":"https:\/\/chemgramx.com\/es\/producto-1\/comprar-mescalina-en-polvo-online\/","og_site_name":"Chemgramx","article_modified_time":"2025-11-21T11:20:53+00:00","og_image":[{"width":600,"height":400,"url":"https:\/\/chemgramx.com\/wp-content\/uploads\/2025\/11\/mecalinepowder.png","type":"image\/png"}],"twitter_card":"summary_large_image","twitter_misc":{"Tiempo de lectura":"2 minutos"},"schema":{"@context":"https:\/\/schema.org","@graph":[{"@type":"WebPage","@id":"https:\/\/chemgramx.com\/product\/mescalin-pulver-online-kaufen\/","url":"https:\/\/chemgramx.com\/product\/mescalin-pulver-online-kaufen\/","name":"Polvo de mescalina | Compuesto qu\u00edmico para","isPartOf":{"@id":"https:\/\/chemgramx.com\/#website"},"primaryImageOfPage":{"@id":"https:\/\/chemgramx.com\/product\/mescalin-pulver-online-kaufen\/#primaryimage"},"image":{"@id":"https:\/\/chemgramx.com\/product\/mescalin-pulver-online-kaufen\/#primaryimage"},"thumbnailUrl":"https:\/\/chemgramx.com\/wp-content\/uploads\/2025\/11\/mecalinepowder.png","datePublished":"2025-11-21T11:19:17+00:00","dateModified":"2025-11-21T11:20:53+00:00","description":"Adquiera mescalina en polvo, un compuesto qu\u00edmico de alta pureza para estudios cient\u00edficos. Solo para laboratorios de investigaci\u00f3n, no apto para el consumo humano.","breadcrumb":{"@id":"https:\/\/chemgramx.com\/product\/mescalin-pulver-online-kaufen\/#breadcrumb"},"inLanguage":"es","potentialAction":[{"@type":"ReadAction","target":["https:\/\/chemgramx.com\/product\/mescalin-pulver-online-kaufen\/"]}]},{"@type":"ImageObject","inLanguage":"es","@id":"https:\/\/chemgramx.com\/product\/mescalin-pulver-online-kaufen\/#primaryimage","url":"https:\/\/chemgramx.com\/wp-content\/uploads\/2025\/11\/mecalinepowder.png","contentUrl":"https:\/\/chemgramx.com\/wp-content\/uploads\/2025\/11\/mecalinepowder.png","width":600,"height":400},{"@type":"BreadcrumbList","@id":"https:\/\/chemgramx.com\/product\/mescalin-pulver-online-kaufen\/#breadcrumb","itemListElement":[{"@type":"ListItem","position":1,"name":"Home","item":"https:\/\/chemgramx.com\/"},{"@type":"ListItem","position":2,"name":"Shop","item":"https:\/\/chemgramx.com\/shop\/"},{"@type":"ListItem","position":3,"name":"Mescalin Pulver online kaufen"}]},{"@type":"WebSite","@id":"https:\/\/chemgramx.com\/#website","url":"https:\/\/chemgramx.com\/","name":"Chemgramx","description":"","publisher":{"@id":"https:\/\/chemgramx.com\/#organization"},"potentialAction":[{"@type":"SearchAction","target":{"@type":"EntryPoint","urlTemplate":"https:\/\/chemgramx.com\/?s={search_term_string}"},"query-input":{"@type":"PropertyValueSpecification","valueRequired":true,"valueName":"search_term_string"}}],"inLanguage":"es"},{"@type":"Organization","@id":"https:\/\/chemgramx.com\/#organization","name":"Chemgramx","url":"https:\/\/chemgramx.com\/","logo":{"@type":"ImageObject","inLanguage":"es","@id":"https:\/\/chemgramx.com\/#\/schema\/logo\/image\/","url":"https:\/\/chemgramx.com\/wp-content\/uploads\/2024\/10\/final-logo.png","contentUrl":"https:\/\/chemgramx.com\/wp-content\/uploads\/2024\/10\/final-logo.png","width":250,"height":48,"caption":"Chemgramx"},"image":{"@id":"https:\/\/chemgramx.com\/#\/schema\/logo\/image\/"}}]}},"_links":{"self":[{"href":"https:\/\/chemgramx.com\/es\/wp-json\/wp\/v2\/product\/7619","targetHints":{"allow":["GET"]}}],"collection":[{"href":"https:\/\/chemgramx.com\/es\/wp-json\/wp\/v2\/product"}],"about":[{"href":"https:\/\/chemgramx.com\/es\/wp-json\/wp\/v2\/types\/product"}],"replies":[{"embeddable":true,"href":"https:\/\/chemgramx.com\/es\/wp-json\/wp\/v2\/comments?post=7619"}],"wp:featuredmedia":[{"embeddable":true,"href":"https:\/\/chemgramx.com\/es\/wp-json\/wp\/v2\/media\/7649"}],"wp:attachment":[{"href":"https:\/\/chemgramx.com\/es\/wp-json\/wp\/v2\/media?parent=7619"}],"wp:term":[{"taxonomy":"product_brand","embeddable":true,"href":"https:\/\/chemgramx.com\/es\/wp-json\/wp\/v2\/product_brand?post=7619"},{"taxonomy":"product_cat","embeddable":true,"href":"https:\/\/chemgramx.com\/es\/wp-json\/wp\/v2\/product_cat?post=7619"},{"taxonomy":"product_tag","embeddable":true,"href":"https:\/\/chemgramx.com\/es\/wp-json\/wp\/v2\/product_tag?post=7619"}],"curies":[{"name":"wp","href":"https:\/\/api.w.org\/{rel}","templated":true}]}}