{"id":7732,"date":"2025-11-21T11:20:27","date_gmt":"2025-11-21T11:20:27","guid":{"rendered":"https:\/\/chemgramx.com\/?post_type=product&#038;p=7732"},"modified":"2025-11-21T11:21:52","modified_gmt":"2025-11-21T11:21:52","slug":"comprar-green-mandala-mix","status":"publish","type":"product","link":"https:\/\/chemgramx.com\/es\/product\/green-mandala-mix-kaufen\/","title":{"rendered":"Comprar Green Mandala Mix"},"content":{"rendered":"<p>Descubre la <b>Mezcla de mandalas verdes<\/b>, una exquisita y <b>Mezcla de hierbas especialmente compuesta<\/b>, que en su <b>composici\u00f3n equilibrada<\/b> es \u00fanica. Esta mezcla se desarroll\u00f3 con la profunda convicci\u00f3n de que la <b>El poder natural de las plantas<\/b> a la <b>Fomento del bienestar general<\/b> y al <b>Armonizaci\u00f3n del medio ambiente<\/b> de usar. Es el complemento perfecto para todos aquellos que <b>Rituales de relajaci\u00f3n<\/b> celebrar la <b>Aromaterapia<\/b> y est\u00e1n buscando un <b>experiencia sensorial pura y natural<\/b> sin aditivos artificiales. La Mezcla Mandala Verde es mucho m\u00e1s que una simple combinaci\u00f3n de hierbas; es una herramienta cuidadosamente equilibrada para ayudarle a encontrar el equilibrio en su ajetreada vida cotidiana. <b>Ancla de calma y enraizamiento<\/b> Encontrar.<\/p>\n<p>La filosof\u00eda de esta mezcla se basa en el principio de <b>Sinergia<\/b>, Las propiedades combinadas de las hierbas individuales crean un efecto global m\u00e1s fuerte y equilibrado que la suma de sus partes individuales. Esto hace que la Mezcla del Mandala Verde sea especialmente valiosa para cualquier persona que busque un apoyo natural para su salud. <b>Meditaci\u00f3n<\/b> o sus ejercicios nocturnos de relajaci\u00f3n.<\/p>\n<h2><b>La anatom\u00eda de la armon\u00eda: qu\u00e9 hace tan especial al Mandala Mix Verde<\/b><\/h2>\n<p>La singularidad del Mandala Mix Verde reside en la <b>cuidadosa selecci\u00f3n y coordinaci\u00f3n<\/b> su <b><a href=\"\/product\/blackberry-kush-bubble-hash-kaufen\/\">natural<\/a> Ingredientes<\/b>. Hemos optado deliberadamente por un <b>100% composici\u00f3n a base de plantas<\/b> que no contiene aromas sint\u00e9ticos, rellenos artificiales ni aditivos cuestionables. Cada ingrediente es un producto natural elaborado a partir de <b>cultivo controlado<\/b> y contribuye armoniosamente a la composici\u00f3n general.<\/p>\n<h3><b>Perfil sensorial y composici\u00f3n<\/b><\/h3>\n<p>El perfil de fragancia resultante puede describirse como <b>fresco-floral con notas especiadas suaves y clarificantes<\/b> un aroma que vigoriza pero al mismo tiempo tiene un profundo efecto calmante. La mezcla en s\u00ed es un <b>est\u00e9ticamente agradable<\/b> Composici\u00f3n a partir de <b>tonos verdes naturales<\/b> de hojas y vivos <b>coloridos detalles florales<\/b>, que el <b>consistencia suelta<\/b> de la mezcla.<\/p>\n<p>Los ingredientes principales y sus cualidades aromaterap\u00e9uticas tradicionales son:<\/p>\n<ul>\n<li><b>Flores de lavanda:<\/b> La reina de la relajaci\u00f3n. Conocida por su <b>calmante y equilibrante<\/b> Propiedades. Favorecen la quietud interior y se utilizan tradicionalmente para apoyar un <b>mejor clima para dormir<\/b> usado.<\/li>\n<li><b>Toronjil:<\/b> A\u00f1ade un color claro, <b>revitalizante y refrescante<\/b> nota de c\u00edtricos. Es apreciado por <b>aligerar suavemente el ambiente<\/b> y aportan claridad a la mente.<\/li>\n<li><b>Manzanilla:<\/b> Una hierba cl\u00e1sica y suave reconocida por su <b>relajante y calmante<\/b> se conocen sus efectos. La manzanilla act\u00faa como factor armonizador y aporta un matiz suave y calmante a la composici\u00f3n general.<\/li>\n<li><b>Menta:<\/b> Proporciona una imagen clara, casi <b>Nota de refrigeraci\u00f3n<\/b>que <b>Revitaliza y favorece la claridad<\/b> funciona. Ayuda a concentrar la mente y agudizar los sentidos sin sobreestimular.<\/li>\n<\/ul>\n<p>Esta combinaci\u00f3n de eficacia probada crea un <b>experiencia de fragancia intensa<\/b>, optimizado para crear el ambiente perfecto en su hogar. <b>limpiar y armonizar<\/b>.<\/p>\n<h2><b>Uso vers\u00e1til en bienestar y relajaci\u00f3n<\/b><\/h2>\n<p>La verdadera fuerza del Mandala Mix Verde reside en su <b>aplicaci\u00f3n amplia y vers\u00e1til<\/b>, lo que lo convierte en un compa\u00f1ero flexible para toda su <b>Rutina de bienestar<\/b> hace. No se limita a un \u00fanico m\u00e9todo, sino que puede utilizar diferentes formas de relajarse y <b>Promoci\u00f3n del equilibrio mental<\/b> apoyo.<\/p>\n<h3><b>M\u00e9todos de aplicaci\u00f3n pr\u00e1ctica detallados<\/b><\/h3>\n<ol start=\"1\">\n<li>Como mezcla de incienso para rituales y mejora de la atm\u00f3sfera:La quema tradicional de incienso se considera el m\u00e9todo m\u00e1s eficaz para liberar las esencias fragantes de las hierbas. El humo lento y arom\u00e1tico es ideal para:\n<ul>\n<li><b>Meditaci\u00f3n:<\/b> Apoya la <b>Enfoque<\/b> y ayuda a crear un ambiente meditativo en la habitaci\u00f3n.<\/li>\n<li><b>Aromatizaci\u00f3n y armonizaci\u00f3n de ambientes:<\/b> Al <b>Mejorar el aire interior<\/b> y crear un <b>ambiente acogedor y relajado<\/b>.<\/li>\n<li><b>Rituales y ceremonias:<\/b> Acompa\u00f1a los momentos personales de contemplaci\u00f3n o el final de la jornada.<\/li>\n<\/ul>\n<\/li>\n<li>Como aditivo para ba\u00f1os de relajaci\u00f3n profunda:La mezcla tambi\u00e9n es un complemento de lujo para su ba\u00f1o de relajaci\u00f3n. Ponga un pu\u00f1ado de hierbas en una bolsita de tela (para mantener limpia la ba\u00f1era) y cu\u00e9lguela bajo el grifo caliente. Tambi\u00e9n puede utilizarse en combinaci\u00f3n con sales de ba\u00f1o neutras. Los aceites esenciales liberados se despliegan en el vapor de agua caliente y proporcionan una aromaterapia intensiva que favorece el cuidado de la piel y promueve una relajaci\u00f3n profunda y f\u00edsica.<\/li>\n<li>Para experiencias sensoriales y cojines perfumados:La mezcla puede utilizarse en cojines perfumados o popurr\u00eds para la estimulaci\u00f3n sensorial en el dormitorio o el estudio, para fomentar la claridad o guiarle suavemente hacia la relajaci\u00f3n.<\/li>\n<\/ol>\n<h2><b>Calidad, origen y sostenibilidad de la producci\u00f3n<\/b><\/h2>\n<p>Nuestro compromiso <b>Pureza<\/b> es inflexible. La eficacia de la Mezcla Mandala Verde se basa en la calidad de cada ingrediente individual, raz\u00f3n por la cual nos adherimos a normas estrictas.<\/p>\n<h3><b>Proceso de fabricaci\u00f3n y caracter\u00edsticas<\/b><\/h3>\n<p>Todo el proceso de fabricaci\u00f3n se caracteriza por <b>Cuidados y trabajos manuales<\/b> caracterizado:<\/p>\n<ul>\n<li><b>Selecci\u00f3n de materias primas:<\/b> A <b>selecci\u00f3n de productos<\/b> el mejor, <b>hierbas y flores naturales<\/b>.<\/li>\n<li><b>Secado suave:<\/b> El secado se realiza bajo <b>condiciones controladas<\/b>para optimizar la <b>aceites esenciales sensibles<\/b> y los colores vivos - esto es esencial para la <b>Eficacia del aroma<\/b>.<\/li>\n<li><b>Mezcla tradicional:<\/b> La composici\u00f3n es <b>cuidadosamente mezclado<\/b>para optimizar la <b>Fragancia equilibrada<\/b> y el <b>Coherencia de los lotes<\/b> para garantizar que.<\/li>\n<li><b>Sostenibilidad:<\/b> Nuestros ingredientes proceden de <b>Cultivo responsable y controlado<\/b>, que pone de relieve nuestra responsabilidad ecol\u00f3gica.<\/li>\n<\/ul>\n<p>La Mezcla Mandala Verde se caracteriza por su <b>Pureza sin artificios <a href=\"\/product\/blackberry-kush-bubble-hash-kaufen\/\">Adiciones<\/a><\/b> un aut\u00e9ntico producto natural apreciado por todos aquellos que valoran <b>fragancia natural y no adulterada<\/b> laico.<\/p>\n<h2><b>Garant\u00eda de pedido, almacenamiento y servicio<\/b><\/h2>\n<p>No s\u00f3lo garantizamos la calidad del producto, sino tambi\u00e9n un proceso fluido y discreto desde el pedido hasta la entrega.<\/p>\n<h3><b>Almacenamiento para conservar al m\u00e1ximo el sabor<\/b><\/h3>\n<p>Para optimizar la <b>Intensidad de la fragancia<\/b> y el <b>Caducidad m\u00ednima de 12 meses<\/b> deben observarse los siguientes puntos:<\/p>\n<ul>\n<li><b>Envases herm\u00e9ticos al sabor:<\/b> El almacenamiento debe estar en un <b>Recipiente herm\u00e9ticamente cerrado y sin sabor<\/b> para proteger los aceites esenciales vol\u00e1tiles.<\/li>\n<li><b>Temperatura y humedad:<\/b> Almacenamiento en <b>temperatura ambiente controlada<\/b> <span class=\"math-inline\" data-math=\"15-25^circtext{C}\">15-25C<\/span>\u00a0y en un <b>ambiente seco<\/b>.<\/li>\n<li><b>Protecci\u00f3n contra la luz:<\/b> La mezcla debe <b>de la luz solar directa<\/b> y luz fuerte.<\/li>\n<\/ul>\n<h3><b>Informaci\u00f3n sobre servicios y pedidos<\/b><\/h3>\n<p>Ofrecemos el Mandala Mix Verde en pr\u00e1cticos tama\u00f1os:<\/p>\n<ul>\n<li><b>50 g, 100 g, 250 g o 500 g.<\/b><\/li>\n<li>Hacer un pedido es sencillo y seguro. El env\u00edo se realiza <b>r\u00e1pido<\/b> (en un plazo de 2 a 4 d\u00edas laborables) y <b>Discreto<\/b> en envases neutros que no permiten sacar conclusiones sobre el contenido.<\/li>\n<\/ul>\n<h2><b>Preguntas m\u00e1s frecuentes (FAQ)<\/b><\/h2>\n<ul>\n<li><b>P: \u00bfEs psicoactivo el Green Mandala Mix?<\/b>\n<ul>\n<li><b>A:<\/b> <b>No<\/b>, es un <b>Mezcla de hierbas no psicoactiva<\/b>. Sirve <b>exclusivamente para aromaterapia<\/b> y aplicaci\u00f3n externa con fines de bienestar.<\/li>\n<\/ul>\n<\/li>\n<li><b>P: \u00bfSe puede fumar o consumir la mezcla?<\/b>\n<ul>\n<li><b>A:<\/b> <b>No<\/b>. La mezcla es <b>estrictamente no apto para el consumo<\/b> (ni oral ni para fumar). Est\u00e1 dise\u00f1ado para incienso, ba\u00f1os y aromatizaci\u00f3n de habitaciones.<\/li>\n<\/ul>\n<\/li>\n<li><b>P: \u00bfQu\u00e9 intensidad tiene la fragancia?<\/b>\n<ul>\n<li><b>A:<\/b> La fragancia es deliberada <b>equilibrado y agradable<\/b>. Deber\u00eda <b>armonizar<\/b> y no es abrumador ni intrusivo, sino sutil y complejo.<\/li>\n<\/ul>\n<\/li>\n<li><b>P: \u00bfTodos los ingredientes son naturales?<\/b>\n<ul>\n<li><b>A:<\/b> S\u00ed, garantizamos el uso <b>hierbas y flores exclusivamente naturales<\/b> procedentes de cultivos responsables, sin aditivos artificiales.<\/li>\n<\/ul>\n<\/li>\n<\/ul>\n<h4><b>Requisitos del pedido e informaci\u00f3n jur\u00eddica<\/b><\/h4>\n<p>Ofrecemos distintos tama\u00f1os de envases. <b>Para descartar un uso indebido<\/b>, s\u00f3lo suministramos a instituciones de investigaci\u00f3n cualificadas.<\/p>\n<p><b>Su pedido es necesario:<\/b><\/p>\n<ol start=\"1\">\n<li><b>Certificado del Instituto:<\/b> Presentaci\u00f3n de la documentaci\u00f3n oficial.<\/li>\n<li><b>Uso previsto:<\/b> Una descripci\u00f3n cient\u00edfica del proyecto de investigaci\u00f3n.<\/li>\n<li><b>Ficha de datos de seguridad:<\/b> <b>Usted debe<\/b> confirme que ha tomado nota.<\/li>\n<\/ol>","protected":false},"excerpt":{"rendered":"<p>Comprar Mezcla Mandala Verde: Una armoniosa mezcla herbal de hierbas y flores cuidadosamente seleccionadas. Ideal para aromaterapia, meditaci\u00f3n y relajaci\u00f3n. 100% ingredientes naturales.<\/p>","protected":false},"featured_media":7755,"comment_status":"open","ping_status":"closed","template":"","meta":{"_joinchat":[]},"product_brand":[],"product_cat":[51],"product_tag":[3091,3095,2975,3089,3090,2970,3094,3092,3096,3093],"class_list":{"0":"post-7732","1":"product","2":"type-product","3":"status-publish","4":"has-post-thumbnail","6":"product_cat-phenethylamines","7":"product_tag-aromatherapie","8":"product_tag-badezusatz","9":"product_tag-entspannung","10":"product_tag-green-mandala-mix","11":"product_tag-kraeutermischung","12":"product_tag-meditation","13":"product_tag-natuerliche-kraeuter","14":"product_tag-raeuchermischung","15":"product_tag-sinneserfahrung","16":"product_tag-wellness","18":"first","19":"instock","20":"shipping-taxable","21":"purchasable","22":"product-type-variable"},"yoast_head":"<!-- This site is optimized with the Yoast SEO plugin v27.5 - https:\/\/yoast.com\/product\/yoast-seo-wordpress\/ -->\n<title>Green Mandala Mix Kaufen | Kr\u00e4utermischung | Aromatherapie Chemgramx<\/title>\n<meta name=\"description\" content=\"Green Mandala Mix kaufen - Ausgewogene Kr\u00e4utermischung f\u00fcr Aromatherapie &amp; Wellness. 100% nat\u00fcrliche Inhaltsstoffe. Jetzt entspannende Mischung entdecken!\" \/>\n<meta name=\"robots\" content=\"index, follow, max-snippet:-1, max-image-preview:large, max-video-preview:-1\" \/>\n<link rel=\"canonical\" href=\"https:\/\/chemgramx.com\/es\/producto-1\/comprar-green-mandala-mix\/\" \/>\n<meta property=\"og:locale\" content=\"es_ES\" \/>\n<meta property=\"og:type\" content=\"article\" \/>\n<meta property=\"og:title\" content=\"Green Mandala Mix Kaufen | Kr\u00e4utermischung | Aromatherapie Chemgramx\" \/>\n<meta property=\"og:description\" content=\"Green Mandala Mix kaufen - Ausgewogene Kr\u00e4utermischung f\u00fcr Aromatherapie &amp; Wellness. 100% nat\u00fcrliche Inhaltsstoffe. Jetzt entspannende Mischung entdecken!\" \/>\n<meta property=\"og:url\" content=\"https:\/\/chemgramx.com\/es\/producto-1\/comprar-green-mandala-mix\/\" \/>\n<meta property=\"og:site_name\" content=\"Chemgramx\" \/>\n<meta property=\"article:modified_time\" content=\"2025-11-21T11:21:52+00:00\" \/>\n<meta property=\"og:image\" content=\"https:\/\/chemgramx.com\/wp-content\/uploads\/2025\/11\/green-mandala-mix-chem-store-online.png\" \/>\n\t<meta property=\"og:image:width\" content=\"706\" \/>\n\t<meta property=\"og:image:height\" content=\"589\" \/>\n\t<meta property=\"og:image:type\" content=\"image\/png\" \/>\n<meta name=\"twitter:card\" content=\"summary_large_image\" \/>\n<meta name=\"twitter:label1\" content=\"Tiempo de lectura\" \/>\n\t<meta name=\"twitter:data1\" content=\"5 minutos\" \/>\n<script type=\"application\/ld+json\" class=\"yoast-schema-graph\">{\"@context\":\"https:\\\/\\\/schema.org\",\"@graph\":[{\"@type\":\"WebPage\",\"@id\":\"https:\\\/\\\/chemgramx.com\\\/product\\\/green-mandala-mix-kaufen\\\/\",\"url\":\"https:\\\/\\\/chemgramx.com\\\/product\\\/green-mandala-mix-kaufen\\\/\",\"name\":\"Green Mandala Mix Kaufen | Kr\u00e4utermischung | Aromatherapie Chemgramx\",\"isPartOf\":{\"@id\":\"https:\\\/\\\/chemgramx.com\\\/#website\"},\"primaryImageOfPage\":{\"@id\":\"https:\\\/\\\/chemgramx.com\\\/product\\\/green-mandala-mix-kaufen\\\/#primaryimage\"},\"image\":{\"@id\":\"https:\\\/\\\/chemgramx.com\\\/product\\\/green-mandala-mix-kaufen\\\/#primaryimage\"},\"thumbnailUrl\":\"https:\\\/\\\/chemgramx.com\\\/wp-content\\\/uploads\\\/2025\\\/11\\\/green-mandala-mix-chem-store-online.png\",\"datePublished\":\"2025-11-21T11:20:27+00:00\",\"dateModified\":\"2025-11-21T11:21:52+00:00\",\"description\":\"Green Mandala Mix kaufen - Ausgewogene Kr\u00e4utermischung f\u00fcr Aromatherapie &amp; Wellness. 100% nat\u00fcrliche Inhaltsstoffe. Jetzt entspannende Mischung entdecken!\",\"breadcrumb\":{\"@id\":\"https:\\\/\\\/chemgramx.com\\\/product\\\/green-mandala-mix-kaufen\\\/#breadcrumb\"},\"inLanguage\":\"es\",\"potentialAction\":[{\"@type\":\"ReadAction\",\"target\":[\"https:\\\/\\\/chemgramx.com\\\/product\\\/green-mandala-mix-kaufen\\\/\"]}]},{\"@type\":\"ImageObject\",\"inLanguage\":\"es\",\"@id\":\"https:\\\/\\\/chemgramx.com\\\/product\\\/green-mandala-mix-kaufen\\\/#primaryimage\",\"url\":\"https:\\\/\\\/chemgramx.com\\\/wp-content\\\/uploads\\\/2025\\\/11\\\/green-mandala-mix-chem-store-online.png\",\"contentUrl\":\"https:\\\/\\\/chemgramx.com\\\/wp-content\\\/uploads\\\/2025\\\/11\\\/green-mandala-mix-chem-store-online.png\",\"width\":706,\"height\":589},{\"@type\":\"BreadcrumbList\",\"@id\":\"https:\\\/\\\/chemgramx.com\\\/product\\\/green-mandala-mix-kaufen\\\/#breadcrumb\",\"itemListElement\":[{\"@type\":\"ListItem\",\"position\":1,\"name\":\"Home\",\"item\":\"https:\\\/\\\/chemgramx.com\\\/\"},{\"@type\":\"ListItem\",\"position\":2,\"name\":\"Shop\",\"item\":\"https:\\\/\\\/chemgramx.com\\\/shop\\\/\"},{\"@type\":\"ListItem\",\"position\":3,\"name\":\"Green Mandala Mix kaufen\"}]},{\"@type\":\"WebSite\",\"@id\":\"https:\\\/\\\/chemgramx.com\\\/#website\",\"url\":\"https:\\\/\\\/chemgramx.com\\\/\",\"name\":\"Chemgramx\",\"description\":\"\",\"publisher\":{\"@id\":\"https:\\\/\\\/chemgramx.com\\\/#organization\"},\"potentialAction\":[{\"@type\":\"SearchAction\",\"target\":{\"@type\":\"EntryPoint\",\"urlTemplate\":\"https:\\\/\\\/chemgramx.com\\\/?s={search_term_string}\"},\"query-input\":{\"@type\":\"PropertyValueSpecification\",\"valueRequired\":true,\"valueName\":\"search_term_string\"}}],\"inLanguage\":\"es\"},{\"@type\":\"Organization\",\"@id\":\"https:\\\/\\\/chemgramx.com\\\/#organization\",\"name\":\"Chemgramx\",\"url\":\"https:\\\/\\\/chemgramx.com\\\/\",\"logo\":{\"@type\":\"ImageObject\",\"inLanguage\":\"es\",\"@id\":\"https:\\\/\\\/chemgramx.com\\\/#\\\/schema\\\/logo\\\/image\\\/\",\"url\":\"https:\\\/\\\/chemgramx.com\\\/wp-content\\\/uploads\\\/2024\\\/10\\\/final-logo.png\",\"contentUrl\":\"https:\\\/\\\/chemgramx.com\\\/wp-content\\\/uploads\\\/2024\\\/10\\\/final-logo.png\",\"width\":250,\"height\":48,\"caption\":\"Chemgramx\"},\"image\":{\"@id\":\"https:\\\/\\\/chemgramx.com\\\/#\\\/schema\\\/logo\\\/image\\\/\"}}]}<\/script>\n<!-- \/ Yoast SEO plugin. -->","yoast_head_json":{"title":"Comprar Mezcla Mandala Verde | Mezcla de Hierbas | Aromaterapia Chemgramx","description":"Comprar Green Mandala Mix - Mezcla equilibrada de hierbas para aromaterapia y bienestar. 100% ingredientes naturales. \u00a1Descubra ahora una mezcla relajante!","robots":{"index":"index","follow":"follow","max-snippet":"max-snippet:-1","max-image-preview":"max-image-preview:large","max-video-preview":"max-video-preview:-1"},"canonical":"https:\/\/chemgramx.com\/es\/producto-1\/comprar-green-mandala-mix\/","og_locale":"es_ES","og_type":"article","og_title":"Green Mandala Mix Kaufen | Kr\u00e4utermischung | Aromatherapie Chemgramx","og_description":"Green Mandala Mix kaufen - Ausgewogene Kr\u00e4utermischung f\u00fcr Aromatherapie &amp; Wellness. 100% nat\u00fcrliche Inhaltsstoffe. Jetzt entspannende Mischung entdecken!","og_url":"https:\/\/chemgramx.com\/es\/producto-1\/comprar-green-mandala-mix\/","og_site_name":"Chemgramx","article_modified_time":"2025-11-21T11:21:52+00:00","og_image":[{"width":706,"height":589,"url":"https:\/\/chemgramx.com\/wp-content\/uploads\/2025\/11\/green-mandala-mix-chem-store-online.png","type":"image\/png"}],"twitter_card":"summary_large_image","twitter_misc":{"Tiempo de lectura":"5 minutos"},"schema":{"@context":"https:\/\/schema.org","@graph":[{"@type":"WebPage","@id":"https:\/\/chemgramx.com\/product\/green-mandala-mix-kaufen\/","url":"https:\/\/chemgramx.com\/product\/green-mandala-mix-kaufen\/","name":"Comprar Mezcla Mandala Verde | Mezcla de Hierbas | Aromaterapia Chemgramx","isPartOf":{"@id":"https:\/\/chemgramx.com\/#website"},"primaryImageOfPage":{"@id":"https:\/\/chemgramx.com\/product\/green-mandala-mix-kaufen\/#primaryimage"},"image":{"@id":"https:\/\/chemgramx.com\/product\/green-mandala-mix-kaufen\/#primaryimage"},"thumbnailUrl":"https:\/\/chemgramx.com\/wp-content\/uploads\/2025\/11\/green-mandala-mix-chem-store-online.png","datePublished":"2025-11-21T11:20:27+00:00","dateModified":"2025-11-21T11:21:52+00:00","description":"Comprar Green Mandala Mix - Mezcla equilibrada de hierbas para aromaterapia y bienestar. 100% ingredientes naturales. \u00a1Descubra ahora una mezcla relajante!","breadcrumb":{"@id":"https:\/\/chemgramx.com\/product\/green-mandala-mix-kaufen\/#breadcrumb"},"inLanguage":"es","potentialAction":[{"@type":"ReadAction","target":["https:\/\/chemgramx.com\/product\/green-mandala-mix-kaufen\/"]}]},{"@type":"ImageObject","inLanguage":"es","@id":"https:\/\/chemgramx.com\/product\/green-mandala-mix-kaufen\/#primaryimage","url":"https:\/\/chemgramx.com\/wp-content\/uploads\/2025\/11\/green-mandala-mix-chem-store-online.png","contentUrl":"https:\/\/chemgramx.com\/wp-content\/uploads\/2025\/11\/green-mandala-mix-chem-store-online.png","width":706,"height":589},{"@type":"BreadcrumbList","@id":"https:\/\/chemgramx.com\/product\/green-mandala-mix-kaufen\/#breadcrumb","itemListElement":[{"@type":"ListItem","position":1,"name":"Home","item":"https:\/\/chemgramx.com\/"},{"@type":"ListItem","position":2,"name":"Shop","item":"https:\/\/chemgramx.com\/shop\/"},{"@type":"ListItem","position":3,"name":"Green Mandala Mix kaufen"}]},{"@type":"WebSite","@id":"https:\/\/chemgramx.com\/#website","url":"https:\/\/chemgramx.com\/","name":"Chemgramx","description":"","publisher":{"@id":"https:\/\/chemgramx.com\/#organization"},"potentialAction":[{"@type":"SearchAction","target":{"@type":"EntryPoint","urlTemplate":"https:\/\/chemgramx.com\/?s={search_term_string}"},"query-input":{"@type":"PropertyValueSpecification","valueRequired":true,"valueName":"search_term_string"}}],"inLanguage":"es"},{"@type":"Organization","@id":"https:\/\/chemgramx.com\/#organization","name":"Chemgramx","url":"https:\/\/chemgramx.com\/","logo":{"@type":"ImageObject","inLanguage":"es","@id":"https:\/\/chemgramx.com\/#\/schema\/logo\/image\/","url":"https:\/\/chemgramx.com\/wp-content\/uploads\/2024\/10\/final-logo.png","contentUrl":"https:\/\/chemgramx.com\/wp-content\/uploads\/2024\/10\/final-logo.png","width":250,"height":48,"caption":"Chemgramx"},"image":{"@id":"https:\/\/chemgramx.com\/#\/schema\/logo\/image\/"}}]}},"_links":{"self":[{"href":"https:\/\/chemgramx.com\/es\/wp-json\/wp\/v2\/product\/7732","targetHints":{"allow":["GET"]}}],"collection":[{"href":"https:\/\/chemgramx.com\/es\/wp-json\/wp\/v2\/product"}],"about":[{"href":"https:\/\/chemgramx.com\/es\/wp-json\/wp\/v2\/types\/product"}],"replies":[{"embeddable":true,"href":"https:\/\/chemgramx.com\/es\/wp-json\/wp\/v2\/comments?post=7732"}],"wp:featuredmedia":[{"embeddable":true,"href":"https:\/\/chemgramx.com\/es\/wp-json\/wp\/v2\/media\/7755"}],"wp:attachment":[{"href":"https:\/\/chemgramx.com\/es\/wp-json\/wp\/v2\/media?parent=7732"}],"wp:term":[{"taxonomy":"product_brand","embeddable":true,"href":"https:\/\/chemgramx.com\/es\/wp-json\/wp\/v2\/product_brand?post=7732"},{"taxonomy":"product_cat","embeddable":true,"href":"https:\/\/chemgramx.com\/es\/wp-json\/wp\/v2\/product_cat?post=7732"},{"taxonomy":"product_tag","embeddable":true,"href":"https:\/\/chemgramx.com\/es\/wp-json\/wp\/v2\/product_tag?post=7732"}],"curies":[{"name":"wp","href":"https:\/\/api.w.org\/{rel}","templated":true}]}}